{"id":13924,"date":"2020-01-08T03:00:46","date_gmt":"2020-01-08T01:00:46","guid":{"rendered":"https:\/\/espak.ee\/hinnakiri\/?post_type=product&#038;p=13924"},"modified":"2026-03-24T18:42:47","modified_gmt":"2026-03-24T16:42:47","slug":"kiirestisidestuv-segu-ceresit-cx-5-5kg","status":"publish","type":"product","link":"https:\/\/espak.ee\/epood\/toode\/kiirestisidestuv-segu-ceresit-cx-5-5kg\/","title":{"rendered":"KIIRESTISIDESTUV SEGU CERESIT CX-5 5KG"},"content":{"rendered":"<div class=\"row\"  id=\"row-313823085\">\n\n\t<div id=\"col-1802554877\" class=\"col medium-9 small-12 large-9\"  >\n\t\t\t\t<div class=\"col-inner\"  >\n\t\t\t\n\t\t\t\n<h2>CX 5 Kiiresti kivistuv montaa\u017eisegu<\/h2>\n<p>V\u00e4ga kiiresti kivistuv montaa\u017eisegu.<\/p>\n<div class=\"message-box relative\" style=\"padding-top:15px;padding-bottom:15px;\"><div class=\"message-box-bg-image bg-fill fill\" ><\/div><div class=\"message-box-bg-overlay bg-fill fill\" ><\/div><div class=\"container relative\"><div class=\"inner last-reset\">\n<div class=\"row align-middle align-center\"  id=\"row-1691624188\">\n\n\t<div id=\"col-1128053764\" class=\"col small-12 large-12\"  >\n\t\t\t\t<div class=\"col-inner text-left\"  >\n\t\t\t\n\t\t\t\n<h4>Omadused<\/h4>\n<div class=\"row\"  id=\"row-840195141\">\n\n\t<div id=\"col-1479362639\" class=\"col medium-6 small-12 large-6\"  >\n\t\t\t\t<div class=\"col-inner\"  >\n\t\t\t\n\t\t\t\n<p><i class=\"fa fa-check fa-2x\"><\/i> <strong>Kiiresti kivistuv<\/strong><\/p>\n<p><i class=\"fa fa-check fa-2x\"><\/i> <strong>Veekindel<\/strong><\/p>\n\t\t<\/div>\n\t\t\t\t\n<style>\n#col-1479362639 > .col-inner {\n  margin: 0px 0px 15px 0px;\n}\n<\/style>\n\t<\/div>\n\n\t\n\n\t<div id=\"col-691080404\" class=\"col medium-6 small-12 large-6\"  >\n\t\t\t\t<div class=\"col-inner\"  >\n\t\t\t\n\t\t\t\n<p><i class=\"fa fa-check fa-2x\"><\/i> <strong>Kloriidivaba<\/strong><\/p>\n<p><i class=\"fa fa-check fa-2x\"><\/i> <strong>K\u00fclmakindel<\/strong><\/p>\n\t\t<\/div>\n\t\t\t\t\n<style>\n#col-691080404 > .col-inner {\n  margin: 0px 0px 15px 0px;\n}\n<\/style>\n\t<\/div>\n\n\t\n<\/div>\n\t\t<\/div>\n\t\t\t\t\t<\/div>\n\n\t\n<\/div>\n<\/div><\/div><\/div>\n\t<div id=\"gap-995006283\" class=\"gap-element clearfix\" style=\"display:block; height:auto;\">\n\t\t\n<style>\n#gap-995006283 {\n  padding-top: 30px;\n}\n<\/style>\n\t<\/div>\n\t\n<h3>Kasutamise \u00fcksikasjad<\/h3>\n<p><strong>Kasutusala:<\/strong> Metallist ning plastikust elementide kiireks kinnitamiseks betoon- v\u00f5i m\u00fc\u00fcritisse ning betooni. Pragude, aukude jne t\u00e4itmiseks. Elementide kinnitamiseks. Kuni 20 mm laiuste vahede t\u00e4itmiseks.<\/p>\n<p><strong>Aluspinna ettevalmistus:<\/strong> Kiiresti sidestuvat segu CX 5 v\u00f5ib kasutada tihedatel, koormust taluvatel ja nakkumist takistavatest ainetest (rasv, bituumen, tolm) puhastatud pindadel. Aluspinda tuleb sisse raiuda v\u00f5i puurida vajaliku l\u00e4bim\u00f5\u00f5duga montaa\u017eiava. Kui soovitakse k\u00f5rvaldada paikseid veekogunemiskohti, tuleb pealispinnal leiduvaid pragusid m\u00f5nev\u00f5rra laiendada, et CX 5 segu oleks v\u00f5imalik nendesse kanda. Kinnitatava elemendi ja montaa\u017eiava vaheline kaugus ei tohi olla \u00fcle 20 mm. Suuremate vahekauguste korral tuleb materjali hulka segada liiva. Aluspinda tuleb rohkelt veega niisutada, kuid hoiduda suurte veeloikude tekitamisest.<\/p>\n<p><strong>T\u00f6\u00f6de k\u00e4ik:<\/strong> Kui on vaja t\u00e4ita \u00fcle 20 mm suuruseid avasid, tuleb CX 5 segada puhta liivaga suhtes 1 : 1 ning lisada vett, kuni on saadud soovitud konsistents. Liiva lisamine ei m\u00f5juta segu sidestumise aega, kuid v\u00e4hendab kinnituskoha vastupidavust. Kui soovitakse k\u00f5rvaldada paikseid veekogunemiskohti, tuleb valmistada sobiv kogus plastse konsistentsiga segu.<br \/>\nKui materjal hakkab sidestuma, siis tuleb see t\u00e4idetavatesse avaustesse tugevasti sisse suruda ja hoida seal paari minuti jooksul, kuni segu hakkab tahkuma.<\/p>\n<p><strong>T\u00e4helepanu:<\/strong> T\u00f6id tuleb teha, kui \u00f5hu ja t\u00f6\u00f6deldava pinna temperatuur on vahemikus 5\u221225 \u00b0C. \u00c4\u00e4rmuslike temperatuuride korral v\u00f5ib materjali segamiseks kasutada vastavalt kas soojendatud v\u00f5i jahutatud vett. CX 5 kuivsegu sisaldab tsementi ja selle segamisel veega tekib aluseline reaktsioon. Seet\u00f5ttu tuleb t\u00f6\u00f6tades nahka ja silmi kaitsta. Kui materjal on silma sattunud, loputada silmi rohke veega ja p\u00f6\u00f6rduda arsti poole. Kroom(VI) sisaldus alla 2 ppm toote s\u00e4ilivusaja jooksul. Masinate ja raskete konstruktsioonide paigaldamiseks kasutada montaa\u017eisegu Ceresit CX 15. Tugevate veelekete peatamiseks on vaja kasutada veelgi kiirema toimega materjali Ceresit CX 1. Veemahutite sisemuse pindmiseks tihendamiseks on soovitatav kasutada h\u00fcdroisolatsioonisegusid Ceresit CR 65 ja CR 166.<\/p>\n\t\t<\/div>\n\t\t\t\t\t<\/div>\n\n\t\n\n\t<div id=\"col-361465170\" class=\"col medium-3 small-12 large-3\"  >\n\t\t\t\t<div class=\"col-inner\"  >\n\t\t\t\n\t\t\t\n\t<div id=\"gap-828215743\" class=\"gap-element clearfix\" style=\"display:block; height:auto;\">\n\t\t\n<style>\n#gap-828215743 {\n  padding-top: 30px;\n}\n<\/style>\n\t<\/div>\n\t\n<h3>Tehniline informatsioon<\/h3>\n<p><a href=\"https:\/\/espak.ee\/epood\/wp-content\/uploads\/CX5-tooteleht.pdf\" target=\"_blank\" rel=\"noopener noreferrer\"><i class=\"far fa-file-pdf\"><\/i> Tehniline info (PDF)<\/a><\/p>\n<h3>Ohutusalane teave<\/h3>\n<p><a href=\"https:\/\/espak.ee\/epood\/wp-content\/uploads\/CX5-ohutuskaart.pdf\" target=\"_blank\" rel=\"noopener noreferrer\"><i class=\"far fa-file-pdf\"><\/i> Ohutusalane teave (PDF)<\/a><\/p>\n<div class=\"is-divider divider clearfix\" ><\/div>\n<p><strong>\u00dcksikasjalikuma n\u00f5u saamiseks v\u00f5tke \u00fchendust:<br \/><\/strong>Henkel Balti<br \/>S\u00f5bra 56 B<br \/>51013<br \/>Tartu<br \/>+ 372 7305800<\/p>\n<div class=\"is-divider divider clearfix\" ><\/div>\n\t\t<\/div>\n\t\t\t\t\t<\/div>\n\n\t\n<\/div>\n","protected":false},"excerpt":{"rendered":"","protected":false},"featured_media":14465,"comment_status":"closed","ping_status":"open","template":"","meta":[],"product_brand":[],"product_cat":[2698,2890,2814,2697],"product_tag":[],"class_list":{"0":"post-13924","1":"product","2":"type-product","3":"status-publish","4":"has-post-thumbnail","6":"product_cat-pahtlid-ja-kuivsegud","7":"product_cat-remontsegud","8":"product_cat-tsementsegud","9":"product_cat-uldehitus","10":"pa_kaubamark-henkel-balti-ou","12":"first","13":"instock","14":"sale","15":"taxable","16":"shipping-taxable","17":"purchasable","18":"product-type-simple"},"yoast_head":"<!-- This site is optimized with the Yoast SEO plugin v26.9 - https:\/\/yoast.com\/product\/yoast-seo-wordpress\/ -->\n<title>KIIRESTISIDESTUV SEGU CERESIT CX-5 5KG - Espak E-pood<\/title>\n<meta name=\"robots\" content=\"index, follow, max-snippet:-1, max-image-preview:large, max-video-preview:-1\" \/>\n<link rel=\"canonical\" href=\"https:\/\/espak.ee\/epood\/toode\/kiirestisidestuv-segu-ceresit-cx-5-5kg\/\" \/>\n<meta property=\"og:locale\" content=\"et_EE\" \/>\n<meta property=\"og:type\" content=\"article\" \/>\n<meta property=\"og:title\" content=\"KIIRESTISIDESTUV SEGU CERESIT CX-5 5KG - Espak E-pood\" \/>\n<meta property=\"og:url\" content=\"https:\/\/espak.ee\/epood\/toode\/kiirestisidestuv-segu-ceresit-cx-5-5kg\/\" \/>\n<meta property=\"og:site_name\" content=\"Espak E-pood\" \/>\n<meta property=\"article:modified_time\" content=\"2026-03-24T16:42:47+00:00\" \/>\n<meta property=\"og:image\" content=\"https:\/\/espak.ee\/epood\/wp-content\/uploads\/Ceresit-CX5-25kg.jpg\" \/>\n\t<meta property=\"og:image:width\" content=\"2048\" \/>\n\t<meta property=\"og:image:height\" content=\"2048\" \/>\n\t<meta property=\"og:image:type\" content=\"image\/jpeg\" \/>\n<meta name=\"twitter:card\" content=\"summary_large_image\" \/>\n<meta name=\"twitter:label1\" content=\"Est. reading time\" \/>\n\t<meta name=\"twitter:data1\" content=\"2 minutit\" \/>\n<script type=\"application\/ld+json\" class=\"yoast-schema-graph\">{\"@context\":\"https:\/\/schema.org\",\"@graph\":[{\"@type\":\"WebPage\",\"@id\":\"https:\/\/espak.ee\/epood\/toode\/kiirestisidestuv-segu-ceresit-cx-5-5kg\/\",\"url\":\"https:\/\/espak.ee\/epood\/toode\/kiirestisidestuv-segu-ceresit-cx-5-5kg\/\",\"name\":\"KIIRESTISIDESTUV SEGU CERESIT CX-5 5KG - Espak E-pood\",\"isPartOf\":{\"@id\":\"https:\/\/espak.ee\/epood\/#website\"},\"primaryImageOfPage\":{\"@id\":\"https:\/\/espak.ee\/epood\/toode\/kiirestisidestuv-segu-ceresit-cx-5-5kg\/#primaryimage\"},\"image\":{\"@id\":\"https:\/\/espak.ee\/epood\/toode\/kiirestisidestuv-segu-ceresit-cx-5-5kg\/#primaryimage\"},\"thumbnailUrl\":\"https:\/\/espak.ee\/epood\/wp-content\/uploads\/Ceresit-CX5-25kg.jpg\",\"datePublished\":\"2020-01-08T01:00:46+00:00\",\"dateModified\":\"2026-03-24T16:42:47+00:00\",\"breadcrumb\":{\"@id\":\"https:\/\/espak.ee\/epood\/toode\/kiirestisidestuv-segu-ceresit-cx-5-5kg\/#breadcrumb\"},\"inLanguage\":\"et\",\"potentialAction\":[{\"@type\":\"ReadAction\",\"target\":[\"https:\/\/espak.ee\/epood\/toode\/kiirestisidestuv-segu-ceresit-cx-5-5kg\/\"]}]},{\"@type\":\"ImageObject\",\"inLanguage\":\"et\",\"@id\":\"https:\/\/espak.ee\/epood\/toode\/kiirestisidestuv-segu-ceresit-cx-5-5kg\/#primaryimage\",\"url\":\"https:\/\/espak.ee\/epood\/wp-content\/uploads\/Ceresit-CX5-25kg.jpg\",\"contentUrl\":\"https:\/\/espak.ee\/epood\/wp-content\/uploads\/Ceresit-CX5-25kg.jpg\",\"width\":2048,\"height\":2048},{\"@type\":\"BreadcrumbList\",\"@id\":\"https:\/\/espak.ee\/epood\/toode\/kiirestisidestuv-segu-ceresit-cx-5-5kg\/#breadcrumb\",\"itemListElement\":[{\"@type\":\"ListItem\",\"position\":1,\"name\":\"Home\",\"item\":\"https:\/\/espak.ee\/epood\/\"},{\"@type\":\"ListItem\",\"position\":2,\"name\":\"Tootevalik\",\"item\":\"https:\/\/espak.ee\/epood\/tootevalik\/\"},{\"@type\":\"ListItem\",\"position\":3,\"name\":\"KIIRESTISIDESTUV SEGU CERESIT CX-5 5KG\"}]},{\"@type\":\"WebSite\",\"@id\":\"https:\/\/espak.ee\/epood\/#website\",\"url\":\"https:\/\/espak.ee\/epood\/\",\"name\":\"Espak E-pood\",\"description\":\"\",\"potentialAction\":[{\"@type\":\"SearchAction\",\"target\":{\"@type\":\"EntryPoint\",\"urlTemplate\":\"https:\/\/espak.ee\/epood\/?s={search_term_string}\"},\"query-input\":{\"@type\":\"PropertyValueSpecification\",\"valueRequired\":true,\"valueName\":\"search_term_string\"}}],\"inLanguage\":\"et\"}]}<\/script>\n<!-- \/ Yoast SEO plugin. -->","yoast_head_json":{"title":"KIIRESTISIDESTUV SEGU CERESIT CX-5 5KG - Espak E-pood","robots":{"index":"index","follow":"follow","max-snippet":"max-snippet:-1","max-image-preview":"max-image-preview:large","max-video-preview":"max-video-preview:-1"},"canonical":"https:\/\/espak.ee\/epood\/toode\/kiirestisidestuv-segu-ceresit-cx-5-5kg\/","og_locale":"et_EE","og_type":"article","og_title":"KIIRESTISIDESTUV SEGU CERESIT CX-5 5KG - Espak E-pood","og_url":"https:\/\/espak.ee\/epood\/toode\/kiirestisidestuv-segu-ceresit-cx-5-5kg\/","og_site_name":"Espak E-pood","article_modified_time":"2026-03-24T16:42:47+00:00","og_image":[{"width":2048,"height":2048,"url":"https:\/\/espak.ee\/epood\/wp-content\/uploads\/Ceresit-CX5-25kg.jpg","type":"image\/jpeg"}],"twitter_card":"summary_large_image","twitter_misc":{"Est. reading time":"2 minutit"},"schema":{"@context":"https:\/\/schema.org","@graph":[{"@type":"WebPage","@id":"https:\/\/espak.ee\/epood\/toode\/kiirestisidestuv-segu-ceresit-cx-5-5kg\/","url":"https:\/\/espak.ee\/epood\/toode\/kiirestisidestuv-segu-ceresit-cx-5-5kg\/","name":"KIIRESTISIDESTUV SEGU CERESIT CX-5 5KG - Espak E-pood","isPartOf":{"@id":"https:\/\/espak.ee\/epood\/#website"},"primaryImageOfPage":{"@id":"https:\/\/espak.ee\/epood\/toode\/kiirestisidestuv-segu-ceresit-cx-5-5kg\/#primaryimage"},"image":{"@id":"https:\/\/espak.ee\/epood\/toode\/kiirestisidestuv-segu-ceresit-cx-5-5kg\/#primaryimage"},"thumbnailUrl":"https:\/\/espak.ee\/epood\/wp-content\/uploads\/Ceresit-CX5-25kg.jpg","datePublished":"2020-01-08T01:00:46+00:00","dateModified":"2026-03-24T16:42:47+00:00","breadcrumb":{"@id":"https:\/\/espak.ee\/epood\/toode\/kiirestisidestuv-segu-ceresit-cx-5-5kg\/#breadcrumb"},"inLanguage":"et","potentialAction":[{"@type":"ReadAction","target":["https:\/\/espak.ee\/epood\/toode\/kiirestisidestuv-segu-ceresit-cx-5-5kg\/"]}]},{"@type":"ImageObject","inLanguage":"et","@id":"https:\/\/espak.ee\/epood\/toode\/kiirestisidestuv-segu-ceresit-cx-5-5kg\/#primaryimage","url":"https:\/\/espak.ee\/epood\/wp-content\/uploads\/Ceresit-CX5-25kg.jpg","contentUrl":"https:\/\/espak.ee\/epood\/wp-content\/uploads\/Ceresit-CX5-25kg.jpg","width":2048,"height":2048},{"@type":"BreadcrumbList","@id":"https:\/\/espak.ee\/epood\/toode\/kiirestisidestuv-segu-ceresit-cx-5-5kg\/#breadcrumb","itemListElement":[{"@type":"ListItem","position":1,"name":"Home","item":"https:\/\/espak.ee\/epood\/"},{"@type":"ListItem","position":2,"name":"Tootevalik","item":"https:\/\/espak.ee\/epood\/tootevalik\/"},{"@type":"ListItem","position":3,"name":"KIIRESTISIDESTUV SEGU CERESIT CX-5 5KG"}]},{"@type":"WebSite","@id":"https:\/\/espak.ee\/epood\/#website","url":"https:\/\/espak.ee\/epood\/","name":"Espak E-pood","description":"","potentialAction":[{"@type":"SearchAction","target":{"@type":"EntryPoint","urlTemplate":"https:\/\/espak.ee\/epood\/?s={search_term_string}"},"query-input":{"@type":"PropertyValueSpecification","valueRequired":true,"valueName":"search_term_string"}}],"inLanguage":"et"}]}},"_links":{"self":[{"href":"https:\/\/espak.ee\/epood\/wp-json\/wp\/v2\/product\/13924","targetHints":{"allow":["GET"]}}],"collection":[{"href":"https:\/\/espak.ee\/epood\/wp-json\/wp\/v2\/product"}],"about":[{"href":"https:\/\/espak.ee\/epood\/wp-json\/wp\/v2\/types\/product"}],"replies":[{"embeddable":true,"href":"https:\/\/espak.ee\/epood\/wp-json\/wp\/v2\/comments?post=13924"}],"wp:featuredmedia":[{"embeddable":true,"href":"https:\/\/espak.ee\/epood\/wp-json\/wp\/v2\/media\/14465"}],"wp:attachment":[{"href":"https:\/\/espak.ee\/epood\/wp-json\/wp\/v2\/media?parent=13924"}],"wp:term":[{"taxonomy":"product_brand","embeddable":true,"href":"https:\/\/espak.ee\/epood\/wp-json\/wp\/v2\/product_brand?post=13924"},{"taxonomy":"product_cat","embeddable":true,"href":"https:\/\/espak.ee\/epood\/wp-json\/wp\/v2\/product_cat?post=13924"},{"taxonomy":"product_tag","embeddable":true,"href":"https:\/\/espak.ee\/epood\/wp-json\/wp\/v2\/product_tag?post=13924"}],"curies":[{"name":"wp","href":"https:\/\/api.w.org\/{rel}","templated":true}]}}