{"id":13919,"date":"2020-01-08T03:00:46","date_gmt":"2020-01-08T01:00:46","guid":{"rendered":"https:\/\/espak.ee\/hinnakiri\/?post_type=product&#038;p=13919"},"modified":"2025-11-03T19:11:18","modified_gmt":"2025-11-03T17:11:18","slug":"betooni-kuivsegu-ceresit-zb-25kg","status":"publish","type":"product","link":"https:\/\/espak.ee\/epood\/toode\/betooni-kuivsegu-ceresit-zb-25kg\/","title":{"rendered":"BETOONI KUIVSEGU CERESIT ZB 25KG"},"content":{"rendered":"<div class=\"row\"  id=\"row-526174861\">\n\n\t<div id=\"col-270846780\" class=\"col medium-9 small-12 large-9\"  >\n\t\t\t\t<div class=\"col-inner\"  >\n\t\t\t\n\t\t\t\n<h2>ZB Betooni kuivsegu<\/h2>\n<p>Valge kasutusvalmis pahteldusmass viimistlevate pahtlikihtide kandmiseks v\u00e4rvi- ja tapeedikihtide alla.<\/p>\n<div class=\"message-box relative\" style=\"padding-top:15px;padding-bottom:15px;\"><div class=\"message-box-bg-image bg-fill fill\" ><\/div><div class=\"message-box-bg-overlay bg-fill fill\" ><\/div><div class=\"container relative\"><div class=\"inner last-reset\">\n<div class=\"row align-middle align-center\"  id=\"row-1590622610\">\n\n\t<div id=\"col-1811666740\" class=\"col small-12 large-12\"  >\n\t\t\t\t<div class=\"col-inner text-left\"  >\n\t\t\t\n\t\t\t\n<h4>Omadused<\/h4>\n<div class=\"row\"  id=\"row-1995381429\">\n\n\t<div id=\"col-501884710\" class=\"col medium-6 small-12 large-6\"  >\n\t\t\t\t<div class=\"col-inner\"  >\n\t\t\t\n\t\t\t\n<p><i class=\"fa fa-check fa-2x\"><\/i> <strong>Defektide k\u00f5rvaldamiseks<\/strong><\/p>\n<p><i class=\"fa fa-check fa-2x\"><\/i> <strong>Kasutamiseks sise- ja v\u00e4litingimustes<\/strong><\/p>\n\t\t<\/div>\n\t\t\t\t\n<style>\n#col-501884710 > .col-inner {\n  margin: 0px 0px 15px 0px;\n}\n<\/style>\n\t<\/div>\n\n\t\n\n\t<div id=\"col-1162832359\" class=\"col medium-6 small-12 large-6\"  >\n\t\t\t\t<div class=\"col-inner\"  >\n\t\t\t\n\t\t\t\n<p><i class=\"fa fa-check fa-2x\"><\/i> <strong>Sobib ka k\u00f6etavatele p\u00f5randatele<\/strong><\/p>\n\t\t<\/div>\n\t\t\t\t\n<style>\n#col-1162832359 > .col-inner {\n  margin: 0px 0px 15px 0px;\n}\n<\/style>\n\t<\/div>\n\n\t\n<\/div>\n\t\t<\/div>\n\t\t\t\t\t<\/div>\n\n\t\n<\/div>\n<\/div><\/div><\/div>\n\t<div id=\"gap-1237752233\" class=\"gap-element clearfix\" style=\"display:block; height:auto;\">\n\t\t\n<style>\n#gap-1237752233 {\n  padding-top: 30px;\n}\n<\/style>\n\t<\/div>\n\t\n<h3>Kasutamise \u00fcksikasjad<\/h3>\n<p><strong>Kasutusala:<\/strong> Betoonp\u00f5randa valamiseks, k\u00f5nniteede betoneerimiseks, aiapostide ankurdamiseks, katete liitmiseks, betoonkonstruktsioonide defektide parandamiseks siseruumides ja v\u00e4ljas.<\/p>\n<p><strong>Aluspinna ettevalmistus:<\/strong> Aluspind peab olema puhas ja tugev. Tolm, kooruvad v\u00e4rvikihid, lubi, rasv ja muud nakkuvust takistavad ained tuleb eemaldada. Suure niiskusimavusega poorsed pinnad (nt. gaasbetoon) on soovitav kruntida Ceresit CT 17-ga.<\/p>\n<p><strong>T\u00f6\u00f6de k\u00e4ik:<\/strong> Segu valmistamine<br \/>\nBetooni kuivsegu kombineeritakse vajaliku koguse puhta jaheda veega. Veekoguse v\u00e4hene varieerimine on lubatav, et saada t\u00f6\u00f6ks vajaliku konsistentsiga segu. Liiga suure koguse vee lisamine segule v\u00f5ib p\u00f5hjustada survetugevuse v\u00e4henemist. Segu segatakse betooniseguris v\u00f5i k\u00e4sitsi elektrimikseri v\u00f5i labida abil kuni \u00fchtlase massi saamiseni. Lasta segul 3 min. j\u00e4relvalmida ja segada uuesti kergelt l\u00e4bi. T\u00f6\u00f6temperatuur +5\u00b0 kuni +30\u00b0C. Tardumisaeg s\u00f5ltub kihi paksusest, niiskusest ja temperatuurist. Segu on k\u00e4imiskindel 24 tunni p\u00e4rast (+20oC, 50% suhtelise \u00f5huniiskuse puhul). Valmissegu tuleb \u00e4ra kasutada 60 minutiga<br \/>\nT\u00f6\u00f6de k\u00e4ik<br \/>\nBetoonisegu valatakse \u00fchtlaselt ettevalmistatud alusele ribadena, alustades kaugeimast servast. V\u00e4ljavalatud segu jaotatakse pika silumisvahendiga soovitava paksusega<br \/>\nkihiks. Eri valamiste vahel ei tohi olla pikki vaheaegu (mitte \u00fcle 60 min). Tasandust\u00f6\u00f6del on soovitatav kihi paksus 5 \u2013 80 mm. Segust v\u00f5ib ehitusplatsil valada muid elemente, kuid siis tuleb varem teha vastavad sarrust\u00f6\u00f6d. Segust on v\u00f5imalik valada ka kergelt koormatud tugiposte (kasvuhooned, t terrassid, jne) v\u00f5i fikseerida aiaposte. Defektide k\u00f5rvaldamiseks ja parandust\u00f6\u00f6deks segada valmis vajalik kogus segu ja kanda see kellu v\u00f5i pahtlilabida abil tasandava kihina horisontaal- v\u00f5i vertikaalpinnale. Nurkade ja s\u00fcvendite t\u00e4itmisel kasutada vajadusel tugirakiseid.<\/p>\n<p><strong>T\u00e4helepanu:<\/strong> Kuivsegu reageerimisel veega tekib leelis, seet\u00f5ttu tuleb kaitsta silmi ja nahka ning v\u00e4ltida kuivsegu tolmu sissehingamist. Kuivsegu v\u00f5i valmissegu sattumisel silma pesta silmi rohke veega ja p\u00f6\u00f6rduda arsti poole. Hoida lastele k\u00e4ttesaamatus kohas. Lahustuva Cr(VI) kontsentratsioon toote s\u00e4ilivusaja jooksul \u2264 2ppm.<\/p>\n\t\t<\/div>\n\t\t\t\t\t<\/div>\n\n\t\n\n\t<div id=\"col-9292635\" class=\"col medium-3 small-12 large-3\"  >\n\t\t\t\t<div class=\"col-inner\"  >\n\t\t\t\n\t\t\t\n\t<div id=\"gap-1125136262\" class=\"gap-element clearfix\" style=\"display:block; height:auto;\">\n\t\t\n<style>\n#gap-1125136262 {\n  padding-top: 30px;\n}\n<\/style>\n\t<\/div>\n\t\n<h3>Tehniline informatsioon<\/h3>\n<p><a href=\"https:\/\/espak.ee\/epood\/wp-content\/uploads\/ZB-tooteleht.pdf\" target=\"_blank\" rel=\"noopener noreferrer\"><i class=\"far fa-file-pdf\"><\/i> Tehniline info (PDF)<\/a><\/p>\n<h3>Ohutusalane teave<\/h3>\n<p><a href=\"https:\/\/espak.ee\/epood\/wp-content\/uploads\/ZB-ohutuskaart.pdf\" target=\"_blank\" rel=\"noopener noreferrer\"><i class=\"far fa-file-pdf\"><\/i> Ohutusalane teave (PDF)<\/a><\/p>\n<div class=\"is-divider divider clearfix\" ><\/div>\n<p><strong>\u00dcksikasjalikuma n\u00f5u saamiseks v\u00f5tke \u00fchendust:<br \/><\/strong>Henkel Balti<br \/>S\u00f5bra 56 B<br \/>51013<br \/>Tartu<br \/>+ 372 7305800<\/p>\n<div class=\"is-divider divider clearfix\" ><\/div>\n\t\t<\/div>\n\t\t\t\t\t<\/div>\n\n\t\n<\/div>\n","protected":false},"excerpt":{"rendered":"","protected":false},"featured_media":14633,"comment_status":"closed","ping_status":"open","template":"","meta":[],"product_brand":[],"product_cat":[2860,2698,2814,2697],"product_tag":[],"class_list":{"0":"post-13919","1":"product","2":"type-product","3":"status-publish","4":"has-post-thumbnail","6":"product_cat-betoon","7":"product_cat-pahtlid-ja-kuivsegud","8":"product_cat-tsementsegud","9":"product_cat-uldehitus","10":"pa_kaubamark-henkel-balti-ou","12":"first","13":"instock","14":"sale","15":"taxable","16":"shipping-taxable","17":"purchasable","18":"product-type-simple"},"yoast_head":"<!-- This site is optimized with the Yoast SEO plugin v26.9 - https:\/\/yoast.com\/product\/yoast-seo-wordpress\/ -->\n<title>BETOONI KUIVSEGU CERESIT ZB 25KG - Espak E-pood<\/title>\n<meta name=\"robots\" content=\"index, follow, max-snippet:-1, max-image-preview:large, max-video-preview:-1\" \/>\n<link rel=\"canonical\" href=\"https:\/\/espak.ee\/epood\/toode\/betooni-kuivsegu-ceresit-zb-25kg\/\" \/>\n<meta property=\"og:locale\" content=\"et_EE\" \/>\n<meta property=\"og:type\" content=\"article\" \/>\n<meta property=\"og:title\" content=\"BETOONI KUIVSEGU CERESIT ZB 25KG - Espak E-pood\" \/>\n<meta property=\"og:url\" content=\"https:\/\/espak.ee\/epood\/toode\/betooni-kuivsegu-ceresit-zb-25kg\/\" \/>\n<meta property=\"og:site_name\" content=\"Espak E-pood\" \/>\n<meta property=\"article:modified_time\" content=\"2025-11-03T17:11:18+00:00\" \/>\n<meta property=\"og:image\" content=\"https:\/\/espak.ee\/epood\/wp-content\/uploads\/zb.jpg\" \/>\n\t<meta property=\"og:image:width\" content=\"1110\" \/>\n\t<meta property=\"og:image:height\" content=\"1110\" \/>\n\t<meta property=\"og:image:type\" content=\"image\/jpeg\" \/>\n<meta name=\"twitter:card\" content=\"summary_large_image\" \/>\n<meta name=\"twitter:label1\" content=\"Est. reading time\" \/>\n\t<meta name=\"twitter:data1\" content=\"2 minutit\" \/>\n<script type=\"application\/ld+json\" class=\"yoast-schema-graph\">{\"@context\":\"https:\/\/schema.org\",\"@graph\":[{\"@type\":\"WebPage\",\"@id\":\"https:\/\/espak.ee\/epood\/toode\/betooni-kuivsegu-ceresit-zb-25kg\/\",\"url\":\"https:\/\/espak.ee\/epood\/toode\/betooni-kuivsegu-ceresit-zb-25kg\/\",\"name\":\"BETOONI KUIVSEGU CERESIT ZB 25KG - Espak E-pood\",\"isPartOf\":{\"@id\":\"https:\/\/espak.ee\/epood\/#website\"},\"primaryImageOfPage\":{\"@id\":\"https:\/\/espak.ee\/epood\/toode\/betooni-kuivsegu-ceresit-zb-25kg\/#primaryimage\"},\"image\":{\"@id\":\"https:\/\/espak.ee\/epood\/toode\/betooni-kuivsegu-ceresit-zb-25kg\/#primaryimage\"},\"thumbnailUrl\":\"https:\/\/espak.ee\/epood\/wp-content\/uploads\/zb.jpg\",\"datePublished\":\"2020-01-08T01:00:46+00:00\",\"dateModified\":\"2025-11-03T17:11:18+00:00\",\"breadcrumb\":{\"@id\":\"https:\/\/espak.ee\/epood\/toode\/betooni-kuivsegu-ceresit-zb-25kg\/#breadcrumb\"},\"inLanguage\":\"et\",\"potentialAction\":[{\"@type\":\"ReadAction\",\"target\":[\"https:\/\/espak.ee\/epood\/toode\/betooni-kuivsegu-ceresit-zb-25kg\/\"]}]},{\"@type\":\"ImageObject\",\"inLanguage\":\"et\",\"@id\":\"https:\/\/espak.ee\/epood\/toode\/betooni-kuivsegu-ceresit-zb-25kg\/#primaryimage\",\"url\":\"https:\/\/espak.ee\/epood\/wp-content\/uploads\/zb.jpg\",\"contentUrl\":\"https:\/\/espak.ee\/epood\/wp-content\/uploads\/zb.jpg\",\"width\":1110,\"height\":1110},{\"@type\":\"BreadcrumbList\",\"@id\":\"https:\/\/espak.ee\/epood\/toode\/betooni-kuivsegu-ceresit-zb-25kg\/#breadcrumb\",\"itemListElement\":[{\"@type\":\"ListItem\",\"position\":1,\"name\":\"Home\",\"item\":\"https:\/\/espak.ee\/epood\/\"},{\"@type\":\"ListItem\",\"position\":2,\"name\":\"Tootevalik\",\"item\":\"https:\/\/espak.ee\/epood\/tootevalik\/\"},{\"@type\":\"ListItem\",\"position\":3,\"name\":\"BETOONI KUIVSEGU CERESIT ZB 25KG\"}]},{\"@type\":\"WebSite\",\"@id\":\"https:\/\/espak.ee\/epood\/#website\",\"url\":\"https:\/\/espak.ee\/epood\/\",\"name\":\"Espak E-pood\",\"description\":\"\",\"potentialAction\":[{\"@type\":\"SearchAction\",\"target\":{\"@type\":\"EntryPoint\",\"urlTemplate\":\"https:\/\/espak.ee\/epood\/?s={search_term_string}\"},\"query-input\":{\"@type\":\"PropertyValueSpecification\",\"valueRequired\":true,\"valueName\":\"search_term_string\"}}],\"inLanguage\":\"et\"}]}<\/script>\n<!-- \/ Yoast SEO plugin. -->","yoast_head_json":{"title":"BETOONI KUIVSEGU CERESIT ZB 25KG - Espak E-pood","robots":{"index":"index","follow":"follow","max-snippet":"max-snippet:-1","max-image-preview":"max-image-preview:large","max-video-preview":"max-video-preview:-1"},"canonical":"https:\/\/espak.ee\/epood\/toode\/betooni-kuivsegu-ceresit-zb-25kg\/","og_locale":"et_EE","og_type":"article","og_title":"BETOONI KUIVSEGU CERESIT ZB 25KG - Espak E-pood","og_url":"https:\/\/espak.ee\/epood\/toode\/betooni-kuivsegu-ceresit-zb-25kg\/","og_site_name":"Espak E-pood","article_modified_time":"2025-11-03T17:11:18+00:00","og_image":[{"width":1110,"height":1110,"url":"https:\/\/espak.ee\/epood\/wp-content\/uploads\/zb.jpg","type":"image\/jpeg"}],"twitter_card":"summary_large_image","twitter_misc":{"Est. reading time":"2 minutit"},"schema":{"@context":"https:\/\/schema.org","@graph":[{"@type":"WebPage","@id":"https:\/\/espak.ee\/epood\/toode\/betooni-kuivsegu-ceresit-zb-25kg\/","url":"https:\/\/espak.ee\/epood\/toode\/betooni-kuivsegu-ceresit-zb-25kg\/","name":"BETOONI KUIVSEGU CERESIT ZB 25KG - Espak E-pood","isPartOf":{"@id":"https:\/\/espak.ee\/epood\/#website"},"primaryImageOfPage":{"@id":"https:\/\/espak.ee\/epood\/toode\/betooni-kuivsegu-ceresit-zb-25kg\/#primaryimage"},"image":{"@id":"https:\/\/espak.ee\/epood\/toode\/betooni-kuivsegu-ceresit-zb-25kg\/#primaryimage"},"thumbnailUrl":"https:\/\/espak.ee\/epood\/wp-content\/uploads\/zb.jpg","datePublished":"2020-01-08T01:00:46+00:00","dateModified":"2025-11-03T17:11:18+00:00","breadcrumb":{"@id":"https:\/\/espak.ee\/epood\/toode\/betooni-kuivsegu-ceresit-zb-25kg\/#breadcrumb"},"inLanguage":"et","potentialAction":[{"@type":"ReadAction","target":["https:\/\/espak.ee\/epood\/toode\/betooni-kuivsegu-ceresit-zb-25kg\/"]}]},{"@type":"ImageObject","inLanguage":"et","@id":"https:\/\/espak.ee\/epood\/toode\/betooni-kuivsegu-ceresit-zb-25kg\/#primaryimage","url":"https:\/\/espak.ee\/epood\/wp-content\/uploads\/zb.jpg","contentUrl":"https:\/\/espak.ee\/epood\/wp-content\/uploads\/zb.jpg","width":1110,"height":1110},{"@type":"BreadcrumbList","@id":"https:\/\/espak.ee\/epood\/toode\/betooni-kuivsegu-ceresit-zb-25kg\/#breadcrumb","itemListElement":[{"@type":"ListItem","position":1,"name":"Home","item":"https:\/\/espak.ee\/epood\/"},{"@type":"ListItem","position":2,"name":"Tootevalik","item":"https:\/\/espak.ee\/epood\/tootevalik\/"},{"@type":"ListItem","position":3,"name":"BETOONI KUIVSEGU CERESIT ZB 25KG"}]},{"@type":"WebSite","@id":"https:\/\/espak.ee\/epood\/#website","url":"https:\/\/espak.ee\/epood\/","name":"Espak E-pood","description":"","potentialAction":[{"@type":"SearchAction","target":{"@type":"EntryPoint","urlTemplate":"https:\/\/espak.ee\/epood\/?s={search_term_string}"},"query-input":{"@type":"PropertyValueSpecification","valueRequired":true,"valueName":"search_term_string"}}],"inLanguage":"et"}]}},"_links":{"self":[{"href":"https:\/\/espak.ee\/epood\/wp-json\/wp\/v2\/product\/13919","targetHints":{"allow":["GET"]}}],"collection":[{"href":"https:\/\/espak.ee\/epood\/wp-json\/wp\/v2\/product"}],"about":[{"href":"https:\/\/espak.ee\/epood\/wp-json\/wp\/v2\/types\/product"}],"replies":[{"embeddable":true,"href":"https:\/\/espak.ee\/epood\/wp-json\/wp\/v2\/comments?post=13919"}],"wp:featuredmedia":[{"embeddable":true,"href":"https:\/\/espak.ee\/epood\/wp-json\/wp\/v2\/media\/14633"}],"wp:attachment":[{"href":"https:\/\/espak.ee\/epood\/wp-json\/wp\/v2\/media?parent=13919"}],"wp:term":[{"taxonomy":"product_brand","embeddable":true,"href":"https:\/\/espak.ee\/epood\/wp-json\/wp\/v2\/product_brand?post=13919"},{"taxonomy":"product_cat","embeddable":true,"href":"https:\/\/espak.ee\/epood\/wp-json\/wp\/v2\/product_cat?post=13919"},{"taxonomy":"product_tag","embeddable":true,"href":"https:\/\/espak.ee\/epood\/wp-json\/wp\/v2\/product_tag?post=13919"}],"curies":[{"name":"wp","href":"https:\/\/api.w.org\/{rel}","templated":true}]}}