{"id":138378,"date":"2022-11-03T08:35:00","date_gmt":"2022-11-03T08:35:00","guid":{"rendered":"https:\/\/espak.ee\/epood\/?post_type=product&#038;p=138378"},"modified":"2025-12-19T10:04:26","modified_gmt":"2025-12-19T08:04:26","slug":"autolabidas-nanga-telescopic-300mm","status":"publish","type":"product","link":"https:\/\/espak.ee\/epood\/toode\/autolabidas-nanga-telescopic-300mm\/","title":{"rendered":"AUTOLABIDAS NANGA TELESCOPIC 300mm"},"content":{"rendered":"<div class=\"row\"  id=\"row-957111015\">\n\n\t<div id=\"col-1646040646\" class=\"col medium-9 small-12 large-9\"  >\n\t\t\t\t<div class=\"col-inner\"  >\n\t\t\t\n\t\t\t\n<h3>Teleskoopvarrega lumelabidas autosse Nanga Telescopic<\/h3>\n<p>Laius 300 mm.<br \/>\n\u00dcldpikkus: 800 &#8211; 1000 mm.<\/p>\n\t\t<\/div>\n\t\t\t\t\t<\/div>\n\n\t\n\n\t<div id=\"col-1154396083\" class=\"col medium-3 small-12 large-3\"  >\n\t\t\t\t<div class=\"col-inner\"  >\n\t\t\t\n\t\t\t\n<div class=\"is-divider divider clearfix\" ><\/div>\n<p><strong>\u00dcksikasjalikuma n\u00f5u saamiseks v\u00f5tke \u00fchendust:<br \/><\/strong>Espak AS<br \/>Viadukti 42<br \/>11313<br \/>Tallinn<br \/>+372 6 512333<\/p>\n\t\t<\/div>\n\t\t\t\t\t<\/div>\n\n\t\n<\/div>\n","protected":false},"excerpt":{"rendered":"","protected":false},"featured_media":138390,"comment_status":"closed","ping_status":"closed","template":"","meta":[],"product_brand":[],"product_cat":[2789,2788,3341,3356],"product_tag":[],"class_list":{"0":"post-138378","1":"product","2":"type-product","3":"status-publish","4":"has-post-thumbnail","6":"product_cat-aiatarbed","7":"product_cat-aiatarbed-ja-kodukaubad","8":"product_cat-aiatooriistad","9":"product_cat-labidad","10":"pa_kaubamark-prosperplast","12":"first","13":"outofstock","14":"sale","15":"taxable","16":"shipping-taxable","17":"purchasable","18":"product-type-simple"},"yoast_head":"<!-- This site is optimized with the Yoast SEO plugin v26.9 - https:\/\/yoast.com\/product\/yoast-seo-wordpress\/ -->\n<title>AUTOLABIDAS NANGA TELESCOPIC 300mm - Espak E-pood<\/title>\n<meta name=\"robots\" content=\"index, follow, max-snippet:-1, max-image-preview:large, max-video-preview:-1\" \/>\n<link rel=\"canonical\" href=\"https:\/\/espak.ee\/epood\/toode\/autolabidas-nanga-telescopic-300mm\/\" \/>\n<meta property=\"og:locale\" content=\"et_EE\" \/>\n<meta property=\"og:type\" content=\"article\" \/>\n<meta property=\"og:title\" content=\"AUTOLABIDAS NANGA TELESCOPIC 300mm - Espak E-pood\" \/>\n<meta property=\"og:url\" content=\"https:\/\/espak.ee\/epood\/toode\/autolabidas-nanga-telescopic-300mm\/\" \/>\n<meta property=\"og:site_name\" content=\"Espak E-pood\" \/>\n<meta property=\"article:modified_time\" content=\"2025-12-19T08:04:26+00:00\" \/>\n<meta property=\"og:image\" content=\"https:\/\/espak.ee\/epood\/wp-content\/uploads\/2022\/11\/Nanga_car_telescopic_ILNGTSC_B333_01.png\" \/>\n\t<meta property=\"og:image:width\" content=\"800\" \/>\n\t<meta property=\"og:image:height\" content=\"800\" \/>\n\t<meta property=\"og:image:type\" content=\"image\/png\" \/>\n<meta name=\"twitter:card\" content=\"summary_large_image\" \/>\n<script type=\"application\/ld+json\" class=\"yoast-schema-graph\">{\"@context\":\"https:\/\/schema.org\",\"@graph\":[{\"@type\":\"WebPage\",\"@id\":\"https:\/\/espak.ee\/epood\/toode\/autolabidas-nanga-telescopic-300mm\/\",\"url\":\"https:\/\/espak.ee\/epood\/toode\/autolabidas-nanga-telescopic-300mm\/\",\"name\":\"AUTOLABIDAS NANGA TELESCOPIC 300mm - Espak E-pood\",\"isPartOf\":{\"@id\":\"https:\/\/espak.ee\/epood\/#website\"},\"primaryImageOfPage\":{\"@id\":\"https:\/\/espak.ee\/epood\/toode\/autolabidas-nanga-telescopic-300mm\/#primaryimage\"},\"image\":{\"@id\":\"https:\/\/espak.ee\/epood\/toode\/autolabidas-nanga-telescopic-300mm\/#primaryimage\"},\"thumbnailUrl\":\"https:\/\/espak.ee\/epood\/wp-content\/uploads\/2022\/11\/Nanga_car_telescopic_ILNGTSC_B333_01.png\",\"datePublished\":\"2022-11-03T08:35:00+00:00\",\"dateModified\":\"2025-12-19T08:04:26+00:00\",\"breadcrumb\":{\"@id\":\"https:\/\/espak.ee\/epood\/toode\/autolabidas-nanga-telescopic-300mm\/#breadcrumb\"},\"inLanguage\":\"et\",\"potentialAction\":[{\"@type\":\"ReadAction\",\"target\":[\"https:\/\/espak.ee\/epood\/toode\/autolabidas-nanga-telescopic-300mm\/\"]}]},{\"@type\":\"ImageObject\",\"inLanguage\":\"et\",\"@id\":\"https:\/\/espak.ee\/epood\/toode\/autolabidas-nanga-telescopic-300mm\/#primaryimage\",\"url\":\"https:\/\/espak.ee\/epood\/wp-content\/uploads\/2022\/11\/Nanga_car_telescopic_ILNGTSC_B333_01.png\",\"contentUrl\":\"https:\/\/espak.ee\/epood\/wp-content\/uploads\/2022\/11\/Nanga_car_telescopic_ILNGTSC_B333_01.png\",\"width\":800,\"height\":800},{\"@type\":\"BreadcrumbList\",\"@id\":\"https:\/\/espak.ee\/epood\/toode\/autolabidas-nanga-telescopic-300mm\/#breadcrumb\",\"itemListElement\":[{\"@type\":\"ListItem\",\"position\":1,\"name\":\"Home\",\"item\":\"https:\/\/espak.ee\/epood\/\"},{\"@type\":\"ListItem\",\"position\":2,\"name\":\"Tootevalik\",\"item\":\"https:\/\/espak.ee\/epood\/tootevalik\/\"},{\"@type\":\"ListItem\",\"position\":3,\"name\":\"AUTOLABIDAS NANGA TELESCOPIC 300mm\"}]},{\"@type\":\"WebSite\",\"@id\":\"https:\/\/espak.ee\/epood\/#website\",\"url\":\"https:\/\/espak.ee\/epood\/\",\"name\":\"Espak E-pood\",\"description\":\"\",\"potentialAction\":[{\"@type\":\"SearchAction\",\"target\":{\"@type\":\"EntryPoint\",\"urlTemplate\":\"https:\/\/espak.ee\/epood\/?s={search_term_string}\"},\"query-input\":{\"@type\":\"PropertyValueSpecification\",\"valueRequired\":true,\"valueName\":\"search_term_string\"}}],\"inLanguage\":\"et\"}]}<\/script>\n<!-- \/ Yoast SEO plugin. -->","yoast_head_json":{"title":"AUTOLABIDAS NANGA TELESCOPIC 300mm - Espak E-pood","robots":{"index":"index","follow":"follow","max-snippet":"max-snippet:-1","max-image-preview":"max-image-preview:large","max-video-preview":"max-video-preview:-1"},"canonical":"https:\/\/espak.ee\/epood\/toode\/autolabidas-nanga-telescopic-300mm\/","og_locale":"et_EE","og_type":"article","og_title":"AUTOLABIDAS NANGA TELESCOPIC 300mm - Espak E-pood","og_url":"https:\/\/espak.ee\/epood\/toode\/autolabidas-nanga-telescopic-300mm\/","og_site_name":"Espak E-pood","article_modified_time":"2025-12-19T08:04:26+00:00","og_image":[{"width":800,"height":800,"url":"https:\/\/espak.ee\/epood\/wp-content\/uploads\/2022\/11\/Nanga_car_telescopic_ILNGTSC_B333_01.png","type":"image\/png"}],"twitter_card":"summary_large_image","schema":{"@context":"https:\/\/schema.org","@graph":[{"@type":"WebPage","@id":"https:\/\/espak.ee\/epood\/toode\/autolabidas-nanga-telescopic-300mm\/","url":"https:\/\/espak.ee\/epood\/toode\/autolabidas-nanga-telescopic-300mm\/","name":"AUTOLABIDAS NANGA TELESCOPIC 300mm - Espak E-pood","isPartOf":{"@id":"https:\/\/espak.ee\/epood\/#website"},"primaryImageOfPage":{"@id":"https:\/\/espak.ee\/epood\/toode\/autolabidas-nanga-telescopic-300mm\/#primaryimage"},"image":{"@id":"https:\/\/espak.ee\/epood\/toode\/autolabidas-nanga-telescopic-300mm\/#primaryimage"},"thumbnailUrl":"https:\/\/espak.ee\/epood\/wp-content\/uploads\/2022\/11\/Nanga_car_telescopic_ILNGTSC_B333_01.png","datePublished":"2022-11-03T08:35:00+00:00","dateModified":"2025-12-19T08:04:26+00:00","breadcrumb":{"@id":"https:\/\/espak.ee\/epood\/toode\/autolabidas-nanga-telescopic-300mm\/#breadcrumb"},"inLanguage":"et","potentialAction":[{"@type":"ReadAction","target":["https:\/\/espak.ee\/epood\/toode\/autolabidas-nanga-telescopic-300mm\/"]}]},{"@type":"ImageObject","inLanguage":"et","@id":"https:\/\/espak.ee\/epood\/toode\/autolabidas-nanga-telescopic-300mm\/#primaryimage","url":"https:\/\/espak.ee\/epood\/wp-content\/uploads\/2022\/11\/Nanga_car_telescopic_ILNGTSC_B333_01.png","contentUrl":"https:\/\/espak.ee\/epood\/wp-content\/uploads\/2022\/11\/Nanga_car_telescopic_ILNGTSC_B333_01.png","width":800,"height":800},{"@type":"BreadcrumbList","@id":"https:\/\/espak.ee\/epood\/toode\/autolabidas-nanga-telescopic-300mm\/#breadcrumb","itemListElement":[{"@type":"ListItem","position":1,"name":"Home","item":"https:\/\/espak.ee\/epood\/"},{"@type":"ListItem","position":2,"name":"Tootevalik","item":"https:\/\/espak.ee\/epood\/tootevalik\/"},{"@type":"ListItem","position":3,"name":"AUTOLABIDAS NANGA TELESCOPIC 300mm"}]},{"@type":"WebSite","@id":"https:\/\/espak.ee\/epood\/#website","url":"https:\/\/espak.ee\/epood\/","name":"Espak E-pood","description":"","potentialAction":[{"@type":"SearchAction","target":{"@type":"EntryPoint","urlTemplate":"https:\/\/espak.ee\/epood\/?s={search_term_string}"},"query-input":{"@type":"PropertyValueSpecification","valueRequired":true,"valueName":"search_term_string"}}],"inLanguage":"et"}]}},"_links":{"self":[{"href":"https:\/\/espak.ee\/epood\/wp-json\/wp\/v2\/product\/138378","targetHints":{"allow":["GET"]}}],"collection":[{"href":"https:\/\/espak.ee\/epood\/wp-json\/wp\/v2\/product"}],"about":[{"href":"https:\/\/espak.ee\/epood\/wp-json\/wp\/v2\/types\/product"}],"replies":[{"embeddable":true,"href":"https:\/\/espak.ee\/epood\/wp-json\/wp\/v2\/comments?post=138378"}],"wp:featuredmedia":[{"embeddable":true,"href":"https:\/\/espak.ee\/epood\/wp-json\/wp\/v2\/media\/138390"}],"wp:attachment":[{"href":"https:\/\/espak.ee\/epood\/wp-json\/wp\/v2\/media?parent=138378"}],"wp:term":[{"taxonomy":"product_brand","embeddable":true,"href":"https:\/\/espak.ee\/epood\/wp-json\/wp\/v2\/product_brand?post=138378"},{"taxonomy":"product_cat","embeddable":true,"href":"https:\/\/espak.ee\/epood\/wp-json\/wp\/v2\/product_cat?post=138378"},{"taxonomy":"product_tag","embeddable":true,"href":"https:\/\/espak.ee\/epood\/wp-json\/wp\/v2\/product_tag?post=138378"}],"curies":[{"name":"wp","href":"https:\/\/api.w.org\/{rel}","templated":true}]}}