{"id":13837,"date":"2020-01-07T03:01:13","date_gmt":"2020-01-07T01:01:13","guid":{"rendered":"https:\/\/espak.ee\/hinnakiri\/?post_type=product&#038;p=13837"},"modified":"2025-12-01T23:48:09","modified_gmt":"2025-12-01T21:48:09","slug":"kristalliseeruv-tihendussegu-ceresit-cr-90-25kg","status":"publish","type":"product","link":"https:\/\/espak.ee\/epood\/toode\/kristalliseeruv-tihendussegu-ceresit-cr-90-25kg\/","title":{"rendered":"KRISTALLISEERUV TIHENDUSSEGU CERESIT CR-90 25KG"},"content":{"rendered":"<div class=\"row\"  id=\"row-1784410268\">\n\n\t<div id=\"col-1273173099\" class=\"col medium-9 small-12 large-9\"  >\n\t\t\t\t<div class=\"col-inner\"  >\n\t\t\t\n\t\t\t\n<h2>CR 90 Kristalliseeruv tihendussegu<\/h2>\n<p>Kristalliseeruv tihendussegu hoonete ja konstruktsioonielementide tihendamisek.<\/p>\n<div class=\"message-box relative\" style=\"padding-top:15px;padding-bottom:15px;\"><div class=\"message-box-bg-image bg-fill fill\" ><\/div><div class=\"message-box-bg-overlay bg-fill fill\" ><\/div><div class=\"container relative\"><div class=\"inner last-reset\">\n<div class=\"row align-middle align-center\"  id=\"row-1280696282\">\n\n\t<div id=\"col-1434256839\" class=\"col small-12 large-12\"  >\n\t\t\t\t<div class=\"col-inner text-left\"  >\n\t\t\t\n\t\t\t\n<h4>Omadused<\/h4>\n<div class=\"row\"  id=\"row-191255679\">\n\n\t<div id=\"col-858560548\" class=\"col medium-6 small-12 large-6\"  >\n\t\t\t\t<div class=\"col-inner\"  >\n\t\t\t\n\t\t\t\n<p><i class=\"fa fa-check fa-2x\"><\/i> <strong>Vastupidav positiivsele ja negatiivsele veesurvele<\/strong><\/p>\n<p><i class=\"fa fa-check fa-2x\"><\/i> <strong>Hingav ja k\u00fclmakindel<\/strong><\/p>\n\t\t<\/div>\n\t\t\t\t\n<style>\n#col-858560548 > .col-inner {\n  margin: 0px 0px 15px 0px;\n}\n<\/style>\n\t<\/div>\n\n\t\n<\/div>\n\t\t<\/div>\n\t\t\t\t\t<\/div>\n\n\t\n<\/div>\n<\/div><\/div><\/div>\n\t<div id=\"gap-954876510\" class=\"gap-element clearfix\" style=\"display:block; height:auto;\">\n\t\t\n<style>\n#gap-954876510 {\n  padding-top: 30px;\n}\n<\/style>\n\t<\/div>\n\t\n<h3>Kasutamise \u00fcksikasjad<\/h3>\n<p><strong>Kasutusala:<\/strong> Ceresit R 90 kasutatakse mittedeformeeruvate pragudeta mineraalpindade (betoon, tellis, krohv ja p\u00f5randasegu) h\u00fcdroisolatsiooniks. CR 90 toimib kaheti &#8211; moodustab h\u00fcdroisolatsioonikihi ja kasvatab ekspluatatsiooni k\u00e4igus pinnapooridesse kristallid. See protsess sulgeb aja jooksul kapillaarid ja vee m\u00f5lemasuunaline liikumine betoonis lakkab. CR 90 v\u00f5ib kasutada r\u00f5dudel, pjedestaalidel, hoonete maa-alustel osadel (keldriseinad, reoveepuhastusjaamad ja veepaagid &#8211; ka joogiveepaagid) kuni 15 m s\u00fcgavuse vee puhul. Sobib ka v\u00e4ikeste monoliitsete kuni 20 m\u00b2 basseinide h\u00fcdroisolatsiooniks.<\/p>\n<p><strong>Aluspinna ettevalmistus:<\/strong> CR 90 v\u00f5ib kasutada kandvatel, tihketel ja nakkumist takistavatest ainetest (m\u00e4\u00e4rde\u00f5lid, bituumen, tolm) puhastatud aluspindadel:<br \/>\n\u2013 v\u00e4hemalt B15 klassi betoon (\u00fcle 3 kuu vana),<br \/>\n\u2013 tsement- ja lubitsementkrohv paksusega > 10 mm ning valatud tsementpinnad (tugevusega > 12 MPa, v\u00e4hemalt 28 p\u00e4eva vanad),<br \/>\n\u2013 kiiresti kivistuv p\u00f5randasegu Ceresit CN 87 (v\u00e4hemalt 3 p\u00e4eva vana),<br \/>\n\u2013 t\u00e4isvuugiga laotud tellis- ja \u00f5\u00f5nesplokkidest m\u00fc\u00fcrid tugevusega > 6 MPa (\u00fcle 3 kuu vanad).<br \/>\nNimetatud aluspinnad peavad olema tasased, imavad ja poorsed. M\u00e4\u00e4rdunud kohad, v\u00e4ikese vastupidavusega pinnakihid ning mis tahes v\u00e4rvkatted ja nakkumist takistavate ainete j\u00e4\u00e4gid tuleb eemaldada. Eemaldada tuleb ka lubikrohv ja murenevad m\u00fc\u00fcrikihid. Pudenevad vuugid tuleb umbes 2 cm s\u00fcgavuselt s\u00fcvendada ning t\u00e4ita tugeva tsemendiseguga. S\u00fcgavad kahjustused ja t\u00fchimikud tuleb kinni m\u00fc\u00fcrida, t\u00e4ita tsemendisegu v\u00f5i betooniga. Ebatasased ja eba\u00fchtlase struktuuriga pinnad (nt tellis- ja kivim\u00fc\u00fcrid) tuleb katta tsementkrohviga. Servad \u201efaasida\u201d umbes 3 cm raadiusega, n\u00f5gusad nurgad \u00fcmardada umbes 4 cm raadiusega (tsemendiseguga v\u00f5i liivaga segatud montaa\u017eitsemendiga CX 5). Enne segu Ceresit CR 90 pealekandmist tuleb aluspinda veega immutada, v\u00e4ltides loikude teket. Vahetult enne segu pealekandmist peab aluspind olema mattniiske.<\/p>\n<p><strong>T\u00f6\u00f6de k\u00e4ik:<\/strong> Pakendi sisu puistata v\u00e4ljam\u00f5\u00f5detud kogusesse k\u00fclma puhtasse vette ja segada mikseriga tasasel kiirusel l\u00e4bi, kuni on saadud \u00fchtlane, t\u00fckkideta segumass. Segu konsistents tuleb valida s\u00f5ltuvalt pealekandmisviisist:<br \/>\n\u2013 pintsli v\u00f5i pihustiga pealekandmisel 8 l vett 25 kg CR 90 kohta<br \/>\n\u2013 h\u00f5\u00f5rutiga pealekandmisel 6 l vett 25 kg CR 90 kohta.<br \/>\nSegukiht kanda niiskele, kuid mitte m\u00e4rjale aluspinnale. Pihustiga pealekandmise korral kanda segu aluspinnale \u00fche soovitud paksusega kihina. K\u00e4sitsi pealekandmise korral kanda esimene CR 90 kiht peale laia pintsliga, j\u00e4rgmised kihid aga h\u00f5\u00f5ruti v\u00f5i pintsliga kahe kihina. Pintsliga pealekandmise korral kanda j\u00e4rgmised kihid alumise segukihi suhtes risti. V\u00e4rsket segukihti tuleb kaitsta liiga kiire kuivamise eest. J\u00e4rgmise kihi v\u00f5ib peale kanda siis, kui eelmine kiht hakkab juba kivistuma, kuid on veel niiske. Kahe p\u00e4eva p\u00e4rast v\u00f5ib segu pinnal juba k\u00e4ia, kuid isegi p\u00e4rast t\u00e4ielikku kivistumist ei tohi sellele avaldada \u00fclem\u00e4\u00e4ra tugevat mehaanilist survet.<\/p>\n<p><strong>T\u00e4helepanu:<\/strong> Mitte segada materjali muude side- ja t\u00e4iteainetega. Enne t\u00f6\u00f6de l\u00f5petamist tuleb kontrollida, kas aluspinnale on kantud n\u00f5utava paksusega CR 90 kiht. T\u00f6id tuleb teha kuivades tingimustes, kui \u00f5hu ja t\u00f6\u00f6deldava pinna temperatuur on + 5\u00b0 kuni + 25 \u00b0C. Segu CR 90 sisaldab tsementi ning selle segamisel veega tekib aluseline reaktsioon. Seet\u00f5ttu tuleb t\u00f6\u00f6tades silmi ja nahka kaitsta. Kui segu on sattunud silma, loputada silmi kohe rohke veega ning p\u00f6\u00f6rduda arsti poole. Kroom VI sisaldus \u2013 alla 2 ppm toote s\u00e4ilivusajal.<\/p>\n\t\t<\/div>\n\t\t\t\t\t<\/div>\n\n\t\n\n\t<div id=\"col-1173944024\" class=\"col medium-3 small-12 large-3\"  >\n\t\t\t\t<div class=\"col-inner\"  >\n\t\t\t\n\t\t\t\n\t<div id=\"gap-778543741\" class=\"gap-element clearfix\" style=\"display:block; height:auto;\">\n\t\t\n<style>\n#gap-778543741 {\n  padding-top: 30px;\n}\n<\/style>\n\t<\/div>\n\t\n<h3>Tehniline informatsioon<\/h3>\n<p><a href=\"https:\/\/espak.ee\/epood\/wp-content\/uploads\/CR90-tooteleht.pdf\" target=\"_blank\" rel=\"noopener noreferrer\"><i class=\"far fa-file-pdf\"><\/i> Tehniline info (PDF)<\/a><\/p>\n<h3>Ohutusalane teave<\/h3>\n<p><a href=\"https:\/\/espak.ee\/epood\/wp-content\/uploads\/CR90-ohutuskaart.pdf\" target=\"_blank\" rel=\"noopener noreferrer\"><i class=\"far fa-file-pdf\"><\/i> Ohutusalane teave (PDF)<\/a><\/p>\n<div class=\"is-divider divider clearfix\" ><\/div>\n<p><strong>\u00dcksikasjalikuma n\u00f5u saamiseks v\u00f5tke \u00fchendust:<br \/><\/strong>Henkel Balti<br \/>S\u00f5bra 56 B<br \/>51013<br \/>Tartu<br \/>+ 372 7305800<\/p>\n<div class=\"is-divider divider clearfix\" ><\/div>\n\t\t<\/div>\n\t\t\t\t\t<\/div>\n\n\t\n<\/div>\n","protected":false},"excerpt":{"rendered":"","protected":false},"featured_media":14601,"comment_status":"closed","ping_status":"open","template":"","meta":[],"product_brand":[],"product_cat":[2809,2698,2803,2697],"product_tag":[],"class_list":{"0":"post-13837","1":"product","2":"type-product","3":"status-publish","4":"has-post-thumbnail","6":"product_cat-erisegud","7":"product_cat-pahtlid-ja-kuivsegud","8":"product_cat-porandasegud","9":"product_cat-uldehitus","10":"pa_kaubamark-henkel-balti-ou","12":"first","13":"instock","14":"sale","15":"taxable","16":"shipping-taxable","17":"purchasable","18":"product-type-simple"},"yoast_head":"<!-- This site is optimized with the Yoast SEO plugin v26.9 - https:\/\/yoast.com\/product\/yoast-seo-wordpress\/ -->\n<title>KRISTALLISEERUV TIHENDUSSEGU CERESIT CR-90 25KG - Espak E-pood<\/title>\n<meta name=\"robots\" content=\"index, follow, max-snippet:-1, max-image-preview:large, max-video-preview:-1\" \/>\n<link rel=\"canonical\" href=\"https:\/\/espak.ee\/epood\/toode\/kristalliseeruv-tihendussegu-ceresit-cr-90-25kg\/\" \/>\n<meta property=\"og:locale\" content=\"et_EE\" \/>\n<meta property=\"og:type\" content=\"article\" \/>\n<meta property=\"og:title\" content=\"KRISTALLISEERUV TIHENDUSSEGU CERESIT CR-90 25KG - Espak E-pood\" \/>\n<meta property=\"og:url\" content=\"https:\/\/espak.ee\/epood\/toode\/kristalliseeruv-tihendussegu-ceresit-cr-90-25kg\/\" \/>\n<meta property=\"og:site_name\" content=\"Espak E-pood\" \/>\n<meta property=\"article:modified_time\" content=\"2025-12-01T21:48:09+00:00\" \/>\n<meta property=\"og:image\" content=\"https:\/\/espak.ee\/epood\/wp-content\/uploads\/cr90.jpg\" \/>\n\t<meta property=\"og:image:width\" content=\"500\" \/>\n\t<meta property=\"og:image:height\" content=\"500\" \/>\n\t<meta property=\"og:image:type\" content=\"image\/jpeg\" \/>\n<meta name=\"twitter:card\" content=\"summary_large_image\" \/>\n<meta name=\"twitter:label1\" content=\"Est. reading time\" \/>\n\t<meta name=\"twitter:data1\" content=\"3 minutit\" \/>\n<script type=\"application\/ld+json\" class=\"yoast-schema-graph\">{\"@context\":\"https:\/\/schema.org\",\"@graph\":[{\"@type\":\"WebPage\",\"@id\":\"https:\/\/espak.ee\/epood\/toode\/kristalliseeruv-tihendussegu-ceresit-cr-90-25kg\/\",\"url\":\"https:\/\/espak.ee\/epood\/toode\/kristalliseeruv-tihendussegu-ceresit-cr-90-25kg\/\",\"name\":\"KRISTALLISEERUV TIHENDUSSEGU CERESIT CR-90 25KG - Espak E-pood\",\"isPartOf\":{\"@id\":\"https:\/\/espak.ee\/epood\/#website\"},\"primaryImageOfPage\":{\"@id\":\"https:\/\/espak.ee\/epood\/toode\/kristalliseeruv-tihendussegu-ceresit-cr-90-25kg\/#primaryimage\"},\"image\":{\"@id\":\"https:\/\/espak.ee\/epood\/toode\/kristalliseeruv-tihendussegu-ceresit-cr-90-25kg\/#primaryimage\"},\"thumbnailUrl\":\"https:\/\/espak.ee\/epood\/wp-content\/uploads\/cr90.jpg\",\"datePublished\":\"2020-01-07T01:01:13+00:00\",\"dateModified\":\"2025-12-01T21:48:09+00:00\",\"breadcrumb\":{\"@id\":\"https:\/\/espak.ee\/epood\/toode\/kristalliseeruv-tihendussegu-ceresit-cr-90-25kg\/#breadcrumb\"},\"inLanguage\":\"et\",\"potentialAction\":[{\"@type\":\"ReadAction\",\"target\":[\"https:\/\/espak.ee\/epood\/toode\/kristalliseeruv-tihendussegu-ceresit-cr-90-25kg\/\"]}]},{\"@type\":\"ImageObject\",\"inLanguage\":\"et\",\"@id\":\"https:\/\/espak.ee\/epood\/toode\/kristalliseeruv-tihendussegu-ceresit-cr-90-25kg\/#primaryimage\",\"url\":\"https:\/\/espak.ee\/epood\/wp-content\/uploads\/cr90.jpg\",\"contentUrl\":\"https:\/\/espak.ee\/epood\/wp-content\/uploads\/cr90.jpg\",\"width\":500,\"height\":500},{\"@type\":\"BreadcrumbList\",\"@id\":\"https:\/\/espak.ee\/epood\/toode\/kristalliseeruv-tihendussegu-ceresit-cr-90-25kg\/#breadcrumb\",\"itemListElement\":[{\"@type\":\"ListItem\",\"position\":1,\"name\":\"Home\",\"item\":\"https:\/\/espak.ee\/epood\/\"},{\"@type\":\"ListItem\",\"position\":2,\"name\":\"Tootevalik\",\"item\":\"https:\/\/espak.ee\/epood\/tootevalik\/\"},{\"@type\":\"ListItem\",\"position\":3,\"name\":\"KRISTALLISEERUV TIHENDUSSEGU CERESIT CR-90 25KG\"}]},{\"@type\":\"WebSite\",\"@id\":\"https:\/\/espak.ee\/epood\/#website\",\"url\":\"https:\/\/espak.ee\/epood\/\",\"name\":\"Espak E-pood\",\"description\":\"\",\"potentialAction\":[{\"@type\":\"SearchAction\",\"target\":{\"@type\":\"EntryPoint\",\"urlTemplate\":\"https:\/\/espak.ee\/epood\/?s={search_term_string}\"},\"query-input\":{\"@type\":\"PropertyValueSpecification\",\"valueRequired\":true,\"valueName\":\"search_term_string\"}}],\"inLanguage\":\"et\"}]}<\/script>\n<!-- \/ Yoast SEO plugin. -->","yoast_head_json":{"title":"KRISTALLISEERUV TIHENDUSSEGU CERESIT CR-90 25KG - Espak E-pood","robots":{"index":"index","follow":"follow","max-snippet":"max-snippet:-1","max-image-preview":"max-image-preview:large","max-video-preview":"max-video-preview:-1"},"canonical":"https:\/\/espak.ee\/epood\/toode\/kristalliseeruv-tihendussegu-ceresit-cr-90-25kg\/","og_locale":"et_EE","og_type":"article","og_title":"KRISTALLISEERUV TIHENDUSSEGU CERESIT CR-90 25KG - Espak E-pood","og_url":"https:\/\/espak.ee\/epood\/toode\/kristalliseeruv-tihendussegu-ceresit-cr-90-25kg\/","og_site_name":"Espak E-pood","article_modified_time":"2025-12-01T21:48:09+00:00","og_image":[{"width":500,"height":500,"url":"https:\/\/espak.ee\/epood\/wp-content\/uploads\/cr90.jpg","type":"image\/jpeg"}],"twitter_card":"summary_large_image","twitter_misc":{"Est. reading time":"3 minutit"},"schema":{"@context":"https:\/\/schema.org","@graph":[{"@type":"WebPage","@id":"https:\/\/espak.ee\/epood\/toode\/kristalliseeruv-tihendussegu-ceresit-cr-90-25kg\/","url":"https:\/\/espak.ee\/epood\/toode\/kristalliseeruv-tihendussegu-ceresit-cr-90-25kg\/","name":"KRISTALLISEERUV TIHENDUSSEGU CERESIT CR-90 25KG - Espak E-pood","isPartOf":{"@id":"https:\/\/espak.ee\/epood\/#website"},"primaryImageOfPage":{"@id":"https:\/\/espak.ee\/epood\/toode\/kristalliseeruv-tihendussegu-ceresit-cr-90-25kg\/#primaryimage"},"image":{"@id":"https:\/\/espak.ee\/epood\/toode\/kristalliseeruv-tihendussegu-ceresit-cr-90-25kg\/#primaryimage"},"thumbnailUrl":"https:\/\/espak.ee\/epood\/wp-content\/uploads\/cr90.jpg","datePublished":"2020-01-07T01:01:13+00:00","dateModified":"2025-12-01T21:48:09+00:00","breadcrumb":{"@id":"https:\/\/espak.ee\/epood\/toode\/kristalliseeruv-tihendussegu-ceresit-cr-90-25kg\/#breadcrumb"},"inLanguage":"et","potentialAction":[{"@type":"ReadAction","target":["https:\/\/espak.ee\/epood\/toode\/kristalliseeruv-tihendussegu-ceresit-cr-90-25kg\/"]}]},{"@type":"ImageObject","inLanguage":"et","@id":"https:\/\/espak.ee\/epood\/toode\/kristalliseeruv-tihendussegu-ceresit-cr-90-25kg\/#primaryimage","url":"https:\/\/espak.ee\/epood\/wp-content\/uploads\/cr90.jpg","contentUrl":"https:\/\/espak.ee\/epood\/wp-content\/uploads\/cr90.jpg","width":500,"height":500},{"@type":"BreadcrumbList","@id":"https:\/\/espak.ee\/epood\/toode\/kristalliseeruv-tihendussegu-ceresit-cr-90-25kg\/#breadcrumb","itemListElement":[{"@type":"ListItem","position":1,"name":"Home","item":"https:\/\/espak.ee\/epood\/"},{"@type":"ListItem","position":2,"name":"Tootevalik","item":"https:\/\/espak.ee\/epood\/tootevalik\/"},{"@type":"ListItem","position":3,"name":"KRISTALLISEERUV TIHENDUSSEGU CERESIT CR-90 25KG"}]},{"@type":"WebSite","@id":"https:\/\/espak.ee\/epood\/#website","url":"https:\/\/espak.ee\/epood\/","name":"Espak E-pood","description":"","potentialAction":[{"@type":"SearchAction","target":{"@type":"EntryPoint","urlTemplate":"https:\/\/espak.ee\/epood\/?s={search_term_string}"},"query-input":{"@type":"PropertyValueSpecification","valueRequired":true,"valueName":"search_term_string"}}],"inLanguage":"et"}]}},"_links":{"self":[{"href":"https:\/\/espak.ee\/epood\/wp-json\/wp\/v2\/product\/13837","targetHints":{"allow":["GET"]}}],"collection":[{"href":"https:\/\/espak.ee\/epood\/wp-json\/wp\/v2\/product"}],"about":[{"href":"https:\/\/espak.ee\/epood\/wp-json\/wp\/v2\/types\/product"}],"replies":[{"embeddable":true,"href":"https:\/\/espak.ee\/epood\/wp-json\/wp\/v2\/comments?post=13837"}],"wp:featuredmedia":[{"embeddable":true,"href":"https:\/\/espak.ee\/epood\/wp-json\/wp\/v2\/media\/14601"}],"wp:attachment":[{"href":"https:\/\/espak.ee\/epood\/wp-json\/wp\/v2\/media?parent=13837"}],"wp:term":[{"taxonomy":"product_brand","embeddable":true,"href":"https:\/\/espak.ee\/epood\/wp-json\/wp\/v2\/product_brand?post=13837"},{"taxonomy":"product_cat","embeddable":true,"href":"https:\/\/espak.ee\/epood\/wp-json\/wp\/v2\/product_cat?post=13837"},{"taxonomy":"product_tag","embeddable":true,"href":"https:\/\/espak.ee\/epood\/wp-json\/wp\/v2\/product_tag?post=13837"}],"curies":[{"name":"wp","href":"https:\/\/api.w.org\/{rel}","templated":true}]}}