{"id":13836,"date":"2020-01-07T03:01:13","date_gmt":"2020-01-07T01:01:13","guid":{"rendered":"https:\/\/espak.ee\/hinnakiri\/?post_type=product&#038;p=13836"},"modified":"2025-10-02T16:45:15","modified_gmt":"2025-10-02T13:45:15","slug":"hudroisolatsioonisegu-ceresit-cr-65-25kg","status":"publish","type":"product","link":"https:\/\/espak.ee\/epood\/toode\/hudroisolatsioonisegu-ceresit-cr-65-25kg\/","title":{"rendered":"H\u00dcDROISOLATSIOONISEGU CERESIT CR-65 25KG"},"content":{"rendered":"<div class=\"row\"  id=\"row-281340525\">\n\n\t<div id=\"col-189521088\" class=\"col medium-9 small-12 large-9\"  >\n\t\t\t\t<div class=\"col-inner\"  >\n\t\t\t\n\t\t\t\n<h2>CR 65 H\u00fcdroisolatsioonisegu<\/h2>\n<p>Hoonete ja konstruktsioonielementide h\u00fcdroisolatsiooniks.<\/p>\n<div class=\"message-box relative\" style=\"padding-top:15px;padding-bottom:15px;\"><div class=\"message-box-bg-image bg-fill fill\" ><\/div><div class=\"message-box-bg-overlay bg-fill fill\" ><\/div><div class=\"container relative\"><div class=\"inner last-reset\">\n<div class=\"row align-middle align-center\"  id=\"row-1313485361\">\n\n\t<div id=\"col-2139853572\" class=\"col small-12 large-12\"  >\n\t\t\t\t<div class=\"col-inner text-left\"  >\n\t\t\t\n\t\t\t\n<h4>Omadused<\/h4>\n<div class=\"row\"  id=\"row-1489945114\">\n\n\t<div id=\"col-1919930590\" class=\"col medium-6 small-12 large-6\"  >\n\t\t\t\t<div class=\"col-inner\"  >\n\t\t\t\n\t\t\t\n<p><i class=\"fa fa-check fa-2x\"><\/i> <strong>Hingav<\/strong><\/p>\n<p><i class=\"fa fa-check fa-2x\"><\/i> <strong>K\u00fclmakindel<\/strong><\/p>\n\t\t<\/div>\n\t\t\t\t\n<style>\n#col-1919930590 > .col-inner {\n  margin: 0px 0px 15px 0px;\n}\n<\/style>\n\t<\/div>\n\n\t\n\n\t<div id=\"col-849439421\" class=\"col medium-6 small-12 large-6\"  >\n\t\t\t\t<div class=\"col-inner\"  >\n\t\t\t\n\t\t\t\n<p><i class=\"fa fa-check fa-2x\"><\/i> <strong>Pintsli v\u00f5i h\u00f5\u00f5rutiga pealekantav<\/strong><\/p>\n<p><i class=\"fa fa-check fa-2x\"><\/i> <strong>1-komponentne<\/strong><\/p>\n\t\t<\/div>\n\t\t\t\t\n<style>\n#col-849439421 > .col-inner {\n  margin: 0px 0px 15px 0px;\n}\n<\/style>\n\t<\/div>\n\n\t\n<\/div>\n\t\t<\/div>\n\t\t\t\t\t<\/div>\n\n\t\n<\/div>\n<\/div><\/div><\/div>\n\t<div id=\"gap-1590495810\" class=\"gap-element clearfix\" style=\"display:block; height:auto;\">\n\t\t\n<style>\n#gap-1590495810 {\n  padding-top: 30px;\n}\n<\/style>\n\t<\/div>\n\t\n<h3>Kasutamise \u00fcksikasjad<\/h3>\n<p><strong>Kasutusala:<\/strong> Kasutatav  monoliitsete veepaakide, joogiveepaakide ja \u22645 m s\u00fcgavuste basseinide seest tihendamiseks. Sobib vanade hoonete v\u00f5i maa-aluste elementide h\u00fcdroisolatsiooniks. CR 65 kantakse j\u00e4ikadele pragudeta betoon-, tellis-, krohv- ja p\u00f5randapindadele.<\/p>\n<p><strong>Aluspinna ettevalmistus:<\/strong> Segu CR 65 v\u00f5ib kasutada kandvatel, j\u00e4ikadel ning segu nakkumist takistavatest ainetest (n\u00e4iteks m\u00e4\u00e4rde\u00f5lidest, bituumenist, tolmust) puhastatud pindadel:<br \/>\n&#8211; betoonil, v\u00e4hemalt klass C12\/15 (vanusega \u00fcle 3 kuu);<br \/>\n&#8211; valatud tsementp\u00f5randatel, paksusega \u2265 10 mm ning &#8211; tsementkrohvil (vastupidavusega \u2265 12 Mpa, vanusega v\u00e4hemalt 28 p\u00e4eva);<br \/>\n&#8211; kiiresti kivistuval p\u00f5randasegul Ceresit CN 87 (vanusega v\u00e4hemalt 3 p\u00e4eva);<br \/>\n&#8211; telliskividest ning maakividest m\u00fc\u00fcridel (vastupidavusega \u2265 6 Mpa, vanusega v\u00e4hemalt 3 kuud).<br \/>\nAluspinnad peavad olema tasased, v\u00e4ikese niiskusesisaldusega ning poorse pealispinnaga. Seda segu ei saa kasutada kips-, anh\u00fcdriidtsement- ning gaasbetoonist p\u00f5randate korral. M\u00e4\u00e4rdunud kohad, kooruvad v\u00f5i v\u00e4ikese vastupidavusega kihid ning mistahes v\u00e4rvikihid v\u00f5i muud preparaatide imendumist takistavad ained tuleb aluspindadelt eemaldada. \u00dcle lihvides tuleb puhastada ka lubjakrohvist ning tsementlubjast pinnad, samuti seinte pragunenud pealiskiht. Murenenud segukihid tuleb eemaldada umbes 2 cm s\u00fcgavuselt ning seej\u00e4rel tuleb kivide vahed t\u00e4ita tugeva tsemendiseguga (n\u00e4it. CX 5). S\u00fcgavad defektid ning m\u00fc\u00fcriaugud tuleb eraldi kinni m\u00fc\u00fcrida, t\u00e4ites need kas tsemendisegu v\u00f5i betooniga. Ebatasase pinnaga v\u00f5i erineva struktuuriga materjalidest aluspinnad (nt. m\u00fc\u00fcrid, mis on laotud nii tellistest kui ka kividest) tuleb katta tsementkrohvi kihiga. \u00c4\u00e4red tuleb \u201cfaasida\u201d umbes 3 cm ulatuses ja v\u00e4ljaulatuvad nurgad tuleb \u00fcmardada umbes 4 cm raadiusega (kas tsemendiseguga v\u00f5i liivaga segatud CX 5-ga). Enne aluspinna katmist CR 65-ga tuleb seda niisutada veega, kuid nii, et ei tekiks liiga suuri loike.<\/p>\n<p><strong>T\u00f6\u00f6de k\u00e4ik:<\/strong> Pakendi sisu puistata t\u00e4pselt v\u00e4lja m\u00f5\u00f5detud puhtasse k\u00fclma vette ning segada mikseriga hoolikalt l\u00e4bi, kuni on saadud \u00fchtlane, ilma t\u00fckkideta mass. Vajalik segukonsistents oleneb selle aluspinnale peale kandmise viisist:<br \/>\n&#8211; pintsliga pealekandmiseks: 2,5 mahuosa CR 65 segada 1 osa veega;<br \/>\n&#8211; harjaga pealekandmiseks: 3 osa CR 65 segada 1 osa veega.<br \/>\nValmis segu tuleb kanda niiskele, kuid mitte m\u00e4rjale aluspinnale. Pihusti kasutamisel kanda segu peale \u00fche kihina, kuni on saadud soovitud paksusega segukiht. K\u00e4sitsi pealekandmisel on esimene CR 65 kiht soovitav alati peale kanda pintsliga (lameda ja laia pintsliga), teine segukiht harja v\u00f5i pintsliga kahekordse kihina. Pintsli kasutamisel tuleb kihid peale kanda ristipidiste pintslit\u00f5mmetega. V\u00e4rskelt pealekantud segukihti tuleb tingimata hoida liiga kiire kuivamise eest. Teise kihi v\u00f5ib peale kanda alles siis, kui alumine kiht on juba k\u00f5venenud, kuid veel veidi niiske. J\u00e4rgmiste kihtide pealekandmise vaheline aeg ei tohi olla \u00fcle 12 tunni. 2 p\u00e4eva p\u00e4rast v\u00f5ib pealekantud segukihil juba k\u00e4ia, kuid ka juba t\u00e4ielikult kuivanud materjal ei ole v\u00e4ga vastupidav liiga intensiivsele mehaanilisele koormusele.<\/p>\n<p><strong>T\u00e4helepanu:<\/strong> Mitte segada materjali teiste segude v\u00f5i t\u00e4idistega! T\u00f6id tuleb l\u00e4bi viia kuivades tingimustes, kui \u00f5hu ning t\u00f6\u00f6deldavate pindade temperatuur on + 5\u00b0 kuni + 25 \u00b0C. Segu CR 65 sisaldab tsementi ning selle segamisel veega tekib aluseline reaktsioon. Seet\u00f5ttu tuleb t\u00f6\u00f6tades nahka ja silmi kaitsta. Kui segu on sattunud silma, loputada kohe rohke veega ning p\u00f6\u00f6rduda arsti poole. Kroom VI sisaldus &#8211; alla 2 ppm toote s\u00e4ilivusaja jooksul.<\/p>\n\t\t<\/div>\n\t\t\t\t\t<\/div>\n\n\t\n\n\t<div id=\"col-1284133655\" class=\"col medium-3 small-12 large-3\"  >\n\t\t\t\t<div class=\"col-inner\"  >\n\t\t\t\n\t\t\t\n\t<div id=\"gap-1654625363\" class=\"gap-element clearfix\" style=\"display:block; height:auto;\">\n\t\t\n<style>\n#gap-1654625363 {\n  padding-top: 30px;\n}\n<\/style>\n\t<\/div>\n\t\n<h3>Tehniline informatsioon<\/h3>\n<p><a href=\"https:\/\/espak.ee\/epood\/wp-content\/uploads\/CR65-tooteleht.pdf\" target=\"_blank\" rel=\"noopener noreferrer\"><i class=\"far fa-file-pdf\"><\/i> Tehniline info (PDF)<\/a><\/p>\n<h3>Ohutusalane teave<\/h3>\n<p><a href=\"https:\/\/espak.ee\/epood\/wp-content\/uploads\/CR65-ohutuskaart.pdf\" target=\"_blank\" rel=\"noopener noreferrer\"><i class=\"far fa-file-pdf\"><\/i> Ohutusalane teave (PDF)<\/a><\/p>\n<div class=\"is-divider divider clearfix\" ><\/div>\n<p><strong>\u00dcksikasjalikuma n\u00f5u saamiseks v\u00f5tke \u00fchendust:<br \/><\/strong>Henkel Balti<br \/>S\u00f5bra 56 B<br \/>51013<br \/>Tartu<br \/>+ 372 7305800<\/p>\n<div class=\"is-divider divider clearfix\" ><\/div>\n\t\t<\/div>\n\t\t\t\t\t<\/div>\n\n\t\n<\/div>\n","protected":false},"excerpt":{"rendered":"","protected":false},"featured_media":14595,"comment_status":"closed","ping_status":"open","template":"","meta":[],"product_brand":[],"product_cat":[2809,2698,2803,2697],"product_tag":[],"class_list":{"0":"post-13836","1":"product","2":"type-product","3":"status-publish","4":"has-post-thumbnail","6":"product_cat-erisegud","7":"product_cat-pahtlid-ja-kuivsegud","8":"product_cat-porandasegud","9":"product_cat-uldehitus","10":"pa_kaubamark-henkel-balti-ou","12":"first","13":"instock","14":"sale","15":"taxable","16":"shipping-taxable","17":"purchasable","18":"product-type-simple"},"yoast_head":"<!-- This site is optimized with the Yoast SEO plugin v26.9 - https:\/\/yoast.com\/product\/yoast-seo-wordpress\/ -->\n<title>H\u00dcDROISOLATSIOONISEGU CERESIT CR-65 25KG - Espak E-pood<\/title>\n<meta name=\"robots\" content=\"index, follow, max-snippet:-1, max-image-preview:large, max-video-preview:-1\" \/>\n<link rel=\"canonical\" href=\"https:\/\/espak.ee\/epood\/toode\/hudroisolatsioonisegu-ceresit-cr-65-25kg\/\" \/>\n<meta property=\"og:locale\" content=\"et_EE\" \/>\n<meta property=\"og:type\" content=\"article\" \/>\n<meta property=\"og:title\" content=\"H\u00dcDROISOLATSIOONISEGU CERESIT CR-65 25KG - Espak E-pood\" \/>\n<meta property=\"og:url\" content=\"https:\/\/espak.ee\/epood\/toode\/hudroisolatsioonisegu-ceresit-cr-65-25kg\/\" \/>\n<meta property=\"og:site_name\" content=\"Espak E-pood\" \/>\n<meta property=\"article:modified_time\" content=\"2025-10-02T13:45:15+00:00\" \/>\n<meta property=\"og:image\" content=\"https:\/\/espak.ee\/epood\/wp-content\/uploads\/cr65.jpg\" \/>\n\t<meta property=\"og:image:width\" content=\"867\" \/>\n\t<meta property=\"og:image:height\" content=\"867\" \/>\n\t<meta property=\"og:image:type\" content=\"image\/jpeg\" \/>\n<meta name=\"twitter:card\" content=\"summary_large_image\" \/>\n<meta name=\"twitter:label1\" content=\"Est. reading time\" \/>\n\t<meta name=\"twitter:data1\" content=\"3 minutit\" \/>\n<script type=\"application\/ld+json\" class=\"yoast-schema-graph\">{\"@context\":\"https:\/\/schema.org\",\"@graph\":[{\"@type\":\"WebPage\",\"@id\":\"https:\/\/espak.ee\/epood\/toode\/hudroisolatsioonisegu-ceresit-cr-65-25kg\/\",\"url\":\"https:\/\/espak.ee\/epood\/toode\/hudroisolatsioonisegu-ceresit-cr-65-25kg\/\",\"name\":\"H\u00dcDROISOLATSIOONISEGU CERESIT CR-65 25KG - Espak E-pood\",\"isPartOf\":{\"@id\":\"https:\/\/espak.ee\/epood\/#website\"},\"primaryImageOfPage\":{\"@id\":\"https:\/\/espak.ee\/epood\/toode\/hudroisolatsioonisegu-ceresit-cr-65-25kg\/#primaryimage\"},\"image\":{\"@id\":\"https:\/\/espak.ee\/epood\/toode\/hudroisolatsioonisegu-ceresit-cr-65-25kg\/#primaryimage\"},\"thumbnailUrl\":\"https:\/\/espak.ee\/epood\/wp-content\/uploads\/cr65.jpg\",\"datePublished\":\"2020-01-07T01:01:13+00:00\",\"dateModified\":\"2025-10-02T13:45:15+00:00\",\"breadcrumb\":{\"@id\":\"https:\/\/espak.ee\/epood\/toode\/hudroisolatsioonisegu-ceresit-cr-65-25kg\/#breadcrumb\"},\"inLanguage\":\"et\",\"potentialAction\":[{\"@type\":\"ReadAction\",\"target\":[\"https:\/\/espak.ee\/epood\/toode\/hudroisolatsioonisegu-ceresit-cr-65-25kg\/\"]}]},{\"@type\":\"ImageObject\",\"inLanguage\":\"et\",\"@id\":\"https:\/\/espak.ee\/epood\/toode\/hudroisolatsioonisegu-ceresit-cr-65-25kg\/#primaryimage\",\"url\":\"https:\/\/espak.ee\/epood\/wp-content\/uploads\/cr65.jpg\",\"contentUrl\":\"https:\/\/espak.ee\/epood\/wp-content\/uploads\/cr65.jpg\",\"width\":867,\"height\":867},{\"@type\":\"BreadcrumbList\",\"@id\":\"https:\/\/espak.ee\/epood\/toode\/hudroisolatsioonisegu-ceresit-cr-65-25kg\/#breadcrumb\",\"itemListElement\":[{\"@type\":\"ListItem\",\"position\":1,\"name\":\"Home\",\"item\":\"https:\/\/espak.ee\/epood\/\"},{\"@type\":\"ListItem\",\"position\":2,\"name\":\"Tootevalik\",\"item\":\"https:\/\/espak.ee\/epood\/tootevalik\/\"},{\"@type\":\"ListItem\",\"position\":3,\"name\":\"H\u00dcDROISOLATSIOONISEGU CERESIT CR-65 25KG\"}]},{\"@type\":\"WebSite\",\"@id\":\"https:\/\/espak.ee\/epood\/#website\",\"url\":\"https:\/\/espak.ee\/epood\/\",\"name\":\"Espak E-pood\",\"description\":\"\",\"potentialAction\":[{\"@type\":\"SearchAction\",\"target\":{\"@type\":\"EntryPoint\",\"urlTemplate\":\"https:\/\/espak.ee\/epood\/?s={search_term_string}\"},\"query-input\":{\"@type\":\"PropertyValueSpecification\",\"valueRequired\":true,\"valueName\":\"search_term_string\"}}],\"inLanguage\":\"et\"}]}<\/script>\n<!-- \/ Yoast SEO plugin. -->","yoast_head_json":{"title":"H\u00dcDROISOLATSIOONISEGU CERESIT CR-65 25KG - Espak E-pood","robots":{"index":"index","follow":"follow","max-snippet":"max-snippet:-1","max-image-preview":"max-image-preview:large","max-video-preview":"max-video-preview:-1"},"canonical":"https:\/\/espak.ee\/epood\/toode\/hudroisolatsioonisegu-ceresit-cr-65-25kg\/","og_locale":"et_EE","og_type":"article","og_title":"H\u00dcDROISOLATSIOONISEGU CERESIT CR-65 25KG - Espak E-pood","og_url":"https:\/\/espak.ee\/epood\/toode\/hudroisolatsioonisegu-ceresit-cr-65-25kg\/","og_site_name":"Espak E-pood","article_modified_time":"2025-10-02T13:45:15+00:00","og_image":[{"width":867,"height":867,"url":"https:\/\/espak.ee\/epood\/wp-content\/uploads\/cr65.jpg","type":"image\/jpeg"}],"twitter_card":"summary_large_image","twitter_misc":{"Est. reading time":"3 minutit"},"schema":{"@context":"https:\/\/schema.org","@graph":[{"@type":"WebPage","@id":"https:\/\/espak.ee\/epood\/toode\/hudroisolatsioonisegu-ceresit-cr-65-25kg\/","url":"https:\/\/espak.ee\/epood\/toode\/hudroisolatsioonisegu-ceresit-cr-65-25kg\/","name":"H\u00dcDROISOLATSIOONISEGU CERESIT CR-65 25KG - Espak E-pood","isPartOf":{"@id":"https:\/\/espak.ee\/epood\/#website"},"primaryImageOfPage":{"@id":"https:\/\/espak.ee\/epood\/toode\/hudroisolatsioonisegu-ceresit-cr-65-25kg\/#primaryimage"},"image":{"@id":"https:\/\/espak.ee\/epood\/toode\/hudroisolatsioonisegu-ceresit-cr-65-25kg\/#primaryimage"},"thumbnailUrl":"https:\/\/espak.ee\/epood\/wp-content\/uploads\/cr65.jpg","datePublished":"2020-01-07T01:01:13+00:00","dateModified":"2025-10-02T13:45:15+00:00","breadcrumb":{"@id":"https:\/\/espak.ee\/epood\/toode\/hudroisolatsioonisegu-ceresit-cr-65-25kg\/#breadcrumb"},"inLanguage":"et","potentialAction":[{"@type":"ReadAction","target":["https:\/\/espak.ee\/epood\/toode\/hudroisolatsioonisegu-ceresit-cr-65-25kg\/"]}]},{"@type":"ImageObject","inLanguage":"et","@id":"https:\/\/espak.ee\/epood\/toode\/hudroisolatsioonisegu-ceresit-cr-65-25kg\/#primaryimage","url":"https:\/\/espak.ee\/epood\/wp-content\/uploads\/cr65.jpg","contentUrl":"https:\/\/espak.ee\/epood\/wp-content\/uploads\/cr65.jpg","width":867,"height":867},{"@type":"BreadcrumbList","@id":"https:\/\/espak.ee\/epood\/toode\/hudroisolatsioonisegu-ceresit-cr-65-25kg\/#breadcrumb","itemListElement":[{"@type":"ListItem","position":1,"name":"Home","item":"https:\/\/espak.ee\/epood\/"},{"@type":"ListItem","position":2,"name":"Tootevalik","item":"https:\/\/espak.ee\/epood\/tootevalik\/"},{"@type":"ListItem","position":3,"name":"H\u00dcDROISOLATSIOONISEGU CERESIT CR-65 25KG"}]},{"@type":"WebSite","@id":"https:\/\/espak.ee\/epood\/#website","url":"https:\/\/espak.ee\/epood\/","name":"Espak E-pood","description":"","potentialAction":[{"@type":"SearchAction","target":{"@type":"EntryPoint","urlTemplate":"https:\/\/espak.ee\/epood\/?s={search_term_string}"},"query-input":{"@type":"PropertyValueSpecification","valueRequired":true,"valueName":"search_term_string"}}],"inLanguage":"et"}]}},"_links":{"self":[{"href":"https:\/\/espak.ee\/epood\/wp-json\/wp\/v2\/product\/13836","targetHints":{"allow":["GET"]}}],"collection":[{"href":"https:\/\/espak.ee\/epood\/wp-json\/wp\/v2\/product"}],"about":[{"href":"https:\/\/espak.ee\/epood\/wp-json\/wp\/v2\/types\/product"}],"replies":[{"embeddable":true,"href":"https:\/\/espak.ee\/epood\/wp-json\/wp\/v2\/comments?post=13836"}],"wp:featuredmedia":[{"embeddable":true,"href":"https:\/\/espak.ee\/epood\/wp-json\/wp\/v2\/media\/14595"}],"wp:attachment":[{"href":"https:\/\/espak.ee\/epood\/wp-json\/wp\/v2\/media?parent=13836"}],"wp:term":[{"taxonomy":"product_brand","embeddable":true,"href":"https:\/\/espak.ee\/epood\/wp-json\/wp\/v2\/product_brand?post=13836"},{"taxonomy":"product_cat","embeddable":true,"href":"https:\/\/espak.ee\/epood\/wp-json\/wp\/v2\/product_cat?post=13836"},{"taxonomy":"product_tag","embeddable":true,"href":"https:\/\/espak.ee\/epood\/wp-json\/wp\/v2\/product_tag?post=13836"}],"curies":[{"name":"wp","href":"https:\/\/api.w.org\/{rel}","templated":true}]}}