{"id":13828,"date":"2020-01-07T03:01:13","date_gmt":"2020-01-07T01:01:13","guid":{"rendered":"https:\/\/espak.ee\/hinnakiri\/?post_type=product&#038;p=13828"},"modified":"2024-03-23T00:03:15","modified_gmt":"2024-03-22T22:03:15","slug":"elastne-hudroisolatsioonimass-ceresit-cl-50-125kg","status":"publish","type":"product","link":"https:\/\/espak.ee\/epood\/toode\/elastne-hudroisolatsioonimass-ceresit-cl-50-125kg\/","title":{"rendered":"ELASTNE H\u00dcDROISOLATSIOONIMASS CERESIT CL-50 12,5KG"},"content":{"rendered":"<div class=\"row\"  id=\"row-893653776\">\n\n\t<div id=\"col-722062631\" class=\"col medium-9 small-12 large-9\"  >\n\t\t\t\t<div class=\"col-inner\"  >\n\t\t\t\n\t\t\t\n<h2>CL 50 Elastne h\u00fcdroisolatsioonimass<\/h2>\n<p>Kahest p\u00f5hikomponendist koosnev tsemendi-dispersioonimass veekindla vahekihi moodustamiseks keraamiliste plaatide, looduskivi jms alla .<\/p>\n<div class=\"message-box relative\" style=\"padding-top:15px;padding-bottom:15px;\"><div class=\"message-box-bg-image bg-fill fill\" ><\/div><div class=\"message-box-bg-overlay bg-fill fill\" ><\/div><div class=\"container relative\"><div class=\"inner last-reset\">\n<div class=\"row align-middle align-center\"  id=\"row-1994212480\">\n\n\t<div id=\"col-2109747556\" class=\"col small-12 large-12\"  >\n\t\t\t\t<div class=\"col-inner text-left\"  >\n\t\t\t\n\t\t\t\n<h4>Omadused<\/h4>\n<div class=\"row\"  id=\"row-1349678583\">\n\n\t<div id=\"col-1796036665\" class=\"col medium-6 small-12 large-6\"  >\n\t\t\t\t<div class=\"col-inner\"  >\n\t\t\t\n\t\t\t\n<p><i class=\"fa fa-check fa-2x\"><\/i> <strong>Veekindel<\/strong><\/p>\n<p><i class=\"fa fa-check fa-2x\"><\/i> <strong>Sise- ja v\u00e4list\u00f6\u00f6deks<\/strong><\/p>\n\t\t<\/div>\n\t\t\t\t\n<style>\n#col-1796036665 > .col-inner {\n  margin: 0px 0px 15px 0px;\n}\n<\/style>\n\t<\/div>\n\n\t\n\n\t<div id=\"col-939538278\" class=\"col medium-6 small-12 large-6\"  >\n\t\t\t\t<div class=\"col-inner\"  >\n\t\t\t\n\t\t\t\n<p><i class=\"fa fa-check fa-2x\"><\/i> <strong>Katab aluspinnas esinevad praod<\/strong><\/p>\n<p><i class=\"fa fa-check fa-2x\"><\/i> <strong>Ei sisalda lahusteid<\/strong><\/p>\n\t\t<\/div>\n\t\t\t\t\n<style>\n#col-939538278 > .col-inner {\n  margin: 0px 0px 15px 0px;\n}\n<\/style>\n\t<\/div>\n\n\t\n<\/div>\n\t\t<\/div>\n\t\t\t\t\t<\/div>\n\n\t\n<\/div>\n<\/div><\/div><\/div>\n\t<div id=\"gap-1669931859\" class=\"gap-element clearfix\" style=\"display:block; height:auto;\">\n\t\t\n<style>\n#gap-1669931859 {\n  padding-top: 30px;\n}\n<\/style>\n\t<\/div>\n\t\n<h3>Kasutamise \u00fcksikasjad<\/h3>\n<p><strong>Kasutusala:<\/strong> H\u00fcdroisolatsioonimass Ceresit CL 50 on ette n\u00e4htud niiskusja veet\u00f5kete tegemiseks. Ceresit CL 50 on m\u00f5eldud aluspindade tihendamiseks enne keraamiliste plaatide ja looduskivi paigaldamist. Materjal kantakse krohvi- ja tsementpindadele kas pintsli v\u00f5i rulli abil. T\u00e4nu kiirele sidestumisele v\u00f5ib CL 50-ga t\u00f6\u00f6deldud aluspindadele hakata plaate kinnitama juba samal p\u00e4eval. Materjali soovitatakse kasutada pidevalt m\u00e4rgades v\u00f5i perioodiliselt niisketes ja veega kokkupuutuvates kohtades, nt basseinides, terrassidel, vannitubades, \u00fchiskasutatavates du\u0161i- ja pesuruumides, tualettruumides, k\u00f6\u00f6kides ning ruumides, mille p\u00f5randas asuvad vee\u00e4ravooluavad. CL 50-t v\u00f5ib kasutada betoon-, valatud tsement- v\u00f5i tsementkrohvipindadel (ka k\u00f6etavatel), lubitsementkrohvil, t\u00e4isvuugiga laotud m\u00fc\u00fcritistel, gaasbetoon- ja anh\u00fcdriitpindadel, kipspindadel ja kipskrohvil ning kipsplaatidel.<\/p>\n<p><strong>Aluspinna ettevalmistus:<\/strong> CL 50 h\u00fcdroisolatsioonimassi v\u00f5ib kasutada j\u00e4ikadel, kandvatel, kuivadel ning l\u00f5plikult valminud aluspindadel, mis on materjali nakkuvust takistavatest ainetest (nt \u00f5lid ja tolm) puhastatud. Aluspinna pealmine kiht peab olema tasane ja suurte pragudeta. Aluspinnal olevad m\u00e4\u00e4rdunud kohad, vanad kooruvad kihid ning v\u00e4rvikihid tuleb mehaaniliselt eemaldada. Tolmavad aluspinnad tuleb harjaga puhastada. Anh\u00fcdriitpinnad (niiskus < 0,5%) tuleb mehaaniliselt \u00fcle lihvida ja lihvimistolmust puhastada. Kipsplaadid kinnitatakse plaatide tootja suuniste kohaselt. Lihvitud ja lihvimistolmust puhastatud aluspindade ja kipskrohvi paksus peab olema > 10 mm ja niiskus < 1%.\nAluspinnad kruntida vahendiga CT 17 v\u00f5i CN 94 (lahjendatud veega suhtes 1 : 3 (CN 94 : vesi)) ja lasta kruntimisvahendil v\u00e4hemalt kaks tundi kuivada. Pinnad peavad olema v\u00e4ljastpoolt niiskuse sisseimbumise vastu kindlustatud, nt seinte v\u00f5i vahelagede abil.<\/p>\n<p><strong>T\u00f6\u00f6de k\u00e4ik:<\/strong> CL 50 pakend sisaldab m\u00f5lemat isolatsioonikomponenti. Koostisaine B (vedelik) tuleb valada n\u00f5usse ja seej\u00e4rel puistata juurde koostisaine A (pulber), segades pidevalt aeglasel kiirusel mikseriga, kuni on saadud \u00fchtlane t\u00fckkideta segumass. Koostisainete segamisel tuleb j\u00e4lgida, et nende kaalusuhe oleks 1,5 : 1. Lasta segul viis minutit seista ja segada uuesti l\u00e4bi. Materjali v\u00f5ib peale kanda h\u00f5\u00f5ruti v\u00f5i pintsliga. Veekindla aluspinna saamiseks tuleb peale kanda v\u00e4hemalt kaks CL 50 kihti, mille kogupaksus kuivanuna peab olema v\u00e4hemalt 2 mm. Esimene kiht kantakse peale pintsliga. Teise kihi pealekandmist v\u00f5ib alustada umbes kahe tunni p\u00e4rast, kui esimene kiht on sidestunud ja hakanud v\u00e4rvust muutma. Teine kiht kantakse peale esimese kihiga risti. \u00dche CL 50 kihi paksus ei tohi \u00fcletada 1,0 mm. CL 50 kulu on 1,65 kg\/m2 iga 1 mm paksuse kuivanud kihi kohta. Terrassidel, r\u00f5dudel ja basseinides peab pealekantud CL 50 isolatsioonikihi kogupaksus kuivanuna olema v\u00e4hemalt 2,5 mm. Kui aluspinda kaitstakse p\u00f5hjavee v\u00f5i surveta vee sisseimbumise vastu, peab pealekantud isolatsioonikihi kogupaksus kuivanuna olema v\u00e4hemalt 2 mm. M\u00e4rgades ruumides tuleb vahekihti nurkades ja paisumisvuukides tugevdada CL 152 tihenduslindiga. Lint tuleb kleepida v\u00e4rskelt peale kantud esimese CL 50 kihi peale ja katta materjali teise kihiga. Terrassidel ja r\u00f5dudel tuleb isolatsioonikihi tugevdamiseks sellistes erilistes kohtades nagu vertikaal- ja horisontaalpinna liitekohad, \u00e4ravoolutrapid ja -rennid, kohad, kus kasutatakse plekkdetaile jms, kasutada CL 152 tihenduslinti v\u00f5i CL 150 but\u00fc\u00fcllinti. Paisumisvuukides kasutada CL 152 linti. Enne CL 150 lindi kleepimist tuleb imavatele aluspindadele kanda h\u00fcdroisolatsioonimassi kiht. CL 150 lint tuleb kleepida p\u00e4rast h\u00fcdroisolatsioonimassi kihi t\u00e4ielikku kuivamist ning katta seej\u00e4rel isolatsioonimaterjali teise kihiga. Kui CL 152 lint kleebitakse aluspinna ja plekkdetailide liitekohale, tuleb plekk enne katta epoks\u00fcvaiguga R727, millesse on puistatud 0,2\u22120,8 mm suuruse teraga kuivatatud kvartsliiva. Umbes viie tunni m\u00f6\u00f6dudes p\u00e4rast viimase kihi pealekandmist v\u00f5ib hakata sellele kinnitama keraamilisi plaate standardi PN-EN 12004 + A1 : 2012 kohase C2- v\u00f5i R2-klassi plaatimissegudega, nt Ceresit CM 12, CM 12 PLUS, CM 16, CM 17, CM 22, CM 29, CM 74 v\u00f5i CM 77. T\u00f6\u00f6vahendite puhastamiseks ja v\u00e4rskete seguplekkide eemaldamiseks kasutada vett. Kivistunud materjali on v\u00f5imalik eemaldada \u00fcksnes mehaaniliselt.<\/p>\n<p><strong>T\u00e4helepanu:<\/strong> T\u00f6id tuleb teha kuivades tingimustes, kui \u00f5hu ja t\u00f6\u00f6deldava pinna temperatuur on vahemikus 5\u221225 \u00b0C. Aluspindu v\u00f5ib CL 50-ga katta ainult sellelt poolelt, kust niiskust l\u00e4bi imbub. Materjali ei tohi kasutada agressiivsetes keskkondades. Kui CL 50-t kasutatakse v\u00e4list\u00f6\u00f6del, peab aluspinna kalle olema v\u00e4hemalt 2,5%, et aluspinnale ei tekiks suuri veeloike. Koostisosa A on \u00e4rritavate omadustega, segu tsemendisisaldus p\u00f5hjustab aga koostisosade A ja B kokkusegamisel aluselise reaktsiooni. Seet\u00f5ttu tuleb t\u00f6\u00f6tades nahka ja silmi kaitsta. Kui materjal on silma sattunud, loputada silmi kohe rohke veega ja p\u00f6\u00f6rduda arsti poole. Kroom(VI) sisaldus alla 2 ppm toote s\u00e4ilivusaja jooksul.<\/p>\n\t\t<\/div>\n\t\t\t\t\t<\/div>\n\n\t\n\n\t<div id=\"col-756937947\" class=\"col medium-3 small-12 large-3\"  >\n\t\t\t\t<div class=\"col-inner\"  >\n\t\t\t\n\t\t\t\n\t<div id=\"gap-160629528\" class=\"gap-element clearfix\" style=\"display:block; height:auto;\">\n\t\t\n<style>\n#gap-160629528 {\n  padding-top: 30px;\n}\n<\/style>\n\t<\/div>\n\t\n<h3>Tehniline informatsioon<\/h3>\n<p><a href=\"https:\/\/espak.ee\/epood\/wp-content\/uploads\/Cl50-tooteleht.pdf\" target=\"_blank\" rel=\"noopener noreferrer\"><i class=\"far fa-file-pdf\"><\/i> Tehniline info (PDF)<\/a><\/p>\n<h3>Ohutusalane teave<\/h3>\n<p><a href=\"https:\/\/espak.ee\/epood\/wp-content\/uploads\/CL50-ohutuskaart.pdf\" target=\"_blank\" rel=\"noopener noreferrer\"><i class=\"far fa-file-pdf\"><\/i> Ohutusalane teave (PDF)<\/a><\/p>\n<div class=\"is-divider divider clearfix\" ><\/div>\n<p><strong>\u00dcksikasjalikuma n\u00f5u saamiseks v\u00f5tke \u00fchendust:<br \/><\/strong>Henkel Balti<br \/>S\u00f5bra 56 B<br \/>51013<br \/>Tartu<br \/>+ 372 7305800<\/p>\n<div class=\"is-divider divider clearfix\" ><\/div>\n\t\t<\/div>\n\t\t\t\t\t<\/div>\n\n\t\n<\/div>\n","protected":false},"excerpt":{"rendered":"","protected":false},"featured_media":14496,"comment_status":"closed","ping_status":"open","template":"","meta":[],"product_brand":[],"product_cat":[2720,2719,2718,2697],"product_tag":[],"class_list":{"0":"post-13828","1":"product","2":"type-product","3":"status-publish","4":"has-post-thumbnail","6":"product_cat-hudroisalatsioon","7":"product_cat-hudroisalatsioon-sisetingimustes","8":"product_cat-isolatsioonimaterjalid","9":"product_cat-uldehitus","10":"pa_kaubamark-henkel-balti-ou","12":"first","13":"outofstock","14":"sale","15":"taxable","16":"shipping-taxable","17":"purchasable","18":"product-type-simple"},"yoast_head":"<!-- This site is optimized with the Yoast SEO plugin v26.9 - https:\/\/yoast.com\/product\/yoast-seo-wordpress\/ -->\n<title>ELASTNE H\u00dcDROISOLATSIOONIMASS CERESIT CL-50 12,5KG - Espak E-pood<\/title>\n<meta name=\"robots\" content=\"index, follow, max-snippet:-1, max-image-preview:large, max-video-preview:-1\" \/>\n<link rel=\"canonical\" href=\"https:\/\/espak.ee\/epood\/toode\/elastne-hudroisolatsioonimass-ceresit-cl-50-125kg\/\" \/>\n<meta property=\"og:locale\" content=\"et_EE\" \/>\n<meta property=\"og:type\" content=\"article\" \/>\n<meta property=\"og:title\" content=\"ELASTNE H\u00dcDROISOLATSIOONIMASS CERESIT CL-50 12,5KG - Espak E-pood\" \/>\n<meta property=\"og:url\" content=\"https:\/\/espak.ee\/epood\/toode\/elastne-hudroisolatsioonimass-ceresit-cl-50-125kg\/\" \/>\n<meta property=\"og:site_name\" content=\"Espak E-pood\" \/>\n<meta property=\"article:modified_time\" content=\"2024-03-22T22:03:15+00:00\" \/>\n<meta property=\"og:image\" content=\"https:\/\/espak.ee\/epood\/wp-content\/uploads\/cl50.jpg\" \/>\n\t<meta property=\"og:image:width\" content=\"800\" \/>\n\t<meta property=\"og:image:height\" content=\"800\" \/>\n\t<meta property=\"og:image:type\" content=\"image\/jpeg\" \/>\n<meta name=\"twitter:card\" content=\"summary_large_image\" \/>\n<meta name=\"twitter:label1\" content=\"Est. reading time\" \/>\n\t<meta name=\"twitter:data1\" content=\"4 minutit\" \/>\n<script type=\"application\/ld+json\" class=\"yoast-schema-graph\">{\"@context\":\"https:\/\/schema.org\",\"@graph\":[{\"@type\":\"WebPage\",\"@id\":\"https:\/\/espak.ee\/epood\/toode\/elastne-hudroisolatsioonimass-ceresit-cl-50-125kg\/\",\"url\":\"https:\/\/espak.ee\/epood\/toode\/elastne-hudroisolatsioonimass-ceresit-cl-50-125kg\/\",\"name\":\"ELASTNE H\u00dcDROISOLATSIOONIMASS CERESIT CL-50 12,5KG - Espak E-pood\",\"isPartOf\":{\"@id\":\"https:\/\/espak.ee\/epood\/#website\"},\"primaryImageOfPage\":{\"@id\":\"https:\/\/espak.ee\/epood\/toode\/elastne-hudroisolatsioonimass-ceresit-cl-50-125kg\/#primaryimage\"},\"image\":{\"@id\":\"https:\/\/espak.ee\/epood\/toode\/elastne-hudroisolatsioonimass-ceresit-cl-50-125kg\/#primaryimage\"},\"thumbnailUrl\":\"https:\/\/espak.ee\/epood\/wp-content\/uploads\/cl50.jpg\",\"datePublished\":\"2020-01-07T01:01:13+00:00\",\"dateModified\":\"2024-03-22T22:03:15+00:00\",\"breadcrumb\":{\"@id\":\"https:\/\/espak.ee\/epood\/toode\/elastne-hudroisolatsioonimass-ceresit-cl-50-125kg\/#breadcrumb\"},\"inLanguage\":\"et\",\"potentialAction\":[{\"@type\":\"ReadAction\",\"target\":[\"https:\/\/espak.ee\/epood\/toode\/elastne-hudroisolatsioonimass-ceresit-cl-50-125kg\/\"]}]},{\"@type\":\"ImageObject\",\"inLanguage\":\"et\",\"@id\":\"https:\/\/espak.ee\/epood\/toode\/elastne-hudroisolatsioonimass-ceresit-cl-50-125kg\/#primaryimage\",\"url\":\"https:\/\/espak.ee\/epood\/wp-content\/uploads\/cl50.jpg\",\"contentUrl\":\"https:\/\/espak.ee\/epood\/wp-content\/uploads\/cl50.jpg\",\"width\":800,\"height\":800,\"caption\":\"Processed By eBay with ImageMagick, z1.1.0. ||B2\"},{\"@type\":\"BreadcrumbList\",\"@id\":\"https:\/\/espak.ee\/epood\/toode\/elastne-hudroisolatsioonimass-ceresit-cl-50-125kg\/#breadcrumb\",\"itemListElement\":[{\"@type\":\"ListItem\",\"position\":1,\"name\":\"Home\",\"item\":\"https:\/\/espak.ee\/epood\/\"},{\"@type\":\"ListItem\",\"position\":2,\"name\":\"Tootevalik\",\"item\":\"https:\/\/espak.ee\/epood\/tootevalik\/\"},{\"@type\":\"ListItem\",\"position\":3,\"name\":\"ELASTNE H\u00dcDROISOLATSIOONIMASS CERESIT CL-50 12,5KG\"}]},{\"@type\":\"WebSite\",\"@id\":\"https:\/\/espak.ee\/epood\/#website\",\"url\":\"https:\/\/espak.ee\/epood\/\",\"name\":\"Espak E-pood\",\"description\":\"\",\"potentialAction\":[{\"@type\":\"SearchAction\",\"target\":{\"@type\":\"EntryPoint\",\"urlTemplate\":\"https:\/\/espak.ee\/epood\/?s={search_term_string}\"},\"query-input\":{\"@type\":\"PropertyValueSpecification\",\"valueRequired\":true,\"valueName\":\"search_term_string\"}}],\"inLanguage\":\"et\"}]}<\/script>\n<!-- \/ Yoast SEO plugin. -->","yoast_head_json":{"title":"ELASTNE H\u00dcDROISOLATSIOONIMASS CERESIT CL-50 12,5KG - Espak E-pood","robots":{"index":"index","follow":"follow","max-snippet":"max-snippet:-1","max-image-preview":"max-image-preview:large","max-video-preview":"max-video-preview:-1"},"canonical":"https:\/\/espak.ee\/epood\/toode\/elastne-hudroisolatsioonimass-ceresit-cl-50-125kg\/","og_locale":"et_EE","og_type":"article","og_title":"ELASTNE H\u00dcDROISOLATSIOONIMASS CERESIT CL-50 12,5KG - Espak E-pood","og_url":"https:\/\/espak.ee\/epood\/toode\/elastne-hudroisolatsioonimass-ceresit-cl-50-125kg\/","og_site_name":"Espak E-pood","article_modified_time":"2024-03-22T22:03:15+00:00","og_image":[{"width":800,"height":800,"url":"https:\/\/espak.ee\/epood\/wp-content\/uploads\/cl50.jpg","type":"image\/jpeg"}],"twitter_card":"summary_large_image","twitter_misc":{"Est. reading time":"4 minutit"},"schema":{"@context":"https:\/\/schema.org","@graph":[{"@type":"WebPage","@id":"https:\/\/espak.ee\/epood\/toode\/elastne-hudroisolatsioonimass-ceresit-cl-50-125kg\/","url":"https:\/\/espak.ee\/epood\/toode\/elastne-hudroisolatsioonimass-ceresit-cl-50-125kg\/","name":"ELASTNE H\u00dcDROISOLATSIOONIMASS CERESIT CL-50 12,5KG - Espak E-pood","isPartOf":{"@id":"https:\/\/espak.ee\/epood\/#website"},"primaryImageOfPage":{"@id":"https:\/\/espak.ee\/epood\/toode\/elastne-hudroisolatsioonimass-ceresit-cl-50-125kg\/#primaryimage"},"image":{"@id":"https:\/\/espak.ee\/epood\/toode\/elastne-hudroisolatsioonimass-ceresit-cl-50-125kg\/#primaryimage"},"thumbnailUrl":"https:\/\/espak.ee\/epood\/wp-content\/uploads\/cl50.jpg","datePublished":"2020-01-07T01:01:13+00:00","dateModified":"2024-03-22T22:03:15+00:00","breadcrumb":{"@id":"https:\/\/espak.ee\/epood\/toode\/elastne-hudroisolatsioonimass-ceresit-cl-50-125kg\/#breadcrumb"},"inLanguage":"et","potentialAction":[{"@type":"ReadAction","target":["https:\/\/espak.ee\/epood\/toode\/elastne-hudroisolatsioonimass-ceresit-cl-50-125kg\/"]}]},{"@type":"ImageObject","inLanguage":"et","@id":"https:\/\/espak.ee\/epood\/toode\/elastne-hudroisolatsioonimass-ceresit-cl-50-125kg\/#primaryimage","url":"https:\/\/espak.ee\/epood\/wp-content\/uploads\/cl50.jpg","contentUrl":"https:\/\/espak.ee\/epood\/wp-content\/uploads\/cl50.jpg","width":800,"height":800,"caption":"Processed By eBay with ImageMagick, z1.1.0. ||B2"},{"@type":"BreadcrumbList","@id":"https:\/\/espak.ee\/epood\/toode\/elastne-hudroisolatsioonimass-ceresit-cl-50-125kg\/#breadcrumb","itemListElement":[{"@type":"ListItem","position":1,"name":"Home","item":"https:\/\/espak.ee\/epood\/"},{"@type":"ListItem","position":2,"name":"Tootevalik","item":"https:\/\/espak.ee\/epood\/tootevalik\/"},{"@type":"ListItem","position":3,"name":"ELASTNE H\u00dcDROISOLATSIOONIMASS CERESIT CL-50 12,5KG"}]},{"@type":"WebSite","@id":"https:\/\/espak.ee\/epood\/#website","url":"https:\/\/espak.ee\/epood\/","name":"Espak E-pood","description":"","potentialAction":[{"@type":"SearchAction","target":{"@type":"EntryPoint","urlTemplate":"https:\/\/espak.ee\/epood\/?s={search_term_string}"},"query-input":{"@type":"PropertyValueSpecification","valueRequired":true,"valueName":"search_term_string"}}],"inLanguage":"et"}]}},"_links":{"self":[{"href":"https:\/\/espak.ee\/epood\/wp-json\/wp\/v2\/product\/13828","targetHints":{"allow":["GET"]}}],"collection":[{"href":"https:\/\/espak.ee\/epood\/wp-json\/wp\/v2\/product"}],"about":[{"href":"https:\/\/espak.ee\/epood\/wp-json\/wp\/v2\/types\/product"}],"replies":[{"embeddable":true,"href":"https:\/\/espak.ee\/epood\/wp-json\/wp\/v2\/comments?post=13828"}],"wp:featuredmedia":[{"embeddable":true,"href":"https:\/\/espak.ee\/epood\/wp-json\/wp\/v2\/media\/14496"}],"wp:attachment":[{"href":"https:\/\/espak.ee\/epood\/wp-json\/wp\/v2\/media?parent=13828"}],"wp:term":[{"taxonomy":"product_brand","embeddable":true,"href":"https:\/\/espak.ee\/epood\/wp-json\/wp\/v2\/product_brand?post=13828"},{"taxonomy":"product_cat","embeddable":true,"href":"https:\/\/espak.ee\/epood\/wp-json\/wp\/v2\/product_cat?post=13828"},{"taxonomy":"product_tag","embeddable":true,"href":"https:\/\/espak.ee\/epood\/wp-json\/wp\/v2\/product_tag?post=13828"}],"curies":[{"name":"wp","href":"https:\/\/api.w.org\/{rel}","templated":true}]}}