{"id":13826,"date":"2020-01-07T03:01:13","date_gmt":"2020-01-07T01:01:13","guid":{"rendered":"https:\/\/espak.ee\/hinnakiri\/?post_type=product&#038;p=13826"},"modified":"2024-03-23T00:03:14","modified_gmt":"2024-03-22T22:03:14","slug":"ceresit-ce-33-07-hall-2kg","status":"publish","type":"product","link":"https:\/\/espak.ee\/epood\/toode\/ceresit-ce-33-07-hall-2kg\/","title":{"rendered":"CERESIT CE-33 07 HALL 2KG"},"content":{"rendered":"<div class=\"row\"  id=\"row-1164973100\">\n\n\t<div id=\"col-1807942858\" class=\"col medium-9 small-12 large-9\"  >\n\t\t\t\t<div class=\"col-inner\"  >\n\t\t\t\n\t\t\t\n<h2>CE 33 Super Vuugit\u00e4ide kitsastele vuukidele<\/h2>\n<p>Tsemendisegu kuni 8 mm laiuste plaadivuukide t\u00e4itmiseks.<\/p>\n<div class=\"message-box relative\" style=\"padding-top:15px;padding-bottom:15px;\"><div class=\"message-box-bg-image bg-fill fill\" ><\/div><div class=\"message-box-bg-overlay bg-fill fill\" ><\/div><div class=\"container relative\"><div class=\"inner last-reset\">\n<div class=\"row align-middle align-center\"  id=\"row-206120136\">\n\n\t<div id=\"col-1939936594\" class=\"col small-12 large-12\"  >\n\t\t\t\t<div class=\"col-inner text-left\"  >\n\t\t\t\n\t\t\t\n<h4>Omadused<\/h4>\n<div class=\"row\"  id=\"row-1059015364\">\n\n\t<div id=\"col-1799439027\" class=\"col medium-6 small-12 large-6\"  >\n\t\t\t\t<div class=\"col-inner\"  >\n\t\t\t\n\t\t\t\n<p><i class=\"fa fa-check fa-2x\"><\/i> <strong>Seintele ja p\u00f5randatele<\/strong><\/p>\n<p><i class=\"fa fa-check fa-2x\"><\/i> <strong>Siset\u00f6\u00f6deks, ka m\u00e4rgadesse ruumidesse<\/strong><\/p>\n\t\t<\/div>\n\t\t\t\t\n<style>\n#col-1799439027 > .col-inner {\n  margin: 0px 0px 15px 0px;\n}\n<\/style>\n\t<\/div>\n\n\t\n\n\t<div id=\"col-1138952657\" class=\"col medium-6 small-12 large-6\"  >\n\t\t\t\t<div class=\"col-inner\"  >\n\t\t\t\n\t\t\t\n<p><i class=\"fa fa-check fa-2x\"><\/i> <strong>H\u00f5lpsasti pealekantav<\/strong><\/p>\n<p><i class=\"fa fa-check fa-2x\"><\/i> <strong>Vuugi \u00fchtlane v\u00e4limus<\/strong><\/p>\n\t\t<\/div>\n\t\t\t\t\n<style>\n#col-1138952657 > .col-inner {\n  margin: 0px 0px 15px 0px;\n}\n<\/style>\n\t<\/div>\n\n\t\n<\/div>\n\t\t<\/div>\n\t\t\t\t\t<\/div>\n\n\t\n<\/div>\n<\/div><\/div><\/div>\n\t<div id=\"gap-1846647365\" class=\"gap-element clearfix\" style=\"display:block; height:auto;\">\n\t\t\n<style>\n#gap-1846647365 {\n  padding-top: 30px;\n}\n<\/style>\n\t<\/div>\n\t\n<h3>Kasutamise \u00fcksikasjad<\/h3>\n<p><strong>Kasutusala:<\/strong> Peeneteraline vuugit\u00e4ide, h\u00f5lpsasti kasutatav, keraamiliste seina- ja p\u00f5randaplaatide vuukide t\u00e4itmiseks. CE 33 v\u00e4ga suur t\u00e4itev\u00f5ime ja hea pestavus tagab kiire ja t\u00f5husa vuukimise.<\/p>\n<p><strong>Aluspinna ettevalmistus:<\/strong> Puhastage plaatide servad mustusest. Vuukimist v\u00f5ib alustada alles p\u00e4rast plaatide kinnitussegu kivistumist ja kuivamist. Veenduge enne, et segu CE 33 ei j\u00e4taks plaatide pinnale p\u00fcsivaid plekke. Niisutage puhastatud plaadiservi m\u00e4rja k\u00e4sna abil.<\/p>\n<p><strong>T\u00f6\u00f6de k\u00e4ik:<\/strong> Valage CE 33 t\u00e4pselt v\u00e4lja m\u00f5\u00f5detud puhtasse k\u00fclma vette ja segage, kuni on saadud \u00fchtlane, t\u00fckkideta segumass. \u00c4rge kasutage roostes anumaid ega t\u00f6\u00f6riistu. Kummist liistu v\u00f5i pahtlilabidaga suruge segu hoolikalt plaadivuukidesse. P\u00e4rast segu tahenemist saab segu \u00fclej\u00e4\u00e4gid plaatide pinnalt eemaldada niiske k\u00e4snaga, mida tuleb pidevalt vees loputada. Kui vuugid kuivavad liiga kiiresti, niisutada neid kergelt niiske k\u00e4snaga. Kuiv tolm eemaldage kuiva lapiga.<\/p>\n<p><strong>T\u00e4helepanu:<\/strong> T\u00f6id tuleb teha kuivades tingimustes, kui \u00f5hu ja t\u00f6\u00f6deldava pinna temperatuur on vahemikus 5\u221225 \u00b0C. Kui segu valmistamisel on kasutatud liiga suurt veekogust, v\u00f5ib segu kuivamisel praguneda ning vuugit\u00e4ide olla palju v\u00e4iksema vastupidavusega. Kui plaate h\u00f5\u00f5rutakse liiga tugevasti, v\u00f5ib vuugit\u00e4ide kihistuda ning tagaj\u00e4rjeks on vuukide krobeline pealispind ja v\u00e4rvimuutus. Aluspinna liigne niiskus, erinev kuivsegule lisatud veekogus v\u00f5i eba\u00fchtlased kuivamistingimused v\u00f5ivad p\u00f5hjustada vuugit\u00e4ite v\u00e4rvitooni erinevusi. \u00c4rge kasutage intensiivse v\u00e4rvitooniga puhastusvahendeid. V\u00e4rvitoonide erinevuste v\u00e4ltimiseks kasutage \u00fches ruumis sama seerianumbriga segu CE 33 (m\u00e4rgitud pakendile). Vuugit\u00e4ite tegelik v\u00e4rvitoon v\u00f5ib erineda pakendil oleva kleebise v\u00e4rvitoonist ja v\u00e4rvipaletis toodud v\u00e4rvitoonidest. Vuugit\u00e4ite l\u00f5plikku v\u00e4rvust saab hinnata p\u00e4rast selle t\u00e4ielikku kuivamist. CE 33 sisaldab tsementi ja selle segamisel veega tekib aluseline reaktsioon. Seet\u00f5ttu tuleb t\u00f6\u00f6tades nahka ja silmi kaitsta. Kui materjal on silma sattunud, loputada silmi kohe rohke veega ja p\u00f6\u00f6rduda arsti poole. Kroom(VI) sisaldus alla 2 ppm toote s\u00e4ilivusaja jooksul.<\/p>\n\t\t<\/div>\n\t\t\t\t\t<\/div>\n\n\t\n\n\t<div id=\"col-1946567935\" class=\"col medium-3 small-12 large-3\"  >\n\t\t\t\t<div class=\"col-inner\"  >\n\t\t\t\n\t\t\t\n\t<div id=\"gap-491487962\" class=\"gap-element clearfix\" style=\"display:block; height:auto;\">\n\t\t\n<style>\n#gap-491487962 {\n  padding-top: 30px;\n}\n<\/style>\n\t<\/div>\n\t\n<h3>Tehniline informatsioon<\/h3>\n<p><a href=\"https:\/\/espak.ee\/epood\/wp-content\/uploads\/CE33-tooteleht.pdf\" target=\"_blank\" rel=\"noopener noreferrer\"><i class=\"far fa-file-pdf\"><\/i> Tehniline info (PDF)<\/a><\/p>\n<h3>Ohutusalane teave<\/h3>\n<p><a href=\"https:\/\/espak.ee\/epood\/wp-content\/uploads\/CE33-ohutuskaart.pdf\" target=\"_blank\" rel=\"noopener noreferrer\"><i class=\"far fa-file-pdf\"><\/i> Ohutusalane teave (PDF)<\/a><\/p>\n<div class=\"is-divider divider clearfix\" ><\/div>\n<p><strong>\u00dcksikasjalikuma n\u00f5u saamiseks v\u00f5tke \u00fchendust:<br \/><\/strong>Henkel Balti<br \/>S\u00f5bra 56 B<br \/>51013<br \/>Tartu<br \/>+ 372 7305800<\/p>\n<div class=\"is-divider divider clearfix\" ><\/div>\n\t\t<\/div>\n\t\t\t\t\t<\/div>\n\n\t\n<\/div>\n","protected":false},"excerpt":{"rendered":"","protected":false},"featured_media":12858,"comment_status":"closed","ping_status":"open","template":"","meta":[],"product_brand":[],"product_cat":[2698,2805,2697,2807],"product_tag":[],"class_list":{"0":"post-13826","1":"product","2":"type-product","3":"status-publish","4":"has-post-thumbnail","6":"product_cat-pahtlid-ja-kuivsegud","7":"product_cat-plaatimissegud","8":"product_cat-uldehitus","9":"product_cat-vuugisegud","10":"pa_kaubamark-henkel-balti-ou","12":"first","13":"outofstock","14":"sale","15":"taxable","16":"shipping-taxable","17":"purchasable","18":"product-type-simple"},"yoast_head":"<!-- This site is optimized with the Yoast SEO plugin v26.9 - https:\/\/yoast.com\/product\/yoast-seo-wordpress\/ -->\n<title>CERESIT CE-33 07 HALL 2KG - Espak E-pood<\/title>\n<meta name=\"robots\" content=\"index, follow, max-snippet:-1, max-image-preview:large, max-video-preview:-1\" \/>\n<link rel=\"canonical\" href=\"https:\/\/espak.ee\/epood\/toode\/ceresit-ce-33-07-hall-2kg\/\" \/>\n<meta property=\"og:locale\" content=\"et_EE\" \/>\n<meta property=\"og:type\" content=\"article\" \/>\n<meta property=\"og:title\" content=\"CERESIT CE-33 07 HALL 2KG - Espak E-pood\" \/>\n<meta property=\"og:url\" content=\"https:\/\/espak.ee\/epood\/toode\/ceresit-ce-33-07-hall-2kg\/\" \/>\n<meta property=\"og:site_name\" content=\"Espak E-pood\" \/>\n<meta property=\"article:modified_time\" content=\"2024-03-22T22:03:14+00:00\" \/>\n<meta property=\"og:image\" content=\"https:\/\/espak.ee\/epood\/wp-content\/uploads\/Ceresit-CE33.jpg\" \/>\n\t<meta property=\"og:image:width\" content=\"574\" \/>\n\t<meta property=\"og:image:height\" content=\"574\" \/>\n\t<meta property=\"og:image:type\" content=\"image\/jpeg\" \/>\n<meta name=\"twitter:card\" content=\"summary_large_image\" \/>\n<meta name=\"twitter:label1\" content=\"Est. reading time\" \/>\n\t<meta name=\"twitter:data1\" content=\"2 minutit\" \/>\n<script type=\"application\/ld+json\" class=\"yoast-schema-graph\">{\"@context\":\"https:\/\/schema.org\",\"@graph\":[{\"@type\":\"WebPage\",\"@id\":\"https:\/\/espak.ee\/epood\/toode\/ceresit-ce-33-07-hall-2kg\/\",\"url\":\"https:\/\/espak.ee\/epood\/toode\/ceresit-ce-33-07-hall-2kg\/\",\"name\":\"CERESIT CE-33 07 HALL 2KG - Espak E-pood\",\"isPartOf\":{\"@id\":\"https:\/\/espak.ee\/epood\/#website\"},\"primaryImageOfPage\":{\"@id\":\"https:\/\/espak.ee\/epood\/toode\/ceresit-ce-33-07-hall-2kg\/#primaryimage\"},\"image\":{\"@id\":\"https:\/\/espak.ee\/epood\/toode\/ceresit-ce-33-07-hall-2kg\/#primaryimage\"},\"thumbnailUrl\":\"https:\/\/espak.ee\/epood\/wp-content\/uploads\/Ceresit-CE33.jpg\",\"datePublished\":\"2020-01-07T01:01:13+00:00\",\"dateModified\":\"2024-03-22T22:03:14+00:00\",\"breadcrumb\":{\"@id\":\"https:\/\/espak.ee\/epood\/toode\/ceresit-ce-33-07-hall-2kg\/#breadcrumb\"},\"inLanguage\":\"et\",\"potentialAction\":[{\"@type\":\"ReadAction\",\"target\":[\"https:\/\/espak.ee\/epood\/toode\/ceresit-ce-33-07-hall-2kg\/\"]}]},{\"@type\":\"ImageObject\",\"inLanguage\":\"et\",\"@id\":\"https:\/\/espak.ee\/epood\/toode\/ceresit-ce-33-07-hall-2kg\/#primaryimage\",\"url\":\"https:\/\/espak.ee\/epood\/wp-content\/uploads\/Ceresit-CE33.jpg\",\"contentUrl\":\"https:\/\/espak.ee\/epood\/wp-content\/uploads\/Ceresit-CE33.jpg\",\"width\":574,\"height\":574},{\"@type\":\"BreadcrumbList\",\"@id\":\"https:\/\/espak.ee\/epood\/toode\/ceresit-ce-33-07-hall-2kg\/#breadcrumb\",\"itemListElement\":[{\"@type\":\"ListItem\",\"position\":1,\"name\":\"Home\",\"item\":\"https:\/\/espak.ee\/epood\/\"},{\"@type\":\"ListItem\",\"position\":2,\"name\":\"Tootevalik\",\"item\":\"https:\/\/espak.ee\/epood\/tootevalik\/\"},{\"@type\":\"ListItem\",\"position\":3,\"name\":\"CERESIT CE-33 07 HALL 2KG\"}]},{\"@type\":\"WebSite\",\"@id\":\"https:\/\/espak.ee\/epood\/#website\",\"url\":\"https:\/\/espak.ee\/epood\/\",\"name\":\"Espak E-pood\",\"description\":\"\",\"potentialAction\":[{\"@type\":\"SearchAction\",\"target\":{\"@type\":\"EntryPoint\",\"urlTemplate\":\"https:\/\/espak.ee\/epood\/?s={search_term_string}\"},\"query-input\":{\"@type\":\"PropertyValueSpecification\",\"valueRequired\":true,\"valueName\":\"search_term_string\"}}],\"inLanguage\":\"et\"}]}<\/script>\n<!-- \/ Yoast SEO plugin. -->","yoast_head_json":{"title":"CERESIT CE-33 07 HALL 2KG - Espak E-pood","robots":{"index":"index","follow":"follow","max-snippet":"max-snippet:-1","max-image-preview":"max-image-preview:large","max-video-preview":"max-video-preview:-1"},"canonical":"https:\/\/espak.ee\/epood\/toode\/ceresit-ce-33-07-hall-2kg\/","og_locale":"et_EE","og_type":"article","og_title":"CERESIT CE-33 07 HALL 2KG - Espak E-pood","og_url":"https:\/\/espak.ee\/epood\/toode\/ceresit-ce-33-07-hall-2kg\/","og_site_name":"Espak E-pood","article_modified_time":"2024-03-22T22:03:14+00:00","og_image":[{"width":574,"height":574,"url":"https:\/\/espak.ee\/epood\/wp-content\/uploads\/Ceresit-CE33.jpg","type":"image\/jpeg"}],"twitter_card":"summary_large_image","twitter_misc":{"Est. reading time":"2 minutit"},"schema":{"@context":"https:\/\/schema.org","@graph":[{"@type":"WebPage","@id":"https:\/\/espak.ee\/epood\/toode\/ceresit-ce-33-07-hall-2kg\/","url":"https:\/\/espak.ee\/epood\/toode\/ceresit-ce-33-07-hall-2kg\/","name":"CERESIT CE-33 07 HALL 2KG - Espak E-pood","isPartOf":{"@id":"https:\/\/espak.ee\/epood\/#website"},"primaryImageOfPage":{"@id":"https:\/\/espak.ee\/epood\/toode\/ceresit-ce-33-07-hall-2kg\/#primaryimage"},"image":{"@id":"https:\/\/espak.ee\/epood\/toode\/ceresit-ce-33-07-hall-2kg\/#primaryimage"},"thumbnailUrl":"https:\/\/espak.ee\/epood\/wp-content\/uploads\/Ceresit-CE33.jpg","datePublished":"2020-01-07T01:01:13+00:00","dateModified":"2024-03-22T22:03:14+00:00","breadcrumb":{"@id":"https:\/\/espak.ee\/epood\/toode\/ceresit-ce-33-07-hall-2kg\/#breadcrumb"},"inLanguage":"et","potentialAction":[{"@type":"ReadAction","target":["https:\/\/espak.ee\/epood\/toode\/ceresit-ce-33-07-hall-2kg\/"]}]},{"@type":"ImageObject","inLanguage":"et","@id":"https:\/\/espak.ee\/epood\/toode\/ceresit-ce-33-07-hall-2kg\/#primaryimage","url":"https:\/\/espak.ee\/epood\/wp-content\/uploads\/Ceresit-CE33.jpg","contentUrl":"https:\/\/espak.ee\/epood\/wp-content\/uploads\/Ceresit-CE33.jpg","width":574,"height":574},{"@type":"BreadcrumbList","@id":"https:\/\/espak.ee\/epood\/toode\/ceresit-ce-33-07-hall-2kg\/#breadcrumb","itemListElement":[{"@type":"ListItem","position":1,"name":"Home","item":"https:\/\/espak.ee\/epood\/"},{"@type":"ListItem","position":2,"name":"Tootevalik","item":"https:\/\/espak.ee\/epood\/tootevalik\/"},{"@type":"ListItem","position":3,"name":"CERESIT CE-33 07 HALL 2KG"}]},{"@type":"WebSite","@id":"https:\/\/espak.ee\/epood\/#website","url":"https:\/\/espak.ee\/epood\/","name":"Espak E-pood","description":"","potentialAction":[{"@type":"SearchAction","target":{"@type":"EntryPoint","urlTemplate":"https:\/\/espak.ee\/epood\/?s={search_term_string}"},"query-input":{"@type":"PropertyValueSpecification","valueRequired":true,"valueName":"search_term_string"}}],"inLanguage":"et"}]}},"_links":{"self":[{"href":"https:\/\/espak.ee\/epood\/wp-json\/wp\/v2\/product\/13826","targetHints":{"allow":["GET"]}}],"collection":[{"href":"https:\/\/espak.ee\/epood\/wp-json\/wp\/v2\/product"}],"about":[{"href":"https:\/\/espak.ee\/epood\/wp-json\/wp\/v2\/types\/product"}],"replies":[{"embeddable":true,"href":"https:\/\/espak.ee\/epood\/wp-json\/wp\/v2\/comments?post=13826"}],"wp:featuredmedia":[{"embeddable":true,"href":"https:\/\/espak.ee\/epood\/wp-json\/wp\/v2\/media\/12858"}],"wp:attachment":[{"href":"https:\/\/espak.ee\/epood\/wp-json\/wp\/v2\/media?parent=13826"}],"wp:term":[{"taxonomy":"product_brand","embeddable":true,"href":"https:\/\/espak.ee\/epood\/wp-json\/wp\/v2\/product_brand?post=13826"},{"taxonomy":"product_cat","embeddable":true,"href":"https:\/\/espak.ee\/epood\/wp-json\/wp\/v2\/product_cat?post=13826"},{"taxonomy":"product_tag","embeddable":true,"href":"https:\/\/espak.ee\/epood\/wp-json\/wp\/v2\/product_tag?post=13826"}],"curies":[{"name":"wp","href":"https:\/\/api.w.org\/{rel}","templated":true}]}}