{"id":138050,"date":"2022-11-02T04:21:41","date_gmt":"2022-11-02T04:21:41","guid":{"rendered":"https:\/\/espak.ee\/epood\/?post_type=product&#038;p=138050"},"modified":"2025-09-29T11:07:52","modified_gmt":"2025-09-29T08:07:52","slug":"valamu-franke-sirius-sid-610-40-430530mm-susimust","status":"publish","type":"product","link":"https:\/\/espak.ee\/epood\/toode\/valamu-franke-sirius-sid-610-40-430530mm-susimust\/","title":{"rendered":"VALAMU FRANKE SIRIUS SID 610-40 430*530MM S\u00dcSIMUST"},"content":{"rendered":"<div class=\"row\"  id=\"row-182274631\">\n\n\t<div id=\"col-1897775519\" class=\"col medium-9 small-12 large-9\"  >\n\t\t\t\t<div class=\"col-inner\"  >\n\t\t\t\n\t\t\t\n<h3>Valamu Franke Sirius SID 610-40 430x530mm s\u00fcsimust<\/h3>\n<p>Tektoniidist valamu.  <\/p>\n\t\t<\/div>\n\t\t\t\t\t<\/div>\n\n\t\n\n\t<div id=\"col-1900629290\" class=\"col medium-3 small-12 large-3\"  >\n\t\t\t\t<div class=\"col-inner\"  >\n\t\t\t\n\t\t\t\n<div class=\"is-divider divider clearfix\" ><\/div>\n<h3>Tooteleht<\/h3>\n<p><a href=\"https:\/\/espak.ee\/epood\/wp-content\/uploads\/2022\/11\/610-40-must.pdf\"target=\"_blank\" rel=\"noopener noreferrer\"><i class=\"far fa-file-pdf\"><\/i> Tooteleht (PDF)<\/a><\/p>\n<div class=\"is-divider divider clearfix\" ><\/div>\n<p><strong>\u00dcksikasjalikuma n\u00f5u saamiseks v\u00f5tke \u00fchendust:<br \/><\/strong>Espak AS<br \/>Viadukti 42<br \/>11313<br \/>Tallinn<br \/>+372 6 512333<\/p>\n\t\t<\/div>\n\t\t\t\t\t<\/div>\n\n\t\n<\/div>\n","protected":false},"excerpt":{"rendered":"","protected":false},"featured_media":138443,"comment_status":"closed","ping_status":"closed","template":"","meta":[],"product_brand":[],"product_cat":[3193,4544,2819,2820],"product_tag":[],"class_list":{"0":"post-138050","1":"product","2":"type-product","3":"status-publish","4":"has-post-thumbnail","6":"product_cat-koogivalamud","7":"product_cat-koogivalamud-kivimist","8":"product_cat-sanitaartehnika","9":"product_cat-sanitaartehnika-sanitaartehnika","10":"pa_kaubamark-franke","12":"first","13":"instock","14":"sale","15":"taxable","16":"shipping-taxable","17":"purchasable","18":"product-type-simple"},"yoast_head":"<!-- This site is optimized with the Yoast SEO plugin v26.9 - https:\/\/yoast.com\/product\/yoast-seo-wordpress\/ -->\n<title>VALAMU FRANKE SIRIUS SID 610-40 430*530MM S\u00dcSIMUST - Espak E-pood<\/title>\n<meta name=\"robots\" content=\"index, follow, max-snippet:-1, max-image-preview:large, max-video-preview:-1\" \/>\n<link rel=\"canonical\" href=\"https:\/\/espak.ee\/epood\/toode\/valamu-franke-sirius-sid-610-40-430530mm-susimust\/\" \/>\n<meta property=\"og:locale\" content=\"et_EE\" \/>\n<meta property=\"og:type\" content=\"article\" \/>\n<meta property=\"og:title\" content=\"VALAMU FRANKE SIRIUS SID 610-40 430*530MM S\u00dcSIMUST - Espak E-pood\" \/>\n<meta property=\"og:url\" content=\"https:\/\/espak.ee\/epood\/toode\/valamu-franke-sirius-sid-610-40-430530mm-susimust\/\" \/>\n<meta property=\"og:site_name\" content=\"Espak E-pood\" \/>\n<meta property=\"article:modified_time\" content=\"2025-09-29T08:07:52+00:00\" \/>\n<meta property=\"og:image\" content=\"https:\/\/espak.ee\/epood\/wp-content\/uploads\/2022\/11\/Screenshot-2022-11-03-at-14.27.48.jpg\" \/>\n\t<meta property=\"og:image:width\" content=\"800\" \/>\n\t<meta property=\"og:image:height\" content=\"800\" \/>\n\t<meta property=\"og:image:type\" content=\"image\/jpeg\" \/>\n<meta name=\"twitter:card\" content=\"summary_large_image\" \/>\n<script type=\"application\/ld+json\" class=\"yoast-schema-graph\">{\"@context\":\"https:\/\/schema.org\",\"@graph\":[{\"@type\":\"WebPage\",\"@id\":\"https:\/\/espak.ee\/epood\/toode\/valamu-franke-sirius-sid-610-40-430530mm-susimust\/\",\"url\":\"https:\/\/espak.ee\/epood\/toode\/valamu-franke-sirius-sid-610-40-430530mm-susimust\/\",\"name\":\"VALAMU FRANKE SIRIUS SID 610-40 430*530MM S\u00dcSIMUST - Espak E-pood\",\"isPartOf\":{\"@id\":\"https:\/\/espak.ee\/epood\/#website\"},\"primaryImageOfPage\":{\"@id\":\"https:\/\/espak.ee\/epood\/toode\/valamu-franke-sirius-sid-610-40-430530mm-susimust\/#primaryimage\"},\"image\":{\"@id\":\"https:\/\/espak.ee\/epood\/toode\/valamu-franke-sirius-sid-610-40-430530mm-susimust\/#primaryimage\"},\"thumbnailUrl\":\"https:\/\/espak.ee\/epood\/wp-content\/uploads\/2022\/11\/Screenshot-2022-11-03-at-14.27.48.jpg\",\"datePublished\":\"2022-11-02T04:21:41+00:00\",\"dateModified\":\"2025-09-29T08:07:52+00:00\",\"breadcrumb\":{\"@id\":\"https:\/\/espak.ee\/epood\/toode\/valamu-franke-sirius-sid-610-40-430530mm-susimust\/#breadcrumb\"},\"inLanguage\":\"et\",\"potentialAction\":[{\"@type\":\"ReadAction\",\"target\":[\"https:\/\/espak.ee\/epood\/toode\/valamu-franke-sirius-sid-610-40-430530mm-susimust\/\"]}]},{\"@type\":\"ImageObject\",\"inLanguage\":\"et\",\"@id\":\"https:\/\/espak.ee\/epood\/toode\/valamu-franke-sirius-sid-610-40-430530mm-susimust\/#primaryimage\",\"url\":\"https:\/\/espak.ee\/epood\/wp-content\/uploads\/2022\/11\/Screenshot-2022-11-03-at-14.27.48.jpg\",\"contentUrl\":\"https:\/\/espak.ee\/epood\/wp-content\/uploads\/2022\/11\/Screenshot-2022-11-03-at-14.27.48.jpg\",\"width\":800,\"height\":800},{\"@type\":\"BreadcrumbList\",\"@id\":\"https:\/\/espak.ee\/epood\/toode\/valamu-franke-sirius-sid-610-40-430530mm-susimust\/#breadcrumb\",\"itemListElement\":[{\"@type\":\"ListItem\",\"position\":1,\"name\":\"Home\",\"item\":\"https:\/\/espak.ee\/epood\/\"},{\"@type\":\"ListItem\",\"position\":2,\"name\":\"Tootevalik\",\"item\":\"https:\/\/espak.ee\/epood\/tootevalik\/\"},{\"@type\":\"ListItem\",\"position\":3,\"name\":\"VALAMU FRANKE SIRIUS SID 610-40 430*530MM S\u00dcSIMUST\"}]},{\"@type\":\"WebSite\",\"@id\":\"https:\/\/espak.ee\/epood\/#website\",\"url\":\"https:\/\/espak.ee\/epood\/\",\"name\":\"Espak E-pood\",\"description\":\"\",\"potentialAction\":[{\"@type\":\"SearchAction\",\"target\":{\"@type\":\"EntryPoint\",\"urlTemplate\":\"https:\/\/espak.ee\/epood\/?s={search_term_string}\"},\"query-input\":{\"@type\":\"PropertyValueSpecification\",\"valueRequired\":true,\"valueName\":\"search_term_string\"}}],\"inLanguage\":\"et\"}]}<\/script>\n<!-- \/ Yoast SEO plugin. -->","yoast_head_json":{"title":"VALAMU FRANKE SIRIUS SID 610-40 430*530MM S\u00dcSIMUST - Espak E-pood","robots":{"index":"index","follow":"follow","max-snippet":"max-snippet:-1","max-image-preview":"max-image-preview:large","max-video-preview":"max-video-preview:-1"},"canonical":"https:\/\/espak.ee\/epood\/toode\/valamu-franke-sirius-sid-610-40-430530mm-susimust\/","og_locale":"et_EE","og_type":"article","og_title":"VALAMU FRANKE SIRIUS SID 610-40 430*530MM S\u00dcSIMUST - Espak E-pood","og_url":"https:\/\/espak.ee\/epood\/toode\/valamu-franke-sirius-sid-610-40-430530mm-susimust\/","og_site_name":"Espak E-pood","article_modified_time":"2025-09-29T08:07:52+00:00","og_image":[{"width":800,"height":800,"url":"https:\/\/espak.ee\/epood\/wp-content\/uploads\/2022\/11\/Screenshot-2022-11-03-at-14.27.48.jpg","type":"image\/jpeg"}],"twitter_card":"summary_large_image","schema":{"@context":"https:\/\/schema.org","@graph":[{"@type":"WebPage","@id":"https:\/\/espak.ee\/epood\/toode\/valamu-franke-sirius-sid-610-40-430530mm-susimust\/","url":"https:\/\/espak.ee\/epood\/toode\/valamu-franke-sirius-sid-610-40-430530mm-susimust\/","name":"VALAMU FRANKE SIRIUS SID 610-40 430*530MM S\u00dcSIMUST - Espak E-pood","isPartOf":{"@id":"https:\/\/espak.ee\/epood\/#website"},"primaryImageOfPage":{"@id":"https:\/\/espak.ee\/epood\/toode\/valamu-franke-sirius-sid-610-40-430530mm-susimust\/#primaryimage"},"image":{"@id":"https:\/\/espak.ee\/epood\/toode\/valamu-franke-sirius-sid-610-40-430530mm-susimust\/#primaryimage"},"thumbnailUrl":"https:\/\/espak.ee\/epood\/wp-content\/uploads\/2022\/11\/Screenshot-2022-11-03-at-14.27.48.jpg","datePublished":"2022-11-02T04:21:41+00:00","dateModified":"2025-09-29T08:07:52+00:00","breadcrumb":{"@id":"https:\/\/espak.ee\/epood\/toode\/valamu-franke-sirius-sid-610-40-430530mm-susimust\/#breadcrumb"},"inLanguage":"et","potentialAction":[{"@type":"ReadAction","target":["https:\/\/espak.ee\/epood\/toode\/valamu-franke-sirius-sid-610-40-430530mm-susimust\/"]}]},{"@type":"ImageObject","inLanguage":"et","@id":"https:\/\/espak.ee\/epood\/toode\/valamu-franke-sirius-sid-610-40-430530mm-susimust\/#primaryimage","url":"https:\/\/espak.ee\/epood\/wp-content\/uploads\/2022\/11\/Screenshot-2022-11-03-at-14.27.48.jpg","contentUrl":"https:\/\/espak.ee\/epood\/wp-content\/uploads\/2022\/11\/Screenshot-2022-11-03-at-14.27.48.jpg","width":800,"height":800},{"@type":"BreadcrumbList","@id":"https:\/\/espak.ee\/epood\/toode\/valamu-franke-sirius-sid-610-40-430530mm-susimust\/#breadcrumb","itemListElement":[{"@type":"ListItem","position":1,"name":"Home","item":"https:\/\/espak.ee\/epood\/"},{"@type":"ListItem","position":2,"name":"Tootevalik","item":"https:\/\/espak.ee\/epood\/tootevalik\/"},{"@type":"ListItem","position":3,"name":"VALAMU FRANKE SIRIUS SID 610-40 430*530MM S\u00dcSIMUST"}]},{"@type":"WebSite","@id":"https:\/\/espak.ee\/epood\/#website","url":"https:\/\/espak.ee\/epood\/","name":"Espak E-pood","description":"","potentialAction":[{"@type":"SearchAction","target":{"@type":"EntryPoint","urlTemplate":"https:\/\/espak.ee\/epood\/?s={search_term_string}"},"query-input":{"@type":"PropertyValueSpecification","valueRequired":true,"valueName":"search_term_string"}}],"inLanguage":"et"}]}},"_links":{"self":[{"href":"https:\/\/espak.ee\/epood\/wp-json\/wp\/v2\/product\/138050","targetHints":{"allow":["GET"]}}],"collection":[{"href":"https:\/\/espak.ee\/epood\/wp-json\/wp\/v2\/product"}],"about":[{"href":"https:\/\/espak.ee\/epood\/wp-json\/wp\/v2\/types\/product"}],"replies":[{"embeddable":true,"href":"https:\/\/espak.ee\/epood\/wp-json\/wp\/v2\/comments?post=138050"}],"wp:featuredmedia":[{"embeddable":true,"href":"https:\/\/espak.ee\/epood\/wp-json\/wp\/v2\/media\/138443"}],"wp:attachment":[{"href":"https:\/\/espak.ee\/epood\/wp-json\/wp\/v2\/media?parent=138050"}],"wp:term":[{"taxonomy":"product_brand","embeddable":true,"href":"https:\/\/espak.ee\/epood\/wp-json\/wp\/v2\/product_brand?post=138050"},{"taxonomy":"product_cat","embeddable":true,"href":"https:\/\/espak.ee\/epood\/wp-json\/wp\/v2\/product_cat?post=138050"},{"taxonomy":"product_tag","embeddable":true,"href":"https:\/\/espak.ee\/epood\/wp-json\/wp\/v2\/product_tag?post=138050"}],"curies":[{"name":"wp","href":"https:\/\/api.w.org\/{rel}","templated":true}]}}