{"id":13803,"date":"2020-01-07T03:00:54","date_gmt":"2020-01-07T01:00:54","guid":{"rendered":"https:\/\/espak.ee\/hinnakiri\/?post_type=product&#038;p=13803"},"modified":"2026-01-15T14:49:21","modified_gmt":"2026-01-15T12:49:21","slug":"kivivill-paroc-extra-1505651220mm-345m2","status":"publish","type":"product","link":"https:\/\/espak.ee\/epood\/toode\/kivivill-paroc-extra-1505651220mm-345m2\/","title":{"rendered":"KIVIVILL PAROC ULTRA 150*565*1220MM 3,45M2"},"content":{"rendered":"<div class=\"row\"  id=\"row-1490231798\">\n\n\t<div id=\"col-1306400013\" class=\"col medium-9 small-12 large-9\"  >\n\t\t\t\t<div class=\"col-inner\"  >\n\t\t\t\n\t\t\t\n<h2>Paroc Extra<\/h2>\n<p>Laiaotstarbeline soojustusplaat PAROC eXtra on valmistatud mittep\u00f5levast kivivillast ja seda kasutatakse erinevates hoonetes seinte, p\u00f6\u00f6ningute ja p\u00f5randate soojustamiseks ning heli- ja tulekindluse tagamiseks. See \u00e4\u00e4rmiselt soojustpidav \u00fcldsoojustusplaat on elastne ja tugev. Plaati on v\u00e4ga lihtne k\u00e4sitseda, l\u00f5igata ja paljudes eri kohtades kasutada. See soojustusmaterjal ei vaju \u00e4ra ega t\u00f5mbu kokku ning selle omadused s\u00e4ilivad kogu kasutusaja v\u00e4ltel. Toote suur tihedus takistab soojuse \u00e4rajuhtimist, mist\u00f5ttu s\u00e4ilivad selle soojustpidavad omadused ka \u00e4\u00e4rmiselt k\u00fclmadel talvedel.<\/p>\n\t<div id=\"gap-2103629009\" class=\"gap-element clearfix\" style=\"display:block; height:auto;\">\n\t\t\n<style>\n#gap-2103629009 {\n  padding-top: 30px;\n}\n<\/style>\n\t<\/div>\n\t\n\t\t<\/div>\n\t\t\t\t\t<\/div>\n\n\t\n\n\t<div id=\"col-212225407\" class=\"col medium-3 small-12 large-3\"  >\n\t\t\t\t<div class=\"col-inner\"  >\n\t\t\t\n\t\t\t\n\t<div id=\"gap-1300967016\" class=\"gap-element clearfix\" style=\"display:block; height:auto;\">\n\t\t\n<style>\n#gap-1300967016 {\n  padding-top: 30px;\n}\n<\/style>\n\t<\/div>\n\t\n<h3>Tehniline informatsioon<\/h3>\n<p><a href=\"https:\/\/espak.ee\/epood\/wp-content\/uploads\/PAROC_eXtra_tooteleht.pdf\" target=\"_blank\" rel=\"noopener noreferrer\"><i class=\"far fa-file-pdf\"><\/i> Tehniline info (PDF)<\/a><\/p>\n<div class=\"is-divider divider clearfix\" ><\/div>\n<p><strong>\u00dcksikasjalikuma n\u00f5u saamiseks v\u00f5tke \u00fchendust:<br \/><\/strong>AS Paroc<br \/>P\u00e4rnu mnt 158<br \/>11317<br \/>Tallinn<br \/>+372 6518100<\/p>\n<div class=\"is-divider divider clearfix\" ><\/div>\n\t\t<\/div>\n\t\t\t\t\t<\/div>\n\n\t\n<\/div>\n","protected":false},"excerpt":{"rendered":"","protected":false},"featured_media":47971,"comment_status":"closed","ping_status":"closed","template":"","meta":[],"product_brand":[],"product_cat":[2718,2724,2697,2726],"product_tag":[],"class_list":{"0":"post-13803","1":"product","2":"type-product","3":"status-publish","4":"has-post-thumbnail","6":"product_cat-isolatsioonimaterjalid","7":"product_cat-kivivill","8":"product_cat-uldehitus","9":"product_cat-uldotstarbeline-kivivill","10":"pa_kaubamark-paroc-as","12":"first","13":"instock","14":"sale","15":"taxable","16":"shipping-taxable","17":"purchasable","18":"product-type-simple"},"yoast_head":"<!-- This site is optimized with the Yoast SEO plugin v26.9 - https:\/\/yoast.com\/product\/yoast-seo-wordpress\/ -->\n<title>KIVIVILL PAROC ULTRA 150*565*1220MM 3,45M2 - Espak E-pood<\/title>\n<meta name=\"robots\" content=\"index, follow, max-snippet:-1, max-image-preview:large, max-video-preview:-1\" \/>\n<link rel=\"canonical\" href=\"https:\/\/espak.ee\/epood\/toode\/kivivill-paroc-extra-1505651220mm-345m2\/\" \/>\n<meta property=\"og:locale\" content=\"et_EE\" \/>\n<meta property=\"og:type\" content=\"article\" \/>\n<meta property=\"og:title\" content=\"KIVIVILL PAROC ULTRA 150*565*1220MM 3,45M2 - Espak E-pood\" \/>\n<meta property=\"og:url\" content=\"https:\/\/espak.ee\/epood\/toode\/kivivill-paroc-extra-1505651220mm-345m2\/\" \/>\n<meta property=\"og:site_name\" content=\"Espak E-pood\" \/>\n<meta property=\"article:modified_time\" content=\"2026-01-15T12:49:21+00:00\" \/>\n<meta property=\"og:image\" content=\"https:\/\/espak.ee\/epood\/wp-content\/uploads\/paroc-extra.jpg\" \/>\n\t<meta property=\"og:image:width\" content=\"619\" \/>\n\t<meta property=\"og:image:height\" content=\"619\" \/>\n\t<meta property=\"og:image:type\" content=\"image\/jpeg\" \/>\n<meta name=\"twitter:card\" content=\"summary_large_image\" \/>\n<meta name=\"twitter:label1\" content=\"Est. reading time\" \/>\n\t<meta name=\"twitter:data1\" content=\"1 minut\" \/>\n<script type=\"application\/ld+json\" class=\"yoast-schema-graph\">{\"@context\":\"https:\/\/schema.org\",\"@graph\":[{\"@type\":\"WebPage\",\"@id\":\"https:\/\/espak.ee\/epood\/toode\/kivivill-paroc-extra-1505651220mm-345m2\/\",\"url\":\"https:\/\/espak.ee\/epood\/toode\/kivivill-paroc-extra-1505651220mm-345m2\/\",\"name\":\"KIVIVILL PAROC ULTRA 150*565*1220MM 3,45M2 - Espak E-pood\",\"isPartOf\":{\"@id\":\"https:\/\/espak.ee\/epood\/#website\"},\"primaryImageOfPage\":{\"@id\":\"https:\/\/espak.ee\/epood\/toode\/kivivill-paroc-extra-1505651220mm-345m2\/#primaryimage\"},\"image\":{\"@id\":\"https:\/\/espak.ee\/epood\/toode\/kivivill-paroc-extra-1505651220mm-345m2\/#primaryimage\"},\"thumbnailUrl\":\"https:\/\/espak.ee\/epood\/wp-content\/uploads\/paroc-extra.jpg\",\"datePublished\":\"2020-01-07T01:00:54+00:00\",\"dateModified\":\"2026-01-15T12:49:21+00:00\",\"breadcrumb\":{\"@id\":\"https:\/\/espak.ee\/epood\/toode\/kivivill-paroc-extra-1505651220mm-345m2\/#breadcrumb\"},\"inLanguage\":\"et\",\"potentialAction\":[{\"@type\":\"ReadAction\",\"target\":[\"https:\/\/espak.ee\/epood\/toode\/kivivill-paroc-extra-1505651220mm-345m2\/\"]}]},{\"@type\":\"ImageObject\",\"inLanguage\":\"et\",\"@id\":\"https:\/\/espak.ee\/epood\/toode\/kivivill-paroc-extra-1505651220mm-345m2\/#primaryimage\",\"url\":\"https:\/\/espak.ee\/epood\/wp-content\/uploads\/paroc-extra.jpg\",\"contentUrl\":\"https:\/\/espak.ee\/epood\/wp-content\/uploads\/paroc-extra.jpg\",\"width\":619,\"height\":619},{\"@type\":\"BreadcrumbList\",\"@id\":\"https:\/\/espak.ee\/epood\/toode\/kivivill-paroc-extra-1505651220mm-345m2\/#breadcrumb\",\"itemListElement\":[{\"@type\":\"ListItem\",\"position\":1,\"name\":\"Home\",\"item\":\"https:\/\/espak.ee\/epood\/\"},{\"@type\":\"ListItem\",\"position\":2,\"name\":\"Tootevalik\",\"item\":\"https:\/\/espak.ee\/epood\/tootevalik\/\"},{\"@type\":\"ListItem\",\"position\":3,\"name\":\"KIVIVILL PAROC ULTRA 150*565*1220MM 3,45M2\"}]},{\"@type\":\"WebSite\",\"@id\":\"https:\/\/espak.ee\/epood\/#website\",\"url\":\"https:\/\/espak.ee\/epood\/\",\"name\":\"Espak E-pood\",\"description\":\"\",\"potentialAction\":[{\"@type\":\"SearchAction\",\"target\":{\"@type\":\"EntryPoint\",\"urlTemplate\":\"https:\/\/espak.ee\/epood\/?s={search_term_string}\"},\"query-input\":{\"@type\":\"PropertyValueSpecification\",\"valueRequired\":true,\"valueName\":\"search_term_string\"}}],\"inLanguage\":\"et\"}]}<\/script>\n<!-- \/ Yoast SEO plugin. -->","yoast_head_json":{"title":"KIVIVILL PAROC ULTRA 150*565*1220MM 3,45M2 - Espak E-pood","robots":{"index":"index","follow":"follow","max-snippet":"max-snippet:-1","max-image-preview":"max-image-preview:large","max-video-preview":"max-video-preview:-1"},"canonical":"https:\/\/espak.ee\/epood\/toode\/kivivill-paroc-extra-1505651220mm-345m2\/","og_locale":"et_EE","og_type":"article","og_title":"KIVIVILL PAROC ULTRA 150*565*1220MM 3,45M2 - Espak E-pood","og_url":"https:\/\/espak.ee\/epood\/toode\/kivivill-paroc-extra-1505651220mm-345m2\/","og_site_name":"Espak E-pood","article_modified_time":"2026-01-15T12:49:21+00:00","og_image":[{"width":619,"height":619,"url":"https:\/\/espak.ee\/epood\/wp-content\/uploads\/paroc-extra.jpg","type":"image\/jpeg"}],"twitter_card":"summary_large_image","twitter_misc":{"Est. reading time":"1 minut"},"schema":{"@context":"https:\/\/schema.org","@graph":[{"@type":"WebPage","@id":"https:\/\/espak.ee\/epood\/toode\/kivivill-paroc-extra-1505651220mm-345m2\/","url":"https:\/\/espak.ee\/epood\/toode\/kivivill-paroc-extra-1505651220mm-345m2\/","name":"KIVIVILL PAROC ULTRA 150*565*1220MM 3,45M2 - Espak E-pood","isPartOf":{"@id":"https:\/\/espak.ee\/epood\/#website"},"primaryImageOfPage":{"@id":"https:\/\/espak.ee\/epood\/toode\/kivivill-paroc-extra-1505651220mm-345m2\/#primaryimage"},"image":{"@id":"https:\/\/espak.ee\/epood\/toode\/kivivill-paroc-extra-1505651220mm-345m2\/#primaryimage"},"thumbnailUrl":"https:\/\/espak.ee\/epood\/wp-content\/uploads\/paroc-extra.jpg","datePublished":"2020-01-07T01:00:54+00:00","dateModified":"2026-01-15T12:49:21+00:00","breadcrumb":{"@id":"https:\/\/espak.ee\/epood\/toode\/kivivill-paroc-extra-1505651220mm-345m2\/#breadcrumb"},"inLanguage":"et","potentialAction":[{"@type":"ReadAction","target":["https:\/\/espak.ee\/epood\/toode\/kivivill-paroc-extra-1505651220mm-345m2\/"]}]},{"@type":"ImageObject","inLanguage":"et","@id":"https:\/\/espak.ee\/epood\/toode\/kivivill-paroc-extra-1505651220mm-345m2\/#primaryimage","url":"https:\/\/espak.ee\/epood\/wp-content\/uploads\/paroc-extra.jpg","contentUrl":"https:\/\/espak.ee\/epood\/wp-content\/uploads\/paroc-extra.jpg","width":619,"height":619},{"@type":"BreadcrumbList","@id":"https:\/\/espak.ee\/epood\/toode\/kivivill-paroc-extra-1505651220mm-345m2\/#breadcrumb","itemListElement":[{"@type":"ListItem","position":1,"name":"Home","item":"https:\/\/espak.ee\/epood\/"},{"@type":"ListItem","position":2,"name":"Tootevalik","item":"https:\/\/espak.ee\/epood\/tootevalik\/"},{"@type":"ListItem","position":3,"name":"KIVIVILL PAROC ULTRA 150*565*1220MM 3,45M2"}]},{"@type":"WebSite","@id":"https:\/\/espak.ee\/epood\/#website","url":"https:\/\/espak.ee\/epood\/","name":"Espak E-pood","description":"","potentialAction":[{"@type":"SearchAction","target":{"@type":"EntryPoint","urlTemplate":"https:\/\/espak.ee\/epood\/?s={search_term_string}"},"query-input":{"@type":"PropertyValueSpecification","valueRequired":true,"valueName":"search_term_string"}}],"inLanguage":"et"}]}},"_links":{"self":[{"href":"https:\/\/espak.ee\/epood\/wp-json\/wp\/v2\/product\/13803","targetHints":{"allow":["GET"]}}],"collection":[{"href":"https:\/\/espak.ee\/epood\/wp-json\/wp\/v2\/product"}],"about":[{"href":"https:\/\/espak.ee\/epood\/wp-json\/wp\/v2\/types\/product"}],"replies":[{"embeddable":true,"href":"https:\/\/espak.ee\/epood\/wp-json\/wp\/v2\/comments?post=13803"}],"wp:featuredmedia":[{"embeddable":true,"href":"https:\/\/espak.ee\/epood\/wp-json\/wp\/v2\/media\/47971"}],"wp:attachment":[{"href":"https:\/\/espak.ee\/epood\/wp-json\/wp\/v2\/media?parent=13803"}],"wp:term":[{"taxonomy":"product_brand","embeddable":true,"href":"https:\/\/espak.ee\/epood\/wp-json\/wp\/v2\/product_brand?post=13803"},{"taxonomy":"product_cat","embeddable":true,"href":"https:\/\/espak.ee\/epood\/wp-json\/wp\/v2\/product_cat?post=13803"},{"taxonomy":"product_tag","embeddable":true,"href":"https:\/\/espak.ee\/epood\/wp-json\/wp\/v2\/product_tag?post=13803"}],"curies":[{"name":"wp","href":"https:\/\/api.w.org\/{rel}","templated":true}]}}