{"id":137961,"date":"2022-11-01T09:12:05","date_gmt":"2022-11-01T09:12:05","guid":{"rendered":"https:\/\/espak.ee\/epood\/?post_type=product&#038;p=137961"},"modified":"2024-03-23T02:20:37","modified_gmt":"2024-03-23T00:20:37","slug":"porandaventilaator-eurom-vento-3ds","status":"publish","type":"product","link":"https:\/\/espak.ee\/epood\/toode\/porandaventilaator-eurom-vento-3ds\/","title":{"rendered":"P\u00d5RANDAVENTILAATOR EUROM VENTO 3DS"},"content":{"rendered":"<div class=\"row\"  id=\"row-1895725196\">\n\n\t<div id=\"col-560299047\" class=\"col medium-9 small-12 large-9\"  >\n\t\t\t\t<div class=\"col-inner\"  >\n\t\t\t\n\t\t\t\n<h2>P\u00f5randaventilaator Eurom Vento 3DS<\/h2>\n<p>Eurom Vento 3DS on v\u00e4ga t\u00f5hus seisev ventilaator, millel on ainulaadne v\u00f5nkemuster. T\u00e4nu horisontaalsele ja vertikaalsele v\u00f5nkumisele liigutab Vento 3DS \u00f5hku l\u00e4bi ruumi v\u00e4ga t\u00f5husalt. Hea kasutada suvel jaheda \u00f5hu liigutamiseks, aga ka talvel k\u00fcttekeha ees.<br \/>\nLoomulikus re\u017eiimis imiteerib looduslikku tuult. Vento 3DS-il on ka \u00f6\u00f6re\u017eiim, kus ventilaator on eriti vaikne.<br \/>\n Kaugjuhtimispuldiga saab Vento 3DS-i juhtida eemalt.<br \/>\nMootori v\u00f5imsus 60W.<br \/>\nTaimer 0 &#8211; 7 tundi.<br \/>\nM\u00f5\u00f5dud: 26 x 25 x 55 cm.<br \/>\nToitekaabel 150 cm.\n  <\/p>\n<p>  \t<div id=\"gap-319741475\" class=\"gap-element clearfix\" style=\"display:block; height:auto;\">\n\t\t\n<style>\n#gap-319741475 {\n  padding-top: 30px;\n}\n<\/style>\n\t<\/div>\n\t\n\t\t<\/div>\n\t\t\t\t\t<\/div>\n\n\t\n\n\t<div id=\"col-1516965706\" class=\"col medium-3 small-12 large-3\"  >\n\t\t\t\t<div class=\"col-inner\"  >\n\t\t\t\n\t\t\t\n\t<div id=\"gap-153643501\" class=\"gap-element clearfix\" style=\"display:block; height:auto;\">\n\t\t\n<style>\n#gap-153643501 {\n  padding-top: 30px;\n}\n<\/style>\n\t<\/div>\n\t\n<div class=\"is-divider divider clearfix\" ><\/div>\n<p><strong>\u00dcksikasjalikuma n\u00f5u saamiseks v\u00f5tke \u00fchendust:<br \/><\/strong>Espak AS<br \/>Viadukti 42<br \/>11313<br \/>Tallinn<br \/>+372 6 512333<\/p>\n<div class=\"is-divider divider clearfix\" ><\/div>\n\t\t<\/div>\n\t\t\t\t\t<\/div>\n\n\t\n<\/div>\n","protected":false},"excerpt":{"rendered":"","protected":false},"featured_media":138166,"comment_status":"closed","ping_status":"closed","template":"","meta":[],"product_brand":[],"product_cat":[2935,2934,3265,4436],"product_tag":[],"class_list":{"0":"post-137961","1":"product","2":"type-product","3":"status-publish","4":"has-post-thumbnail","6":"product_cat-elektrikaubad","7":"product_cat-elektrikaubad-ja-valgustid","8":"product_cat-elektrikute-ja-kliimaseadmed","9":"product_cat-porandaventilaatorid","10":"pa_kaubamark-euromac-b-v","12":"first","13":"instock","14":"sale","15":"taxable","16":"shipping-taxable","17":"purchasable","18":"product-type-simple"},"yoast_head":"<!-- This site is optimized with the Yoast SEO plugin v26.9 - https:\/\/yoast.com\/product\/yoast-seo-wordpress\/ -->\n<title>P\u00d5RANDAVENTILAATOR EUROM VENTO 3DS - Espak E-pood<\/title>\n<meta name=\"robots\" content=\"index, follow, max-snippet:-1, max-image-preview:large, max-video-preview:-1\" \/>\n<link rel=\"canonical\" href=\"https:\/\/espak.ee\/epood\/toode\/porandaventilaator-eurom-vento-3ds\/\" \/>\n<meta property=\"og:locale\" content=\"et_EE\" \/>\n<meta property=\"og:type\" content=\"article\" \/>\n<meta property=\"og:title\" content=\"P\u00d5RANDAVENTILAATOR EUROM VENTO 3DS - Espak E-pood\" \/>\n<meta property=\"og:url\" content=\"https:\/\/espak.ee\/epood\/toode\/porandaventilaator-eurom-vento-3ds\/\" \/>\n<meta property=\"og:site_name\" content=\"Espak E-pood\" \/>\n<meta property=\"article:modified_time\" content=\"2024-03-23T00:20:37+00:00\" \/>\n<meta property=\"og:image\" content=\"https:\/\/espak.ee\/epood\/wp-content\/uploads\/2022\/11\/8713415384833-Vento-3DS-8.jpg\" \/>\n\t<meta property=\"og:image:width\" content=\"800\" \/>\n\t<meta property=\"og:image:height\" content=\"800\" \/>\n\t<meta property=\"og:image:type\" content=\"image\/jpeg\" \/>\n<meta name=\"twitter:card\" content=\"summary_large_image\" \/>\n<meta name=\"twitter:label1\" content=\"Est. reading time\" \/>\n\t<meta name=\"twitter:data1\" content=\"1 minut\" \/>\n<script type=\"application\/ld+json\" class=\"yoast-schema-graph\">{\"@context\":\"https:\/\/schema.org\",\"@graph\":[{\"@type\":\"WebPage\",\"@id\":\"https:\/\/espak.ee\/epood\/toode\/porandaventilaator-eurom-vento-3ds\/\",\"url\":\"https:\/\/espak.ee\/epood\/toode\/porandaventilaator-eurom-vento-3ds\/\",\"name\":\"P\u00d5RANDAVENTILAATOR EUROM VENTO 3DS - Espak E-pood\",\"isPartOf\":{\"@id\":\"https:\/\/espak.ee\/epood\/#website\"},\"primaryImageOfPage\":{\"@id\":\"https:\/\/espak.ee\/epood\/toode\/porandaventilaator-eurom-vento-3ds\/#primaryimage\"},\"image\":{\"@id\":\"https:\/\/espak.ee\/epood\/toode\/porandaventilaator-eurom-vento-3ds\/#primaryimage\"},\"thumbnailUrl\":\"https:\/\/espak.ee\/epood\/wp-content\/uploads\/2022\/11\/8713415384833-Vento-3DS-8.jpg\",\"datePublished\":\"2022-11-01T09:12:05+00:00\",\"dateModified\":\"2024-03-23T00:20:37+00:00\",\"breadcrumb\":{\"@id\":\"https:\/\/espak.ee\/epood\/toode\/porandaventilaator-eurom-vento-3ds\/#breadcrumb\"},\"inLanguage\":\"et\",\"potentialAction\":[{\"@type\":\"ReadAction\",\"target\":[\"https:\/\/espak.ee\/epood\/toode\/porandaventilaator-eurom-vento-3ds\/\"]}]},{\"@type\":\"ImageObject\",\"inLanguage\":\"et\",\"@id\":\"https:\/\/espak.ee\/epood\/toode\/porandaventilaator-eurom-vento-3ds\/#primaryimage\",\"url\":\"https:\/\/espak.ee\/epood\/wp-content\/uploads\/2022\/11\/8713415384833-Vento-3DS-8.jpg\",\"contentUrl\":\"https:\/\/espak.ee\/epood\/wp-content\/uploads\/2022\/11\/8713415384833-Vento-3DS-8.jpg\",\"width\":800,\"height\":800},{\"@type\":\"BreadcrumbList\",\"@id\":\"https:\/\/espak.ee\/epood\/toode\/porandaventilaator-eurom-vento-3ds\/#breadcrumb\",\"itemListElement\":[{\"@type\":\"ListItem\",\"position\":1,\"name\":\"Home\",\"item\":\"https:\/\/espak.ee\/epood\/\"},{\"@type\":\"ListItem\",\"position\":2,\"name\":\"Tootevalik\",\"item\":\"https:\/\/espak.ee\/epood\/tootevalik\/\"},{\"@type\":\"ListItem\",\"position\":3,\"name\":\"P\u00d5RANDAVENTILAATOR EUROM VENTO 3DS\"}]},{\"@type\":\"WebSite\",\"@id\":\"https:\/\/espak.ee\/epood\/#website\",\"url\":\"https:\/\/espak.ee\/epood\/\",\"name\":\"Espak E-pood\",\"description\":\"\",\"potentialAction\":[{\"@type\":\"SearchAction\",\"target\":{\"@type\":\"EntryPoint\",\"urlTemplate\":\"https:\/\/espak.ee\/epood\/?s={search_term_string}\"},\"query-input\":{\"@type\":\"PropertyValueSpecification\",\"valueRequired\":true,\"valueName\":\"search_term_string\"}}],\"inLanguage\":\"et\"}]}<\/script>\n<!-- \/ Yoast SEO plugin. -->","yoast_head_json":{"title":"P\u00d5RANDAVENTILAATOR EUROM VENTO 3DS - Espak E-pood","robots":{"index":"index","follow":"follow","max-snippet":"max-snippet:-1","max-image-preview":"max-image-preview:large","max-video-preview":"max-video-preview:-1"},"canonical":"https:\/\/espak.ee\/epood\/toode\/porandaventilaator-eurom-vento-3ds\/","og_locale":"et_EE","og_type":"article","og_title":"P\u00d5RANDAVENTILAATOR EUROM VENTO 3DS - Espak E-pood","og_url":"https:\/\/espak.ee\/epood\/toode\/porandaventilaator-eurom-vento-3ds\/","og_site_name":"Espak E-pood","article_modified_time":"2024-03-23T00:20:37+00:00","og_image":[{"width":800,"height":800,"url":"https:\/\/espak.ee\/epood\/wp-content\/uploads\/2022\/11\/8713415384833-Vento-3DS-8.jpg","type":"image\/jpeg"}],"twitter_card":"summary_large_image","twitter_misc":{"Est. reading time":"1 minut"},"schema":{"@context":"https:\/\/schema.org","@graph":[{"@type":"WebPage","@id":"https:\/\/espak.ee\/epood\/toode\/porandaventilaator-eurom-vento-3ds\/","url":"https:\/\/espak.ee\/epood\/toode\/porandaventilaator-eurom-vento-3ds\/","name":"P\u00d5RANDAVENTILAATOR EUROM VENTO 3DS - Espak E-pood","isPartOf":{"@id":"https:\/\/espak.ee\/epood\/#website"},"primaryImageOfPage":{"@id":"https:\/\/espak.ee\/epood\/toode\/porandaventilaator-eurom-vento-3ds\/#primaryimage"},"image":{"@id":"https:\/\/espak.ee\/epood\/toode\/porandaventilaator-eurom-vento-3ds\/#primaryimage"},"thumbnailUrl":"https:\/\/espak.ee\/epood\/wp-content\/uploads\/2022\/11\/8713415384833-Vento-3DS-8.jpg","datePublished":"2022-11-01T09:12:05+00:00","dateModified":"2024-03-23T00:20:37+00:00","breadcrumb":{"@id":"https:\/\/espak.ee\/epood\/toode\/porandaventilaator-eurom-vento-3ds\/#breadcrumb"},"inLanguage":"et","potentialAction":[{"@type":"ReadAction","target":["https:\/\/espak.ee\/epood\/toode\/porandaventilaator-eurom-vento-3ds\/"]}]},{"@type":"ImageObject","inLanguage":"et","@id":"https:\/\/espak.ee\/epood\/toode\/porandaventilaator-eurom-vento-3ds\/#primaryimage","url":"https:\/\/espak.ee\/epood\/wp-content\/uploads\/2022\/11\/8713415384833-Vento-3DS-8.jpg","contentUrl":"https:\/\/espak.ee\/epood\/wp-content\/uploads\/2022\/11\/8713415384833-Vento-3DS-8.jpg","width":800,"height":800},{"@type":"BreadcrumbList","@id":"https:\/\/espak.ee\/epood\/toode\/porandaventilaator-eurom-vento-3ds\/#breadcrumb","itemListElement":[{"@type":"ListItem","position":1,"name":"Home","item":"https:\/\/espak.ee\/epood\/"},{"@type":"ListItem","position":2,"name":"Tootevalik","item":"https:\/\/espak.ee\/epood\/tootevalik\/"},{"@type":"ListItem","position":3,"name":"P\u00d5RANDAVENTILAATOR EUROM VENTO 3DS"}]},{"@type":"WebSite","@id":"https:\/\/espak.ee\/epood\/#website","url":"https:\/\/espak.ee\/epood\/","name":"Espak E-pood","description":"","potentialAction":[{"@type":"SearchAction","target":{"@type":"EntryPoint","urlTemplate":"https:\/\/espak.ee\/epood\/?s={search_term_string}"},"query-input":{"@type":"PropertyValueSpecification","valueRequired":true,"valueName":"search_term_string"}}],"inLanguage":"et"}]}},"_links":{"self":[{"href":"https:\/\/espak.ee\/epood\/wp-json\/wp\/v2\/product\/137961","targetHints":{"allow":["GET"]}}],"collection":[{"href":"https:\/\/espak.ee\/epood\/wp-json\/wp\/v2\/product"}],"about":[{"href":"https:\/\/espak.ee\/epood\/wp-json\/wp\/v2\/types\/product"}],"replies":[{"embeddable":true,"href":"https:\/\/espak.ee\/epood\/wp-json\/wp\/v2\/comments?post=137961"}],"wp:featuredmedia":[{"embeddable":true,"href":"https:\/\/espak.ee\/epood\/wp-json\/wp\/v2\/media\/138166"}],"wp:attachment":[{"href":"https:\/\/espak.ee\/epood\/wp-json\/wp\/v2\/media?parent=137961"}],"wp:term":[{"taxonomy":"product_brand","embeddable":true,"href":"https:\/\/espak.ee\/epood\/wp-json\/wp\/v2\/product_brand?post=137961"},{"taxonomy":"product_cat","embeddable":true,"href":"https:\/\/espak.ee\/epood\/wp-json\/wp\/v2\/product_cat?post=137961"},{"taxonomy":"product_tag","embeddable":true,"href":"https:\/\/espak.ee\/epood\/wp-json\/wp\/v2\/product_tag?post=137961"}],"curies":[{"name":"wp","href":"https:\/\/api.w.org\/{rel}","templated":true}]}}