{"id":13793,"date":"2020-01-07T03:00:54","date_gmt":"2020-01-07T01:00:54","guid":{"rendered":"https:\/\/espak.ee\/hinnakiri\/?post_type=product&#038;p=13793"},"modified":"2024-11-21T15:08:56","modified_gmt":"2024-11-21T13:08:56","slug":"kivivill-linio-15-20-6001200mm","status":"publish","type":"product","link":"https:\/\/espak.ee\/epood\/toode\/kivivill-linio-15-20-6001200mm\/","title":{"rendered":"KIVIVILL LINIO 15 20 600*1200MM"},"content":{"rendered":"<div class=\"row\"  id=\"row-949073372\">\n\n\t<div id=\"col-1668714222\" class=\"col medium-9 small-12 large-9\"  >\n\t\t\t\t<div class=\"col-inner\"  >\n\t\t\t\n\t\t\t\n<h2>Paroc Linio 15<\/h2>\n<p>Krohvitav fassaadiplaat PAROC Linio 15 on mittep\u00f5lev kivivillast soojustusmaterjal, mida kasutatakse nii vanemate kui ka uute hoonete avauste \u00fcmber \u00f5hukese krohvitud fassaadi aluskihina. Fassaadiplaat PAROC Linio 15 on suurep\u00e4rase soojuspidavuse ja leelisekindlusega. See ei kogu niiskust ega reageeri temperatuurimuutustele. \u00d5hukest krohvitavat fassaadisoojustusplaati on hea kasutada \u00fchtlase \u00f5hukese krohvialuskihina akna- ja uksepaledel, kus see kiht ei tohi v\u00e4ga paks olla.<\/p>\n\t<div id=\"gap-882692473\" class=\"gap-element clearfix\" style=\"display:block; height:auto;\">\n\t\t\n<style>\n#gap-882692473 {\n  padding-top: 30px;\n}\n<\/style>\n\t<\/div>\n\t\n\t\t<\/div>\n\t\t\t\t\t<\/div>\n\n\t\n\n\t<div id=\"col-547852195\" class=\"col medium-3 small-12 large-3\"  >\n\t\t\t\t<div class=\"col-inner\"  >\n\t\t\t\n\t\t\t\n\t<div id=\"gap-607305572\" class=\"gap-element clearfix\" style=\"display:block; height:auto;\">\n\t\t\n<style>\n#gap-607305572 {\n  padding-top: 30px;\n}\n<\/style>\n\t<\/div>\n\t\n<h3>Tehniline informatsioon<\/h3>\n<p><a href=\"https:\/\/espak.ee\/epood\/wp-content\/uploads\/PAROC_Linio_15_tooteleht.pdf\" target=\"_blank\" rel=\"noopener noreferrer\"><i class=\"far fa-file-pdf\"><\/i> Tehniline info (PDF)<\/a><\/p>\n<div class=\"is-divider divider clearfix\" ><\/div>\n<p><strong>\u00dcksikasjalikuma n\u00f5u saamiseks v\u00f5tke \u00fchendust:<br \/><\/strong>AS Paroc<br \/>P\u00e4rnu mnt 158<br \/>11317<br \/>Tallinn<br \/>+372 6518100<\/p>\n<div class=\"is-divider divider clearfix\" ><\/div>\n\t\t<\/div>\n\t\t\t\t\t<\/div>\n\n\t\n<\/div>\n","protected":false},"excerpt":{"rendered":"","protected":false},"featured_media":48091,"comment_status":"closed","ping_status":"closed","template":"","meta":[],"product_brand":[],"product_cat":[2888,2718,2724,2697],"product_tag":[],"class_list":{"0":"post-13793","1":"product","2":"type-product","3":"status-publish","4":"has-post-thumbnail","6":"product_cat-fassaadivillad","7":"product_cat-isolatsioonimaterjalid","8":"product_cat-kivivill","9":"product_cat-uldehitus","10":"pa_kaubamark-paroc-as","12":"first","13":"instock","14":"sale","15":"taxable","16":"shipping-taxable","17":"purchasable","18":"product-type-simple"},"yoast_head":"<!-- This site is optimized with the Yoast SEO plugin v26.9 - https:\/\/yoast.com\/product\/yoast-seo-wordpress\/ -->\n<title>KIVIVILL LINIO 15 20 600*1200MM - Espak E-pood<\/title>\n<meta name=\"robots\" content=\"index, follow, max-snippet:-1, max-image-preview:large, max-video-preview:-1\" \/>\n<link rel=\"canonical\" href=\"https:\/\/espak.ee\/epood\/toode\/kivivill-linio-15-20-6001200mm\/\" \/>\n<meta property=\"og:locale\" content=\"et_EE\" \/>\n<meta property=\"og:type\" content=\"article\" \/>\n<meta property=\"og:title\" content=\"KIVIVILL LINIO 15 20 600*1200MM - Espak E-pood\" \/>\n<meta property=\"og:url\" content=\"https:\/\/espak.ee\/epood\/toode\/kivivill-linio-15-20-6001200mm\/\" \/>\n<meta property=\"og:site_name\" content=\"Espak E-pood\" \/>\n<meta property=\"article:modified_time\" content=\"2024-11-21T13:08:56+00:00\" \/>\n<meta property=\"og:image\" content=\"https:\/\/espak.ee\/epood\/wp-content\/uploads\/Linio-10-scaled-e1635747210568.jpg\" \/>\n\t<meta property=\"og:image:width\" content=\"1679\" \/>\n\t<meta property=\"og:image:height\" content=\"1617\" \/>\n\t<meta property=\"og:image:type\" content=\"image\/jpeg\" \/>\n<meta name=\"twitter:card\" content=\"summary_large_image\" \/>\n<script type=\"application\/ld+json\" class=\"yoast-schema-graph\">{\"@context\":\"https:\/\/schema.org\",\"@graph\":[{\"@type\":\"WebPage\",\"@id\":\"https:\/\/espak.ee\/epood\/toode\/kivivill-linio-15-20-6001200mm\/\",\"url\":\"https:\/\/espak.ee\/epood\/toode\/kivivill-linio-15-20-6001200mm\/\",\"name\":\"KIVIVILL LINIO 15 20 600*1200MM - Espak E-pood\",\"isPartOf\":{\"@id\":\"https:\/\/espak.ee\/epood\/#website\"},\"primaryImageOfPage\":{\"@id\":\"https:\/\/espak.ee\/epood\/toode\/kivivill-linio-15-20-6001200mm\/#primaryimage\"},\"image\":{\"@id\":\"https:\/\/espak.ee\/epood\/toode\/kivivill-linio-15-20-6001200mm\/#primaryimage\"},\"thumbnailUrl\":\"https:\/\/espak.ee\/epood\/wp-content\/uploads\/Linio-10-scaled-e1716194045571.jpg\",\"datePublished\":\"2020-01-07T01:00:54+00:00\",\"dateModified\":\"2024-11-21T13:08:56+00:00\",\"breadcrumb\":{\"@id\":\"https:\/\/espak.ee\/epood\/toode\/kivivill-linio-15-20-6001200mm\/#breadcrumb\"},\"inLanguage\":\"et\",\"potentialAction\":[{\"@type\":\"ReadAction\",\"target\":[\"https:\/\/espak.ee\/epood\/toode\/kivivill-linio-15-20-6001200mm\/\"]}]},{\"@type\":\"ImageObject\",\"inLanguage\":\"et\",\"@id\":\"https:\/\/espak.ee\/epood\/toode\/kivivill-linio-15-20-6001200mm\/#primaryimage\",\"url\":\"https:\/\/espak.ee\/epood\/wp-content\/uploads\/Linio-10-scaled-e1716194045571.jpg\",\"contentUrl\":\"https:\/\/espak.ee\/epood\/wp-content\/uploads\/Linio-10-scaled-e1716194045571.jpg\",\"width\":1617,\"height\":1617},{\"@type\":\"BreadcrumbList\",\"@id\":\"https:\/\/espak.ee\/epood\/toode\/kivivill-linio-15-20-6001200mm\/#breadcrumb\",\"itemListElement\":[{\"@type\":\"ListItem\",\"position\":1,\"name\":\"Home\",\"item\":\"https:\/\/espak.ee\/epood\/\"},{\"@type\":\"ListItem\",\"position\":2,\"name\":\"Tootevalik\",\"item\":\"https:\/\/espak.ee\/epood\/tootevalik\/\"},{\"@type\":\"ListItem\",\"position\":3,\"name\":\"KIVIVILL LINIO 15 20 600*1200MM\"}]},{\"@type\":\"WebSite\",\"@id\":\"https:\/\/espak.ee\/epood\/#website\",\"url\":\"https:\/\/espak.ee\/epood\/\",\"name\":\"Espak E-pood\",\"description\":\"\",\"potentialAction\":[{\"@type\":\"SearchAction\",\"target\":{\"@type\":\"EntryPoint\",\"urlTemplate\":\"https:\/\/espak.ee\/epood\/?s={search_term_string}\"},\"query-input\":{\"@type\":\"PropertyValueSpecification\",\"valueRequired\":true,\"valueName\":\"search_term_string\"}}],\"inLanguage\":\"et\"}]}<\/script>\n<!-- \/ Yoast SEO plugin. -->","yoast_head_json":{"title":"KIVIVILL LINIO 15 20 600*1200MM - Espak E-pood","robots":{"index":"index","follow":"follow","max-snippet":"max-snippet:-1","max-image-preview":"max-image-preview:large","max-video-preview":"max-video-preview:-1"},"canonical":"https:\/\/espak.ee\/epood\/toode\/kivivill-linio-15-20-6001200mm\/","og_locale":"et_EE","og_type":"article","og_title":"KIVIVILL LINIO 15 20 600*1200MM - Espak E-pood","og_url":"https:\/\/espak.ee\/epood\/toode\/kivivill-linio-15-20-6001200mm\/","og_site_name":"Espak E-pood","article_modified_time":"2024-11-21T13:08:56+00:00","og_image":[{"width":1679,"height":1617,"url":"https:\/\/espak.ee\/epood\/wp-content\/uploads\/Linio-10-scaled-e1635747210568.jpg","type":"image\/jpeg"}],"twitter_card":"summary_large_image","schema":{"@context":"https:\/\/schema.org","@graph":[{"@type":"WebPage","@id":"https:\/\/espak.ee\/epood\/toode\/kivivill-linio-15-20-6001200mm\/","url":"https:\/\/espak.ee\/epood\/toode\/kivivill-linio-15-20-6001200mm\/","name":"KIVIVILL LINIO 15 20 600*1200MM - Espak E-pood","isPartOf":{"@id":"https:\/\/espak.ee\/epood\/#website"},"primaryImageOfPage":{"@id":"https:\/\/espak.ee\/epood\/toode\/kivivill-linio-15-20-6001200mm\/#primaryimage"},"image":{"@id":"https:\/\/espak.ee\/epood\/toode\/kivivill-linio-15-20-6001200mm\/#primaryimage"},"thumbnailUrl":"https:\/\/espak.ee\/epood\/wp-content\/uploads\/Linio-10-scaled-e1716194045571.jpg","datePublished":"2020-01-07T01:00:54+00:00","dateModified":"2024-11-21T13:08:56+00:00","breadcrumb":{"@id":"https:\/\/espak.ee\/epood\/toode\/kivivill-linio-15-20-6001200mm\/#breadcrumb"},"inLanguage":"et","potentialAction":[{"@type":"ReadAction","target":["https:\/\/espak.ee\/epood\/toode\/kivivill-linio-15-20-6001200mm\/"]}]},{"@type":"ImageObject","inLanguage":"et","@id":"https:\/\/espak.ee\/epood\/toode\/kivivill-linio-15-20-6001200mm\/#primaryimage","url":"https:\/\/espak.ee\/epood\/wp-content\/uploads\/Linio-10-scaled-e1716194045571.jpg","contentUrl":"https:\/\/espak.ee\/epood\/wp-content\/uploads\/Linio-10-scaled-e1716194045571.jpg","width":1617,"height":1617},{"@type":"BreadcrumbList","@id":"https:\/\/espak.ee\/epood\/toode\/kivivill-linio-15-20-6001200mm\/#breadcrumb","itemListElement":[{"@type":"ListItem","position":1,"name":"Home","item":"https:\/\/espak.ee\/epood\/"},{"@type":"ListItem","position":2,"name":"Tootevalik","item":"https:\/\/espak.ee\/epood\/tootevalik\/"},{"@type":"ListItem","position":3,"name":"KIVIVILL LINIO 15 20 600*1200MM"}]},{"@type":"WebSite","@id":"https:\/\/espak.ee\/epood\/#website","url":"https:\/\/espak.ee\/epood\/","name":"Espak E-pood","description":"","potentialAction":[{"@type":"SearchAction","target":{"@type":"EntryPoint","urlTemplate":"https:\/\/espak.ee\/epood\/?s={search_term_string}"},"query-input":{"@type":"PropertyValueSpecification","valueRequired":true,"valueName":"search_term_string"}}],"inLanguage":"et"}]}},"_links":{"self":[{"href":"https:\/\/espak.ee\/epood\/wp-json\/wp\/v2\/product\/13793","targetHints":{"allow":["GET"]}}],"collection":[{"href":"https:\/\/espak.ee\/epood\/wp-json\/wp\/v2\/product"}],"about":[{"href":"https:\/\/espak.ee\/epood\/wp-json\/wp\/v2\/types\/product"}],"replies":[{"embeddable":true,"href":"https:\/\/espak.ee\/epood\/wp-json\/wp\/v2\/comments?post=13793"}],"wp:featuredmedia":[{"embeddable":true,"href":"https:\/\/espak.ee\/epood\/wp-json\/wp\/v2\/media\/48091"}],"wp:attachment":[{"href":"https:\/\/espak.ee\/epood\/wp-json\/wp\/v2\/media?parent=13793"}],"wp:term":[{"taxonomy":"product_brand","embeddable":true,"href":"https:\/\/espak.ee\/epood\/wp-json\/wp\/v2\/product_brand?post=13793"},{"taxonomy":"product_cat","embeddable":true,"href":"https:\/\/espak.ee\/epood\/wp-json\/wp\/v2\/product_cat?post=13793"},{"taxonomy":"product_tag","embeddable":true,"href":"https:\/\/espak.ee\/epood\/wp-json\/wp\/v2\/product_tag?post=13793"}],"curies":[{"name":"wp","href":"https:\/\/api.w.org\/{rel}","templated":true}]}}