{"id":13777,"date":"2020-01-07T03:00:45","date_gmt":"2020-01-07T01:00:45","guid":{"rendered":"https:\/\/espak.ee\/hinnakiri\/?post_type=product&#038;p=13777"},"modified":"2026-04-27T13:46:30","modified_gmt":"2026-04-27T10:46:30","slug":"viinamarjade-vaetis-miracle-gro-350g","status":"publish","type":"product","link":"https:\/\/espak.ee\/epood\/toode\/viinamarjade-vaetis-miracle-gro-350g\/","title":{"rendered":"VIINAMARJADE V\u00c4ETIS MIRACLE-GRO 350G"},"content":{"rendered":"<div class=\"row\"  id=\"row-1726345576\">\n\n\t<div id=\"col-839671544\" class=\"col medium-9 small-12 large-9\"  >\n\t\t\t\t<div class=\"col-inner\"  >\n\t\t\t\n\t\t\t\n<h2>Miracle-Gro\u00ae viinamarjade v\u00e4etis<\/h2>\n<p>100% veeslahustuv \u00f5itsemist ja viljumist soodustav lahustuv pulbriline v\u00e4etis viinapuude v\u00e4etamiseks. Kindlustab hea kasvu ja arengu. Rikkaliku \u00f5itsemise, viljumise ja maitsva saagi. Parema vastupanu ebasoodsatele tingimusele, haigustele ja kahjuritele. Taimede poolt kergelt omastatav juurte ja lehtede kaudu.<\/p>\n\t<div id=\"gap-257948801\" class=\"gap-element clearfix\" style=\"display:block; height:auto;\">\n\t\t\n<style>\n#gap-257948801 {\n  padding-top: 30px;\n}\n<\/style>\n\t<\/div>\n\t\n<h3>Kasutamise \u00fcksikasjad<\/h3>\n<p><strong>Kasutamine:<\/strong> Kasutamine kasvu algusest (m\u00e4rtsist) kasvu l\u00f5puni.<br \/>\n1 teelusikas (triiki) = 5 grammi.<br \/>\nV\u00e4etamine juurte kaudu: 2 korda kuus<br \/>\nKastekannuga 1 g \/ 1 l vee kohta .<br \/>\nM\u00f5\u00f5da Miracle-Gro\u00ae pihustipudelisse 75 g v\u00e4etist + vesi.<br \/>\nV\u00e4etamine lehtede kaudu 1 kord n\u00e4dalas kui taimed on hooldamata, ei \u00f5itse ega vilju, kasv on aeglane ja vajavad erilist hoolitsust<br \/>\nM\u00f5\u00f5da v\u00e4etist pritsi \u00bd g \/ 1 l kohta.<br \/>\nKasutades Miracle-Gro\u00ae pihustipudelisse m\u00f5\u00f5da pudelisse 35-40 g v\u00e4etist + vesi.<\/p>\n<p><strong>Soovitused:<\/strong> Kaaliumirikka v\u00e4etise kasutamine v\u00e4hendab tunduvalt taimede haigestumist ebajahukastesse. NB! V\u00e4etiselahusest v\u00f5ib j\u00e4\u00e4da lehtedele kerge sade. V\u00e4ldi v\u00e4etisevee sattumist \u00f5itele ja ereda p\u00e4ikesega taimede lehtedele.<\/p>\n<p><strong>Hoidmine ja s\u00e4ilitamine:<\/strong> Hoida lastele ja koduloomadele k\u00e4ttesaamatus kohas. S\u00e4ilitada originaalpakendis suletuna temperatuuril +5-+30\u00b0C, otsese p\u00e4ikese eest varjatud kuivas kohas. S\u00e4ilivusaeg mitte alla 60 kuu. Valmistamise aeg vaata pakendilt. Kasutusaeg ei ole piiratud.<\/p>\n\t\t<\/div>\n\t\t\t\t\t<\/div>\n\n\t\n\n\t<div id=\"col-1789425218\" class=\"col medium-3 small-12 large-3\"  >\n\t\t\t\t<div class=\"col-inner\"  >\n\t\t\t\n\t\t\t\n\t<div id=\"gap-207302328\" class=\"gap-element clearfix\" style=\"display:block; height:auto;\">\n\t\t\n<style>\n#gap-207302328 {\n  padding-top: 30px;\n}\n<\/style>\n\t<\/div>\n\t\n<h3>Ohutuskaart<\/h3>\n<p><a href=\"https:\/\/espak.ee\/epood\/wp-content\/uploads\/2020\/01\/10129T_1326101_80627_ALLROUND-20-20-20_DERIVED-SDS_EE_300000011641_EE_ET_1.0-2.pdf\"target=\"_blank\" rel=\"noopener noreferrer\"><i class=\"far fa-file-pdf\"><\/i> Ohutuskaart (PDF)<\/a><\/p>\n<div class=\"is-divider divider clearfix\" ><\/div>\n<p><strong>\u00dcksikasjalikuma n\u00f5u saamiseks v\u00f5tke \u00fchendust:<br \/><\/strong>Innotrade Group O\u00dc<br \/>Kanali tee 6<br \/>10112<br \/>Tallinn<br \/>+372 5047793<\/p>\n<div class=\"is-divider divider clearfix\" ><\/div>\n\t\t<\/div>\n\t\t\t\t\t<\/div>\n\n\t\n<\/div>\n","protected":false},"excerpt":{"rendered":"","protected":false},"featured_media":14316,"comment_status":"closed","ping_status":"closed","template":"","meta":[],"product_brand":[],"product_cat":[2789,2788,2878,2877],"product_tag":[],"class_list":{"0":"post-13777","1":"product","2":"type-product","3":"status-publish","4":"has-post-thumbnail","6":"product_cat-aiatarbed","7":"product_cat-aiatarbed-ja-kodukaubad","8":"product_cat-aiavaetised","9":"product_cat-vaetised","10":"pa_kaubamark-evergreen-garden-care","12":"first","13":"instock","14":"sale","15":"taxable","16":"shipping-taxable","17":"purchasable","18":"product-type-simple"},"yoast_head":"<!-- This site is optimized with the Yoast SEO plugin v26.9 - https:\/\/yoast.com\/product\/yoast-seo-wordpress\/ -->\n<title>VIINAMARJADE V\u00c4ETIS MIRACLE-GRO 350G - Espak E-pood<\/title>\n<meta name=\"robots\" content=\"index, follow, max-snippet:-1, max-image-preview:large, max-video-preview:-1\" \/>\n<link rel=\"canonical\" href=\"https:\/\/espak.ee\/epood\/toode\/viinamarjade-vaetis-miracle-gro-350g\/\" \/>\n<meta property=\"og:locale\" content=\"et_EE\" \/>\n<meta property=\"og:type\" content=\"article\" \/>\n<meta property=\"og:title\" content=\"VIINAMARJADE V\u00c4ETIS MIRACLE-GRO 350G - Espak E-pood\" \/>\n<meta property=\"og:url\" content=\"https:\/\/espak.ee\/epood\/toode\/viinamarjade-vaetis-miracle-gro-350g\/\" \/>\n<meta property=\"og:site_name\" content=\"Espak E-pood\" \/>\n<meta property=\"article:modified_time\" content=\"2026-04-27T10:46:30+00:00\" \/>\n<meta property=\"og:image\" content=\"https:\/\/espak.ee\/epood\/wp-content\/uploads\/miracle-gro-viinamari.jpg\" \/>\n\t<meta property=\"og:image:width\" content=\"1740\" \/>\n\t<meta property=\"og:image:height\" content=\"1740\" \/>\n\t<meta property=\"og:image:type\" content=\"image\/jpeg\" \/>\n<meta name=\"twitter:card\" content=\"summary_large_image\" \/>\n<meta name=\"twitter:label1\" content=\"Est. reading time\" \/>\n\t<meta name=\"twitter:data1\" content=\"1 minut\" \/>\n<script type=\"application\/ld+json\" class=\"yoast-schema-graph\">{\"@context\":\"https:\/\/schema.org\",\"@graph\":[{\"@type\":\"WebPage\",\"@id\":\"https:\/\/espak.ee\/epood\/toode\/viinamarjade-vaetis-miracle-gro-350g\/\",\"url\":\"https:\/\/espak.ee\/epood\/toode\/viinamarjade-vaetis-miracle-gro-350g\/\",\"name\":\"VIINAMARJADE V\u00c4ETIS MIRACLE-GRO 350G - Espak E-pood\",\"isPartOf\":{\"@id\":\"https:\/\/espak.ee\/epood\/#website\"},\"primaryImageOfPage\":{\"@id\":\"https:\/\/espak.ee\/epood\/toode\/viinamarjade-vaetis-miracle-gro-350g\/#primaryimage\"},\"image\":{\"@id\":\"https:\/\/espak.ee\/epood\/toode\/viinamarjade-vaetis-miracle-gro-350g\/#primaryimage\"},\"thumbnailUrl\":\"https:\/\/espak.ee\/epood\/wp-content\/uploads\/miracle-gro-viinamari.jpg\",\"datePublished\":\"2020-01-07T01:00:45+00:00\",\"dateModified\":\"2026-04-27T10:46:30+00:00\",\"breadcrumb\":{\"@id\":\"https:\/\/espak.ee\/epood\/toode\/viinamarjade-vaetis-miracle-gro-350g\/#breadcrumb\"},\"inLanguage\":\"et\",\"potentialAction\":[{\"@type\":\"ReadAction\",\"target\":[\"https:\/\/espak.ee\/epood\/toode\/viinamarjade-vaetis-miracle-gro-350g\/\"]}]},{\"@type\":\"ImageObject\",\"inLanguage\":\"et\",\"@id\":\"https:\/\/espak.ee\/epood\/toode\/viinamarjade-vaetis-miracle-gro-350g\/#primaryimage\",\"url\":\"https:\/\/espak.ee\/epood\/wp-content\/uploads\/miracle-gro-viinamari.jpg\",\"contentUrl\":\"https:\/\/espak.ee\/epood\/wp-content\/uploads\/miracle-gro-viinamari.jpg\",\"width\":1740,\"height\":1740},{\"@type\":\"BreadcrumbList\",\"@id\":\"https:\/\/espak.ee\/epood\/toode\/viinamarjade-vaetis-miracle-gro-350g\/#breadcrumb\",\"itemListElement\":[{\"@type\":\"ListItem\",\"position\":1,\"name\":\"Home\",\"item\":\"https:\/\/espak.ee\/epood\/\"},{\"@type\":\"ListItem\",\"position\":2,\"name\":\"Tootevalik\",\"item\":\"https:\/\/espak.ee\/epood\/tootevalik\/\"},{\"@type\":\"ListItem\",\"position\":3,\"name\":\"VIINAMARJADE V\u00c4ETIS MIRACLE-GRO 350G\"}]},{\"@type\":\"WebSite\",\"@id\":\"https:\/\/espak.ee\/epood\/#website\",\"url\":\"https:\/\/espak.ee\/epood\/\",\"name\":\"Espak E-pood\",\"description\":\"\",\"potentialAction\":[{\"@type\":\"SearchAction\",\"target\":{\"@type\":\"EntryPoint\",\"urlTemplate\":\"https:\/\/espak.ee\/epood\/?s={search_term_string}\"},\"query-input\":{\"@type\":\"PropertyValueSpecification\",\"valueRequired\":true,\"valueName\":\"search_term_string\"}}],\"inLanguage\":\"et\"}]}<\/script>\n<!-- \/ Yoast SEO plugin. -->","yoast_head_json":{"title":"VIINAMARJADE V\u00c4ETIS MIRACLE-GRO 350G - Espak E-pood","robots":{"index":"index","follow":"follow","max-snippet":"max-snippet:-1","max-image-preview":"max-image-preview:large","max-video-preview":"max-video-preview:-1"},"canonical":"https:\/\/espak.ee\/epood\/toode\/viinamarjade-vaetis-miracle-gro-350g\/","og_locale":"et_EE","og_type":"article","og_title":"VIINAMARJADE V\u00c4ETIS MIRACLE-GRO 350G - Espak E-pood","og_url":"https:\/\/espak.ee\/epood\/toode\/viinamarjade-vaetis-miracle-gro-350g\/","og_site_name":"Espak E-pood","article_modified_time":"2026-04-27T10:46:30+00:00","og_image":[{"width":1740,"height":1740,"url":"https:\/\/espak.ee\/epood\/wp-content\/uploads\/miracle-gro-viinamari.jpg","type":"image\/jpeg"}],"twitter_card":"summary_large_image","twitter_misc":{"Est. reading time":"1 minut"},"schema":{"@context":"https:\/\/schema.org","@graph":[{"@type":"WebPage","@id":"https:\/\/espak.ee\/epood\/toode\/viinamarjade-vaetis-miracle-gro-350g\/","url":"https:\/\/espak.ee\/epood\/toode\/viinamarjade-vaetis-miracle-gro-350g\/","name":"VIINAMARJADE V\u00c4ETIS MIRACLE-GRO 350G - Espak E-pood","isPartOf":{"@id":"https:\/\/espak.ee\/epood\/#website"},"primaryImageOfPage":{"@id":"https:\/\/espak.ee\/epood\/toode\/viinamarjade-vaetis-miracle-gro-350g\/#primaryimage"},"image":{"@id":"https:\/\/espak.ee\/epood\/toode\/viinamarjade-vaetis-miracle-gro-350g\/#primaryimage"},"thumbnailUrl":"https:\/\/espak.ee\/epood\/wp-content\/uploads\/miracle-gro-viinamari.jpg","datePublished":"2020-01-07T01:00:45+00:00","dateModified":"2026-04-27T10:46:30+00:00","breadcrumb":{"@id":"https:\/\/espak.ee\/epood\/toode\/viinamarjade-vaetis-miracle-gro-350g\/#breadcrumb"},"inLanguage":"et","potentialAction":[{"@type":"ReadAction","target":["https:\/\/espak.ee\/epood\/toode\/viinamarjade-vaetis-miracle-gro-350g\/"]}]},{"@type":"ImageObject","inLanguage":"et","@id":"https:\/\/espak.ee\/epood\/toode\/viinamarjade-vaetis-miracle-gro-350g\/#primaryimage","url":"https:\/\/espak.ee\/epood\/wp-content\/uploads\/miracle-gro-viinamari.jpg","contentUrl":"https:\/\/espak.ee\/epood\/wp-content\/uploads\/miracle-gro-viinamari.jpg","width":1740,"height":1740},{"@type":"BreadcrumbList","@id":"https:\/\/espak.ee\/epood\/toode\/viinamarjade-vaetis-miracle-gro-350g\/#breadcrumb","itemListElement":[{"@type":"ListItem","position":1,"name":"Home","item":"https:\/\/espak.ee\/epood\/"},{"@type":"ListItem","position":2,"name":"Tootevalik","item":"https:\/\/espak.ee\/epood\/tootevalik\/"},{"@type":"ListItem","position":3,"name":"VIINAMARJADE V\u00c4ETIS MIRACLE-GRO 350G"}]},{"@type":"WebSite","@id":"https:\/\/espak.ee\/epood\/#website","url":"https:\/\/espak.ee\/epood\/","name":"Espak E-pood","description":"","potentialAction":[{"@type":"SearchAction","target":{"@type":"EntryPoint","urlTemplate":"https:\/\/espak.ee\/epood\/?s={search_term_string}"},"query-input":{"@type":"PropertyValueSpecification","valueRequired":true,"valueName":"search_term_string"}}],"inLanguage":"et"}]}},"_links":{"self":[{"href":"https:\/\/espak.ee\/epood\/wp-json\/wp\/v2\/product\/13777","targetHints":{"allow":["GET"]}}],"collection":[{"href":"https:\/\/espak.ee\/epood\/wp-json\/wp\/v2\/product"}],"about":[{"href":"https:\/\/espak.ee\/epood\/wp-json\/wp\/v2\/types\/product"}],"replies":[{"embeddable":true,"href":"https:\/\/espak.ee\/epood\/wp-json\/wp\/v2\/comments?post=13777"}],"wp:featuredmedia":[{"embeddable":true,"href":"https:\/\/espak.ee\/epood\/wp-json\/wp\/v2\/media\/14316"}],"wp:attachment":[{"href":"https:\/\/espak.ee\/epood\/wp-json\/wp\/v2\/media?parent=13777"}],"wp:term":[{"taxonomy":"product_brand","embeddable":true,"href":"https:\/\/espak.ee\/epood\/wp-json\/wp\/v2\/product_brand?post=13777"},{"taxonomy":"product_cat","embeddable":true,"href":"https:\/\/espak.ee\/epood\/wp-json\/wp\/v2\/product_cat?post=13777"},{"taxonomy":"product_tag","embeddable":true,"href":"https:\/\/espak.ee\/epood\/wp-json\/wp\/v2\/product_tag?post=13777"}],"curies":[{"name":"wp","href":"https:\/\/api.w.org\/{rel}","templated":true}]}}