{"id":13771,"date":"2020-01-07T03:00:45","date_gmt":"2020-01-07T01:00:45","guid":{"rendered":"https:\/\/espak.ee\/hinnakiri\/?post_type=product&#038;p=13771"},"modified":"2026-04-11T14:28:59","modified_gmt":"2026-04-11T11:28:59","slug":"toalillede-universaalne-muld-7l","status":"publish","type":"product","link":"https:\/\/espak.ee\/epood\/toode\/toalillede-universaalne-muld-7l\/","title":{"rendered":"TOALILLEDE UNIVERSAALNE MULD 7L"},"content":{"rendered":"<div class=\"row\"  id=\"row-1933548237\">\n\n\t<div id=\"col-527212514\" class=\"col medium-9 small-12 large-9\"  >\n\t\t\t\t<div class=\"col-inner\"  >\n\t\t\t\n\t\t\t\n<h2>Toalille universaalne muld<\/h2>\n<p>Universaalne looduslik j\u00e4rvemudaga lillemuld \u00f5itsvatele ja lehtdekoratiivsetele toalilledele. Sobib ka sibullillede istutamiseks, seemnete k\u00fclviks, taimede pikeerimiseks ja ettekasvatamiseks. N\u00f5rgalt happeline muld on \u00f5hulise struktuuriga, hea vee imamisv\u00f5imega.<\/p>\n\t<div id=\"gap-784398999\" class=\"gap-element clearfix\" style=\"display:block; height:auto;\">\n\t\t\n<style>\n#gap-784398999 {\n  padding-top: 30px;\n}\n<\/style>\n\t<\/div>\n\t\n<h3>Kasutamise \u00fcksikasjad<\/h3>\n<p><strong>Kasutamine:<\/strong> Toataimede \u00fcmberistutamiseks aastaringselt<br \/>\nSeemnete k\u00fclviks ja taimede ette kasvatamiseks.<br \/>\nMaitsetaimede kasvatamiseks.<br \/>\nSibullillede mahapanekul.<br \/>\nMulla struktuuri ja v\u00e4etustaseme parandamiseks.<\/p>\n<p><strong>Soovitused:<\/strong> Parim toalillede \u00fcmberistutamise aeg on kevadel, kui taim alustab kasvamist v\u00f5i augustis-septembris. Taimi ei istutata \u00fcmber \u00f5itsemise ajal. P\u00e4rast istutamist kastke taim korralikult ja j\u00e4tke n\u00e4dalaks otsese p\u00e4ikese eest varjatud kohta. Regulaarset taimede v\u00e4etamist alustage kuu aja p\u00e4rast Universaalv\u00e4etisega, mis annab taime \u00f5itele ja lehtedele kirkad v\u00e4rvid, tagab terved ja eluj\u00f5ulised taimed.<br \/>\nToitainerikast viljakat mulda vajavate taimede puhul sobib otse istutamiseks.<br \/>\n Kaktuste ja sukulentide puhul lisada mullale 1\/4 j\u00e4medat liiva.<br \/>\n Sibullillede mahapanekul.<br \/>\nMulla struktuuri ja v\u00e4etustaseme parandamiseks.<\/p>\n<p><strong>Hoidmine ja s\u00e4ilitamine:<\/strong> Hoida suletuna kuivas, varjulises kohas, temperatuuril mitte \u00fcle +4\u00b0C. L\u00e4bik\u00fclmumine ei muuda mulla struktuuri. S\u00e4ilitamise ja kasutamise aeg ei ole piiratud.<\/p>\n\t\t<\/div>\n\t\t\t\t\t<\/div>\n\n\t\n\n\t<div id=\"col-109802600\" class=\"col medium-3 small-12 large-3\"  >\n\t\t\t\t<div class=\"col-inner\"  >\n\t\t\t\n\t\t\t\n\t<div id=\"gap-1356446981\" class=\"gap-element clearfix\" style=\"display:block; height:auto;\">\n\t\t\n<style>\n#gap-1356446981 {\n  padding-top: 30px;\n}\n<\/style>\n\t<\/div>\n\t\n<div class=\"is-divider divider clearfix\" ><\/div>\n<p><strong>\u00dcksikasjalikuma n\u00f5u saamiseks v\u00f5tke \u00fchendust:<br \/><\/strong>Innotrade Group O\u00dc<br \/>Kanali tee 6<br \/>10112<br \/>Tallinn<br \/>+372 5047793<\/p>\n<div class=\"is-divider divider clearfix\" ><\/div>\n\t\t<\/div>\n\t\t\t\t\t<\/div>\n\n\t\n<\/div>\n","protected":false},"excerpt":{"rendered":"","protected":false},"featured_media":108999,"comment_status":"closed","ping_status":"closed","template":"","meta":[],"product_brand":[],"product_cat":[2789,2788,2879,4289,2880],"product_tag":[],"class_list":{"0":"post-13771","1":"product","2":"type-product","3":"status-publish","4":"has-post-thumbnail","6":"product_cat-aiatarbed","7":"product_cat-aiatarbed-ja-kodukaubad","8":"product_cat-aiaturbad-ja-mullad","9":"product_cat-leiunurk","10":"product_cat-lillemullad","11":"pa_kaubamark-evergreen-garden-care","13":"first","14":"instock","15":"sale","16":"taxable","17":"shipping-taxable","18":"purchasable","19":"product-type-simple"},"yoast_head":"<!-- This site is optimized with the Yoast SEO plugin v26.9 - https:\/\/yoast.com\/product\/yoast-seo-wordpress\/ -->\n<title>TOALILLEDE UNIVERSAALNE MULD 7L - Espak E-pood<\/title>\n<meta name=\"robots\" content=\"index, follow, max-snippet:-1, max-image-preview:large, max-video-preview:-1\" \/>\n<link rel=\"canonical\" href=\"https:\/\/espak.ee\/epood\/toode\/toalillede-universaalne-muld-7l\/\" \/>\n<meta property=\"og:locale\" content=\"et_EE\" \/>\n<meta property=\"og:type\" content=\"article\" \/>\n<meta property=\"og:title\" content=\"TOALILLEDE UNIVERSAALNE MULD 7L - Espak E-pood\" \/>\n<meta property=\"og:url\" content=\"https:\/\/espak.ee\/epood\/toode\/toalillede-universaalne-muld-7l\/\" \/>\n<meta property=\"og:site_name\" content=\"Espak E-pood\" \/>\n<meta property=\"article:modified_time\" content=\"2026-04-11T11:28:59+00:00\" \/>\n<meta property=\"og:image\" content=\"https:\/\/espak.ee\/epood\/wp-content\/uploads\/2020\/01\/5707441001096_9040_TOALILLEMULD-7L_uus-2-002-563x1024.png\" \/>\n\t<meta property=\"og:image:width\" content=\"563\" \/>\n\t<meta property=\"og:image:height\" content=\"1024\" \/>\n\t<meta property=\"og:image:type\" content=\"image\/png\" \/>\n<meta name=\"twitter:card\" content=\"summary_large_image\" \/>\n<meta name=\"twitter:label1\" content=\"Est. reading time\" \/>\n\t<meta name=\"twitter:data1\" content=\"1 minut\" \/>\n<script type=\"application\/ld+json\" class=\"yoast-schema-graph\">{\"@context\":\"https:\/\/schema.org\",\"@graph\":[{\"@type\":\"WebPage\",\"@id\":\"https:\/\/espak.ee\/epood\/toode\/toalillede-universaalne-muld-7l\/\",\"url\":\"https:\/\/espak.ee\/epood\/toode\/toalillede-universaalne-muld-7l\/\",\"name\":\"TOALILLEDE UNIVERSAALNE MULD 7L - Espak E-pood\",\"isPartOf\":{\"@id\":\"https:\/\/espak.ee\/epood\/#website\"},\"primaryImageOfPage\":{\"@id\":\"https:\/\/espak.ee\/epood\/toode\/toalillede-universaalne-muld-7l\/#primaryimage\"},\"image\":{\"@id\":\"https:\/\/espak.ee\/epood\/toode\/toalillede-universaalne-muld-7l\/#primaryimage\"},\"thumbnailUrl\":\"https:\/\/espak.ee\/epood\/wp-content\/uploads\/2020\/01\/5707441001096_9040_TOALILLEMULD-7L_uus-2-002.png\",\"datePublished\":\"2020-01-07T01:00:45+00:00\",\"dateModified\":\"2026-04-11T11:28:59+00:00\",\"breadcrumb\":{\"@id\":\"https:\/\/espak.ee\/epood\/toode\/toalillede-universaalne-muld-7l\/#breadcrumb\"},\"inLanguage\":\"et\",\"potentialAction\":[{\"@type\":\"ReadAction\",\"target\":[\"https:\/\/espak.ee\/epood\/toode\/toalillede-universaalne-muld-7l\/\"]}]},{\"@type\":\"ImageObject\",\"inLanguage\":\"et\",\"@id\":\"https:\/\/espak.ee\/epood\/toode\/toalillede-universaalne-muld-7l\/#primaryimage\",\"url\":\"https:\/\/espak.ee\/epood\/wp-content\/uploads\/2020\/01\/5707441001096_9040_TOALILLEMULD-7L_uus-2-002.png\",\"contentUrl\":\"https:\/\/espak.ee\/epood\/wp-content\/uploads\/2020\/01\/5707441001096_9040_TOALILLEMULD-7L_uus-2-002.png\",\"width\":948,\"height\":1723},{\"@type\":\"BreadcrumbList\",\"@id\":\"https:\/\/espak.ee\/epood\/toode\/toalillede-universaalne-muld-7l\/#breadcrumb\",\"itemListElement\":[{\"@type\":\"ListItem\",\"position\":1,\"name\":\"Home\",\"item\":\"https:\/\/espak.ee\/epood\/\"},{\"@type\":\"ListItem\",\"position\":2,\"name\":\"Tootevalik\",\"item\":\"https:\/\/espak.ee\/epood\/tootevalik\/\"},{\"@type\":\"ListItem\",\"position\":3,\"name\":\"TOALILLEDE UNIVERSAALNE MULD 7L\"}]},{\"@type\":\"WebSite\",\"@id\":\"https:\/\/espak.ee\/epood\/#website\",\"url\":\"https:\/\/espak.ee\/epood\/\",\"name\":\"Espak E-pood\",\"description\":\"\",\"potentialAction\":[{\"@type\":\"SearchAction\",\"target\":{\"@type\":\"EntryPoint\",\"urlTemplate\":\"https:\/\/espak.ee\/epood\/?s={search_term_string}\"},\"query-input\":{\"@type\":\"PropertyValueSpecification\",\"valueRequired\":true,\"valueName\":\"search_term_string\"}}],\"inLanguage\":\"et\"}]}<\/script>\n<!-- \/ Yoast SEO plugin. -->","yoast_head_json":{"title":"TOALILLEDE UNIVERSAALNE MULD 7L - Espak E-pood","robots":{"index":"index","follow":"follow","max-snippet":"max-snippet:-1","max-image-preview":"max-image-preview:large","max-video-preview":"max-video-preview:-1"},"canonical":"https:\/\/espak.ee\/epood\/toode\/toalillede-universaalne-muld-7l\/","og_locale":"et_EE","og_type":"article","og_title":"TOALILLEDE UNIVERSAALNE MULD 7L - Espak E-pood","og_url":"https:\/\/espak.ee\/epood\/toode\/toalillede-universaalne-muld-7l\/","og_site_name":"Espak E-pood","article_modified_time":"2026-04-11T11:28:59+00:00","og_image":[{"width":563,"height":1024,"url":"https:\/\/espak.ee\/epood\/wp-content\/uploads\/2020\/01\/5707441001096_9040_TOALILLEMULD-7L_uus-2-002-563x1024.png","type":"image\/png"}],"twitter_card":"summary_large_image","twitter_misc":{"Est. reading time":"1 minut"},"schema":{"@context":"https:\/\/schema.org","@graph":[{"@type":"WebPage","@id":"https:\/\/espak.ee\/epood\/toode\/toalillede-universaalne-muld-7l\/","url":"https:\/\/espak.ee\/epood\/toode\/toalillede-universaalne-muld-7l\/","name":"TOALILLEDE UNIVERSAALNE MULD 7L - Espak E-pood","isPartOf":{"@id":"https:\/\/espak.ee\/epood\/#website"},"primaryImageOfPage":{"@id":"https:\/\/espak.ee\/epood\/toode\/toalillede-universaalne-muld-7l\/#primaryimage"},"image":{"@id":"https:\/\/espak.ee\/epood\/toode\/toalillede-universaalne-muld-7l\/#primaryimage"},"thumbnailUrl":"https:\/\/espak.ee\/epood\/wp-content\/uploads\/2020\/01\/5707441001096_9040_TOALILLEMULD-7L_uus-2-002.png","datePublished":"2020-01-07T01:00:45+00:00","dateModified":"2026-04-11T11:28:59+00:00","breadcrumb":{"@id":"https:\/\/espak.ee\/epood\/toode\/toalillede-universaalne-muld-7l\/#breadcrumb"},"inLanguage":"et","potentialAction":[{"@type":"ReadAction","target":["https:\/\/espak.ee\/epood\/toode\/toalillede-universaalne-muld-7l\/"]}]},{"@type":"ImageObject","inLanguage":"et","@id":"https:\/\/espak.ee\/epood\/toode\/toalillede-universaalne-muld-7l\/#primaryimage","url":"https:\/\/espak.ee\/epood\/wp-content\/uploads\/2020\/01\/5707441001096_9040_TOALILLEMULD-7L_uus-2-002.png","contentUrl":"https:\/\/espak.ee\/epood\/wp-content\/uploads\/2020\/01\/5707441001096_9040_TOALILLEMULD-7L_uus-2-002.png","width":948,"height":1723},{"@type":"BreadcrumbList","@id":"https:\/\/espak.ee\/epood\/toode\/toalillede-universaalne-muld-7l\/#breadcrumb","itemListElement":[{"@type":"ListItem","position":1,"name":"Home","item":"https:\/\/espak.ee\/epood\/"},{"@type":"ListItem","position":2,"name":"Tootevalik","item":"https:\/\/espak.ee\/epood\/tootevalik\/"},{"@type":"ListItem","position":3,"name":"TOALILLEDE UNIVERSAALNE MULD 7L"}]},{"@type":"WebSite","@id":"https:\/\/espak.ee\/epood\/#website","url":"https:\/\/espak.ee\/epood\/","name":"Espak E-pood","description":"","potentialAction":[{"@type":"SearchAction","target":{"@type":"EntryPoint","urlTemplate":"https:\/\/espak.ee\/epood\/?s={search_term_string}"},"query-input":{"@type":"PropertyValueSpecification","valueRequired":true,"valueName":"search_term_string"}}],"inLanguage":"et"}]}},"_links":{"self":[{"href":"https:\/\/espak.ee\/epood\/wp-json\/wp\/v2\/product\/13771","targetHints":{"allow":["GET"]}}],"collection":[{"href":"https:\/\/espak.ee\/epood\/wp-json\/wp\/v2\/product"}],"about":[{"href":"https:\/\/espak.ee\/epood\/wp-json\/wp\/v2\/types\/product"}],"replies":[{"embeddable":true,"href":"https:\/\/espak.ee\/epood\/wp-json\/wp\/v2\/comments?post=13771"}],"wp:featuredmedia":[{"embeddable":true,"href":"https:\/\/espak.ee\/epood\/wp-json\/wp\/v2\/media\/108999"}],"wp:attachment":[{"href":"https:\/\/espak.ee\/epood\/wp-json\/wp\/v2\/media?parent=13771"}],"wp:term":[{"taxonomy":"product_brand","embeddable":true,"href":"https:\/\/espak.ee\/epood\/wp-json\/wp\/v2\/product_brand?post=13771"},{"taxonomy":"product_cat","embeddable":true,"href":"https:\/\/espak.ee\/epood\/wp-json\/wp\/v2\/product_cat?post=13771"},{"taxonomy":"product_tag","embeddable":true,"href":"https:\/\/espak.ee\/epood\/wp-json\/wp\/v2\/product_tag?post=13771"}],"curies":[{"name":"wp","href":"https:\/\/api.w.org\/{rel}","templated":true}]}}