{"id":137497,"date":"2022-10-27T00:51:57","date_gmt":"2022-10-27T00:51:57","guid":{"rendered":"https:\/\/espak.ee\/epood\/?post_type=product&#038;p=137497"},"modified":"2024-03-23T02:22:36","modified_gmt":"2024-03-23T00:22:36","slug":"tycroc-fxl-306002500mm","status":"publish","type":"product","link":"https:\/\/espak.ee\/epood\/toode\/tycroc-fxl-306002500mm\/","title":{"rendered":"TYCROC FXL 30*600*2500MM"},"content":{"rendered":"<div class=\"row\"  id=\"row-1835859894\">\n\n\t<div id=\"col-1593793777\" class=\"col medium-9 small-12 large-9\"  >\n\t\t\t\t<div class=\"col-inner\"  >\n\t\t\t\n\t\t\t\n<h3>TYCROC FXL20 2500x600x30mm<\/h3>\n<p>Tycroc FXL ja FXW sisuks on ekstrudeeritud pol\u00fcst\u00fcreen (inglise keelne l\u00fchend XPS foam). Et tagada plaadi j\u00e4ikus ja vastupidavus on veekindel vahts\u00fcdamik kaetud pol\u00fcmeertsementkihiga, mille peal on klaaskiud-armeerimisv\u00f5rk ja seej\u00e4rel pol\u00fcmeertsemendi teine kiht. Selline pind on koheselt valmis viimistlust\u00f6\u00f6deks: n\u00e4iteks keraamiliste plaatide ja looduskiviga katmiseks, pahtelduseks ja v\u00e4rvimiseks, mikrotsemendiga katmiseks v\u00f5i muul viisil viimistlemiseks. <\/p>\n<div class=\"message-box relative\" style=\"padding-top:15px;padding-bottom:15px;\"><div class=\"message-box-bg-image bg-fill fill\" ><\/div><div class=\"message-box-bg-overlay bg-fill fill\" ><\/div><div class=\"container relative\"><div class=\"inner last-reset\">\n<div class=\"row align-middle align-center\"  id=\"row-1548066868\">\n\n\t<div id=\"col-2134564295\" class=\"col small-12 large-12\"  >\n\t\t\t\t<div class=\"col-inner text-left\"  >\n\t\t\t\n\t\t\t\n<div class=\"row\"  id=\"row-1313137946\">\n\n\t<div id=\"col-661867412\" class=\"col medium-6 small-12 large-6\"  >\n\t\t\t\t<div class=\"col-inner\"  >\n\t\t\t\n\t\t\t\n<p><i class=\"fa fa-check fa-2x\"><\/i> Ideaalne kaardus du\u0161ikabiinide, kumerate aurusauna lagede, seinte v\u00f5i pinkide ehitamiseks<\/p>\n<p><i class=\"fa fa-check fa-2x\"><\/i> Veekindel<\/p>\n\t\t<\/div>\n\t\t\t\t\n<style>\n#col-661867412 > .col-inner {\n  margin: 10px 0px 15px 0px;\n}\n<\/style>\n\t<\/div>\n\n\t\n\n\t<div id=\"col-486081684\" class=\"col medium-6 small-12 large-6\"  >\n\t\t\t\t<div class=\"col-inner\"  >\n\t\t\t\n\t\t\t\n<p><i class=\"fa fa-check fa-2x\"><\/i> Kaetult sobib ka v\u00e4listingimustesse<\/p>\n<p><i class=\"fa fa-check fa-2x\"><\/i> Pikisuunaliste soontega Tycroc FXL<\/p>\n\t\t<\/div>\n\t\t\t\t\n<style>\n#col-486081684 > .col-inner {\n  margin: 10px 0px 15px 0px;\n}\n<\/style>\n\t<\/div>\n\n\t\n<\/div>\n\t\t<\/div>\n\t\t\t\t\t<\/div>\n\n\t\n<\/div>\n<\/div><\/div><\/div>\n\t<div id=\"gap-688242454\" class=\"gap-element clearfix\" style=\"display:block; height:auto;\">\n\t\t\n<style>\n#gap-688242454 {\n  padding-top: 30px;\n}\n<\/style>\n\t<\/div>\n\t\n<p><strong>Kasutuskohad ja toote olemus:<\/strong> Kaardus du\u0161ikabiinide, kumerate aurusauna lagede, seinte v\u00f5i pinkide ehitamiseks loodud Tycroc FXL v\u00f5i FXW ehitusplaat on ideaalne lahendus nimetatud ideede teostamiseks.<br \/>\nTootja poolt eelnevalt sooneliseks l\u00f5igatud ehitusplaat on m\u00f5eldud spetsiaalselt kumerate pindade ehitamiseks. Sooned ei ole l\u00f5igatud l\u00f5puni l\u00e4bi ehitusplaadi \u2013 seega kehtivad k\u00f5ik Tycroc TWP ehitusplaadi head h\u00fcdrofoobsed omadused, toode on veekindel ning mingit lisa h\u00fcdroisolatsiooni ei vaja. Valikus on nii pikisuunaliste soontega Tycroc FXL kui ka ristsuunaliste soontega Tycroc FXW. Lisaks on v\u00f5imalik ise t\u00e4iendavalt lisa sooni l\u00f5igata ja seel\u00e4bi saavutada kas siis v\u00e4iksem v\u00f5imalik raadius v\u00f5i n\u00e4iteks kumerus m\u00f5lemasuunaliselt.<\/p>\n<p>Tycroc soonelisi plaate saab ja tohib kasutada ka v\u00e4litingimustes (sokkel, fassaad, aknapaled jne.) tingimusel, et plaadi sisuks olev ekstrudeeritud pol\u00fcst\u00fcreen (inglise keelne l\u00fchend XPS foam) on UV-kiirguse eest kaitstud ehk kaetud viimistlusmaterjaliga (laudis, krohv, fassadiplaat vms.).<\/p>\n<p><strong>NB!<\/strong> Vajadusel l\u00f5igata sooni lisaks, kuid v\u00e4ltida plaadi l\u00e4biviigu\/murdumise tekkimist.<br \/>\nPlaadid painduvad vaid avatud soonte suunas ehk sooned peavad j\u00e4\u00e4ma alati sisek\u00fclge.<\/p>\n\t\t<\/div>\n\t\t\t\t\t<\/div>\n\n\t\n\n\t<div id=\"col-2096350019\" class=\"col medium-3 small-12 large-3\"  >\n\t\t\t\t<div class=\"col-inner\"  >\n\t\t\t\n\t\t\t\n\t<div id=\"gap-420608901\" class=\"gap-element clearfix\" style=\"display:block; height:auto;\">\n\t\t\n<style>\n#gap-420608901 {\n  padding-top: 30px;\n}\n<\/style>\n\t<\/div>\n\t\n<div class=\"is-divider divider clearfix\" ><\/div>\n<p><strong>\u00dcksikasjalikuma n\u00f5u saamiseks v\u00f5tke \u00fchendust:<br \/><\/strong>Espak AS<br \/>Viadukti 42<br \/>11313<br \/>Tallinn<br \/>+372 6 512333<\/p>\n\t\t<\/div>\n\t\t\t\t\t<\/div>\n\n\t\n<\/div>\n","protected":false},"excerpt":{"rendered":"","protected":false},"featured_media":137667,"comment_status":"closed","ping_status":"closed","template":"","meta":[],"product_brand":[],"product_cat":[2910,2912,2911,2697],"product_tag":[],"class_list":{"0":"post-137497","1":"product","2":"type-product","3":"status-publish","4":"has-post-thumbnail","6":"product_cat-ehitusplaadid","7":"product_cat-sisetoodeplaadid","8":"product_cat-tsementkiudplaadid","9":"product_cat-uldehitus","10":"pa_kaubamark-tycroc-ou","12":"first","13":"instock","14":"sale","15":"taxable","16":"shipping-taxable","17":"purchasable","18":"product-type-simple"},"yoast_head":"<!-- This site is optimized with the Yoast SEO plugin v26.9 - https:\/\/yoast.com\/product\/yoast-seo-wordpress\/ -->\n<title>TYCROC FXL 30*600*2500MM - Espak E-pood<\/title>\n<meta name=\"robots\" content=\"index, follow, max-snippet:-1, max-image-preview:large, max-video-preview:-1\" \/>\n<link rel=\"canonical\" href=\"https:\/\/espak.ee\/epood\/toode\/tycroc-fxl-306002500mm\/\" \/>\n<meta property=\"og:locale\" content=\"et_EE\" \/>\n<meta property=\"og:type\" content=\"article\" \/>\n<meta property=\"og:title\" content=\"TYCROC FXL 30*600*2500MM - Espak E-pood\" \/>\n<meta property=\"og:url\" content=\"https:\/\/espak.ee\/epood\/toode\/tycroc-fxl-306002500mm\/\" \/>\n<meta property=\"og:site_name\" content=\"Espak E-pood\" \/>\n<meta property=\"article:modified_time\" content=\"2024-03-23T00:22:36+00:00\" \/>\n<meta property=\"og:image\" content=\"https:\/\/espak.ee\/epood\/wp-content\/uploads\/2022\/10\/FXL-1536x1025-1.jpg\" \/>\n\t<meta property=\"og:image:width\" content=\"800\" \/>\n\t<meta property=\"og:image:height\" content=\"800\" \/>\n\t<meta property=\"og:image:type\" content=\"image\/jpeg\" \/>\n<meta name=\"twitter:card\" content=\"summary_large_image\" \/>\n<meta name=\"twitter:label1\" content=\"Est. reading time\" \/>\n\t<meta name=\"twitter:data1\" content=\"2 minutit\" \/>\n<script type=\"application\/ld+json\" class=\"yoast-schema-graph\">{\"@context\":\"https:\/\/schema.org\",\"@graph\":[{\"@type\":\"WebPage\",\"@id\":\"https:\/\/espak.ee\/epood\/toode\/tycroc-fxl-306002500mm\/\",\"url\":\"https:\/\/espak.ee\/epood\/toode\/tycroc-fxl-306002500mm\/\",\"name\":\"TYCROC FXL 30*600*2500MM - Espak E-pood\",\"isPartOf\":{\"@id\":\"https:\/\/espak.ee\/epood\/#website\"},\"primaryImageOfPage\":{\"@id\":\"https:\/\/espak.ee\/epood\/toode\/tycroc-fxl-306002500mm\/#primaryimage\"},\"image\":{\"@id\":\"https:\/\/espak.ee\/epood\/toode\/tycroc-fxl-306002500mm\/#primaryimage\"},\"thumbnailUrl\":\"https:\/\/espak.ee\/epood\/wp-content\/uploads\/2022\/10\/FXL-1536x1025-1.jpg\",\"datePublished\":\"2022-10-27T00:51:57+00:00\",\"dateModified\":\"2024-03-23T00:22:36+00:00\",\"breadcrumb\":{\"@id\":\"https:\/\/espak.ee\/epood\/toode\/tycroc-fxl-306002500mm\/#breadcrumb\"},\"inLanguage\":\"et\",\"potentialAction\":[{\"@type\":\"ReadAction\",\"target\":[\"https:\/\/espak.ee\/epood\/toode\/tycroc-fxl-306002500mm\/\"]}]},{\"@type\":\"ImageObject\",\"inLanguage\":\"et\",\"@id\":\"https:\/\/espak.ee\/epood\/toode\/tycroc-fxl-306002500mm\/#primaryimage\",\"url\":\"https:\/\/espak.ee\/epood\/wp-content\/uploads\/2022\/10\/FXL-1536x1025-1.jpg\",\"contentUrl\":\"https:\/\/espak.ee\/epood\/wp-content\/uploads\/2022\/10\/FXL-1536x1025-1.jpg\",\"width\":800,\"height\":800},{\"@type\":\"BreadcrumbList\",\"@id\":\"https:\/\/espak.ee\/epood\/toode\/tycroc-fxl-306002500mm\/#breadcrumb\",\"itemListElement\":[{\"@type\":\"ListItem\",\"position\":1,\"name\":\"Home\",\"item\":\"https:\/\/espak.ee\/epood\/\"},{\"@type\":\"ListItem\",\"position\":2,\"name\":\"Tootevalik\",\"item\":\"https:\/\/espak.ee\/epood\/tootevalik\/\"},{\"@type\":\"ListItem\",\"position\":3,\"name\":\"TYCROC FXL 30*600*2500MM\"}]},{\"@type\":\"WebSite\",\"@id\":\"https:\/\/espak.ee\/epood\/#website\",\"url\":\"https:\/\/espak.ee\/epood\/\",\"name\":\"Espak E-pood\",\"description\":\"\",\"potentialAction\":[{\"@type\":\"SearchAction\",\"target\":{\"@type\":\"EntryPoint\",\"urlTemplate\":\"https:\/\/espak.ee\/epood\/?s={search_term_string}\"},\"query-input\":{\"@type\":\"PropertyValueSpecification\",\"valueRequired\":true,\"valueName\":\"search_term_string\"}}],\"inLanguage\":\"et\"}]}<\/script>\n<!-- \/ Yoast SEO plugin. -->","yoast_head_json":{"title":"TYCROC FXL 30*600*2500MM - Espak E-pood","robots":{"index":"index","follow":"follow","max-snippet":"max-snippet:-1","max-image-preview":"max-image-preview:large","max-video-preview":"max-video-preview:-1"},"canonical":"https:\/\/espak.ee\/epood\/toode\/tycroc-fxl-306002500mm\/","og_locale":"et_EE","og_type":"article","og_title":"TYCROC FXL 30*600*2500MM - Espak E-pood","og_url":"https:\/\/espak.ee\/epood\/toode\/tycroc-fxl-306002500mm\/","og_site_name":"Espak E-pood","article_modified_time":"2024-03-23T00:22:36+00:00","og_image":[{"width":800,"height":800,"url":"https:\/\/espak.ee\/epood\/wp-content\/uploads\/2022\/10\/FXL-1536x1025-1.jpg","type":"image\/jpeg"}],"twitter_card":"summary_large_image","twitter_misc":{"Est. reading time":"2 minutit"},"schema":{"@context":"https:\/\/schema.org","@graph":[{"@type":"WebPage","@id":"https:\/\/espak.ee\/epood\/toode\/tycroc-fxl-306002500mm\/","url":"https:\/\/espak.ee\/epood\/toode\/tycroc-fxl-306002500mm\/","name":"TYCROC FXL 30*600*2500MM - Espak E-pood","isPartOf":{"@id":"https:\/\/espak.ee\/epood\/#website"},"primaryImageOfPage":{"@id":"https:\/\/espak.ee\/epood\/toode\/tycroc-fxl-306002500mm\/#primaryimage"},"image":{"@id":"https:\/\/espak.ee\/epood\/toode\/tycroc-fxl-306002500mm\/#primaryimage"},"thumbnailUrl":"https:\/\/espak.ee\/epood\/wp-content\/uploads\/2022\/10\/FXL-1536x1025-1.jpg","datePublished":"2022-10-27T00:51:57+00:00","dateModified":"2024-03-23T00:22:36+00:00","breadcrumb":{"@id":"https:\/\/espak.ee\/epood\/toode\/tycroc-fxl-306002500mm\/#breadcrumb"},"inLanguage":"et","potentialAction":[{"@type":"ReadAction","target":["https:\/\/espak.ee\/epood\/toode\/tycroc-fxl-306002500mm\/"]}]},{"@type":"ImageObject","inLanguage":"et","@id":"https:\/\/espak.ee\/epood\/toode\/tycroc-fxl-306002500mm\/#primaryimage","url":"https:\/\/espak.ee\/epood\/wp-content\/uploads\/2022\/10\/FXL-1536x1025-1.jpg","contentUrl":"https:\/\/espak.ee\/epood\/wp-content\/uploads\/2022\/10\/FXL-1536x1025-1.jpg","width":800,"height":800},{"@type":"BreadcrumbList","@id":"https:\/\/espak.ee\/epood\/toode\/tycroc-fxl-306002500mm\/#breadcrumb","itemListElement":[{"@type":"ListItem","position":1,"name":"Home","item":"https:\/\/espak.ee\/epood\/"},{"@type":"ListItem","position":2,"name":"Tootevalik","item":"https:\/\/espak.ee\/epood\/tootevalik\/"},{"@type":"ListItem","position":3,"name":"TYCROC FXL 30*600*2500MM"}]},{"@type":"WebSite","@id":"https:\/\/espak.ee\/epood\/#website","url":"https:\/\/espak.ee\/epood\/","name":"Espak E-pood","description":"","potentialAction":[{"@type":"SearchAction","target":{"@type":"EntryPoint","urlTemplate":"https:\/\/espak.ee\/epood\/?s={search_term_string}"},"query-input":{"@type":"PropertyValueSpecification","valueRequired":true,"valueName":"search_term_string"}}],"inLanguage":"et"}]}},"_links":{"self":[{"href":"https:\/\/espak.ee\/epood\/wp-json\/wp\/v2\/product\/137497","targetHints":{"allow":["GET"]}}],"collection":[{"href":"https:\/\/espak.ee\/epood\/wp-json\/wp\/v2\/product"}],"about":[{"href":"https:\/\/espak.ee\/epood\/wp-json\/wp\/v2\/types\/product"}],"replies":[{"embeddable":true,"href":"https:\/\/espak.ee\/epood\/wp-json\/wp\/v2\/comments?post=137497"}],"wp:featuredmedia":[{"embeddable":true,"href":"https:\/\/espak.ee\/epood\/wp-json\/wp\/v2\/media\/137667"}],"wp:attachment":[{"href":"https:\/\/espak.ee\/epood\/wp-json\/wp\/v2\/media?parent=137497"}],"wp:term":[{"taxonomy":"product_brand","embeddable":true,"href":"https:\/\/espak.ee\/epood\/wp-json\/wp\/v2\/product_brand?post=137497"},{"taxonomy":"product_cat","embeddable":true,"href":"https:\/\/espak.ee\/epood\/wp-json\/wp\/v2\/product_cat?post=137497"},{"taxonomy":"product_tag","embeddable":true,"href":"https:\/\/espak.ee\/epood\/wp-json\/wp\/v2\/product_tag?post=137497"}],"curies":[{"name":"wp","href":"https:\/\/api.w.org\/{rel}","templated":true}]}}