{"id":136925,"date":"2022-10-22T01:51:54","date_gmt":"2022-10-22T01:51:54","guid":{"rendered":"https:\/\/espak.ee\/epood\/?post_type=product&#038;p=136925"},"modified":"2026-03-21T10:07:09","modified_gmt":"2026-03-21T08:07:09","slug":"pihustatav-tihend-spray-seal-500ml-must","status":"publish","type":"product","link":"https:\/\/espak.ee\/epood\/toode\/pihustatav-tihend-spray-seal-500ml-must\/","title":{"rendered":"PIHUSTATAV TIHEND SPRAY SEAL 500ML MUST"},"content":{"rendered":"<div class=\"row\"  id=\"row-1754891578\">\n\n\t<div id=\"col-918071159\" class=\"col medium-9 small-12 large-9\"  >\n\t\t\t\t<div class=\"col-inner\"  >\n\t\t\t\n\t\t\t\n<h3>Pihustatav tihend Spray Seal Maston 500ml must <\/h3>\n<p><strong>T\u00fc\u00fcp:<\/strong> Kummil baseeruv tihendusmass.<br \/>\n<strong>Sobivus:<\/strong> Kinnitub peaaegu k\u00f5igile enamlevinud materjalidele (bituumen, tellis, metall, vin\u00fc\u00fcl, plastik, PVC, betoon jms.).<\/p>\n<p>T\u00e4idab kergesti v\u00e4iksemad praod ja augud ning peatab efektiivselt lekked. Moodustab veekindla kihi, mis kaitseb niiskuse, rooste ja korrosiooni eest.  S\u00e4ilitab elastsuse erinevatel temperatuuridel ning talub h\u00e4sti ka UV-kiirgust. Sobib v\u00e4ga h\u00e4sti ka erinevate materjalide liitekohtade tihendamiseks.<br \/>\n<strong>NB!:<\/strong> \u00dclev\u00e4rvitav peale kuivamist.<br \/>\n<strong>V\u00e4rvitoon:<\/strong> Must.<\/p>\n\t\t<\/div>\n\t\t\t\t\t<\/div>\n\n\t\n\n\t<div id=\"col-266109011\" class=\"col medium-3 small-12 large-3\"  >\n\t\t\t\t<div class=\"col-inner\"  >\n\t\t\t\n\t\t\t\n<h3>Ohutuskaart<\/h3>\n<p><a href=\"https:\/\/espak.ee\/epood\/wp-content\/uploads\/2022\/10\/1970121-1970221-1970800-1970805-1970806maston-spray-seal-1970121-1970221-1970800-1970805-19708066et-EE.pdf\"target=\"_blank\" rel=\"noopener noreferrer\"><i class=\"far fa-file-pdf\"><\/i> Ohutuskaart (PDF)<\/a><\/p>\n<p><strong>\u00dcksikasjalikuma n\u00f5u saamiseks v\u00f5tke \u00fchendust:<br \/><\/strong>Hansav\u00e4rv O\u00dc<br \/>Tuleviku tee 10, Peetri alevik<br \/>75312<br \/>Harjumaa<br \/> Telefon +372 6544 934<\/p>\n\t\t<\/div>\n\t\t\t\t\t<\/div>\n\n\t\n<\/div>\n","protected":false},"excerpt":{"rendered":"","protected":false},"featured_media":137163,"comment_status":"closed","ping_status":"closed","template":"","meta":[],"product_brand":[],"product_cat":[2686,2685,2684,2683],"product_tag":[],"class_list":{"0":"post-136925","1":"product","2":"type-product","3":"status-publish","4":"has-post-thumbnail","6":"product_cat-aerosoolvarvid","7":"product_cat-varvid","8":"product_cat-varvid-lakid-lahustid-puidukaitsed-olid","9":"product_cat-viimistluskaubad","10":"product_shipping_class-dpd-cold","11":"pa_kaubamark-hansavarv","13":"first","14":"instock","15":"sale","16":"taxable","17":"shipping-taxable","18":"purchasable","19":"product-type-simple"},"yoast_head":"<!-- This site is optimized with the Yoast SEO plugin v26.9 - https:\/\/yoast.com\/product\/yoast-seo-wordpress\/ -->\n<title>PIHUSTATAV TIHEND SPRAY SEAL 500ML MUST - Espak E-pood<\/title>\n<meta name=\"robots\" content=\"index, follow, max-snippet:-1, max-image-preview:large, max-video-preview:-1\" \/>\n<link rel=\"canonical\" href=\"https:\/\/espak.ee\/epood\/toode\/pihustatav-tihend-spray-seal-500ml-must\/\" \/>\n<meta property=\"og:locale\" content=\"et_EE\" \/>\n<meta property=\"og:type\" content=\"article\" \/>\n<meta property=\"og:title\" content=\"PIHUSTATAV TIHEND SPRAY SEAL 500ML MUST - Espak E-pood\" \/>\n<meta property=\"og:url\" content=\"https:\/\/espak.ee\/epood\/toode\/pihustatav-tihend-spray-seal-500ml-must\/\" \/>\n<meta property=\"og:site_name\" content=\"Espak E-pood\" \/>\n<meta property=\"article:modified_time\" content=\"2026-03-21T08:07:09+00:00\" \/>\n<meta property=\"og:image\" content=\"https:\/\/espak.ee\/epood\/wp-content\/uploads\/2022\/10\/1970121.jpg\" \/>\n\t<meta property=\"og:image:width\" content=\"600\" \/>\n\t<meta property=\"og:image:height\" content=\"600\" \/>\n\t<meta property=\"og:image:type\" content=\"image\/jpeg\" \/>\n<meta name=\"twitter:card\" content=\"summary_large_image\" \/>\n<meta name=\"twitter:label1\" content=\"Est. reading time\" \/>\n\t<meta name=\"twitter:data1\" content=\"1 minut\" \/>\n<script type=\"application\/ld+json\" class=\"yoast-schema-graph\">{\"@context\":\"https:\/\/schema.org\",\"@graph\":[{\"@type\":\"WebPage\",\"@id\":\"https:\/\/espak.ee\/epood\/toode\/pihustatav-tihend-spray-seal-500ml-must\/\",\"url\":\"https:\/\/espak.ee\/epood\/toode\/pihustatav-tihend-spray-seal-500ml-must\/\",\"name\":\"PIHUSTATAV TIHEND SPRAY SEAL 500ML MUST - Espak E-pood\",\"isPartOf\":{\"@id\":\"https:\/\/espak.ee\/epood\/#website\"},\"primaryImageOfPage\":{\"@id\":\"https:\/\/espak.ee\/epood\/toode\/pihustatav-tihend-spray-seal-500ml-must\/#primaryimage\"},\"image\":{\"@id\":\"https:\/\/espak.ee\/epood\/toode\/pihustatav-tihend-spray-seal-500ml-must\/#primaryimage\"},\"thumbnailUrl\":\"https:\/\/espak.ee\/epood\/wp-content\/uploads\/2022\/10\/1970121.jpg\",\"datePublished\":\"2022-10-22T01:51:54+00:00\",\"dateModified\":\"2026-03-21T08:07:09+00:00\",\"breadcrumb\":{\"@id\":\"https:\/\/espak.ee\/epood\/toode\/pihustatav-tihend-spray-seal-500ml-must\/#breadcrumb\"},\"inLanguage\":\"et\",\"potentialAction\":[{\"@type\":\"ReadAction\",\"target\":[\"https:\/\/espak.ee\/epood\/toode\/pihustatav-tihend-spray-seal-500ml-must\/\"]}]},{\"@type\":\"ImageObject\",\"inLanguage\":\"et\",\"@id\":\"https:\/\/espak.ee\/epood\/toode\/pihustatav-tihend-spray-seal-500ml-must\/#primaryimage\",\"url\":\"https:\/\/espak.ee\/epood\/wp-content\/uploads\/2022\/10\/1970121.jpg\",\"contentUrl\":\"https:\/\/espak.ee\/epood\/wp-content\/uploads\/2022\/10\/1970121.jpg\",\"width\":600,\"height\":600},{\"@type\":\"BreadcrumbList\",\"@id\":\"https:\/\/espak.ee\/epood\/toode\/pihustatav-tihend-spray-seal-500ml-must\/#breadcrumb\",\"itemListElement\":[{\"@type\":\"ListItem\",\"position\":1,\"name\":\"Home\",\"item\":\"https:\/\/espak.ee\/epood\/\"},{\"@type\":\"ListItem\",\"position\":2,\"name\":\"Tootevalik\",\"item\":\"https:\/\/espak.ee\/epood\/tootevalik\/\"},{\"@type\":\"ListItem\",\"position\":3,\"name\":\"PIHUSTATAV TIHEND SPRAY SEAL 500ML MUST\"}]},{\"@type\":\"WebSite\",\"@id\":\"https:\/\/espak.ee\/epood\/#website\",\"url\":\"https:\/\/espak.ee\/epood\/\",\"name\":\"Espak E-pood\",\"description\":\"\",\"potentialAction\":[{\"@type\":\"SearchAction\",\"target\":{\"@type\":\"EntryPoint\",\"urlTemplate\":\"https:\/\/espak.ee\/epood\/?s={search_term_string}\"},\"query-input\":{\"@type\":\"PropertyValueSpecification\",\"valueRequired\":true,\"valueName\":\"search_term_string\"}}],\"inLanguage\":\"et\"}]}<\/script>\n<!-- \/ Yoast SEO plugin. -->","yoast_head_json":{"title":"PIHUSTATAV TIHEND SPRAY SEAL 500ML MUST - Espak E-pood","robots":{"index":"index","follow":"follow","max-snippet":"max-snippet:-1","max-image-preview":"max-image-preview:large","max-video-preview":"max-video-preview:-1"},"canonical":"https:\/\/espak.ee\/epood\/toode\/pihustatav-tihend-spray-seal-500ml-must\/","og_locale":"et_EE","og_type":"article","og_title":"PIHUSTATAV TIHEND SPRAY SEAL 500ML MUST - Espak E-pood","og_url":"https:\/\/espak.ee\/epood\/toode\/pihustatav-tihend-spray-seal-500ml-must\/","og_site_name":"Espak E-pood","article_modified_time":"2026-03-21T08:07:09+00:00","og_image":[{"width":600,"height":600,"url":"https:\/\/espak.ee\/epood\/wp-content\/uploads\/2022\/10\/1970121.jpg","type":"image\/jpeg"}],"twitter_card":"summary_large_image","twitter_misc":{"Est. reading time":"1 minut"},"schema":{"@context":"https:\/\/schema.org","@graph":[{"@type":"WebPage","@id":"https:\/\/espak.ee\/epood\/toode\/pihustatav-tihend-spray-seal-500ml-must\/","url":"https:\/\/espak.ee\/epood\/toode\/pihustatav-tihend-spray-seal-500ml-must\/","name":"PIHUSTATAV TIHEND SPRAY SEAL 500ML MUST - Espak E-pood","isPartOf":{"@id":"https:\/\/espak.ee\/epood\/#website"},"primaryImageOfPage":{"@id":"https:\/\/espak.ee\/epood\/toode\/pihustatav-tihend-spray-seal-500ml-must\/#primaryimage"},"image":{"@id":"https:\/\/espak.ee\/epood\/toode\/pihustatav-tihend-spray-seal-500ml-must\/#primaryimage"},"thumbnailUrl":"https:\/\/espak.ee\/epood\/wp-content\/uploads\/2022\/10\/1970121.jpg","datePublished":"2022-10-22T01:51:54+00:00","dateModified":"2026-03-21T08:07:09+00:00","breadcrumb":{"@id":"https:\/\/espak.ee\/epood\/toode\/pihustatav-tihend-spray-seal-500ml-must\/#breadcrumb"},"inLanguage":"et","potentialAction":[{"@type":"ReadAction","target":["https:\/\/espak.ee\/epood\/toode\/pihustatav-tihend-spray-seal-500ml-must\/"]}]},{"@type":"ImageObject","inLanguage":"et","@id":"https:\/\/espak.ee\/epood\/toode\/pihustatav-tihend-spray-seal-500ml-must\/#primaryimage","url":"https:\/\/espak.ee\/epood\/wp-content\/uploads\/2022\/10\/1970121.jpg","contentUrl":"https:\/\/espak.ee\/epood\/wp-content\/uploads\/2022\/10\/1970121.jpg","width":600,"height":600},{"@type":"BreadcrumbList","@id":"https:\/\/espak.ee\/epood\/toode\/pihustatav-tihend-spray-seal-500ml-must\/#breadcrumb","itemListElement":[{"@type":"ListItem","position":1,"name":"Home","item":"https:\/\/espak.ee\/epood\/"},{"@type":"ListItem","position":2,"name":"Tootevalik","item":"https:\/\/espak.ee\/epood\/tootevalik\/"},{"@type":"ListItem","position":3,"name":"PIHUSTATAV TIHEND SPRAY SEAL 500ML MUST"}]},{"@type":"WebSite","@id":"https:\/\/espak.ee\/epood\/#website","url":"https:\/\/espak.ee\/epood\/","name":"Espak E-pood","description":"","potentialAction":[{"@type":"SearchAction","target":{"@type":"EntryPoint","urlTemplate":"https:\/\/espak.ee\/epood\/?s={search_term_string}"},"query-input":{"@type":"PropertyValueSpecification","valueRequired":true,"valueName":"search_term_string"}}],"inLanguage":"et"}]}},"_links":{"self":[{"href":"https:\/\/espak.ee\/epood\/wp-json\/wp\/v2\/product\/136925","targetHints":{"allow":["GET"]}}],"collection":[{"href":"https:\/\/espak.ee\/epood\/wp-json\/wp\/v2\/product"}],"about":[{"href":"https:\/\/espak.ee\/epood\/wp-json\/wp\/v2\/types\/product"}],"replies":[{"embeddable":true,"href":"https:\/\/espak.ee\/epood\/wp-json\/wp\/v2\/comments?post=136925"}],"wp:featuredmedia":[{"embeddable":true,"href":"https:\/\/espak.ee\/epood\/wp-json\/wp\/v2\/media\/137163"}],"wp:attachment":[{"href":"https:\/\/espak.ee\/epood\/wp-json\/wp\/v2\/media?parent=136925"}],"wp:term":[{"taxonomy":"product_brand","embeddable":true,"href":"https:\/\/espak.ee\/epood\/wp-json\/wp\/v2\/product_brand?post=136925"},{"taxonomy":"product_cat","embeddable":true,"href":"https:\/\/espak.ee\/epood\/wp-json\/wp\/v2\/product_cat?post=136925"},{"taxonomy":"product_tag","embeddable":true,"href":"https:\/\/espak.ee\/epood\/wp-json\/wp\/v2\/product_tag?post=136925"}],"curies":[{"name":"wp","href":"https:\/\/api.w.org\/{rel}","templated":true}]}}