{"id":13689,"date":"2020-01-04T03:00:30","date_gmt":"2020-01-04T01:00:30","guid":{"rendered":"https:\/\/espak.ee\/hinnakiri\/?post_type=product&#038;p=13689"},"modified":"2024-03-23T00:03:46","modified_gmt":"2024-03-22T22:03:46","slug":"toa-ja-aia-vaetisetabletid-osmocote-12tk","status":"publish","type":"product","link":"https:\/\/espak.ee\/epood\/toode\/toa-ja-aia-vaetisetabletid-osmocote-12tk\/","title":{"rendered":"TOA JA AIA V\u00c4ETISETABLETID OSMOCOTE 12TK"},"content":{"rendered":"<div class=\"row\"  id=\"row-156338751\">\n\n\t<div id=\"col-1753633793\" class=\"col medium-9 small-12 large-9\"  >\n\t\t\t\t<div class=\"col-inner\"  >\n\t\t\t\n\t\t\t\n<h2>Osmocote\u00ae Toa ja aia v\u00e4etisetabletid<\/h2>\n<p>Universaalne mineraalv\u00e4etis tablettides toa- ja suvelillede v\u00e4etamiseks. V\u00f5imaldab usaldusv\u00e4\u00e4rselt, mugavalt ja ohutult taimede \u00fchtlase tasakaalustatud toitmise 6-kuu jooksul. Osmocote\u00ae on pikaajalise toimega v\u00e4etis \u2013 t\u00e4nu pol\u00fcmeriseeritud graanulitele\u2013 varustab taimi toitainetega vastavalt vajadusele kogu kasvuperioodi jooksul. Veega ei uhuta toitaineid l\u00e4bi vaigust kattekihi v\u00e4lja ja see hoiab \u00e4ra keskkonna reostumist. Toitainete vabanemist m\u00f5jutab mullatemperatuur ja -niiskus, ei m\u00f5juta substraadi ega mulla omadused.<\/p>\n\t<div id=\"gap-429931163\" class=\"gap-element clearfix\" style=\"display:block; height:auto;\">\n\t\t\n<style>\n#gap-429931163 {\n  padding-top: 30px;\n}\n<\/style>\n\t<\/div>\n\t\n<h3>Kasutamise \u00fcksikasjad<\/h3>\n<p><strong>Kasutamine:<\/strong> Aias varakevadest hilissuveni (m\u00e4rtsist-augustini). Temperatuuri alanemisel peatub v\u00e4etise tegevus. Soovitavalt panna kevadel kasvuperioodi alguses. Sibullillede (tulpide, nartsisside, liiliate jne.) sibula istutamisel kas kevadel v\u00f5i s\u00fcgisel v\u00f5i kevadel taimede juurde mulda suruda.<br \/>\nToalilledele kevadel \u00fcmberistutamisel poti p\u00f5hja v\u00f5i suruda lillepoti mulda. Aastaringselt kasvavatel taimedel v\u00f5etakse talviseks v\u00e4etamises \u00bd tavalisest vajaminevast kogusest.<br \/>\nPotitaimed, amplid: tablettide kogus vastavalt poti l\u00e4bim\u00f5\u00f5dule \u00d8 0-10 cm 1 tk, \u00d8 10-15 2 tk, \u00d8 15-20 3 tk, \u00d8 20-30 4 tk, \u00d8 30-40 5-6 tk.<br \/>\nR\u00f5dukastid, lillepeenrad: 1 tablett iga taime kohta (nt. pelargoonid, petuuniad, tulbid, nartsissid, liiliad jne.) sibula istutamisel.<br \/>\nPuud, hekid, p\u00f5\u00f5sad: 1 tablett iga taime kasvu 20 cm kohta (nt. 50 cm k\u00f5rgusele taimele 3 tabletti ja 120 cm k\u00f5rgele 6 tabletti).<\/p>\n<p><strong>Soovitused:<\/strong> Kuidas kasutada: Tabletid surutakse mulda taime juurte k\u00f5rvale. Istutamisel pannakse tabletid mulda juurte alla. Kasutades \u00fcle 1 tableti taime kohta \u2013 surutakse nad mulda \u00fcmber taime \u00fchtlaste vahedega. P\u00e4rast v\u00e4etamist rikkalikult kasta. Taimed omastavad p\u00f5hitoitaineid ja mikroelemente vastavalt vajadusele.<\/p>\n<p><strong>Hoidmine ja s\u00e4ilitamine:<\/strong> Hoida lastele ja koduloomadele k\u00e4ttesaamatus kohas. S\u00e4ilitada originaalpakendis suletuna temperatuuril +5-+30\u00b0C, otsese p\u00e4ikese eest varjatud kuivas kohas. S\u00e4ilivusaeg mitte alla 60 kuu. Valmistamise aeg vaata pakendilt. Kasutusaeg ei ole piiratud.<\/p>\n\t\t<\/div>\n\t\t\t\t\t<\/div>\n\n\t\n\n\t<div id=\"col-786699480\" class=\"col medium-3 small-12 large-3\"  >\n\t\t\t\t<div class=\"col-inner\"  >\n\t\t\t\n\t\t\t\n\t<div id=\"gap-617269418\" class=\"gap-element clearfix\" style=\"display:block; height:auto;\">\n\t\t\n<style>\n#gap-617269418 {\n  padding-top: 30px;\n}\n<\/style>\n\t<\/div>\n\t\n<div class=\"is-divider divider clearfix\" ><\/div>\n<p><strong>\u00dcksikasjalikuma n\u00f5u saamiseks v\u00f5tke \u00fchendust:<br \/><\/strong>Innotrade Group O\u00dc<br \/>Kanali tee 6<br \/>10112<br \/>Tallinn<br \/>+372 5047793<\/p>\n<div class=\"is-divider divider clearfix\" ><\/div>\n\t\t<\/div>\n\t\t\t\t\t<\/div>\n\n\t\n<\/div>\n","protected":false},"excerpt":{"rendered":"","protected":false},"featured_media":14229,"comment_status":"closed","ping_status":"open","template":"","meta":[],"product_brand":[],"product_cat":[2789,2788,2878,2877],"product_tag":[],"class_list":{"0":"post-13689","1":"product","2":"type-product","3":"status-publish","4":"has-post-thumbnail","6":"product_cat-aiatarbed","7":"product_cat-aiatarbed-ja-kodukaubad","8":"product_cat-aiavaetised","9":"product_cat-vaetised","10":"pa_kaubamark-evergreen-garden-care","12":"first","13":"outofstock","14":"sale","15":"taxable","16":"shipping-taxable","17":"purchasable","18":"product-type-simple"},"yoast_head":"<!-- This site is optimized with the Yoast SEO plugin v26.9 - https:\/\/yoast.com\/product\/yoast-seo-wordpress\/ -->\n<title>TOA JA AIA V\u00c4ETISETABLETID OSMOCOTE 12TK - Espak E-pood<\/title>\n<meta name=\"robots\" content=\"index, follow, max-snippet:-1, max-image-preview:large, max-video-preview:-1\" \/>\n<link rel=\"canonical\" href=\"https:\/\/espak.ee\/epood\/toode\/toa-ja-aia-vaetisetabletid-osmocote-12tk\/\" \/>\n<meta property=\"og:locale\" content=\"et_EE\" \/>\n<meta property=\"og:type\" content=\"article\" \/>\n<meta property=\"og:title\" content=\"TOA JA AIA V\u00c4ETISETABLETID OSMOCOTE 12TK - Espak E-pood\" \/>\n<meta property=\"og:url\" content=\"https:\/\/espak.ee\/epood\/toode\/toa-ja-aia-vaetisetabletid-osmocote-12tk\/\" \/>\n<meta property=\"og:site_name\" content=\"Espak E-pood\" \/>\n<meta property=\"article:modified_time\" content=\"2024-03-22T22:03:46+00:00\" \/>\n<meta property=\"og:image\" content=\"https:\/\/espak.ee\/epood\/wp-content\/uploads\/osmocote-v\u00e4etisetabletid-toa-ja-aiataimedele.jpg\" \/>\n\t<meta property=\"og:image:width\" content=\"1741\" \/>\n\t<meta property=\"og:image:height\" content=\"1741\" \/>\n\t<meta property=\"og:image:type\" content=\"image\/jpeg\" \/>\n<meta name=\"twitter:card\" content=\"summary_large_image\" \/>\n<meta name=\"twitter:label1\" content=\"Est. reading time\" \/>\n\t<meta name=\"twitter:data1\" content=\"2 minutit\" \/>\n<script type=\"application\/ld+json\" class=\"yoast-schema-graph\">{\"@context\":\"https:\/\/schema.org\",\"@graph\":[{\"@type\":\"WebPage\",\"@id\":\"https:\/\/espak.ee\/epood\/toode\/toa-ja-aia-vaetisetabletid-osmocote-12tk\/\",\"url\":\"https:\/\/espak.ee\/epood\/toode\/toa-ja-aia-vaetisetabletid-osmocote-12tk\/\",\"name\":\"TOA JA AIA V\u00c4ETISETABLETID OSMOCOTE 12TK - Espak E-pood\",\"isPartOf\":{\"@id\":\"https:\/\/espak.ee\/epood\/#website\"},\"primaryImageOfPage\":{\"@id\":\"https:\/\/espak.ee\/epood\/toode\/toa-ja-aia-vaetisetabletid-osmocote-12tk\/#primaryimage\"},\"image\":{\"@id\":\"https:\/\/espak.ee\/epood\/toode\/toa-ja-aia-vaetisetabletid-osmocote-12tk\/#primaryimage\"},\"thumbnailUrl\":\"https:\/\/espak.ee\/epood\/wp-content\/uploads\/osmocote-v\u00e4etisetabletid-toa-ja-aiataimedele.jpg\",\"datePublished\":\"2020-01-04T01:00:30+00:00\",\"dateModified\":\"2024-03-22T22:03:46+00:00\",\"breadcrumb\":{\"@id\":\"https:\/\/espak.ee\/epood\/toode\/toa-ja-aia-vaetisetabletid-osmocote-12tk\/#breadcrumb\"},\"inLanguage\":\"et\",\"potentialAction\":[{\"@type\":\"ReadAction\",\"target\":[\"https:\/\/espak.ee\/epood\/toode\/toa-ja-aia-vaetisetabletid-osmocote-12tk\/\"]}]},{\"@type\":\"ImageObject\",\"inLanguage\":\"et\",\"@id\":\"https:\/\/espak.ee\/epood\/toode\/toa-ja-aia-vaetisetabletid-osmocote-12tk\/#primaryimage\",\"url\":\"https:\/\/espak.ee\/epood\/wp-content\/uploads\/osmocote-v\u00e4etisetabletid-toa-ja-aiataimedele.jpg\",\"contentUrl\":\"https:\/\/espak.ee\/epood\/wp-content\/uploads\/osmocote-v\u00e4etisetabletid-toa-ja-aiataimedele.jpg\",\"width\":1741,\"height\":1741},{\"@type\":\"BreadcrumbList\",\"@id\":\"https:\/\/espak.ee\/epood\/toode\/toa-ja-aia-vaetisetabletid-osmocote-12tk\/#breadcrumb\",\"itemListElement\":[{\"@type\":\"ListItem\",\"position\":1,\"name\":\"Home\",\"item\":\"https:\/\/espak.ee\/epood\/\"},{\"@type\":\"ListItem\",\"position\":2,\"name\":\"Tootevalik\",\"item\":\"https:\/\/espak.ee\/epood\/tootevalik\/\"},{\"@type\":\"ListItem\",\"position\":3,\"name\":\"TOA JA AIA V\u00c4ETISETABLETID OSMOCOTE 12TK\"}]},{\"@type\":\"WebSite\",\"@id\":\"https:\/\/espak.ee\/epood\/#website\",\"url\":\"https:\/\/espak.ee\/epood\/\",\"name\":\"Espak E-pood\",\"description\":\"\",\"potentialAction\":[{\"@type\":\"SearchAction\",\"target\":{\"@type\":\"EntryPoint\",\"urlTemplate\":\"https:\/\/espak.ee\/epood\/?s={search_term_string}\"},\"query-input\":{\"@type\":\"PropertyValueSpecification\",\"valueRequired\":true,\"valueName\":\"search_term_string\"}}],\"inLanguage\":\"et\"}]}<\/script>\n<!-- \/ Yoast SEO plugin. -->","yoast_head_json":{"title":"TOA JA AIA V\u00c4ETISETABLETID OSMOCOTE 12TK - Espak E-pood","robots":{"index":"index","follow":"follow","max-snippet":"max-snippet:-1","max-image-preview":"max-image-preview:large","max-video-preview":"max-video-preview:-1"},"canonical":"https:\/\/espak.ee\/epood\/toode\/toa-ja-aia-vaetisetabletid-osmocote-12tk\/","og_locale":"et_EE","og_type":"article","og_title":"TOA JA AIA V\u00c4ETISETABLETID OSMOCOTE 12TK - Espak E-pood","og_url":"https:\/\/espak.ee\/epood\/toode\/toa-ja-aia-vaetisetabletid-osmocote-12tk\/","og_site_name":"Espak E-pood","article_modified_time":"2024-03-22T22:03:46+00:00","og_image":[{"width":1741,"height":1741,"url":"https:\/\/espak.ee\/epood\/wp-content\/uploads\/osmocote-v\u00e4etisetabletid-toa-ja-aiataimedele.jpg","type":"image\/jpeg"}],"twitter_card":"summary_large_image","twitter_misc":{"Est. reading time":"2 minutit"},"schema":{"@context":"https:\/\/schema.org","@graph":[{"@type":"WebPage","@id":"https:\/\/espak.ee\/epood\/toode\/toa-ja-aia-vaetisetabletid-osmocote-12tk\/","url":"https:\/\/espak.ee\/epood\/toode\/toa-ja-aia-vaetisetabletid-osmocote-12tk\/","name":"TOA JA AIA V\u00c4ETISETABLETID OSMOCOTE 12TK - Espak E-pood","isPartOf":{"@id":"https:\/\/espak.ee\/epood\/#website"},"primaryImageOfPage":{"@id":"https:\/\/espak.ee\/epood\/toode\/toa-ja-aia-vaetisetabletid-osmocote-12tk\/#primaryimage"},"image":{"@id":"https:\/\/espak.ee\/epood\/toode\/toa-ja-aia-vaetisetabletid-osmocote-12tk\/#primaryimage"},"thumbnailUrl":"https:\/\/espak.ee\/epood\/wp-content\/uploads\/osmocote-v\u00e4etisetabletid-toa-ja-aiataimedele.jpg","datePublished":"2020-01-04T01:00:30+00:00","dateModified":"2024-03-22T22:03:46+00:00","breadcrumb":{"@id":"https:\/\/espak.ee\/epood\/toode\/toa-ja-aia-vaetisetabletid-osmocote-12tk\/#breadcrumb"},"inLanguage":"et","potentialAction":[{"@type":"ReadAction","target":["https:\/\/espak.ee\/epood\/toode\/toa-ja-aia-vaetisetabletid-osmocote-12tk\/"]}]},{"@type":"ImageObject","inLanguage":"et","@id":"https:\/\/espak.ee\/epood\/toode\/toa-ja-aia-vaetisetabletid-osmocote-12tk\/#primaryimage","url":"https:\/\/espak.ee\/epood\/wp-content\/uploads\/osmocote-v\u00e4etisetabletid-toa-ja-aiataimedele.jpg","contentUrl":"https:\/\/espak.ee\/epood\/wp-content\/uploads\/osmocote-v\u00e4etisetabletid-toa-ja-aiataimedele.jpg","width":1741,"height":1741},{"@type":"BreadcrumbList","@id":"https:\/\/espak.ee\/epood\/toode\/toa-ja-aia-vaetisetabletid-osmocote-12tk\/#breadcrumb","itemListElement":[{"@type":"ListItem","position":1,"name":"Home","item":"https:\/\/espak.ee\/epood\/"},{"@type":"ListItem","position":2,"name":"Tootevalik","item":"https:\/\/espak.ee\/epood\/tootevalik\/"},{"@type":"ListItem","position":3,"name":"TOA JA AIA V\u00c4ETISETABLETID OSMOCOTE 12TK"}]},{"@type":"WebSite","@id":"https:\/\/espak.ee\/epood\/#website","url":"https:\/\/espak.ee\/epood\/","name":"Espak E-pood","description":"","potentialAction":[{"@type":"SearchAction","target":{"@type":"EntryPoint","urlTemplate":"https:\/\/espak.ee\/epood\/?s={search_term_string}"},"query-input":{"@type":"PropertyValueSpecification","valueRequired":true,"valueName":"search_term_string"}}],"inLanguage":"et"}]}},"_links":{"self":[{"href":"https:\/\/espak.ee\/epood\/wp-json\/wp\/v2\/product\/13689","targetHints":{"allow":["GET"]}}],"collection":[{"href":"https:\/\/espak.ee\/epood\/wp-json\/wp\/v2\/product"}],"about":[{"href":"https:\/\/espak.ee\/epood\/wp-json\/wp\/v2\/types\/product"}],"replies":[{"embeddable":true,"href":"https:\/\/espak.ee\/epood\/wp-json\/wp\/v2\/comments?post=13689"}],"wp:featuredmedia":[{"embeddable":true,"href":"https:\/\/espak.ee\/epood\/wp-json\/wp\/v2\/media\/14229"}],"wp:attachment":[{"href":"https:\/\/espak.ee\/epood\/wp-json\/wp\/v2\/media?parent=13689"}],"wp:term":[{"taxonomy":"product_brand","embeddable":true,"href":"https:\/\/espak.ee\/epood\/wp-json\/wp\/v2\/product_brand?post=13689"},{"taxonomy":"product_cat","embeddable":true,"href":"https:\/\/espak.ee\/epood\/wp-json\/wp\/v2\/product_cat?post=13689"},{"taxonomy":"product_tag","embeddable":true,"href":"https:\/\/espak.ee\/epood\/wp-json\/wp\/v2\/product_tag?post=13689"}],"curies":[{"name":"wp","href":"https:\/\/api.w.org\/{rel}","templated":true}]}}