{"id":13685,"date":"2020-01-04T03:00:21","date_gmt":"2020-01-04T01:00:21","guid":{"rendered":"https:\/\/espak.ee\/hinnakiri\/?post_type=product&#038;p=13685"},"modified":"2024-03-23T00:04:12","modified_gmt":"2024-03-22T22:04:12","slug":"looduslik-istutus-ja-kulvimuld-kompostiga-20l","status":"publish","type":"product","link":"https:\/\/espak.ee\/epood\/toode\/looduslik-istutus-ja-kulvimuld-kompostiga-20l\/","title":{"rendered":"LOODUSLIK ISTUTUS- JA K\u00dcLVIMULD KOMPOSTIGA 20L"},"content":{"rendered":"<div class=\"row\"  id=\"row-1004073381\">\n\n\t<div id=\"col-1067019470\" class=\"col medium-9 small-12 large-9\"  >\n\t\t\t\t<div class=\"col-inner\"  >\n\t\t\t\n\t\t\t\n<h2>Looduslik istutus- ja k\u00fclvimuld kompostiga<\/h2>\n<p>100% looduslik muld seemnete k\u00fclviks ja taimede pikeerimiseks. Looduslik kompost parandab idanemist, soodustab taimede juurdumist ja parandab nende vastupanuv\u00f5imet haiguste suhtes.<\/p>\n\t<div id=\"gap-25449113\" class=\"gap-element clearfix\" style=\"display:block; height:auto;\">\n\t\t\n<style>\n#gap-25449113 {\n  padding-top: 30px;\n}\n<\/style>\n\t<\/div>\n\t\n<h3>Kasutamise \u00fcksikasjad<\/h3>\n<p><strong>Kasutamine:<\/strong> Madala toitainete sisaldusega 100% looduslik muld on hea niiskusre\u017eiimiga, umbrohu ja haigusvaba. Looduslik kompost parandab seemnete idanemist, soodustab taimede juurdumist ja parandab nende vastupanuv\u00f5imet haiguste suhtes. Sobib seemnete k\u00fclviks, taimede ettekasvatamiseks ja istutamiseks ning v\u00e4ikese ja keskmise toitainete vajadustega taimede kasvatamiseks (nt. maitsetaimed).<\/p>\n<p><strong>Soovitused:<\/strong> Suurema toitainete vajadusega taimede ettekasvatamisel lisage mullale juurde 40 g Substral\u00ae Osmocote\u00ae Start v\u00e4etist (1g v\u00e4etist 1L mulla kohta). Vajadusel kastke taimi Miracle-Gro\u00ae kastmisv\u00e4etistega. Loodusliku viljeluse korral kasutage maitsetaimede v\u00e4etamiseks Bio Kasvustimulaatorit K\u00f5rven\u00f5gese ekstraktist. Kui tegu on v\u00e4ga p\u00e4ikeselise kasvukohaga segage kasvumulla Tseoliiti 2 \u2013 5 % kasvusubstraadi mahust (lubatud kasutada mahetootmises). Lehet\u00e4ide jt kahjustuse korral kasutage Naturen Multiinsekti. Haiguste ja kahjurite korral Kompleksne kaitse Bio K\u00f5rven\u00f5gese ekstraktist.<\/p>\n<p><strong>Hoidmine ja s\u00e4ilitamine:<\/strong> Hoida suletuna kuivas, varjulises kohas, temperatuuril mitte \u00fcle +40\u00b0C. L\u00e4bik\u00fclmumine ei muuda mulla struktuuri. S\u00e4ilitamise ja kasutamise aeg ei ole piiratud.<\/p>\n\t\t<\/div>\n\t\t\t\t\t<\/div>\n\n\t\n\n\t<div id=\"col-755516960\" class=\"col medium-3 small-12 large-3\"  >\n\t\t\t\t<div class=\"col-inner\"  >\n\t\t\t\n\t\t\t\n\t<div id=\"gap-598904509\" class=\"gap-element clearfix\" style=\"display:block; height:auto;\">\n\t\t\n<style>\n#gap-598904509 {\n  padding-top: 30px;\n}\n<\/style>\n\t<\/div>\n\t\n<div class=\"is-divider divider clearfix\" ><\/div>\n<p><strong>\u00dcksikasjalikuma n\u00f5u saamiseks v\u00f5tke \u00fchendust:<br \/><\/strong>Innotrade Group O\u00dc<br \/>Kanali tee 6<br \/>10112<br \/>Tallinn<br \/>+372 5047793<\/p>\n<div class=\"is-divider divider clearfix\" ><\/div>\n\t\t<\/div>\n\t\t\t\t\t<\/div>\n\n\t\n<\/div>\n","protected":false},"excerpt":{"rendered":"","protected":false},"featured_media":14195,"comment_status":"closed","ping_status":"open","template":"","meta":[],"product_brand":[],"product_cat":[2789,2788,2879,2880],"product_tag":[],"class_list":{"0":"post-13685","1":"product","2":"type-product","3":"status-publish","4":"has-post-thumbnail","6":"product_cat-aiatarbed","7":"product_cat-aiatarbed-ja-kodukaubad","8":"product_cat-aiaturbad-ja-mullad","9":"product_cat-lillemullad","10":"pa_kaubamark-evergreen-garden-care","12":"first","13":"outofstock","14":"sale","15":"taxable","16":"shipping-taxable","17":"purchasable","18":"product-type-simple"},"yoast_head":"<!-- This site is optimized with the Yoast SEO plugin v26.9 - https:\/\/yoast.com\/product\/yoast-seo-wordpress\/ -->\n<title>LOODUSLIK ISTUTUS- JA K\u00dcLVIMULD KOMPOSTIGA 20L - Espak E-pood<\/title>\n<meta name=\"robots\" content=\"index, follow, max-snippet:-1, max-image-preview:large, max-video-preview:-1\" \/>\n<link rel=\"canonical\" href=\"https:\/\/espak.ee\/epood\/toode\/looduslik-istutus-ja-kulvimuld-kompostiga-20l\/\" \/>\n<meta property=\"og:locale\" content=\"et_EE\" \/>\n<meta property=\"og:type\" content=\"article\" \/>\n<meta property=\"og:title\" content=\"LOODUSLIK ISTUTUS- JA K\u00dcLVIMULD KOMPOSTIGA 20L - Espak E-pood\" \/>\n<meta property=\"og:url\" content=\"https:\/\/espak.ee\/epood\/toode\/looduslik-istutus-ja-kulvimuld-kompostiga-20l\/\" \/>\n<meta property=\"og:site_name\" content=\"Espak E-pood\" \/>\n<meta property=\"article:modified_time\" content=\"2024-03-22T22:04:12+00:00\" \/>\n<meta property=\"og:image\" content=\"https:\/\/espak.ee\/epood\/wp-content\/uploads\/looduslik-kulvi-ja-istutusmuld-kompost.jpg\" \/>\n\t<meta property=\"og:image:width\" content=\"1756\" \/>\n\t<meta property=\"og:image:height\" content=\"1756\" \/>\n\t<meta property=\"og:image:type\" content=\"image\/jpeg\" \/>\n<meta name=\"twitter:card\" content=\"summary_large_image\" \/>\n<meta name=\"twitter:label1\" content=\"Est. reading time\" \/>\n\t<meta name=\"twitter:data1\" content=\"1 minut\" \/>\n<script type=\"application\/ld+json\" class=\"yoast-schema-graph\">{\"@context\":\"https:\/\/schema.org\",\"@graph\":[{\"@type\":\"WebPage\",\"@id\":\"https:\/\/espak.ee\/epood\/toode\/looduslik-istutus-ja-kulvimuld-kompostiga-20l\/\",\"url\":\"https:\/\/espak.ee\/epood\/toode\/looduslik-istutus-ja-kulvimuld-kompostiga-20l\/\",\"name\":\"LOODUSLIK ISTUTUS- JA K\u00dcLVIMULD KOMPOSTIGA 20L - Espak E-pood\",\"isPartOf\":{\"@id\":\"https:\/\/espak.ee\/epood\/#website\"},\"primaryImageOfPage\":{\"@id\":\"https:\/\/espak.ee\/epood\/toode\/looduslik-istutus-ja-kulvimuld-kompostiga-20l\/#primaryimage\"},\"image\":{\"@id\":\"https:\/\/espak.ee\/epood\/toode\/looduslik-istutus-ja-kulvimuld-kompostiga-20l\/#primaryimage\"},\"thumbnailUrl\":\"https:\/\/espak.ee\/epood\/wp-content\/uploads\/looduslik-kulvi-ja-istutusmuld-kompost.jpg\",\"datePublished\":\"2020-01-04T01:00:21+00:00\",\"dateModified\":\"2024-03-22T22:04:12+00:00\",\"breadcrumb\":{\"@id\":\"https:\/\/espak.ee\/epood\/toode\/looduslik-istutus-ja-kulvimuld-kompostiga-20l\/#breadcrumb\"},\"inLanguage\":\"et\",\"potentialAction\":[{\"@type\":\"ReadAction\",\"target\":[\"https:\/\/espak.ee\/epood\/toode\/looduslik-istutus-ja-kulvimuld-kompostiga-20l\/\"]}]},{\"@type\":\"ImageObject\",\"inLanguage\":\"et\",\"@id\":\"https:\/\/espak.ee\/epood\/toode\/looduslik-istutus-ja-kulvimuld-kompostiga-20l\/#primaryimage\",\"url\":\"https:\/\/espak.ee\/epood\/wp-content\/uploads\/looduslik-kulvi-ja-istutusmuld-kompost.jpg\",\"contentUrl\":\"https:\/\/espak.ee\/epood\/wp-content\/uploads\/looduslik-kulvi-ja-istutusmuld-kompost.jpg\",\"width\":1756,\"height\":1756},{\"@type\":\"BreadcrumbList\",\"@id\":\"https:\/\/espak.ee\/epood\/toode\/looduslik-istutus-ja-kulvimuld-kompostiga-20l\/#breadcrumb\",\"itemListElement\":[{\"@type\":\"ListItem\",\"position\":1,\"name\":\"Home\",\"item\":\"https:\/\/espak.ee\/epood\/\"},{\"@type\":\"ListItem\",\"position\":2,\"name\":\"Tootevalik\",\"item\":\"https:\/\/espak.ee\/epood\/tootevalik\/\"},{\"@type\":\"ListItem\",\"position\":3,\"name\":\"LOODUSLIK ISTUTUS- JA K\u00dcLVIMULD KOMPOSTIGA 20L\"}]},{\"@type\":\"WebSite\",\"@id\":\"https:\/\/espak.ee\/epood\/#website\",\"url\":\"https:\/\/espak.ee\/epood\/\",\"name\":\"Espak E-pood\",\"description\":\"\",\"potentialAction\":[{\"@type\":\"SearchAction\",\"target\":{\"@type\":\"EntryPoint\",\"urlTemplate\":\"https:\/\/espak.ee\/epood\/?s={search_term_string}\"},\"query-input\":{\"@type\":\"PropertyValueSpecification\",\"valueRequired\":true,\"valueName\":\"search_term_string\"}}],\"inLanguage\":\"et\"}]}<\/script>\n<!-- \/ Yoast SEO plugin. -->","yoast_head_json":{"title":"LOODUSLIK ISTUTUS- JA K\u00dcLVIMULD KOMPOSTIGA 20L - Espak E-pood","robots":{"index":"index","follow":"follow","max-snippet":"max-snippet:-1","max-image-preview":"max-image-preview:large","max-video-preview":"max-video-preview:-1"},"canonical":"https:\/\/espak.ee\/epood\/toode\/looduslik-istutus-ja-kulvimuld-kompostiga-20l\/","og_locale":"et_EE","og_type":"article","og_title":"LOODUSLIK ISTUTUS- JA K\u00dcLVIMULD KOMPOSTIGA 20L - Espak E-pood","og_url":"https:\/\/espak.ee\/epood\/toode\/looduslik-istutus-ja-kulvimuld-kompostiga-20l\/","og_site_name":"Espak E-pood","article_modified_time":"2024-03-22T22:04:12+00:00","og_image":[{"width":1756,"height":1756,"url":"https:\/\/espak.ee\/epood\/wp-content\/uploads\/looduslik-kulvi-ja-istutusmuld-kompost.jpg","type":"image\/jpeg"}],"twitter_card":"summary_large_image","twitter_misc":{"Est. reading time":"1 minut"},"schema":{"@context":"https:\/\/schema.org","@graph":[{"@type":"WebPage","@id":"https:\/\/espak.ee\/epood\/toode\/looduslik-istutus-ja-kulvimuld-kompostiga-20l\/","url":"https:\/\/espak.ee\/epood\/toode\/looduslik-istutus-ja-kulvimuld-kompostiga-20l\/","name":"LOODUSLIK ISTUTUS- JA K\u00dcLVIMULD KOMPOSTIGA 20L - Espak E-pood","isPartOf":{"@id":"https:\/\/espak.ee\/epood\/#website"},"primaryImageOfPage":{"@id":"https:\/\/espak.ee\/epood\/toode\/looduslik-istutus-ja-kulvimuld-kompostiga-20l\/#primaryimage"},"image":{"@id":"https:\/\/espak.ee\/epood\/toode\/looduslik-istutus-ja-kulvimuld-kompostiga-20l\/#primaryimage"},"thumbnailUrl":"https:\/\/espak.ee\/epood\/wp-content\/uploads\/looduslik-kulvi-ja-istutusmuld-kompost.jpg","datePublished":"2020-01-04T01:00:21+00:00","dateModified":"2024-03-22T22:04:12+00:00","breadcrumb":{"@id":"https:\/\/espak.ee\/epood\/toode\/looduslik-istutus-ja-kulvimuld-kompostiga-20l\/#breadcrumb"},"inLanguage":"et","potentialAction":[{"@type":"ReadAction","target":["https:\/\/espak.ee\/epood\/toode\/looduslik-istutus-ja-kulvimuld-kompostiga-20l\/"]}]},{"@type":"ImageObject","inLanguage":"et","@id":"https:\/\/espak.ee\/epood\/toode\/looduslik-istutus-ja-kulvimuld-kompostiga-20l\/#primaryimage","url":"https:\/\/espak.ee\/epood\/wp-content\/uploads\/looduslik-kulvi-ja-istutusmuld-kompost.jpg","contentUrl":"https:\/\/espak.ee\/epood\/wp-content\/uploads\/looduslik-kulvi-ja-istutusmuld-kompost.jpg","width":1756,"height":1756},{"@type":"BreadcrumbList","@id":"https:\/\/espak.ee\/epood\/toode\/looduslik-istutus-ja-kulvimuld-kompostiga-20l\/#breadcrumb","itemListElement":[{"@type":"ListItem","position":1,"name":"Home","item":"https:\/\/espak.ee\/epood\/"},{"@type":"ListItem","position":2,"name":"Tootevalik","item":"https:\/\/espak.ee\/epood\/tootevalik\/"},{"@type":"ListItem","position":3,"name":"LOODUSLIK ISTUTUS- JA K\u00dcLVIMULD KOMPOSTIGA 20L"}]},{"@type":"WebSite","@id":"https:\/\/espak.ee\/epood\/#website","url":"https:\/\/espak.ee\/epood\/","name":"Espak E-pood","description":"","potentialAction":[{"@type":"SearchAction","target":{"@type":"EntryPoint","urlTemplate":"https:\/\/espak.ee\/epood\/?s={search_term_string}"},"query-input":{"@type":"PropertyValueSpecification","valueRequired":true,"valueName":"search_term_string"}}],"inLanguage":"et"}]}},"_links":{"self":[{"href":"https:\/\/espak.ee\/epood\/wp-json\/wp\/v2\/product\/13685","targetHints":{"allow":["GET"]}}],"collection":[{"href":"https:\/\/espak.ee\/epood\/wp-json\/wp\/v2\/product"}],"about":[{"href":"https:\/\/espak.ee\/epood\/wp-json\/wp\/v2\/types\/product"}],"replies":[{"embeddable":true,"href":"https:\/\/espak.ee\/epood\/wp-json\/wp\/v2\/comments?post=13685"}],"wp:featuredmedia":[{"embeddable":true,"href":"https:\/\/espak.ee\/epood\/wp-json\/wp\/v2\/media\/14195"}],"wp:attachment":[{"href":"https:\/\/espak.ee\/epood\/wp-json\/wp\/v2\/media?parent=13685"}],"wp:term":[{"taxonomy":"product_brand","embeddable":true,"href":"https:\/\/espak.ee\/epood\/wp-json\/wp\/v2\/product_brand?post=13685"},{"taxonomy":"product_cat","embeddable":true,"href":"https:\/\/espak.ee\/epood\/wp-json\/wp\/v2\/product_cat?post=13685"},{"taxonomy":"product_tag","embeddable":true,"href":"https:\/\/espak.ee\/epood\/wp-json\/wp\/v2\/product_tag?post=13685"}],"curies":[{"name":"wp","href":"https:\/\/api.w.org\/{rel}","templated":true}]}}