{"id":13675,"date":"2020-01-04T03:00:21","date_gmt":"2020-01-04T01:00:21","guid":{"rendered":"https:\/\/espak.ee\/hinnakiri\/?post_type=product&#038;p=13675"},"modified":"2026-04-27T15:18:32","modified_gmt":"2026-04-27T12:18:32","slug":"aiavaetis-miracle-gro-300g","status":"publish","type":"product","link":"https:\/\/espak.ee\/epood\/toode\/aiavaetis-miracle-gro-300g\/","title":{"rendered":"AIAV\u00c4ETIS MIRACLE-GRO 300G"},"content":{"rendered":"<div class=\"row\"  id=\"row-227726179\">\n\n\t<div id=\"col-1808969450\" class=\"col medium-9 small-12 large-9\"  >\n\t\t\t\t<div class=\"col-inner\"  >\n\t\t\t\n\t\t\t\n<h2>Miracle-Gro\u00ae aiav\u00e4etis<\/h2>\n<p>100% vees lahustuv pulbriline mineraalne v\u00e4etis. Kasutamiseks k\u00f5ikide aiataimede v\u00e4etamisel. Tagab hea viljumise ning maitsva saagi. Soodustab kasvamist, rikkalikku v\u00e4rvikirgast \u00f5itsemist.<\/p>\n\t<div id=\"gap-896065822\" class=\"gap-element clearfix\" style=\"display:block; height:auto;\">\n\t\t\n<style>\n#gap-896065822 {\n  padding-top: 30px;\n}\n<\/style>\n\t<\/div>\n\t\n<h3>Kasutamise \u00fcksikasjad<\/h3>\n<p><strong>Kasutamine:<\/strong> Kasutamine taimede kasvu algusest (m\u00e4rts) kuni augusti l\u00f5puni 1 tl = 5 g. Juure kaudu: 1 kord n\u00e4dalas 1g \/ 1l kohta. Taimede ettekasvatamine, istikud \u00bdg \/ 1l. Lehtede kaudu: 1 kord n\u00e4dalas \u00bdg \/ 1l kohta.<br \/>\nViljapuud, marjap\u00f5\u00f5sad 3-6 korda peale \u00f5itsemist. Maasikad 2-3 korda \u00f5itsemise algusest. Maitsetaimed, salat 2-3 korda kasvu alguses. Tomat, kurk jt k\u00f6\u00f6giviljad 2-3 korda alates viljade moodustamisest. Dekoratiivtaimed 2-3 korda kasvu alguses.<\/p>\n<p><strong>Soovitused:<\/strong> V\u00e4etiselahusest v\u00f5ib j\u00e4\u00e4da lehtedele kerge sade. V\u00e4ldi v\u00e4etisevee sattumist \u00f5itele. V\u00e4ldi vee sattumist p\u00e4ikesest kuumenenud taime lehtedele.<\/p>\n<p><strong>Hoidmine ja s\u00e4ilitamine:<\/strong> Hoida lastele ja koduloomadele k\u00e4ttesaamatus kohas. S\u00e4ilitada originaalpakendis suletuna temperatuuril +5-+30\u00b0C, otsese p\u00e4ikese eest varjatud kuivas kohas. S\u00e4ilivusaeg mitte alla 60 kuu. Valmistamise aeg vaata pakendilt. Kasutusaeg ei ole piiratud.<\/p>\n\t\t<\/div>\n\t\t\t\t\t<\/div>\n\n\t\n\n\t<div id=\"col-1915709395\" class=\"col medium-3 small-12 large-3\"  >\n\t\t\t\t<div class=\"col-inner\"  >\n\t\t\t\n\t\t\t\n\t<div id=\"gap-1418706404\" class=\"gap-element clearfix\" style=\"display:block; height:auto;\">\n\t\t\n<style>\n#gap-1418706404 {\n  padding-top: 30px;\n}\n<\/style>\n\t<\/div>\n\t\n<h3>Ohutuskaart<\/h3>\n<p><a href=\"https:\/\/espak.ee\/epood\/wp-content\/uploads\/2020\/01\/10091T_1319101_S19626-HE-2097-Agroleaf-Power-15-10-31_DERIVED-SDS_EE_300000008106_EE_ET_1.0.pdf\"target=\"_blank\" rel=\"noopener noreferrer\"><i class=\"far fa-file-pdf\"><\/i> Ohutuskaart (PDF)<\/a><\/p>\n<div class=\"is-divider divider clearfix\" ><\/div>\n<p><strong>\u00dcksikasjalikuma n\u00f5u saamiseks v\u00f5tke \u00fchendust:<br \/><\/strong>Innotrade Group O\u00dc<br \/>Kanali tee 6<br \/>10112<br \/>Tallinn<br \/>+372 5047793<\/p>\n<div class=\"is-divider divider clearfix\" ><\/div>\n\t\t<\/div>\n\t\t\t\t\t<\/div>\n\n\t\n<\/div>\n","protected":false},"excerpt":{"rendered":"","protected":false},"featured_media":14171,"comment_status":"closed","ping_status":"closed","template":"","meta":[],"product_brand":[],"product_cat":[2789,2788,2878,2877],"product_tag":[],"class_list":{"0":"post-13675","1":"product","2":"type-product","3":"status-publish","4":"has-post-thumbnail","6":"product_cat-aiatarbed","7":"product_cat-aiatarbed-ja-kodukaubad","8":"product_cat-aiavaetised","9":"product_cat-vaetised","10":"pa_kaubamark-evergreen-garden-care","12":"first","13":"instock","14":"sale","15":"taxable","16":"shipping-taxable","17":"purchasable","18":"product-type-simple"},"yoast_head":"<!-- This site is optimized with the Yoast SEO plugin v26.9 - https:\/\/yoast.com\/product\/yoast-seo-wordpress\/ -->\n<title>AIAV\u00c4ETIS MIRACLE-GRO 300G - Espak E-pood<\/title>\n<meta name=\"robots\" content=\"index, follow, max-snippet:-1, max-image-preview:large, max-video-preview:-1\" \/>\n<link rel=\"canonical\" href=\"https:\/\/espak.ee\/epood\/toode\/aiavaetis-miracle-gro-300g\/\" \/>\n<meta property=\"og:locale\" content=\"et_EE\" \/>\n<meta property=\"og:type\" content=\"article\" \/>\n<meta property=\"og:title\" content=\"AIAV\u00c4ETIS MIRACLE-GRO 300G - Espak E-pood\" \/>\n<meta property=\"og:url\" content=\"https:\/\/espak.ee\/epood\/toode\/aiavaetis-miracle-gro-300g\/\" \/>\n<meta property=\"og:site_name\" content=\"Espak E-pood\" \/>\n<meta property=\"article:modified_time\" content=\"2026-04-27T12:18:32+00:00\" \/>\n<meta property=\"og:image\" content=\"https:\/\/espak.ee\/epood\/wp-content\/uploads\/miracle-gro-aiavaetis.jpg\" \/>\n\t<meta property=\"og:image:width\" content=\"1755\" \/>\n\t<meta property=\"og:image:height\" content=\"1755\" \/>\n\t<meta property=\"og:image:type\" content=\"image\/jpeg\" \/>\n<meta name=\"twitter:card\" content=\"summary_large_image\" \/>\n<meta name=\"twitter:label1\" content=\"Est. reading time\" \/>\n\t<meta name=\"twitter:data1\" content=\"1 minut\" \/>\n<script type=\"application\/ld+json\" class=\"yoast-schema-graph\">{\"@context\":\"https:\/\/schema.org\",\"@graph\":[{\"@type\":\"WebPage\",\"@id\":\"https:\/\/espak.ee\/epood\/toode\/aiavaetis-miracle-gro-300g\/\",\"url\":\"https:\/\/espak.ee\/epood\/toode\/aiavaetis-miracle-gro-300g\/\",\"name\":\"AIAV\u00c4ETIS MIRACLE-GRO 300G - Espak E-pood\",\"isPartOf\":{\"@id\":\"https:\/\/espak.ee\/epood\/#website\"},\"primaryImageOfPage\":{\"@id\":\"https:\/\/espak.ee\/epood\/toode\/aiavaetis-miracle-gro-300g\/#primaryimage\"},\"image\":{\"@id\":\"https:\/\/espak.ee\/epood\/toode\/aiavaetis-miracle-gro-300g\/#primaryimage\"},\"thumbnailUrl\":\"https:\/\/espak.ee\/epood\/wp-content\/uploads\/miracle-gro-aiavaetis.jpg\",\"datePublished\":\"2020-01-04T01:00:21+00:00\",\"dateModified\":\"2026-04-27T12:18:32+00:00\",\"breadcrumb\":{\"@id\":\"https:\/\/espak.ee\/epood\/toode\/aiavaetis-miracle-gro-300g\/#breadcrumb\"},\"inLanguage\":\"et\",\"potentialAction\":[{\"@type\":\"ReadAction\",\"target\":[\"https:\/\/espak.ee\/epood\/toode\/aiavaetis-miracle-gro-300g\/\"]}]},{\"@type\":\"ImageObject\",\"inLanguage\":\"et\",\"@id\":\"https:\/\/espak.ee\/epood\/toode\/aiavaetis-miracle-gro-300g\/#primaryimage\",\"url\":\"https:\/\/espak.ee\/epood\/wp-content\/uploads\/miracle-gro-aiavaetis.jpg\",\"contentUrl\":\"https:\/\/espak.ee\/epood\/wp-content\/uploads\/miracle-gro-aiavaetis.jpg\",\"width\":1755,\"height\":1755},{\"@type\":\"BreadcrumbList\",\"@id\":\"https:\/\/espak.ee\/epood\/toode\/aiavaetis-miracle-gro-300g\/#breadcrumb\",\"itemListElement\":[{\"@type\":\"ListItem\",\"position\":1,\"name\":\"Home\",\"item\":\"https:\/\/espak.ee\/epood\/\"},{\"@type\":\"ListItem\",\"position\":2,\"name\":\"Tootevalik\",\"item\":\"https:\/\/espak.ee\/epood\/tootevalik\/\"},{\"@type\":\"ListItem\",\"position\":3,\"name\":\"AIAV\u00c4ETIS MIRACLE-GRO 300G\"}]},{\"@type\":\"WebSite\",\"@id\":\"https:\/\/espak.ee\/epood\/#website\",\"url\":\"https:\/\/espak.ee\/epood\/\",\"name\":\"Espak E-pood\",\"description\":\"\",\"potentialAction\":[{\"@type\":\"SearchAction\",\"target\":{\"@type\":\"EntryPoint\",\"urlTemplate\":\"https:\/\/espak.ee\/epood\/?s={search_term_string}\"},\"query-input\":{\"@type\":\"PropertyValueSpecification\",\"valueRequired\":true,\"valueName\":\"search_term_string\"}}],\"inLanguage\":\"et\"}]}<\/script>\n<!-- \/ Yoast SEO plugin. -->","yoast_head_json":{"title":"AIAV\u00c4ETIS MIRACLE-GRO 300G - Espak E-pood","robots":{"index":"index","follow":"follow","max-snippet":"max-snippet:-1","max-image-preview":"max-image-preview:large","max-video-preview":"max-video-preview:-1"},"canonical":"https:\/\/espak.ee\/epood\/toode\/aiavaetis-miracle-gro-300g\/","og_locale":"et_EE","og_type":"article","og_title":"AIAV\u00c4ETIS MIRACLE-GRO 300G - Espak E-pood","og_url":"https:\/\/espak.ee\/epood\/toode\/aiavaetis-miracle-gro-300g\/","og_site_name":"Espak E-pood","article_modified_time":"2026-04-27T12:18:32+00:00","og_image":[{"width":1755,"height":1755,"url":"https:\/\/espak.ee\/epood\/wp-content\/uploads\/miracle-gro-aiavaetis.jpg","type":"image\/jpeg"}],"twitter_card":"summary_large_image","twitter_misc":{"Est. reading time":"1 minut"},"schema":{"@context":"https:\/\/schema.org","@graph":[{"@type":"WebPage","@id":"https:\/\/espak.ee\/epood\/toode\/aiavaetis-miracle-gro-300g\/","url":"https:\/\/espak.ee\/epood\/toode\/aiavaetis-miracle-gro-300g\/","name":"AIAV\u00c4ETIS MIRACLE-GRO 300G - Espak E-pood","isPartOf":{"@id":"https:\/\/espak.ee\/epood\/#website"},"primaryImageOfPage":{"@id":"https:\/\/espak.ee\/epood\/toode\/aiavaetis-miracle-gro-300g\/#primaryimage"},"image":{"@id":"https:\/\/espak.ee\/epood\/toode\/aiavaetis-miracle-gro-300g\/#primaryimage"},"thumbnailUrl":"https:\/\/espak.ee\/epood\/wp-content\/uploads\/miracle-gro-aiavaetis.jpg","datePublished":"2020-01-04T01:00:21+00:00","dateModified":"2026-04-27T12:18:32+00:00","breadcrumb":{"@id":"https:\/\/espak.ee\/epood\/toode\/aiavaetis-miracle-gro-300g\/#breadcrumb"},"inLanguage":"et","potentialAction":[{"@type":"ReadAction","target":["https:\/\/espak.ee\/epood\/toode\/aiavaetis-miracle-gro-300g\/"]}]},{"@type":"ImageObject","inLanguage":"et","@id":"https:\/\/espak.ee\/epood\/toode\/aiavaetis-miracle-gro-300g\/#primaryimage","url":"https:\/\/espak.ee\/epood\/wp-content\/uploads\/miracle-gro-aiavaetis.jpg","contentUrl":"https:\/\/espak.ee\/epood\/wp-content\/uploads\/miracle-gro-aiavaetis.jpg","width":1755,"height":1755},{"@type":"BreadcrumbList","@id":"https:\/\/espak.ee\/epood\/toode\/aiavaetis-miracle-gro-300g\/#breadcrumb","itemListElement":[{"@type":"ListItem","position":1,"name":"Home","item":"https:\/\/espak.ee\/epood\/"},{"@type":"ListItem","position":2,"name":"Tootevalik","item":"https:\/\/espak.ee\/epood\/tootevalik\/"},{"@type":"ListItem","position":3,"name":"AIAV\u00c4ETIS MIRACLE-GRO 300G"}]},{"@type":"WebSite","@id":"https:\/\/espak.ee\/epood\/#website","url":"https:\/\/espak.ee\/epood\/","name":"Espak E-pood","description":"","potentialAction":[{"@type":"SearchAction","target":{"@type":"EntryPoint","urlTemplate":"https:\/\/espak.ee\/epood\/?s={search_term_string}"},"query-input":{"@type":"PropertyValueSpecification","valueRequired":true,"valueName":"search_term_string"}}],"inLanguage":"et"}]}},"_links":{"self":[{"href":"https:\/\/espak.ee\/epood\/wp-json\/wp\/v2\/product\/13675","targetHints":{"allow":["GET"]}}],"collection":[{"href":"https:\/\/espak.ee\/epood\/wp-json\/wp\/v2\/product"}],"about":[{"href":"https:\/\/espak.ee\/epood\/wp-json\/wp\/v2\/types\/product"}],"replies":[{"embeddable":true,"href":"https:\/\/espak.ee\/epood\/wp-json\/wp\/v2\/comments?post=13675"}],"wp:featuredmedia":[{"embeddable":true,"href":"https:\/\/espak.ee\/epood\/wp-json\/wp\/v2\/media\/14171"}],"wp:attachment":[{"href":"https:\/\/espak.ee\/epood\/wp-json\/wp\/v2\/media?parent=13675"}],"wp:term":[{"taxonomy":"product_brand","embeddable":true,"href":"https:\/\/espak.ee\/epood\/wp-json\/wp\/v2\/product_brand?post=13675"},{"taxonomy":"product_cat","embeddable":true,"href":"https:\/\/espak.ee\/epood\/wp-json\/wp\/v2\/product_cat?post=13675"},{"taxonomy":"product_tag","embeddable":true,"href":"https:\/\/espak.ee\/epood\/wp-json\/wp\/v2\/product_tag?post=13675"}],"curies":[{"name":"wp","href":"https:\/\/api.w.org\/{rel}","templated":true}]}}