{"id":135583,"date":"2022-10-12T04:24:03","date_gmt":"2022-10-12T04:24:03","guid":{"rendered":"https:\/\/espak.ee\/epood\/?post_type=product&#038;p=135583"},"modified":"2025-07-09T12:32:47","modified_gmt":"2025-07-09T09:32:47","slug":"kuurimiskreem-frosch-sidrun-500ml","status":"publish","type":"product","link":"https:\/\/espak.ee\/epood\/toode\/kuurimiskreem-frosch-sidrun-500ml\/","title":{"rendered":"K\u00dc\u00dcRIMISKREEM FROSCH SIDRUN 500ML"},"content":{"rendered":"<div class=\"row\"  id=\"row-347099821\">\n\n\t<div id=\"col-1553208665\" class=\"col medium-9 small-12 large-9\"  >\n\t\t\t\t<div class=\"col-inner\"  >\n\t\t\t\n\t\t\t\n<h3>K\u00fc\u00fcrimiskreem Frosch sidrun 500ml<\/h3>\n<p>Sidrunil\u00f5hnalise k\u00fc\u00fcrimiskreemi efektiivne puhastustoime<br \/>\np\u00f5hineb looduslikul marmorijahul ja sidrunikoorest saadava ekstrakti rasvaeemaldamisv\u00f5imel.<br \/>\nVahendi koostises olevad pindaktiivsed ained lagunevad looduses 98% ulatuses.\n<\/p>\n<p><strong>Koostis:<\/strong>  <5% anioonseid tensiide, aroome. Samuti: marmorijahu ja sidruni\u00f5li. <\/p>\n<p><strong>Kasutamine:<\/strong> Niiske r\u00e4ti v\u00f5i \u0161vammi abil kanda vahend lahustamata kujul m\u00e4\u00e4rdunud pinnale, p\u00e4rast puhastamist loputada see puhtaks.<br \/>\nSobib kasutada keraamika, emaili ja terase puhastamiseks.<br \/>\nMitte kasutada tugeva, kraapiva pinnaga abrasiivseid \u0161vamme.<\/p>\n<p><strong>Ettevaatust:<\/strong> Hoida lastele k\u00e4ttesaamatus kohas. Hoida eemal toiduainetest, joogist ja loomas\u00f6\u00f6dast.<\/p>\n\t\t<\/div>\n\t\t\t\t\t<\/div>\n\n\t\n\n\t<div id=\"col-206057272\" class=\"col medium-3 small-12 large-3\"  >\n\t\t\t\t<div class=\"col-inner\"  >\n\t\t\t\n\t\t\t\n<p><strong>\u00dcksikasjalikuma n\u00f5u saamiseks v\u00f5tke \u00fchendust:<br \/><\/strong>Abestock AS<br \/>Mustjuure 9<br \/>10618<br \/>Tallinn<br \/>+372 650 5550<\/p>\n<div class=\"is-divider divider clearfix\" ><\/div>\n\t\t<\/div>\n\t\t\t\t\t<\/div>\n\n\t\n<\/div>\n","protected":false},"excerpt":{"rendered":"","protected":false},"featured_media":186424,"comment_status":"closed","ping_status":"closed","template":"","meta":[],"product_brand":[],"product_cat":[2788,4216,4217,4328],"product_tag":[],"class_list":{"0":"post-135583","1":"product","2":"type-product","3":"status-publish","4":"has-post-thumbnail","6":"product_cat-aiatarbed-ja-kodukaubad","7":"product_cat-kodukeemia","8":"product_cat-kodukeemia-kodukeemia","9":"product_cat-wc-ja-vannitoa-puhastusvahendid","10":"pa_kaubamark-abestock-as","12":"first","13":"instock","14":"sale","15":"taxable","16":"shipping-taxable","17":"purchasable","18":"product-type-simple"},"yoast_head":"<!-- This site is optimized with the Yoast SEO plugin v26.9 - https:\/\/yoast.com\/product\/yoast-seo-wordpress\/ -->\n<title>K\u00dc\u00dcRIMISKREEM FROSCH SIDRUN 500ML - Espak E-pood<\/title>\n<meta name=\"robots\" content=\"index, follow, max-snippet:-1, max-image-preview:large, max-video-preview:-1\" \/>\n<link rel=\"canonical\" href=\"https:\/\/espak.ee\/epood\/toode\/kuurimiskreem-frosch-sidrun-500ml\/\" \/>\n<meta property=\"og:locale\" content=\"et_EE\" \/>\n<meta property=\"og:type\" content=\"article\" \/>\n<meta property=\"og:title\" content=\"K\u00dc\u00dcRIMISKREEM FROSCH SIDRUN 500ML - Espak E-pood\" \/>\n<meta property=\"og:url\" content=\"https:\/\/espak.ee\/epood\/toode\/kuurimiskreem-frosch-sidrun-500ml\/\" \/>\n<meta property=\"og:site_name\" content=\"Espak E-pood\" \/>\n<meta property=\"article:modified_time\" content=\"2025-07-09T09:32:47+00:00\" \/>\n<meta property=\"og:image\" content=\"https:\/\/espak.ee\/epood\/wp-content\/uploads\/2022\/10\/4001499139796-2.jpg\" \/>\n\t<meta property=\"og:image:width\" content=\"1000\" \/>\n\t<meta property=\"og:image:height\" content=\"1000\" \/>\n\t<meta property=\"og:image:type\" content=\"image\/jpeg\" \/>\n<meta name=\"twitter:card\" content=\"summary_large_image\" \/>\n<script type=\"application\/ld+json\" class=\"yoast-schema-graph\">{\"@context\":\"https:\/\/schema.org\",\"@graph\":[{\"@type\":\"WebPage\",\"@id\":\"https:\/\/espak.ee\/epood\/toode\/kuurimiskreem-frosch-sidrun-500ml\/\",\"url\":\"https:\/\/espak.ee\/epood\/toode\/kuurimiskreem-frosch-sidrun-500ml\/\",\"name\":\"K\u00dc\u00dcRIMISKREEM FROSCH SIDRUN 500ML - Espak E-pood\",\"isPartOf\":{\"@id\":\"https:\/\/espak.ee\/epood\/#website\"},\"primaryImageOfPage\":{\"@id\":\"https:\/\/espak.ee\/epood\/toode\/kuurimiskreem-frosch-sidrun-500ml\/#primaryimage\"},\"image\":{\"@id\":\"https:\/\/espak.ee\/epood\/toode\/kuurimiskreem-frosch-sidrun-500ml\/#primaryimage\"},\"thumbnailUrl\":\"https:\/\/espak.ee\/epood\/wp-content\/uploads\/2022\/10\/4001499139796-2.jpg\",\"datePublished\":\"2022-10-12T04:24:03+00:00\",\"dateModified\":\"2025-07-09T09:32:47+00:00\",\"breadcrumb\":{\"@id\":\"https:\/\/espak.ee\/epood\/toode\/kuurimiskreem-frosch-sidrun-500ml\/#breadcrumb\"},\"inLanguage\":\"et\",\"potentialAction\":[{\"@type\":\"ReadAction\",\"target\":[\"https:\/\/espak.ee\/epood\/toode\/kuurimiskreem-frosch-sidrun-500ml\/\"]}]},{\"@type\":\"ImageObject\",\"inLanguage\":\"et\",\"@id\":\"https:\/\/espak.ee\/epood\/toode\/kuurimiskreem-frosch-sidrun-500ml\/#primaryimage\",\"url\":\"https:\/\/espak.ee\/epood\/wp-content\/uploads\/2022\/10\/4001499139796-2.jpg\",\"contentUrl\":\"https:\/\/espak.ee\/epood\/wp-content\/uploads\/2022\/10\/4001499139796-2.jpg\",\"width\":1000,\"height\":1000},{\"@type\":\"BreadcrumbList\",\"@id\":\"https:\/\/espak.ee\/epood\/toode\/kuurimiskreem-frosch-sidrun-500ml\/#breadcrumb\",\"itemListElement\":[{\"@type\":\"ListItem\",\"position\":1,\"name\":\"Home\",\"item\":\"https:\/\/espak.ee\/epood\/\"},{\"@type\":\"ListItem\",\"position\":2,\"name\":\"Tootevalik\",\"item\":\"https:\/\/espak.ee\/epood\/tootevalik\/\"},{\"@type\":\"ListItem\",\"position\":3,\"name\":\"K\u00dc\u00dcRIMISKREEM FROSCH SIDRUN 500ML\"}]},{\"@type\":\"WebSite\",\"@id\":\"https:\/\/espak.ee\/epood\/#website\",\"url\":\"https:\/\/espak.ee\/epood\/\",\"name\":\"Espak E-pood\",\"description\":\"\",\"potentialAction\":[{\"@type\":\"SearchAction\",\"target\":{\"@type\":\"EntryPoint\",\"urlTemplate\":\"https:\/\/espak.ee\/epood\/?s={search_term_string}\"},\"query-input\":{\"@type\":\"PropertyValueSpecification\",\"valueRequired\":true,\"valueName\":\"search_term_string\"}}],\"inLanguage\":\"et\"}]}<\/script>\n<!-- \/ Yoast SEO plugin. -->","yoast_head_json":{"title":"K\u00dc\u00dcRIMISKREEM FROSCH SIDRUN 500ML - Espak E-pood","robots":{"index":"index","follow":"follow","max-snippet":"max-snippet:-1","max-image-preview":"max-image-preview:large","max-video-preview":"max-video-preview:-1"},"canonical":"https:\/\/espak.ee\/epood\/toode\/kuurimiskreem-frosch-sidrun-500ml\/","og_locale":"et_EE","og_type":"article","og_title":"K\u00dc\u00dcRIMISKREEM FROSCH SIDRUN 500ML - Espak E-pood","og_url":"https:\/\/espak.ee\/epood\/toode\/kuurimiskreem-frosch-sidrun-500ml\/","og_site_name":"Espak E-pood","article_modified_time":"2025-07-09T09:32:47+00:00","og_image":[{"width":1000,"height":1000,"url":"https:\/\/espak.ee\/epood\/wp-content\/uploads\/2022\/10\/4001499139796-2.jpg","type":"image\/jpeg"}],"twitter_card":"summary_large_image","schema":{"@context":"https:\/\/schema.org","@graph":[{"@type":"WebPage","@id":"https:\/\/espak.ee\/epood\/toode\/kuurimiskreem-frosch-sidrun-500ml\/","url":"https:\/\/espak.ee\/epood\/toode\/kuurimiskreem-frosch-sidrun-500ml\/","name":"K\u00dc\u00dcRIMISKREEM FROSCH SIDRUN 500ML - Espak E-pood","isPartOf":{"@id":"https:\/\/espak.ee\/epood\/#website"},"primaryImageOfPage":{"@id":"https:\/\/espak.ee\/epood\/toode\/kuurimiskreem-frosch-sidrun-500ml\/#primaryimage"},"image":{"@id":"https:\/\/espak.ee\/epood\/toode\/kuurimiskreem-frosch-sidrun-500ml\/#primaryimage"},"thumbnailUrl":"https:\/\/espak.ee\/epood\/wp-content\/uploads\/2022\/10\/4001499139796-2.jpg","datePublished":"2022-10-12T04:24:03+00:00","dateModified":"2025-07-09T09:32:47+00:00","breadcrumb":{"@id":"https:\/\/espak.ee\/epood\/toode\/kuurimiskreem-frosch-sidrun-500ml\/#breadcrumb"},"inLanguage":"et","potentialAction":[{"@type":"ReadAction","target":["https:\/\/espak.ee\/epood\/toode\/kuurimiskreem-frosch-sidrun-500ml\/"]}]},{"@type":"ImageObject","inLanguage":"et","@id":"https:\/\/espak.ee\/epood\/toode\/kuurimiskreem-frosch-sidrun-500ml\/#primaryimage","url":"https:\/\/espak.ee\/epood\/wp-content\/uploads\/2022\/10\/4001499139796-2.jpg","contentUrl":"https:\/\/espak.ee\/epood\/wp-content\/uploads\/2022\/10\/4001499139796-2.jpg","width":1000,"height":1000},{"@type":"BreadcrumbList","@id":"https:\/\/espak.ee\/epood\/toode\/kuurimiskreem-frosch-sidrun-500ml\/#breadcrumb","itemListElement":[{"@type":"ListItem","position":1,"name":"Home","item":"https:\/\/espak.ee\/epood\/"},{"@type":"ListItem","position":2,"name":"Tootevalik","item":"https:\/\/espak.ee\/epood\/tootevalik\/"},{"@type":"ListItem","position":3,"name":"K\u00dc\u00dcRIMISKREEM FROSCH SIDRUN 500ML"}]},{"@type":"WebSite","@id":"https:\/\/espak.ee\/epood\/#website","url":"https:\/\/espak.ee\/epood\/","name":"Espak E-pood","description":"","potentialAction":[{"@type":"SearchAction","target":{"@type":"EntryPoint","urlTemplate":"https:\/\/espak.ee\/epood\/?s={search_term_string}"},"query-input":{"@type":"PropertyValueSpecification","valueRequired":true,"valueName":"search_term_string"}}],"inLanguage":"et"}]}},"_links":{"self":[{"href":"https:\/\/espak.ee\/epood\/wp-json\/wp\/v2\/product\/135583","targetHints":{"allow":["GET"]}}],"collection":[{"href":"https:\/\/espak.ee\/epood\/wp-json\/wp\/v2\/product"}],"about":[{"href":"https:\/\/espak.ee\/epood\/wp-json\/wp\/v2\/types\/product"}],"replies":[{"embeddable":true,"href":"https:\/\/espak.ee\/epood\/wp-json\/wp\/v2\/comments?post=135583"}],"wp:featuredmedia":[{"embeddable":true,"href":"https:\/\/espak.ee\/epood\/wp-json\/wp\/v2\/media\/186424"}],"wp:attachment":[{"href":"https:\/\/espak.ee\/epood\/wp-json\/wp\/v2\/media?parent=135583"}],"wp:term":[{"taxonomy":"product_brand","embeddable":true,"href":"https:\/\/espak.ee\/epood\/wp-json\/wp\/v2\/product_brand?post=135583"},{"taxonomy":"product_cat","embeddable":true,"href":"https:\/\/espak.ee\/epood\/wp-json\/wp\/v2\/product_cat?post=135583"},{"taxonomy":"product_tag","embeddable":true,"href":"https:\/\/espak.ee\/epood\/wp-json\/wp\/v2\/product_tag?post=135583"}],"curies":[{"name":"wp","href":"https:\/\/api.w.org\/{rel}","templated":true}]}}