{"id":135565,"date":"2022-10-11T22:58:50","date_gmt":"2022-10-11T22:58:50","guid":{"rendered":"https:\/\/espak.ee\/epood\/?post_type=product&#038;p=135565"},"modified":"2025-02-06T15:43:46","modified_gmt":"2025-02-06T13:43:46","slug":"vannitoa-puhastusvahend-frosch-sidrun-05l","status":"publish","type":"product","link":"https:\/\/espak.ee\/epood\/toode\/vannitoa-puhastusvahend-frosch-sidrun-05l\/","title":{"rendered":"VANNITOA PUHASTUSVAHEND FROSCH SIDRUN 0,5L"},"content":{"rendered":"<div class=\"row\"  id=\"row-1821192402\">\n\n\t<div id=\"col-1734910529\" class=\"col medium-9 small-12 large-9\"  >\n\t\t\t\t<div class=\"col-inner\"  >\n\t\t\t\n\t\t\t\n<h3>Vannitoa puhastusvahend Frosch sidrun 0,5l<\/h3>\n<p>T\u00f5hus puhastusvahend vanni- ja du\u0161iruumide korrastamiseks.<br \/>\nKatlakivi, veeplekkide, mustuse ja seebij\u00e4\u00e4kide kiireks eemaldamiseks veekindlatelt pindadelt vannitoas ja du\u0161ikabiinides.<br \/>\nToimeaineks on naturaalne sidrunhape.<\/p>\n<p><strong>Koostis:<\/strong> <5% anioonseid tensiide, aroome. Samuti: kosmeetilisi v\u00e4rve, sidrunhapet. \nEi sisalda fosfaate, formaldeh\u00fc\u00fcde ja lahusteid. <\/p>\n<p><strong>Kasutamine:<\/strong>Keerata pihusti ava ees olevat klappi vasakule kuni pealt vaadates j\u00e4\u00e4b ette \u201epihusta\u201c m\u00e4rk.<br \/>\nPihustada vahendit pinnale, lasta veidi toimida, seej\u00e4rel loputada \u00fcle puhta veega v\u00f5i p\u00fchkida \u00fcle m\u00e4rja lapiga.<br \/>\nL\u00f5puks poleerida pinda kuiva lapiga.<br \/>\nSobilik toode ka pleksiklaasi puhastamiseks.  <\/p>\n<p><strong>Ettevaatust:<\/strong> Hoida lastele k\u00e4ttesaamatus kohas.<br \/>\nEi sobi kasutada materjalidel, mis ei ole happekindlad (n\u00e4iteks marmor, terratso, m\u00f5ni emailit\u00fc\u00fcp).\n<\/p>\n\t\t<\/div>\n\t\t\t\t\t<\/div>\n\n\t\n\n\t<div id=\"col-2071327235\" class=\"col medium-3 small-12 large-3\"  >\n\t\t\t\t<div class=\"col-inner\"  >\n\t\t\t\n\t\t\t\n<p><strong>\u00dcksikasjalikuma n\u00f5u saamiseks v\u00f5tke \u00fchendust:<br \/><\/strong>Abestock AS<br \/>Mustjuure 9<br \/>10618<br \/>Tallinn<br \/>+372 650 5550<\/p>\n<div class=\"is-divider divider clearfix\" ><\/div>\n\t\t<\/div>\n\t\t\t\t\t<\/div>\n\n\t\n<\/div>\n","protected":false},"excerpt":{"rendered":"","protected":false},"featured_media":186426,"comment_status":"closed","ping_status":"closed","template":"","meta":[],"product_brand":[],"product_cat":[2788,4216,4217,4328],"product_tag":[],"class_list":{"0":"post-135565","1":"product","2":"type-product","3":"status-publish","4":"has-post-thumbnail","6":"product_cat-aiatarbed-ja-kodukaubad","7":"product_cat-kodukeemia","8":"product_cat-kodukeemia-kodukeemia","9":"product_cat-wc-ja-vannitoa-puhastusvahendid","10":"pa_kaubamark-abestock-as","12":"first","13":"instock","14":"sale","15":"taxable","16":"shipping-taxable","17":"purchasable","18":"product-type-simple"},"yoast_head":"<!-- This site is optimized with the Yoast SEO plugin v26.9 - https:\/\/yoast.com\/product\/yoast-seo-wordpress\/ -->\n<title>VANNITOA PUHASTUSVAHEND FROSCH SIDRUN 0,5L - Espak E-pood<\/title>\n<meta name=\"robots\" content=\"index, follow, max-snippet:-1, max-image-preview:large, max-video-preview:-1\" \/>\n<link rel=\"canonical\" href=\"https:\/\/espak.ee\/epood\/toode\/vannitoa-puhastusvahend-frosch-sidrun-05l\/\" \/>\n<meta property=\"og:locale\" content=\"et_EE\" \/>\n<meta property=\"og:type\" content=\"article\" \/>\n<meta property=\"og:title\" content=\"VANNITOA PUHASTUSVAHEND FROSCH SIDRUN 0,5L - Espak E-pood\" \/>\n<meta property=\"og:url\" content=\"https:\/\/espak.ee\/epood\/toode\/vannitoa-puhastusvahend-frosch-sidrun-05l\/\" \/>\n<meta property=\"og:site_name\" content=\"Espak E-pood\" \/>\n<meta property=\"article:modified_time\" content=\"2025-02-06T13:43:46+00:00\" \/>\n<meta property=\"og:image\" content=\"https:\/\/espak.ee\/epood\/wp-content\/uploads\/2022\/10\/4001499180057-1.jpg\" \/>\n\t<meta property=\"og:image:width\" content=\"1000\" \/>\n\t<meta property=\"og:image:height\" content=\"1000\" \/>\n\t<meta property=\"og:image:type\" content=\"image\/jpeg\" \/>\n<meta name=\"twitter:card\" content=\"summary_large_image\" \/>\n<script type=\"application\/ld+json\" class=\"yoast-schema-graph\">{\"@context\":\"https:\/\/schema.org\",\"@graph\":[{\"@type\":\"WebPage\",\"@id\":\"https:\/\/espak.ee\/epood\/toode\/vannitoa-puhastusvahend-frosch-sidrun-05l\/\",\"url\":\"https:\/\/espak.ee\/epood\/toode\/vannitoa-puhastusvahend-frosch-sidrun-05l\/\",\"name\":\"VANNITOA PUHASTUSVAHEND FROSCH SIDRUN 0,5L - Espak E-pood\",\"isPartOf\":{\"@id\":\"https:\/\/espak.ee\/epood\/#website\"},\"primaryImageOfPage\":{\"@id\":\"https:\/\/espak.ee\/epood\/toode\/vannitoa-puhastusvahend-frosch-sidrun-05l\/#primaryimage\"},\"image\":{\"@id\":\"https:\/\/espak.ee\/epood\/toode\/vannitoa-puhastusvahend-frosch-sidrun-05l\/#primaryimage\"},\"thumbnailUrl\":\"https:\/\/espak.ee\/epood\/wp-content\/uploads\/2022\/10\/4001499180057-1.jpg\",\"datePublished\":\"2022-10-11T22:58:50+00:00\",\"dateModified\":\"2025-02-06T13:43:46+00:00\",\"breadcrumb\":{\"@id\":\"https:\/\/espak.ee\/epood\/toode\/vannitoa-puhastusvahend-frosch-sidrun-05l\/#breadcrumb\"},\"inLanguage\":\"et\",\"potentialAction\":[{\"@type\":\"ReadAction\",\"target\":[\"https:\/\/espak.ee\/epood\/toode\/vannitoa-puhastusvahend-frosch-sidrun-05l\/\"]}]},{\"@type\":\"ImageObject\",\"inLanguage\":\"et\",\"@id\":\"https:\/\/espak.ee\/epood\/toode\/vannitoa-puhastusvahend-frosch-sidrun-05l\/#primaryimage\",\"url\":\"https:\/\/espak.ee\/epood\/wp-content\/uploads\/2022\/10\/4001499180057-1.jpg\",\"contentUrl\":\"https:\/\/espak.ee\/epood\/wp-content\/uploads\/2022\/10\/4001499180057-1.jpg\",\"width\":1000,\"height\":1000},{\"@type\":\"BreadcrumbList\",\"@id\":\"https:\/\/espak.ee\/epood\/toode\/vannitoa-puhastusvahend-frosch-sidrun-05l\/#breadcrumb\",\"itemListElement\":[{\"@type\":\"ListItem\",\"position\":1,\"name\":\"Home\",\"item\":\"https:\/\/espak.ee\/epood\/\"},{\"@type\":\"ListItem\",\"position\":2,\"name\":\"Tootevalik\",\"item\":\"https:\/\/espak.ee\/epood\/tootevalik\/\"},{\"@type\":\"ListItem\",\"position\":3,\"name\":\"VANNITOA PUHASTUSVAHEND FROSCH SIDRUN 0,5L\"}]},{\"@type\":\"WebSite\",\"@id\":\"https:\/\/espak.ee\/epood\/#website\",\"url\":\"https:\/\/espak.ee\/epood\/\",\"name\":\"Espak E-pood\",\"description\":\"\",\"potentialAction\":[{\"@type\":\"SearchAction\",\"target\":{\"@type\":\"EntryPoint\",\"urlTemplate\":\"https:\/\/espak.ee\/epood\/?s={search_term_string}\"},\"query-input\":{\"@type\":\"PropertyValueSpecification\",\"valueRequired\":true,\"valueName\":\"search_term_string\"}}],\"inLanguage\":\"et\"}]}<\/script>\n<!-- \/ Yoast SEO plugin. -->","yoast_head_json":{"title":"VANNITOA PUHASTUSVAHEND FROSCH SIDRUN 0,5L - Espak E-pood","robots":{"index":"index","follow":"follow","max-snippet":"max-snippet:-1","max-image-preview":"max-image-preview:large","max-video-preview":"max-video-preview:-1"},"canonical":"https:\/\/espak.ee\/epood\/toode\/vannitoa-puhastusvahend-frosch-sidrun-05l\/","og_locale":"et_EE","og_type":"article","og_title":"VANNITOA PUHASTUSVAHEND FROSCH SIDRUN 0,5L - Espak E-pood","og_url":"https:\/\/espak.ee\/epood\/toode\/vannitoa-puhastusvahend-frosch-sidrun-05l\/","og_site_name":"Espak E-pood","article_modified_time":"2025-02-06T13:43:46+00:00","og_image":[{"width":1000,"height":1000,"url":"https:\/\/espak.ee\/epood\/wp-content\/uploads\/2022\/10\/4001499180057-1.jpg","type":"image\/jpeg"}],"twitter_card":"summary_large_image","schema":{"@context":"https:\/\/schema.org","@graph":[{"@type":"WebPage","@id":"https:\/\/espak.ee\/epood\/toode\/vannitoa-puhastusvahend-frosch-sidrun-05l\/","url":"https:\/\/espak.ee\/epood\/toode\/vannitoa-puhastusvahend-frosch-sidrun-05l\/","name":"VANNITOA PUHASTUSVAHEND FROSCH SIDRUN 0,5L - Espak E-pood","isPartOf":{"@id":"https:\/\/espak.ee\/epood\/#website"},"primaryImageOfPage":{"@id":"https:\/\/espak.ee\/epood\/toode\/vannitoa-puhastusvahend-frosch-sidrun-05l\/#primaryimage"},"image":{"@id":"https:\/\/espak.ee\/epood\/toode\/vannitoa-puhastusvahend-frosch-sidrun-05l\/#primaryimage"},"thumbnailUrl":"https:\/\/espak.ee\/epood\/wp-content\/uploads\/2022\/10\/4001499180057-1.jpg","datePublished":"2022-10-11T22:58:50+00:00","dateModified":"2025-02-06T13:43:46+00:00","breadcrumb":{"@id":"https:\/\/espak.ee\/epood\/toode\/vannitoa-puhastusvahend-frosch-sidrun-05l\/#breadcrumb"},"inLanguage":"et","potentialAction":[{"@type":"ReadAction","target":["https:\/\/espak.ee\/epood\/toode\/vannitoa-puhastusvahend-frosch-sidrun-05l\/"]}]},{"@type":"ImageObject","inLanguage":"et","@id":"https:\/\/espak.ee\/epood\/toode\/vannitoa-puhastusvahend-frosch-sidrun-05l\/#primaryimage","url":"https:\/\/espak.ee\/epood\/wp-content\/uploads\/2022\/10\/4001499180057-1.jpg","contentUrl":"https:\/\/espak.ee\/epood\/wp-content\/uploads\/2022\/10\/4001499180057-1.jpg","width":1000,"height":1000},{"@type":"BreadcrumbList","@id":"https:\/\/espak.ee\/epood\/toode\/vannitoa-puhastusvahend-frosch-sidrun-05l\/#breadcrumb","itemListElement":[{"@type":"ListItem","position":1,"name":"Home","item":"https:\/\/espak.ee\/epood\/"},{"@type":"ListItem","position":2,"name":"Tootevalik","item":"https:\/\/espak.ee\/epood\/tootevalik\/"},{"@type":"ListItem","position":3,"name":"VANNITOA PUHASTUSVAHEND FROSCH SIDRUN 0,5L"}]},{"@type":"WebSite","@id":"https:\/\/espak.ee\/epood\/#website","url":"https:\/\/espak.ee\/epood\/","name":"Espak E-pood","description":"","potentialAction":[{"@type":"SearchAction","target":{"@type":"EntryPoint","urlTemplate":"https:\/\/espak.ee\/epood\/?s={search_term_string}"},"query-input":{"@type":"PropertyValueSpecification","valueRequired":true,"valueName":"search_term_string"}}],"inLanguage":"et"}]}},"_links":{"self":[{"href":"https:\/\/espak.ee\/epood\/wp-json\/wp\/v2\/product\/135565","targetHints":{"allow":["GET"]}}],"collection":[{"href":"https:\/\/espak.ee\/epood\/wp-json\/wp\/v2\/product"}],"about":[{"href":"https:\/\/espak.ee\/epood\/wp-json\/wp\/v2\/types\/product"}],"replies":[{"embeddable":true,"href":"https:\/\/espak.ee\/epood\/wp-json\/wp\/v2\/comments?post=135565"}],"wp:featuredmedia":[{"embeddable":true,"href":"https:\/\/espak.ee\/epood\/wp-json\/wp\/v2\/media\/186426"}],"wp:attachment":[{"href":"https:\/\/espak.ee\/epood\/wp-json\/wp\/v2\/media?parent=135565"}],"wp:term":[{"taxonomy":"product_brand","embeddable":true,"href":"https:\/\/espak.ee\/epood\/wp-json\/wp\/v2\/product_brand?post=135565"},{"taxonomy":"product_cat","embeddable":true,"href":"https:\/\/espak.ee\/epood\/wp-json\/wp\/v2\/product_cat?post=135565"},{"taxonomy":"product_tag","embeddable":true,"href":"https:\/\/espak.ee\/epood\/wp-json\/wp\/v2\/product_tag?post=135565"}],"curies":[{"name":"wp","href":"https:\/\/api.w.org\/{rel}","templated":true}]}}