{"id":135390,"date":"2022-10-11T00:24:02","date_gmt":"2022-10-11T00:24:02","guid":{"rendered":"https:\/\/espak.ee\/epood\/?post_type=product&#038;p=135390"},"modified":"2024-11-18T15:24:43","modified_gmt":"2024-11-18T13:24:43","slug":"isevalguv-kipsipohine-tasandussegu-casco-floorexpert-xa-25kg","status":"publish","type":"product","link":"https:\/\/espak.ee\/epood\/toode\/isevalguv-kipsipohine-tasandussegu-casco-floorexpert-xa-25kg\/","title":{"rendered":"ISEVALGUV KIPSIP\u00d5HINE TASANDUSSEGU CASCO FLOOREXPERT XA 25KG"},"content":{"rendered":"<div class=\"row\"  id=\"row-1166950161\">\n\n\t<div id=\"col-1065195112\" class=\"col medium-9 small-12 large-9\"  >\n\t\t\t\t<div class=\"col-inner\"  >\n\t\t\t\n\t\t\t\n<h2>Isevalguv kipsip\u00f5hine tasandussegu Casco Floor Expert XA 25kg<\/h2>\n<p>Sobib ideaalselt k\u00f5ikide kipsip\u00f5histe ja n\u00f5rgemate aluspindade t\u00f6\u00f6tlemiseks, nt vana liimi j\u00e4\u00e4kidega aluspind, kerge betoon, asfalt. Kuna XA on isekuivav, siis kuivamisaeg s\u00f5ltub suuresti kihi paksusest ja ilmastikust.<br \/>\n Saab kasutada ka tsemendist alusp\u00f5randatel.<br \/>\n Tavaliselt kuivamiskiirus on 3 mm 48 tunni jooksul, s\u00f5ltuvalt temperatuurist, niiskusest ja konkreetses ruumis kasutatavast ventilatsioonist.<br \/>\n Kasutamiseks sisetingimustes.<br \/>\n Segu on pumbatav.<\/p>\n\t<div id=\"gap-1303052652\" class=\"gap-element clearfix\" style=\"display:block; height:auto;\">\n\t\t\n<style>\n#gap-1303052652 {\n  padding-top: 30px;\n}\n<\/style>\n\t<\/div>\n\t\n\t\t<\/div>\n\t\t\t\t\t<\/div>\n\n\t\n\n\t<div id=\"col-235793282\" class=\"col medium-3 small-12 large-3\"  >\n\t\t\t\t<div class=\"col-inner\"  >\n\t\t\t\n\t\t\t\n\t<div id=\"gap-745155301\" class=\"gap-element clearfix\" style=\"display:block; height:auto;\">\n\t\t\n<style>\n#gap-745155301 {\n  padding-top: 30px;\n}\n<\/style>\n\t<\/div>\n\t\n<h3>Tehniline informatsioon<\/h3>\n<p><a href=\"https:\/\/espak.ee\/epood\/wp-content\/uploads\/2022\/10\/cascoxa_ee_ee_tds.pdf\"target=\"_blank\" rel=\"noopener noreferrer\"><i class=\"far fa-file-pdf\"><\/i> Tehniline info (PDF)<\/a><\/p>\n<h3>Ohutusalane teave<\/h3>\n<p><a href=\"https:\/\/espak.ee\/epood\/wp-content\/uploads\/2022\/10\/cascoxa_ee_ee_msds.pdf\"target=\"_blank\" rel=\"noopener noreferrer\"><i class=\"far fa-file-pdf\"><\/i> Ohutusalane teave (PDF)<\/a><\/p>\n<div class=\"is-divider divider clearfix\" ><\/div>\n<p><strong>\u00dcksikasjalikuma n\u00f5u saamiseks v\u00f5tke \u00fchendust:<br \/><\/strong>SIKA ESTONIA O\u00dc<br \/>Tuleviku tee 2<br \/>75312<br \/>Peetri k\u00fcla, Rae vald<br \/>+372 605 4000<\/p>\n<div class=\"is-divider divider clearfix\" ><\/div>\n\t\t<\/div>\n\t\t\t\t\t<\/div>\n\n\t\n<\/div>\n","protected":false},"excerpt":{"rendered":"","protected":false},"featured_media":136278,"comment_status":"closed","ping_status":"closed","template":"","meta":[],"product_brand":[],"product_cat":[2809,2698,2803,2697],"product_tag":[],"class_list":{"0":"post-135390","1":"product","2":"type-product","3":"status-publish","4":"has-post-thumbnail","6":"product_cat-erisegud","7":"product_cat-pahtlid-ja-kuivsegud","8":"product_cat-porandasegud","9":"product_cat-uldehitus","10":"pa_kaubamark-sika-estonia-ou","12":"first","13":"outofstock","14":"sale","15":"taxable","16":"shipping-taxable","17":"purchasable","18":"product-type-simple"},"yoast_head":"<!-- This site is optimized with the Yoast SEO plugin v26.9 - https:\/\/yoast.com\/product\/yoast-seo-wordpress\/ -->\n<title>ISEVALGUV KIPSIP\u00d5HINE TASANDUSSEGU CASCO FLOOREXPERT XA 25KG - Espak E-pood<\/title>\n<meta name=\"robots\" content=\"index, follow, max-snippet:-1, max-image-preview:large, max-video-preview:-1\" \/>\n<link rel=\"canonical\" href=\"https:\/\/espak.ee\/epood\/toode\/isevalguv-kipsipohine-tasandussegu-casco-floorexpert-xa-25kg\/\" \/>\n<meta property=\"og:locale\" content=\"et_EE\" \/>\n<meta property=\"og:type\" content=\"article\" \/>\n<meta property=\"og:title\" content=\"ISEVALGUV KIPSIP\u00d5HINE TASANDUSSEGU CASCO FLOOREXPERT XA 25KG - Espak E-pood\" \/>\n<meta property=\"og:url\" content=\"https:\/\/espak.ee\/epood\/toode\/isevalguv-kipsipohine-tasandussegu-casco-floorexpert-xa-25kg\/\" \/>\n<meta property=\"og:site_name\" content=\"Espak E-pood\" \/>\n<meta property=\"article:modified_time\" content=\"2024-11-18T13:24:43+00:00\" \/>\n<meta property=\"og:image\" content=\"https:\/\/espak.ee\/epood\/wp-content\/uploads\/2022\/10\/cascoxa-2.jpg\" \/>\n\t<meta property=\"og:image:width\" content=\"800\" \/>\n\t<meta property=\"og:image:height\" content=\"800\" \/>\n\t<meta property=\"og:image:type\" content=\"image\/jpeg\" \/>\n<meta name=\"twitter:card\" content=\"summary_large_image\" \/>\n<meta name=\"twitter:label1\" content=\"Est. reading time\" \/>\n\t<meta name=\"twitter:data1\" content=\"1 minut\" \/>\n<script type=\"application\/ld+json\" class=\"yoast-schema-graph\">{\"@context\":\"https:\/\/schema.org\",\"@graph\":[{\"@type\":\"WebPage\",\"@id\":\"https:\/\/espak.ee\/epood\/toode\/isevalguv-kipsipohine-tasandussegu-casco-floorexpert-xa-25kg\/\",\"url\":\"https:\/\/espak.ee\/epood\/toode\/isevalguv-kipsipohine-tasandussegu-casco-floorexpert-xa-25kg\/\",\"name\":\"ISEVALGUV KIPSIP\u00d5HINE TASANDUSSEGU CASCO FLOOREXPERT XA 25KG - Espak E-pood\",\"isPartOf\":{\"@id\":\"https:\/\/espak.ee\/epood\/#website\"},\"primaryImageOfPage\":{\"@id\":\"https:\/\/espak.ee\/epood\/toode\/isevalguv-kipsipohine-tasandussegu-casco-floorexpert-xa-25kg\/#primaryimage\"},\"image\":{\"@id\":\"https:\/\/espak.ee\/epood\/toode\/isevalguv-kipsipohine-tasandussegu-casco-floorexpert-xa-25kg\/#primaryimage\"},\"thumbnailUrl\":\"https:\/\/espak.ee\/epood\/wp-content\/uploads\/2022\/10\/cascoxa-2.jpg\",\"datePublished\":\"2022-10-11T00:24:02+00:00\",\"dateModified\":\"2024-11-18T13:24:43+00:00\",\"breadcrumb\":{\"@id\":\"https:\/\/espak.ee\/epood\/toode\/isevalguv-kipsipohine-tasandussegu-casco-floorexpert-xa-25kg\/#breadcrumb\"},\"inLanguage\":\"et\",\"potentialAction\":[{\"@type\":\"ReadAction\",\"target\":[\"https:\/\/espak.ee\/epood\/toode\/isevalguv-kipsipohine-tasandussegu-casco-floorexpert-xa-25kg\/\"]}]},{\"@type\":\"ImageObject\",\"inLanguage\":\"et\",\"@id\":\"https:\/\/espak.ee\/epood\/toode\/isevalguv-kipsipohine-tasandussegu-casco-floorexpert-xa-25kg\/#primaryimage\",\"url\":\"https:\/\/espak.ee\/epood\/wp-content\/uploads\/2022\/10\/cascoxa-2.jpg\",\"contentUrl\":\"https:\/\/espak.ee\/epood\/wp-content\/uploads\/2022\/10\/cascoxa-2.jpg\",\"width\":800,\"height\":800},{\"@type\":\"BreadcrumbList\",\"@id\":\"https:\/\/espak.ee\/epood\/toode\/isevalguv-kipsipohine-tasandussegu-casco-floorexpert-xa-25kg\/#breadcrumb\",\"itemListElement\":[{\"@type\":\"ListItem\",\"position\":1,\"name\":\"Home\",\"item\":\"https:\/\/espak.ee\/epood\/\"},{\"@type\":\"ListItem\",\"position\":2,\"name\":\"Tootevalik\",\"item\":\"https:\/\/espak.ee\/epood\/tootevalik\/\"},{\"@type\":\"ListItem\",\"position\":3,\"name\":\"ISEVALGUV KIPSIP\u00d5HINE TASANDUSSEGU CASCO FLOOREXPERT XA 25KG\"}]},{\"@type\":\"WebSite\",\"@id\":\"https:\/\/espak.ee\/epood\/#website\",\"url\":\"https:\/\/espak.ee\/epood\/\",\"name\":\"Espak E-pood\",\"description\":\"\",\"potentialAction\":[{\"@type\":\"SearchAction\",\"target\":{\"@type\":\"EntryPoint\",\"urlTemplate\":\"https:\/\/espak.ee\/epood\/?s={search_term_string}\"},\"query-input\":{\"@type\":\"PropertyValueSpecification\",\"valueRequired\":true,\"valueName\":\"search_term_string\"}}],\"inLanguage\":\"et\"}]}<\/script>\n<!-- \/ Yoast SEO plugin. -->","yoast_head_json":{"title":"ISEVALGUV KIPSIP\u00d5HINE TASANDUSSEGU CASCO FLOOREXPERT XA 25KG - Espak E-pood","robots":{"index":"index","follow":"follow","max-snippet":"max-snippet:-1","max-image-preview":"max-image-preview:large","max-video-preview":"max-video-preview:-1"},"canonical":"https:\/\/espak.ee\/epood\/toode\/isevalguv-kipsipohine-tasandussegu-casco-floorexpert-xa-25kg\/","og_locale":"et_EE","og_type":"article","og_title":"ISEVALGUV KIPSIP\u00d5HINE TASANDUSSEGU CASCO FLOOREXPERT XA 25KG - Espak E-pood","og_url":"https:\/\/espak.ee\/epood\/toode\/isevalguv-kipsipohine-tasandussegu-casco-floorexpert-xa-25kg\/","og_site_name":"Espak E-pood","article_modified_time":"2024-11-18T13:24:43+00:00","og_image":[{"width":800,"height":800,"url":"https:\/\/espak.ee\/epood\/wp-content\/uploads\/2022\/10\/cascoxa-2.jpg","type":"image\/jpeg"}],"twitter_card":"summary_large_image","twitter_misc":{"Est. reading time":"1 minut"},"schema":{"@context":"https:\/\/schema.org","@graph":[{"@type":"WebPage","@id":"https:\/\/espak.ee\/epood\/toode\/isevalguv-kipsipohine-tasandussegu-casco-floorexpert-xa-25kg\/","url":"https:\/\/espak.ee\/epood\/toode\/isevalguv-kipsipohine-tasandussegu-casco-floorexpert-xa-25kg\/","name":"ISEVALGUV KIPSIP\u00d5HINE TASANDUSSEGU CASCO FLOOREXPERT XA 25KG - Espak E-pood","isPartOf":{"@id":"https:\/\/espak.ee\/epood\/#website"},"primaryImageOfPage":{"@id":"https:\/\/espak.ee\/epood\/toode\/isevalguv-kipsipohine-tasandussegu-casco-floorexpert-xa-25kg\/#primaryimage"},"image":{"@id":"https:\/\/espak.ee\/epood\/toode\/isevalguv-kipsipohine-tasandussegu-casco-floorexpert-xa-25kg\/#primaryimage"},"thumbnailUrl":"https:\/\/espak.ee\/epood\/wp-content\/uploads\/2022\/10\/cascoxa-2.jpg","datePublished":"2022-10-11T00:24:02+00:00","dateModified":"2024-11-18T13:24:43+00:00","breadcrumb":{"@id":"https:\/\/espak.ee\/epood\/toode\/isevalguv-kipsipohine-tasandussegu-casco-floorexpert-xa-25kg\/#breadcrumb"},"inLanguage":"et","potentialAction":[{"@type":"ReadAction","target":["https:\/\/espak.ee\/epood\/toode\/isevalguv-kipsipohine-tasandussegu-casco-floorexpert-xa-25kg\/"]}]},{"@type":"ImageObject","inLanguage":"et","@id":"https:\/\/espak.ee\/epood\/toode\/isevalguv-kipsipohine-tasandussegu-casco-floorexpert-xa-25kg\/#primaryimage","url":"https:\/\/espak.ee\/epood\/wp-content\/uploads\/2022\/10\/cascoxa-2.jpg","contentUrl":"https:\/\/espak.ee\/epood\/wp-content\/uploads\/2022\/10\/cascoxa-2.jpg","width":800,"height":800},{"@type":"BreadcrumbList","@id":"https:\/\/espak.ee\/epood\/toode\/isevalguv-kipsipohine-tasandussegu-casco-floorexpert-xa-25kg\/#breadcrumb","itemListElement":[{"@type":"ListItem","position":1,"name":"Home","item":"https:\/\/espak.ee\/epood\/"},{"@type":"ListItem","position":2,"name":"Tootevalik","item":"https:\/\/espak.ee\/epood\/tootevalik\/"},{"@type":"ListItem","position":3,"name":"ISEVALGUV KIPSIP\u00d5HINE TASANDUSSEGU CASCO FLOOREXPERT XA 25KG"}]},{"@type":"WebSite","@id":"https:\/\/espak.ee\/epood\/#website","url":"https:\/\/espak.ee\/epood\/","name":"Espak E-pood","description":"","potentialAction":[{"@type":"SearchAction","target":{"@type":"EntryPoint","urlTemplate":"https:\/\/espak.ee\/epood\/?s={search_term_string}"},"query-input":{"@type":"PropertyValueSpecification","valueRequired":true,"valueName":"search_term_string"}}],"inLanguage":"et"}]}},"_links":{"self":[{"href":"https:\/\/espak.ee\/epood\/wp-json\/wp\/v2\/product\/135390","targetHints":{"allow":["GET"]}}],"collection":[{"href":"https:\/\/espak.ee\/epood\/wp-json\/wp\/v2\/product"}],"about":[{"href":"https:\/\/espak.ee\/epood\/wp-json\/wp\/v2\/types\/product"}],"replies":[{"embeddable":true,"href":"https:\/\/espak.ee\/epood\/wp-json\/wp\/v2\/comments?post=135390"}],"wp:featuredmedia":[{"embeddable":true,"href":"https:\/\/espak.ee\/epood\/wp-json\/wp\/v2\/media\/136278"}],"wp:attachment":[{"href":"https:\/\/espak.ee\/epood\/wp-json\/wp\/v2\/media?parent=135390"}],"wp:term":[{"taxonomy":"product_brand","embeddable":true,"href":"https:\/\/espak.ee\/epood\/wp-json\/wp\/v2\/product_brand?post=135390"},{"taxonomy":"product_cat","embeddable":true,"href":"https:\/\/espak.ee\/epood\/wp-json\/wp\/v2\/product_cat?post=135390"},{"taxonomy":"product_tag","embeddable":true,"href":"https:\/\/espak.ee\/epood\/wp-json\/wp\/v2\/product_tag?post=135390"}],"curies":[{"name":"wp","href":"https:\/\/api.w.org\/{rel}","templated":true}]}}