{"id":134856,"date":"2022-10-06T08:15:40","date_gmt":"2022-10-06T08:15:40","guid":{"rendered":"https:\/\/espak.ee\/epood\/?post_type=product&#038;p=134856"},"modified":"2024-03-23T02:26:23","modified_gmt":"2024-03-23T00:26:23","slug":"kokkuklapitav-tooplatvorm-corda-09m","status":"publish","type":"product","link":"https:\/\/espak.ee\/epood\/toode\/kokkuklapitav-tooplatvorm-corda-09m\/","title":{"rendered":"KOKKUKLAPITAV T\u00d6\u00d6PLATVORM CORDA 0,9M"},"content":{"rendered":"<div class=\"row\"  id=\"row-1488887422\">\n\n\t<div id=\"col-759616462\" class=\"col medium-9 small-12 large-9\"  >\n\t\t\t\t<div class=\"col-inner\"  >\n\t\t\t\n\t\t\t\n<h3>Kokkuklapitav t\u00f6\u00f6platvorm Corda 0,9 m<\/h3>\n<p>Alumiiniumist kokkuklapitav t\u00f6\u00f6platvorm. Sobib ideaalselt kasutamiseks siseviimistlust\u00f6\u00f6deks.<br \/>\nPiduritega rattad.<br \/>\nT\u00f6\u00f6k\u00f5rgus 2,9 m.<br \/>\nKandev\u00f5ime kuni 150 kg. <\/p>\n<div class=\"message-box relative\" style=\"padding-top:15px;padding-bottom:15px;\"><div class=\"message-box-bg-image bg-fill fill\" ><\/div><div class=\"message-box-bg-overlay bg-fill fill\" ><\/div><div class=\"container relative\"><div class=\"inner last-reset\">\n<div class=\"row align-middle align-center\"  id=\"row-1197570685\">\n\n\t<div id=\"col-427527231\" class=\"col small-12 large-12\"  >\n\t\t\t\t<div class=\"col-inner text-left\"  >\n\t\t\t\n\t\t\t\n<h4>Omadused<\/h4>\n<div class=\"row\"  id=\"row-1848747358\">\n\n\t<div id=\"col-1220976913\" class=\"col medium-6 small-12 large-6\"  >\n\t\t\t\t<div class=\"col-inner\"  >\n\t\t\t\n\t\t\t\n<p><i class=\"fa fa-check fa-2x\"><\/i> <strong>Kerge ja kompaktne<\/strong><\/p>\n<p><i class=\"fa fa-check fa-2x\"><\/i> <strong>Kokkuklapitav, ratastel transporditav<\/strong><\/p>\n\t\t<\/div>\n\t\t\t\t\n<style>\n#col-1220976913 > .col-inner {\n  margin: 0px 0px 15px 0px;\n}\n<\/style>\n\t<\/div>\n\n\t\n\n\t<div id=\"col-1325286358\" class=\"col medium-6 small-12 large-6\"  >\n\t\t\t\t<div class=\"col-inner\"  >\n\t\t\t\n\t\t\t\n<p><i class=\"fa fa-check fa-2x\"><\/i> <strong>Ideaalne viimistlust\u00f6\u00f6deks<\/strong><\/p>\n<p><i class=\"fa fa-check fa-2x\"><\/i> <strong>T\u00e4nu v\u00e4ikestele m\u00f5\u00f5tmetele saab t\u00f6\u00f6 k\u00e4igus l\u00e4bi ukseavade liigutada<\/strong><\/p>\n\t\t<\/div>\n\t\t\t\t\n<style>\n#col-1325286358 > .col-inner {\n  margin: 0px 0px 15px 0px;\n}\n<\/style>\n\t<\/div>\n\n\t\n<\/div>\n\t\t<\/div>\n\t\t\t\t\t<\/div>\n\n\t\n<\/div>\n<\/div><\/div><\/div>\n\t<div id=\"gap-1937257354\" class=\"gap-element clearfix\" style=\"display:block; height:auto;\">\n\t\t\n<style>\n#gap-1937257354 {\n  padding-top: 30px;\n}\n<\/style>\n\t<\/div>\n\t\n\t\t<\/div>\n\t\t\t\t\t<\/div>\n\n\t\n\n\t<div id=\"col-76337485\" class=\"col medium-3 small-12 large-3\"  >\n\t\t\t\t<div class=\"col-inner\"  >\n\t\t\t\n\t\t\t\n\t<div id=\"gap-1063368232\" class=\"gap-element clearfix\" style=\"display:block; height:auto;\">\n\t\t\n<style>\n#gap-1063368232 {\n  padding-top: 30px;\n}\n<\/style>\n\t<\/div>\n\t\n<img decoding=\"async\" src=\"https:\/\/espak.ee\/epood\/wp-content\/uploads\/KRAUSE_logo_oryginal_04062009-150x75.jpg\" alt=\"\" width=\"150\" height=\"75\" class=\"alignnone size-thumbnail wp-image-33864\" srcset=\"https:\/\/espak.ee\/epood\/wp-content\/uploads\/KRAUSE_logo_oryginal_04062009-150x75.jpg 150w, https:\/\/espak.ee\/epood\/wp-content\/uploads\/KRAUSE_logo_oryginal_04062009-500x251.jpg 500w, https:\/\/espak.ee\/epood\/wp-content\/uploads\/KRAUSE_logo_oryginal_04062009-769x386.jpg 769w, https:\/\/espak.ee\/epood\/wp-content\/uploads\/KRAUSE_logo_oryginal_04062009-300x151.jpg 300w, https:\/\/espak.ee\/epood\/wp-content\/uploads\/KRAUSE_logo_oryginal_04062009-768x386.jpg 768w, https:\/\/espak.ee\/epood\/wp-content\/uploads\/KRAUSE_logo_oryginal_04062009-1024x515.jpg 1024w, https:\/\/espak.ee\/epood\/wp-content\/uploads\/KRAUSE_logo_oryginal_04062009.jpg 2048w\" sizes=\"(max-width: 150px) 100vw, 150px\" \/><br \/>\n<div class=\"is-divider divider clearfix\" ><\/div>\n<p><strong>\u00dcksikasjalikuma n\u00f5u saamiseks v\u00f5tke \u00fchendust:<br \/><\/strong>Espak AS<br \/>Viadukti 42<br \/>11313<br \/>Tallinn<br \/>+372 6 512333<\/p>\n\t\t<\/div>\n\t\t\t\t\t<\/div>\n\n\t\n<\/div>\n","protected":false},"excerpt":{"rendered":"","protected":false},"featured_media":134889,"comment_status":"closed","ping_status":"closed","template":"","meta":[],"product_brand":[],"product_cat":[2893,3062,3066,3065],"product_tag":[],"class_list":{"0":"post-134856","1":"product","2":"type-product","3":"status-publish","4":"has-post-thumbnail","6":"product_cat-rauakaubad","7":"product_cat-redelid-ja-tellingud","8":"product_cat-tellingud","9":"product_cat-tellingud-ja-toopukid","10":"pa_kaubamark-krause-systems","12":"first","13":"instock","14":"sale","15":"taxable","16":"shipping-taxable","17":"purchasable","18":"product-type-simple"},"yoast_head":"<!-- This site is optimized with the Yoast SEO plugin v26.9 - https:\/\/yoast.com\/product\/yoast-seo-wordpress\/ -->\n<title>KOKKUKLAPITAV T\u00d6\u00d6PLATVORM CORDA 0,9M - Espak E-pood<\/title>\n<meta name=\"robots\" content=\"index, follow, max-snippet:-1, max-image-preview:large, max-video-preview:-1\" \/>\n<link rel=\"canonical\" href=\"https:\/\/espak.ee\/epood\/toode\/kokkuklapitav-tooplatvorm-corda-09m\/\" \/>\n<meta property=\"og:locale\" content=\"et_EE\" \/>\n<meta property=\"og:type\" content=\"article\" \/>\n<meta property=\"og:title\" content=\"KOKKUKLAPITAV T\u00d6\u00d6PLATVORM CORDA 0,9M - Espak E-pood\" \/>\n<meta property=\"og:url\" content=\"https:\/\/espak.ee\/epood\/toode\/kokkuklapitav-tooplatvorm-corda-09m\/\" \/>\n<meta property=\"og:site_name\" content=\"Espak E-pood\" \/>\n<meta property=\"article:modified_time\" content=\"2024-03-23T00:26:23+00:00\" \/>\n<meta property=\"og:image\" content=\"https:\/\/espak.ee\/epood\/wp-content\/uploads\/2022\/10\/G00_A916211_PI_INT_80000000_FG_OP_NZ_GF_01_3_01_HL_konvertiert.jpg\" \/>\n\t<meta property=\"og:image:width\" content=\"800\" \/>\n\t<meta property=\"og:image:height\" content=\"800\" \/>\n\t<meta property=\"og:image:type\" content=\"image\/jpeg\" \/>\n<meta name=\"twitter:card\" content=\"summary_large_image\" \/>\n<meta name=\"twitter:label1\" content=\"Est. reading time\" \/>\n\t<meta name=\"twitter:data1\" content=\"1 minut\" \/>\n<script type=\"application\/ld+json\" class=\"yoast-schema-graph\">{\"@context\":\"https:\/\/schema.org\",\"@graph\":[{\"@type\":\"WebPage\",\"@id\":\"https:\/\/espak.ee\/epood\/toode\/kokkuklapitav-tooplatvorm-corda-09m\/\",\"url\":\"https:\/\/espak.ee\/epood\/toode\/kokkuklapitav-tooplatvorm-corda-09m\/\",\"name\":\"KOKKUKLAPITAV T\u00d6\u00d6PLATVORM CORDA 0,9M - Espak E-pood\",\"isPartOf\":{\"@id\":\"https:\/\/espak.ee\/epood\/#website\"},\"primaryImageOfPage\":{\"@id\":\"https:\/\/espak.ee\/epood\/toode\/kokkuklapitav-tooplatvorm-corda-09m\/#primaryimage\"},\"image\":{\"@id\":\"https:\/\/espak.ee\/epood\/toode\/kokkuklapitav-tooplatvorm-corda-09m\/#primaryimage\"},\"thumbnailUrl\":\"https:\/\/espak.ee\/epood\/wp-content\/uploads\/2022\/10\/G00_A916211_PI_INT_80000000_FG_OP_NZ_GF_01_3_01_HL_konvertiert.jpg\",\"datePublished\":\"2022-10-06T08:15:40+00:00\",\"dateModified\":\"2024-03-23T00:26:23+00:00\",\"breadcrumb\":{\"@id\":\"https:\/\/espak.ee\/epood\/toode\/kokkuklapitav-tooplatvorm-corda-09m\/#breadcrumb\"},\"inLanguage\":\"et\",\"potentialAction\":[{\"@type\":\"ReadAction\",\"target\":[\"https:\/\/espak.ee\/epood\/toode\/kokkuklapitav-tooplatvorm-corda-09m\/\"]}]},{\"@type\":\"ImageObject\",\"inLanguage\":\"et\",\"@id\":\"https:\/\/espak.ee\/epood\/toode\/kokkuklapitav-tooplatvorm-corda-09m\/#primaryimage\",\"url\":\"https:\/\/espak.ee\/epood\/wp-content\/uploads\/2022\/10\/G00_A916211_PI_INT_80000000_FG_OP_NZ_GF_01_3_01_HL_konvertiert.jpg\",\"contentUrl\":\"https:\/\/espak.ee\/epood\/wp-content\/uploads\/2022\/10\/G00_A916211_PI_INT_80000000_FG_OP_NZ_GF_01_3_01_HL_konvertiert.jpg\",\"width\":800,\"height\":800},{\"@type\":\"BreadcrumbList\",\"@id\":\"https:\/\/espak.ee\/epood\/toode\/kokkuklapitav-tooplatvorm-corda-09m\/#breadcrumb\",\"itemListElement\":[{\"@type\":\"ListItem\",\"position\":1,\"name\":\"Home\",\"item\":\"https:\/\/espak.ee\/epood\/\"},{\"@type\":\"ListItem\",\"position\":2,\"name\":\"Tootevalik\",\"item\":\"https:\/\/espak.ee\/epood\/tootevalik\/\"},{\"@type\":\"ListItem\",\"position\":3,\"name\":\"KOKKUKLAPITAV T\u00d6\u00d6PLATVORM CORDA 0,9M\"}]},{\"@type\":\"WebSite\",\"@id\":\"https:\/\/espak.ee\/epood\/#website\",\"url\":\"https:\/\/espak.ee\/epood\/\",\"name\":\"Espak E-pood\",\"description\":\"\",\"potentialAction\":[{\"@type\":\"SearchAction\",\"target\":{\"@type\":\"EntryPoint\",\"urlTemplate\":\"https:\/\/espak.ee\/epood\/?s={search_term_string}\"},\"query-input\":{\"@type\":\"PropertyValueSpecification\",\"valueRequired\":true,\"valueName\":\"search_term_string\"}}],\"inLanguage\":\"et\"}]}<\/script>\n<!-- \/ Yoast SEO plugin. -->","yoast_head_json":{"title":"KOKKUKLAPITAV T\u00d6\u00d6PLATVORM CORDA 0,9M - Espak E-pood","robots":{"index":"index","follow":"follow","max-snippet":"max-snippet:-1","max-image-preview":"max-image-preview:large","max-video-preview":"max-video-preview:-1"},"canonical":"https:\/\/espak.ee\/epood\/toode\/kokkuklapitav-tooplatvorm-corda-09m\/","og_locale":"et_EE","og_type":"article","og_title":"KOKKUKLAPITAV T\u00d6\u00d6PLATVORM CORDA 0,9M - Espak E-pood","og_url":"https:\/\/espak.ee\/epood\/toode\/kokkuklapitav-tooplatvorm-corda-09m\/","og_site_name":"Espak E-pood","article_modified_time":"2024-03-23T00:26:23+00:00","og_image":[{"width":800,"height":800,"url":"https:\/\/espak.ee\/epood\/wp-content\/uploads\/2022\/10\/G00_A916211_PI_INT_80000000_FG_OP_NZ_GF_01_3_01_HL_konvertiert.jpg","type":"image\/jpeg"}],"twitter_card":"summary_large_image","twitter_misc":{"Est. reading time":"1 minut"},"schema":{"@context":"https:\/\/schema.org","@graph":[{"@type":"WebPage","@id":"https:\/\/espak.ee\/epood\/toode\/kokkuklapitav-tooplatvorm-corda-09m\/","url":"https:\/\/espak.ee\/epood\/toode\/kokkuklapitav-tooplatvorm-corda-09m\/","name":"KOKKUKLAPITAV T\u00d6\u00d6PLATVORM CORDA 0,9M - Espak E-pood","isPartOf":{"@id":"https:\/\/espak.ee\/epood\/#website"},"primaryImageOfPage":{"@id":"https:\/\/espak.ee\/epood\/toode\/kokkuklapitav-tooplatvorm-corda-09m\/#primaryimage"},"image":{"@id":"https:\/\/espak.ee\/epood\/toode\/kokkuklapitav-tooplatvorm-corda-09m\/#primaryimage"},"thumbnailUrl":"https:\/\/espak.ee\/epood\/wp-content\/uploads\/2022\/10\/G00_A916211_PI_INT_80000000_FG_OP_NZ_GF_01_3_01_HL_konvertiert.jpg","datePublished":"2022-10-06T08:15:40+00:00","dateModified":"2024-03-23T00:26:23+00:00","breadcrumb":{"@id":"https:\/\/espak.ee\/epood\/toode\/kokkuklapitav-tooplatvorm-corda-09m\/#breadcrumb"},"inLanguage":"et","potentialAction":[{"@type":"ReadAction","target":["https:\/\/espak.ee\/epood\/toode\/kokkuklapitav-tooplatvorm-corda-09m\/"]}]},{"@type":"ImageObject","inLanguage":"et","@id":"https:\/\/espak.ee\/epood\/toode\/kokkuklapitav-tooplatvorm-corda-09m\/#primaryimage","url":"https:\/\/espak.ee\/epood\/wp-content\/uploads\/2022\/10\/G00_A916211_PI_INT_80000000_FG_OP_NZ_GF_01_3_01_HL_konvertiert.jpg","contentUrl":"https:\/\/espak.ee\/epood\/wp-content\/uploads\/2022\/10\/G00_A916211_PI_INT_80000000_FG_OP_NZ_GF_01_3_01_HL_konvertiert.jpg","width":800,"height":800},{"@type":"BreadcrumbList","@id":"https:\/\/espak.ee\/epood\/toode\/kokkuklapitav-tooplatvorm-corda-09m\/#breadcrumb","itemListElement":[{"@type":"ListItem","position":1,"name":"Home","item":"https:\/\/espak.ee\/epood\/"},{"@type":"ListItem","position":2,"name":"Tootevalik","item":"https:\/\/espak.ee\/epood\/tootevalik\/"},{"@type":"ListItem","position":3,"name":"KOKKUKLAPITAV T\u00d6\u00d6PLATVORM CORDA 0,9M"}]},{"@type":"WebSite","@id":"https:\/\/espak.ee\/epood\/#website","url":"https:\/\/espak.ee\/epood\/","name":"Espak E-pood","description":"","potentialAction":[{"@type":"SearchAction","target":{"@type":"EntryPoint","urlTemplate":"https:\/\/espak.ee\/epood\/?s={search_term_string}"},"query-input":{"@type":"PropertyValueSpecification","valueRequired":true,"valueName":"search_term_string"}}],"inLanguage":"et"}]}},"_links":{"self":[{"href":"https:\/\/espak.ee\/epood\/wp-json\/wp\/v2\/product\/134856","targetHints":{"allow":["GET"]}}],"collection":[{"href":"https:\/\/espak.ee\/epood\/wp-json\/wp\/v2\/product"}],"about":[{"href":"https:\/\/espak.ee\/epood\/wp-json\/wp\/v2\/types\/product"}],"replies":[{"embeddable":true,"href":"https:\/\/espak.ee\/epood\/wp-json\/wp\/v2\/comments?post=134856"}],"wp:featuredmedia":[{"embeddable":true,"href":"https:\/\/espak.ee\/epood\/wp-json\/wp\/v2\/media\/134889"}],"wp:attachment":[{"href":"https:\/\/espak.ee\/epood\/wp-json\/wp\/v2\/media?parent=134856"}],"wp:term":[{"taxonomy":"product_brand","embeddable":true,"href":"https:\/\/espak.ee\/epood\/wp-json\/wp\/v2\/product_brand?post=134856"},{"taxonomy":"product_cat","embeddable":true,"href":"https:\/\/espak.ee\/epood\/wp-json\/wp\/v2\/product_cat?post=134856"},{"taxonomy":"product_tag","embeddable":true,"href":"https:\/\/espak.ee\/epood\/wp-json\/wp\/v2\/product_tag?post=134856"}],"curies":[{"name":"wp","href":"https:\/\/api.w.org\/{rel}","templated":true}]}}