{"id":13428,"date":"2019-12-24T03:00:39","date_gmt":"2019-12-24T01:00:39","guid":{"rendered":"https:\/\/espak.ee\/hinnakiri\/?post_type=product&#038;p=13428"},"modified":"2024-03-23T00:04:15","modified_gmt":"2024-03-22T22:04:15","slug":"kipsplaadi-vuugi-ja-tasanduspahtel-siler-6-4kg","status":"publish","type":"product","link":"https:\/\/espak.ee\/epood\/toode\/kipsplaadi-vuugi-ja-tasanduspahtel-siler-6-4kg\/","title":{"rendered":"KIPSPLAADI VUUGI- JA TASANDUSPAHTEL SILER-6 4KG"},"content":{"rendered":"<div class=\"row\"  id=\"row-1817633511\">\n\n\t<div id=\"col-292236133\" class=\"col medium-9 small-12 large-9\"  >\n\t\t\t\t<div class=\"col-inner\"  >\n\t\t\t\n\t\t\t\n<h2>Siler-6<\/h2>\n<p>Heleda tooniga kipsplaadi vuugi- ja tasanduspahtel siseruumidesse.<\/p>\n\t<div id=\"gap-1241679431\" class=\"gap-element clearfix\" style=\"display:block; height:auto;\">\n\t\t\n<style>\n#gap-1241679431 {\n  padding-top: 30px;\n}\n<\/style>\n\t<\/div>\n\t\n<h3>Kasutamise \u00fcksikasjad<\/h3>\n<p><strong>Kasutuskohad:<\/strong> Kipsplaatide vuukimiseks vuugilindiga. Kipsplaadi kinnituskruvide, naelte katmiseks. Kipsplaadi lauspahtelduseks \u00f5hukese pahtlikihiga. Kivinenud pahtlipind v\u00e4rvitav ja tapeeditav.<\/p>\n<p><strong>Aluspind:<\/strong> Kipsplaadist seinad ja laed. Aluspinnaga naket n\u00f5rgendavad ained nagu tolm, rasv, mustus tuleb eemaldada. <\/p>\n<p><strong>Ettevalmistus t\u00f6\u00f6ks:<\/strong> Vajalik kogus pahtlipulbrit kallata segamisn\u00f5usse. Lisada 33 \u2013 36 % segu kaalust puhast vett (20 kg kotile 6,6-7,2 l, 1,32- 1,44 l ). Segada hoolikalt kuni segu t\u00e4ieliku m\u00e4rgumiseni. Lasta segul ca 30 min seista ja segada seej\u00e4rel kergelt uuesti. Valmissegatud pahtel kasutatav toatemperatuuril kuni 2 \u00f6\u00f6p\u00e4eva (suletud n\u00f5us). Kipsplaadist valmisehitatud seinad-laed vaadatakse veelkord \u00fcle, et kruvi -v\u00f5i naelapead ei ulatuks kipsplaadi pinnani. Vajadusel lihvitakse ebatasasused.<\/p>\n<p><strong>Kasutamine:<\/strong> Kipsplaadi vuukide t\u00e4itmine<br \/>\nLaia pahtlilabidaga m\u00e4\u00e4ri segu aluspinnale nii, et see t\u00e4idaks kipsplaadi serva v\u00f5i nurga s\u00fcvendi. Vajuta vuugilint pahtlisse, kasutades terasest vuugilauda. Vuugilindist v\u00e4ljapressinud pahtel tasanda pahtlilabidatega nii, et kogu vuugilint oleks kaetud. Vajadusel lisa veel pahtlit, et vuugikoht saavutaks \u00fcmbritseva kipsplaadiga sama tasapinna. Kruvide ja naelte pead pahteldatakse soovitavalt 2 korda vahelihvimisega. Kuivanud pahtel viimistletakse siledaks kuiva lihvimispaberiga (soovitavalt nr 120).<br \/>\nKipsplaadi lauspahteldamine<br \/>\nT\u00e4nu pahtli peensusele ja suurele pol\u00fcmeeride sisaldusele segus, sobib SILER 6 ka kipsplaatide lauspahtelduseks \u00f5hukese kihina. Lauspahteldusel kasutada 80 cm pikkuseid terassilureid.<\/p>\n<p><strong>Kivinemine:<\/strong> Kivinemise aeg on kuni 1 \u00f6\u00f6p\u00e4ev s\u00f5ltuvalt pahtlikihi paksusest, \u00f5hu temperatuurist ja \u00f5hu niiskusest.<\/p>\n<p><strong>Piirangud:<\/strong> Pahteldamisel peab olema aluspinna, pahtli ja ruumi temperatuur \u00fcle + 5 \u00b0C. Ei sobi plaatimise aluseks ja p\u00f5randate tasandamiseks. Ei sobi kasutada niisketes v\u00f5i niiskuda v\u00f5ivates ruumides. Segu sattumine kanalisatsiooni v\u00f5ib tekitada selle ummistusi. Segu sattumisel silma v\u00f5i n\u00f5rgale limaskestale pesta segu koheselt maha puhta veega ja vajadusel<br \/>\np\u00f6\u00f6rduda arsti poole.<\/p>\n\t\t<\/div>\n\t\t\t\t\t<\/div>\n\n\t\n\n\t<div id=\"col-2022506008\" class=\"col medium-3 small-12 large-3\"  >\n\t\t\t\t<div class=\"col-inner\"  >\n\t\t\t\n\t\t\t\n\t<div id=\"gap-1451668912\" class=\"gap-element clearfix\" style=\"display:block; height:auto;\">\n\t\t\n<style>\n#gap-1451668912 {\n  padding-top: 30px;\n}\n<\/style>\n\t<\/div>\n\t\n<h3>Kasutusjuhend<\/h3>\n<p><a href=\"https:\/\/espak.ee\/epood\/wp-content\/uploads\/Siler6-kasutusjuhend.pdf\" target=\"_blank\" rel=\"noopener noreferrer\"><i class=\"far fa-file-pdf\"><\/i> Kasutusjuhend (PDF)<\/a><\/p>\n<div class=\"is-divider divider clearfix\" ><\/div>\n<p><strong>\u00dcksikasjalikuma n\u00f5u saamiseks v\u00f5tke \u00fchendust:<br \/><\/strong> AS Uninaks<br \/>Liivalao 11<br \/>11316<br \/>Tallinn<br \/>+372 6565744<\/p>\n<div class=\"is-divider divider clearfix\" ><\/div>\n\t\t<\/div>\n\t\t\t\t\t<\/div>\n\n\t\n<\/div>\n","protected":false},"excerpt":{"rendered":"","protected":false},"featured_media":14131,"comment_status":"closed","ping_status":"open","template":"","meta":[],"product_brand":[],"product_cat":[2698,2816,2697,2842],"product_tag":[],"class_list":{"0":"post-13428","1":"product","2":"type-product","3":"status-publish","4":"has-post-thumbnail","6":"product_cat-pahtlid-ja-kuivsegud","7":"product_cat-seinatasandussegud","8":"product_cat-uldehitus","9":"product_cat-viimistluspahtlid","10":"pa_kaubamark-uninaks-as","12":"first","13":"outofstock","14":"sale","15":"taxable","16":"shipping-taxable","17":"purchasable","18":"product-type-simple"},"yoast_head":"<!-- This site is optimized with the Yoast SEO plugin v26.9 - https:\/\/yoast.com\/product\/yoast-seo-wordpress\/ -->\n<title>KIPSPLAADI VUUGI- JA TASANDUSPAHTEL SILER-6 4KG - Espak E-pood<\/title>\n<meta name=\"robots\" content=\"index, follow, max-snippet:-1, max-image-preview:large, max-video-preview:-1\" \/>\n<link rel=\"canonical\" href=\"https:\/\/espak.ee\/epood\/toode\/kipsplaadi-vuugi-ja-tasanduspahtel-siler-6-4kg\/\" \/>\n<meta property=\"og:locale\" content=\"et_EE\" \/>\n<meta property=\"og:type\" content=\"article\" \/>\n<meta property=\"og:title\" content=\"KIPSPLAADI VUUGI- JA TASANDUSPAHTEL SILER-6 4KG - Espak E-pood\" \/>\n<meta property=\"og:url\" content=\"https:\/\/espak.ee\/epood\/toode\/kipsplaadi-vuugi-ja-tasanduspahtel-siler-6-4kg\/\" \/>\n<meta property=\"og:site_name\" content=\"Espak E-pood\" \/>\n<meta property=\"article:modified_time\" content=\"2024-03-22T22:04:15+00:00\" \/>\n<meta property=\"og:image\" content=\"https:\/\/espak.ee\/epood\/wp-content\/uploads\/siler6.jpg\" \/>\n\t<meta property=\"og:image:width\" content=\"500\" \/>\n\t<meta property=\"og:image:height\" content=\"500\" \/>\n\t<meta property=\"og:image:type\" content=\"image\/jpeg\" \/>\n<meta name=\"twitter:card\" content=\"summary_large_image\" \/>\n<meta name=\"twitter:label1\" content=\"Est. reading time\" \/>\n\t<meta name=\"twitter:data1\" content=\"2 minutit\" \/>\n<script type=\"application\/ld+json\" class=\"yoast-schema-graph\">{\"@context\":\"https:\/\/schema.org\",\"@graph\":[{\"@type\":\"WebPage\",\"@id\":\"https:\/\/espak.ee\/epood\/toode\/kipsplaadi-vuugi-ja-tasanduspahtel-siler-6-4kg\/\",\"url\":\"https:\/\/espak.ee\/epood\/toode\/kipsplaadi-vuugi-ja-tasanduspahtel-siler-6-4kg\/\",\"name\":\"KIPSPLAADI VUUGI- JA TASANDUSPAHTEL SILER-6 4KG - Espak E-pood\",\"isPartOf\":{\"@id\":\"https:\/\/espak.ee\/epood\/#website\"},\"primaryImageOfPage\":{\"@id\":\"https:\/\/espak.ee\/epood\/toode\/kipsplaadi-vuugi-ja-tasanduspahtel-siler-6-4kg\/#primaryimage\"},\"image\":{\"@id\":\"https:\/\/espak.ee\/epood\/toode\/kipsplaadi-vuugi-ja-tasanduspahtel-siler-6-4kg\/#primaryimage\"},\"thumbnailUrl\":\"https:\/\/espak.ee\/epood\/wp-content\/uploads\/siler6.jpg\",\"datePublished\":\"2019-12-24T01:00:39+00:00\",\"dateModified\":\"2024-03-22T22:04:15+00:00\",\"breadcrumb\":{\"@id\":\"https:\/\/espak.ee\/epood\/toode\/kipsplaadi-vuugi-ja-tasanduspahtel-siler-6-4kg\/#breadcrumb\"},\"inLanguage\":\"et\",\"potentialAction\":[{\"@type\":\"ReadAction\",\"target\":[\"https:\/\/espak.ee\/epood\/toode\/kipsplaadi-vuugi-ja-tasanduspahtel-siler-6-4kg\/\"]}]},{\"@type\":\"ImageObject\",\"inLanguage\":\"et\",\"@id\":\"https:\/\/espak.ee\/epood\/toode\/kipsplaadi-vuugi-ja-tasanduspahtel-siler-6-4kg\/#primaryimage\",\"url\":\"https:\/\/espak.ee\/epood\/wp-content\/uploads\/siler6.jpg\",\"contentUrl\":\"https:\/\/espak.ee\/epood\/wp-content\/uploads\/siler6.jpg\",\"width\":500,\"height\":500},{\"@type\":\"BreadcrumbList\",\"@id\":\"https:\/\/espak.ee\/epood\/toode\/kipsplaadi-vuugi-ja-tasanduspahtel-siler-6-4kg\/#breadcrumb\",\"itemListElement\":[{\"@type\":\"ListItem\",\"position\":1,\"name\":\"Home\",\"item\":\"https:\/\/espak.ee\/epood\/\"},{\"@type\":\"ListItem\",\"position\":2,\"name\":\"Tootevalik\",\"item\":\"https:\/\/espak.ee\/epood\/tootevalik\/\"},{\"@type\":\"ListItem\",\"position\":3,\"name\":\"KIPSPLAADI VUUGI- JA TASANDUSPAHTEL SILER-6 4KG\"}]},{\"@type\":\"WebSite\",\"@id\":\"https:\/\/espak.ee\/epood\/#website\",\"url\":\"https:\/\/espak.ee\/epood\/\",\"name\":\"Espak E-pood\",\"description\":\"\",\"potentialAction\":[{\"@type\":\"SearchAction\",\"target\":{\"@type\":\"EntryPoint\",\"urlTemplate\":\"https:\/\/espak.ee\/epood\/?s={search_term_string}\"},\"query-input\":{\"@type\":\"PropertyValueSpecification\",\"valueRequired\":true,\"valueName\":\"search_term_string\"}}],\"inLanguage\":\"et\"}]}<\/script>\n<!-- \/ Yoast SEO plugin. -->","yoast_head_json":{"title":"KIPSPLAADI VUUGI- JA TASANDUSPAHTEL SILER-6 4KG - Espak E-pood","robots":{"index":"index","follow":"follow","max-snippet":"max-snippet:-1","max-image-preview":"max-image-preview:large","max-video-preview":"max-video-preview:-1"},"canonical":"https:\/\/espak.ee\/epood\/toode\/kipsplaadi-vuugi-ja-tasanduspahtel-siler-6-4kg\/","og_locale":"et_EE","og_type":"article","og_title":"KIPSPLAADI VUUGI- JA TASANDUSPAHTEL SILER-6 4KG - Espak E-pood","og_url":"https:\/\/espak.ee\/epood\/toode\/kipsplaadi-vuugi-ja-tasanduspahtel-siler-6-4kg\/","og_site_name":"Espak E-pood","article_modified_time":"2024-03-22T22:04:15+00:00","og_image":[{"width":500,"height":500,"url":"https:\/\/espak.ee\/epood\/wp-content\/uploads\/siler6.jpg","type":"image\/jpeg"}],"twitter_card":"summary_large_image","twitter_misc":{"Est. reading time":"2 minutit"},"schema":{"@context":"https:\/\/schema.org","@graph":[{"@type":"WebPage","@id":"https:\/\/espak.ee\/epood\/toode\/kipsplaadi-vuugi-ja-tasanduspahtel-siler-6-4kg\/","url":"https:\/\/espak.ee\/epood\/toode\/kipsplaadi-vuugi-ja-tasanduspahtel-siler-6-4kg\/","name":"KIPSPLAADI VUUGI- JA TASANDUSPAHTEL SILER-6 4KG - Espak E-pood","isPartOf":{"@id":"https:\/\/espak.ee\/epood\/#website"},"primaryImageOfPage":{"@id":"https:\/\/espak.ee\/epood\/toode\/kipsplaadi-vuugi-ja-tasanduspahtel-siler-6-4kg\/#primaryimage"},"image":{"@id":"https:\/\/espak.ee\/epood\/toode\/kipsplaadi-vuugi-ja-tasanduspahtel-siler-6-4kg\/#primaryimage"},"thumbnailUrl":"https:\/\/espak.ee\/epood\/wp-content\/uploads\/siler6.jpg","datePublished":"2019-12-24T01:00:39+00:00","dateModified":"2024-03-22T22:04:15+00:00","breadcrumb":{"@id":"https:\/\/espak.ee\/epood\/toode\/kipsplaadi-vuugi-ja-tasanduspahtel-siler-6-4kg\/#breadcrumb"},"inLanguage":"et","potentialAction":[{"@type":"ReadAction","target":["https:\/\/espak.ee\/epood\/toode\/kipsplaadi-vuugi-ja-tasanduspahtel-siler-6-4kg\/"]}]},{"@type":"ImageObject","inLanguage":"et","@id":"https:\/\/espak.ee\/epood\/toode\/kipsplaadi-vuugi-ja-tasanduspahtel-siler-6-4kg\/#primaryimage","url":"https:\/\/espak.ee\/epood\/wp-content\/uploads\/siler6.jpg","contentUrl":"https:\/\/espak.ee\/epood\/wp-content\/uploads\/siler6.jpg","width":500,"height":500},{"@type":"BreadcrumbList","@id":"https:\/\/espak.ee\/epood\/toode\/kipsplaadi-vuugi-ja-tasanduspahtel-siler-6-4kg\/#breadcrumb","itemListElement":[{"@type":"ListItem","position":1,"name":"Home","item":"https:\/\/espak.ee\/epood\/"},{"@type":"ListItem","position":2,"name":"Tootevalik","item":"https:\/\/espak.ee\/epood\/tootevalik\/"},{"@type":"ListItem","position":3,"name":"KIPSPLAADI VUUGI- JA TASANDUSPAHTEL SILER-6 4KG"}]},{"@type":"WebSite","@id":"https:\/\/espak.ee\/epood\/#website","url":"https:\/\/espak.ee\/epood\/","name":"Espak E-pood","description":"","potentialAction":[{"@type":"SearchAction","target":{"@type":"EntryPoint","urlTemplate":"https:\/\/espak.ee\/epood\/?s={search_term_string}"},"query-input":{"@type":"PropertyValueSpecification","valueRequired":true,"valueName":"search_term_string"}}],"inLanguage":"et"}]}},"_links":{"self":[{"href":"https:\/\/espak.ee\/epood\/wp-json\/wp\/v2\/product\/13428","targetHints":{"allow":["GET"]}}],"collection":[{"href":"https:\/\/espak.ee\/epood\/wp-json\/wp\/v2\/product"}],"about":[{"href":"https:\/\/espak.ee\/epood\/wp-json\/wp\/v2\/types\/product"}],"replies":[{"embeddable":true,"href":"https:\/\/espak.ee\/epood\/wp-json\/wp\/v2\/comments?post=13428"}],"wp:featuredmedia":[{"embeddable":true,"href":"https:\/\/espak.ee\/epood\/wp-json\/wp\/v2\/media\/14131"}],"wp:attachment":[{"href":"https:\/\/espak.ee\/epood\/wp-json\/wp\/v2\/media?parent=13428"}],"wp:term":[{"taxonomy":"product_brand","embeddable":true,"href":"https:\/\/espak.ee\/epood\/wp-json\/wp\/v2\/product_brand?post=13428"},{"taxonomy":"product_cat","embeddable":true,"href":"https:\/\/espak.ee\/epood\/wp-json\/wp\/v2\/product_cat?post=13428"},{"taxonomy":"product_tag","embeddable":true,"href":"https:\/\/espak.ee\/epood\/wp-json\/wp\/v2\/product_tag?post=13428"}],"curies":[{"name":"wp","href":"https:\/\/api.w.org\/{rel}","templated":true}]}}