{"id":13426,"date":"2019-12-24T03:00:39","date_gmt":"2019-12-24T01:00:39","guid":{"rendered":"https:\/\/espak.ee\/hinnakiri\/?post_type=product&#038;p=13426"},"modified":"2025-02-28T18:16:05","modified_gmt":"2025-02-28T16:16:05","slug":"kipsplaadi-pahtel-siler-4-3kg","status":"publish","type":"product","link":"https:\/\/espak.ee\/epood\/toode\/kipsplaadi-pahtel-siler-4-3kg\/","title":{"rendered":"KIPSPLAADI PAHTEL SILER-4 3KG"},"content":{"rendered":"<div class=\"row\"  id=\"row-1418305923\">\n\n\t<div id=\"col-744392136\" class=\"col medium-9 small-12 large-9\"  >\n\t\t\t\t<div class=\"col-inner\"  >\n\t\t\t\n\t\t\t\n<h2>Siler-4<\/h2>\n<p>Kipsplaadi pahtel.<\/p>\n<div class=\"message-box relative\" style=\"padding-top:15px;padding-bottom:15px;\"><div class=\"message-box-bg-image bg-fill fill\" ><\/div><div class=\"message-box-bg-overlay bg-fill fill\" ><\/div><div class=\"container relative\"><div class=\"inner last-reset\">\n<div class=\"row align-middle align-center\"  id=\"row-737857182\">\n\n\t<div id=\"col-2122382978\" class=\"col small-12 large-12\"  >\n\t\t\t\t<div class=\"col-inner text-left\"  >\n\t\t\t\n\t\t\t\n<h4>Omadused<\/h4>\n<div class=\"row\"  id=\"row-176763350\">\n\n\t<div id=\"col-2108466632\" class=\"col medium-6 small-12 large-6\"  >\n\t\t\t\t<div class=\"col-inner\"  >\n\t\t\t\n\t\t\t\n<p><i class=\"fa fa-check fa-2x\"><\/i> <strong>Kasutamiseks sisetingimustes<\/strong><\/p>\n<p><i class=\"fa fa-check fa-2x\"><\/i> <strong>Kipsplaatide vuukide t\u00e4iteks<\/strong><\/p>\n\t\t<\/div>\n\t\t\t\t\n<style>\n#col-2108466632 > .col-inner {\n  margin: 0px 0px 15px 0px;\n}\n<\/style>\n\t<\/div>\n\n\t\n<\/div>\n\t\t<\/div>\n\t\t\t\t\t<\/div>\n\n\t\n<\/div>\n<\/div><\/div><\/div>\n\t<div id=\"gap-3932702\" class=\"gap-element clearfix\" style=\"display:block; height:auto;\">\n\t\t\n<style>\n#gap-3932702 {\n  padding-top: 30px;\n}\n<\/style>\n\t<\/div>\n\t\n<h3>Kasutamise \u00fcksikasjad<\/h3>\n<p><strong>Kasutuskohad:<\/strong> Kipsplaatide vuukide t\u00e4iteks, kipsplaadi serva, nurga jt. montaazivuukide t\u00e4iteks, kipsplaadi vigastuste tasandamiseks, kipsplaadi lauspahtelduseks, kasutatakse ainult sisetingimustes.<\/p>\n<p><strong>Ettevalmistus t\u00f6\u00f6ks:<\/strong> Pahteldatavad kipsplaadid peavad olema tugevalt ja kindlalt kinnitatud. Pahteldatav ja vuugitav pind peab olema kuiv ja tolmuvaba. Segupulbrit puistata puhtasse toasooja vette ja segada k\u00e4sitsi v\u00f5i mehaaniliselt. 1 kg pahtlisegu kohta lisada 0,4 liitrit vett (40 % segu kaalust). Segamine peab toimuma seni, kuni segu on ilma t\u00fckkideta pasta. Valmissegatud pahtel on kasutatav kuni 30 minutit peale vee lisamist. Pahteldamiseks kasutada sobiva laiusega pahtlilabidaid.<\/p>\n<p><strong>Pahteldamine:<\/strong> Siler- 4 sobib vuukide t\u00e4itmiseks ilma vuugilindita. Vuukide, aukude t\u00e4itmisel suruda pahtlisegu pahtlilabidaga p\u00f5hjani vuukidesse v\u00f5i<br \/>\naukudesse. \u00dcleliigne segu eemaldada. Valmistada pahtlimassi ette kogus, mille j\u00f5uab \u00e4ra tarvitada 30 minuti jooksul. Puhastada pahtlilabidad ja segamisn\u00f5ud alati koheselt peale pahteldamist. <\/p>\n<p><strong>Kivinemine:<\/strong> Seinale m\u00e4\u00e4ritud pahtel taheneb 20- 60 minuti jooksul. Tahenemise kiirus s\u00f5ltub pahtlikihi paksusest seinal ja ruumi temperatuurist. P\u00e4rast tahenemist on pahtel kergelt t\u00f6\u00f6deldav. Kivinenud segu omab aluspinnaga head naket. Mahukahanemine on kipspahtlil v\u00e4ga v\u00e4ike. Kivinenud segu on liivapaberiga kergelt lihvitav. <\/p>\n<p><strong>Piirangud:<\/strong> Pahtli kasutamistemperatuur peab olema \u00fcle + 5 \u00b0C. Pahtel ei ole kasutatav niisketes ruumides ja seda ei saa kanda m\u00e4rgadele seintele. Tardumist alustanud pahtlit ei saa kasutada. Tarduvale pahtlile vett lisades segu omadused ja t\u00f6\u00f6deldavus ei taastu.<\/p>\n\t\t<\/div>\n\t\t\t\t\t<\/div>\n\n\t\n\n\t<div id=\"col-920697841\" class=\"col medium-3 small-12 large-3\"  >\n\t\t\t\t<div class=\"col-inner\"  >\n\t\t\t\n\t\t\t\n\t<div id=\"gap-20162413\" class=\"gap-element clearfix\" style=\"display:block; height:auto;\">\n\t\t\n<style>\n#gap-20162413 {\n  padding-top: 30px;\n}\n<\/style>\n\t<\/div>\n\t\n<h3>Kasutusjuhend<\/h3>\n<p><a href=\"https:\/\/espak.ee\/epood\/wp-content\/uploads\/Siler4-kasutusjuhend.pdf\" target=\"_blank\" rel=\"noopener noreferrer\"><i class=\"far fa-file-pdf\"><\/i> Kasutusjuhend (PDF)<\/a><\/p>\n<div class=\"is-divider divider clearfix\" ><\/div>\n<p><strong>\u00dcksikasjalikuma n\u00f5u saamiseks v\u00f5tke \u00fchendust:<br \/><\/strong> AS Uninaks<br \/>Liivalao 11<br \/>11316<br \/>Tallinn<br \/>+372 6565744<\/p>\n<div class=\"is-divider divider clearfix\" ><\/div>\n\t\t<\/div>\n\t\t\t\t\t<\/div>\n\n\t\n<\/div>\n","protected":false},"excerpt":{"rendered":"","protected":false},"featured_media":14122,"comment_status":"closed","ping_status":"open","template":"","meta":[],"product_brand":[],"product_cat":[2698,2816,2697,2842],"product_tag":[],"class_list":{"0":"post-13426","1":"product","2":"type-product","3":"status-publish","4":"has-post-thumbnail","6":"product_cat-pahtlid-ja-kuivsegud","7":"product_cat-seinatasandussegud","8":"product_cat-uldehitus","9":"product_cat-viimistluspahtlid","10":"pa_kaubamark-uninaks-as","12":"first","13":"instock","14":"sale","15":"taxable","16":"shipping-taxable","17":"purchasable","18":"product-type-simple"},"yoast_head":"<!-- This site is optimized with the Yoast SEO plugin v26.9 - https:\/\/yoast.com\/product\/yoast-seo-wordpress\/ -->\n<title>KIPSPLAADI PAHTEL SILER-4 3KG - Espak E-pood<\/title>\n<meta name=\"robots\" content=\"index, follow, max-snippet:-1, max-image-preview:large, max-video-preview:-1\" \/>\n<link rel=\"canonical\" href=\"https:\/\/espak.ee\/epood\/toode\/kipsplaadi-pahtel-siler-4-3kg\/\" \/>\n<meta property=\"og:locale\" content=\"et_EE\" \/>\n<meta property=\"og:type\" content=\"article\" \/>\n<meta property=\"og:title\" content=\"KIPSPLAADI PAHTEL SILER-4 3KG - Espak E-pood\" \/>\n<meta property=\"og:url\" content=\"https:\/\/espak.ee\/epood\/toode\/kipsplaadi-pahtel-siler-4-3kg\/\" \/>\n<meta property=\"og:site_name\" content=\"Espak E-pood\" \/>\n<meta property=\"article:modified_time\" content=\"2025-02-28T16:16:05+00:00\" \/>\n<meta property=\"og:image\" content=\"https:\/\/espak.ee\/epood\/wp-content\/uploads\/siler4.jpg\" \/>\n\t<meta property=\"og:image:width\" content=\"500\" \/>\n\t<meta property=\"og:image:height\" content=\"500\" \/>\n\t<meta property=\"og:image:type\" content=\"image\/jpeg\" \/>\n<meta name=\"twitter:card\" content=\"summary_large_image\" \/>\n<meta name=\"twitter:label1\" content=\"Est. reading time\" \/>\n\t<meta name=\"twitter:data1\" content=\"1 minut\" \/>\n<script type=\"application\/ld+json\" class=\"yoast-schema-graph\">{\"@context\":\"https:\/\/schema.org\",\"@graph\":[{\"@type\":\"WebPage\",\"@id\":\"https:\/\/espak.ee\/epood\/toode\/kipsplaadi-pahtel-siler-4-3kg\/\",\"url\":\"https:\/\/espak.ee\/epood\/toode\/kipsplaadi-pahtel-siler-4-3kg\/\",\"name\":\"KIPSPLAADI PAHTEL SILER-4 3KG - Espak E-pood\",\"isPartOf\":{\"@id\":\"https:\/\/espak.ee\/epood\/#website\"},\"primaryImageOfPage\":{\"@id\":\"https:\/\/espak.ee\/epood\/toode\/kipsplaadi-pahtel-siler-4-3kg\/#primaryimage\"},\"image\":{\"@id\":\"https:\/\/espak.ee\/epood\/toode\/kipsplaadi-pahtel-siler-4-3kg\/#primaryimage\"},\"thumbnailUrl\":\"https:\/\/espak.ee\/epood\/wp-content\/uploads\/siler4.jpg\",\"datePublished\":\"2019-12-24T01:00:39+00:00\",\"dateModified\":\"2025-02-28T16:16:05+00:00\",\"breadcrumb\":{\"@id\":\"https:\/\/espak.ee\/epood\/toode\/kipsplaadi-pahtel-siler-4-3kg\/#breadcrumb\"},\"inLanguage\":\"et\",\"potentialAction\":[{\"@type\":\"ReadAction\",\"target\":[\"https:\/\/espak.ee\/epood\/toode\/kipsplaadi-pahtel-siler-4-3kg\/\"]}]},{\"@type\":\"ImageObject\",\"inLanguage\":\"et\",\"@id\":\"https:\/\/espak.ee\/epood\/toode\/kipsplaadi-pahtel-siler-4-3kg\/#primaryimage\",\"url\":\"https:\/\/espak.ee\/epood\/wp-content\/uploads\/siler4.jpg\",\"contentUrl\":\"https:\/\/espak.ee\/epood\/wp-content\/uploads\/siler4.jpg\",\"width\":500,\"height\":500},{\"@type\":\"BreadcrumbList\",\"@id\":\"https:\/\/espak.ee\/epood\/toode\/kipsplaadi-pahtel-siler-4-3kg\/#breadcrumb\",\"itemListElement\":[{\"@type\":\"ListItem\",\"position\":1,\"name\":\"Home\",\"item\":\"https:\/\/espak.ee\/epood\/\"},{\"@type\":\"ListItem\",\"position\":2,\"name\":\"Tootevalik\",\"item\":\"https:\/\/espak.ee\/epood\/tootevalik\/\"},{\"@type\":\"ListItem\",\"position\":3,\"name\":\"KIPSPLAADI PAHTEL SILER-4 3KG\"}]},{\"@type\":\"WebSite\",\"@id\":\"https:\/\/espak.ee\/epood\/#website\",\"url\":\"https:\/\/espak.ee\/epood\/\",\"name\":\"Espak E-pood\",\"description\":\"\",\"potentialAction\":[{\"@type\":\"SearchAction\",\"target\":{\"@type\":\"EntryPoint\",\"urlTemplate\":\"https:\/\/espak.ee\/epood\/?s={search_term_string}\"},\"query-input\":{\"@type\":\"PropertyValueSpecification\",\"valueRequired\":true,\"valueName\":\"search_term_string\"}}],\"inLanguage\":\"et\"}]}<\/script>\n<!-- \/ Yoast SEO plugin. -->","yoast_head_json":{"title":"KIPSPLAADI PAHTEL SILER-4 3KG - Espak E-pood","robots":{"index":"index","follow":"follow","max-snippet":"max-snippet:-1","max-image-preview":"max-image-preview:large","max-video-preview":"max-video-preview:-1"},"canonical":"https:\/\/espak.ee\/epood\/toode\/kipsplaadi-pahtel-siler-4-3kg\/","og_locale":"et_EE","og_type":"article","og_title":"KIPSPLAADI PAHTEL SILER-4 3KG - Espak E-pood","og_url":"https:\/\/espak.ee\/epood\/toode\/kipsplaadi-pahtel-siler-4-3kg\/","og_site_name":"Espak E-pood","article_modified_time":"2025-02-28T16:16:05+00:00","og_image":[{"width":500,"height":500,"url":"https:\/\/espak.ee\/epood\/wp-content\/uploads\/siler4.jpg","type":"image\/jpeg"}],"twitter_card":"summary_large_image","twitter_misc":{"Est. reading time":"1 minut"},"schema":{"@context":"https:\/\/schema.org","@graph":[{"@type":"WebPage","@id":"https:\/\/espak.ee\/epood\/toode\/kipsplaadi-pahtel-siler-4-3kg\/","url":"https:\/\/espak.ee\/epood\/toode\/kipsplaadi-pahtel-siler-4-3kg\/","name":"KIPSPLAADI PAHTEL SILER-4 3KG - Espak E-pood","isPartOf":{"@id":"https:\/\/espak.ee\/epood\/#website"},"primaryImageOfPage":{"@id":"https:\/\/espak.ee\/epood\/toode\/kipsplaadi-pahtel-siler-4-3kg\/#primaryimage"},"image":{"@id":"https:\/\/espak.ee\/epood\/toode\/kipsplaadi-pahtel-siler-4-3kg\/#primaryimage"},"thumbnailUrl":"https:\/\/espak.ee\/epood\/wp-content\/uploads\/siler4.jpg","datePublished":"2019-12-24T01:00:39+00:00","dateModified":"2025-02-28T16:16:05+00:00","breadcrumb":{"@id":"https:\/\/espak.ee\/epood\/toode\/kipsplaadi-pahtel-siler-4-3kg\/#breadcrumb"},"inLanguage":"et","potentialAction":[{"@type":"ReadAction","target":["https:\/\/espak.ee\/epood\/toode\/kipsplaadi-pahtel-siler-4-3kg\/"]}]},{"@type":"ImageObject","inLanguage":"et","@id":"https:\/\/espak.ee\/epood\/toode\/kipsplaadi-pahtel-siler-4-3kg\/#primaryimage","url":"https:\/\/espak.ee\/epood\/wp-content\/uploads\/siler4.jpg","contentUrl":"https:\/\/espak.ee\/epood\/wp-content\/uploads\/siler4.jpg","width":500,"height":500},{"@type":"BreadcrumbList","@id":"https:\/\/espak.ee\/epood\/toode\/kipsplaadi-pahtel-siler-4-3kg\/#breadcrumb","itemListElement":[{"@type":"ListItem","position":1,"name":"Home","item":"https:\/\/espak.ee\/epood\/"},{"@type":"ListItem","position":2,"name":"Tootevalik","item":"https:\/\/espak.ee\/epood\/tootevalik\/"},{"@type":"ListItem","position":3,"name":"KIPSPLAADI PAHTEL SILER-4 3KG"}]},{"@type":"WebSite","@id":"https:\/\/espak.ee\/epood\/#website","url":"https:\/\/espak.ee\/epood\/","name":"Espak E-pood","description":"","potentialAction":[{"@type":"SearchAction","target":{"@type":"EntryPoint","urlTemplate":"https:\/\/espak.ee\/epood\/?s={search_term_string}"},"query-input":{"@type":"PropertyValueSpecification","valueRequired":true,"valueName":"search_term_string"}}],"inLanguage":"et"}]}},"_links":{"self":[{"href":"https:\/\/espak.ee\/epood\/wp-json\/wp\/v2\/product\/13426","targetHints":{"allow":["GET"]}}],"collection":[{"href":"https:\/\/espak.ee\/epood\/wp-json\/wp\/v2\/product"}],"about":[{"href":"https:\/\/espak.ee\/epood\/wp-json\/wp\/v2\/types\/product"}],"replies":[{"embeddable":true,"href":"https:\/\/espak.ee\/epood\/wp-json\/wp\/v2\/comments?post=13426"}],"wp:featuredmedia":[{"embeddable":true,"href":"https:\/\/espak.ee\/epood\/wp-json\/wp\/v2\/media\/14122"}],"wp:attachment":[{"href":"https:\/\/espak.ee\/epood\/wp-json\/wp\/v2\/media?parent=13426"}],"wp:term":[{"taxonomy":"product_brand","embeddable":true,"href":"https:\/\/espak.ee\/epood\/wp-json\/wp\/v2\/product_brand?post=13426"},{"taxonomy":"product_cat","embeddable":true,"href":"https:\/\/espak.ee\/epood\/wp-json\/wp\/v2\/product_cat?post=13426"},{"taxonomy":"product_tag","embeddable":true,"href":"https:\/\/espak.ee\/epood\/wp-json\/wp\/v2\/product_tag?post=13426"}],"curies":[{"name":"wp","href":"https:\/\/api.w.org\/{rel}","templated":true}]}}