{"id":13423,"date":"2019-12-24T03:00:39","date_gmt":"2019-12-24T01:00:39","guid":{"rendered":"https:\/\/espak.ee\/hinnakiri\/?post_type=product&#038;p=13423"},"modified":"2024-03-23T00:04:14","modified_gmt":"2024-03-22T22:04:14","slug":"niiskuskindel-aluspahtel-siler-1-5kg","status":"publish","type":"product","link":"https:\/\/espak.ee\/epood\/toode\/niiskuskindel-aluspahtel-siler-1-5kg\/","title":{"rendered":"NIISKUSKINDEL ALUSPAHTEL SILER-1 5KG"},"content":{"rendered":"<div class=\"row\"  id=\"row-67643438\">\n\n\t<div id=\"col-1930386196\" class=\"col medium-9 small-12 large-9\"  >\n\t\t\t\t<div class=\"col-inner\"  >\n\t\t\t\n\t\t\t\n<h2>Siler-1<\/h2>\n<p>Niiskuskindel aluspahtel.<\/p>\n<div class=\"message-box relative\" style=\"padding-top:15px;padding-bottom:15px;\"><div class=\"message-box-bg-image bg-fill fill\" ><\/div><div class=\"message-box-bg-overlay bg-fill fill\" ><\/div><div class=\"container relative\"><div class=\"inner last-reset\">\n<div class=\"row align-middle align-center\"  id=\"row-864440923\">\n\n\t<div id=\"col-1140036414\" class=\"col small-12 large-12\"  >\n\t\t\t\t<div class=\"col-inner text-left\"  >\n\t\t\t\n\t\t\t\n<h4>Omadused<\/h4>\n<div class=\"row\"  id=\"row-1684199778\">\n\n\t<div id=\"col-81816669\" class=\"col medium-6 small-12 large-6\"  >\n\t\t\t\t<div class=\"col-inner\"  >\n\t\t\t\n\t\t\t\n<p><i class=\"fa fa-check fa-2x\"><\/i> <strong>Kasutamiseks sise- ja v\u00e4listingimustes<\/strong><\/p>\n<p><i class=\"fa fa-check fa-2x\"><\/i> <strong>Kivinenenult kuuma- ja k\u00fclmakindel<\/strong><\/p>\n\t\t<\/div>\n\t\t\t\t\n<style>\n#col-81816669 > .col-inner {\n  margin: 0px 0px 15px 0px;\n}\n<\/style>\n\t<\/div>\n\n\t\n<\/div>\n\t\t<\/div>\n\t\t\t\t\t<\/div>\n\n\t\n<\/div>\n<\/div><\/div><\/div>\n\t<div id=\"gap-417377459\" class=\"gap-element clearfix\" style=\"display:block; height:auto;\">\n\t\t\n<style>\n#gap-417377459 {\n  padding-top: 30px;\n}\n<\/style>\n\t<\/div>\n\t\n<h3>Kasutamise \u00fcksikasjad<\/h3>\n<p><strong>Kasutuskohad:<\/strong> Pahteldamist\u00f6\u00f6deks sise- ja v\u00e4listingimustes. K\u00e4sitsi pahteldamiseks ja kasutamiseks pritspahtlina.<\/p>\n<p><strong>Aluspind:<\/strong> Aluspinnana sobivad betoon, kergbetoon, krohvitud pinnad, kivipinnad, keraamilised plaadid ja teised pinnad, mis  oma  olemuselt on niiskuskindlad. Aluspind peab olema puhas, k\u00f5va ja tolmuvaba. Aluspinnaga naket n\u00f5rgendavad ained nagu lahtine v\u00e4rv, rasv, tolm jne. tuleb eemaldada.<\/p>\n<p><strong>Ettevalmistus t\u00f6\u00f6ks:<\/strong> Pahtlipulber kallata segamisn\u00f5usse. K\u00e4sitsi pahteldamisel lisada vett 30%  ( 5 kg karbile 1,5 l v\u00f5i 20 kg kotile 6 l ). Pritspahtlina kasutades 35% ( 5 kg karbile 1,75 l v\u00f5i 20 kg kotile 7 l ). Segada hoolikalt kuni segu t\u00e4ieliku m\u00e4rgumiseni. Lasta segul seista 10- 15 min. ja segada seej\u00e4rel kergelt uuesti. Valmissegatud pahtel on toatemperatuuril kasutatav 6 tundi.<\/p>\n<p><strong>Pahteldamine:<\/strong> V\u00e4ga kuivi ja poorseid aluspindu on soovitav eelnevalt niisutada. Segu kantakse seinale pahtlilabidaga v\u00f5i mehhaaniliselt, pritsiga. Lauspahteldamisel saab kasutada laia terassilurit. Osalisel pahteldamisel seinale m\u00e4\u00e4ritud pahtlikihi paksus v\u00f5ib olla kuni 5 mm. Lauspahteldusel v\u00f5ib \u00fche pahtlikihi paksus olla 1- 3 mm.<\/p>\n<p><strong>Kivinemine:<\/strong> \u00dche pahtlikihi kivinemise aeg s\u00f5ltub kihi paksusest, ventilatsioonist ja temperatuurist. Keskmine kivinemise aeg kuni t\u00f6\u00f6deldavuseni liivapaberiga on 2- 6 tundi. Eriti kuivas keskkonnas on soovitav teha seinale kantud pahtlile j\u00e4relniisutust.<\/p>\n<p><strong>Piirangud:<\/strong> Pahteldamisel peab aluspinna, pahtli ja ruumi temperatuur olema \u00fcle 5\u00b0C. Pahtel ei sobi kasutamiseks rasvasel v\u00f5i \u00f5lisel pinnal, mitteniiskuskindlal pahtlil, n\u00f5rgal lubikrohvil ega puitpinnal.<\/p>\n\t\t<\/div>\n\t\t\t\t\t<\/div>\n\n\t\n\n\t<div id=\"col-1770375519\" class=\"col medium-3 small-12 large-3\"  >\n\t\t\t\t<div class=\"col-inner\"  >\n\t\t\t\n\t\t\t\n\t<div id=\"gap-1147289375\" class=\"gap-element clearfix\" style=\"display:block; height:auto;\">\n\t\t\n<style>\n#gap-1147289375 {\n  padding-top: 30px;\n}\n<\/style>\n\t<\/div>\n\t\n<h3>Kasutusjuhend<\/h3>\n<p><a href=\"https:\/\/espak.ee\/epood\/wp-content\/uploads\/Siler1-kasutusjuhend.pdf\" target=\"_blank\" rel=\"noopener noreferrer\"><i class=\"far fa-file-pdf\"><\/i> Kasutusjuhend (PDF)<\/a><\/p>\n<div class=\"is-divider divider clearfix\" ><\/div>\n<p><strong>\u00dcksikasjalikuma n\u00f5u saamiseks v\u00f5tke \u00fchendust:<br \/><\/strong> AS Uninaks<br \/>Liivalao 11<br \/>11316<br \/>Tallinn<br \/>+372 6565744<\/p>\n<div class=\"is-divider divider clearfix\" ><\/div>\n\t\t<\/div>\n\t\t\t\t\t<\/div>\n\n\t\n<\/div>\n","protected":false},"excerpt":{"rendered":"","protected":false},"featured_media":13884,"comment_status":"closed","ping_status":"open","template":"","meta":[],"product_brand":[],"product_cat":[2817,2698,2816,2697],"product_tag":[],"class_list":{"0":"post-13423","1":"product","2":"type-product","3":"status-publish","4":"has-post-thumbnail","6":"product_cat-aluspahtlid","7":"product_cat-pahtlid-ja-kuivsegud","8":"product_cat-seinatasandussegud","9":"product_cat-uldehitus","10":"pa_kaubamark-uninaks-as","12":"first","13":"instock","14":"sale","15":"taxable","16":"shipping-taxable","17":"purchasable","18":"product-type-simple"},"yoast_head":"<!-- This site is optimized with the Yoast SEO plugin v26.9 - https:\/\/yoast.com\/product\/yoast-seo-wordpress\/ -->\n<title>NIISKUSKINDEL ALUSPAHTEL SILER-1 5KG - Espak E-pood<\/title>\n<meta name=\"robots\" content=\"index, follow, max-snippet:-1, max-image-preview:large, max-video-preview:-1\" \/>\n<link rel=\"canonical\" href=\"https:\/\/espak.ee\/epood\/toode\/niiskuskindel-aluspahtel-siler-1-5kg\/\" \/>\n<meta property=\"og:locale\" content=\"et_EE\" \/>\n<meta property=\"og:type\" content=\"article\" \/>\n<meta property=\"og:title\" content=\"NIISKUSKINDEL ALUSPAHTEL SILER-1 5KG - Espak E-pood\" \/>\n<meta property=\"og:url\" content=\"https:\/\/espak.ee\/epood\/toode\/niiskuskindel-aluspahtel-siler-1-5kg\/\" \/>\n<meta property=\"og:site_name\" content=\"Espak E-pood\" \/>\n<meta property=\"article:modified_time\" content=\"2024-03-22T22:04:14+00:00\" \/>\n<meta property=\"og:image\" content=\"https:\/\/espak.ee\/epood\/wp-content\/uploads\/siler_1.jpg\" \/>\n\t<meta property=\"og:image:width\" content=\"500\" \/>\n\t<meta property=\"og:image:height\" content=\"500\" \/>\n\t<meta property=\"og:image:type\" content=\"image\/jpeg\" \/>\n<meta name=\"twitter:card\" content=\"summary_large_image\" \/>\n<meta name=\"twitter:label1\" content=\"Est. reading time\" \/>\n\t<meta name=\"twitter:data1\" content=\"1 minut\" \/>\n<script type=\"application\/ld+json\" class=\"yoast-schema-graph\">{\"@context\":\"https:\/\/schema.org\",\"@graph\":[{\"@type\":\"WebPage\",\"@id\":\"https:\/\/espak.ee\/epood\/toode\/niiskuskindel-aluspahtel-siler-1-5kg\/\",\"url\":\"https:\/\/espak.ee\/epood\/toode\/niiskuskindel-aluspahtel-siler-1-5kg\/\",\"name\":\"NIISKUSKINDEL ALUSPAHTEL SILER-1 5KG - Espak E-pood\",\"isPartOf\":{\"@id\":\"https:\/\/espak.ee\/epood\/#website\"},\"primaryImageOfPage\":{\"@id\":\"https:\/\/espak.ee\/epood\/toode\/niiskuskindel-aluspahtel-siler-1-5kg\/#primaryimage\"},\"image\":{\"@id\":\"https:\/\/espak.ee\/epood\/toode\/niiskuskindel-aluspahtel-siler-1-5kg\/#primaryimage\"},\"thumbnailUrl\":\"https:\/\/espak.ee\/epood\/wp-content\/uploads\/siler_1.jpg\",\"datePublished\":\"2019-12-24T01:00:39+00:00\",\"dateModified\":\"2024-03-22T22:04:14+00:00\",\"breadcrumb\":{\"@id\":\"https:\/\/espak.ee\/epood\/toode\/niiskuskindel-aluspahtel-siler-1-5kg\/#breadcrumb\"},\"inLanguage\":\"et\",\"potentialAction\":[{\"@type\":\"ReadAction\",\"target\":[\"https:\/\/espak.ee\/epood\/toode\/niiskuskindel-aluspahtel-siler-1-5kg\/\"]}]},{\"@type\":\"ImageObject\",\"inLanguage\":\"et\",\"@id\":\"https:\/\/espak.ee\/epood\/toode\/niiskuskindel-aluspahtel-siler-1-5kg\/#primaryimage\",\"url\":\"https:\/\/espak.ee\/epood\/wp-content\/uploads\/siler_1.jpg\",\"contentUrl\":\"https:\/\/espak.ee\/epood\/wp-content\/uploads\/siler_1.jpg\",\"width\":500,\"height\":500},{\"@type\":\"BreadcrumbList\",\"@id\":\"https:\/\/espak.ee\/epood\/toode\/niiskuskindel-aluspahtel-siler-1-5kg\/#breadcrumb\",\"itemListElement\":[{\"@type\":\"ListItem\",\"position\":1,\"name\":\"Home\",\"item\":\"https:\/\/espak.ee\/epood\/\"},{\"@type\":\"ListItem\",\"position\":2,\"name\":\"Tootevalik\",\"item\":\"https:\/\/espak.ee\/epood\/tootevalik\/\"},{\"@type\":\"ListItem\",\"position\":3,\"name\":\"NIISKUSKINDEL ALUSPAHTEL SILER-1 5KG\"}]},{\"@type\":\"WebSite\",\"@id\":\"https:\/\/espak.ee\/epood\/#website\",\"url\":\"https:\/\/espak.ee\/epood\/\",\"name\":\"Espak E-pood\",\"description\":\"\",\"potentialAction\":[{\"@type\":\"SearchAction\",\"target\":{\"@type\":\"EntryPoint\",\"urlTemplate\":\"https:\/\/espak.ee\/epood\/?s={search_term_string}\"},\"query-input\":{\"@type\":\"PropertyValueSpecification\",\"valueRequired\":true,\"valueName\":\"search_term_string\"}}],\"inLanguage\":\"et\"}]}<\/script>\n<!-- \/ Yoast SEO plugin. -->","yoast_head_json":{"title":"NIISKUSKINDEL ALUSPAHTEL SILER-1 5KG - Espak E-pood","robots":{"index":"index","follow":"follow","max-snippet":"max-snippet:-1","max-image-preview":"max-image-preview:large","max-video-preview":"max-video-preview:-1"},"canonical":"https:\/\/espak.ee\/epood\/toode\/niiskuskindel-aluspahtel-siler-1-5kg\/","og_locale":"et_EE","og_type":"article","og_title":"NIISKUSKINDEL ALUSPAHTEL SILER-1 5KG - Espak E-pood","og_url":"https:\/\/espak.ee\/epood\/toode\/niiskuskindel-aluspahtel-siler-1-5kg\/","og_site_name":"Espak E-pood","article_modified_time":"2024-03-22T22:04:14+00:00","og_image":[{"width":500,"height":500,"url":"https:\/\/espak.ee\/epood\/wp-content\/uploads\/siler_1.jpg","type":"image\/jpeg"}],"twitter_card":"summary_large_image","twitter_misc":{"Est. reading time":"1 minut"},"schema":{"@context":"https:\/\/schema.org","@graph":[{"@type":"WebPage","@id":"https:\/\/espak.ee\/epood\/toode\/niiskuskindel-aluspahtel-siler-1-5kg\/","url":"https:\/\/espak.ee\/epood\/toode\/niiskuskindel-aluspahtel-siler-1-5kg\/","name":"NIISKUSKINDEL ALUSPAHTEL SILER-1 5KG - Espak E-pood","isPartOf":{"@id":"https:\/\/espak.ee\/epood\/#website"},"primaryImageOfPage":{"@id":"https:\/\/espak.ee\/epood\/toode\/niiskuskindel-aluspahtel-siler-1-5kg\/#primaryimage"},"image":{"@id":"https:\/\/espak.ee\/epood\/toode\/niiskuskindel-aluspahtel-siler-1-5kg\/#primaryimage"},"thumbnailUrl":"https:\/\/espak.ee\/epood\/wp-content\/uploads\/siler_1.jpg","datePublished":"2019-12-24T01:00:39+00:00","dateModified":"2024-03-22T22:04:14+00:00","breadcrumb":{"@id":"https:\/\/espak.ee\/epood\/toode\/niiskuskindel-aluspahtel-siler-1-5kg\/#breadcrumb"},"inLanguage":"et","potentialAction":[{"@type":"ReadAction","target":["https:\/\/espak.ee\/epood\/toode\/niiskuskindel-aluspahtel-siler-1-5kg\/"]}]},{"@type":"ImageObject","inLanguage":"et","@id":"https:\/\/espak.ee\/epood\/toode\/niiskuskindel-aluspahtel-siler-1-5kg\/#primaryimage","url":"https:\/\/espak.ee\/epood\/wp-content\/uploads\/siler_1.jpg","contentUrl":"https:\/\/espak.ee\/epood\/wp-content\/uploads\/siler_1.jpg","width":500,"height":500},{"@type":"BreadcrumbList","@id":"https:\/\/espak.ee\/epood\/toode\/niiskuskindel-aluspahtel-siler-1-5kg\/#breadcrumb","itemListElement":[{"@type":"ListItem","position":1,"name":"Home","item":"https:\/\/espak.ee\/epood\/"},{"@type":"ListItem","position":2,"name":"Tootevalik","item":"https:\/\/espak.ee\/epood\/tootevalik\/"},{"@type":"ListItem","position":3,"name":"NIISKUSKINDEL ALUSPAHTEL SILER-1 5KG"}]},{"@type":"WebSite","@id":"https:\/\/espak.ee\/epood\/#website","url":"https:\/\/espak.ee\/epood\/","name":"Espak E-pood","description":"","potentialAction":[{"@type":"SearchAction","target":{"@type":"EntryPoint","urlTemplate":"https:\/\/espak.ee\/epood\/?s={search_term_string}"},"query-input":{"@type":"PropertyValueSpecification","valueRequired":true,"valueName":"search_term_string"}}],"inLanguage":"et"}]}},"_links":{"self":[{"href":"https:\/\/espak.ee\/epood\/wp-json\/wp\/v2\/product\/13423","targetHints":{"allow":["GET"]}}],"collection":[{"href":"https:\/\/espak.ee\/epood\/wp-json\/wp\/v2\/product"}],"about":[{"href":"https:\/\/espak.ee\/epood\/wp-json\/wp\/v2\/types\/product"}],"replies":[{"embeddable":true,"href":"https:\/\/espak.ee\/epood\/wp-json\/wp\/v2\/comments?post=13423"}],"wp:featuredmedia":[{"embeddable":true,"href":"https:\/\/espak.ee\/epood\/wp-json\/wp\/v2\/media\/13884"}],"wp:attachment":[{"href":"https:\/\/espak.ee\/epood\/wp-json\/wp\/v2\/media?parent=13423"}],"wp:term":[{"taxonomy":"product_brand","embeddable":true,"href":"https:\/\/espak.ee\/epood\/wp-json\/wp\/v2\/product_brand?post=13423"},{"taxonomy":"product_cat","embeddable":true,"href":"https:\/\/espak.ee\/epood\/wp-json\/wp\/v2\/product_cat?post=13423"},{"taxonomy":"product_tag","embeddable":true,"href":"https:\/\/espak.ee\/epood\/wp-json\/wp\/v2\/product_tag?post=13423"}],"curies":[{"name":"wp","href":"https:\/\/api.w.org\/{rel}","templated":true}]}}