{"id":13367,"date":"2019-12-21T02:51:41","date_gmt":"2019-12-21T00:51:41","guid":{"rendered":"https:\/\/espak.ee\/hinnakiri\/?post_type=product&#038;p=13367"},"modified":"2025-09-02T08:53:55","modified_gmt":"2025-09-02T05:53:55","slug":"krohvisegu-75kg","status":"publish","type":"product","link":"https:\/\/espak.ee\/epood\/toode\/krohvisegu-75kg\/","title":{"rendered":"KROHVISEGU 7,5KG"},"content":{"rendered":"<div class=\"row\"  id=\"row-1465214914\">\n\n\t<div id=\"col-289916355\" class=\"col medium-9 small-12 large-9\"  >\n\t\t\t\t<div class=\"col-inner\"  >\n\t\t\t\n\t\t\t\n<h2>Krohvisegu<\/h2>\n<p>Ehitus- ja remondit\u00f6\u00f6deks.<\/p>\n\t<div id=\"gap-404572045\" class=\"gap-element clearfix\" style=\"display:block; height:auto;\">\n\t\t\n<style>\n#gap-404572045 {\n  padding-top: 30px;\n}\n<\/style>\n\t<\/div>\n\t\n<h3>Kasutamise \u00fcksikasjad<\/h3>\n<p><strong>Kasutuskohad:<\/strong> Krohvimiseks sise- ja v\u00e4list\u00f6\u00f6del kuivades, niisketes ja m\u00e4rgades tingimustes. Krohvimiseks k\u00e4sitsi  ja krohvipritsiga.<\/p>\n<p><strong>Aluspind:<\/strong> Aluspinnana sobivad betoon, kergbetoon, kivipinnad, krohvipinnad, niiskuskindlate pahtlitega t\u00f6\u00f6deldud pinnad ja teised krohvimiseks sobivad pinnad. Aluspind peab olema puhas, k\u00f5va ja tolmuvaba. Aluspinnaga naket n\u00f5rgendavad ained nagu lahtine v\u00e4rv, rasv, tolm ja eelnevad mitteniiskuskindlad tasandusained tuleb eemaldada.<\/p>\n<p><strong>Ettevalmistus t\u00f6\u00f6ks:<\/strong> Vajalik kogus segupulbrit kallata segamisn\u00f5usse. Lisada vett 15 \u2013 17% ( 3, 75 \u2013 4,25 l  25 kg kotile v\u00f5i 1,1 \u2013 1,3 l  7,5 kg karbile). Segada mehhaaniliselt v\u00f5i k\u00e4sitsi kuni t\u00e4ieliku m\u00e4rgumiseni. Lasta segul veidi seista. Valmissegu on kasutatav 6 tundi.<\/p>\n<p><strong>Krohvimine:<\/strong> V\u00e4ga kuivi ja poorseid pindu on soovitav eelnevalt niisutada. Segu visatakse seinale kelluga v\u00f5i pumbatakse krohvipritsiga. Seinale kantud segu lastakse taheneda ja seej\u00e4rel silutakse korgist, puidust v\u00f5i muust materjalist h\u00f5\u00f5rutiga. Lauskrohvimisel on normaalne segukihi paksus 4- 12 mm. Osalisel krohvimisel v\u00f5ib krohvikihi paksus olla kuni 30 mm.<\/p>\n<p><strong>Kivinemine:<\/strong> \u00dche krohvikihi kivinemise aeg s\u00f5ltub kihi paksusest, keskkonna niiskusest, temperatuurist ja ventilatsioonist. Enne j\u00e4rgmise krohvikihi pealekandmist on soovitav lasta eelneval krohvikihil kuivada 1 \u00f6\u00f6p\u00e4ev. Eriti kuivades tingimustes on soovitav krohvitud seina niisutada. Kivinenud pinnad on h\u00e4sti pahteldatavad ja v\u00e4rvitavad.<\/p>\n<p><strong>Piirangud:<\/strong> Krohvimsel peab olema aluspinna, krohvi ja ruumi temperatuur \u00fcle 5\u00b0C. Krohv ei sobi kasutamiseks rasvasel v\u00f5i \u00f5lisel pinnal ja mitteniiskuskindlal alusel.<\/p>\n\t\t<\/div>\n\t\t\t\t\t<\/div>\n\n\t\n\n\t<div id=\"col-1816397931\" class=\"col medium-3 small-12 large-3\"  >\n\t\t\t\t<div class=\"col-inner\"  >\n\t\t\t\n\t\t\t\n\t<div id=\"gap-1868808050\" class=\"gap-element clearfix\" style=\"display:block; height:auto;\">\n\t\t\n<style>\n#gap-1868808050 {\n  padding-top: 30px;\n}\n<\/style>\n\t<\/div>\n\t\n<h3>Kasutusjuhend<\/h3>\n<p><a href=\"https:\/\/espak.ee\/epood\/wp-content\/uploads\/Krohvisegu-kasutusjuhend.pdf\" target=\"_blank\" rel=\"noopener noreferrer\"><i class=\"far fa-file-pdf\"><\/i> Kasutusjuhend (PDF)<\/a><\/p>\n<h3>Ohutusalane teave<\/h3>\n<p><a href=\"https:\/\/espak.ee\/epood\/wp-content\/uploads\/krohvisegu-ohutuskaart.pdf\" target=\"_blank\" rel=\"noopener noreferrer\"><i class=\"far fa-file-pdf\"><\/i> Ohutusalane teave (PDF)<\/a><\/p>\n<div class=\"is-divider divider clearfix\" ><\/div>\n<p><strong>\u00dcksikasjalikuma n\u00f5u saamiseks v\u00f5tke \u00fchendust:<br \/><\/strong> AS Uninaks<br \/>Liivalao 11<br \/>11316<br \/>Tallinn<br \/>+372 6565744<\/p>\n<div class=\"is-divider divider clearfix\" ><\/div>\n\t\t<\/div>\n\t\t\t\t\t<\/div>\n\n\t\n<\/div>\n","protected":false},"excerpt":{"rendered":"","protected":false},"featured_media":14019,"comment_status":"closed","ping_status":"open","template":"","meta":[],"product_brand":[],"product_cat":[2817,2698,2816,2697],"product_tag":[],"class_list":{"0":"post-13367","1":"product","2":"type-product","3":"status-publish","4":"has-post-thumbnail","6":"product_cat-aluspahtlid","7":"product_cat-pahtlid-ja-kuivsegud","8":"product_cat-seinatasandussegud","9":"product_cat-uldehitus","10":"pa_kaubamark-uninaks-as","12":"first","13":"instock","14":"sale","15":"taxable","16":"shipping-taxable","17":"purchasable","18":"product-type-simple"},"yoast_head":"<!-- This site is optimized with the Yoast SEO plugin v26.9 - https:\/\/yoast.com\/product\/yoast-seo-wordpress\/ -->\n<title>KROHVISEGU 7,5KG - Espak E-pood<\/title>\n<meta name=\"robots\" content=\"index, follow, max-snippet:-1, max-image-preview:large, max-video-preview:-1\" \/>\n<link rel=\"canonical\" href=\"https:\/\/espak.ee\/epood\/toode\/krohvisegu-75kg\/\" \/>\n<meta property=\"og:locale\" content=\"et_EE\" \/>\n<meta property=\"og:type\" content=\"article\" \/>\n<meta property=\"og:title\" content=\"KROHVISEGU 7,5KG - Espak E-pood\" \/>\n<meta property=\"og:url\" content=\"https:\/\/espak.ee\/epood\/toode\/krohvisegu-75kg\/\" \/>\n<meta property=\"og:site_name\" content=\"Espak E-pood\" \/>\n<meta property=\"article:modified_time\" content=\"2025-09-02T05:53:55+00:00\" \/>\n<meta property=\"og:image\" content=\"https:\/\/espak.ee\/epood\/wp-content\/uploads\/Krohvisegu.jpg\" \/>\n\t<meta property=\"og:image:width\" content=\"751\" \/>\n\t<meta property=\"og:image:height\" content=\"751\" \/>\n\t<meta property=\"og:image:type\" content=\"image\/jpeg\" \/>\n<meta name=\"twitter:card\" content=\"summary_large_image\" \/>\n<meta name=\"twitter:label1\" content=\"Est. reading time\" \/>\n\t<meta name=\"twitter:data1\" content=\"1 minut\" \/>\n<script type=\"application\/ld+json\" class=\"yoast-schema-graph\">{\"@context\":\"https:\/\/schema.org\",\"@graph\":[{\"@type\":\"WebPage\",\"@id\":\"https:\/\/espak.ee\/epood\/toode\/krohvisegu-75kg\/\",\"url\":\"https:\/\/espak.ee\/epood\/toode\/krohvisegu-75kg\/\",\"name\":\"KROHVISEGU 7,5KG - Espak E-pood\",\"isPartOf\":{\"@id\":\"https:\/\/espak.ee\/epood\/#website\"},\"primaryImageOfPage\":{\"@id\":\"https:\/\/espak.ee\/epood\/toode\/krohvisegu-75kg\/#primaryimage\"},\"image\":{\"@id\":\"https:\/\/espak.ee\/epood\/toode\/krohvisegu-75kg\/#primaryimage\"},\"thumbnailUrl\":\"https:\/\/espak.ee\/epood\/wp-content\/uploads\/Krohvisegu.jpg\",\"datePublished\":\"2019-12-21T00:51:41+00:00\",\"dateModified\":\"2025-09-02T05:53:55+00:00\",\"breadcrumb\":{\"@id\":\"https:\/\/espak.ee\/epood\/toode\/krohvisegu-75kg\/#breadcrumb\"},\"inLanguage\":\"et\",\"potentialAction\":[{\"@type\":\"ReadAction\",\"target\":[\"https:\/\/espak.ee\/epood\/toode\/krohvisegu-75kg\/\"]}]},{\"@type\":\"ImageObject\",\"inLanguage\":\"et\",\"@id\":\"https:\/\/espak.ee\/epood\/toode\/krohvisegu-75kg\/#primaryimage\",\"url\":\"https:\/\/espak.ee\/epood\/wp-content\/uploads\/Krohvisegu.jpg\",\"contentUrl\":\"https:\/\/espak.ee\/epood\/wp-content\/uploads\/Krohvisegu.jpg\",\"width\":751,\"height\":751},{\"@type\":\"BreadcrumbList\",\"@id\":\"https:\/\/espak.ee\/epood\/toode\/krohvisegu-75kg\/#breadcrumb\",\"itemListElement\":[{\"@type\":\"ListItem\",\"position\":1,\"name\":\"Home\",\"item\":\"https:\/\/espak.ee\/epood\/\"},{\"@type\":\"ListItem\",\"position\":2,\"name\":\"Tootevalik\",\"item\":\"https:\/\/espak.ee\/epood\/tootevalik\/\"},{\"@type\":\"ListItem\",\"position\":3,\"name\":\"KROHVISEGU 7,5KG\"}]},{\"@type\":\"WebSite\",\"@id\":\"https:\/\/espak.ee\/epood\/#website\",\"url\":\"https:\/\/espak.ee\/epood\/\",\"name\":\"Espak E-pood\",\"description\":\"\",\"potentialAction\":[{\"@type\":\"SearchAction\",\"target\":{\"@type\":\"EntryPoint\",\"urlTemplate\":\"https:\/\/espak.ee\/epood\/?s={search_term_string}\"},\"query-input\":{\"@type\":\"PropertyValueSpecification\",\"valueRequired\":true,\"valueName\":\"search_term_string\"}}],\"inLanguage\":\"et\"}]}<\/script>\n<!-- \/ Yoast SEO plugin. -->","yoast_head_json":{"title":"KROHVISEGU 7,5KG - Espak E-pood","robots":{"index":"index","follow":"follow","max-snippet":"max-snippet:-1","max-image-preview":"max-image-preview:large","max-video-preview":"max-video-preview:-1"},"canonical":"https:\/\/espak.ee\/epood\/toode\/krohvisegu-75kg\/","og_locale":"et_EE","og_type":"article","og_title":"KROHVISEGU 7,5KG - Espak E-pood","og_url":"https:\/\/espak.ee\/epood\/toode\/krohvisegu-75kg\/","og_site_name":"Espak E-pood","article_modified_time":"2025-09-02T05:53:55+00:00","og_image":[{"width":751,"height":751,"url":"https:\/\/espak.ee\/epood\/wp-content\/uploads\/Krohvisegu.jpg","type":"image\/jpeg"}],"twitter_card":"summary_large_image","twitter_misc":{"Est. reading time":"1 minut"},"schema":{"@context":"https:\/\/schema.org","@graph":[{"@type":"WebPage","@id":"https:\/\/espak.ee\/epood\/toode\/krohvisegu-75kg\/","url":"https:\/\/espak.ee\/epood\/toode\/krohvisegu-75kg\/","name":"KROHVISEGU 7,5KG - Espak E-pood","isPartOf":{"@id":"https:\/\/espak.ee\/epood\/#website"},"primaryImageOfPage":{"@id":"https:\/\/espak.ee\/epood\/toode\/krohvisegu-75kg\/#primaryimage"},"image":{"@id":"https:\/\/espak.ee\/epood\/toode\/krohvisegu-75kg\/#primaryimage"},"thumbnailUrl":"https:\/\/espak.ee\/epood\/wp-content\/uploads\/Krohvisegu.jpg","datePublished":"2019-12-21T00:51:41+00:00","dateModified":"2025-09-02T05:53:55+00:00","breadcrumb":{"@id":"https:\/\/espak.ee\/epood\/toode\/krohvisegu-75kg\/#breadcrumb"},"inLanguage":"et","potentialAction":[{"@type":"ReadAction","target":["https:\/\/espak.ee\/epood\/toode\/krohvisegu-75kg\/"]}]},{"@type":"ImageObject","inLanguage":"et","@id":"https:\/\/espak.ee\/epood\/toode\/krohvisegu-75kg\/#primaryimage","url":"https:\/\/espak.ee\/epood\/wp-content\/uploads\/Krohvisegu.jpg","contentUrl":"https:\/\/espak.ee\/epood\/wp-content\/uploads\/Krohvisegu.jpg","width":751,"height":751},{"@type":"BreadcrumbList","@id":"https:\/\/espak.ee\/epood\/toode\/krohvisegu-75kg\/#breadcrumb","itemListElement":[{"@type":"ListItem","position":1,"name":"Home","item":"https:\/\/espak.ee\/epood\/"},{"@type":"ListItem","position":2,"name":"Tootevalik","item":"https:\/\/espak.ee\/epood\/tootevalik\/"},{"@type":"ListItem","position":3,"name":"KROHVISEGU 7,5KG"}]},{"@type":"WebSite","@id":"https:\/\/espak.ee\/epood\/#website","url":"https:\/\/espak.ee\/epood\/","name":"Espak E-pood","description":"","potentialAction":[{"@type":"SearchAction","target":{"@type":"EntryPoint","urlTemplate":"https:\/\/espak.ee\/epood\/?s={search_term_string}"},"query-input":{"@type":"PropertyValueSpecification","valueRequired":true,"valueName":"search_term_string"}}],"inLanguage":"et"}]}},"_links":{"self":[{"href":"https:\/\/espak.ee\/epood\/wp-json\/wp\/v2\/product\/13367","targetHints":{"allow":["GET"]}}],"collection":[{"href":"https:\/\/espak.ee\/epood\/wp-json\/wp\/v2\/product"}],"about":[{"href":"https:\/\/espak.ee\/epood\/wp-json\/wp\/v2\/types\/product"}],"replies":[{"embeddable":true,"href":"https:\/\/espak.ee\/epood\/wp-json\/wp\/v2\/comments?post=13367"}],"wp:featuredmedia":[{"embeddable":true,"href":"https:\/\/espak.ee\/epood\/wp-json\/wp\/v2\/media\/14019"}],"wp:attachment":[{"href":"https:\/\/espak.ee\/epood\/wp-json\/wp\/v2\/media?parent=13367"}],"wp:term":[{"taxonomy":"product_brand","embeddable":true,"href":"https:\/\/espak.ee\/epood\/wp-json\/wp\/v2\/product_brand?post=13367"},{"taxonomy":"product_cat","embeddable":true,"href":"https:\/\/espak.ee\/epood\/wp-json\/wp\/v2\/product_cat?post=13367"},{"taxonomy":"product_tag","embeddable":true,"href":"https:\/\/espak.ee\/epood\/wp-json\/wp\/v2\/product_tag?post=13367"}],"curies":[{"name":"wp","href":"https:\/\/api.w.org\/{rel}","templated":true}]}}