{"id":13363,"date":"2019-12-21T02:51:41","date_gmt":"2019-12-21T00:51:41","guid":{"rendered":"https:\/\/espak.ee\/hinnakiri\/?post_type=product&#038;p=13363"},"modified":"2025-11-18T09:07:54","modified_gmt":"2025-11-18T07:07:54","slug":"kiviliim-valge-25kg","status":"publish","type":"product","link":"https:\/\/espak.ee\/epood\/toode\/kiviliim-valge-25kg\/","title":{"rendered":"KIVILIIM VALGE 25KG"},"content":{"rendered":"<div class=\"row\"  id=\"row-407250478\">\n\n\t<div id=\"col-934167177\" class=\"col medium-9 small-12 large-9\"  >\n\t\t\t\t<div class=\"col-inner\"  >\n\t\t\t\n\t\t\t\n<h2>Kiviliim<\/h2>\n<p>Kvartsliival, tsemendil, pol\u00fcmeeridel ja plastifikaatoritel p\u00f5hinev peeneteraline kiviliim.<\/p>\n<div class=\"message-box relative\" style=\"padding-top:15px;padding-bottom:15px;\"><div class=\"message-box-bg-image bg-fill fill\" ><\/div><div class=\"message-box-bg-overlay bg-fill fill\" ><\/div><div class=\"container relative\"><div class=\"inner last-reset\">\n<div class=\"row align-middle align-center\"  id=\"row-1430333916\">\n\n\t<div id=\"col-1691916991\" class=\"col small-12 large-12\"  >\n\t\t\t\t<div class=\"col-inner text-left\"  >\n\t\t\t\n\t\t\t\n<h4>Omadused<\/h4>\n<div class=\"row\"  id=\"row-1921097177\">\n\n\t<div id=\"col-513289519\" class=\"col medium-6 small-12 large-6\"  >\n\t\t\t\t<div class=\"col-inner\"  >\n\t\t\t\n\t\t\t\n<p><i class=\"fa fa-check fa-2x\"><\/i> <strong>L\u00fchike tardumis- ja kivinemisaeg<\/strong><\/p>\n<p><i class=\"fa fa-check fa-2x\"><\/i> <strong>Kivinenult kuumakindel<\/strong><\/p>\n\t\t<\/div>\n\t\t\t\t\n<style>\n#col-513289519 > .col-inner {\n  margin: 0px 0px 15px 0px;\n}\n<\/style>\n\t<\/div>\n\n\t\n<\/div>\n\t\t<\/div>\n\t\t\t\t\t<\/div>\n\n\t\n<\/div>\n<\/div><\/div><\/div>\n\t<div id=\"gap-720035157\" class=\"gap-element clearfix\" style=\"display:block; height:auto;\">\n\t\t\n<style>\n#gap-720035157 {\n  padding-top: 30px;\n}\n<\/style>\n\t<\/div>\n\t\n<h3>Kasutamise \u00fcksikasjad<\/h3>\n<p><strong>Kasutuskohad:<\/strong> KIVILIIM on liimiv tsementsegu, mis on m\u00f5eldud igasuguste tehis \u2013ja looduslike kivide ja plokkide, paigaldamiseks seintele, p\u00f5randatele, terrassidele, fassaadidele jne. KIVILIIM on l\u00fchike tardumis- ja kivinemisaeg. Kivinenult on KIVILIIM kuumakindel. KIVILIIMi saab kasutada edukalt ka kiviseinte j\u00e4relvuukimiseks. Kasutamiseks sise- ja v\u00e4listingimustes.<\/p>\n<p><strong>Aluspind:<\/strong> KIVILIIMi v\u00f5ib kasutada betoonil, krohvil, niiskuskindlal pahtlil, kipsplaatidel, klinkerplaatidel, tellistel, plokkidel, vahtpol\u00fcst\u00fcreenil ja teistel k\u00f5vadel mineraalsetel pindadel.<\/p>\n<p><strong>Eelt\u00f6\u00f6d:<\/strong> Aluspind peab olema tolmust ja lahtistest osakestest puhas. Tugevalt imavad aluspinnad t\u00f6\u00f6deldakse nakkedispersiooniga, mida vajadusel veega lahjendatakse (Uninaks Nakkedispersioon). M\u00e4\u00e4rdunud kivid, plokid puhastada tolmust ja mustusest.<\/p>\n<p><strong>Segu ettevalmistamine:<\/strong> Valada segun\u00f5usse 5,5-6 liitrit puhast leiget vett 25 kg koti kohta (22 \u2013 24% segu massist). Seej\u00e4rel lisada segupulber ja segada kuni segu on ilma t\u00fckkideta ja t\u00e4ielikult m\u00e4rgunud (vee kogus s\u00f5ltub aluspinna poorsusest ja liimikihi paksusest). Lasta segul umbes 3 minutit seista ja segada seej\u00e4rel uuesti. Valmissegu kasutatav kuni 4 tundi.<\/p>\n<p><strong>Kasutamine:<\/strong> Liimsegu  kantakse aluspinnale v\u00f5i kividele m\u00fc\u00fcrikellu v\u00f5i laia hammastusega pahtlilabida abil. Normaalne segukihi paksus 5-10 mm. Kivid suruda liimikihti ja eemaldada koheselt \u00fclej\u00e4\u00e4v v\u00f5i v\u00e4ljapressinud segu. Vajadusel kasuta kuiva harja. T\u00e4nu suurele liimaine sisaldusele on segu hilisem eemaldamine kividelt raskendatud. Vuukida saab kive p\u00e4rast segu tardumise algust. Kivinemise aeg s\u00f5ltub m\u00f6rdikihi paksusest, keskkonna niiskusest ja temperatuurist. Kivinenud KIVILIIM on tugeva pinna  ja suure survetugevusega.<\/p>\n<p><strong>Ohutus:<\/strong> KIVILIIMiga t\u00f6\u00f6tamisel peab olema kivi, liimi ja \u00f5hu temperatuur \u00fcle 5 \u00b0C. Toode sisaldab tsementi. Veega kokkupuutumisel  tekib leeliseline reaktsioon, mis v\u00f5ib tekitada naha \u00e4rritust. Segu silma sattumisel loputa kohe rohke veega. T\u00e4psemad andmed toote ohutuskaardil.<\/p>\n\t\t<\/div>\n\t\t\t\t\t<\/div>\n\n\t\n\n\t<div id=\"col-748538301\" class=\"col medium-3 small-12 large-3\"  >\n\t\t\t\t<div class=\"col-inner\"  >\n\t\t\t\n\t\t\t\n\t<div id=\"gap-1954085707\" class=\"gap-element clearfix\" style=\"display:block; height:auto;\">\n\t\t\n<style>\n#gap-1954085707 {\n  padding-top: 30px;\n}\n<\/style>\n\t<\/div>\n\t\n<h3>Kasutusjuhend<\/h3>\n<p><a href=\"https:\/\/espak.ee\/epood\/wp-content\/uploads\/kiviliim-kasutusjuhend.pdf\" target=\"_blank\" rel=\"noopener noreferrer\"><i class=\"far fa-file-pdf\"><\/i> Kasutusjuhend (PDF)<\/a><\/p>\n<h3>Ohutusalane teave<\/h3>\n<p><a href=\"https:\/\/espak.ee\/epood\/wp-content\/uploads\/kiviliim-ohutuskaart.pdf\" target=\"_blank\" rel=\"noopener noreferrer\"><i class=\"far fa-file-pdf\"><\/i> Ohutusalane teave (PDF)<\/a><\/p>\n<div class=\"is-divider divider clearfix\" ><\/div>\n<p><strong>\u00dcksikasjalikuma n\u00f5u saamiseks v\u00f5tke \u00fchendust:<br \/><\/strong> AS Uninaks<br \/>Liivalao 11<br \/>11316<br \/>Tallinn<br \/>+372 6565744<\/p>\n<div class=\"is-divider divider clearfix\" ><\/div>\n\t\t<\/div>\n\t\t\t\t\t<\/div>\n\n\t\n<\/div>\n","protected":false},"excerpt":{"rendered":"","protected":false},"featured_media":13861,"comment_status":"closed","ping_status":"open","template":"","meta":[],"product_brand":[],"product_cat":[2861,2698,2814,2697],"product_tag":[],"class_list":{"0":"post-13363","1":"product","2":"type-product","3":"status-publish","4":"has-post-thumbnail","6":"product_cat-muurisegud","7":"product_cat-pahtlid-ja-kuivsegud","8":"product_cat-tsementsegud","9":"product_cat-uldehitus","10":"pa_kaubamark-uninaks-as","12":"first","13":"outofstock","14":"sale","15":"taxable","16":"shipping-taxable","17":"purchasable","18":"product-type-simple"},"yoast_head":"<!-- This site is optimized with the Yoast SEO plugin v26.9 - https:\/\/yoast.com\/product\/yoast-seo-wordpress\/ -->\n<title>KIVILIIM VALGE 25KG - Espak E-pood<\/title>\n<meta name=\"robots\" content=\"index, follow, max-snippet:-1, max-image-preview:large, max-video-preview:-1\" \/>\n<link rel=\"canonical\" href=\"https:\/\/espak.ee\/epood\/toode\/kiviliim-valge-25kg\/\" \/>\n<meta property=\"og:locale\" content=\"et_EE\" \/>\n<meta property=\"og:type\" content=\"article\" \/>\n<meta property=\"og:title\" content=\"KIVILIIM VALGE 25KG - Espak E-pood\" \/>\n<meta property=\"og:url\" content=\"https:\/\/espak.ee\/epood\/toode\/kiviliim-valge-25kg\/\" \/>\n<meta property=\"og:site_name\" content=\"Espak E-pood\" \/>\n<meta property=\"article:modified_time\" content=\"2025-11-18T07:07:54+00:00\" \/>\n<meta property=\"og:image\" content=\"https:\/\/espak.ee\/epood\/wp-content\/uploads\/kiviliim.jpg\" \/>\n\t<meta property=\"og:image:width\" content=\"394\" \/>\n\t<meta property=\"og:image:height\" content=\"394\" \/>\n\t<meta property=\"og:image:type\" content=\"image\/jpeg\" \/>\n<meta name=\"twitter:card\" content=\"summary_large_image\" \/>\n<meta name=\"twitter:label1\" content=\"Est. reading time\" \/>\n\t<meta name=\"twitter:data1\" content=\"2 minutit\" \/>\n<script type=\"application\/ld+json\" class=\"yoast-schema-graph\">{\"@context\":\"https:\/\/schema.org\",\"@graph\":[{\"@type\":\"WebPage\",\"@id\":\"https:\/\/espak.ee\/epood\/toode\/kiviliim-valge-25kg\/\",\"url\":\"https:\/\/espak.ee\/epood\/toode\/kiviliim-valge-25kg\/\",\"name\":\"KIVILIIM VALGE 25KG - Espak E-pood\",\"isPartOf\":{\"@id\":\"https:\/\/espak.ee\/epood\/#website\"},\"primaryImageOfPage\":{\"@id\":\"https:\/\/espak.ee\/epood\/toode\/kiviliim-valge-25kg\/#primaryimage\"},\"image\":{\"@id\":\"https:\/\/espak.ee\/epood\/toode\/kiviliim-valge-25kg\/#primaryimage\"},\"thumbnailUrl\":\"https:\/\/espak.ee\/epood\/wp-content\/uploads\/kiviliim.jpg\",\"datePublished\":\"2019-12-21T00:51:41+00:00\",\"dateModified\":\"2025-11-18T07:07:54+00:00\",\"breadcrumb\":{\"@id\":\"https:\/\/espak.ee\/epood\/toode\/kiviliim-valge-25kg\/#breadcrumb\"},\"inLanguage\":\"et\",\"potentialAction\":[{\"@type\":\"ReadAction\",\"target\":[\"https:\/\/espak.ee\/epood\/toode\/kiviliim-valge-25kg\/\"]}]},{\"@type\":\"ImageObject\",\"inLanguage\":\"et\",\"@id\":\"https:\/\/espak.ee\/epood\/toode\/kiviliim-valge-25kg\/#primaryimage\",\"url\":\"https:\/\/espak.ee\/epood\/wp-content\/uploads\/kiviliim.jpg\",\"contentUrl\":\"https:\/\/espak.ee\/epood\/wp-content\/uploads\/kiviliim.jpg\",\"width\":394,\"height\":394},{\"@type\":\"BreadcrumbList\",\"@id\":\"https:\/\/espak.ee\/epood\/toode\/kiviliim-valge-25kg\/#breadcrumb\",\"itemListElement\":[{\"@type\":\"ListItem\",\"position\":1,\"name\":\"Home\",\"item\":\"https:\/\/espak.ee\/epood\/\"},{\"@type\":\"ListItem\",\"position\":2,\"name\":\"Tootevalik\",\"item\":\"https:\/\/espak.ee\/epood\/tootevalik\/\"},{\"@type\":\"ListItem\",\"position\":3,\"name\":\"KIVILIIM VALGE 25KG\"}]},{\"@type\":\"WebSite\",\"@id\":\"https:\/\/espak.ee\/epood\/#website\",\"url\":\"https:\/\/espak.ee\/epood\/\",\"name\":\"Espak E-pood\",\"description\":\"\",\"potentialAction\":[{\"@type\":\"SearchAction\",\"target\":{\"@type\":\"EntryPoint\",\"urlTemplate\":\"https:\/\/espak.ee\/epood\/?s={search_term_string}\"},\"query-input\":{\"@type\":\"PropertyValueSpecification\",\"valueRequired\":true,\"valueName\":\"search_term_string\"}}],\"inLanguage\":\"et\"}]}<\/script>\n<!-- \/ Yoast SEO plugin. -->","yoast_head_json":{"title":"KIVILIIM VALGE 25KG - Espak E-pood","robots":{"index":"index","follow":"follow","max-snippet":"max-snippet:-1","max-image-preview":"max-image-preview:large","max-video-preview":"max-video-preview:-1"},"canonical":"https:\/\/espak.ee\/epood\/toode\/kiviliim-valge-25kg\/","og_locale":"et_EE","og_type":"article","og_title":"KIVILIIM VALGE 25KG - Espak E-pood","og_url":"https:\/\/espak.ee\/epood\/toode\/kiviliim-valge-25kg\/","og_site_name":"Espak E-pood","article_modified_time":"2025-11-18T07:07:54+00:00","og_image":[{"width":394,"height":394,"url":"https:\/\/espak.ee\/epood\/wp-content\/uploads\/kiviliim.jpg","type":"image\/jpeg"}],"twitter_card":"summary_large_image","twitter_misc":{"Est. reading time":"2 minutit"},"schema":{"@context":"https:\/\/schema.org","@graph":[{"@type":"WebPage","@id":"https:\/\/espak.ee\/epood\/toode\/kiviliim-valge-25kg\/","url":"https:\/\/espak.ee\/epood\/toode\/kiviliim-valge-25kg\/","name":"KIVILIIM VALGE 25KG - Espak E-pood","isPartOf":{"@id":"https:\/\/espak.ee\/epood\/#website"},"primaryImageOfPage":{"@id":"https:\/\/espak.ee\/epood\/toode\/kiviliim-valge-25kg\/#primaryimage"},"image":{"@id":"https:\/\/espak.ee\/epood\/toode\/kiviliim-valge-25kg\/#primaryimage"},"thumbnailUrl":"https:\/\/espak.ee\/epood\/wp-content\/uploads\/kiviliim.jpg","datePublished":"2019-12-21T00:51:41+00:00","dateModified":"2025-11-18T07:07:54+00:00","breadcrumb":{"@id":"https:\/\/espak.ee\/epood\/toode\/kiviliim-valge-25kg\/#breadcrumb"},"inLanguage":"et","potentialAction":[{"@type":"ReadAction","target":["https:\/\/espak.ee\/epood\/toode\/kiviliim-valge-25kg\/"]}]},{"@type":"ImageObject","inLanguage":"et","@id":"https:\/\/espak.ee\/epood\/toode\/kiviliim-valge-25kg\/#primaryimage","url":"https:\/\/espak.ee\/epood\/wp-content\/uploads\/kiviliim.jpg","contentUrl":"https:\/\/espak.ee\/epood\/wp-content\/uploads\/kiviliim.jpg","width":394,"height":394},{"@type":"BreadcrumbList","@id":"https:\/\/espak.ee\/epood\/toode\/kiviliim-valge-25kg\/#breadcrumb","itemListElement":[{"@type":"ListItem","position":1,"name":"Home","item":"https:\/\/espak.ee\/epood\/"},{"@type":"ListItem","position":2,"name":"Tootevalik","item":"https:\/\/espak.ee\/epood\/tootevalik\/"},{"@type":"ListItem","position":3,"name":"KIVILIIM VALGE 25KG"}]},{"@type":"WebSite","@id":"https:\/\/espak.ee\/epood\/#website","url":"https:\/\/espak.ee\/epood\/","name":"Espak E-pood","description":"","potentialAction":[{"@type":"SearchAction","target":{"@type":"EntryPoint","urlTemplate":"https:\/\/espak.ee\/epood\/?s={search_term_string}"},"query-input":{"@type":"PropertyValueSpecification","valueRequired":true,"valueName":"search_term_string"}}],"inLanguage":"et"}]}},"_links":{"self":[{"href":"https:\/\/espak.ee\/epood\/wp-json\/wp\/v2\/product\/13363","targetHints":{"allow":["GET"]}}],"collection":[{"href":"https:\/\/espak.ee\/epood\/wp-json\/wp\/v2\/product"}],"about":[{"href":"https:\/\/espak.ee\/epood\/wp-json\/wp\/v2\/types\/product"}],"replies":[{"embeddable":true,"href":"https:\/\/espak.ee\/epood\/wp-json\/wp\/v2\/comments?post=13363"}],"wp:featuredmedia":[{"embeddable":true,"href":"https:\/\/espak.ee\/epood\/wp-json\/wp\/v2\/media\/13861"}],"wp:attachment":[{"href":"https:\/\/espak.ee\/epood\/wp-json\/wp\/v2\/media?parent=13363"}],"wp:term":[{"taxonomy":"product_brand","embeddable":true,"href":"https:\/\/espak.ee\/epood\/wp-json\/wp\/v2\/product_brand?post=13363"},{"taxonomy":"product_cat","embeddable":true,"href":"https:\/\/espak.ee\/epood\/wp-json\/wp\/v2\/product_cat?post=13363"},{"taxonomy":"product_tag","embeddable":true,"href":"https:\/\/espak.ee\/epood\/wp-json\/wp\/v2\/product_tag?post=13363"}],"curies":[{"name":"wp","href":"https:\/\/api.w.org\/{rel}","templated":true}]}}