{"id":13359,"date":"2019-12-21T02:51:41","date_gmt":"2019-12-21T00:51:41","guid":{"rendered":"https:\/\/espak.ee\/hinnakiri\/?post_type=product&#038;p=13359"},"modified":"2025-05-14T18:28:42","modified_gmt":"2025-05-14T15:28:42","slug":"kipspahtel-5kg","status":"publish","type":"product","link":"https:\/\/espak.ee\/epood\/toode\/kipspahtel-5kg\/","title":{"rendered":"KIPSPAHTEL 5KG"},"content":{"rendered":"<div class=\"row\"  id=\"row-955059146\">\n\n\t<div id=\"col-124603127\" class=\"col medium-9 small-12 large-9\"  >\n\t\t\t\t<div class=\"col-inner\"  >\n\t\t\t\n\t\t\t\n<h2>Kipspahtel<\/h2>\n<div class=\"message-box relative\" style=\"padding-top:15px;padding-bottom:15px;\"><div class=\"message-box-bg-image bg-fill fill\" ><\/div><div class=\"message-box-bg-overlay bg-fill fill\" ><\/div><div class=\"container relative\"><div class=\"inner last-reset\">\n<div class=\"row align-middle align-center\"  id=\"row-1329588756\">\n\n\t<div id=\"col-396656861\" class=\"col small-12 large-12\"  >\n\t\t\t\t<div class=\"col-inner text-left\"  >\n\t\t\t\n\t\t\t\n<h4>Omadused<\/h4>\n<div class=\"row\"  id=\"row-398657883\">\n\n\t<div id=\"col-1178589749\" class=\"col medium-6 small-12 large-6\"  >\n\t\t\t\t<div class=\"col-inner\"  >\n\t\t\t\n\t\t\t\n<p><i class=\"fa fa-check fa-2x\"><\/i> <strong>Kasutamiseks sisetingimustes<\/strong><\/p>\n<p><i class=\"fa fa-check fa-2x\"><\/i> <strong>Kuivamisaeg: 20-60 min<\/strong><\/p>\n\t\t<\/div>\n\t\t\t\t\n<style>\n#col-1178589749 > .col-inner {\n  margin: 0px 0px 15px 0px;\n}\n<\/style>\n\t<\/div>\n\n\t\n<\/div>\n\t\t<\/div>\n\t\t\t\t\t<\/div>\n\n\t\n<\/div>\n<\/div><\/div><\/div>\n\t<div id=\"gap-402341950\" class=\"gap-element clearfix\" style=\"display:block; height:auto;\">\n\t\t\n<style>\n#gap-402341950 {\n  padding-top: 30px;\n}\n<\/style>\n\t<\/div>\n\t\n<h3>Kasutamise \u00fcksikasjad<\/h3>\n<p><strong>Kasutuskohad:<\/strong> Pahteldust\u00f6\u00f6deks aluspahtlina sisetingimustes, aukude, vuukide t\u00e4iteks, elektrijuhtmete paigaldamiseks kiviseinal.<\/p>\n<p><strong>Ettevalmistus t\u00f6\u00f6ks:<\/strong> Pahteldatav pind puhastada lahtistest osakestest. Pahtlipulber kallata segamisn\u00f5usse. Lisada vett 30- 35% mahukaalust. Vee lisamisel segada pahtlit kuni see saavutab vajaliku viskoossuse. Pahtlit saab kasutada 15- 20 min. p\u00e4rast vee lisamist.<\/p>\n<p><strong>Paigaldamine:<\/strong> Segu m\u00e4\u00e4rida seinale pahtlilabidaga. Pahtli nakketugevus krohviga on mitte v\u00e4hem kui 1 Mpa.<\/p>\n<p><strong>Kivinemine:<\/strong> Seinale m\u00e4\u00e4ritud pahtel taheneb 20- 60 minuti jooksul. Tahenemise kiirus s\u00f5ltub pahtlikihi paksusest seinal ja ruumi temperatuurist. P\u00e4rast tahenemist on pahtel kergesti t\u00f6\u00f6deldav.<\/p>\n<p><strong>Piirangud:<\/strong> Pahtel ei ole kasutatav niisketes ruumides ja seda ei saa kanda m\u00e4rgadele seintele. Pahteldamise ajal ja pahtli kivistumisel peab ruumi, segu ja pahteldatava pinna temperatuur olema \u00fcle 0\u00b0C.<\/p>\n\t\t<\/div>\n\t\t\t\t\t<\/div>\n\n\t\n\n\t<div id=\"col-1914687968\" class=\"col medium-3 small-12 large-3\"  >\n\t\t\t\t<div class=\"col-inner\"  >\n\t\t\t\n\t\t\t\n\t<div id=\"gap-108596896\" class=\"gap-element clearfix\" style=\"display:block; height:auto;\">\n\t\t\n<style>\n#gap-108596896 {\n  padding-top: 30px;\n}\n<\/style>\n\t<\/div>\n\t\n<h3>Kasutusjuhend<\/h3>\n<p><a href=\"https:\/\/espak.ee\/epood\/wp-content\/uploads\/Kipspahtel-kasutusjuhend.pdf\" target=\"_blank\" rel=\"noopener noreferrer\"><i class=\"far fa-file-pdf\"><\/i> Kasutusjuhend (PDF)<\/a><\/p>\n<div class=\"is-divider divider clearfix\" ><\/div>\n<p><strong>\u00dcksikasjalikuma n\u00f5u saamiseks v\u00f5tke \u00fchendust:<br \/><\/strong> AS Uninaks<br \/>Liivalao 11<br \/>11316<br \/>Tallinn<br \/>+372 6565744<\/p>\n<div class=\"is-divider divider clearfix\" ><\/div>\n\t\t<\/div>\n\t\t\t\t\t<\/div>\n\n\t\n<\/div>\n","protected":false},"excerpt":{"rendered":"","protected":false},"featured_media":14009,"comment_status":"closed","ping_status":"open","template":"","meta":[],"product_brand":[],"product_cat":[2876,2698,2816,2697],"product_tag":[],"class_list":{"0":"post-13359","1":"product","2":"type-product","3":"status-publish","4":"has-post-thumbnail","6":"product_cat-kipskrohvid","7":"product_cat-pahtlid-ja-kuivsegud","8":"product_cat-seinatasandussegud","9":"product_cat-uldehitus","10":"pa_kaubamark-uninaks-as","12":"first","13":"instock","14":"sale","15":"taxable","16":"shipping-taxable","17":"purchasable","18":"product-type-simple"},"yoast_head":"<!-- This site is optimized with the Yoast SEO plugin v26.9 - https:\/\/yoast.com\/product\/yoast-seo-wordpress\/ -->\n<title>KIPSPAHTEL 5KG - Espak E-pood<\/title>\n<meta name=\"robots\" content=\"index, follow, max-snippet:-1, max-image-preview:large, max-video-preview:-1\" \/>\n<link rel=\"canonical\" href=\"https:\/\/espak.ee\/epood\/toode\/kipspahtel-5kg\/\" \/>\n<meta property=\"og:locale\" content=\"et_EE\" \/>\n<meta property=\"og:type\" content=\"article\" \/>\n<meta property=\"og:title\" content=\"KIPSPAHTEL 5KG - Espak E-pood\" \/>\n<meta property=\"og:url\" content=\"https:\/\/espak.ee\/epood\/toode\/kipspahtel-5kg\/\" \/>\n<meta property=\"og:site_name\" content=\"Espak E-pood\" \/>\n<meta property=\"article:modified_time\" content=\"2025-05-14T15:28:42+00:00\" \/>\n<meta property=\"og:image\" content=\"https:\/\/espak.ee\/epood\/wp-content\/uploads\/kipspahtel.jpg\" \/>\n\t<meta property=\"og:image:width\" content=\"394\" \/>\n\t<meta property=\"og:image:height\" content=\"394\" \/>\n\t<meta property=\"og:image:type\" content=\"image\/jpeg\" \/>\n<meta name=\"twitter:card\" content=\"summary_large_image\" \/>\n<meta name=\"twitter:label1\" content=\"Est. reading time\" \/>\n\t<meta name=\"twitter:data1\" content=\"1 minut\" \/>\n<script type=\"application\/ld+json\" class=\"yoast-schema-graph\">{\"@context\":\"https:\/\/schema.org\",\"@graph\":[{\"@type\":\"WebPage\",\"@id\":\"https:\/\/espak.ee\/epood\/toode\/kipspahtel-5kg\/\",\"url\":\"https:\/\/espak.ee\/epood\/toode\/kipspahtel-5kg\/\",\"name\":\"KIPSPAHTEL 5KG - Espak E-pood\",\"isPartOf\":{\"@id\":\"https:\/\/espak.ee\/epood\/#website\"},\"primaryImageOfPage\":{\"@id\":\"https:\/\/espak.ee\/epood\/toode\/kipspahtel-5kg\/#primaryimage\"},\"image\":{\"@id\":\"https:\/\/espak.ee\/epood\/toode\/kipspahtel-5kg\/#primaryimage\"},\"thumbnailUrl\":\"https:\/\/espak.ee\/epood\/wp-content\/uploads\/kipspahtel.jpg\",\"datePublished\":\"2019-12-21T00:51:41+00:00\",\"dateModified\":\"2025-05-14T15:28:42+00:00\",\"breadcrumb\":{\"@id\":\"https:\/\/espak.ee\/epood\/toode\/kipspahtel-5kg\/#breadcrumb\"},\"inLanguage\":\"et\",\"potentialAction\":[{\"@type\":\"ReadAction\",\"target\":[\"https:\/\/espak.ee\/epood\/toode\/kipspahtel-5kg\/\"]}]},{\"@type\":\"ImageObject\",\"inLanguage\":\"et\",\"@id\":\"https:\/\/espak.ee\/epood\/toode\/kipspahtel-5kg\/#primaryimage\",\"url\":\"https:\/\/espak.ee\/epood\/wp-content\/uploads\/kipspahtel.jpg\",\"contentUrl\":\"https:\/\/espak.ee\/epood\/wp-content\/uploads\/kipspahtel.jpg\",\"width\":394,\"height\":394},{\"@type\":\"BreadcrumbList\",\"@id\":\"https:\/\/espak.ee\/epood\/toode\/kipspahtel-5kg\/#breadcrumb\",\"itemListElement\":[{\"@type\":\"ListItem\",\"position\":1,\"name\":\"Home\",\"item\":\"https:\/\/espak.ee\/epood\/\"},{\"@type\":\"ListItem\",\"position\":2,\"name\":\"Tootevalik\",\"item\":\"https:\/\/espak.ee\/epood\/tootevalik\/\"},{\"@type\":\"ListItem\",\"position\":3,\"name\":\"KIPSPAHTEL 5KG\"}]},{\"@type\":\"WebSite\",\"@id\":\"https:\/\/espak.ee\/epood\/#website\",\"url\":\"https:\/\/espak.ee\/epood\/\",\"name\":\"Espak E-pood\",\"description\":\"\",\"potentialAction\":[{\"@type\":\"SearchAction\",\"target\":{\"@type\":\"EntryPoint\",\"urlTemplate\":\"https:\/\/espak.ee\/epood\/?s={search_term_string}\"},\"query-input\":{\"@type\":\"PropertyValueSpecification\",\"valueRequired\":true,\"valueName\":\"search_term_string\"}}],\"inLanguage\":\"et\"}]}<\/script>\n<!-- \/ Yoast SEO plugin. -->","yoast_head_json":{"title":"KIPSPAHTEL 5KG - Espak E-pood","robots":{"index":"index","follow":"follow","max-snippet":"max-snippet:-1","max-image-preview":"max-image-preview:large","max-video-preview":"max-video-preview:-1"},"canonical":"https:\/\/espak.ee\/epood\/toode\/kipspahtel-5kg\/","og_locale":"et_EE","og_type":"article","og_title":"KIPSPAHTEL 5KG - Espak E-pood","og_url":"https:\/\/espak.ee\/epood\/toode\/kipspahtel-5kg\/","og_site_name":"Espak E-pood","article_modified_time":"2025-05-14T15:28:42+00:00","og_image":[{"width":394,"height":394,"url":"https:\/\/espak.ee\/epood\/wp-content\/uploads\/kipspahtel.jpg","type":"image\/jpeg"}],"twitter_card":"summary_large_image","twitter_misc":{"Est. reading time":"1 minut"},"schema":{"@context":"https:\/\/schema.org","@graph":[{"@type":"WebPage","@id":"https:\/\/espak.ee\/epood\/toode\/kipspahtel-5kg\/","url":"https:\/\/espak.ee\/epood\/toode\/kipspahtel-5kg\/","name":"KIPSPAHTEL 5KG - Espak E-pood","isPartOf":{"@id":"https:\/\/espak.ee\/epood\/#website"},"primaryImageOfPage":{"@id":"https:\/\/espak.ee\/epood\/toode\/kipspahtel-5kg\/#primaryimage"},"image":{"@id":"https:\/\/espak.ee\/epood\/toode\/kipspahtel-5kg\/#primaryimage"},"thumbnailUrl":"https:\/\/espak.ee\/epood\/wp-content\/uploads\/kipspahtel.jpg","datePublished":"2019-12-21T00:51:41+00:00","dateModified":"2025-05-14T15:28:42+00:00","breadcrumb":{"@id":"https:\/\/espak.ee\/epood\/toode\/kipspahtel-5kg\/#breadcrumb"},"inLanguage":"et","potentialAction":[{"@type":"ReadAction","target":["https:\/\/espak.ee\/epood\/toode\/kipspahtel-5kg\/"]}]},{"@type":"ImageObject","inLanguage":"et","@id":"https:\/\/espak.ee\/epood\/toode\/kipspahtel-5kg\/#primaryimage","url":"https:\/\/espak.ee\/epood\/wp-content\/uploads\/kipspahtel.jpg","contentUrl":"https:\/\/espak.ee\/epood\/wp-content\/uploads\/kipspahtel.jpg","width":394,"height":394},{"@type":"BreadcrumbList","@id":"https:\/\/espak.ee\/epood\/toode\/kipspahtel-5kg\/#breadcrumb","itemListElement":[{"@type":"ListItem","position":1,"name":"Home","item":"https:\/\/espak.ee\/epood\/"},{"@type":"ListItem","position":2,"name":"Tootevalik","item":"https:\/\/espak.ee\/epood\/tootevalik\/"},{"@type":"ListItem","position":3,"name":"KIPSPAHTEL 5KG"}]},{"@type":"WebSite","@id":"https:\/\/espak.ee\/epood\/#website","url":"https:\/\/espak.ee\/epood\/","name":"Espak E-pood","description":"","potentialAction":[{"@type":"SearchAction","target":{"@type":"EntryPoint","urlTemplate":"https:\/\/espak.ee\/epood\/?s={search_term_string}"},"query-input":{"@type":"PropertyValueSpecification","valueRequired":true,"valueName":"search_term_string"}}],"inLanguage":"et"}]}},"_links":{"self":[{"href":"https:\/\/espak.ee\/epood\/wp-json\/wp\/v2\/product\/13359","targetHints":{"allow":["GET"]}}],"collection":[{"href":"https:\/\/espak.ee\/epood\/wp-json\/wp\/v2\/product"}],"about":[{"href":"https:\/\/espak.ee\/epood\/wp-json\/wp\/v2\/types\/product"}],"replies":[{"embeddable":true,"href":"https:\/\/espak.ee\/epood\/wp-json\/wp\/v2\/comments?post=13359"}],"wp:featuredmedia":[{"embeddable":true,"href":"https:\/\/espak.ee\/epood\/wp-json\/wp\/v2\/media\/14009"}],"wp:attachment":[{"href":"https:\/\/espak.ee\/epood\/wp-json\/wp\/v2\/media?parent=13359"}],"wp:term":[{"taxonomy":"product_brand","embeddable":true,"href":"https:\/\/espak.ee\/epood\/wp-json\/wp\/v2\/product_brand?post=13359"},{"taxonomy":"product_cat","embeddable":true,"href":"https:\/\/espak.ee\/epood\/wp-json\/wp\/v2\/product_cat?post=13359"},{"taxonomy":"product_tag","embeddable":true,"href":"https:\/\/espak.ee\/epood\/wp-json\/wp\/v2\/product_tag?post=13359"}],"curies":[{"name":"wp","href":"https:\/\/api.w.org\/{rel}","templated":true}]}}