{"id":13354,"date":"2019-12-21T02:51:41","date_gmt":"2019-12-21T00:51:41","guid":{"rendered":"https:\/\/espak.ee\/hinnakiri\/?post_type=product&#038;p=13354"},"modified":"2024-03-23T00:04:38","modified_gmt":"2024-03-22T22:04:38","slug":"kiirbetoon-kb-25kg","status":"publish","type":"product","link":"https:\/\/espak.ee\/epood\/toode\/kiirbetoon-kb-25kg\/","title":{"rendered":"KIIRBETOON KB 25KG"},"content":{"rendered":"<div class=\"row\"  id=\"row-1352388936\">\n\n\t<div id=\"col-1681335556\" class=\"col medium-9 small-12 large-9\"  >\n\t\t\t\t<div class=\"col-inner\"  >\n\t\t\t\n\t\t\t\n<h2>Kiirbetoon KB<\/h2>\n<p>Kiirust n\u00f5udvateks t\u00e4ite-, tasandus- ja valut\u00f6\u00f6deks.<\/p>\n\t<div id=\"gap-659695795\" class=\"gap-element clearfix\" style=\"display:block; height:auto;\">\n\t\t\n<style>\n#gap-659695795 {\n  padding-top: 30px;\n}\n<\/style>\n\t<\/div>\n\t\n<h3>Kasutamise \u00fcksikasjad<\/h3>\n<p><strong>Kasutuskohad:<\/strong> Tasanduskihtide valamiseks, mitmesugusteks valut\u00f6\u00f6deks. Betoonpindade valmistamiseks ja vana betooni remondiks, v\u00e4ikesemahuliste betoonkonstruktsioonide valuks, montaa\u017eivigade parandamiseks. Kasutamiseks sise-ja v\u00e4listingimustes.<\/p>\n<p><strong>Ettevalmistus t\u00f6\u00f6ks:<\/strong> Vajalik kogus segupulbrit kallata segamisn\u00f5usse v\u00f5i segistisse. Lisada vett 18%  segu kaalust. (4,5 liitrit 25 kg koti kohta) Segada mehaaniliselt v\u00f5i k\u00e4sitsi kuni segu t\u00e4ieliku m\u00e4rgumiseni. Valmissegatud segu kasutatav 10-15 min peale vee lisamisest.<\/p>\n<p><strong>Kasutamine:<\/strong> Kiirbetooniga t\u00f6\u00f6tamisel peab aluspinna ja keskkonna temperatuur olema pluss kraadides. V\u00e4rskelt valatud betooni hoida k\u00fclmumise eest. Segu kuivamise ajal kaitsta v\u00e4rsket betooni vihma ja otsese p\u00e4ikesekiirguse eest. Kivineva betooni temperatuur t\u00f5useb tunduvalt.<\/p>\n<p><strong>Ohutus:<\/strong> Toode sisaldab tsementi. Veega kokkupuutumisel tekib leeliseline reaktsioon. V\u00f5ib tekitada naha\u00e4rritust. Silma sattumisel loputa kohe rohke puhta veega. T\u00e4psemad andmed toote ohutuskaardilt.<\/p>\n\t\t<\/div>\n\t\t\t\t\t<\/div>\n\n\t\n\n\t<div id=\"col-629653750\" class=\"col medium-3 small-12 large-3\"  >\n\t\t\t\t<div class=\"col-inner\"  >\n\t\t\t\n\t\t\t\n\t<div id=\"gap-495783105\" class=\"gap-element clearfix\" style=\"display:block; height:auto;\">\n\t\t\n<style>\n#gap-495783105 {\n  padding-top: 30px;\n}\n<\/style>\n\t<\/div>\n\t\n<h3>Kasutusjuhend<\/h3>\n<p><a href=\"https:\/\/espak.ee\/epood\/wp-content\/uploads\/Kiirbetoon-KB-kasutusjuhend.pdf\" target=\"_blank\" rel=\"noopener noreferrer\"><i class=\"far fa-file-pdf\"><\/i> Kasutusjuhend (PDF)<\/a><\/p>\n<h3>Ohutusalane teave<\/h3>\n<p><a href=\"https:\/\/espak.ee\/epood\/wp-content\/uploads\/Kiirbetoon-KB-ohutuskaart.pdf\" target=\"_blank\" rel=\"noopener noreferrer\"><i class=\"far fa-file-pdf\"><\/i> Ohutusalane teave (PDF)<\/a><\/p>\n<div class=\"is-divider divider clearfix\" ><\/div>\n<p><strong>\u00dcksikasjalikuma n\u00f5u saamiseks v\u00f5tke \u00fchendust:<br \/><\/strong> AS Uninaks<br \/>Liivalao 11<br \/>11316<br \/>Tallinn<br \/>+372 6565744<\/p>\n<div class=\"is-divider divider clearfix\" ><\/div>\n\t\t<\/div>\n\t\t\t\t\t<\/div>\n\n\t\n<\/div>\n","protected":false},"excerpt":{"rendered":"","protected":false},"featured_media":14002,"comment_status":"closed","ping_status":"open","template":"","meta":[],"product_brand":[],"product_cat":[2860,2698,2814,2697],"product_tag":[],"class_list":{"0":"post-13354","1":"product","2":"type-product","3":"status-publish","4":"has-post-thumbnail","6":"product_cat-betoon","7":"product_cat-pahtlid-ja-kuivsegud","8":"product_cat-tsementsegud","9":"product_cat-uldehitus","10":"pa_kaubamark-uninaks-as","12":"first","13":"instock","14":"sale","15":"taxable","16":"shipping-taxable","17":"purchasable","18":"product-type-simple"},"yoast_head":"<!-- This site is optimized with the Yoast SEO plugin v26.9 - https:\/\/yoast.com\/product\/yoast-seo-wordpress\/ -->\n<title>KIIRBETOON KB 25KG - Espak E-pood<\/title>\n<meta name=\"robots\" content=\"index, follow, max-snippet:-1, max-image-preview:large, max-video-preview:-1\" \/>\n<link rel=\"canonical\" href=\"https:\/\/espak.ee\/epood\/toode\/kiirbetoon-kb-25kg\/\" \/>\n<meta property=\"og:locale\" content=\"et_EE\" \/>\n<meta property=\"og:type\" content=\"article\" \/>\n<meta property=\"og:title\" content=\"KIIRBETOON KB 25KG - Espak E-pood\" \/>\n<meta property=\"og:url\" content=\"https:\/\/espak.ee\/epood\/toode\/kiirbetoon-kb-25kg\/\" \/>\n<meta property=\"og:site_name\" content=\"Espak E-pood\" \/>\n<meta property=\"article:modified_time\" content=\"2024-03-22T22:04:38+00:00\" \/>\n<meta property=\"og:image\" content=\"https:\/\/espak.ee\/epood\/wp-content\/uploads\/Kiirbetoon-KB.jpg\" \/>\n\t<meta property=\"og:image:width\" content=\"1024\" \/>\n\t<meta property=\"og:image:height\" content=\"1024\" \/>\n\t<meta property=\"og:image:type\" content=\"image\/jpeg\" \/>\n<meta name=\"twitter:card\" content=\"summary_large_image\" \/>\n<meta name=\"twitter:label1\" content=\"Est. reading time\" \/>\n\t<meta name=\"twitter:data1\" content=\"1 minut\" \/>\n<script type=\"application\/ld+json\" class=\"yoast-schema-graph\">{\"@context\":\"https:\/\/schema.org\",\"@graph\":[{\"@type\":\"WebPage\",\"@id\":\"https:\/\/espak.ee\/epood\/toode\/kiirbetoon-kb-25kg\/\",\"url\":\"https:\/\/espak.ee\/epood\/toode\/kiirbetoon-kb-25kg\/\",\"name\":\"KIIRBETOON KB 25KG - Espak E-pood\",\"isPartOf\":{\"@id\":\"https:\/\/espak.ee\/epood\/#website\"},\"primaryImageOfPage\":{\"@id\":\"https:\/\/espak.ee\/epood\/toode\/kiirbetoon-kb-25kg\/#primaryimage\"},\"image\":{\"@id\":\"https:\/\/espak.ee\/epood\/toode\/kiirbetoon-kb-25kg\/#primaryimage\"},\"thumbnailUrl\":\"https:\/\/espak.ee\/epood\/wp-content\/uploads\/Kiirbetoon-KB.jpg\",\"datePublished\":\"2019-12-21T00:51:41+00:00\",\"dateModified\":\"2024-03-22T22:04:38+00:00\",\"breadcrumb\":{\"@id\":\"https:\/\/espak.ee\/epood\/toode\/kiirbetoon-kb-25kg\/#breadcrumb\"},\"inLanguage\":\"et\",\"potentialAction\":[{\"@type\":\"ReadAction\",\"target\":[\"https:\/\/espak.ee\/epood\/toode\/kiirbetoon-kb-25kg\/\"]}]},{\"@type\":\"ImageObject\",\"inLanguage\":\"et\",\"@id\":\"https:\/\/espak.ee\/epood\/toode\/kiirbetoon-kb-25kg\/#primaryimage\",\"url\":\"https:\/\/espak.ee\/epood\/wp-content\/uploads\/Kiirbetoon-KB.jpg\",\"contentUrl\":\"https:\/\/espak.ee\/epood\/wp-content\/uploads\/Kiirbetoon-KB.jpg\",\"width\":1024,\"height\":1024},{\"@type\":\"BreadcrumbList\",\"@id\":\"https:\/\/espak.ee\/epood\/toode\/kiirbetoon-kb-25kg\/#breadcrumb\",\"itemListElement\":[{\"@type\":\"ListItem\",\"position\":1,\"name\":\"Home\",\"item\":\"https:\/\/espak.ee\/epood\/\"},{\"@type\":\"ListItem\",\"position\":2,\"name\":\"Tootevalik\",\"item\":\"https:\/\/espak.ee\/epood\/tootevalik\/\"},{\"@type\":\"ListItem\",\"position\":3,\"name\":\"KIIRBETOON KB 25KG\"}]},{\"@type\":\"WebSite\",\"@id\":\"https:\/\/espak.ee\/epood\/#website\",\"url\":\"https:\/\/espak.ee\/epood\/\",\"name\":\"Espak E-pood\",\"description\":\"\",\"potentialAction\":[{\"@type\":\"SearchAction\",\"target\":{\"@type\":\"EntryPoint\",\"urlTemplate\":\"https:\/\/espak.ee\/epood\/?s={search_term_string}\"},\"query-input\":{\"@type\":\"PropertyValueSpecification\",\"valueRequired\":true,\"valueName\":\"search_term_string\"}}],\"inLanguage\":\"et\"}]}<\/script>\n<!-- \/ Yoast SEO plugin. -->","yoast_head_json":{"title":"KIIRBETOON KB 25KG - Espak E-pood","robots":{"index":"index","follow":"follow","max-snippet":"max-snippet:-1","max-image-preview":"max-image-preview:large","max-video-preview":"max-video-preview:-1"},"canonical":"https:\/\/espak.ee\/epood\/toode\/kiirbetoon-kb-25kg\/","og_locale":"et_EE","og_type":"article","og_title":"KIIRBETOON KB 25KG - Espak E-pood","og_url":"https:\/\/espak.ee\/epood\/toode\/kiirbetoon-kb-25kg\/","og_site_name":"Espak E-pood","article_modified_time":"2024-03-22T22:04:38+00:00","og_image":[{"width":1024,"height":1024,"url":"https:\/\/espak.ee\/epood\/wp-content\/uploads\/Kiirbetoon-KB.jpg","type":"image\/jpeg"}],"twitter_card":"summary_large_image","twitter_misc":{"Est. reading time":"1 minut"},"schema":{"@context":"https:\/\/schema.org","@graph":[{"@type":"WebPage","@id":"https:\/\/espak.ee\/epood\/toode\/kiirbetoon-kb-25kg\/","url":"https:\/\/espak.ee\/epood\/toode\/kiirbetoon-kb-25kg\/","name":"KIIRBETOON KB 25KG - Espak E-pood","isPartOf":{"@id":"https:\/\/espak.ee\/epood\/#website"},"primaryImageOfPage":{"@id":"https:\/\/espak.ee\/epood\/toode\/kiirbetoon-kb-25kg\/#primaryimage"},"image":{"@id":"https:\/\/espak.ee\/epood\/toode\/kiirbetoon-kb-25kg\/#primaryimage"},"thumbnailUrl":"https:\/\/espak.ee\/epood\/wp-content\/uploads\/Kiirbetoon-KB.jpg","datePublished":"2019-12-21T00:51:41+00:00","dateModified":"2024-03-22T22:04:38+00:00","breadcrumb":{"@id":"https:\/\/espak.ee\/epood\/toode\/kiirbetoon-kb-25kg\/#breadcrumb"},"inLanguage":"et","potentialAction":[{"@type":"ReadAction","target":["https:\/\/espak.ee\/epood\/toode\/kiirbetoon-kb-25kg\/"]}]},{"@type":"ImageObject","inLanguage":"et","@id":"https:\/\/espak.ee\/epood\/toode\/kiirbetoon-kb-25kg\/#primaryimage","url":"https:\/\/espak.ee\/epood\/wp-content\/uploads\/Kiirbetoon-KB.jpg","contentUrl":"https:\/\/espak.ee\/epood\/wp-content\/uploads\/Kiirbetoon-KB.jpg","width":1024,"height":1024},{"@type":"BreadcrumbList","@id":"https:\/\/espak.ee\/epood\/toode\/kiirbetoon-kb-25kg\/#breadcrumb","itemListElement":[{"@type":"ListItem","position":1,"name":"Home","item":"https:\/\/espak.ee\/epood\/"},{"@type":"ListItem","position":2,"name":"Tootevalik","item":"https:\/\/espak.ee\/epood\/tootevalik\/"},{"@type":"ListItem","position":3,"name":"KIIRBETOON KB 25KG"}]},{"@type":"WebSite","@id":"https:\/\/espak.ee\/epood\/#website","url":"https:\/\/espak.ee\/epood\/","name":"Espak E-pood","description":"","potentialAction":[{"@type":"SearchAction","target":{"@type":"EntryPoint","urlTemplate":"https:\/\/espak.ee\/epood\/?s={search_term_string}"},"query-input":{"@type":"PropertyValueSpecification","valueRequired":true,"valueName":"search_term_string"}}],"inLanguage":"et"}]}},"_links":{"self":[{"href":"https:\/\/espak.ee\/epood\/wp-json\/wp\/v2\/product\/13354","targetHints":{"allow":["GET"]}}],"collection":[{"href":"https:\/\/espak.ee\/epood\/wp-json\/wp\/v2\/product"}],"about":[{"href":"https:\/\/espak.ee\/epood\/wp-json\/wp\/v2\/types\/product"}],"replies":[{"embeddable":true,"href":"https:\/\/espak.ee\/epood\/wp-json\/wp\/v2\/comments?post=13354"}],"wp:featuredmedia":[{"embeddable":true,"href":"https:\/\/espak.ee\/epood\/wp-json\/wp\/v2\/media\/14002"}],"wp:attachment":[{"href":"https:\/\/espak.ee\/epood\/wp-json\/wp\/v2\/media?parent=13354"}],"wp:term":[{"taxonomy":"product_brand","embeddable":true,"href":"https:\/\/espak.ee\/epood\/wp-json\/wp\/v2\/product_brand?post=13354"},{"taxonomy":"product_cat","embeddable":true,"href":"https:\/\/espak.ee\/epood\/wp-json\/wp\/v2\/product_cat?post=13354"},{"taxonomy":"product_tag","embeddable":true,"href":"https:\/\/espak.ee\/epood\/wp-json\/wp\/v2\/product_tag?post=13354"}],"curies":[{"name":"wp","href":"https:\/\/api.w.org\/{rel}","templated":true}]}}