{"id":133463,"date":"2022-09-24T07:52:16","date_gmt":"2022-09-24T07:52:16","guid":{"rendered":"https:\/\/espak.ee\/epood\/?post_type=product&#038;p=133463"},"modified":"2024-12-03T00:17:20","modified_gmt":"2024-12-02T22:17:20","slug":"valguskett-akku-160-led-112m-3aa-mitmevarviline","status":"publish","type":"product","link":"https:\/\/espak.ee\/epood\/toode\/valguskett-akku-160-led-112m-3aa-mitmevarviline\/","title":{"rendered":"VALGUSKETT AKKU 160 LED 11,2M 3*AA MITMEV\u00c4RVILINE"},"content":{"rendered":"<div class=\"row\"  id=\"row-2120454606\">\n\n\t<div id=\"col-817551105\" class=\"col medium-9 small-12 large-9\"  >\n\t\t\t\t<div class=\"col-inner\"  >\n\t\t\t\n\t\t\t\n<h3>Valguskett AKKU 160 LED mitmev\u00e4rviline  <\/h3>\n<p>160 LED valguskett aia v\u00f5i toa kaunistamiseks.<br \/>\nToide: 3 x AA patarei (ei kuulu tarnekomplekti).<br \/>\nKeti pikkus: 11,2 m.<br \/>\nToitekaabel: PVC, 0,5 m.<br \/>\nKasutamiseks sise- ja v\u00e4listingimustes.<br \/>\nLampide arv: 160.<br \/>\nLampide vahe 7cm.<br \/>\nTaimer: 6h t\u00f6\u00f6s, 18h v\u00e4ljal\u00fclitatud, kordus.<br \/>\nT\u00f6\u00f6temperatuur Min\/Max: -10\u00b0C &#8211; +45\u00b0C.<br \/>\nIP44.\n<\/p>\n\t\t<\/div>\n\t\t\t\t\t<\/div>\n\n\t\n\n\t<div id=\"col-906677155\" class=\"col medium-3 small-12 large-3\"  >\n\t\t\t\t<div class=\"col-inner\"  >\n\t\t\t\n\t\t\t\n<div class=\"is-divider divider clearfix\" ><\/div>\n<p><strong>\u00dcksikasjalikuma n\u00f5u saamiseks v\u00f5tke \u00fchendust:<br \/><\/strong>Espak AS<br \/>Viadukti 42<br \/>11313<br \/>Tallinn<br \/>+372 6 512333<\/p>\n\t\t<\/div>\n\t\t\t\t\t<\/div>\n\n\t\n<\/div>\n","protected":false},"excerpt":{"rendered":"","protected":false},"featured_media":134834,"comment_status":"closed","ping_status":"closed","template":"","meta":[],"product_brand":[],"product_cat":[2934,3306,3488,2959],"product_tag":[],"class_list":{"0":"post-133463","1":"product","2":"type-product","3":"status-publish","4":"has-post-thumbnail","6":"product_cat-elektrikaubad-ja-valgustid","7":"product_cat-jouluvalgustid","8":"product_cat-jouluvalgustid-jouluvalgustid","9":"product_cat-valgustid","10":"pa_kaubamark-star-trading-ab","12":"first","13":"instock","14":"sale","15":"taxable","16":"shipping-taxable","17":"purchasable","18":"product-type-simple"},"yoast_head":"<!-- This site is optimized with the Yoast SEO plugin v26.9 - https:\/\/yoast.com\/product\/yoast-seo-wordpress\/ -->\n<title>VALGUSKETT AKKU 160 LED 11,2M 3*AA MITMEV\u00c4RVILINE - Espak E-pood<\/title>\n<meta name=\"robots\" content=\"index, follow, max-snippet:-1, max-image-preview:large, max-video-preview:-1\" \/>\n<link rel=\"canonical\" href=\"https:\/\/espak.ee\/epood\/toode\/valguskett-akku-160-led-112m-3aa-mitmevarviline\/\" \/>\n<meta property=\"og:locale\" content=\"et_EE\" \/>\n<meta property=\"og:type\" content=\"article\" \/>\n<meta property=\"og:title\" content=\"VALGUSKETT AKKU 160 LED 11,2M 3*AA MITMEV\u00c4RVILINE - Espak E-pood\" \/>\n<meta property=\"og:url\" content=\"https:\/\/espak.ee\/epood\/toode\/valguskett-akku-160-led-112m-3aa-mitmevarviline\/\" \/>\n<meta property=\"og:site_name\" content=\"Espak E-pood\" \/>\n<meta property=\"article:modified_time\" content=\"2024-12-02T22:17:20+00:00\" \/>\n<meta property=\"og:image\" content=\"https:\/\/espak.ee\/epood\/wp-content\/uploads\/2022\/09\/727-37_MN.png\" \/>\n\t<meta property=\"og:image:width\" content=\"600\" \/>\n\t<meta property=\"og:image:height\" content=\"602\" \/>\n\t<meta property=\"og:image:type\" content=\"image\/png\" \/>\n<meta name=\"twitter:card\" content=\"summary_large_image\" \/>\n<script type=\"application\/ld+json\" class=\"yoast-schema-graph\">{\"@context\":\"https:\/\/schema.org\",\"@graph\":[{\"@type\":\"WebPage\",\"@id\":\"https:\/\/espak.ee\/epood\/toode\/valguskett-akku-160-led-112m-3aa-mitmevarviline\/\",\"url\":\"https:\/\/espak.ee\/epood\/toode\/valguskett-akku-160-led-112m-3aa-mitmevarviline\/\",\"name\":\"VALGUSKETT AKKU 160 LED 11,2M 3*AA MITMEV\u00c4RVILINE - Espak E-pood\",\"isPartOf\":{\"@id\":\"https:\/\/espak.ee\/epood\/#website\"},\"primaryImageOfPage\":{\"@id\":\"https:\/\/espak.ee\/epood\/toode\/valguskett-akku-160-led-112m-3aa-mitmevarviline\/#primaryimage\"},\"image\":{\"@id\":\"https:\/\/espak.ee\/epood\/toode\/valguskett-akku-160-led-112m-3aa-mitmevarviline\/#primaryimage\"},\"thumbnailUrl\":\"https:\/\/espak.ee\/epood\/wp-content\/uploads\/2022\/09\/727-37_MN.png\",\"datePublished\":\"2022-09-24T07:52:16+00:00\",\"dateModified\":\"2024-12-02T22:17:20+00:00\",\"breadcrumb\":{\"@id\":\"https:\/\/espak.ee\/epood\/toode\/valguskett-akku-160-led-112m-3aa-mitmevarviline\/#breadcrumb\"},\"inLanguage\":\"et\",\"potentialAction\":[{\"@type\":\"ReadAction\",\"target\":[\"https:\/\/espak.ee\/epood\/toode\/valguskett-akku-160-led-112m-3aa-mitmevarviline\/\"]}]},{\"@type\":\"ImageObject\",\"inLanguage\":\"et\",\"@id\":\"https:\/\/espak.ee\/epood\/toode\/valguskett-akku-160-led-112m-3aa-mitmevarviline\/#primaryimage\",\"url\":\"https:\/\/espak.ee\/epood\/wp-content\/uploads\/2022\/09\/727-37_MN.png\",\"contentUrl\":\"https:\/\/espak.ee\/epood\/wp-content\/uploads\/2022\/09\/727-37_MN.png\",\"width\":600,\"height\":602},{\"@type\":\"BreadcrumbList\",\"@id\":\"https:\/\/espak.ee\/epood\/toode\/valguskett-akku-160-led-112m-3aa-mitmevarviline\/#breadcrumb\",\"itemListElement\":[{\"@type\":\"ListItem\",\"position\":1,\"name\":\"Home\",\"item\":\"https:\/\/espak.ee\/epood\/\"},{\"@type\":\"ListItem\",\"position\":2,\"name\":\"Tootevalik\",\"item\":\"https:\/\/espak.ee\/epood\/tootevalik\/\"},{\"@type\":\"ListItem\",\"position\":3,\"name\":\"VALGUSKETT AKKU 160 LED 11,2M 3*AA MITMEV\u00c4RVILINE\"}]},{\"@type\":\"WebSite\",\"@id\":\"https:\/\/espak.ee\/epood\/#website\",\"url\":\"https:\/\/espak.ee\/epood\/\",\"name\":\"Espak E-pood\",\"description\":\"\",\"potentialAction\":[{\"@type\":\"SearchAction\",\"target\":{\"@type\":\"EntryPoint\",\"urlTemplate\":\"https:\/\/espak.ee\/epood\/?s={search_term_string}\"},\"query-input\":{\"@type\":\"PropertyValueSpecification\",\"valueRequired\":true,\"valueName\":\"search_term_string\"}}],\"inLanguage\":\"et\"}]}<\/script>\n<!-- \/ Yoast SEO plugin. -->","yoast_head_json":{"title":"VALGUSKETT AKKU 160 LED 11,2M 3*AA MITMEV\u00c4RVILINE - Espak E-pood","robots":{"index":"index","follow":"follow","max-snippet":"max-snippet:-1","max-image-preview":"max-image-preview:large","max-video-preview":"max-video-preview:-1"},"canonical":"https:\/\/espak.ee\/epood\/toode\/valguskett-akku-160-led-112m-3aa-mitmevarviline\/","og_locale":"et_EE","og_type":"article","og_title":"VALGUSKETT AKKU 160 LED 11,2M 3*AA MITMEV\u00c4RVILINE - Espak E-pood","og_url":"https:\/\/espak.ee\/epood\/toode\/valguskett-akku-160-led-112m-3aa-mitmevarviline\/","og_site_name":"Espak E-pood","article_modified_time":"2024-12-02T22:17:20+00:00","og_image":[{"width":600,"height":602,"url":"https:\/\/espak.ee\/epood\/wp-content\/uploads\/2022\/09\/727-37_MN.png","type":"image\/png"}],"twitter_card":"summary_large_image","schema":{"@context":"https:\/\/schema.org","@graph":[{"@type":"WebPage","@id":"https:\/\/espak.ee\/epood\/toode\/valguskett-akku-160-led-112m-3aa-mitmevarviline\/","url":"https:\/\/espak.ee\/epood\/toode\/valguskett-akku-160-led-112m-3aa-mitmevarviline\/","name":"VALGUSKETT AKKU 160 LED 11,2M 3*AA MITMEV\u00c4RVILINE - Espak E-pood","isPartOf":{"@id":"https:\/\/espak.ee\/epood\/#website"},"primaryImageOfPage":{"@id":"https:\/\/espak.ee\/epood\/toode\/valguskett-akku-160-led-112m-3aa-mitmevarviline\/#primaryimage"},"image":{"@id":"https:\/\/espak.ee\/epood\/toode\/valguskett-akku-160-led-112m-3aa-mitmevarviline\/#primaryimage"},"thumbnailUrl":"https:\/\/espak.ee\/epood\/wp-content\/uploads\/2022\/09\/727-37_MN.png","datePublished":"2022-09-24T07:52:16+00:00","dateModified":"2024-12-02T22:17:20+00:00","breadcrumb":{"@id":"https:\/\/espak.ee\/epood\/toode\/valguskett-akku-160-led-112m-3aa-mitmevarviline\/#breadcrumb"},"inLanguage":"et","potentialAction":[{"@type":"ReadAction","target":["https:\/\/espak.ee\/epood\/toode\/valguskett-akku-160-led-112m-3aa-mitmevarviline\/"]}]},{"@type":"ImageObject","inLanguage":"et","@id":"https:\/\/espak.ee\/epood\/toode\/valguskett-akku-160-led-112m-3aa-mitmevarviline\/#primaryimage","url":"https:\/\/espak.ee\/epood\/wp-content\/uploads\/2022\/09\/727-37_MN.png","contentUrl":"https:\/\/espak.ee\/epood\/wp-content\/uploads\/2022\/09\/727-37_MN.png","width":600,"height":602},{"@type":"BreadcrumbList","@id":"https:\/\/espak.ee\/epood\/toode\/valguskett-akku-160-led-112m-3aa-mitmevarviline\/#breadcrumb","itemListElement":[{"@type":"ListItem","position":1,"name":"Home","item":"https:\/\/espak.ee\/epood\/"},{"@type":"ListItem","position":2,"name":"Tootevalik","item":"https:\/\/espak.ee\/epood\/tootevalik\/"},{"@type":"ListItem","position":3,"name":"VALGUSKETT AKKU 160 LED 11,2M 3*AA MITMEV\u00c4RVILINE"}]},{"@type":"WebSite","@id":"https:\/\/espak.ee\/epood\/#website","url":"https:\/\/espak.ee\/epood\/","name":"Espak E-pood","description":"","potentialAction":[{"@type":"SearchAction","target":{"@type":"EntryPoint","urlTemplate":"https:\/\/espak.ee\/epood\/?s={search_term_string}"},"query-input":{"@type":"PropertyValueSpecification","valueRequired":true,"valueName":"search_term_string"}}],"inLanguage":"et"}]}},"_links":{"self":[{"href":"https:\/\/espak.ee\/epood\/wp-json\/wp\/v2\/product\/133463","targetHints":{"allow":["GET"]}}],"collection":[{"href":"https:\/\/espak.ee\/epood\/wp-json\/wp\/v2\/product"}],"about":[{"href":"https:\/\/espak.ee\/epood\/wp-json\/wp\/v2\/types\/product"}],"replies":[{"embeddable":true,"href":"https:\/\/espak.ee\/epood\/wp-json\/wp\/v2\/comments?post=133463"}],"wp:featuredmedia":[{"embeddable":true,"href":"https:\/\/espak.ee\/epood\/wp-json\/wp\/v2\/media\/134834"}],"wp:attachment":[{"href":"https:\/\/espak.ee\/epood\/wp-json\/wp\/v2\/media?parent=133463"}],"wp:term":[{"taxonomy":"product_brand","embeddable":true,"href":"https:\/\/espak.ee\/epood\/wp-json\/wp\/v2\/product_brand?post=133463"},{"taxonomy":"product_cat","embeddable":true,"href":"https:\/\/espak.ee\/epood\/wp-json\/wp\/v2\/product_cat?post=133463"},{"taxonomy":"product_tag","embeddable":true,"href":"https:\/\/espak.ee\/epood\/wp-json\/wp\/v2\/product_tag?post=133463"}],"curies":[{"name":"wp","href":"https:\/\/api.w.org\/{rel}","templated":true}]}}