{"id":133258,"date":"2022-09-23T08:13:14","date_gmt":"2022-09-23T08:13:14","guid":{"rendered":"https:\/\/espak.ee\/epood\/?post_type=product&#038;p=133258"},"modified":"2026-03-16T11:42:33","modified_gmt":"2026-03-16T09:42:33","slug":"akutolmuimeja-einhell-te-sv-18-li-solo","status":"publish","type":"product","link":"https:\/\/espak.ee\/epood\/toode\/akutolmuimeja-einhell-te-sv-18-li-solo\/","title":{"rendered":"AKUTOLMUIMEJA EINHELL TE-SV 18 LI-SOLO"},"content":{"rendered":"<div class=\"row\"  id=\"row-352060232\">\n\n\t<div id=\"col-240863643\" class=\"col medium-9 small-12 large-9\"  >\n\t\t\t\t<div class=\"col-inner\"  >\n\t\t\t\n\t\t\t\n<h3>Akutolmuimeja Einhell TE-SV 18 Li-Solo<\/h3>\n<div class=\"message-box relative\" style=\"padding-top:15px;padding-bottom:15px;\"><div class=\"message-box-bg-image bg-fill fill\" ><\/div><div class=\"message-box-bg-overlay bg-fill fill\" ><\/div><div class=\"container relative\"><div class=\"inner last-reset\">\n<div class=\"row align-middle align-center\"  id=\"row-2127250910\">\n\n\t<div id=\"col-200128387\" class=\"col small-12 large-12\"  >\n\t\t\t\t<div class=\"col-inner text-left\"  >\n\t\t\t\n\t\t\t\n<h4>Omadused<\/h4>\n<div class=\"row\"  id=\"row-820629987\">\n\n\t<div id=\"col-292544368\" class=\"col medium-6 small-12 large-6\"  >\n\t\t\t\t<div class=\"col-inner\"  >\n\t\t\t\n\t\t\t\n<p><i class=\"far fa-check-circle fa-2x\"><\/i><strong>\u00a0Power X-Change\u00b4i tootepere liige<\/strong><\/p>\n<p><i class=\"far fa-check-circle fa-2x\"><\/i><strong> 2-in-1 eelis: v\u00e4ike + kerge <\/strong><\/p>\n<p><i class=\"far fa-check-circle fa-2x\"><\/i><strong> Imemisv\u00f5imsuse kohandamine iga olukorraga: ECO v\u00f5i BOOST re\u017eiim<br \/>\n <\/strong><\/p>\n<p><i class=\"far fa-check-circle fa-2x\"><\/i><strong> Ilma kotita: t\u00fchjendage tolmukogumismahuti \u00fche nupuvajutusega\u00a0<\/strong><\/p>\n<p><i class=\"far fa-check-circle fa-2x\"><\/i><strong> Komplekt ilma akuta ja akulaadijata (saadaval eraldi)\u00a0<\/strong><\/p>\n\t\t<\/div>\n\t\t\t\t\n<style>\n#col-292544368 > .col-inner {\n  margin: 0px 0px 15px 0px;\n}\n<\/style>\n\t<\/div>\n\n\t\n\n\t<div id=\"col-1766658304\" class=\"col medium-6 small-12 large-6\"  >\n\t\t\t\t<div class=\"col-inner\"  >\n\t\t\t\n\t\t\t\n<p><i class=\"far fa-check-circle fa-2x\"><\/i><strong> 4x LED kohtvalgusti<\/strong><\/p>\n<p><i class=\"far fa-check-circle fa-2x\"><\/i><strong> Kaasas p\u00f5randaotsak k\u00f5vade p\u00f5randate ja siledate pindade jaoks\u00a0<\/strong><\/p>\n<p><i class=\"far fa-check-circle fa-2x\"><\/i><strong> Sobib erinevate p\u00f5randapindade puhastamiseks\u00a0<\/strong><\/p>\n<p><i class=\"far fa-check-circle fa-2x\"><\/i><strong> Ruumis\u00e4\u00e4stlik hoidmine t\u00e4nu seinahoidikule<\/strong><\/p>\n\t\t<\/div>\n\t\t\t\t\n<style>\n#col-1766658304 > .col-inner {\n  margin: 0px 0px 15px 0px;\n}\n<\/style>\n\t<\/div>\n\n\t\n<\/div>\n\t\t<\/div>\n\t\t\t\t\t<\/div>\n\n\t\n<\/div>\n<\/div><\/div><\/div>\n\t<div id=\"gap-2059581436\" class=\"gap-element clearfix\" style=\"display:block; height:auto;\">\n\t\t\n<style>\n#gap-2059581436 {\n  padding-top: 30px;\n}\n<\/style>\n\t<\/div>\n\t\n<h2>Tootekirjeldus<\/h2>\n<p> Juhtmeta p\u00fcsttolmuimeja kasutamiseks on vaja 18 V akut. Katkematu t\u00f6\u00f6 ilma juhtmeta: see on v\u00f5imalik t\u00e4nu Power X-Change vahetatavale akus\u00fcsteemile ja kiirlaadimistehnoloogiale. Kui sisestatud aku on t\u00fchi, saab selle h\u00f5lpsasti t\u00e4islaetud aku vastu vahetada. Olenevalt akust on v\u00f5imalik saavutada ka v\u00e4ga pikki t\u00f6\u00f6aegu, kuna n\u00e4iteks 6 Ah aku annab tolmuimejale ECO-re\u017eiimis kuni 80 minutit voolu.<br \/>\nKummeeritud rattad on vaiksed ja kaitsevad tundlikke p\u00f5randakatteid, n\u00e4iteks parkettp\u00f5randaid. T\u00e4nu oma kompaktsele ja kergele disainile on juhtmeta tolmuimejat lihtne haarata.<br \/>\nImuril on t\u00f5hus kolmekordne filtris\u00fcsteem.<br \/>\nMustusekogumismahuti t\u00fchjendatakse lihtsalt nupuvajutusega, seega pole lisakotti vaja. See kaitseb keskkonda, s\u00e4\u00e4stab raha ja on ka v\u00e4ga h\u00fcgieeniline, kuna kasutaja ei puutu mustusega kokku.<br \/>\nMootoriga p\u00f5randaotsik on m\u00f5eldud tolmu ja t\u00f5rksa mustuse eemaldamiseks k\u00f5vadelt p\u00f5randatelt ja vaipadelt.<br \/>\nKomplekti kuulub seinakonsool tolmuimeja ja tarvikute hoiustamiseks.<\/p>\n\t<div id=\"gap-1239674905\" class=\"gap-element clearfix\" style=\"display:block; height:auto;\">\n\t\t\n<style>\n#gap-1239674905 {\n  padding-top: 30px;\n}\n<\/style>\n\t<\/div>\n\t\n\t\t<\/div>\n\t\t\t\t\t<\/div>\n\n\t\n\n\t<div id=\"col-1389662747\" class=\"col medium-3 small-12 large-3\"  >\n\t\t\t\t<div class=\"col-inner\"  >\n\t\t\t\n\t\t\t\n\t<div id=\"gap-714501786\" class=\"gap-element clearfix\" style=\"display:block; height:auto;\">\n\t\t\n<style>\n#gap-714501786 {\n  padding-top: 30px;\n}\n<\/style>\n\t<\/div>\n\t\n<img decoding=\"async\" src=\"https:\/\/espak.ee\/epood\/wp-content\/uploads\/2020\/04\/Power-x-change-logo.jpg\" alt=\"\" width=\"1772\" height=\"343\" class=\"alignnone size-full wp-image-97311\" srcset=\"https:\/\/espak.ee\/epood\/wp-content\/uploads\/2020\/04\/Power-x-change-logo.jpg 1772w, https:\/\/espak.ee\/epood\/wp-content\/uploads\/2020\/04\/Power-x-change-logo-500x97.jpg 500w, https:\/\/espak.ee\/epood\/wp-content\/uploads\/2020\/04\/Power-x-change-logo-769x149.jpg 769w, https:\/\/espak.ee\/epood\/wp-content\/uploads\/2020\/04\/Power-x-change-logo-300x58.jpg 300w, https:\/\/espak.ee\/epood\/wp-content\/uploads\/2020\/04\/Power-x-change-logo-1024x198.jpg 1024w, https:\/\/espak.ee\/epood\/wp-content\/uploads\/2020\/04\/Power-x-change-logo-150x29.jpg 150w, https:\/\/espak.ee\/epood\/wp-content\/uploads\/2020\/04\/Power-x-change-logo-768x149.jpg 768w, https:\/\/espak.ee\/epood\/wp-content\/uploads\/2020\/04\/Power-x-change-logo-1536x297.jpg 1536w\" sizes=\"(max-width: 1772px) 100vw, 1772px\" \/><br \/>\n<div class=\"is-divider divider clearfix\" ><\/div>\n<h3>Kasutusjuhend<\/h3>\n<p><a href=\"https:\/\/espak.ee\/epood\/wp-content\/uploads\/2022\/09\/Akutolmuimeja-Einhell-TE-SV-18-LI-SOLO-2347180.pdf\"target=\"_blank\" rel=\"noopener noreferrer\"><i class=\"far fa-file-pdf\"><\/i> Kasutusjuhend (PDF)<\/a><\/p>\n<div class=\"is-divider divider clearfix\" ><\/div>\n<p><strong>\u00dcksikasjalikuma n\u00f5u saamiseks v\u00f5tke \u00fchendust:<br \/><\/strong>Espak AS<br \/>Viadukti 42<br \/>11313<br \/>Tallinn<br \/>+372 6 512333<\/p>\n\t\t<\/div>\n\t\t\t\t\t<\/div>\n\n\t\n<\/div>\n","protected":false},"excerpt":{"rendered":"","protected":false},"featured_media":134045,"comment_status":"closed","ping_status":"closed","template":"","meta":[],"product_brand":[],"product_cat":[2757,2733,2680,2679],"product_tag":[],"class_list":{"0":"post-133258","1":"product","2":"type-product","3":"status-publish","4":"has-post-thumbnail","6":"product_cat-akutolmuimejad","7":"product_cat-akutooriistad","8":"product_cat-elektritooriistad","9":"product_cat-tooriistad","10":"pa_kaubamark-einhell","12":"first","13":"instock","14":"sale","15":"taxable","16":"shipping-taxable","17":"purchasable","18":"product-type-simple"},"yoast_head":"<!-- This site is optimized with the Yoast SEO plugin v26.9 - https:\/\/yoast.com\/product\/yoast-seo-wordpress\/ -->\n<title>AKUTOLMUIMEJA EINHELL TE-SV 18 LI-SOLO - Espak E-pood<\/title>\n<meta name=\"robots\" content=\"index, follow, max-snippet:-1, max-image-preview:large, max-video-preview:-1\" \/>\n<link rel=\"canonical\" href=\"https:\/\/espak.ee\/epood\/toode\/akutolmuimeja-einhell-te-sv-18-li-solo\/\" \/>\n<meta property=\"og:locale\" content=\"et_EE\" \/>\n<meta property=\"og:type\" content=\"article\" \/>\n<meta property=\"og:title\" content=\"AKUTOLMUIMEJA EINHELL TE-SV 18 LI-SOLO - Espak E-pood\" \/>\n<meta property=\"og:url\" content=\"https:\/\/espak.ee\/epood\/toode\/akutolmuimeja-einhell-te-sv-18-li-solo\/\" \/>\n<meta property=\"og:site_name\" content=\"Espak E-pood\" \/>\n<meta property=\"article:modified_time\" content=\"2026-03-16T09:42:33+00:00\" \/>\n<meta property=\"og:image\" content=\"https:\/\/espak.ee\/epood\/wp-content\/uploads\/2022\/09\/2347180_21010_002_TE_SV_18_Li_Solo_RAL3002_Pic.jpg\" \/>\n\t<meta property=\"og:image:width\" content=\"800\" \/>\n\t<meta property=\"og:image:height\" content=\"800\" \/>\n\t<meta property=\"og:image:type\" content=\"image\/jpeg\" \/>\n<meta name=\"twitter:card\" content=\"summary_large_image\" \/>\n<meta name=\"twitter:label1\" content=\"Est. reading time\" \/>\n\t<meta name=\"twitter:data1\" content=\"1 minut\" \/>\n<script type=\"application\/ld+json\" class=\"yoast-schema-graph\">{\"@context\":\"https:\/\/schema.org\",\"@graph\":[{\"@type\":\"WebPage\",\"@id\":\"https:\/\/espak.ee\/epood\/toode\/akutolmuimeja-einhell-te-sv-18-li-solo\/\",\"url\":\"https:\/\/espak.ee\/epood\/toode\/akutolmuimeja-einhell-te-sv-18-li-solo\/\",\"name\":\"AKUTOLMUIMEJA EINHELL TE-SV 18 LI-SOLO - Espak E-pood\",\"isPartOf\":{\"@id\":\"https:\/\/espak.ee\/epood\/#website\"},\"primaryImageOfPage\":{\"@id\":\"https:\/\/espak.ee\/epood\/toode\/akutolmuimeja-einhell-te-sv-18-li-solo\/#primaryimage\"},\"image\":{\"@id\":\"https:\/\/espak.ee\/epood\/toode\/akutolmuimeja-einhell-te-sv-18-li-solo\/#primaryimage\"},\"thumbnailUrl\":\"https:\/\/espak.ee\/epood\/wp-content\/uploads\/2022\/09\/2347180_21010_002_TE_SV_18_Li_Solo_RAL3002_Pic.jpg\",\"datePublished\":\"2022-09-23T08:13:14+00:00\",\"dateModified\":\"2026-03-16T09:42:33+00:00\",\"breadcrumb\":{\"@id\":\"https:\/\/espak.ee\/epood\/toode\/akutolmuimeja-einhell-te-sv-18-li-solo\/#breadcrumb\"},\"inLanguage\":\"et\",\"potentialAction\":[{\"@type\":\"ReadAction\",\"target\":[\"https:\/\/espak.ee\/epood\/toode\/akutolmuimeja-einhell-te-sv-18-li-solo\/\"]}]},{\"@type\":\"ImageObject\",\"inLanguage\":\"et\",\"@id\":\"https:\/\/espak.ee\/epood\/toode\/akutolmuimeja-einhell-te-sv-18-li-solo\/#primaryimage\",\"url\":\"https:\/\/espak.ee\/epood\/wp-content\/uploads\/2022\/09\/2347180_21010_002_TE_SV_18_Li_Solo_RAL3002_Pic.jpg\",\"contentUrl\":\"https:\/\/espak.ee\/epood\/wp-content\/uploads\/2022\/09\/2347180_21010_002_TE_SV_18_Li_Solo_RAL3002_Pic.jpg\",\"width\":800,\"height\":800},{\"@type\":\"BreadcrumbList\",\"@id\":\"https:\/\/espak.ee\/epood\/toode\/akutolmuimeja-einhell-te-sv-18-li-solo\/#breadcrumb\",\"itemListElement\":[{\"@type\":\"ListItem\",\"position\":1,\"name\":\"Home\",\"item\":\"https:\/\/espak.ee\/epood\/\"},{\"@type\":\"ListItem\",\"position\":2,\"name\":\"Tootevalik\",\"item\":\"https:\/\/espak.ee\/epood\/tootevalik\/\"},{\"@type\":\"ListItem\",\"position\":3,\"name\":\"AKUTOLMUIMEJA EINHELL TE-SV 18 LI-SOLO\"}]},{\"@type\":\"WebSite\",\"@id\":\"https:\/\/espak.ee\/epood\/#website\",\"url\":\"https:\/\/espak.ee\/epood\/\",\"name\":\"Espak E-pood\",\"description\":\"\",\"potentialAction\":[{\"@type\":\"SearchAction\",\"target\":{\"@type\":\"EntryPoint\",\"urlTemplate\":\"https:\/\/espak.ee\/epood\/?s={search_term_string}\"},\"query-input\":{\"@type\":\"PropertyValueSpecification\",\"valueRequired\":true,\"valueName\":\"search_term_string\"}}],\"inLanguage\":\"et\"}]}<\/script>\n<!-- \/ Yoast SEO plugin. -->","yoast_head_json":{"title":"AKUTOLMUIMEJA EINHELL TE-SV 18 LI-SOLO - Espak E-pood","robots":{"index":"index","follow":"follow","max-snippet":"max-snippet:-1","max-image-preview":"max-image-preview:large","max-video-preview":"max-video-preview:-1"},"canonical":"https:\/\/espak.ee\/epood\/toode\/akutolmuimeja-einhell-te-sv-18-li-solo\/","og_locale":"et_EE","og_type":"article","og_title":"AKUTOLMUIMEJA EINHELL TE-SV 18 LI-SOLO - Espak E-pood","og_url":"https:\/\/espak.ee\/epood\/toode\/akutolmuimeja-einhell-te-sv-18-li-solo\/","og_site_name":"Espak E-pood","article_modified_time":"2026-03-16T09:42:33+00:00","og_image":[{"width":800,"height":800,"url":"https:\/\/espak.ee\/epood\/wp-content\/uploads\/2022\/09\/2347180_21010_002_TE_SV_18_Li_Solo_RAL3002_Pic.jpg","type":"image\/jpeg"}],"twitter_card":"summary_large_image","twitter_misc":{"Est. reading time":"1 minut"},"schema":{"@context":"https:\/\/schema.org","@graph":[{"@type":"WebPage","@id":"https:\/\/espak.ee\/epood\/toode\/akutolmuimeja-einhell-te-sv-18-li-solo\/","url":"https:\/\/espak.ee\/epood\/toode\/akutolmuimeja-einhell-te-sv-18-li-solo\/","name":"AKUTOLMUIMEJA EINHELL TE-SV 18 LI-SOLO - Espak E-pood","isPartOf":{"@id":"https:\/\/espak.ee\/epood\/#website"},"primaryImageOfPage":{"@id":"https:\/\/espak.ee\/epood\/toode\/akutolmuimeja-einhell-te-sv-18-li-solo\/#primaryimage"},"image":{"@id":"https:\/\/espak.ee\/epood\/toode\/akutolmuimeja-einhell-te-sv-18-li-solo\/#primaryimage"},"thumbnailUrl":"https:\/\/espak.ee\/epood\/wp-content\/uploads\/2022\/09\/2347180_21010_002_TE_SV_18_Li_Solo_RAL3002_Pic.jpg","datePublished":"2022-09-23T08:13:14+00:00","dateModified":"2026-03-16T09:42:33+00:00","breadcrumb":{"@id":"https:\/\/espak.ee\/epood\/toode\/akutolmuimeja-einhell-te-sv-18-li-solo\/#breadcrumb"},"inLanguage":"et","potentialAction":[{"@type":"ReadAction","target":["https:\/\/espak.ee\/epood\/toode\/akutolmuimeja-einhell-te-sv-18-li-solo\/"]}]},{"@type":"ImageObject","inLanguage":"et","@id":"https:\/\/espak.ee\/epood\/toode\/akutolmuimeja-einhell-te-sv-18-li-solo\/#primaryimage","url":"https:\/\/espak.ee\/epood\/wp-content\/uploads\/2022\/09\/2347180_21010_002_TE_SV_18_Li_Solo_RAL3002_Pic.jpg","contentUrl":"https:\/\/espak.ee\/epood\/wp-content\/uploads\/2022\/09\/2347180_21010_002_TE_SV_18_Li_Solo_RAL3002_Pic.jpg","width":800,"height":800},{"@type":"BreadcrumbList","@id":"https:\/\/espak.ee\/epood\/toode\/akutolmuimeja-einhell-te-sv-18-li-solo\/#breadcrumb","itemListElement":[{"@type":"ListItem","position":1,"name":"Home","item":"https:\/\/espak.ee\/epood\/"},{"@type":"ListItem","position":2,"name":"Tootevalik","item":"https:\/\/espak.ee\/epood\/tootevalik\/"},{"@type":"ListItem","position":3,"name":"AKUTOLMUIMEJA EINHELL TE-SV 18 LI-SOLO"}]},{"@type":"WebSite","@id":"https:\/\/espak.ee\/epood\/#website","url":"https:\/\/espak.ee\/epood\/","name":"Espak E-pood","description":"","potentialAction":[{"@type":"SearchAction","target":{"@type":"EntryPoint","urlTemplate":"https:\/\/espak.ee\/epood\/?s={search_term_string}"},"query-input":{"@type":"PropertyValueSpecification","valueRequired":true,"valueName":"search_term_string"}}],"inLanguage":"et"}]}},"_links":{"self":[{"href":"https:\/\/espak.ee\/epood\/wp-json\/wp\/v2\/product\/133258","targetHints":{"allow":["GET"]}}],"collection":[{"href":"https:\/\/espak.ee\/epood\/wp-json\/wp\/v2\/product"}],"about":[{"href":"https:\/\/espak.ee\/epood\/wp-json\/wp\/v2\/types\/product"}],"replies":[{"embeddable":true,"href":"https:\/\/espak.ee\/epood\/wp-json\/wp\/v2\/comments?post=133258"}],"wp:featuredmedia":[{"embeddable":true,"href":"https:\/\/espak.ee\/epood\/wp-json\/wp\/v2\/media\/134045"}],"wp:attachment":[{"href":"https:\/\/espak.ee\/epood\/wp-json\/wp\/v2\/media?parent=133258"}],"wp:term":[{"taxonomy":"product_brand","embeddable":true,"href":"https:\/\/espak.ee\/epood\/wp-json\/wp\/v2\/product_brand?post=133258"},{"taxonomy":"product_cat","embeddable":true,"href":"https:\/\/espak.ee\/epood\/wp-json\/wp\/v2\/product_cat?post=133258"},{"taxonomy":"product_tag","embeddable":true,"href":"https:\/\/espak.ee\/epood\/wp-json\/wp\/v2\/product_tag?post=133258"}],"curies":[{"name":"wp","href":"https:\/\/api.w.org\/{rel}","templated":true}]}}