{"id":133254,"date":"2022-09-23T08:13:14","date_gmt":"2022-09-23T08:13:14","guid":{"rendered":"https:\/\/espak.ee\/epood\/?post_type=product&#038;p=133254"},"modified":"2024-03-23T02:27:45","modified_gmt":"2024-03-23T00:27:45","slug":"akulaadija-einhell-18v-sigaretisuutajasse-4512103","status":"publish","type":"product","link":"https:\/\/espak.ee\/epood\/toode\/akulaadija-einhell-18v-sigaretisuutajasse-4512103\/","title":{"rendered":"AKULAADIJA EINHELL 18V SIGARETIS\u00dc\u00dcTAJASSE 4512113"},"content":{"rendered":"<div class=\"row\"  id=\"row-17680407\">\n\n\t<div id=\"col-2003398230\" class=\"col medium-9 small-12 large-9\"  >\n\t\t\t\t<div class=\"col-inner\"  >\n\t\t\t\n\t\t\t\n<h3>Akulaadija Einhell 18V sigaretis\u00fc\u00fctajasse<\/h3>\n<div class=\"message-box relative\" style=\"padding-top:15px;padding-bottom:15px;\"><div class=\"message-box-bg-image bg-fill fill\" ><\/div><div class=\"message-box-bg-overlay bg-fill fill\" ><\/div><div class=\"container relative\"><div class=\"inner last-reset\">\n<div class=\"row align-middle align-center\"  id=\"row-705813294\">\n\n\t<div id=\"col-555242605\" class=\"col small-12 large-12\"  >\n\t\t\t\t<div class=\"col-inner text-left\"  >\n\t\t\t\n\t\t\t\n<h4>Omadused<\/h4>\n<div class=\"row\"  id=\"row-1095574696\">\n\n\t<div id=\"col-433127508\" class=\"col medium-6 small-12 large-6\"  >\n\t\t\t\t<div class=\"col-inner\"  >\n\t\t\t\n\t\t\t\n<p><i class=\"far fa-check-circle fa-2x\"><\/i><strong> L\u00fchikesed laadimisajad 3A kiirlaadimistehnoloogia abil<\/strong><\/p>\n<p><i class=\"far fa-check-circle fa-2x\"><\/i><strong> V\u00f5imalik kinnitada autosse v\u00f5i haagissuvila seinale<\/strong><\/p>\n<p><i class=\"far fa-check-circle fa-2x\"><\/i><strong> Einhell PXC akude laadimiseks<\/strong><\/p>\n\t\t<\/div>\n\t\t\t\t\n<style>\n#col-433127508 > .col-inner {\n  margin: 0px 0px 15px 0px;\n}\n<\/style>\n\t<\/div>\n\n\t\n\n\t<div id=\"col-878583468\" class=\"col medium-6 small-12 large-6\"  >\n\t\t\t\t<div class=\"col-inner\"  >\n\t\t\t\n\t\t\t\n<p><i class=\"far fa-check-circle fa-2x\"><\/i><strong> Maksimaalne ohutus t\u00e4nu intelligentsele laadimiss\u00fcsteemile<\/strong><\/p>\n<p><i class=\"far fa-check-circle fa-2x\"><\/i><strong> LED indikaatoritelt on n\u00e4htav aku taseme seis\u00a0<\/strong><\/p>\n\t\t<\/div>\n\t\t\t\t\n<style>\n#col-878583468 > .col-inner {\n  margin: 0px 0px 15px 0px;\n}\n<\/style>\n\t<\/div>\n\n\t\n<\/div>\n\t\t<\/div>\n\t\t\t\t\t<\/div>\n\n\t\n<\/div>\n<\/div><\/div><\/div>\n\t<div id=\"gap-1160965506\" class=\"gap-element clearfix\" style=\"display:block; height:auto;\">\n\t\t\n<style>\n#gap-1160965506 {\n  padding-top: 30px;\n}\n<\/style>\n\t<\/div>\n\t\n<h2>Tootekirjeldus<\/h2>\n<p>Einhell akulaadija 3A abil saab k\u00f5iki Power X-Change s\u00fcsteemiseeria akusid kiiresti laadida. Eelised klientidele on selged: \u00fche aku ja \u00fche laadijaga k\u00f5ikidele seadmetele ei hoia te ostult kokku m\u00e4rkimisv\u00e4\u00e4rseid kulutusi, vaid selle universaalne olemus kaitseb keskkonda ning pakub ka paindlikkust kodus ning aias. Samuti ei tekita segadust ja kaost lai valik laadijaid iga \u00fcksiku seadme jaoks. S\u00f5ltumatus pistikupesast l\u00e4bi 12V pistiku v\u00f5imaldab laadida k\u00f5iki Power X-Change akusid autos v\u00f5i haagissuvilas n\u00e4iteks telkimisel, metsas v\u00f5i rannas. Olemasolev 2-astmeline autoaku kaitseelektroonika tagab, et autot saab m\u00e4rgutulede kaudu igal ajal k\u00e4ivitada. Riputusaasade abil saab laadija h\u00f5lpsasti seinale kinnitada ja see n\u00f5uab v\u00e4he ruumi. 3A kiirlaadimistehnoloogia muudab laadimisajad veelgi l\u00fchemaks ning optimaalse laadimise ja \u00fclima ohutuse tagamiseks j\u00e4lgib akut pidevalt nutikas laadimishalduss\u00fcsteem. T\u00e4nu v\u00e4rskendusre\u017eiimile on v\u00f5imalik s\u00fcgavalt t\u00fchjenenud akud uuesti sisse l\u00fclitada. Kogu teave edastatakse 7-astmelise LED-oleku indikaatori kaudu.<\/p>\n\t<div id=\"gap-1595717930\" class=\"gap-element clearfix\" style=\"display:block; height:auto;\">\n\t\t\n<style>\n#gap-1595717930 {\n  padding-top: 30px;\n}\n<\/style>\n\t<\/div>\n\t\n\t\t<\/div>\n\t\t\t\t\t<\/div>\n\n\t\n\n\t<div id=\"col-1121042162\" class=\"col medium-3 small-12 large-3\"  >\n\t\t\t\t<div class=\"col-inner\"  >\n\t\t\t\n\t\t\t\n\t<div id=\"gap-167214952\" class=\"gap-element clearfix\" style=\"display:block; height:auto;\">\n\t\t\n<style>\n#gap-167214952 {\n  padding-top: 30px;\n}\n<\/style>\n\t<\/div>\n\t\n<h3>Kasutusjuhend<\/h3>\n<p><a href=\"https:\/\/espak.ee\/epood\/wp-content\/uploads\/2022\/09\/Akulaadija-Einhell-PXC-4512113.pdf\"target=\"_blank\" rel=\"noopener noreferrer\"><i class=\"far fa-file-pdf\"><\/i> Kasutusjuhend (PDF)<\/a><\/p>\n<div class=\"is-divider divider clearfix\" ><\/div>\n<p><strong>\u00dcksikasjalikuma n\u00f5u saamiseks v\u00f5tke \u00fchendust:<br \/><\/strong>Espak AS<br \/>Viadukti 42<br \/>11313<br \/>Tallinn<br \/>+372 6 512333<\/p>\n\t\t<\/div>\n\t\t\t\t\t<\/div>\n\n\t\n<\/div>\n","protected":false},"excerpt":{"rendered":"","protected":false},"featured_media":134034,"comment_status":"closed","ping_status":"closed","template":"","meta":[],"product_brand":[],"product_cat":[2734,2733,2680,2679],"product_tag":[],"class_list":{"0":"post-133254","1":"product","2":"type-product","3":"status-publish","4":"has-post-thumbnail","6":"product_cat-akud-ja-laadijad","7":"product_cat-akutooriistad","8":"product_cat-elektritooriistad","9":"product_cat-tooriistad","10":"pa_kaubamark-einhell","12":"first","13":"instock","14":"sale","15":"taxable","16":"shipping-taxable","17":"purchasable","18":"product-type-simple"},"yoast_head":"<!-- This site is optimized with the Yoast SEO plugin v26.9 - https:\/\/yoast.com\/product\/yoast-seo-wordpress\/ -->\n<title>AKULAADIJA EINHELL 18V SIGARETIS\u00dc\u00dcTAJASSE 4512113 - Espak E-pood<\/title>\n<meta name=\"robots\" content=\"index, follow, max-snippet:-1, max-image-preview:large, max-video-preview:-1\" \/>\n<link rel=\"canonical\" href=\"https:\/\/espak.ee\/epood\/toode\/akulaadija-einhell-18v-sigaretisuutajasse-4512103\/\" \/>\n<meta property=\"og:locale\" content=\"et_EE\" \/>\n<meta property=\"og:type\" content=\"article\" \/>\n<meta property=\"og:title\" content=\"AKULAADIJA EINHELL 18V SIGARETIS\u00dc\u00dcTAJASSE 4512113 - Espak E-pood\" \/>\n<meta property=\"og:url\" content=\"https:\/\/espak.ee\/epood\/toode\/akulaadija-einhell-18v-sigaretisuutajasse-4512103\/\" \/>\n<meta property=\"og:site_name\" content=\"Espak E-pood\" \/>\n<meta property=\"article:modified_time\" content=\"2024-03-23T00:27:45+00:00\" \/>\n<meta property=\"og:image\" content=\"https:\/\/espak.ee\/epood\/wp-content\/uploads\/2022\/09\/4512113_21010_001_PXC_Car_Charger_3A_RAL3002_Pic.jpg\" \/>\n\t<meta property=\"og:image:width\" content=\"800\" \/>\n\t<meta property=\"og:image:height\" content=\"800\" \/>\n\t<meta property=\"og:image:type\" content=\"image\/jpeg\" \/>\n<meta name=\"twitter:card\" content=\"summary_large_image\" \/>\n<meta name=\"twitter:label1\" content=\"Est. reading time\" \/>\n\t<meta name=\"twitter:data1\" content=\"1 minut\" \/>\n<script type=\"application\/ld+json\" class=\"yoast-schema-graph\">{\"@context\":\"https:\/\/schema.org\",\"@graph\":[{\"@type\":\"WebPage\",\"@id\":\"https:\/\/espak.ee\/epood\/toode\/akulaadija-einhell-18v-sigaretisuutajasse-4512103\/\",\"url\":\"https:\/\/espak.ee\/epood\/toode\/akulaadija-einhell-18v-sigaretisuutajasse-4512103\/\",\"name\":\"AKULAADIJA EINHELL 18V SIGARETIS\u00dc\u00dcTAJASSE 4512113 - Espak E-pood\",\"isPartOf\":{\"@id\":\"https:\/\/espak.ee\/epood\/#website\"},\"primaryImageOfPage\":{\"@id\":\"https:\/\/espak.ee\/epood\/toode\/akulaadija-einhell-18v-sigaretisuutajasse-4512103\/#primaryimage\"},\"image\":{\"@id\":\"https:\/\/espak.ee\/epood\/toode\/akulaadija-einhell-18v-sigaretisuutajasse-4512103\/#primaryimage\"},\"thumbnailUrl\":\"https:\/\/espak.ee\/epood\/wp-content\/uploads\/2022\/09\/4512113_21010_001_PXC_Car_Charger_3A_RAL3002_Pic.jpg\",\"datePublished\":\"2022-09-23T08:13:14+00:00\",\"dateModified\":\"2024-03-23T00:27:45+00:00\",\"breadcrumb\":{\"@id\":\"https:\/\/espak.ee\/epood\/toode\/akulaadija-einhell-18v-sigaretisuutajasse-4512103\/#breadcrumb\"},\"inLanguage\":\"et\",\"potentialAction\":[{\"@type\":\"ReadAction\",\"target\":[\"https:\/\/espak.ee\/epood\/toode\/akulaadija-einhell-18v-sigaretisuutajasse-4512103\/\"]}]},{\"@type\":\"ImageObject\",\"inLanguage\":\"et\",\"@id\":\"https:\/\/espak.ee\/epood\/toode\/akulaadija-einhell-18v-sigaretisuutajasse-4512103\/#primaryimage\",\"url\":\"https:\/\/espak.ee\/epood\/wp-content\/uploads\/2022\/09\/4512113_21010_001_PXC_Car_Charger_3A_RAL3002_Pic.jpg\",\"contentUrl\":\"https:\/\/espak.ee\/epood\/wp-content\/uploads\/2022\/09\/4512113_21010_001_PXC_Car_Charger_3A_RAL3002_Pic.jpg\",\"width\":800,\"height\":800},{\"@type\":\"BreadcrumbList\",\"@id\":\"https:\/\/espak.ee\/epood\/toode\/akulaadija-einhell-18v-sigaretisuutajasse-4512103\/#breadcrumb\",\"itemListElement\":[{\"@type\":\"ListItem\",\"position\":1,\"name\":\"Home\",\"item\":\"https:\/\/espak.ee\/epood\/\"},{\"@type\":\"ListItem\",\"position\":2,\"name\":\"Tootevalik\",\"item\":\"https:\/\/espak.ee\/epood\/tootevalik\/\"},{\"@type\":\"ListItem\",\"position\":3,\"name\":\"AKULAADIJA EINHELL 18V SIGARETIS\u00dc\u00dcTAJASSE 4512113\"}]},{\"@type\":\"WebSite\",\"@id\":\"https:\/\/espak.ee\/epood\/#website\",\"url\":\"https:\/\/espak.ee\/epood\/\",\"name\":\"Espak E-pood\",\"description\":\"\",\"potentialAction\":[{\"@type\":\"SearchAction\",\"target\":{\"@type\":\"EntryPoint\",\"urlTemplate\":\"https:\/\/espak.ee\/epood\/?s={search_term_string}\"},\"query-input\":{\"@type\":\"PropertyValueSpecification\",\"valueRequired\":true,\"valueName\":\"search_term_string\"}}],\"inLanguage\":\"et\"}]}<\/script>\n<!-- \/ Yoast SEO plugin. -->","yoast_head_json":{"title":"AKULAADIJA EINHELL 18V SIGARETIS\u00dc\u00dcTAJASSE 4512113 - Espak E-pood","robots":{"index":"index","follow":"follow","max-snippet":"max-snippet:-1","max-image-preview":"max-image-preview:large","max-video-preview":"max-video-preview:-1"},"canonical":"https:\/\/espak.ee\/epood\/toode\/akulaadija-einhell-18v-sigaretisuutajasse-4512103\/","og_locale":"et_EE","og_type":"article","og_title":"AKULAADIJA EINHELL 18V SIGARETIS\u00dc\u00dcTAJASSE 4512113 - Espak E-pood","og_url":"https:\/\/espak.ee\/epood\/toode\/akulaadija-einhell-18v-sigaretisuutajasse-4512103\/","og_site_name":"Espak E-pood","article_modified_time":"2024-03-23T00:27:45+00:00","og_image":[{"width":800,"height":800,"url":"https:\/\/espak.ee\/epood\/wp-content\/uploads\/2022\/09\/4512113_21010_001_PXC_Car_Charger_3A_RAL3002_Pic.jpg","type":"image\/jpeg"}],"twitter_card":"summary_large_image","twitter_misc":{"Est. reading time":"1 minut"},"schema":{"@context":"https:\/\/schema.org","@graph":[{"@type":"WebPage","@id":"https:\/\/espak.ee\/epood\/toode\/akulaadija-einhell-18v-sigaretisuutajasse-4512103\/","url":"https:\/\/espak.ee\/epood\/toode\/akulaadija-einhell-18v-sigaretisuutajasse-4512103\/","name":"AKULAADIJA EINHELL 18V SIGARETIS\u00dc\u00dcTAJASSE 4512113 - Espak E-pood","isPartOf":{"@id":"https:\/\/espak.ee\/epood\/#website"},"primaryImageOfPage":{"@id":"https:\/\/espak.ee\/epood\/toode\/akulaadija-einhell-18v-sigaretisuutajasse-4512103\/#primaryimage"},"image":{"@id":"https:\/\/espak.ee\/epood\/toode\/akulaadija-einhell-18v-sigaretisuutajasse-4512103\/#primaryimage"},"thumbnailUrl":"https:\/\/espak.ee\/epood\/wp-content\/uploads\/2022\/09\/4512113_21010_001_PXC_Car_Charger_3A_RAL3002_Pic.jpg","datePublished":"2022-09-23T08:13:14+00:00","dateModified":"2024-03-23T00:27:45+00:00","breadcrumb":{"@id":"https:\/\/espak.ee\/epood\/toode\/akulaadija-einhell-18v-sigaretisuutajasse-4512103\/#breadcrumb"},"inLanguage":"et","potentialAction":[{"@type":"ReadAction","target":["https:\/\/espak.ee\/epood\/toode\/akulaadija-einhell-18v-sigaretisuutajasse-4512103\/"]}]},{"@type":"ImageObject","inLanguage":"et","@id":"https:\/\/espak.ee\/epood\/toode\/akulaadija-einhell-18v-sigaretisuutajasse-4512103\/#primaryimage","url":"https:\/\/espak.ee\/epood\/wp-content\/uploads\/2022\/09\/4512113_21010_001_PXC_Car_Charger_3A_RAL3002_Pic.jpg","contentUrl":"https:\/\/espak.ee\/epood\/wp-content\/uploads\/2022\/09\/4512113_21010_001_PXC_Car_Charger_3A_RAL3002_Pic.jpg","width":800,"height":800},{"@type":"BreadcrumbList","@id":"https:\/\/espak.ee\/epood\/toode\/akulaadija-einhell-18v-sigaretisuutajasse-4512103\/#breadcrumb","itemListElement":[{"@type":"ListItem","position":1,"name":"Home","item":"https:\/\/espak.ee\/epood\/"},{"@type":"ListItem","position":2,"name":"Tootevalik","item":"https:\/\/espak.ee\/epood\/tootevalik\/"},{"@type":"ListItem","position":3,"name":"AKULAADIJA EINHELL 18V SIGARETIS\u00dc\u00dcTAJASSE 4512113"}]},{"@type":"WebSite","@id":"https:\/\/espak.ee\/epood\/#website","url":"https:\/\/espak.ee\/epood\/","name":"Espak E-pood","description":"","potentialAction":[{"@type":"SearchAction","target":{"@type":"EntryPoint","urlTemplate":"https:\/\/espak.ee\/epood\/?s={search_term_string}"},"query-input":{"@type":"PropertyValueSpecification","valueRequired":true,"valueName":"search_term_string"}}],"inLanguage":"et"}]}},"_links":{"self":[{"href":"https:\/\/espak.ee\/epood\/wp-json\/wp\/v2\/product\/133254","targetHints":{"allow":["GET"]}}],"collection":[{"href":"https:\/\/espak.ee\/epood\/wp-json\/wp\/v2\/product"}],"about":[{"href":"https:\/\/espak.ee\/epood\/wp-json\/wp\/v2\/types\/product"}],"replies":[{"embeddable":true,"href":"https:\/\/espak.ee\/epood\/wp-json\/wp\/v2\/comments?post=133254"}],"wp:featuredmedia":[{"embeddable":true,"href":"https:\/\/espak.ee\/epood\/wp-json\/wp\/v2\/media\/134034"}],"wp:attachment":[{"href":"https:\/\/espak.ee\/epood\/wp-json\/wp\/v2\/media?parent=133254"}],"wp:term":[{"taxonomy":"product_brand","embeddable":true,"href":"https:\/\/espak.ee\/epood\/wp-json\/wp\/v2\/product_brand?post=133254"},{"taxonomy":"product_cat","embeddable":true,"href":"https:\/\/espak.ee\/epood\/wp-json\/wp\/v2\/product_cat?post=133254"},{"taxonomy":"product_tag","embeddable":true,"href":"https:\/\/espak.ee\/epood\/wp-json\/wp\/v2\/product_tag?post=133254"}],"curies":[{"name":"wp","href":"https:\/\/api.w.org\/{rel}","templated":true}]}}