{"id":133252,"date":"2022-09-23T08:13:14","date_gmt":"2022-09-23T08:13:14","guid":{"rendered":"https:\/\/espak.ee\/epood\/?post_type=product&#038;p=133252"},"modified":"2024-08-12T20:11:22","modified_gmt":"2024-08-12T17:11:22","slug":"elektrikeris-harvia-spirit-sp60e-60kw","status":"publish","type":"product","link":"https:\/\/espak.ee\/epood\/toode\/elektrikeris-harvia-spirit-sp60e-60kw\/","title":{"rendered":"ELEKTRIKERIS HARVIA SPIRIT SP60E 6,0kW"},"content":{"rendered":"<div class=\"row\"  id=\"row-1912118862\">\n\n\t<div id=\"col-1354382265\" class=\"col medium-9 small-12 large-9\"  >\n\t\t\t\t<div class=\"col-inner\"  >\n\t\t\t\n\t\t\t\n<h3> Elektrikeris Spirit SP60E 6,0kW Harvia<\/h3>\n<p>Soomes disainitud ja toodetud kvaliteetne disainkeris on Harvia meistriteos, mis \u00fchendab suurep\u00e4rase saunakogemuse ohutuse ja t\u00f6\u00f6kindlusega. Kerise ehitus kaitseb sauna konstruktsioone ja tekitab t\u00e4nu ainulaadsetele ja diskreetsetele ventilatsioonikanalitele \u00fchtlase temperatuuri. Kanalid jahutavad seinakonstruktsioone ja parandavad \u00f5hu liikumist l\u00e4bi k\u00fctteelementide, luues saunas \u00fchtlase soojuse. Harvia Spiriti elektrikerise kumerad vormid v\u00e4ljendavad naturaalset disaini. Kerise kuju t\u00f5stab esile \u00fcmarad kivid ning loob pehme leili abil modernse, kuid elegantse atmosf\u00e4\u00e4ri. WiFi-ga varustatud kerist on lihtne kasutada. Nagu nimigi \u00fctleb, on Harvia Spirit teie sauna hing, mis tagab pehme ja nauditava saunaelamuse. Harvia Spiriti keris \u00fchildub levinumate juhtseadmete, Harvia Xenio WiFi juhtseadme ja MyHarvia mobiilirakendusega, mis annab parima ja mitmek\u00fclgseima kasutuskogemuse. Xenio WiFi juhtseadme ja MyHarvia mobiilirakendusega saate juhtida k\u00f5iki oma sauna funktsioone, nagu n\u00e4iteks temperatuur, valgustus ja \u00f5hu ventileerimine. Juhtseadmeid m\u00fc\u00fcakse ka eraldi.<br \/>\n V\u00f5imsus: 6kW, sobib ruumi suurusega 5 &#8211; 8 m3.<br \/>\nM\u00f5\u00f5dud: 687 x 385 x 334 mm.<br \/>\nKivide maksimaalne kogus \u00d8 5\u201310 cm 60 kg (kivid ei kuulu tarnekomplekti).\n <\/p>\n\t\t<\/div>\n\t\t\t\t\t<\/div>\n\n\t\n\n\t<div id=\"col-1225122308\" class=\"col medium-3 small-12 large-3\"  >\n\t\t\t\t<div class=\"col-inner\"  >\n\t\t\t\n\t\t\t\n<h3>Kasutusjuhend<\/h3>\n<p><a href=\"https:\/\/espak.ee\/epood\/wp-content\/uploads\/2022\/09\/Spirit_HSPE604M_HSPE904M_ETLVLTPLCSRU_Y05-1112_2_WEB.pdf\"target=\"_blank\" rel=\"noopener noreferrer\"><i class=\"far fa-file-pdf\"><\/i> Kasutusjuhend (PDF)<\/a><\/p>\n<div class=\"is-divider divider clearfix\" ><\/div>\n<p><strong>\u00dcksikasjalikuma n\u00f5u saamiseks v\u00f5tke \u00fchendust:<br \/><\/strong>Espak AS<br \/>Viadukti 42<br \/>11313<br \/>Tallinn<br \/>+372 6 512333<\/p>\n\t\t<\/div>\n\t\t\t\t\t<\/div>\n\n\t\n<\/div>\n","protected":false},"excerpt":{"rendered":"","protected":false},"featured_media":204976,"comment_status":"closed","ping_status":"closed","template":"","meta":[],"product_brand":[],"product_cat":[3071,3197,3196,3070],"product_tag":[],"class_list":{"0":"post-133252","1":"product","2":"type-product","3":"status-publish","4":"has-post-thumbnail","6":"product_cat-ahjud-kaminad-kerised","7":"product_cat-elektrikerised","8":"product_cat-kerised","9":"product_cat-kute-ja-ventilatsioon","10":"pa_kaubamark-harvia-finland-oy","12":"first","13":"outofstock","14":"sale","15":"taxable","16":"shipping-taxable","17":"purchasable","18":"product-type-simple"},"yoast_head":"<!-- This site is optimized with the Yoast SEO plugin v26.9 - https:\/\/yoast.com\/product\/yoast-seo-wordpress\/ -->\n<title>ELEKTRIKERIS HARVIA SPIRIT SP60E 6,0kW - Espak E-pood<\/title>\n<meta name=\"robots\" content=\"index, follow, max-snippet:-1, max-image-preview:large, max-video-preview:-1\" \/>\n<link rel=\"canonical\" href=\"https:\/\/espak.ee\/epood\/toode\/elektrikeris-harvia-spirit-sp60e-60kw\/\" \/>\n<meta property=\"og:locale\" content=\"et_EE\" \/>\n<meta property=\"og:type\" content=\"article\" \/>\n<meta property=\"og:title\" content=\"ELEKTRIKERIS HARVIA SPIRIT SP60E 6,0kW - Espak E-pood\" \/>\n<meta property=\"og:url\" content=\"https:\/\/espak.ee\/epood\/toode\/elektrikeris-harvia-spirit-sp60e-60kw\/\" \/>\n<meta property=\"og:site_name\" content=\"Espak E-pood\" \/>\n<meta property=\"article:modified_time\" content=\"2024-08-12T17:11:22+00:00\" \/>\n<meta property=\"og:image\" content=\"https:\/\/espak.ee\/epood\/wp-content\/uploads\/2022\/09\/Harvia_Spirit-0-f600x600-2.jpg\" \/>\n\t<meta property=\"og:image:width\" content=\"800\" \/>\n\t<meta property=\"og:image:height\" content=\"800\" \/>\n\t<meta property=\"og:image:type\" content=\"image\/jpeg\" \/>\n<meta name=\"twitter:card\" content=\"summary_large_image\" \/>\n<meta name=\"twitter:label1\" content=\"Est. reading time\" \/>\n\t<meta name=\"twitter:data1\" content=\"1 minut\" \/>\n<script type=\"application\/ld+json\" class=\"yoast-schema-graph\">{\"@context\":\"https:\/\/schema.org\",\"@graph\":[{\"@type\":\"WebPage\",\"@id\":\"https:\/\/espak.ee\/epood\/toode\/elektrikeris-harvia-spirit-sp60e-60kw\/\",\"url\":\"https:\/\/espak.ee\/epood\/toode\/elektrikeris-harvia-spirit-sp60e-60kw\/\",\"name\":\"ELEKTRIKERIS HARVIA SPIRIT SP60E 6,0kW - Espak E-pood\",\"isPartOf\":{\"@id\":\"https:\/\/espak.ee\/epood\/#website\"},\"primaryImageOfPage\":{\"@id\":\"https:\/\/espak.ee\/epood\/toode\/elektrikeris-harvia-spirit-sp60e-60kw\/#primaryimage\"},\"image\":{\"@id\":\"https:\/\/espak.ee\/epood\/toode\/elektrikeris-harvia-spirit-sp60e-60kw\/#primaryimage\"},\"thumbnailUrl\":\"https:\/\/espak.ee\/epood\/wp-content\/uploads\/2022\/09\/Harvia_Spirit-0-f600x600-2.jpg\",\"datePublished\":\"2022-09-23T08:13:14+00:00\",\"dateModified\":\"2024-08-12T17:11:22+00:00\",\"breadcrumb\":{\"@id\":\"https:\/\/espak.ee\/epood\/toode\/elektrikeris-harvia-spirit-sp60e-60kw\/#breadcrumb\"},\"inLanguage\":\"et\",\"potentialAction\":[{\"@type\":\"ReadAction\",\"target\":[\"https:\/\/espak.ee\/epood\/toode\/elektrikeris-harvia-spirit-sp60e-60kw\/\"]}]},{\"@type\":\"ImageObject\",\"inLanguage\":\"et\",\"@id\":\"https:\/\/espak.ee\/epood\/toode\/elektrikeris-harvia-spirit-sp60e-60kw\/#primaryimage\",\"url\":\"https:\/\/espak.ee\/epood\/wp-content\/uploads\/2022\/09\/Harvia_Spirit-0-f600x600-2.jpg\",\"contentUrl\":\"https:\/\/espak.ee\/epood\/wp-content\/uploads\/2022\/09\/Harvia_Spirit-0-f600x600-2.jpg\",\"width\":800,\"height\":800},{\"@type\":\"BreadcrumbList\",\"@id\":\"https:\/\/espak.ee\/epood\/toode\/elektrikeris-harvia-spirit-sp60e-60kw\/#breadcrumb\",\"itemListElement\":[{\"@type\":\"ListItem\",\"position\":1,\"name\":\"Home\",\"item\":\"https:\/\/espak.ee\/epood\/\"},{\"@type\":\"ListItem\",\"position\":2,\"name\":\"Tootevalik\",\"item\":\"https:\/\/espak.ee\/epood\/tootevalik\/\"},{\"@type\":\"ListItem\",\"position\":3,\"name\":\"ELEKTRIKERIS HARVIA SPIRIT SP60E 6,0kW\"}]},{\"@type\":\"WebSite\",\"@id\":\"https:\/\/espak.ee\/epood\/#website\",\"url\":\"https:\/\/espak.ee\/epood\/\",\"name\":\"Espak E-pood\",\"description\":\"\",\"potentialAction\":[{\"@type\":\"SearchAction\",\"target\":{\"@type\":\"EntryPoint\",\"urlTemplate\":\"https:\/\/espak.ee\/epood\/?s={search_term_string}\"},\"query-input\":{\"@type\":\"PropertyValueSpecification\",\"valueRequired\":true,\"valueName\":\"search_term_string\"}}],\"inLanguage\":\"et\"}]}<\/script>\n<!-- \/ Yoast SEO plugin. -->","yoast_head_json":{"title":"ELEKTRIKERIS HARVIA SPIRIT SP60E 6,0kW - Espak E-pood","robots":{"index":"index","follow":"follow","max-snippet":"max-snippet:-1","max-image-preview":"max-image-preview:large","max-video-preview":"max-video-preview:-1"},"canonical":"https:\/\/espak.ee\/epood\/toode\/elektrikeris-harvia-spirit-sp60e-60kw\/","og_locale":"et_EE","og_type":"article","og_title":"ELEKTRIKERIS HARVIA SPIRIT SP60E 6,0kW - Espak E-pood","og_url":"https:\/\/espak.ee\/epood\/toode\/elektrikeris-harvia-spirit-sp60e-60kw\/","og_site_name":"Espak E-pood","article_modified_time":"2024-08-12T17:11:22+00:00","og_image":[{"width":800,"height":800,"url":"https:\/\/espak.ee\/epood\/wp-content\/uploads\/2022\/09\/Harvia_Spirit-0-f600x600-2.jpg","type":"image\/jpeg"}],"twitter_card":"summary_large_image","twitter_misc":{"Est. reading time":"1 minut"},"schema":{"@context":"https:\/\/schema.org","@graph":[{"@type":"WebPage","@id":"https:\/\/espak.ee\/epood\/toode\/elektrikeris-harvia-spirit-sp60e-60kw\/","url":"https:\/\/espak.ee\/epood\/toode\/elektrikeris-harvia-spirit-sp60e-60kw\/","name":"ELEKTRIKERIS HARVIA SPIRIT SP60E 6,0kW - Espak E-pood","isPartOf":{"@id":"https:\/\/espak.ee\/epood\/#website"},"primaryImageOfPage":{"@id":"https:\/\/espak.ee\/epood\/toode\/elektrikeris-harvia-spirit-sp60e-60kw\/#primaryimage"},"image":{"@id":"https:\/\/espak.ee\/epood\/toode\/elektrikeris-harvia-spirit-sp60e-60kw\/#primaryimage"},"thumbnailUrl":"https:\/\/espak.ee\/epood\/wp-content\/uploads\/2022\/09\/Harvia_Spirit-0-f600x600-2.jpg","datePublished":"2022-09-23T08:13:14+00:00","dateModified":"2024-08-12T17:11:22+00:00","breadcrumb":{"@id":"https:\/\/espak.ee\/epood\/toode\/elektrikeris-harvia-spirit-sp60e-60kw\/#breadcrumb"},"inLanguage":"et","potentialAction":[{"@type":"ReadAction","target":["https:\/\/espak.ee\/epood\/toode\/elektrikeris-harvia-spirit-sp60e-60kw\/"]}]},{"@type":"ImageObject","inLanguage":"et","@id":"https:\/\/espak.ee\/epood\/toode\/elektrikeris-harvia-spirit-sp60e-60kw\/#primaryimage","url":"https:\/\/espak.ee\/epood\/wp-content\/uploads\/2022\/09\/Harvia_Spirit-0-f600x600-2.jpg","contentUrl":"https:\/\/espak.ee\/epood\/wp-content\/uploads\/2022\/09\/Harvia_Spirit-0-f600x600-2.jpg","width":800,"height":800},{"@type":"BreadcrumbList","@id":"https:\/\/espak.ee\/epood\/toode\/elektrikeris-harvia-spirit-sp60e-60kw\/#breadcrumb","itemListElement":[{"@type":"ListItem","position":1,"name":"Home","item":"https:\/\/espak.ee\/epood\/"},{"@type":"ListItem","position":2,"name":"Tootevalik","item":"https:\/\/espak.ee\/epood\/tootevalik\/"},{"@type":"ListItem","position":3,"name":"ELEKTRIKERIS HARVIA SPIRIT SP60E 6,0kW"}]},{"@type":"WebSite","@id":"https:\/\/espak.ee\/epood\/#website","url":"https:\/\/espak.ee\/epood\/","name":"Espak E-pood","description":"","potentialAction":[{"@type":"SearchAction","target":{"@type":"EntryPoint","urlTemplate":"https:\/\/espak.ee\/epood\/?s={search_term_string}"},"query-input":{"@type":"PropertyValueSpecification","valueRequired":true,"valueName":"search_term_string"}}],"inLanguage":"et"}]}},"_links":{"self":[{"href":"https:\/\/espak.ee\/epood\/wp-json\/wp\/v2\/product\/133252","targetHints":{"allow":["GET"]}}],"collection":[{"href":"https:\/\/espak.ee\/epood\/wp-json\/wp\/v2\/product"}],"about":[{"href":"https:\/\/espak.ee\/epood\/wp-json\/wp\/v2\/types\/product"}],"replies":[{"embeddable":true,"href":"https:\/\/espak.ee\/epood\/wp-json\/wp\/v2\/comments?post=133252"}],"wp:featuredmedia":[{"embeddable":true,"href":"https:\/\/espak.ee\/epood\/wp-json\/wp\/v2\/media\/204976"}],"wp:attachment":[{"href":"https:\/\/espak.ee\/epood\/wp-json\/wp\/v2\/media?parent=133252"}],"wp:term":[{"taxonomy":"product_brand","embeddable":true,"href":"https:\/\/espak.ee\/epood\/wp-json\/wp\/v2\/product_brand?post=133252"},{"taxonomy":"product_cat","embeddable":true,"href":"https:\/\/espak.ee\/epood\/wp-json\/wp\/v2\/product_cat?post=133252"},{"taxonomy":"product_tag","embeddable":true,"href":"https:\/\/espak.ee\/epood\/wp-json\/wp\/v2\/product_tag?post=133252"}],"curies":[{"name":"wp","href":"https:\/\/api.w.org\/{rel}","templated":true}]}}