{"id":133044,"date":"2022-09-22T07:46:53","date_gmt":"2022-09-22T07:46:53","guid":{"rendered":"https:\/\/espak.ee\/epood\/?post_type=product&#038;p=133044"},"modified":"2025-08-13T23:12:08","modified_gmt":"2025-08-13T20:12:08","slug":"akumultitooriist-makita-dtm52zjx4","status":"publish","type":"product","link":"https:\/\/espak.ee\/epood\/toode\/akumultitooriist-makita-dtm52zjx4\/","title":{"rendered":"AKUMULTIT\u00d6\u00d6RIIST MAKITA DTM52ZJX4"},"content":{"rendered":"<div class=\"row\"  id=\"row-329140567\">\n\n\t<div id=\"col-725215004\" class=\"col medium-9 small-12 large-9\"  >\n\t\t\t\t<div class=\"col-inner\"  >\n\t\t\t\n\t\t\t\n<h3>Akumultit\u00f6\u00f6riist Makita<\/h3>\n<p>Akumultit\u00f6\u00f6riist mis on suurep\u00e4rane abiline erinevateks l\u00f5ikamisteks, lihvimisteks, vuugipuhastamiseks ja paljuks muuks. Uus ja v\u00f5imas harjavaba mootor tagavad suure v\u00f5nkeulatuse ja v\u00f5nkekiiruse &#8211; lausa 3,6\u00b0 ja 10000 &#8211; 20000 min\u207b\u00b9.<\/p>\n<p>Suurep\u00e4raselt k\u00e4tte sobiv 18V LXT\u00ae akumultit\u00f6\u00f6riist on asendamatuks abiliseks ehitus- v\u00f5i renoveerimist\u00f6\u00f6del. Aidates erinevate l\u00f5ikamis, lihvimis, vuugipuhastamis ja paljude muude t\u00f6\u00f6dega. Sobilik k\u00f5ikide STARLOCK tarvikutega, sobilik ka k\u00f5ige suuremat v\u00f5imsust n\u00f5udvate STARLOCK MAX tarvikute jaoks. Varustatud tarvikute t\u00f6\u00f6riistavaba lukustuss\u00fcsteemiga.<br \/>\nKomplektis lihvtald, lihvpaberid, 4 erinevat l\u00f5iketera.<br \/>\nMakpac nr.3 kohvris.\n <\/p>\n<div class=\"message-box relative\" style=\"padding-top:15px;padding-bottom:15px;\"><div class=\"message-box-bg-image bg-fill fill\" ><\/div><div class=\"message-box-bg-overlay bg-fill fill\" ><\/div><div class=\"container relative\"><div class=\"inner last-reset\">\n<div class=\"row align-middle align-center\"  id=\"row-75728270\">\n\n\t<div id=\"col-927448392\" class=\"col small-12 large-12\"  >\n\t\t\t\t<div class=\"col-inner text-left\"  >\n\t\t\t\n\t\t\t\n<h4>Omadused<\/h4>\n<div class=\"row\"  id=\"row-1476345839\">\n\n\t<div id=\"col-972542627\" class=\"col medium-6 small-12 large-6\"  >\n\t\t\t\t<div class=\"col-inner\"  >\n\t\t\t\n\t\t\t\n<p><i class=\"far fa-check-circle fa-2x\"><\/i><strong>\u00a0AVT \u2013 ainulaadne uue tehnoloogia vibratsioonisummutus<\/strong><\/p>\n\t\t<\/div>\n\t\t\t\t\n<style>\n#col-972542627 > .col-inner {\n  margin: 0px 0px 15px 0px;\n}\n<\/style>\n\t<\/div>\n\n\t\n\n\t<div id=\"col-1634319118\" class=\"col medium-6 small-12 large-6\"  >\n\t\t\t\t<div class=\"col-inner\"  >\n\t\t\t\n\t\t\t\n<p><i class=\"far fa-check-circle fa-2x\"><\/i><strong> K\u00e4epideme kummikate tagab kindla haarde<\/strong><\/p>\n\t\t<\/div>\n\t\t\t\t\n<style>\n#col-1634319118 > .col-inner {\n  margin: 0px 0px 15px 0px;\n}\n<\/style>\n\t<\/div>\n\n\t\n<\/div>\n\t\t<\/div>\n\t\t\t\t\t<\/div>\n\n\t\n<\/div>\n<\/div><\/div><\/div>\n\t<div id=\"gap-1226011032\" class=\"gap-element clearfix\" style=\"display:block; height:auto;\">\n\t\t\n<style>\n#gap-1226011032 {\n  padding-top: 30px;\n}\n<\/style>\n\t<\/div>\n\t\n<p>Aku ja laadijata mudel &#8211; toode tarnitakse ilma aku ja laadimisseadmeta.<\/p>\n\t\t<\/div>\n\t\t\t\t\t<\/div>\n\n\t\n\n\t<div id=\"col-52838868\" class=\"col medium-3 small-12 large-3\"  >\n\t\t\t\t<div class=\"col-inner\"  >\n\t\t\t\n\t\t\t\n\t<div id=\"gap-210472949\" class=\"gap-element clearfix\" style=\"display:block; height:auto;\">\n\t\t\n<style>\n#gap-210472949 {\n  padding-top: 30px;\n}\n<\/style>\n\t<\/div>\n\t\n<h3>Kasutusjuhend<\/h3>\n<p><a href=\"https:\/\/espak.ee\/epood\/wp-content\/uploads\/2021\/06\/885866-982.pdf\" target=\"_blank\" rel=\"noopener noreferrer\"><i class=\"far fa-file-pdf\"><\/i> Kasutusjuhend (PDF)<\/a><\/p>\n<div class=\"is-divider divider clearfix\" ><\/div>\n<p><strong>\u00dcksikasjalikuma n\u00f5u saamiseks v\u00f5tke \u00fchendust:<br \/><\/strong>Espak AS<br \/>Viadukti 42<br \/>11313<br \/>Tallinn<br \/> T\u00f6\u00f6riista osakond +372 6512 335<br \/><a href=\"mailto:tooriist@espak.ee\">tooriist@espak.ee<\/a><\/p>\n\t\t<\/div>\n\t\t\t\t\t<\/div>\n\n\t\n<\/div>\n","protected":false},"excerpt":{"rendered":"","protected":false},"featured_media":134740,"comment_status":"closed","ping_status":"closed","template":"","meta":[],"product_brand":[],"product_cat":[2750,2733,2680,2679],"product_tag":[],"class_list":{"0":"post-133044","1":"product","2":"type-product","3":"status-publish","4":"has-post-thumbnail","6":"product_cat-akumultitooriistad","7":"product_cat-akutooriistad","8":"product_cat-elektritooriistad","9":"product_cat-tooriistad","10":"pa_kaubamark-makita","12":"first","13":"instock","14":"sale","15":"taxable","16":"shipping-taxable","17":"purchasable","18":"product-type-simple"},"yoast_head":"<!-- This site is optimized with the Yoast SEO plugin v26.9 - https:\/\/yoast.com\/product\/yoast-seo-wordpress\/ -->\n<title>AKUMULTIT\u00d6\u00d6RIIST MAKITA DTM52ZJX4 - Espak E-pood<\/title>\n<meta name=\"robots\" content=\"index, follow, max-snippet:-1, max-image-preview:large, max-video-preview:-1\" \/>\n<link rel=\"canonical\" href=\"https:\/\/espak.ee\/epood\/toode\/akumultitooriist-makita-dtm52zjx4\/\" \/>\n<meta property=\"og:locale\" content=\"et_EE\" \/>\n<meta property=\"og:type\" content=\"article\" \/>\n<meta property=\"og:title\" content=\"AKUMULTIT\u00d6\u00d6RIIST MAKITA DTM52ZJX4 - Espak E-pood\" \/>\n<meta property=\"og:url\" content=\"https:\/\/espak.ee\/epood\/toode\/akumultitooriist-makita-dtm52zjx4\/\" \/>\n<meta property=\"og:site_name\" content=\"Espak E-pood\" \/>\n<meta property=\"article:modified_time\" content=\"2025-08-13T20:12:08+00:00\" \/>\n<meta property=\"og:image\" content=\"https:\/\/espak.ee\/epood\/wp-content\/uploads\/2022\/09\/DTM52ZJX4_C1R0_s100.jpg\" \/>\n\t<meta property=\"og:image:width\" content=\"800\" \/>\n\t<meta property=\"og:image:height\" content=\"800\" \/>\n\t<meta property=\"og:image:type\" content=\"image\/jpeg\" \/>\n<meta name=\"twitter:card\" content=\"summary_large_image\" \/>\n<meta name=\"twitter:label1\" content=\"Est. reading time\" \/>\n\t<meta name=\"twitter:data1\" content=\"1 minut\" \/>\n<script type=\"application\/ld+json\" class=\"yoast-schema-graph\">{\"@context\":\"https:\/\/schema.org\",\"@graph\":[{\"@type\":\"WebPage\",\"@id\":\"https:\/\/espak.ee\/epood\/toode\/akumultitooriist-makita-dtm52zjx4\/\",\"url\":\"https:\/\/espak.ee\/epood\/toode\/akumultitooriist-makita-dtm52zjx4\/\",\"name\":\"AKUMULTIT\u00d6\u00d6RIIST MAKITA DTM52ZJX4 - Espak E-pood\",\"isPartOf\":{\"@id\":\"https:\/\/espak.ee\/epood\/#website\"},\"primaryImageOfPage\":{\"@id\":\"https:\/\/espak.ee\/epood\/toode\/akumultitooriist-makita-dtm52zjx4\/#primaryimage\"},\"image\":{\"@id\":\"https:\/\/espak.ee\/epood\/toode\/akumultitooriist-makita-dtm52zjx4\/#primaryimage\"},\"thumbnailUrl\":\"https:\/\/espak.ee\/epood\/wp-content\/uploads\/2022\/09\/DTM52ZJX4_C1R0_s100.jpg\",\"datePublished\":\"2022-09-22T07:46:53+00:00\",\"dateModified\":\"2025-08-13T20:12:08+00:00\",\"breadcrumb\":{\"@id\":\"https:\/\/espak.ee\/epood\/toode\/akumultitooriist-makita-dtm52zjx4\/#breadcrumb\"},\"inLanguage\":\"et\",\"potentialAction\":[{\"@type\":\"ReadAction\",\"target\":[\"https:\/\/espak.ee\/epood\/toode\/akumultitooriist-makita-dtm52zjx4\/\"]}]},{\"@type\":\"ImageObject\",\"inLanguage\":\"et\",\"@id\":\"https:\/\/espak.ee\/epood\/toode\/akumultitooriist-makita-dtm52zjx4\/#primaryimage\",\"url\":\"https:\/\/espak.ee\/epood\/wp-content\/uploads\/2022\/09\/DTM52ZJX4_C1R0_s100.jpg\",\"contentUrl\":\"https:\/\/espak.ee\/epood\/wp-content\/uploads\/2022\/09\/DTM52ZJX4_C1R0_s100.jpg\",\"width\":800,\"height\":800},{\"@type\":\"BreadcrumbList\",\"@id\":\"https:\/\/espak.ee\/epood\/toode\/akumultitooriist-makita-dtm52zjx4\/#breadcrumb\",\"itemListElement\":[{\"@type\":\"ListItem\",\"position\":1,\"name\":\"Home\",\"item\":\"https:\/\/espak.ee\/epood\/\"},{\"@type\":\"ListItem\",\"position\":2,\"name\":\"Tootevalik\",\"item\":\"https:\/\/espak.ee\/epood\/tootevalik\/\"},{\"@type\":\"ListItem\",\"position\":3,\"name\":\"AKUMULTIT\u00d6\u00d6RIIST MAKITA DTM52ZJX4\"}]},{\"@type\":\"WebSite\",\"@id\":\"https:\/\/espak.ee\/epood\/#website\",\"url\":\"https:\/\/espak.ee\/epood\/\",\"name\":\"Espak E-pood\",\"description\":\"\",\"potentialAction\":[{\"@type\":\"SearchAction\",\"target\":{\"@type\":\"EntryPoint\",\"urlTemplate\":\"https:\/\/espak.ee\/epood\/?s={search_term_string}\"},\"query-input\":{\"@type\":\"PropertyValueSpecification\",\"valueRequired\":true,\"valueName\":\"search_term_string\"}}],\"inLanguage\":\"et\"}]}<\/script>\n<!-- \/ Yoast SEO plugin. -->","yoast_head_json":{"title":"AKUMULTIT\u00d6\u00d6RIIST MAKITA DTM52ZJX4 - Espak E-pood","robots":{"index":"index","follow":"follow","max-snippet":"max-snippet:-1","max-image-preview":"max-image-preview:large","max-video-preview":"max-video-preview:-1"},"canonical":"https:\/\/espak.ee\/epood\/toode\/akumultitooriist-makita-dtm52zjx4\/","og_locale":"et_EE","og_type":"article","og_title":"AKUMULTIT\u00d6\u00d6RIIST MAKITA DTM52ZJX4 - Espak E-pood","og_url":"https:\/\/espak.ee\/epood\/toode\/akumultitooriist-makita-dtm52zjx4\/","og_site_name":"Espak E-pood","article_modified_time":"2025-08-13T20:12:08+00:00","og_image":[{"width":800,"height":800,"url":"https:\/\/espak.ee\/epood\/wp-content\/uploads\/2022\/09\/DTM52ZJX4_C1R0_s100.jpg","type":"image\/jpeg"}],"twitter_card":"summary_large_image","twitter_misc":{"Est. reading time":"1 minut"},"schema":{"@context":"https:\/\/schema.org","@graph":[{"@type":"WebPage","@id":"https:\/\/espak.ee\/epood\/toode\/akumultitooriist-makita-dtm52zjx4\/","url":"https:\/\/espak.ee\/epood\/toode\/akumultitooriist-makita-dtm52zjx4\/","name":"AKUMULTIT\u00d6\u00d6RIIST MAKITA DTM52ZJX4 - Espak E-pood","isPartOf":{"@id":"https:\/\/espak.ee\/epood\/#website"},"primaryImageOfPage":{"@id":"https:\/\/espak.ee\/epood\/toode\/akumultitooriist-makita-dtm52zjx4\/#primaryimage"},"image":{"@id":"https:\/\/espak.ee\/epood\/toode\/akumultitooriist-makita-dtm52zjx4\/#primaryimage"},"thumbnailUrl":"https:\/\/espak.ee\/epood\/wp-content\/uploads\/2022\/09\/DTM52ZJX4_C1R0_s100.jpg","datePublished":"2022-09-22T07:46:53+00:00","dateModified":"2025-08-13T20:12:08+00:00","breadcrumb":{"@id":"https:\/\/espak.ee\/epood\/toode\/akumultitooriist-makita-dtm52zjx4\/#breadcrumb"},"inLanguage":"et","potentialAction":[{"@type":"ReadAction","target":["https:\/\/espak.ee\/epood\/toode\/akumultitooriist-makita-dtm52zjx4\/"]}]},{"@type":"ImageObject","inLanguage":"et","@id":"https:\/\/espak.ee\/epood\/toode\/akumultitooriist-makita-dtm52zjx4\/#primaryimage","url":"https:\/\/espak.ee\/epood\/wp-content\/uploads\/2022\/09\/DTM52ZJX4_C1R0_s100.jpg","contentUrl":"https:\/\/espak.ee\/epood\/wp-content\/uploads\/2022\/09\/DTM52ZJX4_C1R0_s100.jpg","width":800,"height":800},{"@type":"BreadcrumbList","@id":"https:\/\/espak.ee\/epood\/toode\/akumultitooriist-makita-dtm52zjx4\/#breadcrumb","itemListElement":[{"@type":"ListItem","position":1,"name":"Home","item":"https:\/\/espak.ee\/epood\/"},{"@type":"ListItem","position":2,"name":"Tootevalik","item":"https:\/\/espak.ee\/epood\/tootevalik\/"},{"@type":"ListItem","position":3,"name":"AKUMULTIT\u00d6\u00d6RIIST MAKITA DTM52ZJX4"}]},{"@type":"WebSite","@id":"https:\/\/espak.ee\/epood\/#website","url":"https:\/\/espak.ee\/epood\/","name":"Espak E-pood","description":"","potentialAction":[{"@type":"SearchAction","target":{"@type":"EntryPoint","urlTemplate":"https:\/\/espak.ee\/epood\/?s={search_term_string}"},"query-input":{"@type":"PropertyValueSpecification","valueRequired":true,"valueName":"search_term_string"}}],"inLanguage":"et"}]}},"_links":{"self":[{"href":"https:\/\/espak.ee\/epood\/wp-json\/wp\/v2\/product\/133044","targetHints":{"allow":["GET"]}}],"collection":[{"href":"https:\/\/espak.ee\/epood\/wp-json\/wp\/v2\/product"}],"about":[{"href":"https:\/\/espak.ee\/epood\/wp-json\/wp\/v2\/types\/product"}],"replies":[{"embeddable":true,"href":"https:\/\/espak.ee\/epood\/wp-json\/wp\/v2\/comments?post=133044"}],"wp:featuredmedia":[{"embeddable":true,"href":"https:\/\/espak.ee\/epood\/wp-json\/wp\/v2\/media\/134740"}],"wp:attachment":[{"href":"https:\/\/espak.ee\/epood\/wp-json\/wp\/v2\/media?parent=133044"}],"wp:term":[{"taxonomy":"product_brand","embeddable":true,"href":"https:\/\/espak.ee\/epood\/wp-json\/wp\/v2\/product_brand?post=133044"},{"taxonomy":"product_cat","embeddable":true,"href":"https:\/\/espak.ee\/epood\/wp-json\/wp\/v2\/product_cat?post=133044"},{"taxonomy":"product_tag","embeddable":true,"href":"https:\/\/espak.ee\/epood\/wp-json\/wp\/v2\/product_tag?post=133044"}],"curies":[{"name":"wp","href":"https:\/\/api.w.org\/{rel}","templated":true}]}}