{"id":13298,"date":"2019-12-20T02:56:34","date_gmt":"2019-12-20T00:56:34","guid":{"rendered":"https:\/\/espak.ee\/hinnakiri\/?post_type=product&#038;p=13298"},"modified":"2024-03-23T00:04:39","modified_gmt":"2024-03-22T22:04:39","slug":"jootebeoon-naks-jc55-talvine-25kg","status":"publish","type":"product","link":"https:\/\/espak.ee\/epood\/toode\/jootebeoon-naks-jc55-talvine-25kg\/","title":{"rendered":"JOOTEBEOON NAKS JC55 TALVINE 25KG"},"content":{"rendered":"<div class=\"row\"  id=\"row-1209467571\">\n\n\t<div id=\"col-1007245130\" class=\"col medium-9 small-12 large-9\"  >\n\t\t\t\t<div class=\"col-inner\"  >\n\t\t\t\n\t\t\t\n<h2>Jootebetoon NAKS JC55<\/h2>\n<p>Pumbatav ja k\u00e4sitsi paigaldatav peeneteraline ilmastikukindel ja valguv kuivbetoon.<\/p>\n<div class=\"message-box relative\" style=\"padding-top:15px;padding-bottom:15px;\"><div class=\"message-box-bg-image bg-fill fill\" ><\/div><div class=\"message-box-bg-overlay bg-fill fill\" ><\/div><div class=\"container relative\"><div class=\"inner last-reset\">\n<div class=\"row align-middle align-center\"  id=\"row-785771443\">\n\n\t<div id=\"col-1029043268\" class=\"col small-12 large-12\"  >\n\t\t\t\t<div class=\"col-inner text-left\"  >\n\t\t\t\n\t\t\t\n<h4>Omadused<\/h4>\n<div class=\"row\"  id=\"row-1861224463\">\n\n\t<div id=\"col-1155426575\" class=\"col medium-6 small-12 large-6\"  >\n\t\t\t\t<div class=\"col-inner\"  >\n\t\t\t\n\t\t\t\n<p><i class=\"fa fa-check fa-2x\"><\/i> <strong>Kiirelt kivinev<\/strong><\/p>\n<p><i class=\"fa fa-check fa-2x\"><\/i> <strong>Mahuliselt stabiilne<\/strong><\/p>\n\t\t<\/div>\n\t\t\t\t\n<style>\n#col-1155426575 > .col-inner {\n  margin: 0px 0px 15px 0px;\n}\n<\/style>\n\t<\/div>\n\n\t\n<\/div>\n\t\t<\/div>\n\t\t\t\t\t<\/div>\n\n\t\n<\/div>\n<\/div><\/div><\/div>\n\t<div id=\"gap-1106580486\" class=\"gap-element clearfix\" style=\"display:block; height:auto;\">\n\t\t\n<style>\n#gap-1106580486 {\n  padding-top: 30px;\n}\n<\/style>\n\t<\/div>\n\t\n<h3>Kasutamise \u00fcksikasjad<\/h3>\n<p><strong>Kasutuskohad:<\/strong> Betoondetailide paigaldus ja \u00fchenduskohtade liitmine. Ankrute paigaldamine ja monolitiseerimine. Kitsaste t\u00e4itevalude valamine. Kasutamiseks sise- ja v\u00e4listingimustes.<\/p>\n<p><strong>Ettevalmistus t\u00f6\u00f6ks:<\/strong> Puhasta nakkepind tolmust ja lahtistest osakestest. Parima nakke saavutamiseks kasta aluspindu puhta veega enne valu. Raketise ehitamisel tee raketis t\u00e4pne ja tihe, et v\u00e4ltida segu raketisest v\u00e4ljavoolamist. Ankrute ja teiste teraskonstruktsioonide monolitiseerimisel kontrollige, et terase pind oleks passiveeritud. Passiveerimata tsink reageerib v\u00e4rske betooniga moodustades vesinikukihi, mis n\u00f5rgendab terase ja betooni naket. K\u00e4sitsi t\u00f6\u00f6tamisel kalla vajalik kogus segupulbrit segamisn\u00f5usse v\u00f5i segistisse. Lisa vett 14 \u2013 16%  segu kaalust. (3,5 \u2013 4 liitrit 25 kg koti kohta). Sega seni kuni segu t\u00e4ielikult m\u00e4rgub. Betooni massi optimaalne temperatuur 10 kuni 20 0C. Madalad temperatuurid aeglustavad betooni kivinemist. Valatud betoon ei tohi l\u00e4bi k\u00fclmuda 48 tunni jooksul. Parima nakke ja voolavuse saavutamiseks paigaldada segu 5-10 minuti jooksul peale vee lisamist. Valmissegatud segu kasutatav kuni 1  tund. Valatud pindu on soovitav kaitsta liiga kiire kuivamise eest. Niisutamine tagab valatud betoonimassi \u00fchtlase kivinemise ja mahulise stabiilsuse.<\/p>\n<p><strong>Talvine:<\/strong> Talveperioodil toodetakse koos k\u00fclmumisvastase lisandiga kasutamiseks kuni -10 0C, vastav roheline kleeps kotil.<\/p>\n<p><strong>Ohutus:<\/strong> Toode sisaldab tsementi. Veega kokkupuutumisel  tekib leeliseline reaktsioon. V\u00f5ib tekitada naha \u00e4rritust. Silma sattumisel loputa kohe rohke puhta.<\/p>\n\t\t<\/div>\n\t\t\t\t\t<\/div>\n\n\t\n\n\t<div id=\"col-1726030125\" class=\"col medium-3 small-12 large-3\"  >\n\t\t\t\t<div class=\"col-inner\"  >\n\t\t\t\n\t\t\t\n\t<div id=\"gap-1926617429\" class=\"gap-element clearfix\" style=\"display:block; height:auto;\">\n\t\t\n<style>\n#gap-1926617429 {\n  padding-top: 30px;\n}\n<\/style>\n\t<\/div>\n\t\n<h3>Kasutusjuhend<\/h3>\n<p><a href=\"https:\/\/espak.ee\/epood\/wp-content\/uploads\/JC55-kasutusjuhend.pdf\" target=\"_blank\" rel=\"noopener noreferrer\"><i class=\"far fa-file-pdf\"><\/i> Kasutusjuhend (PDF)<\/a><\/p>\n<h3>Ohutusalane teave<\/h3>\n<p><a href=\"https:\/\/espak.ee\/epood\/wp-content\/uploads\/JC55-ohutuskaart.pdf\" target=\"_blank\" rel=\"noopener noreferrer\"><i class=\"far fa-file-pdf\"><\/i> Ohutusalane teave (PDF)<\/a><\/p>\n<div class=\"is-divider divider clearfix\" ><\/div>\n<p><strong>\u00dcksikasjalikuma n\u00f5u saamiseks v\u00f5tke \u00fchendust:<br \/><\/strong> AS Uninaks<br \/>Liivalao 11<br \/>11316<br \/>Tallinn<br \/>+372 6565744<\/p>\n<div class=\"is-divider divider clearfix\" ><\/div>\n\t\t<\/div>\n\t\t\t\t\t<\/div>\n\n\t\n<\/div>\n","protected":false},"excerpt":{"rendered":"","protected":false},"featured_media":13732,"comment_status":"closed","ping_status":"open","template":"","meta":[],"product_brand":[],"product_cat":[2860,2698,2814,2697],"product_tag":[],"class_list":{"0":"post-13298","1":"product","2":"type-product","3":"status-publish","4":"has-post-thumbnail","6":"product_cat-betoon","7":"product_cat-pahtlid-ja-kuivsegud","8":"product_cat-tsementsegud","9":"product_cat-uldehitus","10":"pa_kaubamark-uninaks-as","12":"first","13":"instock","14":"sale","15":"taxable","16":"shipping-taxable","17":"purchasable","18":"product-type-simple"},"yoast_head":"<!-- This site is optimized with the Yoast SEO plugin v26.9 - https:\/\/yoast.com\/product\/yoast-seo-wordpress\/ -->\n<title>JOOTEBEOON NAKS JC55 TALVINE 25KG - Espak E-pood<\/title>\n<meta name=\"robots\" content=\"index, follow, max-snippet:-1, max-image-preview:large, max-video-preview:-1\" \/>\n<link rel=\"canonical\" href=\"https:\/\/espak.ee\/epood\/toode\/jootebeoon-naks-jc55-talvine-25kg\/\" \/>\n<meta property=\"og:locale\" content=\"et_EE\" \/>\n<meta property=\"og:type\" content=\"article\" \/>\n<meta property=\"og:title\" content=\"JOOTEBEOON NAKS JC55 TALVINE 25KG - Espak E-pood\" \/>\n<meta property=\"og:url\" content=\"https:\/\/espak.ee\/epood\/toode\/jootebeoon-naks-jc55-talvine-25kg\/\" \/>\n<meta property=\"og:site_name\" content=\"Espak E-pood\" \/>\n<meta property=\"article:modified_time\" content=\"2024-03-22T22:04:39+00:00\" \/>\n<meta property=\"og:image\" content=\"https:\/\/espak.ee\/epood\/wp-content\/uploads\/JC55.jpg\" \/>\n\t<meta property=\"og:image:width\" content=\"2048\" \/>\n\t<meta property=\"og:image:height\" content=\"2048\" \/>\n\t<meta property=\"og:image:type\" content=\"image\/jpeg\" \/>\n<meta name=\"twitter:card\" content=\"summary_large_image\" \/>\n<meta name=\"twitter:label1\" content=\"Est. reading time\" \/>\n\t<meta name=\"twitter:data1\" content=\"1 minut\" \/>\n<script type=\"application\/ld+json\" class=\"yoast-schema-graph\">{\"@context\":\"https:\/\/schema.org\",\"@graph\":[{\"@type\":\"WebPage\",\"@id\":\"https:\/\/espak.ee\/epood\/toode\/jootebeoon-naks-jc55-talvine-25kg\/\",\"url\":\"https:\/\/espak.ee\/epood\/toode\/jootebeoon-naks-jc55-talvine-25kg\/\",\"name\":\"JOOTEBEOON NAKS JC55 TALVINE 25KG - Espak E-pood\",\"isPartOf\":{\"@id\":\"https:\/\/espak.ee\/epood\/#website\"},\"primaryImageOfPage\":{\"@id\":\"https:\/\/espak.ee\/epood\/toode\/jootebeoon-naks-jc55-talvine-25kg\/#primaryimage\"},\"image\":{\"@id\":\"https:\/\/espak.ee\/epood\/toode\/jootebeoon-naks-jc55-talvine-25kg\/#primaryimage\"},\"thumbnailUrl\":\"https:\/\/espak.ee\/epood\/wp-content\/uploads\/JC55.jpg\",\"datePublished\":\"2019-12-20T00:56:34+00:00\",\"dateModified\":\"2024-03-22T22:04:39+00:00\",\"breadcrumb\":{\"@id\":\"https:\/\/espak.ee\/epood\/toode\/jootebeoon-naks-jc55-talvine-25kg\/#breadcrumb\"},\"inLanguage\":\"et\",\"potentialAction\":[{\"@type\":\"ReadAction\",\"target\":[\"https:\/\/espak.ee\/epood\/toode\/jootebeoon-naks-jc55-talvine-25kg\/\"]}]},{\"@type\":\"ImageObject\",\"inLanguage\":\"et\",\"@id\":\"https:\/\/espak.ee\/epood\/toode\/jootebeoon-naks-jc55-talvine-25kg\/#primaryimage\",\"url\":\"https:\/\/espak.ee\/epood\/wp-content\/uploads\/JC55.jpg\",\"contentUrl\":\"https:\/\/espak.ee\/epood\/wp-content\/uploads\/JC55.jpg\",\"width\":2048,\"height\":2048},{\"@type\":\"BreadcrumbList\",\"@id\":\"https:\/\/espak.ee\/epood\/toode\/jootebeoon-naks-jc55-talvine-25kg\/#breadcrumb\",\"itemListElement\":[{\"@type\":\"ListItem\",\"position\":1,\"name\":\"Home\",\"item\":\"https:\/\/espak.ee\/epood\/\"},{\"@type\":\"ListItem\",\"position\":2,\"name\":\"Tootevalik\",\"item\":\"https:\/\/espak.ee\/epood\/tootevalik\/\"},{\"@type\":\"ListItem\",\"position\":3,\"name\":\"JOOTEBEOON NAKS JC55 TALVINE 25KG\"}]},{\"@type\":\"WebSite\",\"@id\":\"https:\/\/espak.ee\/epood\/#website\",\"url\":\"https:\/\/espak.ee\/epood\/\",\"name\":\"Espak E-pood\",\"description\":\"\",\"potentialAction\":[{\"@type\":\"SearchAction\",\"target\":{\"@type\":\"EntryPoint\",\"urlTemplate\":\"https:\/\/espak.ee\/epood\/?s={search_term_string}\"},\"query-input\":{\"@type\":\"PropertyValueSpecification\",\"valueRequired\":true,\"valueName\":\"search_term_string\"}}],\"inLanguage\":\"et\"}]}<\/script>\n<!-- \/ Yoast SEO plugin. -->","yoast_head_json":{"title":"JOOTEBEOON NAKS JC55 TALVINE 25KG - Espak E-pood","robots":{"index":"index","follow":"follow","max-snippet":"max-snippet:-1","max-image-preview":"max-image-preview:large","max-video-preview":"max-video-preview:-1"},"canonical":"https:\/\/espak.ee\/epood\/toode\/jootebeoon-naks-jc55-talvine-25kg\/","og_locale":"et_EE","og_type":"article","og_title":"JOOTEBEOON NAKS JC55 TALVINE 25KG - Espak E-pood","og_url":"https:\/\/espak.ee\/epood\/toode\/jootebeoon-naks-jc55-talvine-25kg\/","og_site_name":"Espak E-pood","article_modified_time":"2024-03-22T22:04:39+00:00","og_image":[{"width":2048,"height":2048,"url":"https:\/\/espak.ee\/epood\/wp-content\/uploads\/JC55.jpg","type":"image\/jpeg"}],"twitter_card":"summary_large_image","twitter_misc":{"Est. reading time":"1 minut"},"schema":{"@context":"https:\/\/schema.org","@graph":[{"@type":"WebPage","@id":"https:\/\/espak.ee\/epood\/toode\/jootebeoon-naks-jc55-talvine-25kg\/","url":"https:\/\/espak.ee\/epood\/toode\/jootebeoon-naks-jc55-talvine-25kg\/","name":"JOOTEBEOON NAKS JC55 TALVINE 25KG - Espak E-pood","isPartOf":{"@id":"https:\/\/espak.ee\/epood\/#website"},"primaryImageOfPage":{"@id":"https:\/\/espak.ee\/epood\/toode\/jootebeoon-naks-jc55-talvine-25kg\/#primaryimage"},"image":{"@id":"https:\/\/espak.ee\/epood\/toode\/jootebeoon-naks-jc55-talvine-25kg\/#primaryimage"},"thumbnailUrl":"https:\/\/espak.ee\/epood\/wp-content\/uploads\/JC55.jpg","datePublished":"2019-12-20T00:56:34+00:00","dateModified":"2024-03-22T22:04:39+00:00","breadcrumb":{"@id":"https:\/\/espak.ee\/epood\/toode\/jootebeoon-naks-jc55-talvine-25kg\/#breadcrumb"},"inLanguage":"et","potentialAction":[{"@type":"ReadAction","target":["https:\/\/espak.ee\/epood\/toode\/jootebeoon-naks-jc55-talvine-25kg\/"]}]},{"@type":"ImageObject","inLanguage":"et","@id":"https:\/\/espak.ee\/epood\/toode\/jootebeoon-naks-jc55-talvine-25kg\/#primaryimage","url":"https:\/\/espak.ee\/epood\/wp-content\/uploads\/JC55.jpg","contentUrl":"https:\/\/espak.ee\/epood\/wp-content\/uploads\/JC55.jpg","width":2048,"height":2048},{"@type":"BreadcrumbList","@id":"https:\/\/espak.ee\/epood\/toode\/jootebeoon-naks-jc55-talvine-25kg\/#breadcrumb","itemListElement":[{"@type":"ListItem","position":1,"name":"Home","item":"https:\/\/espak.ee\/epood\/"},{"@type":"ListItem","position":2,"name":"Tootevalik","item":"https:\/\/espak.ee\/epood\/tootevalik\/"},{"@type":"ListItem","position":3,"name":"JOOTEBEOON NAKS JC55 TALVINE 25KG"}]},{"@type":"WebSite","@id":"https:\/\/espak.ee\/epood\/#website","url":"https:\/\/espak.ee\/epood\/","name":"Espak E-pood","description":"","potentialAction":[{"@type":"SearchAction","target":{"@type":"EntryPoint","urlTemplate":"https:\/\/espak.ee\/epood\/?s={search_term_string}"},"query-input":{"@type":"PropertyValueSpecification","valueRequired":true,"valueName":"search_term_string"}}],"inLanguage":"et"}]}},"_links":{"self":[{"href":"https:\/\/espak.ee\/epood\/wp-json\/wp\/v2\/product\/13298","targetHints":{"allow":["GET"]}}],"collection":[{"href":"https:\/\/espak.ee\/epood\/wp-json\/wp\/v2\/product"}],"about":[{"href":"https:\/\/espak.ee\/epood\/wp-json\/wp\/v2\/types\/product"}],"replies":[{"embeddable":true,"href":"https:\/\/espak.ee\/epood\/wp-json\/wp\/v2\/comments?post=13298"}],"wp:featuredmedia":[{"embeddable":true,"href":"https:\/\/espak.ee\/epood\/wp-json\/wp\/v2\/media\/13732"}],"wp:attachment":[{"href":"https:\/\/espak.ee\/epood\/wp-json\/wp\/v2\/media?parent=13298"}],"wp:term":[{"taxonomy":"product_brand","embeddable":true,"href":"https:\/\/espak.ee\/epood\/wp-json\/wp\/v2\/product_brand?post=13298"},{"taxonomy":"product_cat","embeddable":true,"href":"https:\/\/espak.ee\/epood\/wp-json\/wp\/v2\/product_cat?post=13298"},{"taxonomy":"product_tag","embeddable":true,"href":"https:\/\/espak.ee\/epood\/wp-json\/wp\/v2\/product_tag?post=13298"}],"curies":[{"name":"wp","href":"https:\/\/api.w.org\/{rel}","templated":true}]}}