{"id":13289,"date":"2019-12-20T02:56:25","date_gmt":"2019-12-20T00:56:25","guid":{"rendered":"https:\/\/espak.ee\/hinnakiri\/?post_type=product&#038;p=13289"},"modified":"2024-12-10T15:05:25","modified_gmt":"2024-12-10T13:05:25","slug":"fiiberbetoon-naks-fb-25kg","status":"publish","type":"product","link":"https:\/\/espak.ee\/epood\/toode\/fiiberbetoon-naks-fb-25kg\/","title":{"rendered":"FIIBERBETOON NAKS FB 25KG"},"content":{"rendered":"<div class=\"row\"  id=\"row-596452417\">\n\n\t<div id=\"col-1811653480\" class=\"col medium-9 small-12 large-9\"  >\n\t\t\t\t<div class=\"col-inner\"  >\n\t\t\t\n\t\t\t\n<h2>Fiiberbetoon NAKS FB<\/h2>\n<p>Fiiberbetoon NAKS FB armeeritud valu- ja silumisbetoon.<\/p>\n\t<div id=\"gap-363738811\" class=\"gap-element clearfix\" style=\"display:block; height:auto;\">\n\t\t\n<style>\n#gap-363738811 {\n  padding-top: 30px;\n}\n<\/style>\n\t<\/div>\n\t\n<h3>Kasutamise \u00fcksikasjad<\/h3>\n<p><strong>Kasutuskohad:<\/strong> Laoruumide p\u00f5randad, garaa\u017eide p\u00f5randad ja sisses\u00f5iduteed, suurte koormustega betoonpinnad, rasketes ilmastikuoludes betooni pinnad jne. Kasutamiseks sise- ja v\u00e4listingimustes.<\/p>\n<p><strong>Ettevalmistus t\u00f6\u00f6ks:<\/strong> Vajalik kogus segupulbrit kallata segamisn\u00f5usse v\u00f5i segistisse. Lisada vett 15 \u2013 20%  segu kaalust. (3,75 \u2013 5  liitrit 25 kg koti kohta) Segada mehhaaniliselt v\u00f5i k\u00e4sitsi kuni segu t\u00e4ieliku m\u00e4rgumiseni. Lasta segul veidi seista ja segada veel kord. Aluspinnad puhastada lahtistest osakestest, v\u00e4rvist, mustusest j.n.e. Aluspindu on soovitav vajadusel niisutada veega v\u00f5i  katta naket soodustava dispersiooniga (AS UNINAKS NAKKEDISPERSIOON).<\/p>\n<p><strong>Paigaldamine:<\/strong> Fiiberbetooniga  t\u00f6\u00f6tamisel kasutatakse betoneerimist\u00f6\u00f6de tavav\u00f5tteid. Segukihi paksus v\u00f5ib p\u00f5randal olla tavaliselt 1 \u2013 10 mm. V\u00e4iksemate aukude t\u00e4itmisel kuni 20 mm. Kivinevat segu kaitsta kiire kuivamise eest. Vajadusel niisutada. Valmissegu on kasutatav  4  tund.<\/p>\n\t\t<\/div>\n\t\t\t\t\t<\/div>\n\n\t\n\n\t<div id=\"col-1188790590\" class=\"col medium-3 small-12 large-3\"  >\n\t\t\t\t<div class=\"col-inner\"  >\n\t\t\t\n\t\t\t\n\t<div id=\"gap-825216275\" class=\"gap-element clearfix\" style=\"display:block; height:auto;\">\n\t\t\n<style>\n#gap-825216275 {\n  padding-top: 30px;\n}\n<\/style>\n\t<\/div>\n\t\n<h3>Kasutusjuhend<\/h3>\n<p><a href=\"https:\/\/espak.ee\/epood\/wp-content\/uploads\/Fiiberbetoon-kasutusjuhend.pdf\" target=\"_blank\" rel=\"noopener noreferrer\"><i class=\"far fa-file-pdf\"><\/i> Kasutusjuhend (PDF)<\/a><\/p>\n<h3>Ohutusalane teave<\/h3>\n<p><a href=\"https:\/\/espak.ee\/epood\/wp-content\/uploads\/fiiberbetoon-ohutuskaart.pdf\" target=\"_blank\" rel=\"noopener noreferrer\"><i class=\"far fa-file-pdf\"><\/i> Ohutusalane teave (PDF)<\/a><\/p>\n<div class=\"is-divider divider clearfix\" ><\/div>\n<p><strong>\u00dcksikasjalikuma n\u00f5u saamiseks v\u00f5tke \u00fchendust:<br \/><\/strong> AS Uninaks<br \/>Liivalao 11<br \/>11316<br \/>Tallinn<br \/>+372 6565744<\/p>\n<div class=\"is-divider divider clearfix\" ><\/div>\n\t\t<\/div>\n\t\t\t\t\t<\/div>\n\n\t\n<\/div>\n","protected":false},"excerpt":{"rendered":"","protected":false},"featured_media":13994,"comment_status":"closed","ping_status":"open","template":"","meta":[],"product_brand":[],"product_cat":[2860,2698,2814,2697],"product_tag":[],"class_list":{"0":"post-13289","1":"product","2":"type-product","3":"status-publish","4":"has-post-thumbnail","6":"product_cat-betoon","7":"product_cat-pahtlid-ja-kuivsegud","8":"product_cat-tsementsegud","9":"product_cat-uldehitus","10":"pa_kaubamark-uninaks-as","12":"first","13":"instock","14":"sale","15":"taxable","16":"shipping-taxable","17":"purchasable","18":"product-type-simple"},"yoast_head":"<!-- This site is optimized with the Yoast SEO plugin v26.9 - https:\/\/yoast.com\/product\/yoast-seo-wordpress\/ -->\n<title>FIIBERBETOON NAKS FB 25KG - Espak E-pood<\/title>\n<meta name=\"robots\" content=\"index, follow, max-snippet:-1, max-image-preview:large, max-video-preview:-1\" \/>\n<link rel=\"canonical\" href=\"https:\/\/espak.ee\/epood\/toode\/fiiberbetoon-naks-fb-25kg\/\" \/>\n<meta property=\"og:locale\" content=\"et_EE\" \/>\n<meta property=\"og:type\" content=\"article\" \/>\n<meta property=\"og:title\" content=\"FIIBERBETOON NAKS FB 25KG - Espak E-pood\" \/>\n<meta property=\"og:url\" content=\"https:\/\/espak.ee\/epood\/toode\/fiiberbetoon-naks-fb-25kg\/\" \/>\n<meta property=\"og:site_name\" content=\"Espak E-pood\" \/>\n<meta property=\"article:modified_time\" content=\"2024-12-10T13:05:25+00:00\" \/>\n<meta property=\"og:image\" content=\"https:\/\/espak.ee\/epood\/wp-content\/uploads\/Fiiberbetoon-FB.jpg\" \/>\n\t<meta property=\"og:image:width\" content=\"400\" \/>\n\t<meta property=\"og:image:height\" content=\"400\" \/>\n\t<meta property=\"og:image:type\" content=\"image\/jpeg\" \/>\n<meta name=\"twitter:card\" content=\"summary_large_image\" \/>\n<meta name=\"twitter:label1\" content=\"Est. reading time\" \/>\n\t<meta name=\"twitter:data1\" content=\"1 minut\" \/>\n<script type=\"application\/ld+json\" class=\"yoast-schema-graph\">{\"@context\":\"https:\/\/schema.org\",\"@graph\":[{\"@type\":\"WebPage\",\"@id\":\"https:\/\/espak.ee\/epood\/toode\/fiiberbetoon-naks-fb-25kg\/\",\"url\":\"https:\/\/espak.ee\/epood\/toode\/fiiberbetoon-naks-fb-25kg\/\",\"name\":\"FIIBERBETOON NAKS FB 25KG - Espak E-pood\",\"isPartOf\":{\"@id\":\"https:\/\/espak.ee\/epood\/#website\"},\"primaryImageOfPage\":{\"@id\":\"https:\/\/espak.ee\/epood\/toode\/fiiberbetoon-naks-fb-25kg\/#primaryimage\"},\"image\":{\"@id\":\"https:\/\/espak.ee\/epood\/toode\/fiiberbetoon-naks-fb-25kg\/#primaryimage\"},\"thumbnailUrl\":\"https:\/\/espak.ee\/epood\/wp-content\/uploads\/Fiiberbetoon-FB.jpg\",\"datePublished\":\"2019-12-20T00:56:25+00:00\",\"dateModified\":\"2024-12-10T13:05:25+00:00\",\"breadcrumb\":{\"@id\":\"https:\/\/espak.ee\/epood\/toode\/fiiberbetoon-naks-fb-25kg\/#breadcrumb\"},\"inLanguage\":\"et\",\"potentialAction\":[{\"@type\":\"ReadAction\",\"target\":[\"https:\/\/espak.ee\/epood\/toode\/fiiberbetoon-naks-fb-25kg\/\"]}]},{\"@type\":\"ImageObject\",\"inLanguage\":\"et\",\"@id\":\"https:\/\/espak.ee\/epood\/toode\/fiiberbetoon-naks-fb-25kg\/#primaryimage\",\"url\":\"https:\/\/espak.ee\/epood\/wp-content\/uploads\/Fiiberbetoon-FB.jpg\",\"contentUrl\":\"https:\/\/espak.ee\/epood\/wp-content\/uploads\/Fiiberbetoon-FB.jpg\",\"width\":400,\"height\":400},{\"@type\":\"BreadcrumbList\",\"@id\":\"https:\/\/espak.ee\/epood\/toode\/fiiberbetoon-naks-fb-25kg\/#breadcrumb\",\"itemListElement\":[{\"@type\":\"ListItem\",\"position\":1,\"name\":\"Home\",\"item\":\"https:\/\/espak.ee\/epood\/\"},{\"@type\":\"ListItem\",\"position\":2,\"name\":\"Tootevalik\",\"item\":\"https:\/\/espak.ee\/epood\/tootevalik\/\"},{\"@type\":\"ListItem\",\"position\":3,\"name\":\"FIIBERBETOON NAKS FB 25KG\"}]},{\"@type\":\"WebSite\",\"@id\":\"https:\/\/espak.ee\/epood\/#website\",\"url\":\"https:\/\/espak.ee\/epood\/\",\"name\":\"Espak E-pood\",\"description\":\"\",\"potentialAction\":[{\"@type\":\"SearchAction\",\"target\":{\"@type\":\"EntryPoint\",\"urlTemplate\":\"https:\/\/espak.ee\/epood\/?s={search_term_string}\"},\"query-input\":{\"@type\":\"PropertyValueSpecification\",\"valueRequired\":true,\"valueName\":\"search_term_string\"}}],\"inLanguage\":\"et\"}]}<\/script>\n<!-- \/ Yoast SEO plugin. -->","yoast_head_json":{"title":"FIIBERBETOON NAKS FB 25KG - Espak E-pood","robots":{"index":"index","follow":"follow","max-snippet":"max-snippet:-1","max-image-preview":"max-image-preview:large","max-video-preview":"max-video-preview:-1"},"canonical":"https:\/\/espak.ee\/epood\/toode\/fiiberbetoon-naks-fb-25kg\/","og_locale":"et_EE","og_type":"article","og_title":"FIIBERBETOON NAKS FB 25KG - Espak E-pood","og_url":"https:\/\/espak.ee\/epood\/toode\/fiiberbetoon-naks-fb-25kg\/","og_site_name":"Espak E-pood","article_modified_time":"2024-12-10T13:05:25+00:00","og_image":[{"width":400,"height":400,"url":"https:\/\/espak.ee\/epood\/wp-content\/uploads\/Fiiberbetoon-FB.jpg","type":"image\/jpeg"}],"twitter_card":"summary_large_image","twitter_misc":{"Est. reading time":"1 minut"},"schema":{"@context":"https:\/\/schema.org","@graph":[{"@type":"WebPage","@id":"https:\/\/espak.ee\/epood\/toode\/fiiberbetoon-naks-fb-25kg\/","url":"https:\/\/espak.ee\/epood\/toode\/fiiberbetoon-naks-fb-25kg\/","name":"FIIBERBETOON NAKS FB 25KG - Espak E-pood","isPartOf":{"@id":"https:\/\/espak.ee\/epood\/#website"},"primaryImageOfPage":{"@id":"https:\/\/espak.ee\/epood\/toode\/fiiberbetoon-naks-fb-25kg\/#primaryimage"},"image":{"@id":"https:\/\/espak.ee\/epood\/toode\/fiiberbetoon-naks-fb-25kg\/#primaryimage"},"thumbnailUrl":"https:\/\/espak.ee\/epood\/wp-content\/uploads\/Fiiberbetoon-FB.jpg","datePublished":"2019-12-20T00:56:25+00:00","dateModified":"2024-12-10T13:05:25+00:00","breadcrumb":{"@id":"https:\/\/espak.ee\/epood\/toode\/fiiberbetoon-naks-fb-25kg\/#breadcrumb"},"inLanguage":"et","potentialAction":[{"@type":"ReadAction","target":["https:\/\/espak.ee\/epood\/toode\/fiiberbetoon-naks-fb-25kg\/"]}]},{"@type":"ImageObject","inLanguage":"et","@id":"https:\/\/espak.ee\/epood\/toode\/fiiberbetoon-naks-fb-25kg\/#primaryimage","url":"https:\/\/espak.ee\/epood\/wp-content\/uploads\/Fiiberbetoon-FB.jpg","contentUrl":"https:\/\/espak.ee\/epood\/wp-content\/uploads\/Fiiberbetoon-FB.jpg","width":400,"height":400},{"@type":"BreadcrumbList","@id":"https:\/\/espak.ee\/epood\/toode\/fiiberbetoon-naks-fb-25kg\/#breadcrumb","itemListElement":[{"@type":"ListItem","position":1,"name":"Home","item":"https:\/\/espak.ee\/epood\/"},{"@type":"ListItem","position":2,"name":"Tootevalik","item":"https:\/\/espak.ee\/epood\/tootevalik\/"},{"@type":"ListItem","position":3,"name":"FIIBERBETOON NAKS FB 25KG"}]},{"@type":"WebSite","@id":"https:\/\/espak.ee\/epood\/#website","url":"https:\/\/espak.ee\/epood\/","name":"Espak E-pood","description":"","potentialAction":[{"@type":"SearchAction","target":{"@type":"EntryPoint","urlTemplate":"https:\/\/espak.ee\/epood\/?s={search_term_string}"},"query-input":{"@type":"PropertyValueSpecification","valueRequired":true,"valueName":"search_term_string"}}],"inLanguage":"et"}]}},"_links":{"self":[{"href":"https:\/\/espak.ee\/epood\/wp-json\/wp\/v2\/product\/13289","targetHints":{"allow":["GET"]}}],"collection":[{"href":"https:\/\/espak.ee\/epood\/wp-json\/wp\/v2\/product"}],"about":[{"href":"https:\/\/espak.ee\/epood\/wp-json\/wp\/v2\/types\/product"}],"replies":[{"embeddable":true,"href":"https:\/\/espak.ee\/epood\/wp-json\/wp\/v2\/comments?post=13289"}],"wp:featuredmedia":[{"embeddable":true,"href":"https:\/\/espak.ee\/epood\/wp-json\/wp\/v2\/media\/13994"}],"wp:attachment":[{"href":"https:\/\/espak.ee\/epood\/wp-json\/wp\/v2\/media?parent=13289"}],"wp:term":[{"taxonomy":"product_brand","embeddable":true,"href":"https:\/\/espak.ee\/epood\/wp-json\/wp\/v2\/product_brand?post=13289"},{"taxonomy":"product_cat","embeddable":true,"href":"https:\/\/espak.ee\/epood\/wp-json\/wp\/v2\/product_cat?post=13289"},{"taxonomy":"product_tag","embeddable":true,"href":"https:\/\/espak.ee\/epood\/wp-json\/wp\/v2\/product_tag?post=13289"}],"curies":[{"name":"wp","href":"https:\/\/api.w.org\/{rel}","templated":true}]}}