{"id":13266,"date":"2019-12-20T02:56:16","date_gmt":"2019-12-20T00:56:16","guid":{"rendered":"https:\/\/espak.ee\/hinnakiri\/?post_type=product&#038;p=13266"},"modified":"2026-03-21T09:32:21","modified_gmt":"2026-03-21T07:32:21","slug":"lahusti-white-spirit-1l","status":"publish","type":"product","link":"https:\/\/espak.ee\/epood\/toode\/lahusti-white-spirit-1l\/","title":{"rendered":"LAHUSTI WHITE-SPIRIT 1L"},"content":{"rendered":"<div class=\"row\"  id=\"row-1929931144\">\n\n\t<div id=\"col-1314678631\" class=\"col medium-9 small-12 large-9\"  >\n\t\t\t\t<div class=\"col-inner\"  >\n\t\t\t\n\t\t\t\n<h2>White Spirit<\/h2>\n<p>Lakibensiin lahustibaasil v\u00e4rvitoodete vedeldamiseks.<\/p>\n<div class=\"message-box relative\" style=\"padding-top:15px;padding-bottom:15px;\"><div class=\"message-box-bg-image bg-fill fill\" ><\/div><div class=\"message-box-bg-overlay bg-fill fill\" ><\/div><div class=\"container relative\"><div class=\"inner last-reset\">\n<div class=\"row align-middle align-center\"  id=\"row-425382141\">\n\n\t<div id=\"col-1898119545\" class=\"col small-12 large-12\"  >\n\t\t\t\t<div class=\"col-inner text-left\"  >\n\t\t\t\n\t\t\t\n<h4>Omadused<\/h4>\n<div class=\"row\"  id=\"row-483752047\">\n\n\t<div id=\"col-978343733\" class=\"col medium-6 small-12 large-6\"  >\n\t\t\t\t<div class=\"col-inner\"  >\n\t\t\t\n\t\t\t\n<p><i class=\"fa fa-check fa-2x\"><\/i> <strong>Maalritarvete pesuks<\/strong><\/p>\n<p><i class=\"fa fa-check fa-2x\"><\/i> <strong>V\u00e4hese l\u00f5hnaga<\/strong><\/p>\n\t\t<\/div>\n\t\t\t\t\n<style>\n#col-978343733 > .col-inner {\n  margin: 0px 0px 15px 0px;\n}\n<\/style>\n\t<\/div>\n\n\t\n\n\t<div id=\"col-2060727774\" class=\"col medium-6 small-12 large-6\"  >\n\t\t\t\t<div class=\"col-inner\"  >\n\t\t\t\n\t\t\t\n<p><i class=\"fa fa-check fa-2x\"><\/i> <strong>Pindade puhastamiseks rasvast ja \u00f5list<\/strong><\/p>\n<p><i class=\"fa fa-check fa-2x\"><\/i> <strong>Alk\u00fc\u00fcd- ja \u00f5liv\u00e4rvide, -lakkide ja \u00f5lipahtlite vedeldamiseks<\/strong><\/p>\n\t\t<\/div>\n\t\t\t\t\n<style>\n#col-2060727774 > .col-inner {\n  margin: 0px 0px 15px 0px;\n}\n<\/style>\n\t<\/div>\n\n\t\n<\/div>\n\t\t<\/div>\n\t\t\t\t\t<\/div>\n\n\t\n<\/div>\n<\/div><\/div><\/div>\n\t<div id=\"gap-1086567662\" class=\"gap-element clearfix\" style=\"display:block; height:auto;\">\n\t\t\n<style>\n#gap-1086567662 {\n  padding-top: 30px;\n}\n<\/style>\n\t<\/div>\n\t\n<h3>Kasutamise \u00fcksikasjad<\/h3>\n<p><strong>Kasutusalad:<\/strong> Alk\u00fc\u00fcd-, \u00f5li-, uretaanalk\u00fc\u00fcdv\u00e4rvide ja- lakkide ning \u00f5lipahtlite vedeldamiseks. Ei sobi vesialusel toodete vedeldamiseks.<\/p>\n<p><strong>Kasutamine:<\/strong> Enne lahustip\u00f5histe v\u00e4rvitoodete vedeldamist tutvuda nende kasutusjuhendiga. Lisada White Spiritit tootesse v\u00e4hehaaval, et v\u00e4ltida \u00fcledoseerimist.<br \/>\nMaalritarbed pesta lahustiga koheselt peale t\u00f6\u00f6 l\u00f5petamist.<br \/>\nPindade puhastamisel \u00f5list v\u00f5i rasvast eelnevalt teha proov v\u00e4iksemal pinnal et veenduda White Spirit sobivuses pinna puhastamiseks. T\u00f6\u00f6tada h\u00e4sti ventileeritavas kohas. T\u00f6\u00f6tamisel j\u00e4rgida ohutusn\u00f5udeid.<\/p>\n<p><strong>Ohutus:<\/strong> ETTEVAATUST. Allaneelamisel v\u00f5i hingamisteedesse sattumisel v\u00f5ib olla surmav. Hoida lastele k\u00e4ttesaamatus kohas. V\u00e4ltida silma, nahale v\u00f5i r\u00f5ivastele sattumist. Kanda kaitsekindaid\/kaitser\u00f5ivastust\/kaitseprille\/kaitsemaski. Korduv kokkupuude v\u00f5ib p\u00f5hjustada naha kuivust v\u00f5i l\u00f5henemist. ALLANEELAMISE KORRAL: v\u00f5tta viivitamata \u00fchendust M\u00dcRGISTUSTEABEKESKUSE v\u00f5i arstiga. MITTE kutsuda esile oksendamist.  Hoida lukustatult. Tulekahju korral: kustutamiseks kasutada ABC pulberkustuti. Kustutamisel pole soovitav kasutada kraanivett.<\/p>\n\t\t<\/div>\n\t\t\t\t\t<\/div>\n\n\t\n\n\t<div id=\"col-1788302819\" class=\"col medium-3 small-12 large-3\"  >\n\t\t\t\t<div class=\"col-inner\"  >\n\t\t\t\n\t\t\t\n\t<div id=\"gap-343293090\" class=\"gap-element clearfix\" style=\"display:block; height:auto;\">\n\t\t\n<style>\n#gap-343293090 {\n  padding-top: 30px;\n}\n<\/style>\n\t<\/div>\n\t\n<h3>Tehniline informatsioon<\/h3>\n<p><a href=\"https:\/\/espak.ee\/epood\/wp-content\/uploads\/white-spirit-tooteleht.pdf\" target=\"_blank\" rel=\"noopener noreferrer\"><i class=\"far fa-file-pdf\"><\/i> Tehniline info (PDF)<\/a><\/p>\n<div class=\"is-divider divider clearfix\" ><\/div>\n<p><strong>\u00dcksikasjalikuma n\u00f5u saamiseks v\u00f5tke \u00fchendust:<br \/><\/strong>Eskaro AS<br \/>Fosforiidi 20<br \/>Maardu<br \/>+372 6217969<\/p>\n<div class=\"is-divider divider clearfix\" ><\/div>\n\t\t<\/div>\n\t\t\t\t\t<\/div>\n\n\t\n<\/div>\n","protected":false},"excerpt":{"rendered":"","protected":false},"featured_media":15266,"comment_status":"closed","ping_status":"open","template":"","meta":[],"product_brand":[],"product_cat":[2691,3441,2684,2683],"product_tag":[],"class_list":{"0":"post-13266","1":"product","2":"type-product","3":"status-publish","4":"has-post-thumbnail","6":"product_cat-lahustid","7":"product_cat-lahustid-ja-pesuained","8":"product_cat-varvid-lakid-lahustid-puidukaitsed-olid","9":"product_cat-viimistluskaubad","10":"product_shipping_class-dpd-cold","11":"pa_kaubamark-eskaro-as","13":"first","14":"instock","15":"sale","16":"taxable","17":"shipping-taxable","18":"purchasable","19":"product-type-simple"},"yoast_head":"<!-- This site is optimized with the Yoast SEO plugin v26.9 - https:\/\/yoast.com\/product\/yoast-seo-wordpress\/ -->\n<title>LAHUSTI WHITE-SPIRIT 1L - Espak E-pood<\/title>\n<meta name=\"robots\" content=\"index, follow, max-snippet:-1, max-image-preview:large, max-video-preview:-1\" \/>\n<link rel=\"canonical\" href=\"https:\/\/espak.ee\/epood\/toode\/lahusti-white-spirit-1l\/\" \/>\n<meta property=\"og:locale\" content=\"et_EE\" \/>\n<meta property=\"og:type\" content=\"article\" \/>\n<meta property=\"og:title\" content=\"LAHUSTI WHITE-SPIRIT 1L - Espak E-pood\" \/>\n<meta property=\"og:url\" content=\"https:\/\/espak.ee\/epood\/toode\/lahusti-white-spirit-1l\/\" \/>\n<meta property=\"og:site_name\" content=\"Espak E-pood\" \/>\n<meta property=\"article:modified_time\" content=\"2026-03-21T07:32:21+00:00\" \/>\n<meta property=\"og:image\" content=\"https:\/\/espak.ee\/epood\/wp-content\/uploads\/WhiteSpirit_1L.jpg\" \/>\n\t<meta property=\"og:image:width\" content=\"821\" \/>\n\t<meta property=\"og:image:height\" content=\"821\" \/>\n\t<meta property=\"og:image:type\" content=\"image\/jpeg\" \/>\n<meta name=\"twitter:card\" content=\"summary_large_image\" \/>\n<meta name=\"twitter:label1\" content=\"Est. reading time\" \/>\n\t<meta name=\"twitter:data1\" content=\"1 minut\" \/>\n<script type=\"application\/ld+json\" class=\"yoast-schema-graph\">{\"@context\":\"https:\/\/schema.org\",\"@graph\":[{\"@type\":\"WebPage\",\"@id\":\"https:\/\/espak.ee\/epood\/toode\/lahusti-white-spirit-1l\/\",\"url\":\"https:\/\/espak.ee\/epood\/toode\/lahusti-white-spirit-1l\/\",\"name\":\"LAHUSTI WHITE-SPIRIT 1L - Espak E-pood\",\"isPartOf\":{\"@id\":\"https:\/\/espak.ee\/epood\/#website\"},\"primaryImageOfPage\":{\"@id\":\"https:\/\/espak.ee\/epood\/toode\/lahusti-white-spirit-1l\/#primaryimage\"},\"image\":{\"@id\":\"https:\/\/espak.ee\/epood\/toode\/lahusti-white-spirit-1l\/#primaryimage\"},\"thumbnailUrl\":\"https:\/\/espak.ee\/epood\/wp-content\/uploads\/WhiteSpirit_1L.jpg\",\"datePublished\":\"2019-12-20T00:56:16+00:00\",\"dateModified\":\"2026-03-21T07:32:21+00:00\",\"breadcrumb\":{\"@id\":\"https:\/\/espak.ee\/epood\/toode\/lahusti-white-spirit-1l\/#breadcrumb\"},\"inLanguage\":\"et\",\"potentialAction\":[{\"@type\":\"ReadAction\",\"target\":[\"https:\/\/espak.ee\/epood\/toode\/lahusti-white-spirit-1l\/\"]}]},{\"@type\":\"ImageObject\",\"inLanguage\":\"et\",\"@id\":\"https:\/\/espak.ee\/epood\/toode\/lahusti-white-spirit-1l\/#primaryimage\",\"url\":\"https:\/\/espak.ee\/epood\/wp-content\/uploads\/WhiteSpirit_1L.jpg\",\"contentUrl\":\"https:\/\/espak.ee\/epood\/wp-content\/uploads\/WhiteSpirit_1L.jpg\",\"width\":821,\"height\":821},{\"@type\":\"BreadcrumbList\",\"@id\":\"https:\/\/espak.ee\/epood\/toode\/lahusti-white-spirit-1l\/#breadcrumb\",\"itemListElement\":[{\"@type\":\"ListItem\",\"position\":1,\"name\":\"Home\",\"item\":\"https:\/\/espak.ee\/epood\/\"},{\"@type\":\"ListItem\",\"position\":2,\"name\":\"Tootevalik\",\"item\":\"https:\/\/espak.ee\/epood\/tootevalik\/\"},{\"@type\":\"ListItem\",\"position\":3,\"name\":\"LAHUSTI WHITE-SPIRIT 1L\"}]},{\"@type\":\"WebSite\",\"@id\":\"https:\/\/espak.ee\/epood\/#website\",\"url\":\"https:\/\/espak.ee\/epood\/\",\"name\":\"Espak E-pood\",\"description\":\"\",\"potentialAction\":[{\"@type\":\"SearchAction\",\"target\":{\"@type\":\"EntryPoint\",\"urlTemplate\":\"https:\/\/espak.ee\/epood\/?s={search_term_string}\"},\"query-input\":{\"@type\":\"PropertyValueSpecification\",\"valueRequired\":true,\"valueName\":\"search_term_string\"}}],\"inLanguage\":\"et\"}]}<\/script>\n<!-- \/ Yoast SEO plugin. -->","yoast_head_json":{"title":"LAHUSTI WHITE-SPIRIT 1L - Espak E-pood","robots":{"index":"index","follow":"follow","max-snippet":"max-snippet:-1","max-image-preview":"max-image-preview:large","max-video-preview":"max-video-preview:-1"},"canonical":"https:\/\/espak.ee\/epood\/toode\/lahusti-white-spirit-1l\/","og_locale":"et_EE","og_type":"article","og_title":"LAHUSTI WHITE-SPIRIT 1L - Espak E-pood","og_url":"https:\/\/espak.ee\/epood\/toode\/lahusti-white-spirit-1l\/","og_site_name":"Espak E-pood","article_modified_time":"2026-03-21T07:32:21+00:00","og_image":[{"width":821,"height":821,"url":"https:\/\/espak.ee\/epood\/wp-content\/uploads\/WhiteSpirit_1L.jpg","type":"image\/jpeg"}],"twitter_card":"summary_large_image","twitter_misc":{"Est. reading time":"1 minut"},"schema":{"@context":"https:\/\/schema.org","@graph":[{"@type":"WebPage","@id":"https:\/\/espak.ee\/epood\/toode\/lahusti-white-spirit-1l\/","url":"https:\/\/espak.ee\/epood\/toode\/lahusti-white-spirit-1l\/","name":"LAHUSTI WHITE-SPIRIT 1L - Espak E-pood","isPartOf":{"@id":"https:\/\/espak.ee\/epood\/#website"},"primaryImageOfPage":{"@id":"https:\/\/espak.ee\/epood\/toode\/lahusti-white-spirit-1l\/#primaryimage"},"image":{"@id":"https:\/\/espak.ee\/epood\/toode\/lahusti-white-spirit-1l\/#primaryimage"},"thumbnailUrl":"https:\/\/espak.ee\/epood\/wp-content\/uploads\/WhiteSpirit_1L.jpg","datePublished":"2019-12-20T00:56:16+00:00","dateModified":"2026-03-21T07:32:21+00:00","breadcrumb":{"@id":"https:\/\/espak.ee\/epood\/toode\/lahusti-white-spirit-1l\/#breadcrumb"},"inLanguage":"et","potentialAction":[{"@type":"ReadAction","target":["https:\/\/espak.ee\/epood\/toode\/lahusti-white-spirit-1l\/"]}]},{"@type":"ImageObject","inLanguage":"et","@id":"https:\/\/espak.ee\/epood\/toode\/lahusti-white-spirit-1l\/#primaryimage","url":"https:\/\/espak.ee\/epood\/wp-content\/uploads\/WhiteSpirit_1L.jpg","contentUrl":"https:\/\/espak.ee\/epood\/wp-content\/uploads\/WhiteSpirit_1L.jpg","width":821,"height":821},{"@type":"BreadcrumbList","@id":"https:\/\/espak.ee\/epood\/toode\/lahusti-white-spirit-1l\/#breadcrumb","itemListElement":[{"@type":"ListItem","position":1,"name":"Home","item":"https:\/\/espak.ee\/epood\/"},{"@type":"ListItem","position":2,"name":"Tootevalik","item":"https:\/\/espak.ee\/epood\/tootevalik\/"},{"@type":"ListItem","position":3,"name":"LAHUSTI WHITE-SPIRIT 1L"}]},{"@type":"WebSite","@id":"https:\/\/espak.ee\/epood\/#website","url":"https:\/\/espak.ee\/epood\/","name":"Espak E-pood","description":"","potentialAction":[{"@type":"SearchAction","target":{"@type":"EntryPoint","urlTemplate":"https:\/\/espak.ee\/epood\/?s={search_term_string}"},"query-input":{"@type":"PropertyValueSpecification","valueRequired":true,"valueName":"search_term_string"}}],"inLanguage":"et"}]}},"_links":{"self":[{"href":"https:\/\/espak.ee\/epood\/wp-json\/wp\/v2\/product\/13266","targetHints":{"allow":["GET"]}}],"collection":[{"href":"https:\/\/espak.ee\/epood\/wp-json\/wp\/v2\/product"}],"about":[{"href":"https:\/\/espak.ee\/epood\/wp-json\/wp\/v2\/types\/product"}],"replies":[{"embeddable":true,"href":"https:\/\/espak.ee\/epood\/wp-json\/wp\/v2\/comments?post=13266"}],"wp:featuredmedia":[{"embeddable":true,"href":"https:\/\/espak.ee\/epood\/wp-json\/wp\/v2\/media\/15266"}],"wp:attachment":[{"href":"https:\/\/espak.ee\/epood\/wp-json\/wp\/v2\/media?parent=13266"}],"wp:term":[{"taxonomy":"product_brand","embeddable":true,"href":"https:\/\/espak.ee\/epood\/wp-json\/wp\/v2\/product_brand?post=13266"},{"taxonomy":"product_cat","embeddable":true,"href":"https:\/\/espak.ee\/epood\/wp-json\/wp\/v2\/product_cat?post=13266"},{"taxonomy":"product_tag","embeddable":true,"href":"https:\/\/espak.ee\/epood\/wp-json\/wp\/v2\/product_tag?post=13266"}],"curies":[{"name":"wp","href":"https:\/\/api.w.org\/{rel}","templated":true}]}}