{"id":13111,"date":"2019-12-18T02:50:48","date_gmt":"2019-12-18T00:50:48","guid":{"rendered":"https:\/\/espak.ee\/hinnakiri\/?post_type=product&#038;p=13111"},"modified":"2026-03-21T09:39:25","modified_gmt":"2026-03-21T07:39:25","slug":"struktuurvarv-structura-24l","status":"publish","type":"product","link":"https:\/\/espak.ee\/epood\/toode\/struktuurvarv-structura-24l\/","title":{"rendered":"STRUKTUURV\u00c4RV STRUCTURA 2,4L"},"content":{"rendered":"<div class=\"row\"  id=\"row-408472075\">\n\n\t<div id=\"col-1379793068\" class=\"col medium-9 small-12 large-9\"  >\n\t\t\t\t<div class=\"col-inner\"  >\n\t\t\t\n\t\t\t\n<h2>Structura<\/h2>\n<p>Dekoratiivne struktuurv\u00e4rv siset\u00f6\u00f6deks.<\/p>\n<div class=\"message-box relative\" style=\"padding-top:15px;padding-bottom:15px;\"><div class=\"message-box-bg-image bg-fill fill\" ><\/div><div class=\"message-box-bg-overlay bg-fill fill\" ><\/div><div class=\"container relative\"><div class=\"inner last-reset\">\n<div class=\"row align-middle align-center\"  id=\"row-336040726\">\n\n\t<div id=\"col-1050816985\" class=\"col small-12 large-12\"  >\n\t\t\t\t<div class=\"col-inner text-left\"  >\n\t\t\t\n\t\t\t\n<h4>Omadused<\/h4>\n<div class=\"row\"  id=\"row-1988549962\">\n\n\t<div id=\"col-982788934\" class=\"col medium-6 small-12 large-6\"  >\n\t\t\t\t<div class=\"col-inner\"  >\n\t\t\t\n\t\t\t\n<p><i class=\"fa fa-check fa-2x\"><\/i> <strong>Hea nake aluspinnaga<\/strong><\/p>\n<p><i class=\"fa fa-check fa-2x\"><\/i> <strong>Ei valgu laiali pealekandmisel<\/strong><\/p>\n\t\t<\/div>\n\t\t\t\t\n<style>\n#col-982788934 > .col-inner {\n  margin: 0px 0px 15px 0px;\n}\n<\/style>\n\t<\/div>\n\n\t\n\n\t<div id=\"col-197629233\" class=\"col medium-6 small-12 large-6\"  >\n\t\t\t\t<div class=\"col-inner\"  >\n\t\t\t\n\t\t\t\n<p><i class=\"fa fa-check fa-2x\"><\/i> <strong>Katab pisemad aluspinna ebatasasused<\/strong><\/p>\n<p><i class=\"fa fa-check fa-2x\"><\/i> <strong>Hoiab h\u00e4sti mustri kontuure<\/strong><\/p>\n\t\t<\/div>\n\t\t\t\t\n<style>\n#col-197629233 > .col-inner {\n  margin: 0px 0px 15px 0px;\n}\n<\/style>\n\t<\/div>\n\n\t\n<\/div>\n\t\t<\/div>\n\t\t\t\t\t<\/div>\n\n\t\n<\/div>\n<\/div><\/div><\/div>\n\t<div id=\"gap-286613086\" class=\"gap-element clearfix\" style=\"display:block; height:auto;\">\n\t\t\n<style>\n#gap-286613086 {\n  padding-top: 30px;\n}\n<\/style>\n\t<\/div>\n\t\n<h3>Kasutamise \u00fcksikasjad<\/h3>\n<p><strong>Kasutusalad:<\/strong> Individuaalse stiili ja sisekujunduse loomine eluruumides, kontorites, poodides, trepikodades jne.<\/p>\n<p><strong>V\u00e4rvitavad pinnad:<\/strong> Uued v\u00f5i varem v\u00e4rvitud mineraalpinnad, betoon-, gaasbetoon-, kipsplaat-, krunditud puitkiudplaat-, puitlaastplaat-, tellis-, pahteldatud pinnad. Siset\u00f6\u00f6del. <\/p>\n<p><strong>Aluspinna ettevalmistus:<\/strong> Varem v\u00e4rvimata pind: Pind puhastada tolmust ja mustusest. Vajadusel pahteldada sobiva pahtliga FILLER sarjast. Lasta kuivada, lihvida \u00fchtlaseks ja eemaldada lihvimistolm. Pahteldatud pinnad, poorsed v\u00f5i eba\u00fchtlase poorsusega pinnad kruntida niiskust\u00f5kkega Aquastop v\u00f5i Tiefgrund. J\u00e4rgida toote kasutusjuhendit.<br \/>\nVarem v\u00e4rvitud pinnad: Pind peab olema puhastatud mittep\u00fcsivast ja kooruvast materjalist, mustusest, rasvast ja tolmust. Vajadusel kasutada hallituse eemaldamiseks vahendit Biotol E v\u00f5i Biotol Spray (j\u00e4rgida toote kasutusjuhendit). Tugevalt m\u00e4\u00e4rdunud pinnad pesta 3\u20265%-lise soodalahusega, seej\u00e4rel puhta veega hoolikalt loputada ning lasta kuivada. Tugevad vanad alk\u00fc\u00fcdpinnad lihvida matistumiseni, hoolikalt eemaldada lihvimistolm. Ebatasasused, praod ja lohud pahteldada sobiva pahtliga FILLER sarjast. Pahteldatud pind lihvida \u00fchtlaseks ja eemaldada lihvimistolm. Pahteldatud pinnad kruntida poorsuse v\u00e4hendamiseks niiskust\u00f5kkega Aquastop v\u00f5i Tiefgrund.<\/p>\n<p><strong>V\u00e4rvimine:<\/strong> V\u00e4rvi enne kasutamist segada. Vajalik kogus v\u00e4rvi ( ~1L) kanda pahtlilabidaga aluspinnale ja jaotada pinna peal laiali ligikaudu 1m\u00b2 ulatuses. Pinnale kantud v\u00e4rvi saab t\u00f6\u00f6delda 10&#8230;20 minuti jooksul (s\u00f5ltuvalt temperatuurist) erinevate struktuurrullide, liimikammide, pahtlilabidate, pintslite jm t\u00f6\u00f6vahenditega moodustades soovitud mustreid. Soovides k\u00f5rgemat ja teravamat struktuuri lisada v\u00e4rvile s\u00f5elutud liiva (kuni 30% v\u00e4rvi mahust). V\u00e4rvile vee lisamisel (kuni 7% mahust) on joonistuse faktuur siledam ja madalam. V\u00e4rvimise ajal v\u00e4ltida tuulet\u00f5mbust ja k\u00f5rget temperatuuri (\u00fcle 25\u00baC). V\u00e4rvimisel p\u00fc\u00fcda s\u00e4ilitada \u201cm\u00e4rga \u00e4\u00e4rt\u201d.<\/p>\n<p><strong>Hooldamine:<\/strong> Pinda v\u00f5ib puhastada p\u00e4rast 4 n\u00e4dala m\u00f6\u00f6dumist v\u00e4rvimisest, selle aja jooksul pind saavutab oma l\u00f5pliku k\u00f5vaduse ja kulumiskindluse. Kui pinda on vaja varem puhastada, tuleb seda teha ettevaatlikult, kasutades niisutatud pehmet pesu\u0161vammi v\u00f5i \u2013lappi, kuid mitte varem kui 2 \u00f6\u00f6p\u00e4eva m\u00f6\u00f6dumisel v\u00e4rvimisest. P\u00e4rast 4 n\u00e4dala m\u00f6\u00f6dumist sobib pinda puhastada kasutada pehmet pesuk\u00e4sna v\u00f5i \u2013lappi, v\u00e4hest vett ja vajadusel neutraalseid v\u00f5i n\u00f5rgalt leeliselisi pesemisvahendeid (pH kuni 9). V\u00e4rvitud pind ei talu sagedast tugevat pesemist. Mitte kasutada abrasiivseid puhastusvahendeid ega karedaid k\u00e4snu v\u00f5i harju. Mitte kasutada orgaanilisi lahusteid sisaldavaid puhastusaineid. Hallituse eemaldamiseks kasutada vahendit Biotol E v\u00f5i Biotol Spray.<\/p>\n<p><strong>Ohutus:<\/strong> Hoida lastele k\u00e4ttesaamatus kohas. T\u00f6\u00f6tamisel j\u00e4rgida t\u00f6\u00f6ohutusn\u00f5udeid. V\u00e4ltuda p\u00f5hjendamatut riski. Ennetava meetmena on soovitatav kasutada tavalisi isikukaitsevahendeid, millel on CE-m\u00e4rgis, vastavalt direktiivile 89\/686\/E\u00dc. \u00c4rge s\u00f6\u00f6ge ja jooge kasutamise ajal; peske p\u00e4rast kasutamist k\u00e4si sobiva puhastusvahendiga.<\/p>\n\t\t<\/div>\n\t\t\t\t\t<\/div>\n\n\t\n\n\t<div id=\"col-754144725\" class=\"col medium-3 small-12 large-3\"  >\n\t\t\t\t<div class=\"col-inner\"  >\n\t\t\t\n\t\t\t\n\t<div id=\"gap-538249243\" class=\"gap-element clearfix\" style=\"display:block; height:auto;\">\n\t\t\n<style>\n#gap-538249243 {\n  padding-top: 30px;\n}\n<\/style>\n\t<\/div>\n\t\n<h3>Tehniline informatsioon<\/h3>\n<p><a href=\"https:\/\/espak.ee\/epood\/wp-content\/uploads\/structura-tooteleht.pdf\" target=\"_blank\" rel=\"noopener noreferrer\"><i class=\"far fa-file-pdf\"><\/i> Tehniline info (PDF)<\/a><\/p>\n<div class=\"is-divider divider clearfix\" ><\/div>\n<p><strong>\u00dcksikasjalikuma n\u00f5u saamiseks v\u00f5tke \u00fchendust:<br \/><\/strong>Eskaro AS<br \/>Fosforiidi 20<br \/>Maardu<br \/>+372 6217969<\/p>\n<div class=\"is-divider divider clearfix\" ><\/div>\n\t\t<\/div>\n\t\t\t\t\t<\/div>\n\n\t\n<\/div>\n","protected":false},"excerpt":{"rendered":"","protected":false},"featured_media":13630,"comment_status":"closed","ping_status":"open","template":"","meta":[],"product_brand":[],"product_cat":[2689,2685,2684,2683],"product_tag":[],"class_list":{"0":"post-13111","1":"product","2":"type-product","3":"status-publish","4":"has-post-thumbnail","6":"product_cat-sisevarvid","7":"product_cat-varvid","8":"product_cat-varvid-lakid-lahustid-puidukaitsed-olid","9":"product_cat-viimistluskaubad","10":"product_shipping_class-dpd-cold","11":"pa_kaubamark-eskaro-as","13":"first","14":"instock","15":"sale","16":"taxable","17":"shipping-taxable","18":"purchasable","19":"product-type-simple"},"yoast_head":"<!-- This site is optimized with the Yoast SEO plugin v26.9 - https:\/\/yoast.com\/product\/yoast-seo-wordpress\/ -->\n<title>STRUKTUURV\u00c4RV STRUCTURA 2,4L - Espak E-pood<\/title>\n<meta name=\"robots\" content=\"index, follow, max-snippet:-1, max-image-preview:large, max-video-preview:-1\" \/>\n<link rel=\"canonical\" href=\"https:\/\/espak.ee\/epood\/toode\/struktuurvarv-structura-24l\/\" \/>\n<meta property=\"og:locale\" content=\"et_EE\" \/>\n<meta property=\"og:type\" content=\"article\" \/>\n<meta property=\"og:title\" content=\"STRUKTUURV\u00c4RV STRUCTURA 2,4L - Espak E-pood\" \/>\n<meta property=\"og:url\" content=\"https:\/\/espak.ee\/epood\/toode\/struktuurvarv-structura-24l\/\" \/>\n<meta property=\"og:site_name\" content=\"Espak E-pood\" \/>\n<meta property=\"article:modified_time\" content=\"2026-03-21T07:39:25+00:00\" \/>\n<meta property=\"og:image\" content=\"https:\/\/espak.ee\/epood\/wp-content\/uploads\/Structura_3L.jpg\" \/>\n\t<meta property=\"og:image:width\" content=\"2048\" \/>\n\t<meta property=\"og:image:height\" content=\"2048\" \/>\n\t<meta property=\"og:image:type\" content=\"image\/jpeg\" \/>\n<meta name=\"twitter:card\" content=\"summary_large_image\" \/>\n<meta name=\"twitter:label1\" content=\"Est. reading time\" \/>\n\t<meta name=\"twitter:data1\" content=\"3 minutit\" \/>\n<script type=\"application\/ld+json\" class=\"yoast-schema-graph\">{\"@context\":\"https:\/\/schema.org\",\"@graph\":[{\"@type\":\"WebPage\",\"@id\":\"https:\/\/espak.ee\/epood\/toode\/struktuurvarv-structura-24l\/\",\"url\":\"https:\/\/espak.ee\/epood\/toode\/struktuurvarv-structura-24l\/\",\"name\":\"STRUKTUURV\u00c4RV STRUCTURA 2,4L - Espak E-pood\",\"isPartOf\":{\"@id\":\"https:\/\/espak.ee\/epood\/#website\"},\"primaryImageOfPage\":{\"@id\":\"https:\/\/espak.ee\/epood\/toode\/struktuurvarv-structura-24l\/#primaryimage\"},\"image\":{\"@id\":\"https:\/\/espak.ee\/epood\/toode\/struktuurvarv-structura-24l\/#primaryimage\"},\"thumbnailUrl\":\"https:\/\/espak.ee\/epood\/wp-content\/uploads\/Structura_3L.jpg\",\"datePublished\":\"2019-12-18T00:50:48+00:00\",\"dateModified\":\"2026-03-21T07:39:25+00:00\",\"breadcrumb\":{\"@id\":\"https:\/\/espak.ee\/epood\/toode\/struktuurvarv-structura-24l\/#breadcrumb\"},\"inLanguage\":\"et\",\"potentialAction\":[{\"@type\":\"ReadAction\",\"target\":[\"https:\/\/espak.ee\/epood\/toode\/struktuurvarv-structura-24l\/\"]}]},{\"@type\":\"ImageObject\",\"inLanguage\":\"et\",\"@id\":\"https:\/\/espak.ee\/epood\/toode\/struktuurvarv-structura-24l\/#primaryimage\",\"url\":\"https:\/\/espak.ee\/epood\/wp-content\/uploads\/Structura_3L.jpg\",\"contentUrl\":\"https:\/\/espak.ee\/epood\/wp-content\/uploads\/Structura_3L.jpg\",\"width\":2048,\"height\":2048},{\"@type\":\"BreadcrumbList\",\"@id\":\"https:\/\/espak.ee\/epood\/toode\/struktuurvarv-structura-24l\/#breadcrumb\",\"itemListElement\":[{\"@type\":\"ListItem\",\"position\":1,\"name\":\"Home\",\"item\":\"https:\/\/espak.ee\/epood\/\"},{\"@type\":\"ListItem\",\"position\":2,\"name\":\"Tootevalik\",\"item\":\"https:\/\/espak.ee\/epood\/tootevalik\/\"},{\"@type\":\"ListItem\",\"position\":3,\"name\":\"STRUKTUURV\u00c4RV STRUCTURA 2,4L\"}]},{\"@type\":\"WebSite\",\"@id\":\"https:\/\/espak.ee\/epood\/#website\",\"url\":\"https:\/\/espak.ee\/epood\/\",\"name\":\"Espak E-pood\",\"description\":\"\",\"potentialAction\":[{\"@type\":\"SearchAction\",\"target\":{\"@type\":\"EntryPoint\",\"urlTemplate\":\"https:\/\/espak.ee\/epood\/?s={search_term_string}\"},\"query-input\":{\"@type\":\"PropertyValueSpecification\",\"valueRequired\":true,\"valueName\":\"search_term_string\"}}],\"inLanguage\":\"et\"}]}<\/script>\n<!-- \/ Yoast SEO plugin. -->","yoast_head_json":{"title":"STRUKTUURV\u00c4RV STRUCTURA 2,4L - Espak E-pood","robots":{"index":"index","follow":"follow","max-snippet":"max-snippet:-1","max-image-preview":"max-image-preview:large","max-video-preview":"max-video-preview:-1"},"canonical":"https:\/\/espak.ee\/epood\/toode\/struktuurvarv-structura-24l\/","og_locale":"et_EE","og_type":"article","og_title":"STRUKTUURV\u00c4RV STRUCTURA 2,4L - Espak E-pood","og_url":"https:\/\/espak.ee\/epood\/toode\/struktuurvarv-structura-24l\/","og_site_name":"Espak E-pood","article_modified_time":"2026-03-21T07:39:25+00:00","og_image":[{"width":2048,"height":2048,"url":"https:\/\/espak.ee\/epood\/wp-content\/uploads\/Structura_3L.jpg","type":"image\/jpeg"}],"twitter_card":"summary_large_image","twitter_misc":{"Est. reading time":"3 minutit"},"schema":{"@context":"https:\/\/schema.org","@graph":[{"@type":"WebPage","@id":"https:\/\/espak.ee\/epood\/toode\/struktuurvarv-structura-24l\/","url":"https:\/\/espak.ee\/epood\/toode\/struktuurvarv-structura-24l\/","name":"STRUKTUURV\u00c4RV STRUCTURA 2,4L - Espak E-pood","isPartOf":{"@id":"https:\/\/espak.ee\/epood\/#website"},"primaryImageOfPage":{"@id":"https:\/\/espak.ee\/epood\/toode\/struktuurvarv-structura-24l\/#primaryimage"},"image":{"@id":"https:\/\/espak.ee\/epood\/toode\/struktuurvarv-structura-24l\/#primaryimage"},"thumbnailUrl":"https:\/\/espak.ee\/epood\/wp-content\/uploads\/Structura_3L.jpg","datePublished":"2019-12-18T00:50:48+00:00","dateModified":"2026-03-21T07:39:25+00:00","breadcrumb":{"@id":"https:\/\/espak.ee\/epood\/toode\/struktuurvarv-structura-24l\/#breadcrumb"},"inLanguage":"et","potentialAction":[{"@type":"ReadAction","target":["https:\/\/espak.ee\/epood\/toode\/struktuurvarv-structura-24l\/"]}]},{"@type":"ImageObject","inLanguage":"et","@id":"https:\/\/espak.ee\/epood\/toode\/struktuurvarv-structura-24l\/#primaryimage","url":"https:\/\/espak.ee\/epood\/wp-content\/uploads\/Structura_3L.jpg","contentUrl":"https:\/\/espak.ee\/epood\/wp-content\/uploads\/Structura_3L.jpg","width":2048,"height":2048},{"@type":"BreadcrumbList","@id":"https:\/\/espak.ee\/epood\/toode\/struktuurvarv-structura-24l\/#breadcrumb","itemListElement":[{"@type":"ListItem","position":1,"name":"Home","item":"https:\/\/espak.ee\/epood\/"},{"@type":"ListItem","position":2,"name":"Tootevalik","item":"https:\/\/espak.ee\/epood\/tootevalik\/"},{"@type":"ListItem","position":3,"name":"STRUKTUURV\u00c4RV STRUCTURA 2,4L"}]},{"@type":"WebSite","@id":"https:\/\/espak.ee\/epood\/#website","url":"https:\/\/espak.ee\/epood\/","name":"Espak E-pood","description":"","potentialAction":[{"@type":"SearchAction","target":{"@type":"EntryPoint","urlTemplate":"https:\/\/espak.ee\/epood\/?s={search_term_string}"},"query-input":{"@type":"PropertyValueSpecification","valueRequired":true,"valueName":"search_term_string"}}],"inLanguage":"et"}]}},"_links":{"self":[{"href":"https:\/\/espak.ee\/epood\/wp-json\/wp\/v2\/product\/13111","targetHints":{"allow":["GET"]}}],"collection":[{"href":"https:\/\/espak.ee\/epood\/wp-json\/wp\/v2\/product"}],"about":[{"href":"https:\/\/espak.ee\/epood\/wp-json\/wp\/v2\/types\/product"}],"replies":[{"embeddable":true,"href":"https:\/\/espak.ee\/epood\/wp-json\/wp\/v2\/comments?post=13111"}],"wp:featuredmedia":[{"embeddable":true,"href":"https:\/\/espak.ee\/epood\/wp-json\/wp\/v2\/media\/13630"}],"wp:attachment":[{"href":"https:\/\/espak.ee\/epood\/wp-json\/wp\/v2\/media?parent=13111"}],"wp:term":[{"taxonomy":"product_brand","embeddable":true,"href":"https:\/\/espak.ee\/epood\/wp-json\/wp\/v2\/product_brand?post=13111"},{"taxonomy":"product_cat","embeddable":true,"href":"https:\/\/espak.ee\/epood\/wp-json\/wp\/v2\/product_cat?post=13111"},{"taxonomy":"product_tag","embeddable":true,"href":"https:\/\/espak.ee\/epood\/wp-json\/wp\/v2\/product_tag?post=13111"}],"curies":[{"name":"wp","href":"https:\/\/api.w.org\/{rel}","templated":true}]}}