{"id":13092,"date":"2019-12-18T02:50:39","date_gmt":"2019-12-18T00:50:39","guid":{"rendered":"https:\/\/espak.ee\/hinnakiri\/?post_type=product&#038;p=13092"},"modified":"2026-03-21T10:16:53","modified_gmt":"2026-03-21T08:16:53","slug":"alkuudkruntvarv-kruntex-9l","status":"publish","type":"product","link":"https:\/\/espak.ee\/epood\/toode\/alkuudkruntvarv-kruntex-9l\/","title":{"rendered":"ALK\u00dc\u00dcDKRUNTV\u00c4RV KRUNTEX 9L"},"content":{"rendered":"<div class=\"row\"  id=\"row-873795636\">\n\n\t<div id=\"col-579894170\" class=\"col medium-9 small-12 large-9\"  >\n\t\t\t\t<div class=\"col-inner\"  >\n\t\t\t\n\t\t\t\n<h2>Kruntex<\/h2>\n<p>Matt tiksotroopne alk\u00fc\u00fcdkruntv\u00e4rv siset\u00f6\u00f6deks.<\/p>\n<div class=\"message-box relative\" style=\"padding-top:15px;padding-bottom:15px;\"><div class=\"message-box-bg-image bg-fill fill\" ><\/div><div class=\"message-box-bg-overlay bg-fill fill\" ><\/div><div class=\"container relative\"><div class=\"inner last-reset\">\n<div class=\"row align-middle align-center\"  id=\"row-749882779\">\n\n\t<div id=\"col-1578075167\" class=\"col small-12 large-12\"  >\n\t\t\t\t<div class=\"col-inner text-left\"  >\n\t\t\t\n\t\t\t\n<h4>Omadused<\/h4>\n<div class=\"row\"  id=\"row-387668196\">\n\n\t<div id=\"col-748899465\" class=\"col medium-6 small-12 large-6\"  >\n\t\t\t\t<div class=\"col-inner\"  >\n\t\t\t\n\t\t\t\n<p><i class=\"fa fa-check fa-2x\"><\/i> <strong>Mugav kasutada<\/strong><\/p>\n<p><i class=\"fa fa-check fa-2x\"><\/i> <strong>Ei tilgu, tasandub h\u00e4sti<\/strong><\/p>\n\t\t<\/div>\n\t\t\t\t\n<style>\n#col-748899465 > .col-inner {\n  margin: 0px 0px 15px 0px;\n}\n<\/style>\n\t<\/div>\n\n\t\n\n\t<div id=\"col-620779789\" class=\"col medium-6 small-12 large-6\"  >\n\t\t\t\t<div class=\"col-inner\"  >\n\t\t\t\n\t\t\t\n<p><i class=\"fa fa-check fa-2x\"><\/i> <strong>Seob tolmu ja kriiti<\/strong><\/p>\n<p><i class=\"fa fa-check fa-2x\"><\/i> <strong>Kergelt lihvitav<\/strong><\/p>\n\t\t<\/div>\n\t\t\t\t\n<style>\n#col-620779789 > .col-inner {\n  margin: 0px 0px 15px 0px;\n}\n<\/style>\n\t<\/div>\n\n\t\n<\/div>\n\t\t<\/div>\n\t\t\t\t\t<\/div>\n\n\t\n<\/div>\n<\/div><\/div><\/div>\n\t<div id=\"gap-701429757\" class=\"gap-element clearfix\" style=\"display:block; height:auto;\">\n\t\t\n<style>\n#gap-701429757 {\n  padding-top: 30px;\n}\n<\/style>\n\t<\/div>\n\t\n<h3>Kasutamise \u00fcksikasjad<\/h3>\n<p><strong>Kasutusalad:<\/strong> Lagede ja seinte kruntimiseks kuivades ja niisketes ruumides. Sobib isolatsioonv\u00e4rviks nikotiini-, n\u00f5e- ja veekajustustega pindadel. Siset\u00f6\u00f6deks.<\/p>\n<p><strong>V\u00e4rvitavad pinnad:<\/strong> Uued v\u00f5i varem v\u00e4rvitud, krohvitud, pahteldatud, tellis- ja betoonpinnad, samuti  puitlaastplaat- ja puitkiudpinnad ja puitpinnad. Vanad lubiv\u00e4rviga v\u00f5i kriidiga v\u00e4rvitud pinnad.<\/p>\n<p><strong>Aluspinna ettevalmistus:<\/strong> V\u00e4rvitud pind peab olema kuiv ning puhastatud mittepu\u0308sivast ja kooruvast materjalist, mustusest, soolades, rasvast, \u00f5list ja tolmust. Varem email- v\u00f5i \u00f5liv\u00e4rvidega kaetud pinnad lihvida matistumiseni, hoolikalt eemaldada lihvimistolm. Tugevalt m\u00e4\u00e4rdunud v\u00f5i rasvased pinnad pesta 3-5%-lise soodalahusega, loputada puhta veega ja lasta kuivada. Ebatasasused, praod ja lohud pahteldada sobiva pahtliga FILLER sarjast.<\/p>\n<p><strong>V\u00e4rvimine:<\/strong> Kanda pinnale pintsli, rulli v\u00f5i pihustiga 1-2 kihti. V\u00e4rvides pintsli v\u00f5i rulliga v\u00e4rvi mitte lahjendada ega segada. Kui v\u00e4rv on segatud, n\u00e4iteks toonimisel, lasta tal seista kuni v\u00e4rv on omandanud zeleeja konsistentsi. Kasutades pihustit v\u00f5ib v\u00e4rvi lahjendada White Spirit`ga (kuni 10% v\u00e4rvi mahust). Sobiv \u00f5hu- ja pinnatemperatuur on \u00fcle +5\u00b0\u0421 ja suhteline \u00f5huniiskus alla 80%. Krunditud pinda \u00fcle v\u00e4rvida alles peale krundi t\u00e4ielikku kuivamist.<\/p>\n<p><strong>Hooldamine:<\/strong> Pind saavutab oma l\u00f5pliku k\u00f5vaduse ja kulumiskindluse 7 p\u00e4eva p\u00e4rast v\u00e4rvimisest. V\u00e4rvitud pinna puhastamiseks kasutada pehmet lappi ja vett, vajadusel neutraalseid v\u00f5i n\u00f5rgalt leeliselisi pesemisvahendeid (pH kuni 9). Mitte kasutada karedaid k\u00e4snu ega abrasiivseid puhastusaineid. P\u00e4rast puhastamist pind hoolikalt loputada puhta veega ning lasta kuivada.<\/p>\n<p><strong>Ohutus:<\/strong> V\u00f5ib esile kutsuda allergilise reaktsiooni. Hoida lastele k\u00e4ttesaamatus kohas. Korduv kokkupuude v\u00f5ib p\u00f5hjustada naha kuivust v\u00f5i l\u00f5henemist. Kanda kaitsekindaid\/kaitser\u00f5ivastust\/kaitseprille\/kaitsemaski. NAHALE (v\u00f5i juustele) SATTUMISE KORRAL: v\u00f5tta viivitamata k\u0151ik saastunud r\u00f5ivad seljast. Loputada nahka veega\/loputada du\u0161i all. Arsti poole p\u00f6\u00f6rdudes v\u00f5tta kaasa toote pakend v\u00f5i etikett. Tulekahju korral kasutada kustutamisel ABC pulberkustutit. Kustutamisel pole soovitav kasutada kraanivett.<\/p>\n\t\t<\/div>\n\t\t\t\t\t<\/div>\n\n\t\n\n\t<div id=\"col-297762810\" class=\"col medium-3 small-12 large-3\"  >\n\t\t\t\t<div class=\"col-inner\"  >\n\t\t\t\n\t\t\t\n\t<div id=\"gap-106780841\" class=\"gap-element clearfix\" style=\"display:block; height:auto;\">\n\t\t\n<style>\n#gap-106780841 {\n  padding-top: 30px;\n}\n<\/style>\n\t<\/div>\n\t\n<h3>Tehniline informatsioon<\/h3>\n<p><a href=\"https:\/\/espak.ee\/epood\/wp-content\/uploads\/kruntex-tooteleht.pdf\" target=\"_blank\" rel=\"noopener noreferrer\"><i class=\"far fa-file-pdf\"><\/i> Tehniline info (PDF)<\/a><\/p>\n<div class=\"is-divider divider clearfix\" ><\/div>\n<p><strong>\u00dcksikasjalikuma n\u00f5u saamiseks v\u00f5tke \u00fchendust:<br \/><\/strong>Eskaro AS<br \/>Fosforiidi 20<br \/>Maardu<br \/>+372 6217969<\/p>\n<div class=\"is-divider divider clearfix\" ><\/div>\n\t\t<\/div>\n\t\t\t\t\t<\/div>\n\n\t\n<\/div>\n","protected":false},"excerpt":{"rendered":"","protected":false},"featured_media":15209,"comment_status":"closed","ping_status":"open","template":"","meta":[],"product_brand":[],"product_cat":[2689,2685,2684,2683],"product_tag":[],"class_list":{"0":"post-13092","1":"product","2":"type-product","3":"status-publish","4":"has-post-thumbnail","6":"product_cat-sisevarvid","7":"product_cat-varvid","8":"product_cat-varvid-lakid-lahustid-puidukaitsed-olid","9":"product_cat-viimistluskaubad","10":"product_shipping_class-dpd-cold","11":"pa_kaubamark-eskaro-as","13":"first","14":"instock","15":"sale","16":"taxable","17":"shipping-taxable","18":"purchasable","19":"product-type-simple"},"yoast_head":"<!-- This site is optimized with the Yoast SEO plugin v26.9 - https:\/\/yoast.com\/product\/yoast-seo-wordpress\/ -->\n<title>ALK\u00dc\u00dcDKRUNTV\u00c4RV KRUNTEX 9L - Espak E-pood<\/title>\n<meta name=\"robots\" content=\"index, follow, max-snippet:-1, max-image-preview:large, max-video-preview:-1\" \/>\n<link rel=\"canonical\" href=\"https:\/\/espak.ee\/epood\/toode\/alkuudkruntvarv-kruntex-9l\/\" \/>\n<meta property=\"og:locale\" content=\"et_EE\" \/>\n<meta property=\"og:type\" content=\"article\" \/>\n<meta property=\"og:title\" content=\"ALK\u00dc\u00dcDKRUNTV\u00c4RV KRUNTEX 9L - Espak E-pood\" \/>\n<meta property=\"og:url\" content=\"https:\/\/espak.ee\/epood\/toode\/alkuudkruntvarv-kruntex-9l\/\" \/>\n<meta property=\"og:site_name\" content=\"Espak E-pood\" \/>\n<meta property=\"article:modified_time\" content=\"2026-03-21T08:16:53+00:00\" \/>\n<meta property=\"og:image\" content=\"https:\/\/espak.ee\/epood\/wp-content\/uploads\/Kruntex_9L.jpg\" \/>\n\t<meta property=\"og:image:width\" content=\"2048\" \/>\n\t<meta property=\"og:image:height\" content=\"2048\" \/>\n\t<meta property=\"og:image:type\" content=\"image\/jpeg\" \/>\n<meta name=\"twitter:card\" content=\"summary_large_image\" \/>\n<meta name=\"twitter:label1\" content=\"Est. reading time\" \/>\n\t<meta name=\"twitter:data1\" content=\"2 minutit\" \/>\n<script type=\"application\/ld+json\" class=\"yoast-schema-graph\">{\"@context\":\"https:\/\/schema.org\",\"@graph\":[{\"@type\":\"WebPage\",\"@id\":\"https:\/\/espak.ee\/epood\/toode\/alkuudkruntvarv-kruntex-9l\/\",\"url\":\"https:\/\/espak.ee\/epood\/toode\/alkuudkruntvarv-kruntex-9l\/\",\"name\":\"ALK\u00dc\u00dcDKRUNTV\u00c4RV KRUNTEX 9L - Espak E-pood\",\"isPartOf\":{\"@id\":\"https:\/\/espak.ee\/epood\/#website\"},\"primaryImageOfPage\":{\"@id\":\"https:\/\/espak.ee\/epood\/toode\/alkuudkruntvarv-kruntex-9l\/#primaryimage\"},\"image\":{\"@id\":\"https:\/\/espak.ee\/epood\/toode\/alkuudkruntvarv-kruntex-9l\/#primaryimage\"},\"thumbnailUrl\":\"https:\/\/espak.ee\/epood\/wp-content\/uploads\/Kruntex_9L.jpg\",\"datePublished\":\"2019-12-18T00:50:39+00:00\",\"dateModified\":\"2026-03-21T08:16:53+00:00\",\"breadcrumb\":{\"@id\":\"https:\/\/espak.ee\/epood\/toode\/alkuudkruntvarv-kruntex-9l\/#breadcrumb\"},\"inLanguage\":\"et\",\"potentialAction\":[{\"@type\":\"ReadAction\",\"target\":[\"https:\/\/espak.ee\/epood\/toode\/alkuudkruntvarv-kruntex-9l\/\"]}]},{\"@type\":\"ImageObject\",\"inLanguage\":\"et\",\"@id\":\"https:\/\/espak.ee\/epood\/toode\/alkuudkruntvarv-kruntex-9l\/#primaryimage\",\"url\":\"https:\/\/espak.ee\/epood\/wp-content\/uploads\/Kruntex_9L.jpg\",\"contentUrl\":\"https:\/\/espak.ee\/epood\/wp-content\/uploads\/Kruntex_9L.jpg\",\"width\":2048,\"height\":2048},{\"@type\":\"BreadcrumbList\",\"@id\":\"https:\/\/espak.ee\/epood\/toode\/alkuudkruntvarv-kruntex-9l\/#breadcrumb\",\"itemListElement\":[{\"@type\":\"ListItem\",\"position\":1,\"name\":\"Home\",\"item\":\"https:\/\/espak.ee\/epood\/\"},{\"@type\":\"ListItem\",\"position\":2,\"name\":\"Tootevalik\",\"item\":\"https:\/\/espak.ee\/epood\/tootevalik\/\"},{\"@type\":\"ListItem\",\"position\":3,\"name\":\"ALK\u00dc\u00dcDKRUNTV\u00c4RV KRUNTEX 9L\"}]},{\"@type\":\"WebSite\",\"@id\":\"https:\/\/espak.ee\/epood\/#website\",\"url\":\"https:\/\/espak.ee\/epood\/\",\"name\":\"Espak E-pood\",\"description\":\"\",\"potentialAction\":[{\"@type\":\"SearchAction\",\"target\":{\"@type\":\"EntryPoint\",\"urlTemplate\":\"https:\/\/espak.ee\/epood\/?s={search_term_string}\"},\"query-input\":{\"@type\":\"PropertyValueSpecification\",\"valueRequired\":true,\"valueName\":\"search_term_string\"}}],\"inLanguage\":\"et\"}]}<\/script>\n<!-- \/ Yoast SEO plugin. -->","yoast_head_json":{"title":"ALK\u00dc\u00dcDKRUNTV\u00c4RV KRUNTEX 9L - Espak E-pood","robots":{"index":"index","follow":"follow","max-snippet":"max-snippet:-1","max-image-preview":"max-image-preview:large","max-video-preview":"max-video-preview:-1"},"canonical":"https:\/\/espak.ee\/epood\/toode\/alkuudkruntvarv-kruntex-9l\/","og_locale":"et_EE","og_type":"article","og_title":"ALK\u00dc\u00dcDKRUNTV\u00c4RV KRUNTEX 9L - Espak E-pood","og_url":"https:\/\/espak.ee\/epood\/toode\/alkuudkruntvarv-kruntex-9l\/","og_site_name":"Espak E-pood","article_modified_time":"2026-03-21T08:16:53+00:00","og_image":[{"width":2048,"height":2048,"url":"https:\/\/espak.ee\/epood\/wp-content\/uploads\/Kruntex_9L.jpg","type":"image\/jpeg"}],"twitter_card":"summary_large_image","twitter_misc":{"Est. reading time":"2 minutit"},"schema":{"@context":"https:\/\/schema.org","@graph":[{"@type":"WebPage","@id":"https:\/\/espak.ee\/epood\/toode\/alkuudkruntvarv-kruntex-9l\/","url":"https:\/\/espak.ee\/epood\/toode\/alkuudkruntvarv-kruntex-9l\/","name":"ALK\u00dc\u00dcDKRUNTV\u00c4RV KRUNTEX 9L - Espak E-pood","isPartOf":{"@id":"https:\/\/espak.ee\/epood\/#website"},"primaryImageOfPage":{"@id":"https:\/\/espak.ee\/epood\/toode\/alkuudkruntvarv-kruntex-9l\/#primaryimage"},"image":{"@id":"https:\/\/espak.ee\/epood\/toode\/alkuudkruntvarv-kruntex-9l\/#primaryimage"},"thumbnailUrl":"https:\/\/espak.ee\/epood\/wp-content\/uploads\/Kruntex_9L.jpg","datePublished":"2019-12-18T00:50:39+00:00","dateModified":"2026-03-21T08:16:53+00:00","breadcrumb":{"@id":"https:\/\/espak.ee\/epood\/toode\/alkuudkruntvarv-kruntex-9l\/#breadcrumb"},"inLanguage":"et","potentialAction":[{"@type":"ReadAction","target":["https:\/\/espak.ee\/epood\/toode\/alkuudkruntvarv-kruntex-9l\/"]}]},{"@type":"ImageObject","inLanguage":"et","@id":"https:\/\/espak.ee\/epood\/toode\/alkuudkruntvarv-kruntex-9l\/#primaryimage","url":"https:\/\/espak.ee\/epood\/wp-content\/uploads\/Kruntex_9L.jpg","contentUrl":"https:\/\/espak.ee\/epood\/wp-content\/uploads\/Kruntex_9L.jpg","width":2048,"height":2048},{"@type":"BreadcrumbList","@id":"https:\/\/espak.ee\/epood\/toode\/alkuudkruntvarv-kruntex-9l\/#breadcrumb","itemListElement":[{"@type":"ListItem","position":1,"name":"Home","item":"https:\/\/espak.ee\/epood\/"},{"@type":"ListItem","position":2,"name":"Tootevalik","item":"https:\/\/espak.ee\/epood\/tootevalik\/"},{"@type":"ListItem","position":3,"name":"ALK\u00dc\u00dcDKRUNTV\u00c4RV KRUNTEX 9L"}]},{"@type":"WebSite","@id":"https:\/\/espak.ee\/epood\/#website","url":"https:\/\/espak.ee\/epood\/","name":"Espak E-pood","description":"","potentialAction":[{"@type":"SearchAction","target":{"@type":"EntryPoint","urlTemplate":"https:\/\/espak.ee\/epood\/?s={search_term_string}"},"query-input":{"@type":"PropertyValueSpecification","valueRequired":true,"valueName":"search_term_string"}}],"inLanguage":"et"}]}},"_links":{"self":[{"href":"https:\/\/espak.ee\/epood\/wp-json\/wp\/v2\/product\/13092","targetHints":{"allow":["GET"]}}],"collection":[{"href":"https:\/\/espak.ee\/epood\/wp-json\/wp\/v2\/product"}],"about":[{"href":"https:\/\/espak.ee\/epood\/wp-json\/wp\/v2\/types\/product"}],"replies":[{"embeddable":true,"href":"https:\/\/espak.ee\/epood\/wp-json\/wp\/v2\/comments?post=13092"}],"wp:featuredmedia":[{"embeddable":true,"href":"https:\/\/espak.ee\/epood\/wp-json\/wp\/v2\/media\/15209"}],"wp:attachment":[{"href":"https:\/\/espak.ee\/epood\/wp-json\/wp\/v2\/media?parent=13092"}],"wp:term":[{"taxonomy":"product_brand","embeddable":true,"href":"https:\/\/espak.ee\/epood\/wp-json\/wp\/v2\/product_brand?post=13092"},{"taxonomy":"product_cat","embeddable":true,"href":"https:\/\/espak.ee\/epood\/wp-json\/wp\/v2\/product_cat?post=13092"},{"taxonomy":"product_tag","embeddable":true,"href":"https:\/\/espak.ee\/epood\/wp-json\/wp\/v2\/product_tag?post=13092"}],"curies":[{"name":"wp","href":"https:\/\/api.w.org\/{rel}","templated":true}]}}