{"id":13086,"date":"2019-12-18T02:50:31","date_gmt":"2019-12-18T00:50:31","guid":{"rendered":"https:\/\/espak.ee\/hinnakiri\/?post_type=product&#038;p=13086"},"modified":"2026-03-21T09:30:44","modified_gmt":"2026-03-21T07:30:44","slug":"krunt-ja-laevarv-flat-18l","status":"publish","type":"product","link":"https:\/\/espak.ee\/epood\/toode\/krunt-ja-laevarv-flat-18l\/","title":{"rendered":"KRUNT- JA LAEV\u00c4RV FLAT 18L"},"content":{"rendered":"<div class=\"row\"  id=\"row-365281582\">\n\n\t<div id=\"col-2057314960\" class=\"col medium-9 small-12 large-9\"  >\n\t\t\t\t<div class=\"col-inner\"  >\n\t\t\t\n\t\t\t\n<h2>Flat<\/h2>\n<p>T\u00e4ismatt valge vesialuseline kruntv\u00e4rv kuivadesse ja niisketesse ruumidesse.<\/p>\n<div class=\"message-box relative\" style=\"padding-top:15px;padding-bottom:15px;\"><div class=\"message-box-bg-image bg-fill fill\" ><\/div><div class=\"message-box-bg-overlay bg-fill fill\" ><\/div><div class=\"container relative\"><div class=\"inner last-reset\">\n<div class=\"row align-middle align-center\"  id=\"row-382414531\">\n\n\t<div id=\"col-401828733\" class=\"col small-12 large-12\"  >\n\t\t\t\t<div class=\"col-inner text-left\"  >\n\t\t\t\n\t\t\t\n<h4>Omadused<\/h4>\n<div class=\"row\"  id=\"row-1448612988\">\n\n\t<div id=\"col-1904130144\" class=\"col medium-6 small-12 large-6\"  >\n\t\t\t\t<div class=\"col-inner\"  >\n\t\t\t\n\t\t\t\n<p><i class=\"fa fa-check fa-2x\"><\/i> <strong>Hea kattev\u00f5imega<\/strong><\/p>\n<p><i class=\"fa fa-check fa-2x\"><\/i> <strong>Kergelt lihvitav<\/strong><\/p>\n\t\t<\/div>\n\t\t\t\t\n<style>\n#col-1904130144 > .col-inner {\n  margin: 0px 0px 15px 0px;\n}\n<\/style>\n\t<\/div>\n\n\t\n\n\t<div id=\"col-2102243082\" class=\"col medium-6 small-12 large-6\"  >\n\t\t\t\t<div class=\"col-inner\"  >\n\t\t\t\n\t\t\t\n<p><i class=\"fa fa-check fa-2x\"><\/i> <strong>Mugavalt pinnale kantav<\/strong><\/p>\n<p><i class=\"fa fa-check fa-2x\"><\/i> <strong>Sobib tundlikele ja allergilistele inimestele<\/strong><\/p>\n\t\t<\/div>\n\t\t\t\t\n<style>\n#col-2102243082 > .col-inner {\n  margin: 0px 0px 15px 0px;\n}\n<\/style>\n\t<\/div>\n\n\t\n<\/div>\n\t\t<\/div>\n\t\t\t\t\t<\/div>\n\n\t\n<\/div>\n<\/div><\/div><\/div>\n\t<div id=\"gap-707818318\" class=\"gap-element clearfix\" style=\"display:block; height:auto;\">\n\t\t\n<style>\n#gap-707818318 {\n  padding-top: 30px;\n}\n<\/style>\n\t<\/div>\n\t\n<h3>Kasutamise \u00fcksikasjad<\/h3>\n<p><strong>Kasutusalad:<\/strong> Kruntv\u00e4rv vesialuselistele kattev\u00e4rvidele (Akrit, Mattilda, Structura, Akzent jt). Sobib lagede ja seinte kruntimiseks kuivades ja niisketes ruumides (elutoad, b\u00fcrood, koridorid, klassid jt. \u00fchiskondlikud ruumid). Sobib kasutamiseks v\u00e4iksemat pesukindlust n\u00f5udvate ruumide seinte v\u00e4rvimiseks. Ei sobi m\u00f6\u00f6bli, p\u00f5randate, uste v\u00e4rvimiseks.<\/p>\n<p><strong>V\u00e4rvitavad pinnad:<\/strong> Uued v\u00f5i varem v\u00e4rvitud mineraalpinnad: betoon-, kergbetoon-, kipsplaat-, puitkiudplaat-, krohvitud-, pahteldatud, klaaskiudtapeediga v\u00f5i teiste \u00fclev\u00e4rvitavate seinakattematerjalidega kaetud pinnad.<\/p>\n<p><strong>Aluspinna ettevalmistus:<\/strong> V\u00e4rvitav pind peab olema kuiv, puhastatud mittep\u00fcsivast, kooruvast materjalist, mustusest, rasvast ja tolmust. Varem email- v\u00f5i \u00f5liv\u00e4rvidega kaetud pinnad lihvida matistumiseni, hoolikalt eemaldada lihvimistolm. Tugevalt m\u00e4\u00e4rdunud v\u00f5i rasvased pinnad pesta 3-5%-lise soodalahusega, loputada puhta veega ja lasta kuivada. Ebatasasused, praod ja lohud pahteldada sobiva pahtliga FILLER sarjast. Pahteldatud pinnad, poorsed v\u00f5i eba\u00fchtlase poorsusega pinnad kruntida niiskust\u00f5kkega Aquastop v\u00f5i Tiefgrund. J\u00e4rgida toote kasutusjuhendit.<\/p>\n<p><strong>V\u00e4rvimine:<\/strong> Enne kasutamist v\u00e4rvi hoolikalt segada. V\u00e4rvida 1-2 kihti temperatuuril +10 &#8230; +25\u043e\u0421 ja suhtelise \u00f5huniiskusel alla 80%. V\u00e4rvmise ajal v\u00e4ltida tuulet\u00f5mbust ja k\u00f5rget temperatuuri (\u00fcle 25\u00baC). V\u00e4rvimisel p\u00fc\u00fcda s\u00e4ilitada \u201cm\u00e4rga \u00e4\u00e4rt\u201d. V\u00e4rvimist\u00f6\u00f6del mida teostatakse ebasoodsates tingimustes (tuulet\u00f5mbus, k\u00fcttekeha, k\u00f5rge temperatuur, madal \u00f5huniiskus) on soovitav v\u00e4rvile lisada kuivamisaja pikendajat Time+. <\/p>\n<p><strong>Ohutus:<\/strong> Toode ei ole klassifitseeritud ohtlikuks vastavalt direktiivile 1999\/45\/E\u00dc ja selle muudatustele. \u00c4rge s\u00f6\u00f6ge ja jooge kasutamise ajal; peske p\u00e4rast k\u00e4si sobiva puhastusvahendiga Silma sattumisel pesta rohke veega. V\u00e4rvi pihustusudu v\u00f5ib \u00e4rritada \u00fclitundlikkuse korral silmi ja tekitada naha kuivust.T\u00f6\u00f6tada h\u00e4sti ventileeritavas ruumis. Hoida lastele k\u00e4ttesaamatus kohas. Ennetava meetmena on soovitatav kasutada tavalisi isikukaitsevahendeid, millel on CE-m\u00e4rgis, vastavalt direktiivile 89\/686\/E\u00dc.<\/p>\n\t\t<\/div>\n\t\t\t\t\t<\/div>\n\n\t\n\n\t<div id=\"col-986851891\" class=\"col medium-3 small-12 large-3\"  >\n\t\t\t\t<div class=\"col-inner\"  >\n\t\t\t\n\t\t\t\n\t<div id=\"gap-804878174\" class=\"gap-element clearfix\" style=\"display:block; height:auto;\">\n\t\t\n<style>\n#gap-804878174 {\n  padding-top: 30px;\n}\n<\/style>\n\t<\/div>\n\t\n<h3>Tehniline informatsioon<\/h3>\n<p><a href=\"https:\/\/espak.ee\/epood\/wp-content\/uploads\/flat-tooteleht.pdf\" target=\"_blank\" rel=\"noopener noreferrer\"><i class=\"far fa-file-pdf\"><\/i> Tehniline info (PDF)<\/a><\/p>\n<div class=\"is-divider divider clearfix\" ><\/div>\n<p><strong>\u00dcksikasjalikuma n\u00f5u saamiseks v\u00f5tke \u00fchendust:<br \/><\/strong>Eskaro AS<br \/>Fosforiidi 20<br \/>Maardu<br \/>+372 6217969<\/p>\n<div class=\"is-divider divider clearfix\" ><\/div>\n\t\t<\/div>\n\t\t\t\t\t<\/div>\n\n\t\n<\/div>\n","protected":false},"excerpt":{"rendered":"","protected":false},"featured_media":90581,"comment_status":"closed","ping_status":"closed","template":"","meta":[],"product_brand":[],"product_cat":[2689,2685,2684,2683],"product_tag":[],"class_list":{"0":"post-13086","1":"product","2":"type-product","3":"status-publish","4":"has-post-thumbnail","6":"product_cat-sisevarvid","7":"product_cat-varvid","8":"product_cat-varvid-lakid-lahustid-puidukaitsed-olid","9":"product_cat-viimistluskaubad","10":"product_shipping_class-dpd-cold","11":"pa_kaubamark-eskaro-as","13":"first","14":"instock","15":"sale","16":"taxable","17":"shipping-taxable","18":"purchasable","19":"product-type-simple"},"yoast_head":"<!-- This site is optimized with the Yoast SEO plugin v26.9 - https:\/\/yoast.com\/product\/yoast-seo-wordpress\/ -->\n<title>KRUNT- JA LAEV\u00c4RV FLAT 18L - Espak E-pood<\/title>\n<meta name=\"robots\" content=\"index, follow, max-snippet:-1, max-image-preview:large, max-video-preview:-1\" \/>\n<link rel=\"canonical\" href=\"https:\/\/espak.ee\/epood\/toode\/krunt-ja-laevarv-flat-18l\/\" \/>\n<meta property=\"og:locale\" content=\"et_EE\" \/>\n<meta property=\"og:type\" content=\"article\" \/>\n<meta property=\"og:title\" content=\"KRUNT- JA LAEV\u00c4RV FLAT 18L - Espak E-pood\" \/>\n<meta property=\"og:url\" content=\"https:\/\/espak.ee\/epood\/toode\/krunt-ja-laevarv-flat-18l\/\" \/>\n<meta property=\"og:site_name\" content=\"Espak E-pood\" \/>\n<meta property=\"article:modified_time\" content=\"2026-03-21T07:30:44+00:00\" \/>\n<meta property=\"og:image\" content=\"https:\/\/espak.ee\/epood\/wp-content\/uploads\/2019\/12\/Flat18L_Plast.png\" \/>\n\t<meta property=\"og:image:width\" content=\"1601\" \/>\n\t<meta property=\"og:image:height\" content=\"1709\" \/>\n\t<meta property=\"og:image:type\" content=\"image\/png\" \/>\n<meta name=\"twitter:card\" content=\"summary_large_image\" \/>\n<meta name=\"twitter:label1\" content=\"Est. reading time\" \/>\n\t<meta name=\"twitter:data1\" content=\"2 minutit\" \/>\n<script type=\"application\/ld+json\" class=\"yoast-schema-graph\">{\"@context\":\"https:\/\/schema.org\",\"@graph\":[{\"@type\":\"WebPage\",\"@id\":\"https:\/\/espak.ee\/epood\/toode\/krunt-ja-laevarv-flat-18l\/\",\"url\":\"https:\/\/espak.ee\/epood\/toode\/krunt-ja-laevarv-flat-18l\/\",\"name\":\"KRUNT- JA LAEV\u00c4RV FLAT 18L - Espak E-pood\",\"isPartOf\":{\"@id\":\"https:\/\/espak.ee\/epood\/#website\"},\"primaryImageOfPage\":{\"@id\":\"https:\/\/espak.ee\/epood\/toode\/krunt-ja-laevarv-flat-18l\/#primaryimage\"},\"image\":{\"@id\":\"https:\/\/espak.ee\/epood\/toode\/krunt-ja-laevarv-flat-18l\/#primaryimage\"},\"thumbnailUrl\":\"https:\/\/espak.ee\/epood\/wp-content\/uploads\/2019\/12\/Flat18L_Plast.png\",\"datePublished\":\"2019-12-18T00:50:31+00:00\",\"dateModified\":\"2026-03-21T07:30:44+00:00\",\"breadcrumb\":{\"@id\":\"https:\/\/espak.ee\/epood\/toode\/krunt-ja-laevarv-flat-18l\/#breadcrumb\"},\"inLanguage\":\"et\",\"potentialAction\":[{\"@type\":\"ReadAction\",\"target\":[\"https:\/\/espak.ee\/epood\/toode\/krunt-ja-laevarv-flat-18l\/\"]}]},{\"@type\":\"ImageObject\",\"inLanguage\":\"et\",\"@id\":\"https:\/\/espak.ee\/epood\/toode\/krunt-ja-laevarv-flat-18l\/#primaryimage\",\"url\":\"https:\/\/espak.ee\/epood\/wp-content\/uploads\/2019\/12\/Flat18L_Plast.png\",\"contentUrl\":\"https:\/\/espak.ee\/epood\/wp-content\/uploads\/2019\/12\/Flat18L_Plast.png\",\"width\":1601,\"height\":1709},{\"@type\":\"BreadcrumbList\",\"@id\":\"https:\/\/espak.ee\/epood\/toode\/krunt-ja-laevarv-flat-18l\/#breadcrumb\",\"itemListElement\":[{\"@type\":\"ListItem\",\"position\":1,\"name\":\"Home\",\"item\":\"https:\/\/espak.ee\/epood\/\"},{\"@type\":\"ListItem\",\"position\":2,\"name\":\"Tootevalik\",\"item\":\"https:\/\/espak.ee\/epood\/tootevalik\/\"},{\"@type\":\"ListItem\",\"position\":3,\"name\":\"KRUNT- JA LAEV\u00c4RV FLAT 18L\"}]},{\"@type\":\"WebSite\",\"@id\":\"https:\/\/espak.ee\/epood\/#website\",\"url\":\"https:\/\/espak.ee\/epood\/\",\"name\":\"Espak E-pood\",\"description\":\"\",\"potentialAction\":[{\"@type\":\"SearchAction\",\"target\":{\"@type\":\"EntryPoint\",\"urlTemplate\":\"https:\/\/espak.ee\/epood\/?s={search_term_string}\"},\"query-input\":{\"@type\":\"PropertyValueSpecification\",\"valueRequired\":true,\"valueName\":\"search_term_string\"}}],\"inLanguage\":\"et\"}]}<\/script>\n<!-- \/ Yoast SEO plugin. -->","yoast_head_json":{"title":"KRUNT- JA LAEV\u00c4RV FLAT 18L - Espak E-pood","robots":{"index":"index","follow":"follow","max-snippet":"max-snippet:-1","max-image-preview":"max-image-preview:large","max-video-preview":"max-video-preview:-1"},"canonical":"https:\/\/espak.ee\/epood\/toode\/krunt-ja-laevarv-flat-18l\/","og_locale":"et_EE","og_type":"article","og_title":"KRUNT- JA LAEV\u00c4RV FLAT 18L - Espak E-pood","og_url":"https:\/\/espak.ee\/epood\/toode\/krunt-ja-laevarv-flat-18l\/","og_site_name":"Espak E-pood","article_modified_time":"2026-03-21T07:30:44+00:00","og_image":[{"width":1601,"height":1709,"url":"https:\/\/espak.ee\/epood\/wp-content\/uploads\/2019\/12\/Flat18L_Plast.png","type":"image\/png"}],"twitter_card":"summary_large_image","twitter_misc":{"Est. reading time":"2 minutit"},"schema":{"@context":"https:\/\/schema.org","@graph":[{"@type":"WebPage","@id":"https:\/\/espak.ee\/epood\/toode\/krunt-ja-laevarv-flat-18l\/","url":"https:\/\/espak.ee\/epood\/toode\/krunt-ja-laevarv-flat-18l\/","name":"KRUNT- JA LAEV\u00c4RV FLAT 18L - Espak E-pood","isPartOf":{"@id":"https:\/\/espak.ee\/epood\/#website"},"primaryImageOfPage":{"@id":"https:\/\/espak.ee\/epood\/toode\/krunt-ja-laevarv-flat-18l\/#primaryimage"},"image":{"@id":"https:\/\/espak.ee\/epood\/toode\/krunt-ja-laevarv-flat-18l\/#primaryimage"},"thumbnailUrl":"https:\/\/espak.ee\/epood\/wp-content\/uploads\/2019\/12\/Flat18L_Plast.png","datePublished":"2019-12-18T00:50:31+00:00","dateModified":"2026-03-21T07:30:44+00:00","breadcrumb":{"@id":"https:\/\/espak.ee\/epood\/toode\/krunt-ja-laevarv-flat-18l\/#breadcrumb"},"inLanguage":"et","potentialAction":[{"@type":"ReadAction","target":["https:\/\/espak.ee\/epood\/toode\/krunt-ja-laevarv-flat-18l\/"]}]},{"@type":"ImageObject","inLanguage":"et","@id":"https:\/\/espak.ee\/epood\/toode\/krunt-ja-laevarv-flat-18l\/#primaryimage","url":"https:\/\/espak.ee\/epood\/wp-content\/uploads\/2019\/12\/Flat18L_Plast.png","contentUrl":"https:\/\/espak.ee\/epood\/wp-content\/uploads\/2019\/12\/Flat18L_Plast.png","width":1601,"height":1709},{"@type":"BreadcrumbList","@id":"https:\/\/espak.ee\/epood\/toode\/krunt-ja-laevarv-flat-18l\/#breadcrumb","itemListElement":[{"@type":"ListItem","position":1,"name":"Home","item":"https:\/\/espak.ee\/epood\/"},{"@type":"ListItem","position":2,"name":"Tootevalik","item":"https:\/\/espak.ee\/epood\/tootevalik\/"},{"@type":"ListItem","position":3,"name":"KRUNT- JA LAEV\u00c4RV FLAT 18L"}]},{"@type":"WebSite","@id":"https:\/\/espak.ee\/epood\/#website","url":"https:\/\/espak.ee\/epood\/","name":"Espak E-pood","description":"","potentialAction":[{"@type":"SearchAction","target":{"@type":"EntryPoint","urlTemplate":"https:\/\/espak.ee\/epood\/?s={search_term_string}"},"query-input":{"@type":"PropertyValueSpecification","valueRequired":true,"valueName":"search_term_string"}}],"inLanguage":"et"}]}},"_links":{"self":[{"href":"https:\/\/espak.ee\/epood\/wp-json\/wp\/v2\/product\/13086","targetHints":{"allow":["GET"]}}],"collection":[{"href":"https:\/\/espak.ee\/epood\/wp-json\/wp\/v2\/product"}],"about":[{"href":"https:\/\/espak.ee\/epood\/wp-json\/wp\/v2\/types\/product"}],"replies":[{"embeddable":true,"href":"https:\/\/espak.ee\/epood\/wp-json\/wp\/v2\/comments?post=13086"}],"wp:featuredmedia":[{"embeddable":true,"href":"https:\/\/espak.ee\/epood\/wp-json\/wp\/v2\/media\/90581"}],"wp:attachment":[{"href":"https:\/\/espak.ee\/epood\/wp-json\/wp\/v2\/media?parent=13086"}],"wp:term":[{"taxonomy":"product_brand","embeddable":true,"href":"https:\/\/espak.ee\/epood\/wp-json\/wp\/v2\/product_brand?post=13086"},{"taxonomy":"product_cat","embeddable":true,"href":"https:\/\/espak.ee\/epood\/wp-json\/wp\/v2\/product_cat?post=13086"},{"taxonomy":"product_tag","embeddable":true,"href":"https:\/\/espak.ee\/epood\/wp-json\/wp\/v2\/product_tag?post=13086"}],"curies":[{"name":"wp","href":"https:\/\/api.w.org\/{rel}","templated":true}]}}