{"id":130767,"date":"2022-09-03T06:21:39","date_gmt":"2022-09-03T06:21:39","guid":{"rendered":"https:\/\/espak.ee\/epood\/?post_type=product&#038;p=130767"},"modified":"2024-03-23T02:28:36","modified_gmt":"2024-03-23T00:28:36","slug":"tookindad-tamrex-softcool-comfort-hi-viz-9","status":"publish","type":"product","link":"https:\/\/espak.ee\/epood\/toode\/tookindad-tamrex-softcool-comfort-hi-viz-9\/","title":{"rendered":"T\u00d6\u00d6KINDAD TAMREX SOFTCOOL COMFORT HI-VIZ 9"},"content":{"rendered":"<div class=\"row\"  id=\"row-1019072120\">\n\n\t<div id=\"col-577599261\" class=\"col medium-9 small-12 large-9\"  >\n\t\t\t\t<div class=\"col-inner\"  >\n\t\t\t\n\t\t\t\n<h2>TAMREX SoftCool COMFORT Hi-Viz k\u00e4eseljaga latekskattega t\u00f6\u00f6kindad 9 <\/h2>\n<p>Kvaliteetseimatest ja parimatest materjalidest valmistatud v\u00e4ga elastsed ja mugavad silikooni vabad pol\u00fcesterkindad on kaetud kahekihilisest lateksvahust kattega. Pealmine karestatud kiht tagab \u00fclimalt hea haarde ka m\u00e4rgades ja \u00f5listes tingimustes.<\/p>\n<p>\u00d5huke kinda materjal tagab parima mugavuse ja hingavuse ning on ideaalne kinnas ka soojadesse tingimustesse.<\/p>\n<p>SoftCool Comfort kinnas on nagu nimigi \u00fctleb \u2013 pehme, jahe ja mugav. Jaheduse efekti annab erilise mineraali sisaldusega l\u00f5ng, mis imab soojust aeglasemalt kuid hajutab kiiremini. Seega k\u00e4ega kokkupuutel m\u00f5jub kinnas jahedalt.<br \/>\nLisaks on spetsiaalne SoftCool pol\u00fcester naha vastas sametiselt pehme, veniv materjal liibub k\u00e4e \u00fcmber h\u00e4sti ja kummine kootud soonikuosa hoiab kinda kindlalt k\u00e4es. Selle kinda k\u00e4tteistuvus on igal juhul proovimist v\u00e4\u00e4rt!<br \/>\nNeed kindad on kuulsad oma suurep\u00e4rase haarde poolest, mille omadused s\u00e4ilivad ka m\u00e4rgades ja \u00f5listes tingimustes. Just selle omaduse tagabki peopesa ja s\u00f5rmi kattev kahekihiline lateksvahust kate.<br \/>\nSoftCool Comfort kinnas istub k\u00e4tte nagu valatud ning sobib k\u00f5ikv\u00f5imalikeks t\u00f6\u00f6deks aias, kodus ja t\u00f6\u00f6l. Kindad on k\u00fcll \u00f5hukesed kuid v\u00e4ga vastupidavad.<br \/>\nSilikoonivabad kindad on ideaalsed v\u00e4rvimist\u00f6\u00f6del, kuna kindad ei j\u00e4ta puidule n\u00e4htamatuid silikooni  j\u00e4lgi, millele v\u00e4rv hiljem ei haakuks.<br \/>\nLisaks on kinnas DMF-vaba (tervisele ohtlik plastifitseerija). Ilma selleta kindad on nii tervisele, kui ka loodusele ohutud.<\/p>\n<p>Tegemist on t\u00f6\u00f6kinnastega, mis kaitsevad t\u00f6\u00f6tegijat mehaaniliste ohtude eest (Kat 2), mis t\u00e4hendab, et kinnaste kaitseomadusi on testitud ja tulemused teada (k\u00f5ik tootmisettev\u00f5tted).<\/p>\n<p><strong>Materjalid:<\/strong> Pol\u00fcester; lateksvaht.<br \/>\n<strong>Standardid:<\/strong> CE, EN388:2016 (2.1.3.1.X). Kat 2.<\/p>\n\t<div id=\"gap-177174011\" class=\"gap-element clearfix\" style=\"display:block; height:auto;\">\n\t\t\n<style>\n#gap-177174011 {\n  padding-top: 30px;\n}\n<\/style>\n\t<\/div>\n\t\n\t\t<\/div>\n\t\t\t\t\t<\/div>\n\n\t\n\n\t<div id=\"col-716828705\" class=\"col medium-3 small-12 large-3\"  >\n\t\t\t\t<div class=\"col-inner\"  >\n\t\t\t\n\t\t\t\n\t<div id=\"gap-1864548665\" class=\"gap-element clearfix\" style=\"display:block; height:auto;\">\n\t\t\n<style>\n#gap-1864548665 {\n  padding-top: 30px;\n}\n<\/style>\n\t<\/div>\n\t\n<div class=\"is-divider divider clearfix\" ><\/div>\n<p><strong>\u00dcksikasjalikuma n\u00f5u saamiseks v\u00f5tke \u00fchendust:<br \/><\/strong>Tamrex Ohutuse O\u00dc<br \/>Laki 5<br \/>10621<br \/>Tallinn<br \/>+372 654 9900<\/p>\n<div class=\"is-divider divider clearfix\" ><\/div>\n\t\t<\/div>\n\t\t\t\t\t<\/div>\n\n\t\n<\/div>\n","protected":false},"excerpt":{"rendered":"","protected":false},"featured_media":130822,"comment_status":"closed","ping_status":"closed","template":"","meta":[],"product_brand":[],"product_cat":[2788,2976,2980,2972],"product_tag":[],"class_list":{"0":"post-130767","1":"product","2":"type-product","3":"status-publish","4":"has-post-thumbnail","6":"product_cat-aiatarbed-ja-kodukaubad","7":"product_cat-kindad","8":"product_cat-nahk-riie-kindad","9":"product_cat-tookaitsevahendid","10":"pa_kaubamark-tamrex-ohutuse-ou","12":"first","13":"instock","14":"sale","15":"taxable","16":"shipping-taxable","17":"purchasable","18":"product-type-simple"},"yoast_head":"<!-- This site is optimized with the Yoast SEO plugin v26.9 - https:\/\/yoast.com\/product\/yoast-seo-wordpress\/ -->\n<title>T\u00d6\u00d6KINDAD TAMREX SOFTCOOL COMFORT HI-VIZ 9 - Espak E-pood<\/title>\n<meta name=\"robots\" content=\"index, follow, max-snippet:-1, max-image-preview:large, max-video-preview:-1\" \/>\n<link rel=\"canonical\" href=\"https:\/\/espak.ee\/epood\/toode\/tookindad-tamrex-softcool-comfort-hi-viz-9\/\" \/>\n<meta property=\"og:locale\" content=\"et_EE\" \/>\n<meta property=\"og:type\" content=\"article\" \/>\n<meta property=\"og:title\" content=\"T\u00d6\u00d6KINDAD TAMREX SOFTCOOL COMFORT HI-VIZ 9 - Espak E-pood\" \/>\n<meta property=\"og:url\" content=\"https:\/\/espak.ee\/epood\/toode\/tookindad-tamrex-softcool-comfort-hi-viz-9\/\" \/>\n<meta property=\"og:site_name\" content=\"Espak E-pood\" \/>\n<meta property=\"article:modified_time\" content=\"2024-03-23T00:28:36+00:00\" \/>\n<meta property=\"og:image\" content=\"https:\/\/espak.ee\/epood\/wp-content\/uploads\/2022\/09\/tamrex-softcool-comfort-hi-viz-kaeseljaga-latekskattega-tookindad.jpg.png\" \/>\n\t<meta property=\"og:image:width\" content=\"800\" \/>\n\t<meta property=\"og:image:height\" content=\"800\" \/>\n\t<meta property=\"og:image:type\" content=\"image\/png\" \/>\n<meta name=\"twitter:card\" content=\"summary_large_image\" \/>\n<meta name=\"twitter:label1\" content=\"Est. reading time\" \/>\n\t<meta name=\"twitter:data1\" content=\"1 minut\" \/>\n<script type=\"application\/ld+json\" class=\"yoast-schema-graph\">{\"@context\":\"https:\/\/schema.org\",\"@graph\":[{\"@type\":\"WebPage\",\"@id\":\"https:\/\/espak.ee\/epood\/toode\/tookindad-tamrex-softcool-comfort-hi-viz-9\/\",\"url\":\"https:\/\/espak.ee\/epood\/toode\/tookindad-tamrex-softcool-comfort-hi-viz-9\/\",\"name\":\"T\u00d6\u00d6KINDAD TAMREX SOFTCOOL COMFORT HI-VIZ 9 - Espak E-pood\",\"isPartOf\":{\"@id\":\"https:\/\/espak.ee\/epood\/#website\"},\"primaryImageOfPage\":{\"@id\":\"https:\/\/espak.ee\/epood\/toode\/tookindad-tamrex-softcool-comfort-hi-viz-9\/#primaryimage\"},\"image\":{\"@id\":\"https:\/\/espak.ee\/epood\/toode\/tookindad-tamrex-softcool-comfort-hi-viz-9\/#primaryimage\"},\"thumbnailUrl\":\"https:\/\/espak.ee\/epood\/wp-content\/uploads\/2022\/09\/tamrex-softcool-comfort-hi-viz-kaeseljaga-latekskattega-tookindad.jpg.png\",\"datePublished\":\"2022-09-03T06:21:39+00:00\",\"dateModified\":\"2024-03-23T00:28:36+00:00\",\"breadcrumb\":{\"@id\":\"https:\/\/espak.ee\/epood\/toode\/tookindad-tamrex-softcool-comfort-hi-viz-9\/#breadcrumb\"},\"inLanguage\":\"et\",\"potentialAction\":[{\"@type\":\"ReadAction\",\"target\":[\"https:\/\/espak.ee\/epood\/toode\/tookindad-tamrex-softcool-comfort-hi-viz-9\/\"]}]},{\"@type\":\"ImageObject\",\"inLanguage\":\"et\",\"@id\":\"https:\/\/espak.ee\/epood\/toode\/tookindad-tamrex-softcool-comfort-hi-viz-9\/#primaryimage\",\"url\":\"https:\/\/espak.ee\/epood\/wp-content\/uploads\/2022\/09\/tamrex-softcool-comfort-hi-viz-kaeseljaga-latekskattega-tookindad.jpg.png\",\"contentUrl\":\"https:\/\/espak.ee\/epood\/wp-content\/uploads\/2022\/09\/tamrex-softcool-comfort-hi-viz-kaeseljaga-latekskattega-tookindad.jpg.png\",\"width\":800,\"height\":800},{\"@type\":\"BreadcrumbList\",\"@id\":\"https:\/\/espak.ee\/epood\/toode\/tookindad-tamrex-softcool-comfort-hi-viz-9\/#breadcrumb\",\"itemListElement\":[{\"@type\":\"ListItem\",\"position\":1,\"name\":\"Home\",\"item\":\"https:\/\/espak.ee\/epood\/\"},{\"@type\":\"ListItem\",\"position\":2,\"name\":\"Tootevalik\",\"item\":\"https:\/\/espak.ee\/epood\/tootevalik\/\"},{\"@type\":\"ListItem\",\"position\":3,\"name\":\"T\u00d6\u00d6KINDAD TAMREX SOFTCOOL COMFORT HI-VIZ 9\"}]},{\"@type\":\"WebSite\",\"@id\":\"https:\/\/espak.ee\/epood\/#website\",\"url\":\"https:\/\/espak.ee\/epood\/\",\"name\":\"Espak E-pood\",\"description\":\"\",\"potentialAction\":[{\"@type\":\"SearchAction\",\"target\":{\"@type\":\"EntryPoint\",\"urlTemplate\":\"https:\/\/espak.ee\/epood\/?s={search_term_string}\"},\"query-input\":{\"@type\":\"PropertyValueSpecification\",\"valueRequired\":true,\"valueName\":\"search_term_string\"}}],\"inLanguage\":\"et\"}]}<\/script>\n<!-- \/ Yoast SEO plugin. -->","yoast_head_json":{"title":"T\u00d6\u00d6KINDAD TAMREX SOFTCOOL COMFORT HI-VIZ 9 - Espak E-pood","robots":{"index":"index","follow":"follow","max-snippet":"max-snippet:-1","max-image-preview":"max-image-preview:large","max-video-preview":"max-video-preview:-1"},"canonical":"https:\/\/espak.ee\/epood\/toode\/tookindad-tamrex-softcool-comfort-hi-viz-9\/","og_locale":"et_EE","og_type":"article","og_title":"T\u00d6\u00d6KINDAD TAMREX SOFTCOOL COMFORT HI-VIZ 9 - Espak E-pood","og_url":"https:\/\/espak.ee\/epood\/toode\/tookindad-tamrex-softcool-comfort-hi-viz-9\/","og_site_name":"Espak E-pood","article_modified_time":"2024-03-23T00:28:36+00:00","og_image":[{"width":800,"height":800,"url":"https:\/\/espak.ee\/epood\/wp-content\/uploads\/2022\/09\/tamrex-softcool-comfort-hi-viz-kaeseljaga-latekskattega-tookindad.jpg.png","type":"image\/png"}],"twitter_card":"summary_large_image","twitter_misc":{"Est. reading time":"1 minut"},"schema":{"@context":"https:\/\/schema.org","@graph":[{"@type":"WebPage","@id":"https:\/\/espak.ee\/epood\/toode\/tookindad-tamrex-softcool-comfort-hi-viz-9\/","url":"https:\/\/espak.ee\/epood\/toode\/tookindad-tamrex-softcool-comfort-hi-viz-9\/","name":"T\u00d6\u00d6KINDAD TAMREX SOFTCOOL COMFORT HI-VIZ 9 - Espak E-pood","isPartOf":{"@id":"https:\/\/espak.ee\/epood\/#website"},"primaryImageOfPage":{"@id":"https:\/\/espak.ee\/epood\/toode\/tookindad-tamrex-softcool-comfort-hi-viz-9\/#primaryimage"},"image":{"@id":"https:\/\/espak.ee\/epood\/toode\/tookindad-tamrex-softcool-comfort-hi-viz-9\/#primaryimage"},"thumbnailUrl":"https:\/\/espak.ee\/epood\/wp-content\/uploads\/2022\/09\/tamrex-softcool-comfort-hi-viz-kaeseljaga-latekskattega-tookindad.jpg.png","datePublished":"2022-09-03T06:21:39+00:00","dateModified":"2024-03-23T00:28:36+00:00","breadcrumb":{"@id":"https:\/\/espak.ee\/epood\/toode\/tookindad-tamrex-softcool-comfort-hi-viz-9\/#breadcrumb"},"inLanguage":"et","potentialAction":[{"@type":"ReadAction","target":["https:\/\/espak.ee\/epood\/toode\/tookindad-tamrex-softcool-comfort-hi-viz-9\/"]}]},{"@type":"ImageObject","inLanguage":"et","@id":"https:\/\/espak.ee\/epood\/toode\/tookindad-tamrex-softcool-comfort-hi-viz-9\/#primaryimage","url":"https:\/\/espak.ee\/epood\/wp-content\/uploads\/2022\/09\/tamrex-softcool-comfort-hi-viz-kaeseljaga-latekskattega-tookindad.jpg.png","contentUrl":"https:\/\/espak.ee\/epood\/wp-content\/uploads\/2022\/09\/tamrex-softcool-comfort-hi-viz-kaeseljaga-latekskattega-tookindad.jpg.png","width":800,"height":800},{"@type":"BreadcrumbList","@id":"https:\/\/espak.ee\/epood\/toode\/tookindad-tamrex-softcool-comfort-hi-viz-9\/#breadcrumb","itemListElement":[{"@type":"ListItem","position":1,"name":"Home","item":"https:\/\/espak.ee\/epood\/"},{"@type":"ListItem","position":2,"name":"Tootevalik","item":"https:\/\/espak.ee\/epood\/tootevalik\/"},{"@type":"ListItem","position":3,"name":"T\u00d6\u00d6KINDAD TAMREX SOFTCOOL COMFORT HI-VIZ 9"}]},{"@type":"WebSite","@id":"https:\/\/espak.ee\/epood\/#website","url":"https:\/\/espak.ee\/epood\/","name":"Espak E-pood","description":"","potentialAction":[{"@type":"SearchAction","target":{"@type":"EntryPoint","urlTemplate":"https:\/\/espak.ee\/epood\/?s={search_term_string}"},"query-input":{"@type":"PropertyValueSpecification","valueRequired":true,"valueName":"search_term_string"}}],"inLanguage":"et"}]}},"_links":{"self":[{"href":"https:\/\/espak.ee\/epood\/wp-json\/wp\/v2\/product\/130767","targetHints":{"allow":["GET"]}}],"collection":[{"href":"https:\/\/espak.ee\/epood\/wp-json\/wp\/v2\/product"}],"about":[{"href":"https:\/\/espak.ee\/epood\/wp-json\/wp\/v2\/types\/product"}],"replies":[{"embeddable":true,"href":"https:\/\/espak.ee\/epood\/wp-json\/wp\/v2\/comments?post=130767"}],"wp:featuredmedia":[{"embeddable":true,"href":"https:\/\/espak.ee\/epood\/wp-json\/wp\/v2\/media\/130822"}],"wp:attachment":[{"href":"https:\/\/espak.ee\/epood\/wp-json\/wp\/v2\/media?parent=130767"}],"wp:term":[{"taxonomy":"product_brand","embeddable":true,"href":"https:\/\/espak.ee\/epood\/wp-json\/wp\/v2\/product_brand?post=130767"},{"taxonomy":"product_cat","embeddable":true,"href":"https:\/\/espak.ee\/epood\/wp-json\/wp\/v2\/product_cat?post=130767"},{"taxonomy":"product_tag","embeddable":true,"href":"https:\/\/espak.ee\/epood\/wp-json\/wp\/v2\/product_tag?post=130767"}],"curies":[{"name":"wp","href":"https:\/\/api.w.org\/{rel}","templated":true}]}}