{"id":130580,"date":"2022-09-01T00:27:43","date_gmt":"2022-09-01T00:27:43","guid":{"rendered":"https:\/\/espak.ee\/epood\/?post_type=product&#038;p=130580"},"modified":"2026-03-19T11:17:27","modified_gmt":"2026-03-19T09:17:27","slug":"universaalne-kaitsekile-tesa-4m5m-labipaistev","status":"publish","type":"product","link":"https:\/\/espak.ee\/epood\/toode\/universaalne-kaitsekile-tesa-4m5m-labipaistev\/","title":{"rendered":"UNIVERSAALNE KAITSEKILE TESA 4M*5M L\u00c4BIPAISTEV"},"content":{"rendered":"<div class=\"row\"  id=\"row-2074169150\">\n\n\t<div id=\"col-995703129\" class=\"col medium-9 small-12 large-9\"  >\n\t\t\t\t<div class=\"col-inner\"  >\n\t\t\t\n\t\t\t\n<h3>Universaalne kaitsekile tesa\u00ae 4m x 5m l\u00e4bipaistev<\/h3>\n<p>tesa\u00ae Drop Cloth Universal on suur mitmeotstarbeline kile, mis on ideaalne p\u00f5randa ja m\u00f6\u00f6bli kaitsmiseks v\u00e4rvimise ja renoveerimise ajal.<br \/>\nKui plaanite seina v\u00e4rvida v\u00f5i kodu renoveerida, aitab tesa\u00ae Drop Cloth Universal t\u00f6\u00f6 kiirele valmimisele oluliselt kaasa ja te ei pea muretsema, et mustus v\u00f5i v\u00e4rvipritsmed teie vaiba v\u00f5i m\u00f6\u00f6bli rikuksid. See rebenemiskindel kilekate on vastupidav kaitsekate v\u00e4rvimist\u00f6\u00f6deks. See on ideaalne p\u00f5randa katmiseks, kui on vaja kaitsta suuri pindu.\n<\/p>\n<div class=\"message-box relative\" style=\"padding-top:15px;padding-bottom:15px;\"><div class=\"message-box-bg-image bg-fill fill\" ><\/div><div class=\"message-box-bg-overlay bg-fill fill\" ><\/div><div class=\"container relative\"><div class=\"inner last-reset\">\n<div class=\"row align-middle align-center\"  id=\"row-86989634\">\n\n\t<div id=\"col-1133448643\" class=\"col small-12 large-12\"  >\n\t\t\t\t<div class=\"col-inner text-left\"  >\n\t\t\t\n\t\t\t\n<h4>Omadused<\/h4>\n<div class=\"row\"  id=\"row-1951407500\">\n\n\t<div id=\"col-1427752787\" class=\"col medium-6 small-12 large-6\"  >\n\t\t\t\t<div class=\"col-inner\"  >\n\t\t\t\n\t\t\t\n<p><i class=\"fa fa-check fa-2x\"><\/i> <strong> Rebenemiskindel<\/strong><\/p>\n<p><i class=\"fa fa-check fa-2x\"><\/i> <strong> Lahustitekindel<\/strong><\/p>\n\t\t<\/div>\n\t\t\t\t\n<style>\n#col-1427752787 > .col-inner {\n  margin: 0px 0px 15px 0px;\n}\n<\/style>\n\t<\/div>\n\n\t\n\n\t<div id=\"col-252188597\" class=\"col medium-6 small-12 large-6\"  >\n\t\t\t\t<div class=\"col-inner\"  >\n\t\t\t\n\t\t\t\n<p><i class=\"fa fa-check fa-2x\"><\/i> <strong> Vastupidav PE-kile<\/strong><\/p>\n<p><i class=\"fa fa-check fa-2x\"><\/i> <strong> Praktiline perforeeritud iga 1 m j\u00e4rel<\/strong><\/p>\n\t\t<\/div>\n\t\t\t\t\n<style>\n#col-252188597 > .col-inner {\n  margin: 0px 0px 15px 0px;\n}\n<\/style>\n\t<\/div>\n\n\t\n<\/div>\n\t\t<\/div>\n\t\t\t\t\t<\/div>\n\n\t\n<\/div>\n<\/div><\/div><\/div>\n\t<div id=\"gap-1784855435\" class=\"gap-element clearfix\" style=\"display:block; height:auto;\">\n\t\t\n<style>\n#gap-1784855435 {\n  padding-top: 30px;\n}\n<\/style>\n\t<\/div>\n\t\n\t\t<\/div>\n\t\t\t\t\t<\/div>\n\n\t\n\n\t<div id=\"col-190613177\" class=\"col medium-3 small-12 large-3\"  >\n\t\t\t\t<div class=\"col-inner\"  >\n\t\t\t\n\t\t\t\n<p><strong>\u00dcksikasjalikuma n\u00f5u saamiseks v\u00f5tke \u00fchendust:<br \/><\/strong>tesa tape UAB<br \/>Sepise 1<br \/>11415<br \/>Tallinn<br \/>+372 6401 366<\/p>\n<div class=\"is-divider divider clearfix\" ><\/div>\n\t\t<\/div>\n\t\t\t\t\t<\/div>\n\n\t\n<\/div>\n","protected":false},"excerpt":{"rendered":"","protected":false},"featured_media":130607,"comment_status":"closed","ping_status":"closed","template":"","meta":[],"product_brand":[],"product_cat":[2926,2908,2907,2683],"product_tag":[],"class_list":{"0":"post-130580","1":"product","2":"type-product","3":"status-publish","4":"has-post-thumbnail","6":"product_cat-kattekiled-ja-paberid","7":"product_cat-teibid","8":"product_cat-teibid-ja-armeerimismaterjalid","9":"product_cat-viimistluskaubad","10":"pa_kaubamark-tesa-as","12":"first","13":"instock","14":"sale","15":"taxable","16":"shipping-taxable","17":"purchasable","18":"product-type-simple"},"yoast_head":"<!-- This site is optimized with the Yoast SEO plugin v26.9 - https:\/\/yoast.com\/product\/yoast-seo-wordpress\/ -->\n<title>UNIVERSAALNE KAITSEKILE TESA 4M*5M L\u00c4BIPAISTEV - Espak E-pood<\/title>\n<meta name=\"robots\" content=\"index, follow, max-snippet:-1, max-image-preview:large, max-video-preview:-1\" \/>\n<link rel=\"canonical\" href=\"https:\/\/espak.ee\/epood\/toode\/universaalne-kaitsekile-tesa-4m5m-labipaistev\/\" \/>\n<meta property=\"og:locale\" content=\"et_EE\" \/>\n<meta property=\"og:type\" content=\"article\" \/>\n<meta property=\"og:title\" content=\"UNIVERSAALNE KAITSEKILE TESA 4M*5M L\u00c4BIPAISTEV - Espak E-pood\" \/>\n<meta property=\"og:url\" content=\"https:\/\/espak.ee\/epood\/toode\/universaalne-kaitsekile-tesa-4m5m-labipaistev\/\" \/>\n<meta property=\"og:site_name\" content=\"Espak E-pood\" \/>\n<meta property=\"article:modified_time\" content=\"2026-03-19T09:17:27+00:00\" \/>\n<meta property=\"og:image\" content=\"https:\/\/espak.ee\/epood\/wp-content\/uploads\/2022\/09\/tesa-4042448910608-56651-00002-li400-front-pa1791533_fixedwidth_6-2.jpg\" \/>\n\t<meta property=\"og:image:width\" content=\"800\" \/>\n\t<meta property=\"og:image:height\" content=\"800\" \/>\n\t<meta property=\"og:image:type\" content=\"image\/jpeg\" \/>\n<meta name=\"twitter:card\" content=\"summary_large_image\" \/>\n<meta name=\"twitter:label1\" content=\"Est. reading time\" \/>\n\t<meta name=\"twitter:data1\" content=\"1 minut\" \/>\n<script type=\"application\/ld+json\" class=\"yoast-schema-graph\">{\"@context\":\"https:\/\/schema.org\",\"@graph\":[{\"@type\":\"WebPage\",\"@id\":\"https:\/\/espak.ee\/epood\/toode\/universaalne-kaitsekile-tesa-4m5m-labipaistev\/\",\"url\":\"https:\/\/espak.ee\/epood\/toode\/universaalne-kaitsekile-tesa-4m5m-labipaistev\/\",\"name\":\"UNIVERSAALNE KAITSEKILE TESA 4M*5M L\u00c4BIPAISTEV - Espak E-pood\",\"isPartOf\":{\"@id\":\"https:\/\/espak.ee\/epood\/#website\"},\"primaryImageOfPage\":{\"@id\":\"https:\/\/espak.ee\/epood\/toode\/universaalne-kaitsekile-tesa-4m5m-labipaistev\/#primaryimage\"},\"image\":{\"@id\":\"https:\/\/espak.ee\/epood\/toode\/universaalne-kaitsekile-tesa-4m5m-labipaistev\/#primaryimage\"},\"thumbnailUrl\":\"https:\/\/espak.ee\/epood\/wp-content\/uploads\/2022\/09\/tesa-4042448910608-56651-00002-li400-front-pa1791533_fixedwidth_6-2.jpg\",\"datePublished\":\"2022-09-01T00:27:43+00:00\",\"dateModified\":\"2026-03-19T09:17:27+00:00\",\"breadcrumb\":{\"@id\":\"https:\/\/espak.ee\/epood\/toode\/universaalne-kaitsekile-tesa-4m5m-labipaistev\/#breadcrumb\"},\"inLanguage\":\"et\",\"potentialAction\":[{\"@type\":\"ReadAction\",\"target\":[\"https:\/\/espak.ee\/epood\/toode\/universaalne-kaitsekile-tesa-4m5m-labipaistev\/\"]}]},{\"@type\":\"ImageObject\",\"inLanguage\":\"et\",\"@id\":\"https:\/\/espak.ee\/epood\/toode\/universaalne-kaitsekile-tesa-4m5m-labipaistev\/#primaryimage\",\"url\":\"https:\/\/espak.ee\/epood\/wp-content\/uploads\/2022\/09\/tesa-4042448910608-56651-00002-li400-front-pa1791533_fixedwidth_6-2.jpg\",\"contentUrl\":\"https:\/\/espak.ee\/epood\/wp-content\/uploads\/2022\/09\/tesa-4042448910608-56651-00002-li400-front-pa1791533_fixedwidth_6-2.jpg\",\"width\":800,\"height\":800},{\"@type\":\"BreadcrumbList\",\"@id\":\"https:\/\/espak.ee\/epood\/toode\/universaalne-kaitsekile-tesa-4m5m-labipaistev\/#breadcrumb\",\"itemListElement\":[{\"@type\":\"ListItem\",\"position\":1,\"name\":\"Home\",\"item\":\"https:\/\/espak.ee\/epood\/\"},{\"@type\":\"ListItem\",\"position\":2,\"name\":\"Tootevalik\",\"item\":\"https:\/\/espak.ee\/epood\/tootevalik\/\"},{\"@type\":\"ListItem\",\"position\":3,\"name\":\"UNIVERSAALNE KAITSEKILE TESA 4M*5M L\u00c4BIPAISTEV\"}]},{\"@type\":\"WebSite\",\"@id\":\"https:\/\/espak.ee\/epood\/#website\",\"url\":\"https:\/\/espak.ee\/epood\/\",\"name\":\"Espak E-pood\",\"description\":\"\",\"potentialAction\":[{\"@type\":\"SearchAction\",\"target\":{\"@type\":\"EntryPoint\",\"urlTemplate\":\"https:\/\/espak.ee\/epood\/?s={search_term_string}\"},\"query-input\":{\"@type\":\"PropertyValueSpecification\",\"valueRequired\":true,\"valueName\":\"search_term_string\"}}],\"inLanguage\":\"et\"}]}<\/script>\n<!-- \/ Yoast SEO plugin. -->","yoast_head_json":{"title":"UNIVERSAALNE KAITSEKILE TESA 4M*5M L\u00c4BIPAISTEV - Espak E-pood","robots":{"index":"index","follow":"follow","max-snippet":"max-snippet:-1","max-image-preview":"max-image-preview:large","max-video-preview":"max-video-preview:-1"},"canonical":"https:\/\/espak.ee\/epood\/toode\/universaalne-kaitsekile-tesa-4m5m-labipaistev\/","og_locale":"et_EE","og_type":"article","og_title":"UNIVERSAALNE KAITSEKILE TESA 4M*5M L\u00c4BIPAISTEV - Espak E-pood","og_url":"https:\/\/espak.ee\/epood\/toode\/universaalne-kaitsekile-tesa-4m5m-labipaistev\/","og_site_name":"Espak E-pood","article_modified_time":"2026-03-19T09:17:27+00:00","og_image":[{"width":800,"height":800,"url":"https:\/\/espak.ee\/epood\/wp-content\/uploads\/2022\/09\/tesa-4042448910608-56651-00002-li400-front-pa1791533_fixedwidth_6-2.jpg","type":"image\/jpeg"}],"twitter_card":"summary_large_image","twitter_misc":{"Est. reading time":"1 minut"},"schema":{"@context":"https:\/\/schema.org","@graph":[{"@type":"WebPage","@id":"https:\/\/espak.ee\/epood\/toode\/universaalne-kaitsekile-tesa-4m5m-labipaistev\/","url":"https:\/\/espak.ee\/epood\/toode\/universaalne-kaitsekile-tesa-4m5m-labipaistev\/","name":"UNIVERSAALNE KAITSEKILE TESA 4M*5M L\u00c4BIPAISTEV - Espak E-pood","isPartOf":{"@id":"https:\/\/espak.ee\/epood\/#website"},"primaryImageOfPage":{"@id":"https:\/\/espak.ee\/epood\/toode\/universaalne-kaitsekile-tesa-4m5m-labipaistev\/#primaryimage"},"image":{"@id":"https:\/\/espak.ee\/epood\/toode\/universaalne-kaitsekile-tesa-4m5m-labipaistev\/#primaryimage"},"thumbnailUrl":"https:\/\/espak.ee\/epood\/wp-content\/uploads\/2022\/09\/tesa-4042448910608-56651-00002-li400-front-pa1791533_fixedwidth_6-2.jpg","datePublished":"2022-09-01T00:27:43+00:00","dateModified":"2026-03-19T09:17:27+00:00","breadcrumb":{"@id":"https:\/\/espak.ee\/epood\/toode\/universaalne-kaitsekile-tesa-4m5m-labipaistev\/#breadcrumb"},"inLanguage":"et","potentialAction":[{"@type":"ReadAction","target":["https:\/\/espak.ee\/epood\/toode\/universaalne-kaitsekile-tesa-4m5m-labipaistev\/"]}]},{"@type":"ImageObject","inLanguage":"et","@id":"https:\/\/espak.ee\/epood\/toode\/universaalne-kaitsekile-tesa-4m5m-labipaistev\/#primaryimage","url":"https:\/\/espak.ee\/epood\/wp-content\/uploads\/2022\/09\/tesa-4042448910608-56651-00002-li400-front-pa1791533_fixedwidth_6-2.jpg","contentUrl":"https:\/\/espak.ee\/epood\/wp-content\/uploads\/2022\/09\/tesa-4042448910608-56651-00002-li400-front-pa1791533_fixedwidth_6-2.jpg","width":800,"height":800},{"@type":"BreadcrumbList","@id":"https:\/\/espak.ee\/epood\/toode\/universaalne-kaitsekile-tesa-4m5m-labipaistev\/#breadcrumb","itemListElement":[{"@type":"ListItem","position":1,"name":"Home","item":"https:\/\/espak.ee\/epood\/"},{"@type":"ListItem","position":2,"name":"Tootevalik","item":"https:\/\/espak.ee\/epood\/tootevalik\/"},{"@type":"ListItem","position":3,"name":"UNIVERSAALNE KAITSEKILE TESA 4M*5M L\u00c4BIPAISTEV"}]},{"@type":"WebSite","@id":"https:\/\/espak.ee\/epood\/#website","url":"https:\/\/espak.ee\/epood\/","name":"Espak E-pood","description":"","potentialAction":[{"@type":"SearchAction","target":{"@type":"EntryPoint","urlTemplate":"https:\/\/espak.ee\/epood\/?s={search_term_string}"},"query-input":{"@type":"PropertyValueSpecification","valueRequired":true,"valueName":"search_term_string"}}],"inLanguage":"et"}]}},"_links":{"self":[{"href":"https:\/\/espak.ee\/epood\/wp-json\/wp\/v2\/product\/130580","targetHints":{"allow":["GET"]}}],"collection":[{"href":"https:\/\/espak.ee\/epood\/wp-json\/wp\/v2\/product"}],"about":[{"href":"https:\/\/espak.ee\/epood\/wp-json\/wp\/v2\/types\/product"}],"replies":[{"embeddable":true,"href":"https:\/\/espak.ee\/epood\/wp-json\/wp\/v2\/comments?post=130580"}],"wp:featuredmedia":[{"embeddable":true,"href":"https:\/\/espak.ee\/epood\/wp-json\/wp\/v2\/media\/130607"}],"wp:attachment":[{"href":"https:\/\/espak.ee\/epood\/wp-json\/wp\/v2\/media?parent=130580"}],"wp:term":[{"taxonomy":"product_brand","embeddable":true,"href":"https:\/\/espak.ee\/epood\/wp-json\/wp\/v2\/product_brand?post=130580"},{"taxonomy":"product_cat","embeddable":true,"href":"https:\/\/espak.ee\/epood\/wp-json\/wp\/v2\/product_cat?post=130580"},{"taxonomy":"product_tag","embeddable":true,"href":"https:\/\/espak.ee\/epood\/wp-json\/wp\/v2\/product_tag?post=130580"}],"curies":[{"name":"wp","href":"https:\/\/api.w.org\/{rel}","templated":true}]}}