{"id":130300,"date":"2022-08-30T06:04:44","date_gmt":"2022-08-30T06:04:44","guid":{"rendered":"https:\/\/espak.ee\/epood\/?post_type=product&#038;p=130300"},"modified":"2024-09-03T10:41:47","modified_gmt":"2024-09-03T07:41:47","slug":"fassaadikaitsekile-tesa-professional-4498-easy-cover-facade-protect-172600","status":"publish","type":"product","link":"https:\/\/espak.ee\/epood\/toode\/fassaadikaitsekile-tesa-professional-4498-easy-cover-facade-protect-172600\/","title":{"rendered":"FASSAADIKAITSEKILE TESA PROFESSIONAL 4498 EASY COVER FACADE PROTECT 17*2600"},"content":{"rendered":"<div class=\"row\"  id=\"row-188683472\">\n\n\t<div id=\"col-372470415\" class=\"col medium-9 small-12 large-9\"  >\n\t\t\t\t<div class=\"col-inner\"  >\n\t\t\t\n\t\t\t\n<h3>tesa\u00ae Professional Easy Cover fassadikaitsekile 4498 17m x 2600mm<\/h3>\n<p>tesa\u00ae Easy Cover fassadikaitsekile on h\u00f5lbus viis fassaadi ja maja seinte tundlike osade kaitsmiseks krohvimis- v\u00f5i v\u00e4rvimist\u00f6\u00f6de ajal. Vastupidavale tekstiilteibile lisatud kile tagab, et kaitstavatesse kohtadesse ei leki ega nirise v\u00e4rvi. Nii v\u00f5ite rahulikult t\u00f6\u00f6tada. Teipi saab v\u00e4ga lihtsalt paigaldada enamikku kaitset vajavatesse kohtadesse. S\u00fcnteetilisel kummil p\u00f5hinev liimaine tagab tugeva nakkumise paljude pindadega. Peale selle saab erineva laiusega teipide hulgast valida just sellise, mis sobib konkreetsel juhul k\u00f5ige paremini ja tagab ideaalse katte. Krohviteip on vastupidav UV-kiirgusele kuni 10 p\u00e4eva, seega on teil t\u00f6\u00f6 tegemiseks piisavalt aega. L\u00e4bipaistva kile lisah\u00fcvena saate kindla abilise k\u00f5ikideks krohvimis- v\u00f5i v\u00e4rvimist\u00f6\u00f6deks. <\/p>\n\t<div id=\"gap-2118069028\" class=\"gap-element clearfix\" style=\"display:block; height:auto;\">\n\t\t\n<style>\n#gap-2118069028 {\n  padding-top: 30px;\n}\n<\/style>\n\t<\/div>\n\t\n\t\t<\/div>\n\t\t\t\t\t<\/div>\n\n\t\n\n\t<div id=\"col-1736498668\" class=\"col medium-3 small-12 large-3\"  >\n\t\t\t\t<div class=\"col-inner\"  >\n\t\t\t\n\t\t\t\n<h3>Tehniline informatsioon<\/h3>\n<p><a href=\"https:\/\/espak.ee\/epood\/wp-content\/uploads\/2022\/08\/tesa-professional-04498-cr-et-ee.pdf\"target=\"_blank\" rel=\"noopener noreferrer\"><i class=\"far fa-file-pdf\"><\/i> Tehniline info (PDF)<\/a><\/p>\n<p><strong>\u00dcksikasjalikuma n\u00f5u saamiseks v\u00f5tke \u00fchendust:<br \/><\/strong>tesa tape UAB<br \/>Sepise 1<br \/>11415<br \/>Tallinn<br \/>+372 6401 366<\/p>\n<div class=\"is-divider divider clearfix\" ><\/div>\n\t\t<\/div>\n\t\t\t\t\t<\/div>\n\n\t\n<\/div>\n","protected":false},"excerpt":{"rendered":"","protected":false},"featured_media":130160,"comment_status":"closed","ping_status":"closed","template":"","meta":[],"product_brand":[],"product_cat":[2926,2908,2907,2683],"product_tag":[],"class_list":{"0":"post-130300","1":"product","2":"type-product","3":"status-publish","4":"has-post-thumbnail","6":"product_cat-kattekiled-ja-paberid","7":"product_cat-teibid","8":"product_cat-teibid-ja-armeerimismaterjalid","9":"product_cat-viimistluskaubad","10":"pa_kaubamark-tesa-as","12":"first","13":"instock","14":"sale","15":"taxable","16":"shipping-taxable","17":"purchasable","18":"product-type-simple"},"yoast_head":"<!-- This site is optimized with the Yoast SEO plugin v26.9 - https:\/\/yoast.com\/product\/yoast-seo-wordpress\/ -->\n<title>FASSAADIKAITSEKILE TESA PROFESSIONAL 4498 EASY COVER FACADE PROTECT 17*2600 - Espak E-pood<\/title>\n<meta name=\"robots\" content=\"index, follow, max-snippet:-1, max-image-preview:large, max-video-preview:-1\" \/>\n<link rel=\"canonical\" href=\"https:\/\/espak.ee\/epood\/toode\/fassaadikaitsekile-tesa-professional-4498-easy-cover-facade-protect-172600\/\" \/>\n<meta property=\"og:locale\" content=\"et_EE\" \/>\n<meta property=\"og:type\" content=\"article\" \/>\n<meta property=\"og:title\" content=\"FASSAADIKAITSEKILE TESA PROFESSIONAL 4498 EASY COVER FACADE PROTECT 17*2600 - Espak E-pood\" \/>\n<meta property=\"og:url\" content=\"https:\/\/espak.ee\/epood\/toode\/fassaadikaitsekile-tesa-professional-4498-easy-cover-facade-protect-172600\/\" \/>\n<meta property=\"og:site_name\" content=\"Espak E-pood\" \/>\n<meta property=\"article:modified_time\" content=\"2024-09-03T07:41:47+00:00\" \/>\n<meta property=\"og:image\" content=\"https:\/\/espak.ee\/epood\/wp-content\/uploads\/2022\/08\/tesa-04498-li490-as9179962_canvas1x1_18-2.jpg\" \/>\n\t<meta property=\"og:image:width\" content=\"800\" \/>\n\t<meta property=\"og:image:height\" content=\"800\" \/>\n\t<meta property=\"og:image:type\" content=\"image\/jpeg\" \/>\n<meta name=\"twitter:card\" content=\"summary_large_image\" \/>\n<meta name=\"twitter:label1\" content=\"Est. reading time\" \/>\n\t<meta name=\"twitter:data1\" content=\"1 minut\" \/>\n<script type=\"application\/ld+json\" class=\"yoast-schema-graph\">{\"@context\":\"https:\/\/schema.org\",\"@graph\":[{\"@type\":\"WebPage\",\"@id\":\"https:\/\/espak.ee\/epood\/toode\/fassaadikaitsekile-tesa-professional-4498-easy-cover-facade-protect-172600\/\",\"url\":\"https:\/\/espak.ee\/epood\/toode\/fassaadikaitsekile-tesa-professional-4498-easy-cover-facade-protect-172600\/\",\"name\":\"FASSAADIKAITSEKILE TESA PROFESSIONAL 4498 EASY COVER FACADE PROTECT 17*2600 - Espak E-pood\",\"isPartOf\":{\"@id\":\"https:\/\/espak.ee\/epood\/#website\"},\"primaryImageOfPage\":{\"@id\":\"https:\/\/espak.ee\/epood\/toode\/fassaadikaitsekile-tesa-professional-4498-easy-cover-facade-protect-172600\/#primaryimage\"},\"image\":{\"@id\":\"https:\/\/espak.ee\/epood\/toode\/fassaadikaitsekile-tesa-professional-4498-easy-cover-facade-protect-172600\/#primaryimage\"},\"thumbnailUrl\":\"https:\/\/espak.ee\/epood\/wp-content\/uploads\/2022\/08\/tesa-04498-li490-as9179962_canvas1x1_18-2.jpg\",\"datePublished\":\"2022-08-30T06:04:44+00:00\",\"dateModified\":\"2024-09-03T07:41:47+00:00\",\"breadcrumb\":{\"@id\":\"https:\/\/espak.ee\/epood\/toode\/fassaadikaitsekile-tesa-professional-4498-easy-cover-facade-protect-172600\/#breadcrumb\"},\"inLanguage\":\"et\",\"potentialAction\":[{\"@type\":\"ReadAction\",\"target\":[\"https:\/\/espak.ee\/epood\/toode\/fassaadikaitsekile-tesa-professional-4498-easy-cover-facade-protect-172600\/\"]}]},{\"@type\":\"ImageObject\",\"inLanguage\":\"et\",\"@id\":\"https:\/\/espak.ee\/epood\/toode\/fassaadikaitsekile-tesa-professional-4498-easy-cover-facade-protect-172600\/#primaryimage\",\"url\":\"https:\/\/espak.ee\/epood\/wp-content\/uploads\/2022\/08\/tesa-04498-li490-as9179962_canvas1x1_18-2.jpg\",\"contentUrl\":\"https:\/\/espak.ee\/epood\/wp-content\/uploads\/2022\/08\/tesa-04498-li490-as9179962_canvas1x1_18-2.jpg\",\"width\":800,\"height\":800},{\"@type\":\"BreadcrumbList\",\"@id\":\"https:\/\/espak.ee\/epood\/toode\/fassaadikaitsekile-tesa-professional-4498-easy-cover-facade-protect-172600\/#breadcrumb\",\"itemListElement\":[{\"@type\":\"ListItem\",\"position\":1,\"name\":\"Home\",\"item\":\"https:\/\/espak.ee\/epood\/\"},{\"@type\":\"ListItem\",\"position\":2,\"name\":\"Tootevalik\",\"item\":\"https:\/\/espak.ee\/epood\/tootevalik\/\"},{\"@type\":\"ListItem\",\"position\":3,\"name\":\"FASSAADIKAITSEKILE TESA PROFESSIONAL 4498 EASY COVER FACADE PROTECT 17*2600\"}]},{\"@type\":\"WebSite\",\"@id\":\"https:\/\/espak.ee\/epood\/#website\",\"url\":\"https:\/\/espak.ee\/epood\/\",\"name\":\"Espak E-pood\",\"description\":\"\",\"potentialAction\":[{\"@type\":\"SearchAction\",\"target\":{\"@type\":\"EntryPoint\",\"urlTemplate\":\"https:\/\/espak.ee\/epood\/?s={search_term_string}\"},\"query-input\":{\"@type\":\"PropertyValueSpecification\",\"valueRequired\":true,\"valueName\":\"search_term_string\"}}],\"inLanguage\":\"et\"}]}<\/script>\n<!-- \/ Yoast SEO plugin. -->","yoast_head_json":{"title":"FASSAADIKAITSEKILE TESA PROFESSIONAL 4498 EASY COVER FACADE PROTECT 17*2600 - Espak E-pood","robots":{"index":"index","follow":"follow","max-snippet":"max-snippet:-1","max-image-preview":"max-image-preview:large","max-video-preview":"max-video-preview:-1"},"canonical":"https:\/\/espak.ee\/epood\/toode\/fassaadikaitsekile-tesa-professional-4498-easy-cover-facade-protect-172600\/","og_locale":"et_EE","og_type":"article","og_title":"FASSAADIKAITSEKILE TESA PROFESSIONAL 4498 EASY COVER FACADE PROTECT 17*2600 - Espak E-pood","og_url":"https:\/\/espak.ee\/epood\/toode\/fassaadikaitsekile-tesa-professional-4498-easy-cover-facade-protect-172600\/","og_site_name":"Espak E-pood","article_modified_time":"2024-09-03T07:41:47+00:00","og_image":[{"width":800,"height":800,"url":"https:\/\/espak.ee\/epood\/wp-content\/uploads\/2022\/08\/tesa-04498-li490-as9179962_canvas1x1_18-2.jpg","type":"image\/jpeg"}],"twitter_card":"summary_large_image","twitter_misc":{"Est. reading time":"1 minut"},"schema":{"@context":"https:\/\/schema.org","@graph":[{"@type":"WebPage","@id":"https:\/\/espak.ee\/epood\/toode\/fassaadikaitsekile-tesa-professional-4498-easy-cover-facade-protect-172600\/","url":"https:\/\/espak.ee\/epood\/toode\/fassaadikaitsekile-tesa-professional-4498-easy-cover-facade-protect-172600\/","name":"FASSAADIKAITSEKILE TESA PROFESSIONAL 4498 EASY COVER FACADE PROTECT 17*2600 - Espak E-pood","isPartOf":{"@id":"https:\/\/espak.ee\/epood\/#website"},"primaryImageOfPage":{"@id":"https:\/\/espak.ee\/epood\/toode\/fassaadikaitsekile-tesa-professional-4498-easy-cover-facade-protect-172600\/#primaryimage"},"image":{"@id":"https:\/\/espak.ee\/epood\/toode\/fassaadikaitsekile-tesa-professional-4498-easy-cover-facade-protect-172600\/#primaryimage"},"thumbnailUrl":"https:\/\/espak.ee\/epood\/wp-content\/uploads\/2022\/08\/tesa-04498-li490-as9179962_canvas1x1_18-2.jpg","datePublished":"2022-08-30T06:04:44+00:00","dateModified":"2024-09-03T07:41:47+00:00","breadcrumb":{"@id":"https:\/\/espak.ee\/epood\/toode\/fassaadikaitsekile-tesa-professional-4498-easy-cover-facade-protect-172600\/#breadcrumb"},"inLanguage":"et","potentialAction":[{"@type":"ReadAction","target":["https:\/\/espak.ee\/epood\/toode\/fassaadikaitsekile-tesa-professional-4498-easy-cover-facade-protect-172600\/"]}]},{"@type":"ImageObject","inLanguage":"et","@id":"https:\/\/espak.ee\/epood\/toode\/fassaadikaitsekile-tesa-professional-4498-easy-cover-facade-protect-172600\/#primaryimage","url":"https:\/\/espak.ee\/epood\/wp-content\/uploads\/2022\/08\/tesa-04498-li490-as9179962_canvas1x1_18-2.jpg","contentUrl":"https:\/\/espak.ee\/epood\/wp-content\/uploads\/2022\/08\/tesa-04498-li490-as9179962_canvas1x1_18-2.jpg","width":800,"height":800},{"@type":"BreadcrumbList","@id":"https:\/\/espak.ee\/epood\/toode\/fassaadikaitsekile-tesa-professional-4498-easy-cover-facade-protect-172600\/#breadcrumb","itemListElement":[{"@type":"ListItem","position":1,"name":"Home","item":"https:\/\/espak.ee\/epood\/"},{"@type":"ListItem","position":2,"name":"Tootevalik","item":"https:\/\/espak.ee\/epood\/tootevalik\/"},{"@type":"ListItem","position":3,"name":"FASSAADIKAITSEKILE TESA PROFESSIONAL 4498 EASY COVER FACADE PROTECT 17*2600"}]},{"@type":"WebSite","@id":"https:\/\/espak.ee\/epood\/#website","url":"https:\/\/espak.ee\/epood\/","name":"Espak E-pood","description":"","potentialAction":[{"@type":"SearchAction","target":{"@type":"EntryPoint","urlTemplate":"https:\/\/espak.ee\/epood\/?s={search_term_string}"},"query-input":{"@type":"PropertyValueSpecification","valueRequired":true,"valueName":"search_term_string"}}],"inLanguage":"et"}]}},"_links":{"self":[{"href":"https:\/\/espak.ee\/epood\/wp-json\/wp\/v2\/product\/130300","targetHints":{"allow":["GET"]}}],"collection":[{"href":"https:\/\/espak.ee\/epood\/wp-json\/wp\/v2\/product"}],"about":[{"href":"https:\/\/espak.ee\/epood\/wp-json\/wp\/v2\/types\/product"}],"replies":[{"embeddable":true,"href":"https:\/\/espak.ee\/epood\/wp-json\/wp\/v2\/comments?post=130300"}],"wp:featuredmedia":[{"embeddable":true,"href":"https:\/\/espak.ee\/epood\/wp-json\/wp\/v2\/media\/130160"}],"wp:attachment":[{"href":"https:\/\/espak.ee\/epood\/wp-json\/wp\/v2\/media?parent=130300"}],"wp:term":[{"taxonomy":"product_brand","embeddable":true,"href":"https:\/\/espak.ee\/epood\/wp-json\/wp\/v2\/product_brand?post=130300"},{"taxonomy":"product_cat","embeddable":true,"href":"https:\/\/espak.ee\/epood\/wp-json\/wp\/v2\/product_cat?post=130300"},{"taxonomy":"product_tag","embeddable":true,"href":"https:\/\/espak.ee\/epood\/wp-json\/wp\/v2\/product_tag?post=130300"}],"curies":[{"name":"wp","href":"https:\/\/api.w.org\/{rel}","templated":true}]}}