{"id":130247,"date":"2022-08-30T03:04:30","date_gmt":"2022-08-30T03:04:30","guid":{"rendered":"https:\/\/espak.ee\/epood\/?post_type=product&#038;p=130247"},"modified":"2026-01-13T14:03:14","modified_gmt":"2026-01-13T12:03:14","slug":"nitriilkinnas-uhekordne-puudrivaba-must-10-xl-100tk-pk","status":"publish","type":"product","link":"https:\/\/espak.ee\/epood\/toode\/nitriilkinnas-uhekordne-puudrivaba-must-10-xl-100tk-pk\/","title":{"rendered":"NITRIILKINNAS \u00dcHEKORDNE PUUDRIVABA MUST 10\/XL 100TK\/PK"},"content":{"rendered":"<div class=\"row\"  id=\"row-1022597101\">\n\n\t<div id=\"col-1802686896\" class=\"col medium-9 small-12 large-9\"  >\n\t\t\t\t<div class=\"col-inner\"  >\n\t\t\t\n\t\t\t\n<h2>\u00dchekordsed nitriilkindad 10\/XL 100tk\/pk must<\/h2>\n<p>Ideaalne asendus latekskinnastele. Puudrivabad kvaliteetsed karestatud v\u00e4ga elastsed nitriilkindad paksusega 0,07 mm peopesalt ja 0,10 mm n\u00e4ppudelt.<br \/>\n Sobivad toiduainet\u00f6\u00f6stusesse, laboratooriumitesse ja meditsiini.<br \/>\n Lateksivabad. Kat 3.<br \/>\n Minimaalne allergiarisk.\n<\/p>\n\t<div id=\"gap-1563289707\" class=\"gap-element clearfix\" style=\"display:block; height:auto;\">\n\t\t\n<style>\n#gap-1563289707 {\n  padding-top: 30px;\n}\n<\/style>\n\t<\/div>\n\t\n\t\t<\/div>\n\t\t\t\t\t<\/div>\n\n\t\n\n\t<div id=\"col-321065485\" class=\"col medium-3 small-12 large-3\"  >\n\t\t\t\t<div class=\"col-inner\"  >\n\t\t\t\n\t\t\t\n\t<div id=\"gap-1486773241\" class=\"gap-element clearfix\" style=\"display:block; height:auto;\">\n\t\t\n<style>\n#gap-1486773241 {\n  padding-top: 30px;\n}\n<\/style>\n\t<\/div>\n\t\n<div class=\"is-divider divider clearfix\" ><\/div>\n<p><strong>\u00dcksikasjalikuma n\u00f5u saamiseks v\u00f5tke \u00fchendust:<br \/><\/strong>Tamrex Ohutuse O\u00dc<br \/>Laki 5<br \/>10621<br \/>Tallinn<br \/>+372 654 9900<\/p>\n<div class=\"is-divider divider clearfix\" ><\/div>\n\t\t<\/div>\n\t\t\t\t\t<\/div>\n\n\t\n<\/div>\n","protected":false},"excerpt":{"rendered":"","protected":false},"featured_media":130286,"comment_status":"closed","ping_status":"closed","template":"","meta":[],"product_brand":[],"product_cat":[2788,2976,2972,3629],"product_tag":[],"class_list":{"0":"post-130247","1":"product","2":"type-product","3":"status-publish","4":"has-post-thumbnail","6":"product_cat-aiatarbed-ja-kodukaubad","7":"product_cat-kindad","8":"product_cat-tookaitsevahendid","9":"product_cat-uhekordsed-kindad","10":"pa_kaubamark-tamrex-ohutuse-ou","12":"first","13":"instock","14":"sale","15":"taxable","16":"shipping-taxable","17":"purchasable","18":"product-type-simple"},"yoast_head":"<!-- This site is optimized with the Yoast SEO plugin v26.9 - https:\/\/yoast.com\/product\/yoast-seo-wordpress\/ -->\n<title>NITRIILKINNAS \u00dcHEKORDNE PUUDRIVABA MUST 10\/XL 100TK\/PK - Espak E-pood<\/title>\n<meta name=\"robots\" content=\"index, follow, max-snippet:-1, max-image-preview:large, max-video-preview:-1\" \/>\n<link rel=\"canonical\" href=\"https:\/\/espak.ee\/epood\/toode\/nitriilkinnas-uhekordne-puudrivaba-must-10-xl-100tk-pk\/\" \/>\n<meta property=\"og:locale\" content=\"et_EE\" \/>\n<meta property=\"og:type\" content=\"article\" \/>\n<meta property=\"og:title\" content=\"NITRIILKINNAS \u00dcHEKORDNE PUUDRIVABA MUST 10\/XL 100TK\/PK - Espak E-pood\" \/>\n<meta property=\"og:url\" content=\"https:\/\/espak.ee\/epood\/toode\/nitriilkinnas-uhekordne-puudrivaba-must-10-xl-100tk-pk\/\" \/>\n<meta property=\"og:site_name\" content=\"Espak E-pood\" \/>\n<meta property=\"article:modified_time\" content=\"2026-01-13T12:03:14+00:00\" \/>\n<meta property=\"og:image\" content=\"https:\/\/espak.ee\/epood\/wp-content\/uploads\/2022\/08\/polyco-uhekordsed-nitriilkindad-puudrivabad.jpg.png\" \/>\n\t<meta property=\"og:image:width\" content=\"800\" \/>\n\t<meta property=\"og:image:height\" content=\"800\" \/>\n\t<meta property=\"og:image:type\" content=\"image\/png\" \/>\n<meta name=\"twitter:card\" content=\"summary_large_image\" \/>\n<script type=\"application\/ld+json\" class=\"yoast-schema-graph\">{\"@context\":\"https:\/\/schema.org\",\"@graph\":[{\"@type\":\"WebPage\",\"@id\":\"https:\/\/espak.ee\/epood\/toode\/nitriilkinnas-uhekordne-puudrivaba-must-10-xl-100tk-pk\/\",\"url\":\"https:\/\/espak.ee\/epood\/toode\/nitriilkinnas-uhekordne-puudrivaba-must-10-xl-100tk-pk\/\",\"name\":\"NITRIILKINNAS \u00dcHEKORDNE PUUDRIVABA MUST 10\/XL 100TK\/PK - Espak E-pood\",\"isPartOf\":{\"@id\":\"https:\/\/espak.ee\/epood\/#website\"},\"primaryImageOfPage\":{\"@id\":\"https:\/\/espak.ee\/epood\/toode\/nitriilkinnas-uhekordne-puudrivaba-must-10-xl-100tk-pk\/#primaryimage\"},\"image\":{\"@id\":\"https:\/\/espak.ee\/epood\/toode\/nitriilkinnas-uhekordne-puudrivaba-must-10-xl-100tk-pk\/#primaryimage\"},\"thumbnailUrl\":\"https:\/\/espak.ee\/epood\/wp-content\/uploads\/2022\/08\/polyco-uhekordsed-nitriilkindad-puudrivabad.jpg.png\",\"datePublished\":\"2022-08-30T03:04:30+00:00\",\"dateModified\":\"2026-01-13T12:03:14+00:00\",\"breadcrumb\":{\"@id\":\"https:\/\/espak.ee\/epood\/toode\/nitriilkinnas-uhekordne-puudrivaba-must-10-xl-100tk-pk\/#breadcrumb\"},\"inLanguage\":\"et\",\"potentialAction\":[{\"@type\":\"ReadAction\",\"target\":[\"https:\/\/espak.ee\/epood\/toode\/nitriilkinnas-uhekordne-puudrivaba-must-10-xl-100tk-pk\/\"]}]},{\"@type\":\"ImageObject\",\"inLanguage\":\"et\",\"@id\":\"https:\/\/espak.ee\/epood\/toode\/nitriilkinnas-uhekordne-puudrivaba-must-10-xl-100tk-pk\/#primaryimage\",\"url\":\"https:\/\/espak.ee\/epood\/wp-content\/uploads\/2022\/08\/polyco-uhekordsed-nitriilkindad-puudrivabad.jpg.png\",\"contentUrl\":\"https:\/\/espak.ee\/epood\/wp-content\/uploads\/2022\/08\/polyco-uhekordsed-nitriilkindad-puudrivabad.jpg.png\",\"width\":800,\"height\":800},{\"@type\":\"BreadcrumbList\",\"@id\":\"https:\/\/espak.ee\/epood\/toode\/nitriilkinnas-uhekordne-puudrivaba-must-10-xl-100tk-pk\/#breadcrumb\",\"itemListElement\":[{\"@type\":\"ListItem\",\"position\":1,\"name\":\"Home\",\"item\":\"https:\/\/espak.ee\/epood\/\"},{\"@type\":\"ListItem\",\"position\":2,\"name\":\"Tootevalik\",\"item\":\"https:\/\/espak.ee\/epood\/tootevalik\/\"},{\"@type\":\"ListItem\",\"position\":3,\"name\":\"NITRIILKINNAS \u00dcHEKORDNE PUUDRIVABA MUST 10\/XL 100TK\/PK\"}]},{\"@type\":\"WebSite\",\"@id\":\"https:\/\/espak.ee\/epood\/#website\",\"url\":\"https:\/\/espak.ee\/epood\/\",\"name\":\"Espak E-pood\",\"description\":\"\",\"potentialAction\":[{\"@type\":\"SearchAction\",\"target\":{\"@type\":\"EntryPoint\",\"urlTemplate\":\"https:\/\/espak.ee\/epood\/?s={search_term_string}\"},\"query-input\":{\"@type\":\"PropertyValueSpecification\",\"valueRequired\":true,\"valueName\":\"search_term_string\"}}],\"inLanguage\":\"et\"}]}<\/script>\n<!-- \/ Yoast SEO plugin. -->","yoast_head_json":{"title":"NITRIILKINNAS \u00dcHEKORDNE PUUDRIVABA MUST 10\/XL 100TK\/PK - Espak E-pood","robots":{"index":"index","follow":"follow","max-snippet":"max-snippet:-1","max-image-preview":"max-image-preview:large","max-video-preview":"max-video-preview:-1"},"canonical":"https:\/\/espak.ee\/epood\/toode\/nitriilkinnas-uhekordne-puudrivaba-must-10-xl-100tk-pk\/","og_locale":"et_EE","og_type":"article","og_title":"NITRIILKINNAS \u00dcHEKORDNE PUUDRIVABA MUST 10\/XL 100TK\/PK - Espak E-pood","og_url":"https:\/\/espak.ee\/epood\/toode\/nitriilkinnas-uhekordne-puudrivaba-must-10-xl-100tk-pk\/","og_site_name":"Espak E-pood","article_modified_time":"2026-01-13T12:03:14+00:00","og_image":[{"width":800,"height":800,"url":"https:\/\/espak.ee\/epood\/wp-content\/uploads\/2022\/08\/polyco-uhekordsed-nitriilkindad-puudrivabad.jpg.png","type":"image\/png"}],"twitter_card":"summary_large_image","schema":{"@context":"https:\/\/schema.org","@graph":[{"@type":"WebPage","@id":"https:\/\/espak.ee\/epood\/toode\/nitriilkinnas-uhekordne-puudrivaba-must-10-xl-100tk-pk\/","url":"https:\/\/espak.ee\/epood\/toode\/nitriilkinnas-uhekordne-puudrivaba-must-10-xl-100tk-pk\/","name":"NITRIILKINNAS \u00dcHEKORDNE PUUDRIVABA MUST 10\/XL 100TK\/PK - Espak E-pood","isPartOf":{"@id":"https:\/\/espak.ee\/epood\/#website"},"primaryImageOfPage":{"@id":"https:\/\/espak.ee\/epood\/toode\/nitriilkinnas-uhekordne-puudrivaba-must-10-xl-100tk-pk\/#primaryimage"},"image":{"@id":"https:\/\/espak.ee\/epood\/toode\/nitriilkinnas-uhekordne-puudrivaba-must-10-xl-100tk-pk\/#primaryimage"},"thumbnailUrl":"https:\/\/espak.ee\/epood\/wp-content\/uploads\/2022\/08\/polyco-uhekordsed-nitriilkindad-puudrivabad.jpg.png","datePublished":"2022-08-30T03:04:30+00:00","dateModified":"2026-01-13T12:03:14+00:00","breadcrumb":{"@id":"https:\/\/espak.ee\/epood\/toode\/nitriilkinnas-uhekordne-puudrivaba-must-10-xl-100tk-pk\/#breadcrumb"},"inLanguage":"et","potentialAction":[{"@type":"ReadAction","target":["https:\/\/espak.ee\/epood\/toode\/nitriilkinnas-uhekordne-puudrivaba-must-10-xl-100tk-pk\/"]}]},{"@type":"ImageObject","inLanguage":"et","@id":"https:\/\/espak.ee\/epood\/toode\/nitriilkinnas-uhekordne-puudrivaba-must-10-xl-100tk-pk\/#primaryimage","url":"https:\/\/espak.ee\/epood\/wp-content\/uploads\/2022\/08\/polyco-uhekordsed-nitriilkindad-puudrivabad.jpg.png","contentUrl":"https:\/\/espak.ee\/epood\/wp-content\/uploads\/2022\/08\/polyco-uhekordsed-nitriilkindad-puudrivabad.jpg.png","width":800,"height":800},{"@type":"BreadcrumbList","@id":"https:\/\/espak.ee\/epood\/toode\/nitriilkinnas-uhekordne-puudrivaba-must-10-xl-100tk-pk\/#breadcrumb","itemListElement":[{"@type":"ListItem","position":1,"name":"Home","item":"https:\/\/espak.ee\/epood\/"},{"@type":"ListItem","position":2,"name":"Tootevalik","item":"https:\/\/espak.ee\/epood\/tootevalik\/"},{"@type":"ListItem","position":3,"name":"NITRIILKINNAS \u00dcHEKORDNE PUUDRIVABA MUST 10\/XL 100TK\/PK"}]},{"@type":"WebSite","@id":"https:\/\/espak.ee\/epood\/#website","url":"https:\/\/espak.ee\/epood\/","name":"Espak E-pood","description":"","potentialAction":[{"@type":"SearchAction","target":{"@type":"EntryPoint","urlTemplate":"https:\/\/espak.ee\/epood\/?s={search_term_string}"},"query-input":{"@type":"PropertyValueSpecification","valueRequired":true,"valueName":"search_term_string"}}],"inLanguage":"et"}]}},"_links":{"self":[{"href":"https:\/\/espak.ee\/epood\/wp-json\/wp\/v2\/product\/130247","targetHints":{"allow":["GET"]}}],"collection":[{"href":"https:\/\/espak.ee\/epood\/wp-json\/wp\/v2\/product"}],"about":[{"href":"https:\/\/espak.ee\/epood\/wp-json\/wp\/v2\/types\/product"}],"replies":[{"embeddable":true,"href":"https:\/\/espak.ee\/epood\/wp-json\/wp\/v2\/comments?post=130247"}],"wp:featuredmedia":[{"embeddable":true,"href":"https:\/\/espak.ee\/epood\/wp-json\/wp\/v2\/media\/130286"}],"wp:attachment":[{"href":"https:\/\/espak.ee\/epood\/wp-json\/wp\/v2\/media?parent=130247"}],"wp:term":[{"taxonomy":"product_brand","embeddable":true,"href":"https:\/\/espak.ee\/epood\/wp-json\/wp\/v2\/product_brand?post=130247"},{"taxonomy":"product_cat","embeddable":true,"href":"https:\/\/espak.ee\/epood\/wp-json\/wp\/v2\/product_cat?post=130247"},{"taxonomy":"product_tag","embeddable":true,"href":"https:\/\/espak.ee\/epood\/wp-json\/wp\/v2\/product_tag?post=130247"}],"curies":[{"name":"wp","href":"https:\/\/api.w.org\/{rel}","templated":true}]}}