{"id":130236,"date":"2022-08-30T02:00:02","date_gmt":"2022-08-30T02:00:02","guid":{"rendered":"https:\/\/espak.ee\/epood\/?post_type=product&#038;p=130236"},"modified":"2024-03-23T02:30:02","modified_gmt":"2024-03-23T00:30:02","slug":"karabiin-teras-zn-fall-safe-fs802","status":"publish","type":"product","link":"https:\/\/espak.ee\/epood\/toode\/karabiin-teras-zn-fall-safe-fs802\/","title":{"rendered":"KARABIIN TERAS ZN FALL SAFE FS802"},"content":{"rendered":"<div class=\"row\"  id=\"row-220103764\">\n\n\t<div id=\"col-318131738\" class=\"col medium-9 small-12 large-9\"  >\n\t\t\t\t<div class=\"col-inner\"  >\n\t\t\t\n\t\t\t\n<h2>FALL SAFE FS802 tsingitud terasest karabiin<\/h2>\n<p>Terasest valmistatud topeltlukustusega karabiin, avaneb 20 mm.<br \/>\n Vastupidavus 23 kN.<br \/>\n Vastab standardile CE, EN362.<\/p>\n\t<div id=\"gap-1534336133\" class=\"gap-element clearfix\" style=\"display:block; height:auto;\">\n\t\t\n<style>\n#gap-1534336133 {\n  padding-top: 30px;\n}\n<\/style>\n\t<\/div>\n\t\n\t\t<\/div>\n\t\t\t\t\t<\/div>\n\n\t\n\n\t<div id=\"col-1421527062\" class=\"col medium-3 small-12 large-3\"  >\n\t\t\t\t<div class=\"col-inner\"  >\n\t\t\t\n\t\t\t\n\t<div id=\"gap-283454534\" class=\"gap-element clearfix\" style=\"display:block; height:auto;\">\n\t\t\n<style>\n#gap-283454534 {\n  padding-top: 30px;\n}\n<\/style>\n\t<\/div>\n\t\n<div class=\"is-divider divider clearfix\" ><\/div>\n<p><strong>\u00dcksikasjalikuma n\u00f5u saamiseks v\u00f5tke \u00fchendust:<br \/><\/strong>Tamrex Ohutuse O\u00dc<br \/>Laki 5<br \/>10621<br \/>Tallinn<br \/>+372 654 9900<\/p>\n<div class=\"is-divider divider clearfix\" ><\/div>\n\t\t<\/div>\n\t\t\t\t\t<\/div>\n\n\t\n<\/div>\n","protected":false},"excerpt":{"rendered":"","protected":false},"featured_media":130312,"comment_status":"closed","ping_status":"closed","template":"","meta":[],"product_brand":[],"product_cat":[2788,2973,3036,2972],"product_tag":[],"class_list":{"0":"post-130236","1":"product","2":"type-product","3":"status-publish","4":"has-post-thumbnail","6":"product_cat-aiatarbed-ja-kodukaubad","7":"product_cat-isikukaitsevahendid","8":"product_cat-muud-isikukaitsevahendid","9":"product_cat-tookaitsevahendid","10":"pa_kaubamark-tamrex-ohutuse-ou","12":"first","13":"instock","14":"sale","15":"taxable","16":"shipping-taxable","17":"purchasable","18":"product-type-simple"},"yoast_head":"<!-- This site is optimized with the Yoast SEO plugin v26.9 - https:\/\/yoast.com\/product\/yoast-seo-wordpress\/ -->\n<title>KARABIIN TERAS ZN FALL SAFE FS802 - Espak E-pood<\/title>\n<meta name=\"robots\" content=\"index, follow, max-snippet:-1, max-image-preview:large, max-video-preview:-1\" \/>\n<link rel=\"canonical\" href=\"https:\/\/espak.ee\/epood\/toode\/karabiin-teras-zn-fall-safe-fs802\/\" \/>\n<meta property=\"og:locale\" content=\"et_EE\" \/>\n<meta property=\"og:type\" content=\"article\" \/>\n<meta property=\"og:title\" content=\"KARABIIN TERAS ZN FALL SAFE FS802 - Espak E-pood\" \/>\n<meta property=\"og:url\" content=\"https:\/\/espak.ee\/epood\/toode\/karabiin-teras-zn-fall-safe-fs802\/\" \/>\n<meta property=\"og:site_name\" content=\"Espak E-pood\" \/>\n<meta property=\"article:modified_time\" content=\"2024-03-23T00:30:02+00:00\" \/>\n<meta property=\"og:image\" content=\"https:\/\/espak.ee\/epood\/wp-content\/uploads\/2022\/08\/fall-safe-fs802-tsingitud-terasest-karabiin.jpg.png\" \/>\n\t<meta property=\"og:image:width\" content=\"800\" \/>\n\t<meta property=\"og:image:height\" content=\"800\" \/>\n\t<meta property=\"og:image:type\" content=\"image\/png\" \/>\n<meta name=\"twitter:card\" content=\"summary_large_image\" \/>\n<script type=\"application\/ld+json\" class=\"yoast-schema-graph\">{\"@context\":\"https:\/\/schema.org\",\"@graph\":[{\"@type\":\"WebPage\",\"@id\":\"https:\/\/espak.ee\/epood\/toode\/karabiin-teras-zn-fall-safe-fs802\/\",\"url\":\"https:\/\/espak.ee\/epood\/toode\/karabiin-teras-zn-fall-safe-fs802\/\",\"name\":\"KARABIIN TERAS ZN FALL SAFE FS802 - Espak E-pood\",\"isPartOf\":{\"@id\":\"https:\/\/espak.ee\/epood\/#website\"},\"primaryImageOfPage\":{\"@id\":\"https:\/\/espak.ee\/epood\/toode\/karabiin-teras-zn-fall-safe-fs802\/#primaryimage\"},\"image\":{\"@id\":\"https:\/\/espak.ee\/epood\/toode\/karabiin-teras-zn-fall-safe-fs802\/#primaryimage\"},\"thumbnailUrl\":\"https:\/\/espak.ee\/epood\/wp-content\/uploads\/2022\/08\/fall-safe-fs802-tsingitud-terasest-karabiin.jpg.png\",\"datePublished\":\"2022-08-30T02:00:02+00:00\",\"dateModified\":\"2024-03-23T00:30:02+00:00\",\"breadcrumb\":{\"@id\":\"https:\/\/espak.ee\/epood\/toode\/karabiin-teras-zn-fall-safe-fs802\/#breadcrumb\"},\"inLanguage\":\"et\",\"potentialAction\":[{\"@type\":\"ReadAction\",\"target\":[\"https:\/\/espak.ee\/epood\/toode\/karabiin-teras-zn-fall-safe-fs802\/\"]}]},{\"@type\":\"ImageObject\",\"inLanguage\":\"et\",\"@id\":\"https:\/\/espak.ee\/epood\/toode\/karabiin-teras-zn-fall-safe-fs802\/#primaryimage\",\"url\":\"https:\/\/espak.ee\/epood\/wp-content\/uploads\/2022\/08\/fall-safe-fs802-tsingitud-terasest-karabiin.jpg.png\",\"contentUrl\":\"https:\/\/espak.ee\/epood\/wp-content\/uploads\/2022\/08\/fall-safe-fs802-tsingitud-terasest-karabiin.jpg.png\",\"width\":800,\"height\":800},{\"@type\":\"BreadcrumbList\",\"@id\":\"https:\/\/espak.ee\/epood\/toode\/karabiin-teras-zn-fall-safe-fs802\/#breadcrumb\",\"itemListElement\":[{\"@type\":\"ListItem\",\"position\":1,\"name\":\"Home\",\"item\":\"https:\/\/espak.ee\/epood\/\"},{\"@type\":\"ListItem\",\"position\":2,\"name\":\"Tootevalik\",\"item\":\"https:\/\/espak.ee\/epood\/tootevalik\/\"},{\"@type\":\"ListItem\",\"position\":3,\"name\":\"KARABIIN TERAS ZN FALL SAFE FS802\"}]},{\"@type\":\"WebSite\",\"@id\":\"https:\/\/espak.ee\/epood\/#website\",\"url\":\"https:\/\/espak.ee\/epood\/\",\"name\":\"Espak E-pood\",\"description\":\"\",\"potentialAction\":[{\"@type\":\"SearchAction\",\"target\":{\"@type\":\"EntryPoint\",\"urlTemplate\":\"https:\/\/espak.ee\/epood\/?s={search_term_string}\"},\"query-input\":{\"@type\":\"PropertyValueSpecification\",\"valueRequired\":true,\"valueName\":\"search_term_string\"}}],\"inLanguage\":\"et\"}]}<\/script>\n<!-- \/ Yoast SEO plugin. -->","yoast_head_json":{"title":"KARABIIN TERAS ZN FALL SAFE FS802 - Espak E-pood","robots":{"index":"index","follow":"follow","max-snippet":"max-snippet:-1","max-image-preview":"max-image-preview:large","max-video-preview":"max-video-preview:-1"},"canonical":"https:\/\/espak.ee\/epood\/toode\/karabiin-teras-zn-fall-safe-fs802\/","og_locale":"et_EE","og_type":"article","og_title":"KARABIIN TERAS ZN FALL SAFE FS802 - Espak E-pood","og_url":"https:\/\/espak.ee\/epood\/toode\/karabiin-teras-zn-fall-safe-fs802\/","og_site_name":"Espak E-pood","article_modified_time":"2024-03-23T00:30:02+00:00","og_image":[{"width":800,"height":800,"url":"https:\/\/espak.ee\/epood\/wp-content\/uploads\/2022\/08\/fall-safe-fs802-tsingitud-terasest-karabiin.jpg.png","type":"image\/png"}],"twitter_card":"summary_large_image","schema":{"@context":"https:\/\/schema.org","@graph":[{"@type":"WebPage","@id":"https:\/\/espak.ee\/epood\/toode\/karabiin-teras-zn-fall-safe-fs802\/","url":"https:\/\/espak.ee\/epood\/toode\/karabiin-teras-zn-fall-safe-fs802\/","name":"KARABIIN TERAS ZN FALL SAFE FS802 - Espak E-pood","isPartOf":{"@id":"https:\/\/espak.ee\/epood\/#website"},"primaryImageOfPage":{"@id":"https:\/\/espak.ee\/epood\/toode\/karabiin-teras-zn-fall-safe-fs802\/#primaryimage"},"image":{"@id":"https:\/\/espak.ee\/epood\/toode\/karabiin-teras-zn-fall-safe-fs802\/#primaryimage"},"thumbnailUrl":"https:\/\/espak.ee\/epood\/wp-content\/uploads\/2022\/08\/fall-safe-fs802-tsingitud-terasest-karabiin.jpg.png","datePublished":"2022-08-30T02:00:02+00:00","dateModified":"2024-03-23T00:30:02+00:00","breadcrumb":{"@id":"https:\/\/espak.ee\/epood\/toode\/karabiin-teras-zn-fall-safe-fs802\/#breadcrumb"},"inLanguage":"et","potentialAction":[{"@type":"ReadAction","target":["https:\/\/espak.ee\/epood\/toode\/karabiin-teras-zn-fall-safe-fs802\/"]}]},{"@type":"ImageObject","inLanguage":"et","@id":"https:\/\/espak.ee\/epood\/toode\/karabiin-teras-zn-fall-safe-fs802\/#primaryimage","url":"https:\/\/espak.ee\/epood\/wp-content\/uploads\/2022\/08\/fall-safe-fs802-tsingitud-terasest-karabiin.jpg.png","contentUrl":"https:\/\/espak.ee\/epood\/wp-content\/uploads\/2022\/08\/fall-safe-fs802-tsingitud-terasest-karabiin.jpg.png","width":800,"height":800},{"@type":"BreadcrumbList","@id":"https:\/\/espak.ee\/epood\/toode\/karabiin-teras-zn-fall-safe-fs802\/#breadcrumb","itemListElement":[{"@type":"ListItem","position":1,"name":"Home","item":"https:\/\/espak.ee\/epood\/"},{"@type":"ListItem","position":2,"name":"Tootevalik","item":"https:\/\/espak.ee\/epood\/tootevalik\/"},{"@type":"ListItem","position":3,"name":"KARABIIN TERAS ZN FALL SAFE FS802"}]},{"@type":"WebSite","@id":"https:\/\/espak.ee\/epood\/#website","url":"https:\/\/espak.ee\/epood\/","name":"Espak E-pood","description":"","potentialAction":[{"@type":"SearchAction","target":{"@type":"EntryPoint","urlTemplate":"https:\/\/espak.ee\/epood\/?s={search_term_string}"},"query-input":{"@type":"PropertyValueSpecification","valueRequired":true,"valueName":"search_term_string"}}],"inLanguage":"et"}]}},"_links":{"self":[{"href":"https:\/\/espak.ee\/epood\/wp-json\/wp\/v2\/product\/130236","targetHints":{"allow":["GET"]}}],"collection":[{"href":"https:\/\/espak.ee\/epood\/wp-json\/wp\/v2\/product"}],"about":[{"href":"https:\/\/espak.ee\/epood\/wp-json\/wp\/v2\/types\/product"}],"replies":[{"embeddable":true,"href":"https:\/\/espak.ee\/epood\/wp-json\/wp\/v2\/comments?post=130236"}],"wp:featuredmedia":[{"embeddable":true,"href":"https:\/\/espak.ee\/epood\/wp-json\/wp\/v2\/media\/130312"}],"wp:attachment":[{"href":"https:\/\/espak.ee\/epood\/wp-json\/wp\/v2\/media?parent=130236"}],"wp:term":[{"taxonomy":"product_brand","embeddable":true,"href":"https:\/\/espak.ee\/epood\/wp-json\/wp\/v2\/product_brand?post=130236"},{"taxonomy":"product_cat","embeddable":true,"href":"https:\/\/espak.ee\/epood\/wp-json\/wp\/v2\/product_cat?post=130236"},{"taxonomy":"product_tag","embeddable":true,"href":"https:\/\/espak.ee\/epood\/wp-json\/wp\/v2\/product_tag?post=130236"}],"curies":[{"name":"wp","href":"https:\/\/api.w.org\/{rel}","templated":true}]}}