{"id":130124,"date":"2022-08-27T03:12:55","date_gmt":"2022-08-27T03:12:55","guid":{"rendered":"https:\/\/espak.ee\/epood\/?post_type=product&#038;p=130124"},"modified":"2026-03-06T00:40:05","modified_gmt":"2026-03-05T22:40:05","slug":"maalriteip-tesa-professional-4334-precision-mask-50m9mm","status":"publish","type":"product","link":"https:\/\/espak.ee\/epood\/toode\/maalriteip-tesa-professional-4334-precision-mask-50m9mm\/","title":{"rendered":"MAALRITEIP TESA PROFESSIONAL 4334 PRECISION MASK 50M*9MM"},"content":{"rendered":"<div class=\"row\"  id=\"row-1331168541\">\n\n\t<div id=\"col-1596845370\" class=\"col medium-9 small-12 large-9\"  >\n\t\t\t\t<div class=\"col-inner\"  >\n\t\t\t\n\t\t\t\n<h3>tesa\u00ae Professional 4334 Precision Mask\u00ae teip 50m x 9mm<\/h3>\n<p>tesa\u00ae 4334 Precision Mask on v\u00e4ga heade omadustega WASHI-paberist maalriteip, mida on lihtne kasutada ja mis tagab alati \u00fclit\u00e4psed v\u00e4rvi\u00e4\u00e4red. Teravservade maalriteip on sileda paberi ning t\u00e4pselt \u00f5ige koguse akr\u00fc\u00fclliimi ideaalne kombinatsioon. Nii j\u00e4\u00e4b teip v\u00e4ga tihedalt pindade k\u00fclge, v\u00e4ltides v\u00e4rvikahjustusi. Soovitame teipi tesa\u00ae 4334 ka spreiv\u00e4rvimise ajaks, millele j\u00e4rgneb kuni 30 min pikkune kuivatus v\u00e4rvikambris temperatuuril kuni 120 \u00b0C. T\u00e4nu \u00f5hukesele ja v\u00e4hevenivale alusele sobib see ideaalselt kahetooniliseks v\u00e4rvimiseks. Professionaalse v\u00e4rvimisteibi ja teie oskuslikkuse kombinatsioon tagab tulemuse, mis meeldib teie klientidele ning s\u00e4\u00e4stab teid kallistest v\u00e4rviparandust\u00f6\u00f6dest.<\/p>\n<p><strong>Peamised rakendused:<\/strong><br \/>\n&#8211; Sobib maalriteibiks toas (kuni kuus kuud)<br \/>\n&#8211; Sobib maalriteibiks \u00f5ues (kuni kaheksa n\u00e4dalat)<br \/>\n&#8211; Nakkub h\u00e4sti siledatele ja kergelt tekstuursetele pindadele<br \/>\n&#8211; tesa\u00ae 4334 sobib ideaalselt n\u00f5udlikeks v\u00e4rvimis- ja lakkimist\u00f6\u00f6deks<br \/>\n&#8211; Maalriteipi v\u00f5ib kasutada spreiv\u00e4rvi v\u00e4rvikambris kuivatamiseks kuni 30 minutit temperatuuril kuni 120 \u00b0C\n <\/p>\n\t<div id=\"gap-246994581\" class=\"gap-element clearfix\" style=\"display:block; height:auto;\">\n\t\t\n<style>\n#gap-246994581 {\n  padding-top: 30px;\n}\n<\/style>\n\t<\/div>\n\t\n\t\t<\/div>\n\t\t\t\t\t<\/div>\n\n\t\n\n\t<div id=\"col-6778856\" class=\"col medium-3 small-12 large-3\"  >\n\t\t\t\t<div class=\"col-inner\"  >\n\t\t\t\n\t\t\t\n<p><strong>\u00dcksikasjalikuma n\u00f5u saamiseks v\u00f5tke \u00fchendust:<br \/><\/strong>tesa tape UAB<br \/>Sepise 1<br \/>11415<br \/>Tallinn<br \/>+372 6401 366<\/p>\n<div class=\"is-divider divider clearfix\" ><\/div>\n\t\t<\/div>\n\t\t\t\t\t<\/div>\n\n\t\n<\/div>\n","protected":false},"excerpt":{"rendered":"","protected":false},"featured_media":130163,"comment_status":"closed","ping_status":"closed","template":"","meta":[],"product_brand":[],"product_cat":[2933,2908,2907,2683],"product_tag":[],"class_list":{"0":"post-130124","1":"product","2":"type-product","3":"status-publish","4":"has-post-thumbnail","6":"product_cat-maalriteibid","7":"product_cat-teibid","8":"product_cat-teibid-ja-armeerimismaterjalid","9":"product_cat-viimistluskaubad","10":"pa_kaubamark-tesa-as","12":"first","13":"instock","14":"sale","15":"taxable","16":"shipping-taxable","17":"purchasable","18":"product-type-simple"},"yoast_head":"<!-- This site is optimized with the Yoast SEO plugin v26.9 - https:\/\/yoast.com\/product\/yoast-seo-wordpress\/ -->\n<title>MAALRITEIP TESA PROFESSIONAL 4334 PRECISION MASK 50M*9MM - Espak E-pood<\/title>\n<meta name=\"robots\" content=\"index, follow, max-snippet:-1, max-image-preview:large, max-video-preview:-1\" \/>\n<link rel=\"canonical\" href=\"https:\/\/espak.ee\/epood\/toode\/maalriteip-tesa-professional-4334-precision-mask-50m9mm\/\" \/>\n<meta property=\"og:locale\" content=\"et_EE\" \/>\n<meta property=\"og:type\" content=\"article\" \/>\n<meta property=\"og:title\" content=\"MAALRITEIP TESA PROFESSIONAL 4334 PRECISION MASK 50M*9MM - Espak E-pood\" \/>\n<meta property=\"og:url\" content=\"https:\/\/espak.ee\/epood\/toode\/maalriteip-tesa-professional-4334-precision-mask-50m9mm\/\" \/>\n<meta property=\"og:site_name\" content=\"Espak E-pood\" \/>\n<meta property=\"article:modified_time\" content=\"2026-03-05T22:40:05+00:00\" \/>\n<meta property=\"og:image\" content=\"https:\/\/espak.ee\/epood\/wp-content\/uploads\/2022\/08\/tesa-4042448357151-04334-00030-li421-front-pa1916500_canvas16x9_18.jpg\" \/>\n\t<meta property=\"og:image:width\" content=\"800\" \/>\n\t<meta property=\"og:image:height\" content=\"800\" \/>\n\t<meta property=\"og:image:type\" content=\"image\/jpeg\" \/>\n<meta name=\"twitter:card\" content=\"summary_large_image\" \/>\n<meta name=\"twitter:label1\" content=\"Est. reading time\" \/>\n\t<meta name=\"twitter:data1\" content=\"1 minut\" \/>\n<script type=\"application\/ld+json\" class=\"yoast-schema-graph\">{\"@context\":\"https:\/\/schema.org\",\"@graph\":[{\"@type\":\"WebPage\",\"@id\":\"https:\/\/espak.ee\/epood\/toode\/maalriteip-tesa-professional-4334-precision-mask-50m9mm\/\",\"url\":\"https:\/\/espak.ee\/epood\/toode\/maalriteip-tesa-professional-4334-precision-mask-50m9mm\/\",\"name\":\"MAALRITEIP TESA PROFESSIONAL 4334 PRECISION MASK 50M*9MM - Espak E-pood\",\"isPartOf\":{\"@id\":\"https:\/\/espak.ee\/epood\/#website\"},\"primaryImageOfPage\":{\"@id\":\"https:\/\/espak.ee\/epood\/toode\/maalriteip-tesa-professional-4334-precision-mask-50m9mm\/#primaryimage\"},\"image\":{\"@id\":\"https:\/\/espak.ee\/epood\/toode\/maalriteip-tesa-professional-4334-precision-mask-50m9mm\/#primaryimage\"},\"thumbnailUrl\":\"https:\/\/espak.ee\/epood\/wp-content\/uploads\/2022\/08\/tesa-4042448357151-04334-00030-li421-front-pa1916500_canvas16x9_18.jpg\",\"datePublished\":\"2022-08-27T03:12:55+00:00\",\"dateModified\":\"2026-03-05T22:40:05+00:00\",\"breadcrumb\":{\"@id\":\"https:\/\/espak.ee\/epood\/toode\/maalriteip-tesa-professional-4334-precision-mask-50m9mm\/#breadcrumb\"},\"inLanguage\":\"et\",\"potentialAction\":[{\"@type\":\"ReadAction\",\"target\":[\"https:\/\/espak.ee\/epood\/toode\/maalriteip-tesa-professional-4334-precision-mask-50m9mm\/\"]}]},{\"@type\":\"ImageObject\",\"inLanguage\":\"et\",\"@id\":\"https:\/\/espak.ee\/epood\/toode\/maalriteip-tesa-professional-4334-precision-mask-50m9mm\/#primaryimage\",\"url\":\"https:\/\/espak.ee\/epood\/wp-content\/uploads\/2022\/08\/tesa-4042448357151-04334-00030-li421-front-pa1916500_canvas16x9_18.jpg\",\"contentUrl\":\"https:\/\/espak.ee\/epood\/wp-content\/uploads\/2022\/08\/tesa-4042448357151-04334-00030-li421-front-pa1916500_canvas16x9_18.jpg\",\"width\":800,\"height\":800},{\"@type\":\"BreadcrumbList\",\"@id\":\"https:\/\/espak.ee\/epood\/toode\/maalriteip-tesa-professional-4334-precision-mask-50m9mm\/#breadcrumb\",\"itemListElement\":[{\"@type\":\"ListItem\",\"position\":1,\"name\":\"Home\",\"item\":\"https:\/\/espak.ee\/epood\/\"},{\"@type\":\"ListItem\",\"position\":2,\"name\":\"Tootevalik\",\"item\":\"https:\/\/espak.ee\/epood\/tootevalik\/\"},{\"@type\":\"ListItem\",\"position\":3,\"name\":\"MAALRITEIP TESA PROFESSIONAL 4334 PRECISION MASK 50M*9MM\"}]},{\"@type\":\"WebSite\",\"@id\":\"https:\/\/espak.ee\/epood\/#website\",\"url\":\"https:\/\/espak.ee\/epood\/\",\"name\":\"Espak E-pood\",\"description\":\"\",\"potentialAction\":[{\"@type\":\"SearchAction\",\"target\":{\"@type\":\"EntryPoint\",\"urlTemplate\":\"https:\/\/espak.ee\/epood\/?s={search_term_string}\"},\"query-input\":{\"@type\":\"PropertyValueSpecification\",\"valueRequired\":true,\"valueName\":\"search_term_string\"}}],\"inLanguage\":\"et\"}]}<\/script>\n<!-- \/ Yoast SEO plugin. -->","yoast_head_json":{"title":"MAALRITEIP TESA PROFESSIONAL 4334 PRECISION MASK 50M*9MM - Espak E-pood","robots":{"index":"index","follow":"follow","max-snippet":"max-snippet:-1","max-image-preview":"max-image-preview:large","max-video-preview":"max-video-preview:-1"},"canonical":"https:\/\/espak.ee\/epood\/toode\/maalriteip-tesa-professional-4334-precision-mask-50m9mm\/","og_locale":"et_EE","og_type":"article","og_title":"MAALRITEIP TESA PROFESSIONAL 4334 PRECISION MASK 50M*9MM - Espak E-pood","og_url":"https:\/\/espak.ee\/epood\/toode\/maalriteip-tesa-professional-4334-precision-mask-50m9mm\/","og_site_name":"Espak E-pood","article_modified_time":"2026-03-05T22:40:05+00:00","og_image":[{"width":800,"height":800,"url":"https:\/\/espak.ee\/epood\/wp-content\/uploads\/2022\/08\/tesa-4042448357151-04334-00030-li421-front-pa1916500_canvas16x9_18.jpg","type":"image\/jpeg"}],"twitter_card":"summary_large_image","twitter_misc":{"Est. reading time":"1 minut"},"schema":{"@context":"https:\/\/schema.org","@graph":[{"@type":"WebPage","@id":"https:\/\/espak.ee\/epood\/toode\/maalriteip-tesa-professional-4334-precision-mask-50m9mm\/","url":"https:\/\/espak.ee\/epood\/toode\/maalriteip-tesa-professional-4334-precision-mask-50m9mm\/","name":"MAALRITEIP TESA PROFESSIONAL 4334 PRECISION MASK 50M*9MM - Espak E-pood","isPartOf":{"@id":"https:\/\/espak.ee\/epood\/#website"},"primaryImageOfPage":{"@id":"https:\/\/espak.ee\/epood\/toode\/maalriteip-tesa-professional-4334-precision-mask-50m9mm\/#primaryimage"},"image":{"@id":"https:\/\/espak.ee\/epood\/toode\/maalriteip-tesa-professional-4334-precision-mask-50m9mm\/#primaryimage"},"thumbnailUrl":"https:\/\/espak.ee\/epood\/wp-content\/uploads\/2022\/08\/tesa-4042448357151-04334-00030-li421-front-pa1916500_canvas16x9_18.jpg","datePublished":"2022-08-27T03:12:55+00:00","dateModified":"2026-03-05T22:40:05+00:00","breadcrumb":{"@id":"https:\/\/espak.ee\/epood\/toode\/maalriteip-tesa-professional-4334-precision-mask-50m9mm\/#breadcrumb"},"inLanguage":"et","potentialAction":[{"@type":"ReadAction","target":["https:\/\/espak.ee\/epood\/toode\/maalriteip-tesa-professional-4334-precision-mask-50m9mm\/"]}]},{"@type":"ImageObject","inLanguage":"et","@id":"https:\/\/espak.ee\/epood\/toode\/maalriteip-tesa-professional-4334-precision-mask-50m9mm\/#primaryimage","url":"https:\/\/espak.ee\/epood\/wp-content\/uploads\/2022\/08\/tesa-4042448357151-04334-00030-li421-front-pa1916500_canvas16x9_18.jpg","contentUrl":"https:\/\/espak.ee\/epood\/wp-content\/uploads\/2022\/08\/tesa-4042448357151-04334-00030-li421-front-pa1916500_canvas16x9_18.jpg","width":800,"height":800},{"@type":"BreadcrumbList","@id":"https:\/\/espak.ee\/epood\/toode\/maalriteip-tesa-professional-4334-precision-mask-50m9mm\/#breadcrumb","itemListElement":[{"@type":"ListItem","position":1,"name":"Home","item":"https:\/\/espak.ee\/epood\/"},{"@type":"ListItem","position":2,"name":"Tootevalik","item":"https:\/\/espak.ee\/epood\/tootevalik\/"},{"@type":"ListItem","position":3,"name":"MAALRITEIP TESA PROFESSIONAL 4334 PRECISION MASK 50M*9MM"}]},{"@type":"WebSite","@id":"https:\/\/espak.ee\/epood\/#website","url":"https:\/\/espak.ee\/epood\/","name":"Espak E-pood","description":"","potentialAction":[{"@type":"SearchAction","target":{"@type":"EntryPoint","urlTemplate":"https:\/\/espak.ee\/epood\/?s={search_term_string}"},"query-input":{"@type":"PropertyValueSpecification","valueRequired":true,"valueName":"search_term_string"}}],"inLanguage":"et"}]}},"_links":{"self":[{"href":"https:\/\/espak.ee\/epood\/wp-json\/wp\/v2\/product\/130124","targetHints":{"allow":["GET"]}}],"collection":[{"href":"https:\/\/espak.ee\/epood\/wp-json\/wp\/v2\/product"}],"about":[{"href":"https:\/\/espak.ee\/epood\/wp-json\/wp\/v2\/types\/product"}],"replies":[{"embeddable":true,"href":"https:\/\/espak.ee\/epood\/wp-json\/wp\/v2\/comments?post=130124"}],"wp:featuredmedia":[{"embeddable":true,"href":"https:\/\/espak.ee\/epood\/wp-json\/wp\/v2\/media\/130163"}],"wp:attachment":[{"href":"https:\/\/espak.ee\/epood\/wp-json\/wp\/v2\/media?parent=130124"}],"wp:term":[{"taxonomy":"product_brand","embeddable":true,"href":"https:\/\/espak.ee\/epood\/wp-json\/wp\/v2\/product_brand?post=130124"},{"taxonomy":"product_cat","embeddable":true,"href":"https:\/\/espak.ee\/epood\/wp-json\/wp\/v2\/product_cat?post=130124"},{"taxonomy":"product_tag","embeddable":true,"href":"https:\/\/espak.ee\/epood\/wp-json\/wp\/v2\/product_tag?post=130124"}],"curies":[{"name":"wp","href":"https:\/\/api.w.org\/{rel}","templated":true}]}}