{"id":130017,"date":"2022-08-26T06:40:57","date_gmt":"2022-08-26T06:40:57","guid":{"rendered":"https:\/\/espak.ee\/epood\/?post_type=product&#038;p=130017"},"modified":"2024-09-19T07:27:08","modified_gmt":"2024-09-19T04:27:08","slug":"krohviteip-tesa-67001-33m50mm","status":"publish","type":"product","link":"https:\/\/espak.ee\/epood\/toode\/krohviteip-tesa-67001-33m50mm\/","title":{"rendered":"KROHVITEIP TESA 67001 33M*50MM"},"content":{"rendered":"<div class=\"row\"  id=\"row-1602382265\">\n\n\t<div id=\"col-832571142\" class=\"col medium-9 small-12 large-9\"  >\n\t\t\t\t<div class=\"col-inner\"  >\n\t\t\t\n\t\t\t\n<h3>Krohviteip tesa\u00ae 67001 33m x 50mm<\/h3>\n<p>tesa\u00ae sPVC reljeefse pinnaga krohviteip, UV-kindel, temperatuuritaluvus kuni +60 \u00b0C. Usaldusv\u00e4\u00e4rne maalriteip krohvimis- v\u00f5i v\u00e4rvimist\u00f6\u00f6del. Kerge k\u00e4sitsi rebida, tugev ja hea nakkev\u00f5ime. Sobib ka pakkimisvahendina.<br \/>\n<div class=\"is-divider divider clearfix\" ><\/div>\nsPVC alusmaterjal tagab tesa\u00ae sPVC reljeefse pinnaga krohviteibi vastupidavuse, mis teeb selle universaalseks abivahendiks k\u00f5ikidel ehitusplatsidel. Teip sobib maalri- v\u00f5i krohvimist\u00f6\u00f6deks, kaitseb ukse-,aknaraame v\u00f5i fassaade. Nakkub turvaliselt ka veidi karedatel pindadel. Teipi saab kergelt k\u00e4sitsi rebida, reljeefne alusmaterjal j\u00e4tab alati sirge serva. T\u00e4nu sellele on krohviteibi kasutamine usaldusv\u00e4\u00e4rne. Nendele t\u00f6\u00f6dele lisaks t\u00e4hendab looduslikul kummil p\u00f5hineva liimaine kombinatsioon tugeva alusmaterjaliga, et teipi saab kasutada muude materjalide turvaliseks kokkupakkimiseks. Samal p\u00f5hjusel v\u00f5ib krohviteipi kasutada ka esemete kinnitamiseks \u2013 see v\u00f5ib t\u00f6\u00f6tamisel olla alati abistav toiming. Oran\u017ei v\u00f5i kollase v\u00e4rvusega teip on kasulik vahend k\u00f5ikides t\u00f6\u00f6riistakastides. <\/p>\n<p><strong>Peamised rakendused:<\/strong><br \/>\n&#8211; Hea ja usaldusv\u00e4\u00e4rne maalriteip krohvimist\u00f6\u00f6del<br \/>\n&#8211; Sobib ka h\u00e4sti esemete pakkimiseks ja kinnitamiseks<br \/>\n&#8211; Reljeefne alusmaterjal tagab k\u00e4sitsi rebimisel sirge serva\n<\/p>\n\t<div id=\"gap-2020366167\" class=\"gap-element clearfix\" style=\"display:block; height:auto;\">\n\t\t\n<style>\n#gap-2020366167 {\n  padding-top: 30px;\n}\n<\/style>\n\t<\/div>\n\t\n\t\t<\/div>\n\t\t\t\t\t<\/div>\n\n\t\n\n\t<div id=\"col-306289726\" class=\"col medium-3 small-12 large-3\"  >\n\t\t\t\t<div class=\"col-inner\"  >\n\t\t\t\n\t\t\t\n<h3>Tehniline informatsioon<\/h3>\n<p><a href=\"https:\/\/espak.ee\/epood\/wp-content\/uploads\/2022\/08\/tesa-professional-67001-cr-et-ee.pdf\"target=\"_blank\" rel=\"noopener noreferrer\"><i class=\"far fa-file-pdf\"><\/i> Tehniline info (PDF)<\/a><\/p>\n<p><strong>\u00dcksikasjalikuma n\u00f5u saamiseks v\u00f5tke \u00fchendust:<br \/><\/strong>tesa tape UAB<br \/>Sepise 1<br \/>11415<br \/>Tallinn<br \/>+372 6401 366<\/p>\n<div class=\"is-divider divider clearfix\" ><\/div>\n\t\t<\/div>\n\t\t\t\t\t<\/div>\n\n\t\n<\/div>\n","protected":false},"excerpt":{"rendered":"","protected":false},"featured_media":130030,"comment_status":"closed","ping_status":"closed","template":"","meta":[],"product_brand":[],"product_cat":[2909,2908,2907,2683],"product_tag":[],"class_list":{"0":"post-130017","1":"product","2":"type-product","3":"status-publish","4":"has-post-thumbnail","6":"product_cat-eriotstarbelised-teibid","7":"product_cat-teibid","8":"product_cat-teibid-ja-armeerimismaterjalid","9":"product_cat-viimistluskaubad","11":"first","12":"instock","13":"sale","14":"taxable","15":"shipping-taxable","16":"purchasable","17":"product-type-simple"},"yoast_head":"<!-- This site is optimized with the Yoast SEO plugin v26.9 - https:\/\/yoast.com\/product\/yoast-seo-wordpress\/ -->\n<title>KROHVITEIP TESA 67001 33M*50MM - Espak E-pood<\/title>\n<meta name=\"robots\" content=\"index, follow, max-snippet:-1, max-image-preview:large, max-video-preview:-1\" \/>\n<link rel=\"canonical\" href=\"https:\/\/espak.ee\/epood\/toode\/krohviteip-tesa-67001-33m50mm\/\" \/>\n<meta property=\"og:locale\" content=\"et_EE\" \/>\n<meta property=\"og:type\" content=\"article\" \/>\n<meta property=\"og:title\" content=\"KROHVITEIP TESA 67001 33M*50MM - Espak E-pood\" \/>\n<meta property=\"og:url\" content=\"https:\/\/espak.ee\/epood\/toode\/krohviteip-tesa-67001-33m50mm\/\" \/>\n<meta property=\"og:site_name\" content=\"Espak E-pood\" \/>\n<meta property=\"article:modified_time\" content=\"2024-09-19T04:27:08+00:00\" \/>\n<meta property=\"og:image\" content=\"https:\/\/espak.ee\/epood\/wp-content\/uploads\/2022\/08\/tesa-4063565017919-67001-00001-li490-front-pa9062321_canvas16x9_18.jpg\" \/>\n\t<meta property=\"og:image:width\" content=\"800\" \/>\n\t<meta property=\"og:image:height\" content=\"800\" \/>\n\t<meta property=\"og:image:type\" content=\"image\/jpeg\" \/>\n<meta name=\"twitter:card\" content=\"summary_large_image\" \/>\n<meta name=\"twitter:label1\" content=\"Est. reading time\" \/>\n\t<meta name=\"twitter:data1\" content=\"1 minut\" \/>\n<script type=\"application\/ld+json\" class=\"yoast-schema-graph\">{\"@context\":\"https:\/\/schema.org\",\"@graph\":[{\"@type\":\"WebPage\",\"@id\":\"https:\/\/espak.ee\/epood\/toode\/krohviteip-tesa-67001-33m50mm\/\",\"url\":\"https:\/\/espak.ee\/epood\/toode\/krohviteip-tesa-67001-33m50mm\/\",\"name\":\"KROHVITEIP TESA 67001 33M*50MM - Espak E-pood\",\"isPartOf\":{\"@id\":\"https:\/\/espak.ee\/epood\/#website\"},\"primaryImageOfPage\":{\"@id\":\"https:\/\/espak.ee\/epood\/toode\/krohviteip-tesa-67001-33m50mm\/#primaryimage\"},\"image\":{\"@id\":\"https:\/\/espak.ee\/epood\/toode\/krohviteip-tesa-67001-33m50mm\/#primaryimage\"},\"thumbnailUrl\":\"https:\/\/espak.ee\/epood\/wp-content\/uploads\/2022\/08\/tesa-4063565017919-67001-00001-li490-front-pa9062321_canvas16x9_18.jpg\",\"datePublished\":\"2022-08-26T06:40:57+00:00\",\"dateModified\":\"2024-09-19T04:27:08+00:00\",\"breadcrumb\":{\"@id\":\"https:\/\/espak.ee\/epood\/toode\/krohviteip-tesa-67001-33m50mm\/#breadcrumb\"},\"inLanguage\":\"et\",\"potentialAction\":[{\"@type\":\"ReadAction\",\"target\":[\"https:\/\/espak.ee\/epood\/toode\/krohviteip-tesa-67001-33m50mm\/\"]}]},{\"@type\":\"ImageObject\",\"inLanguage\":\"et\",\"@id\":\"https:\/\/espak.ee\/epood\/toode\/krohviteip-tesa-67001-33m50mm\/#primaryimage\",\"url\":\"https:\/\/espak.ee\/epood\/wp-content\/uploads\/2022\/08\/tesa-4063565017919-67001-00001-li490-front-pa9062321_canvas16x9_18.jpg\",\"contentUrl\":\"https:\/\/espak.ee\/epood\/wp-content\/uploads\/2022\/08\/tesa-4063565017919-67001-00001-li490-front-pa9062321_canvas16x9_18.jpg\",\"width\":800,\"height\":800},{\"@type\":\"BreadcrumbList\",\"@id\":\"https:\/\/espak.ee\/epood\/toode\/krohviteip-tesa-67001-33m50mm\/#breadcrumb\",\"itemListElement\":[{\"@type\":\"ListItem\",\"position\":1,\"name\":\"Home\",\"item\":\"https:\/\/espak.ee\/epood\/\"},{\"@type\":\"ListItem\",\"position\":2,\"name\":\"Tootevalik\",\"item\":\"https:\/\/espak.ee\/epood\/tootevalik\/\"},{\"@type\":\"ListItem\",\"position\":3,\"name\":\"KROHVITEIP TESA 67001 33M*50MM\"}]},{\"@type\":\"WebSite\",\"@id\":\"https:\/\/espak.ee\/epood\/#website\",\"url\":\"https:\/\/espak.ee\/epood\/\",\"name\":\"Espak E-pood\",\"description\":\"\",\"potentialAction\":[{\"@type\":\"SearchAction\",\"target\":{\"@type\":\"EntryPoint\",\"urlTemplate\":\"https:\/\/espak.ee\/epood\/?s={search_term_string}\"},\"query-input\":{\"@type\":\"PropertyValueSpecification\",\"valueRequired\":true,\"valueName\":\"search_term_string\"}}],\"inLanguage\":\"et\"}]}<\/script>\n<!-- \/ Yoast SEO plugin. -->","yoast_head_json":{"title":"KROHVITEIP TESA 67001 33M*50MM - Espak E-pood","robots":{"index":"index","follow":"follow","max-snippet":"max-snippet:-1","max-image-preview":"max-image-preview:large","max-video-preview":"max-video-preview:-1"},"canonical":"https:\/\/espak.ee\/epood\/toode\/krohviteip-tesa-67001-33m50mm\/","og_locale":"et_EE","og_type":"article","og_title":"KROHVITEIP TESA 67001 33M*50MM - Espak E-pood","og_url":"https:\/\/espak.ee\/epood\/toode\/krohviteip-tesa-67001-33m50mm\/","og_site_name":"Espak E-pood","article_modified_time":"2024-09-19T04:27:08+00:00","og_image":[{"width":800,"height":800,"url":"https:\/\/espak.ee\/epood\/wp-content\/uploads\/2022\/08\/tesa-4063565017919-67001-00001-li490-front-pa9062321_canvas16x9_18.jpg","type":"image\/jpeg"}],"twitter_card":"summary_large_image","twitter_misc":{"Est. reading time":"1 minut"},"schema":{"@context":"https:\/\/schema.org","@graph":[{"@type":"WebPage","@id":"https:\/\/espak.ee\/epood\/toode\/krohviteip-tesa-67001-33m50mm\/","url":"https:\/\/espak.ee\/epood\/toode\/krohviteip-tesa-67001-33m50mm\/","name":"KROHVITEIP TESA 67001 33M*50MM - Espak E-pood","isPartOf":{"@id":"https:\/\/espak.ee\/epood\/#website"},"primaryImageOfPage":{"@id":"https:\/\/espak.ee\/epood\/toode\/krohviteip-tesa-67001-33m50mm\/#primaryimage"},"image":{"@id":"https:\/\/espak.ee\/epood\/toode\/krohviteip-tesa-67001-33m50mm\/#primaryimage"},"thumbnailUrl":"https:\/\/espak.ee\/epood\/wp-content\/uploads\/2022\/08\/tesa-4063565017919-67001-00001-li490-front-pa9062321_canvas16x9_18.jpg","datePublished":"2022-08-26T06:40:57+00:00","dateModified":"2024-09-19T04:27:08+00:00","breadcrumb":{"@id":"https:\/\/espak.ee\/epood\/toode\/krohviteip-tesa-67001-33m50mm\/#breadcrumb"},"inLanguage":"et","potentialAction":[{"@type":"ReadAction","target":["https:\/\/espak.ee\/epood\/toode\/krohviteip-tesa-67001-33m50mm\/"]}]},{"@type":"ImageObject","inLanguage":"et","@id":"https:\/\/espak.ee\/epood\/toode\/krohviteip-tesa-67001-33m50mm\/#primaryimage","url":"https:\/\/espak.ee\/epood\/wp-content\/uploads\/2022\/08\/tesa-4063565017919-67001-00001-li490-front-pa9062321_canvas16x9_18.jpg","contentUrl":"https:\/\/espak.ee\/epood\/wp-content\/uploads\/2022\/08\/tesa-4063565017919-67001-00001-li490-front-pa9062321_canvas16x9_18.jpg","width":800,"height":800},{"@type":"BreadcrumbList","@id":"https:\/\/espak.ee\/epood\/toode\/krohviteip-tesa-67001-33m50mm\/#breadcrumb","itemListElement":[{"@type":"ListItem","position":1,"name":"Home","item":"https:\/\/espak.ee\/epood\/"},{"@type":"ListItem","position":2,"name":"Tootevalik","item":"https:\/\/espak.ee\/epood\/tootevalik\/"},{"@type":"ListItem","position":3,"name":"KROHVITEIP TESA 67001 33M*50MM"}]},{"@type":"WebSite","@id":"https:\/\/espak.ee\/epood\/#website","url":"https:\/\/espak.ee\/epood\/","name":"Espak E-pood","description":"","potentialAction":[{"@type":"SearchAction","target":{"@type":"EntryPoint","urlTemplate":"https:\/\/espak.ee\/epood\/?s={search_term_string}"},"query-input":{"@type":"PropertyValueSpecification","valueRequired":true,"valueName":"search_term_string"}}],"inLanguage":"et"}]}},"_links":{"self":[{"href":"https:\/\/espak.ee\/epood\/wp-json\/wp\/v2\/product\/130017","targetHints":{"allow":["GET"]}}],"collection":[{"href":"https:\/\/espak.ee\/epood\/wp-json\/wp\/v2\/product"}],"about":[{"href":"https:\/\/espak.ee\/epood\/wp-json\/wp\/v2\/types\/product"}],"replies":[{"embeddable":true,"href":"https:\/\/espak.ee\/epood\/wp-json\/wp\/v2\/comments?post=130017"}],"wp:featuredmedia":[{"embeddable":true,"href":"https:\/\/espak.ee\/epood\/wp-json\/wp\/v2\/media\/130030"}],"wp:attachment":[{"href":"https:\/\/espak.ee\/epood\/wp-json\/wp\/v2\/media?parent=130017"}],"wp:term":[{"taxonomy":"product_brand","embeddable":true,"href":"https:\/\/espak.ee\/epood\/wp-json\/wp\/v2\/product_brand?post=130017"},{"taxonomy":"product_cat","embeddable":true,"href":"https:\/\/espak.ee\/epood\/wp-json\/wp\/v2\/product_cat?post=130017"},{"taxonomy":"product_tag","embeddable":true,"href":"https:\/\/espak.ee\/epood\/wp-json\/wp\/v2\/product_tag?post=130017"}],"curies":[{"name":"wp","href":"https:\/\/api.w.org\/{rel}","templated":true}]}}