{"id":129994,"date":"2022-08-26T01:45:47","date_gmt":"2022-08-26T01:45:47","guid":{"rendered":"https:\/\/espak.ee\/epood\/?post_type=product&#038;p=129994"},"modified":"2025-04-27T22:20:56","modified_gmt":"2025-04-27T19:20:56","slug":"klaaskiuga-iseliimuv-teip-tesa-60101-45m48mm","status":"publish","type":"product","link":"https:\/\/espak.ee\/epood\/toode\/klaaskiuga-iseliimuv-teip-tesa-60101-45m48mm\/","title":{"rendered":"KLAASKIUGA ISELIIMUV TEIP TESA 60101 45M*48MM"},"content":{"rendered":"<div class=\"row\"  id=\"row-1830671667\">\n\n\t<div id=\"col-509003977\" class=\"col medium-9 small-12 large-9\"  >\n\t\t\t\t<div class=\"col-inner\"  >\n\t\t\t\n\t\t\t\n<h3>tesa\u00ae Professional klaaskiuga iseliimuv teip 60101 45m x 48mm<\/h3>\n<p>Klaaskiuga iseliimuv teip tesa\u00ae 60101 peidab endas uusimat tehnoloogiat.<br \/>\nT\u00e4nu v\u00e4ga tugevale ja \u00f5hukesele klaaskiust v\u00f5rgule saab tesa\u00ae 60101 teibiga \u00fchendada kipsplaadi liitekohti nii, et need kestavad kaua.<br \/>\nT\u00e4nu suurep\u00e4rasele nakkuvusele ja v\u00e4ga heale t\u00f5mbetugevusele \u00f5nnestub paigaldamine juba esimesel katsel ja liitekohad j\u00e4\u00e4vad siledad.<br \/>\nTeipi tesa\u00ae 60101 saab kasutada ka v\u00e4ikeste avade ja pragude parandamiseks ja paikamiseks.<\/p>\n\t<div id=\"gap-1569534171\" class=\"gap-element clearfix\" style=\"display:block; height:auto;\">\n\t\t\n<style>\n#gap-1569534171 {\n  padding-top: 30px;\n}\n<\/style>\n\t<\/div>\n\t\n\t\t<\/div>\n\t\t\t\t\t<\/div>\n\n\t\n\n\t<div id=\"col-1393962938\" class=\"col medium-3 small-12 large-3\"  >\n\t\t\t\t<div class=\"col-inner\"  >\n\t\t\t\n\t\t\t\n<h3>Tehniline informatsioon<\/h3>\n<p><a href=\"https:\/\/espak.ee\/epood\/wp-content\/uploads\/2022\/08\/tesa-professional-60101-fibreglass-tape-et-ee.pdf\"target=\"_blank\" rel=\"noopener noreferrer\"><i class=\"far fa-file-pdf\"><\/i> Tehniline info (PDF)<\/a><\/p>\n<p><strong>\u00dcksikasjalikuma n\u00f5u saamiseks v\u00f5tke \u00fchendust:<br \/><\/strong>tesa tape UAB<br \/>Sepise 1<br \/>11415<br \/>Tallinn<br \/>+372 6401 366<\/p>\n<div class=\"is-divider divider clearfix\" ><\/div>\n\t\t<\/div>\n\t\t\t\t\t<\/div>\n\n\t\n<\/div>\n","protected":false},"excerpt":{"rendered":"","protected":false},"featured_media":130155,"comment_status":"closed","ping_status":"closed","template":"","meta":[],"product_brand":[],"product_cat":[2914,2913,2907,2683],"product_tag":[],"class_list":{"0":"post-129994","1":"product","2":"type-product","3":"status-publish","4":"has-post-thumbnail","6":"product_cat-armeerimimisvorgud-ja-teibid","7":"product_cat-armeerimismaterjalid","8":"product_cat-teibid-ja-armeerimismaterjalid","9":"product_cat-viimistluskaubad","10":"pa_kaubamark-tesa-as","12":"first","13":"instock","14":"sale","15":"taxable","16":"shipping-taxable","17":"purchasable","18":"product-type-simple"},"yoast_head":"<!-- This site is optimized with the Yoast SEO plugin v26.9 - https:\/\/yoast.com\/product\/yoast-seo-wordpress\/ -->\n<title>KLAASKIUGA ISELIIMUV TEIP TESA 60101 45M*48MM - Espak E-pood<\/title>\n<meta name=\"robots\" content=\"index, follow, max-snippet:-1, max-image-preview:large, max-video-preview:-1\" \/>\n<link rel=\"canonical\" href=\"https:\/\/espak.ee\/epood\/toode\/klaaskiuga-iseliimuv-teip-tesa-60101-45m48mm\/\" \/>\n<meta property=\"og:locale\" content=\"et_EE\" \/>\n<meta property=\"og:type\" content=\"article\" \/>\n<meta property=\"og:title\" content=\"KLAASKIUGA ISELIIMUV TEIP TESA 60101 45M*48MM - Espak E-pood\" \/>\n<meta property=\"og:url\" content=\"https:\/\/espak.ee\/epood\/toode\/klaaskiuga-iseliimuv-teip-tesa-60101-45m48mm\/\" \/>\n<meta property=\"og:site_name\" content=\"Espak E-pood\" \/>\n<meta property=\"article:modified_time\" content=\"2025-04-27T19:20:56+00:00\" \/>\n<meta property=\"og:image\" content=\"https:\/\/espak.ee\/epood\/wp-content\/uploads\/2022\/08\/tesa-4042448295361-60101-00002-li400-left-pa1916613_canvas16x9_18.jpg\" \/>\n\t<meta property=\"og:image:width\" content=\"800\" \/>\n\t<meta property=\"og:image:height\" content=\"800\" \/>\n\t<meta property=\"og:image:type\" content=\"image\/jpeg\" \/>\n<meta name=\"twitter:card\" content=\"summary_large_image\" \/>\n<meta name=\"twitter:label1\" content=\"Est. reading time\" \/>\n\t<meta name=\"twitter:data1\" content=\"1 minut\" \/>\n<script type=\"application\/ld+json\" class=\"yoast-schema-graph\">{\"@context\":\"https:\/\/schema.org\",\"@graph\":[{\"@type\":\"WebPage\",\"@id\":\"https:\/\/espak.ee\/epood\/toode\/klaaskiuga-iseliimuv-teip-tesa-60101-45m48mm\/\",\"url\":\"https:\/\/espak.ee\/epood\/toode\/klaaskiuga-iseliimuv-teip-tesa-60101-45m48mm\/\",\"name\":\"KLAASKIUGA ISELIIMUV TEIP TESA 60101 45M*48MM - Espak E-pood\",\"isPartOf\":{\"@id\":\"https:\/\/espak.ee\/epood\/#website\"},\"primaryImageOfPage\":{\"@id\":\"https:\/\/espak.ee\/epood\/toode\/klaaskiuga-iseliimuv-teip-tesa-60101-45m48mm\/#primaryimage\"},\"image\":{\"@id\":\"https:\/\/espak.ee\/epood\/toode\/klaaskiuga-iseliimuv-teip-tesa-60101-45m48mm\/#primaryimage\"},\"thumbnailUrl\":\"https:\/\/espak.ee\/epood\/wp-content\/uploads\/2022\/08\/tesa-4042448295361-60101-00002-li400-left-pa1916613_canvas16x9_18.jpg\",\"datePublished\":\"2022-08-26T01:45:47+00:00\",\"dateModified\":\"2025-04-27T19:20:56+00:00\",\"breadcrumb\":{\"@id\":\"https:\/\/espak.ee\/epood\/toode\/klaaskiuga-iseliimuv-teip-tesa-60101-45m48mm\/#breadcrumb\"},\"inLanguage\":\"et\",\"potentialAction\":[{\"@type\":\"ReadAction\",\"target\":[\"https:\/\/espak.ee\/epood\/toode\/klaaskiuga-iseliimuv-teip-tesa-60101-45m48mm\/\"]}]},{\"@type\":\"ImageObject\",\"inLanguage\":\"et\",\"@id\":\"https:\/\/espak.ee\/epood\/toode\/klaaskiuga-iseliimuv-teip-tesa-60101-45m48mm\/#primaryimage\",\"url\":\"https:\/\/espak.ee\/epood\/wp-content\/uploads\/2022\/08\/tesa-4042448295361-60101-00002-li400-left-pa1916613_canvas16x9_18.jpg\",\"contentUrl\":\"https:\/\/espak.ee\/epood\/wp-content\/uploads\/2022\/08\/tesa-4042448295361-60101-00002-li400-left-pa1916613_canvas16x9_18.jpg\",\"width\":800,\"height\":800},{\"@type\":\"BreadcrumbList\",\"@id\":\"https:\/\/espak.ee\/epood\/toode\/klaaskiuga-iseliimuv-teip-tesa-60101-45m48mm\/#breadcrumb\",\"itemListElement\":[{\"@type\":\"ListItem\",\"position\":1,\"name\":\"Home\",\"item\":\"https:\/\/espak.ee\/epood\/\"},{\"@type\":\"ListItem\",\"position\":2,\"name\":\"Tootevalik\",\"item\":\"https:\/\/espak.ee\/epood\/tootevalik\/\"},{\"@type\":\"ListItem\",\"position\":3,\"name\":\"KLAASKIUGA ISELIIMUV TEIP TESA 60101 45M*48MM\"}]},{\"@type\":\"WebSite\",\"@id\":\"https:\/\/espak.ee\/epood\/#website\",\"url\":\"https:\/\/espak.ee\/epood\/\",\"name\":\"Espak E-pood\",\"description\":\"\",\"potentialAction\":[{\"@type\":\"SearchAction\",\"target\":{\"@type\":\"EntryPoint\",\"urlTemplate\":\"https:\/\/espak.ee\/epood\/?s={search_term_string}\"},\"query-input\":{\"@type\":\"PropertyValueSpecification\",\"valueRequired\":true,\"valueName\":\"search_term_string\"}}],\"inLanguage\":\"et\"}]}<\/script>\n<!-- \/ Yoast SEO plugin. -->","yoast_head_json":{"title":"KLAASKIUGA ISELIIMUV TEIP TESA 60101 45M*48MM - Espak E-pood","robots":{"index":"index","follow":"follow","max-snippet":"max-snippet:-1","max-image-preview":"max-image-preview:large","max-video-preview":"max-video-preview:-1"},"canonical":"https:\/\/espak.ee\/epood\/toode\/klaaskiuga-iseliimuv-teip-tesa-60101-45m48mm\/","og_locale":"et_EE","og_type":"article","og_title":"KLAASKIUGA ISELIIMUV TEIP TESA 60101 45M*48MM - Espak E-pood","og_url":"https:\/\/espak.ee\/epood\/toode\/klaaskiuga-iseliimuv-teip-tesa-60101-45m48mm\/","og_site_name":"Espak E-pood","article_modified_time":"2025-04-27T19:20:56+00:00","og_image":[{"width":800,"height":800,"url":"https:\/\/espak.ee\/epood\/wp-content\/uploads\/2022\/08\/tesa-4042448295361-60101-00002-li400-left-pa1916613_canvas16x9_18.jpg","type":"image\/jpeg"}],"twitter_card":"summary_large_image","twitter_misc":{"Est. reading time":"1 minut"},"schema":{"@context":"https:\/\/schema.org","@graph":[{"@type":"WebPage","@id":"https:\/\/espak.ee\/epood\/toode\/klaaskiuga-iseliimuv-teip-tesa-60101-45m48mm\/","url":"https:\/\/espak.ee\/epood\/toode\/klaaskiuga-iseliimuv-teip-tesa-60101-45m48mm\/","name":"KLAASKIUGA ISELIIMUV TEIP TESA 60101 45M*48MM - Espak E-pood","isPartOf":{"@id":"https:\/\/espak.ee\/epood\/#website"},"primaryImageOfPage":{"@id":"https:\/\/espak.ee\/epood\/toode\/klaaskiuga-iseliimuv-teip-tesa-60101-45m48mm\/#primaryimage"},"image":{"@id":"https:\/\/espak.ee\/epood\/toode\/klaaskiuga-iseliimuv-teip-tesa-60101-45m48mm\/#primaryimage"},"thumbnailUrl":"https:\/\/espak.ee\/epood\/wp-content\/uploads\/2022\/08\/tesa-4042448295361-60101-00002-li400-left-pa1916613_canvas16x9_18.jpg","datePublished":"2022-08-26T01:45:47+00:00","dateModified":"2025-04-27T19:20:56+00:00","breadcrumb":{"@id":"https:\/\/espak.ee\/epood\/toode\/klaaskiuga-iseliimuv-teip-tesa-60101-45m48mm\/#breadcrumb"},"inLanguage":"et","potentialAction":[{"@type":"ReadAction","target":["https:\/\/espak.ee\/epood\/toode\/klaaskiuga-iseliimuv-teip-tesa-60101-45m48mm\/"]}]},{"@type":"ImageObject","inLanguage":"et","@id":"https:\/\/espak.ee\/epood\/toode\/klaaskiuga-iseliimuv-teip-tesa-60101-45m48mm\/#primaryimage","url":"https:\/\/espak.ee\/epood\/wp-content\/uploads\/2022\/08\/tesa-4042448295361-60101-00002-li400-left-pa1916613_canvas16x9_18.jpg","contentUrl":"https:\/\/espak.ee\/epood\/wp-content\/uploads\/2022\/08\/tesa-4042448295361-60101-00002-li400-left-pa1916613_canvas16x9_18.jpg","width":800,"height":800},{"@type":"BreadcrumbList","@id":"https:\/\/espak.ee\/epood\/toode\/klaaskiuga-iseliimuv-teip-tesa-60101-45m48mm\/#breadcrumb","itemListElement":[{"@type":"ListItem","position":1,"name":"Home","item":"https:\/\/espak.ee\/epood\/"},{"@type":"ListItem","position":2,"name":"Tootevalik","item":"https:\/\/espak.ee\/epood\/tootevalik\/"},{"@type":"ListItem","position":3,"name":"KLAASKIUGA ISELIIMUV TEIP TESA 60101 45M*48MM"}]},{"@type":"WebSite","@id":"https:\/\/espak.ee\/epood\/#website","url":"https:\/\/espak.ee\/epood\/","name":"Espak E-pood","description":"","potentialAction":[{"@type":"SearchAction","target":{"@type":"EntryPoint","urlTemplate":"https:\/\/espak.ee\/epood\/?s={search_term_string}"},"query-input":{"@type":"PropertyValueSpecification","valueRequired":true,"valueName":"search_term_string"}}],"inLanguage":"et"}]}},"_links":{"self":[{"href":"https:\/\/espak.ee\/epood\/wp-json\/wp\/v2\/product\/129994","targetHints":{"allow":["GET"]}}],"collection":[{"href":"https:\/\/espak.ee\/epood\/wp-json\/wp\/v2\/product"}],"about":[{"href":"https:\/\/espak.ee\/epood\/wp-json\/wp\/v2\/types\/product"}],"replies":[{"embeddable":true,"href":"https:\/\/espak.ee\/epood\/wp-json\/wp\/v2\/comments?post=129994"}],"wp:featuredmedia":[{"embeddable":true,"href":"https:\/\/espak.ee\/epood\/wp-json\/wp\/v2\/media\/130155"}],"wp:attachment":[{"href":"https:\/\/espak.ee\/epood\/wp-json\/wp\/v2\/media?parent=129994"}],"wp:term":[{"taxonomy":"product_brand","embeddable":true,"href":"https:\/\/espak.ee\/epood\/wp-json\/wp\/v2\/product_brand?post=129994"},{"taxonomy":"product_cat","embeddable":true,"href":"https:\/\/espak.ee\/epood\/wp-json\/wp\/v2\/product_cat?post=129994"},{"taxonomy":"product_tag","embeddable":true,"href":"https:\/\/espak.ee\/epood\/wp-json\/wp\/v2\/product_tag?post=129994"}],"curies":[{"name":"wp","href":"https:\/\/api.w.org\/{rel}","templated":true}]}}