{"id":129981,"date":"2022-08-25T23:03:02","date_gmt":"2022-08-25T23:03:02","guid":{"rendered":"https:\/\/espak.ee\/epood\/?post_type=product&#038;p=129981"},"modified":"2026-02-26T14:11:01","modified_gmt":"2026-02-26T12:11:01","slug":"tekstiiliteip-tesa-4688-25m50mm-valge","status":"publish","type":"product","link":"https:\/\/espak.ee\/epood\/toode\/tekstiiliteip-tesa-4688-25m50mm-valge\/","title":{"rendered":"TEKSTIILITEIP TESA  4688 25M*50MM VALGE"},"content":{"rendered":"<div class=\"row\"  id=\"row-1889634033\">\n\n\t<div id=\"col-397868007\" class=\"col medium-9 small-12 large-9\"  >\n\t\t\t\t<div class=\"col-inner\"  >\n\t\t\t\n\t\t\t\n<h3>Standardne pol\u00fcet\u00fcleenkattega tekstiilteip tesa\u00ae 4688 25m x 50mm valge<\/h3>\n<p>tesa\u00ae 4688 on standardne pol\u00fcet\u00fcleenkattega tekstiilteip. See p\u00f5hineb 55-koe tihedusel kootud PET\/kunstkangast alusmaterjalil, mis on kaetud looduslikust kaut\u0161ukist valmistatud survetundliku liimainega. tesa\u00ae 4688 on tavaline parandusteip, mis sobib oma hea k\u00e4ideldavuse t\u00f5ttu mitmesuguseks kasutuseks.<\/p>\n<p><strong>Peamised rakendused:<\/strong><br \/>\n\u2022 Markeerimine, kinnikatmine, pakendamine, kaitsmine, sulgemine \u2022 Ehituskilede \u00fchendamine \u2022 Pappkastide, plekkpurkide jms sulgemine \u2022 Juhtmete kinnitamine \u2022 Kaablite kimpuk\u00f6itmine \u2022 Kilede j\u00e4tkamine, osade m\u00e4rgistamine hooldust\u00f6\u00f6de ajal tuumaelektrijaamades\n <\/p>\n<div class=\"message-box relative\" style=\"padding-top:15px;padding-bottom:15px;\"><div class=\"message-box-bg-image bg-fill fill\" ><\/div><div class=\"message-box-bg-overlay bg-fill fill\" ><\/div><div class=\"container relative\"><div class=\"inner last-reset\">\n<div class=\"row align-middle align-center\"  id=\"row-1058964127\">\n\n\t<div id=\"col-424357048\" class=\"col small-12 large-12\"  >\n\t\t\t\t<div class=\"col-inner text-left\"  >\n\t\t\t\n\t\t\t\n<h4>Omadused<\/h4>\n<div class=\"row\"  id=\"row-690896744\">\n\n\t<div id=\"col-326087635\" class=\"col medium-6 small-12 large-6\"  >\n\t\t\t\t<div class=\"col-inner\"  >\n\t\t\t\n\t\t\t\n<p><i class=\"fa fa-check fa-2x\"><\/i> <strong> Tugev nakkuvus ka ebatasaste pindadega<br \/>\n<\/strong><\/p>\n<p><i class=\"fa fa-check fa-2x\"><\/i> <strong> Veekindel<\/strong><\/p>\n\t\t<\/div>\n\t\t\t\t\n<style>\n#col-326087635 > .col-inner {\n  margin: 0px 0px 15px 0px;\n}\n<\/style>\n\t<\/div>\n\n\t\n\n\t<div id=\"col-1788784490\" class=\"col medium-6 small-12 large-6\"  >\n\t\t\t\t<div class=\"col-inner\"  >\n\t\t\t\n\t\t\t\n<p><i class=\"fa fa-check fa-2x\"><\/i> <strong> Kergesti lahtirullitav<\/strong><\/p>\n\t\t<\/div>\n\t\t\t\t\n<style>\n#col-1788784490 > .col-inner {\n  margin: 0px 0px 15px 0px;\n}\n<\/style>\n\t<\/div>\n\n\t\n<\/div>\n\t\t<\/div>\n\t\t\t\t\t<\/div>\n\n\t\n<\/div>\n<\/div><\/div><\/div>\n\t<div id=\"gap-1809433714\" class=\"gap-element clearfix\" style=\"display:block; height:auto;\">\n\t\t\n<style>\n#gap-1809433714 {\n  padding-top: 30px;\n}\n<\/style>\n\t<\/div>\n\t\n\t\t<\/div>\n\t\t\t\t\t<\/div>\n\n\t\n\n\t<div id=\"col-1464669036\" class=\"col medium-3 small-12 large-3\"  >\n\t\t\t\t<div class=\"col-inner\"  >\n\t\t\t\n\t\t\t\n<h3>Tehniline informatsioon<\/h3>\n<p><a href=\"https:\/\/espak.ee\/epood\/wp-content\/uploads\/2022\/08\/tesa-4688-et-ee.pdf\"target=\"_blank\" rel=\"noopener noreferrer\"><i class=\"far fa-file-pdf\"><\/i> Tehniline info (PDF)<\/a><\/p>\n<p><strong>\u00dcksikasjalikuma n\u00f5u saamiseks v\u00f5tke \u00fchendust:<br \/><\/strong>tesa tape UAB<br \/>Sepise 1<br \/>11415<br \/>Tallinn<br \/>+372 6401 366<\/p>\n\t\t<\/div>\n\t\t\t\t\t<\/div>\n\n\t\n<\/div>\n","protected":false},"excerpt":{"rendered":"<p>eekindel<\/p>\n","protected":false},"featured_media":130059,"comment_status":"closed","ping_status":"closed","template":"","meta":[],"product_brand":[],"product_cat":[2909,2908,2907,2683],"product_tag":[],"class_list":{"0":"post-129981","1":"product","2":"type-product","3":"status-publish","4":"has-post-thumbnail","6":"product_cat-eriotstarbelised-teibid","7":"product_cat-teibid","8":"product_cat-teibid-ja-armeerimismaterjalid","9":"product_cat-viimistluskaubad","10":"pa_kaubamark-tesa-as","12":"first","13":"instock","14":"sale","15":"taxable","16":"shipping-taxable","17":"purchasable","18":"product-type-simple"},"yoast_head":"<!-- This site is optimized with the Yoast SEO plugin v26.9 - https:\/\/yoast.com\/product\/yoast-seo-wordpress\/ -->\n<title>TEKSTIILITEIP TESA 4688 25M*50MM VALGE - Espak E-pood<\/title>\n<meta name=\"robots\" content=\"index, follow, max-snippet:-1, max-image-preview:large, max-video-preview:-1\" \/>\n<link rel=\"canonical\" href=\"https:\/\/espak.ee\/epood\/toode\/tekstiiliteip-tesa-4688-25m50mm-valge\/\" \/>\n<meta property=\"og:locale\" content=\"et_EE\" \/>\n<meta property=\"og:type\" content=\"article\" \/>\n<meta property=\"og:title\" content=\"TEKSTIILITEIP TESA 4688 25M*50MM VALGE - Espak E-pood\" \/>\n<meta property=\"og:description\" content=\"eekindel\" \/>\n<meta property=\"og:url\" content=\"https:\/\/espak.ee\/epood\/toode\/tekstiiliteip-tesa-4688-25m50mm-valge\/\" \/>\n<meta property=\"og:site_name\" content=\"Espak E-pood\" \/>\n<meta property=\"article:modified_time\" content=\"2026-02-26T12:11:01+00:00\" \/>\n<meta property=\"og:image\" content=\"https:\/\/espak.ee\/epood\/wp-content\/uploads\/2022\/08\/tesa-04688-as-0021917878_canvas1x1_10.jpg\" \/>\n\t<meta property=\"og:image:width\" content=\"800\" \/>\n\t<meta property=\"og:image:height\" content=\"800\" \/>\n\t<meta property=\"og:image:type\" content=\"image\/jpeg\" \/>\n<meta name=\"twitter:card\" content=\"summary_large_image\" \/>\n<meta name=\"twitter:label1\" content=\"Est. reading time\" \/>\n\t<meta name=\"twitter:data1\" content=\"1 minut\" \/>\n<script type=\"application\/ld+json\" class=\"yoast-schema-graph\">{\"@context\":\"https:\/\/schema.org\",\"@graph\":[{\"@type\":\"WebPage\",\"@id\":\"https:\/\/espak.ee\/epood\/toode\/tekstiiliteip-tesa-4688-25m50mm-valge\/\",\"url\":\"https:\/\/espak.ee\/epood\/toode\/tekstiiliteip-tesa-4688-25m50mm-valge\/\",\"name\":\"TEKSTIILITEIP TESA 4688 25M*50MM VALGE - Espak E-pood\",\"isPartOf\":{\"@id\":\"https:\/\/espak.ee\/epood\/#website\"},\"primaryImageOfPage\":{\"@id\":\"https:\/\/espak.ee\/epood\/toode\/tekstiiliteip-tesa-4688-25m50mm-valge\/#primaryimage\"},\"image\":{\"@id\":\"https:\/\/espak.ee\/epood\/toode\/tekstiiliteip-tesa-4688-25m50mm-valge\/#primaryimage\"},\"thumbnailUrl\":\"https:\/\/espak.ee\/epood\/wp-content\/uploads\/2022\/08\/tesa-04688-as-0021917878_canvas1x1_10.jpg\",\"datePublished\":\"2022-08-25T23:03:02+00:00\",\"dateModified\":\"2026-02-26T12:11:01+00:00\",\"breadcrumb\":{\"@id\":\"https:\/\/espak.ee\/epood\/toode\/tekstiiliteip-tesa-4688-25m50mm-valge\/#breadcrumb\"},\"inLanguage\":\"et\",\"potentialAction\":[{\"@type\":\"ReadAction\",\"target\":[\"https:\/\/espak.ee\/epood\/toode\/tekstiiliteip-tesa-4688-25m50mm-valge\/\"]}]},{\"@type\":\"ImageObject\",\"inLanguage\":\"et\",\"@id\":\"https:\/\/espak.ee\/epood\/toode\/tekstiiliteip-tesa-4688-25m50mm-valge\/#primaryimage\",\"url\":\"https:\/\/espak.ee\/epood\/wp-content\/uploads\/2022\/08\/tesa-04688-as-0021917878_canvas1x1_10.jpg\",\"contentUrl\":\"https:\/\/espak.ee\/epood\/wp-content\/uploads\/2022\/08\/tesa-04688-as-0021917878_canvas1x1_10.jpg\",\"width\":800,\"height\":800},{\"@type\":\"BreadcrumbList\",\"@id\":\"https:\/\/espak.ee\/epood\/toode\/tekstiiliteip-tesa-4688-25m50mm-valge\/#breadcrumb\",\"itemListElement\":[{\"@type\":\"ListItem\",\"position\":1,\"name\":\"Home\",\"item\":\"https:\/\/espak.ee\/epood\/\"},{\"@type\":\"ListItem\",\"position\":2,\"name\":\"Tootevalik\",\"item\":\"https:\/\/espak.ee\/epood\/tootevalik\/\"},{\"@type\":\"ListItem\",\"position\":3,\"name\":\"TEKSTIILITEIP TESA 4688 25M*50MM VALGE\"}]},{\"@type\":\"WebSite\",\"@id\":\"https:\/\/espak.ee\/epood\/#website\",\"url\":\"https:\/\/espak.ee\/epood\/\",\"name\":\"Espak E-pood\",\"description\":\"\",\"potentialAction\":[{\"@type\":\"SearchAction\",\"target\":{\"@type\":\"EntryPoint\",\"urlTemplate\":\"https:\/\/espak.ee\/epood\/?s={search_term_string}\"},\"query-input\":{\"@type\":\"PropertyValueSpecification\",\"valueRequired\":true,\"valueName\":\"search_term_string\"}}],\"inLanguage\":\"et\"}]}<\/script>\n<!-- \/ Yoast SEO plugin. -->","yoast_head_json":{"title":"TEKSTIILITEIP TESA 4688 25M*50MM VALGE - Espak E-pood","robots":{"index":"index","follow":"follow","max-snippet":"max-snippet:-1","max-image-preview":"max-image-preview:large","max-video-preview":"max-video-preview:-1"},"canonical":"https:\/\/espak.ee\/epood\/toode\/tekstiiliteip-tesa-4688-25m50mm-valge\/","og_locale":"et_EE","og_type":"article","og_title":"TEKSTIILITEIP TESA 4688 25M*50MM VALGE - Espak E-pood","og_description":"eekindel","og_url":"https:\/\/espak.ee\/epood\/toode\/tekstiiliteip-tesa-4688-25m50mm-valge\/","og_site_name":"Espak E-pood","article_modified_time":"2026-02-26T12:11:01+00:00","og_image":[{"width":800,"height":800,"url":"https:\/\/espak.ee\/epood\/wp-content\/uploads\/2022\/08\/tesa-04688-as-0021917878_canvas1x1_10.jpg","type":"image\/jpeg"}],"twitter_card":"summary_large_image","twitter_misc":{"Est. reading time":"1 minut"},"schema":{"@context":"https:\/\/schema.org","@graph":[{"@type":"WebPage","@id":"https:\/\/espak.ee\/epood\/toode\/tekstiiliteip-tesa-4688-25m50mm-valge\/","url":"https:\/\/espak.ee\/epood\/toode\/tekstiiliteip-tesa-4688-25m50mm-valge\/","name":"TEKSTIILITEIP TESA 4688 25M*50MM VALGE - Espak E-pood","isPartOf":{"@id":"https:\/\/espak.ee\/epood\/#website"},"primaryImageOfPage":{"@id":"https:\/\/espak.ee\/epood\/toode\/tekstiiliteip-tesa-4688-25m50mm-valge\/#primaryimage"},"image":{"@id":"https:\/\/espak.ee\/epood\/toode\/tekstiiliteip-tesa-4688-25m50mm-valge\/#primaryimage"},"thumbnailUrl":"https:\/\/espak.ee\/epood\/wp-content\/uploads\/2022\/08\/tesa-04688-as-0021917878_canvas1x1_10.jpg","datePublished":"2022-08-25T23:03:02+00:00","dateModified":"2026-02-26T12:11:01+00:00","breadcrumb":{"@id":"https:\/\/espak.ee\/epood\/toode\/tekstiiliteip-tesa-4688-25m50mm-valge\/#breadcrumb"},"inLanguage":"et","potentialAction":[{"@type":"ReadAction","target":["https:\/\/espak.ee\/epood\/toode\/tekstiiliteip-tesa-4688-25m50mm-valge\/"]}]},{"@type":"ImageObject","inLanguage":"et","@id":"https:\/\/espak.ee\/epood\/toode\/tekstiiliteip-tesa-4688-25m50mm-valge\/#primaryimage","url":"https:\/\/espak.ee\/epood\/wp-content\/uploads\/2022\/08\/tesa-04688-as-0021917878_canvas1x1_10.jpg","contentUrl":"https:\/\/espak.ee\/epood\/wp-content\/uploads\/2022\/08\/tesa-04688-as-0021917878_canvas1x1_10.jpg","width":800,"height":800},{"@type":"BreadcrumbList","@id":"https:\/\/espak.ee\/epood\/toode\/tekstiiliteip-tesa-4688-25m50mm-valge\/#breadcrumb","itemListElement":[{"@type":"ListItem","position":1,"name":"Home","item":"https:\/\/espak.ee\/epood\/"},{"@type":"ListItem","position":2,"name":"Tootevalik","item":"https:\/\/espak.ee\/epood\/tootevalik\/"},{"@type":"ListItem","position":3,"name":"TEKSTIILITEIP TESA 4688 25M*50MM VALGE"}]},{"@type":"WebSite","@id":"https:\/\/espak.ee\/epood\/#website","url":"https:\/\/espak.ee\/epood\/","name":"Espak E-pood","description":"","potentialAction":[{"@type":"SearchAction","target":{"@type":"EntryPoint","urlTemplate":"https:\/\/espak.ee\/epood\/?s={search_term_string}"},"query-input":{"@type":"PropertyValueSpecification","valueRequired":true,"valueName":"search_term_string"}}],"inLanguage":"et"}]}},"_links":{"self":[{"href":"https:\/\/espak.ee\/epood\/wp-json\/wp\/v2\/product\/129981","targetHints":{"allow":["GET"]}}],"collection":[{"href":"https:\/\/espak.ee\/epood\/wp-json\/wp\/v2\/product"}],"about":[{"href":"https:\/\/espak.ee\/epood\/wp-json\/wp\/v2\/types\/product"}],"replies":[{"embeddable":true,"href":"https:\/\/espak.ee\/epood\/wp-json\/wp\/v2\/comments?post=129981"}],"wp:featuredmedia":[{"embeddable":true,"href":"https:\/\/espak.ee\/epood\/wp-json\/wp\/v2\/media\/130059"}],"wp:attachment":[{"href":"https:\/\/espak.ee\/epood\/wp-json\/wp\/v2\/media?parent=129981"}],"wp:term":[{"taxonomy":"product_brand","embeddable":true,"href":"https:\/\/espak.ee\/epood\/wp-json\/wp\/v2\/product_brand?post=129981"},{"taxonomy":"product_cat","embeddable":true,"href":"https:\/\/espak.ee\/epood\/wp-json\/wp\/v2\/product_cat?post=129981"},{"taxonomy":"product_tag","embeddable":true,"href":"https:\/\/espak.ee\/epood\/wp-json\/wp\/v2\/product_tag?post=129981"}],"curies":[{"name":"wp","href":"https:\/\/api.w.org\/{rel}","templated":true}]}}