{"id":129777,"date":"2022-08-24T06:24:24","date_gmt":"2022-08-24T06:24:24","guid":{"rendered":"https:\/\/espak.ee\/epood\/?post_type=product&#038;p=129777"},"modified":"2025-09-16T11:10:45","modified_gmt":"2025-09-16T08:10:45","slug":"maalriteip-tesa-profesional-allround-mask-4352-50m25mm","status":"publish","type":"product","link":"https:\/\/espak.ee\/epood\/toode\/maalriteip-tesa-profesional-allround-mask-4352-50m25mm\/","title":{"rendered":"MAALRITEIP TESA PROFESIONAL ALLROUND MASK 4352 50M*25MM"},"content":{"rendered":"<div class=\"row\"  id=\"row-94600771\">\n\n\t<div id=\"col-1953191414\" class=\"col medium-9 small-12 large-9\"  >\n\t\t\t\t<div class=\"col-inner\"  >\n\t\t\t\n\t\t\t\n<h3>tesa\u00ae Professional 4352 Allround Mask maalriteip 50m x 25mm<\/h3>\n<p>Maalriteip tesa\u00ae 4352 Allround Mask on k\u00f5rge kvaliteediga teip sise- ja v\u00e4listingimustes tehtavateks maalrit\u00f6\u00f6deks. T\u00e4nu heale liimuvusele ja siledale aluspaberile tagab see teip puhtad ja teravad v\u00e4rvijooned ilma l\u00e4bi imbumiseta. Teip on k\u00e4sitsi rebitav, kleepub h\u00e4sti erinevate pindade k\u00fclge ja seda saab ilma j\u00e4lgi j\u00e4tmata h\u00f5lpsasti eemaldada sisetingimustes kuni \u00fche kuu ja v\u00e4listingimustes kuni kahe n\u00e4dala jooksul. Saavutage kvaliteetsed tulemused ja avaldage klientidele muljet maalriteibiga tesa\u00ae 4352 Allround Mask.\n  <\/p>\n<div class=\"message-box relative\" style=\"padding-top:15px;padding-bottom:15px;\"><div class=\"message-box-bg-image bg-fill fill\" ><\/div><div class=\"message-box-bg-overlay bg-fill fill\" ><\/div><div class=\"container relative\"><div class=\"inner last-reset\">\n<div class=\"row align-middle align-center\"  id=\"row-851798469\">\n\n\t<div id=\"col-1119087422\" class=\"col small-12 large-12\"  >\n\t\t\t\t<div class=\"col-inner text-left\"  >\n\t\t\t\n\t\t\t\n<h4>Omadused<\/h4>\n<div class=\"row\"  id=\"row-2062089548\">\n\n\t<div id=\"col-425168329\" class=\"col medium-6 small-12 large-6\"  >\n\t\t\t\t<div class=\"col-inner\"  >\n\t\t\t\n\t\t\t\n<p><i class=\"fa fa-check fa-2x\"><\/i> <strong> Sobib k\u00f5rget kvaliteeti eeldavate maalrit\u00f6\u00f6de tegemiseks sise- ja v\u00e4listingimustes <\/strong><\/p>\n<p><i class=\"fa fa-check fa-2x\"><\/i> <strong> Sile aluspaber garanteerib sirged ja teravad v\u00e4rvijooned <\/strong><\/p>\n<p><i class=\"fa fa-check fa-2x\"><\/i> <strong> Teip on ilma liimij\u00e4lgedeta eemaldatav kuni \u00fche kuu (sisetingimustes) v\u00f5i kuni kahe n\u00e4dala (v\u00e4listingimustes) jooksul <\/strong><\/p>\n\t\t<\/div>\n\t\t\t\t\n<style>\n#col-425168329 > .col-inner {\n  margin: 0px 0px 15px 0px;\n}\n<\/style>\n\t<\/div>\n\n\t\n\n\t<div id=\"col-2033865804\" class=\"col medium-6 small-12 large-6\"  >\n\t\t\t\t<div class=\"col-inner\"  >\n\t\t\t\n\t\t\t\n<p><i class=\"fa fa-check fa-2x\"><\/i> <strong> Kinnitub h\u00e4sti erinevatele siledatele ja kergelt tekstuuritud pindadele<\/strong><\/p>\n<p><i class=\"fa fa-check fa-2x\"><\/i> <strong> Sobib kasutamiseks k\u00f5ikide v\u00e4rvide ja lakkidega<\/strong><\/p>\n<p><i class=\"fa fa-check fa-2x\"><\/i> <strong> Mugav kasutada ja rebenemiskindel<\/strong><\/p>\n\t\t<\/div>\n\t\t\t\t\n<style>\n#col-2033865804 > .col-inner {\n  margin: 0px 0px 15px 0px;\n}\n<\/style>\n\t<\/div>\n\n\t\n<\/div>\n\t\t<\/div>\n\t\t\t\t\t<\/div>\n\n\t\n<\/div>\n<\/div><\/div><\/div>\n\t<div id=\"gap-964848824\" class=\"gap-element clearfix\" style=\"display:block; height:auto;\">\n\t\t\n<style>\n#gap-964848824 {\n  padding-top: 30px;\n}\n<\/style>\n\t<\/div>\n\t\n\t\t<\/div>\n\t\t\t\t\t<\/div>\n\n\t\n\n\t<div id=\"col-1310100967\" class=\"col medium-3 small-12 large-3\"  >\n\t\t\t\t<div class=\"col-inner\"  >\n\t\t\t\n\t\t\t\n<p><strong>\u00dcksikasjalikuma n\u00f5u saamiseks v\u00f5tke \u00fchendust:<br \/><\/strong>tesa tape UAB<br \/>Sepise 1<br \/>11415<br \/>Tallinn<br \/>+372 6401 366<\/p>\n<div class=\"is-divider divider clearfix\" ><\/div>\n\t\t<\/div>\n\t\t\t\t\t<\/div>\n\n\t\n<\/div>\n","protected":false},"excerpt":{"rendered":"","protected":false},"featured_media":129933,"comment_status":"closed","ping_status":"closed","template":"","meta":[],"product_brand":[],"product_cat":[2909,2908,2907,2683],"product_tag":[],"class_list":{"0":"post-129777","1":"product","2":"type-product","3":"status-publish","4":"has-post-thumbnail","6":"product_cat-eriotstarbelised-teibid","7":"product_cat-teibid","8":"product_cat-teibid-ja-armeerimismaterjalid","9":"product_cat-viimistluskaubad","11":"first","12":"instock","13":"sale","14":"taxable","15":"shipping-taxable","16":"purchasable","17":"product-type-simple"},"yoast_head":"<!-- This site is optimized with the Yoast SEO plugin v26.9 - https:\/\/yoast.com\/product\/yoast-seo-wordpress\/ -->\n<title>MAALRITEIP TESA PROFESIONAL ALLROUND MASK 4352 50M*25MM - Espak E-pood<\/title>\n<meta name=\"robots\" content=\"index, follow, max-snippet:-1, max-image-preview:large, max-video-preview:-1\" \/>\n<link rel=\"canonical\" href=\"https:\/\/espak.ee\/epood\/toode\/maalriteip-tesa-profesional-allround-mask-4352-50m25mm\/\" \/>\n<meta property=\"og:locale\" content=\"et_EE\" \/>\n<meta property=\"og:type\" content=\"article\" \/>\n<meta property=\"og:title\" content=\"MAALRITEIP TESA PROFESIONAL ALLROUND MASK 4352 50M*25MM - Espak E-pood\" \/>\n<meta property=\"og:url\" content=\"https:\/\/espak.ee\/epood\/toode\/maalriteip-tesa-profesional-allround-mask-4352-50m25mm\/\" \/>\n<meta property=\"og:site_name\" content=\"Espak E-pood\" \/>\n<meta property=\"article:modified_time\" content=\"2025-09-16T08:10:45+00:00\" \/>\n<meta property=\"og:image\" content=\"https:\/\/espak.ee\/epood\/wp-content\/uploads\/2022\/08\/tesa-4063565108105-04352-00001-li401-front-pa9762562_canvas16x9_6.jpg\" \/>\n\t<meta property=\"og:image:width\" content=\"800\" \/>\n\t<meta property=\"og:image:height\" content=\"800\" \/>\n\t<meta property=\"og:image:type\" content=\"image\/jpeg\" \/>\n<meta name=\"twitter:card\" content=\"summary_large_image\" \/>\n<meta name=\"twitter:label1\" content=\"Est. reading time\" \/>\n\t<meta name=\"twitter:data1\" content=\"1 minut\" \/>\n<script type=\"application\/ld+json\" class=\"yoast-schema-graph\">{\"@context\":\"https:\/\/schema.org\",\"@graph\":[{\"@type\":\"WebPage\",\"@id\":\"https:\/\/espak.ee\/epood\/toode\/maalriteip-tesa-profesional-allround-mask-4352-50m25mm\/\",\"url\":\"https:\/\/espak.ee\/epood\/toode\/maalriteip-tesa-profesional-allround-mask-4352-50m25mm\/\",\"name\":\"MAALRITEIP TESA PROFESIONAL ALLROUND MASK 4352 50M*25MM - Espak E-pood\",\"isPartOf\":{\"@id\":\"https:\/\/espak.ee\/epood\/#website\"},\"primaryImageOfPage\":{\"@id\":\"https:\/\/espak.ee\/epood\/toode\/maalriteip-tesa-profesional-allround-mask-4352-50m25mm\/#primaryimage\"},\"image\":{\"@id\":\"https:\/\/espak.ee\/epood\/toode\/maalriteip-tesa-profesional-allround-mask-4352-50m25mm\/#primaryimage\"},\"thumbnailUrl\":\"https:\/\/espak.ee\/epood\/wp-content\/uploads\/2022\/08\/tesa-4063565108105-04352-00001-li401-front-pa9762562_canvas16x9_6.jpg\",\"datePublished\":\"2022-08-24T06:24:24+00:00\",\"dateModified\":\"2025-09-16T08:10:45+00:00\",\"breadcrumb\":{\"@id\":\"https:\/\/espak.ee\/epood\/toode\/maalriteip-tesa-profesional-allround-mask-4352-50m25mm\/#breadcrumb\"},\"inLanguage\":\"et\",\"potentialAction\":[{\"@type\":\"ReadAction\",\"target\":[\"https:\/\/espak.ee\/epood\/toode\/maalriteip-tesa-profesional-allround-mask-4352-50m25mm\/\"]}]},{\"@type\":\"ImageObject\",\"inLanguage\":\"et\",\"@id\":\"https:\/\/espak.ee\/epood\/toode\/maalriteip-tesa-profesional-allround-mask-4352-50m25mm\/#primaryimage\",\"url\":\"https:\/\/espak.ee\/epood\/wp-content\/uploads\/2022\/08\/tesa-4063565108105-04352-00001-li401-front-pa9762562_canvas16x9_6.jpg\",\"contentUrl\":\"https:\/\/espak.ee\/epood\/wp-content\/uploads\/2022\/08\/tesa-4063565108105-04352-00001-li401-front-pa9762562_canvas16x9_6.jpg\",\"width\":800,\"height\":800},{\"@type\":\"BreadcrumbList\",\"@id\":\"https:\/\/espak.ee\/epood\/toode\/maalriteip-tesa-profesional-allround-mask-4352-50m25mm\/#breadcrumb\",\"itemListElement\":[{\"@type\":\"ListItem\",\"position\":1,\"name\":\"Home\",\"item\":\"https:\/\/espak.ee\/epood\/\"},{\"@type\":\"ListItem\",\"position\":2,\"name\":\"Tootevalik\",\"item\":\"https:\/\/espak.ee\/epood\/tootevalik\/\"},{\"@type\":\"ListItem\",\"position\":3,\"name\":\"MAALRITEIP TESA PROFESIONAL ALLROUND MASK 4352 50M*25MM\"}]},{\"@type\":\"WebSite\",\"@id\":\"https:\/\/espak.ee\/epood\/#website\",\"url\":\"https:\/\/espak.ee\/epood\/\",\"name\":\"Espak E-pood\",\"description\":\"\",\"potentialAction\":[{\"@type\":\"SearchAction\",\"target\":{\"@type\":\"EntryPoint\",\"urlTemplate\":\"https:\/\/espak.ee\/epood\/?s={search_term_string}\"},\"query-input\":{\"@type\":\"PropertyValueSpecification\",\"valueRequired\":true,\"valueName\":\"search_term_string\"}}],\"inLanguage\":\"et\"}]}<\/script>\n<!-- \/ Yoast SEO plugin. -->","yoast_head_json":{"title":"MAALRITEIP TESA PROFESIONAL ALLROUND MASK 4352 50M*25MM - Espak E-pood","robots":{"index":"index","follow":"follow","max-snippet":"max-snippet:-1","max-image-preview":"max-image-preview:large","max-video-preview":"max-video-preview:-1"},"canonical":"https:\/\/espak.ee\/epood\/toode\/maalriteip-tesa-profesional-allround-mask-4352-50m25mm\/","og_locale":"et_EE","og_type":"article","og_title":"MAALRITEIP TESA PROFESIONAL ALLROUND MASK 4352 50M*25MM - Espak E-pood","og_url":"https:\/\/espak.ee\/epood\/toode\/maalriteip-tesa-profesional-allround-mask-4352-50m25mm\/","og_site_name":"Espak E-pood","article_modified_time":"2025-09-16T08:10:45+00:00","og_image":[{"width":800,"height":800,"url":"https:\/\/espak.ee\/epood\/wp-content\/uploads\/2022\/08\/tesa-4063565108105-04352-00001-li401-front-pa9762562_canvas16x9_6.jpg","type":"image\/jpeg"}],"twitter_card":"summary_large_image","twitter_misc":{"Est. reading time":"1 minut"},"schema":{"@context":"https:\/\/schema.org","@graph":[{"@type":"WebPage","@id":"https:\/\/espak.ee\/epood\/toode\/maalriteip-tesa-profesional-allround-mask-4352-50m25mm\/","url":"https:\/\/espak.ee\/epood\/toode\/maalriteip-tesa-profesional-allround-mask-4352-50m25mm\/","name":"MAALRITEIP TESA PROFESIONAL ALLROUND MASK 4352 50M*25MM - Espak E-pood","isPartOf":{"@id":"https:\/\/espak.ee\/epood\/#website"},"primaryImageOfPage":{"@id":"https:\/\/espak.ee\/epood\/toode\/maalriteip-tesa-profesional-allround-mask-4352-50m25mm\/#primaryimage"},"image":{"@id":"https:\/\/espak.ee\/epood\/toode\/maalriteip-tesa-profesional-allround-mask-4352-50m25mm\/#primaryimage"},"thumbnailUrl":"https:\/\/espak.ee\/epood\/wp-content\/uploads\/2022\/08\/tesa-4063565108105-04352-00001-li401-front-pa9762562_canvas16x9_6.jpg","datePublished":"2022-08-24T06:24:24+00:00","dateModified":"2025-09-16T08:10:45+00:00","breadcrumb":{"@id":"https:\/\/espak.ee\/epood\/toode\/maalriteip-tesa-profesional-allround-mask-4352-50m25mm\/#breadcrumb"},"inLanguage":"et","potentialAction":[{"@type":"ReadAction","target":["https:\/\/espak.ee\/epood\/toode\/maalriteip-tesa-profesional-allround-mask-4352-50m25mm\/"]}]},{"@type":"ImageObject","inLanguage":"et","@id":"https:\/\/espak.ee\/epood\/toode\/maalriteip-tesa-profesional-allround-mask-4352-50m25mm\/#primaryimage","url":"https:\/\/espak.ee\/epood\/wp-content\/uploads\/2022\/08\/tesa-4063565108105-04352-00001-li401-front-pa9762562_canvas16x9_6.jpg","contentUrl":"https:\/\/espak.ee\/epood\/wp-content\/uploads\/2022\/08\/tesa-4063565108105-04352-00001-li401-front-pa9762562_canvas16x9_6.jpg","width":800,"height":800},{"@type":"BreadcrumbList","@id":"https:\/\/espak.ee\/epood\/toode\/maalriteip-tesa-profesional-allround-mask-4352-50m25mm\/#breadcrumb","itemListElement":[{"@type":"ListItem","position":1,"name":"Home","item":"https:\/\/espak.ee\/epood\/"},{"@type":"ListItem","position":2,"name":"Tootevalik","item":"https:\/\/espak.ee\/epood\/tootevalik\/"},{"@type":"ListItem","position":3,"name":"MAALRITEIP TESA PROFESIONAL ALLROUND MASK 4352 50M*25MM"}]},{"@type":"WebSite","@id":"https:\/\/espak.ee\/epood\/#website","url":"https:\/\/espak.ee\/epood\/","name":"Espak E-pood","description":"","potentialAction":[{"@type":"SearchAction","target":{"@type":"EntryPoint","urlTemplate":"https:\/\/espak.ee\/epood\/?s={search_term_string}"},"query-input":{"@type":"PropertyValueSpecification","valueRequired":true,"valueName":"search_term_string"}}],"inLanguage":"et"}]}},"_links":{"self":[{"href":"https:\/\/espak.ee\/epood\/wp-json\/wp\/v2\/product\/129777","targetHints":{"allow":["GET"]}}],"collection":[{"href":"https:\/\/espak.ee\/epood\/wp-json\/wp\/v2\/product"}],"about":[{"href":"https:\/\/espak.ee\/epood\/wp-json\/wp\/v2\/types\/product"}],"replies":[{"embeddable":true,"href":"https:\/\/espak.ee\/epood\/wp-json\/wp\/v2\/comments?post=129777"}],"wp:featuredmedia":[{"embeddable":true,"href":"https:\/\/espak.ee\/epood\/wp-json\/wp\/v2\/media\/129933"}],"wp:attachment":[{"href":"https:\/\/espak.ee\/epood\/wp-json\/wp\/v2\/media?parent=129777"}],"wp:term":[{"taxonomy":"product_brand","embeddable":true,"href":"https:\/\/espak.ee\/epood\/wp-json\/wp\/v2\/product_brand?post=129777"},{"taxonomy":"product_cat","embeddable":true,"href":"https:\/\/espak.ee\/epood\/wp-json\/wp\/v2\/product_cat?post=129777"},{"taxonomy":"product_tag","embeddable":true,"href":"https:\/\/espak.ee\/epood\/wp-json\/wp\/v2\/product_tag?post=129777"}],"curies":[{"name":"wp","href":"https:\/\/api.w.org\/{rel}","templated":true}]}}